{"id":6736,"date":"2026-04-27T13:56:51","date_gmt":"2026-04-27T13:56:51","guid":{"rendered":""},"modified":"2026-04-27T13:56:51","modified_gmt":"2026-04-27T13:56:51","slug":"scheppach-dp-60-stojanova-vrtacka-s-krizovym-laserem-led-osvetleni-akcni-nabidka-6736","status":"publish","type":"product","link":"https:\/\/www.koupeltech.com\/index.php\/produkt\/scheppach-dp-60-stojanova-vrtacka-s-krizovym-laserem-led-osvetleni-akcni-nabidka-6736\/","title":{"rendered":"Scheppach DP 60 stojanov\u00e1 vrta\u010dka s k\u0159\u00ed\u017eov\u00fdm laserem \/ LED osv\u011btlen\u00ed Ak\u010dn\u00ed Nab\u00eddka"},"content":{"rendered":"<table>\n<div class=\"tab-pane active product-description\" id=\"popis\" role=\"tabpanel\">\n<div class=\"short-description\" itemprop=\"description\"><\/div>\n<div class=\"description\">\n<p>Scheppach DP 60 p\u0159edstavuje modern\u00ed a u\u017eivatelsky p\u0159\u00edv\u011btiv\u00e9 pojet\u00ed stojanov\u00e9 vrta\u010dky vhodn\u00e9 do ka\u017ed\u00e9 dom\u00e1c\u00ed d\u00edlny. Stroj je d\u00edky pou\u017eit\u00ed profesion\u00e1ln\u00edch komponent\u016f velmi p\u0159esn\u00fd a intuitivn\u011b se ovl\u00e1d\u00e1. D\u00edky siln\u00e9mu motoru, dvoustup\u0148ov\u00e9 p\u0159evodovce (1 stupe\u0148, pokud pot\u0159ebujete velkou s\u00edlu a 2 stupe\u0148, pokud pot\u0159ebujete vysok\u00e9 ot\u00e1\u010dky) a plynul\u00e9mu elektronick\u00e9mu nastaven\u00ed rychlosti ot\u00e1\u010dek, si v\u017edy zvol\u00edte ide\u00e1ln\u00ed parametry vrt\u00e1n\u00ed. Velk\u00fd displej zobrazuje jednak hodnotu nastaven\u00ed ot\u00e1\u010dek a rovn\u011b\u017e hloubku vrt\u00e1n\u00ed. Spolu s nastavitelnou hloubkovou zar\u00e1\u017ekou tak m\u016f\u017eete vrtat libovoln\u00fd po\u010det stejn\u011b hlubok\u00fdch d\u011br. P\u0159esnost pr\u00e1ce v\u00e1m zv\u00fd\u0161\u00ed i p\u0159esn\u00fd k\u0159\u00ed\u017eov\u00fd laser, LED osv\u011btlen\u00ed pracovn\u00edho prostoru, velk\u00e9 oto\u010dn\u00e9 madlo (lze namontovat z obou stran pro prav\u00e1ky i lev\u00e1ky) s m\u011bk\u010denou protiskluzovou \u00fapravou a profesion\u00e1ln\u00ed rychloup\u00ednac\u00ed skl\u00ed\u010didlo s automatick\u00fdm utahov\u00e1n\u00edm vrt\u00e1ku. Pracovn\u00ed st\u016fl je jednak vybaven rychloup\u00ednac\u00ed svorkou, kter\u00e1 umo\u017e\u0148uje sev\u0159\u00edt i kruhov\u00e9 obrobky a d\u00e1le dr\u00e1\u017ekami, do kter\u00fdch lze upnout p\u0159\u00edslu\u0161enstv\u00ed, jako nap\u0159\u00edklad standardn\u011b dod\u00e1van\u00e9 paraleln\u00ed vod\u00edtko. Stroj samoz\u0159ejm\u011b spl\u0148uje posledn\u00ed po\u017eadavky evropsk\u00e9 unie na bezpe\u010dnost, jako je nap\u0159. hlavn\u00ed vyp\u00edna\u010d um\u00edst\u011bn\u00fd na \u010dele stroje, pr\u016fhledn\u00fd kryt skl\u00ed\u010didla ap. Stroj je um\u00edst\u011bn na stabiln\u00edm podstavci s mo\u017enost\u00ed pevn\u00e9ho uchycen\u00ed \u0161rouby k pracovn\u00ed desce. Variabiln\u00ed rychlost Laser Pracovn\u00ed sv\u011btlo Digit\u00e1ln\u00ed zobrazen\u00ed rychlosti a hloubky vrt\u00e1n\u00ed<\/p>\n<\/div>\n<div class=\"parameters\">\n<tr>\n<td>Typ motoru<\/td>\n<td>230V, 50Hz<\/td>\n<\/tr>\n<tr>\n<td>P\u0159\u00edkon  (W):<\/td>\n<td>710<\/td>\n<\/tr>\n<tr>\n<td>Ot\u00e1\u010dky  (ot\/min):<\/td>\n<td>variabiln\u00ed, 170\u2013880 \/ 490-2600<\/td>\n<\/tr>\n<tr>\n<td>Rozm\u011br stolu  (mm):<\/td>\n<td>350 x 300 x 30<\/td>\n<\/tr>\n<tr>\n<td>Skl\u00ed\u010didlo<\/td>\n<td>rychloup\u00ednac\u00ed, 1,5 -13 mm<\/td>\n<\/tr>\n<tr>\n<td>Zdvih  (mm):<\/td>\n<td>100<\/td>\n<\/tr>\n<tr>\n<td>Vzd\u00e1lenost skl\u00ed\u010didlo-z\u00e1kladna  (mm):<\/td>\n<td>280<\/td>\n<\/tr>\n<tr>\n<td>Vrt\u00e1n\u00ed do d\u0159eva  (mm):<\/td>\n<td>40<\/td>\n<\/tr>\n<tr>\n<td>Vrt\u00e1n\u00ed do oceli  (mm):<\/td>\n<td>13<\/td>\n<\/tr>\n<tr>\n<td>V\u00e1ha:<\/td>\n<td>8,20 kg<\/td>\n<\/tr><\/div>\n<\/table>\n","protected":false},"excerpt":{"rendered":"<p>Scheppach DP 60 p\u0159edstavuje modern\u00ed a u\u017eivatelsky p\u0159\u00edv\u011btiv\u00e9 pojet\u00ed stojanov\u00e9 vrta\u010dky vhodn\u00e9 do ka\u017ed\u00e9 dom\u00e1c\u00ed d\u00edlny. Stroj je d\u00edky pou\u017eit\u00ed profesion\u00e1ln\u00edch komponent\u016f velmi p\u0159esn\u00fd a intuitivn\u011b se ovl\u00e1d\u00e1. D\u00edky siln\u00e9mu motoru, dvoustup\u0148ov\u00e9 p\u0159evodovce (1 stupe\u0148, pokud pot\u0159ebujete velkou s\u00edlu a 2 stupe\u0148, pokud pot\u0159ebujete vysok\u00e9 ot\u00e1\u010dky) a plynul\u00e9mu elektronick\u00e9mu nastaven\u00ed rychlosti ot\u00e1\u010dek, si v\u017edy zvol\u00edte [&hellip;]<\/p>\n","protected":false},"featured_media":6836,"comment_status":"open","ping_status":"open","template":"","meta":[],"product_brand":[],"product_cat":[47],"product_tag":[],"class_list":{"0":"post-6736","1":"product","2":"type-product","3":"status-publish","4":"has-post-thumbnail","6":"product_cat-stroje","8":"first","9":"instock","10":"sale","11":"shipping-taxable","12":"purchasable","13":"product-type-simple"},"yoast_head":"<!-- This site is optimized with the Yoast SEO plugin v26.8 - https:\/\/yoast.com\/product\/yoast-seo-wordpress\/ -->\n<title>Scheppach DP 60 stojanov\u00e1 vrta\u010dka s k\u0159\u00ed\u017eov\u00fdm laserem \/ LED osv\u011btlen\u00ed Ak\u010dn\u00ed Nab\u00eddka -<\/title>\n<meta name=\"robots\" content=\"index, follow, max-snippet:-1, max-image-preview:large, max-video-preview:-1\" \/>\n<link rel=\"canonical\" href=\"https:\/\/www.koupeltech.com\/index.php\/produkt\/scheppach-dp-60-stojanova-vrtacka-s-krizovym-laserem-led-osvetleni-akcni-nabidka-6736\/\" \/>\n<meta property=\"og:locale\" content=\"cs_CZ\" \/>\n<meta property=\"og:type\" content=\"article\" \/>\n<meta property=\"og:title\" content=\"Scheppach DP 60 stojanov\u00e1 vrta\u010dka s k\u0159\u00ed\u017eov\u00fdm laserem \/ LED osv\u011btlen\u00ed Ak\u010dn\u00ed Nab\u00eddka -\" \/>\n<meta property=\"og:description\" content=\"Scheppach DP 60 p\u0159edstavuje modern\u00ed a u\u017eivatelsky p\u0159\u00edv\u011btiv\u00e9 pojet\u00ed stojanov\u00e9 vrta\u010dky vhodn\u00e9 do ka\u017ed\u00e9 dom\u00e1c\u00ed d\u00edlny. Stroj je d\u00edky pou\u017eit\u00ed profesion\u00e1ln\u00edch komponent\u016f velmi p\u0159esn\u00fd a intuitivn\u011b se ovl\u00e1d\u00e1. D\u00edky siln\u00e9mu motoru, dvoustup\u0148ov\u00e9 p\u0159evodovce (1 stupe\u0148, pokud pot\u0159ebujete velkou s\u00edlu a 2 stupe\u0148, pokud pot\u0159ebujete vysok\u00e9 ot\u00e1\u010dky) a plynul\u00e9mu elektronick\u00e9mu nastaven\u00ed rychlosti ot\u00e1\u010dek, si v\u017edy zvol\u00edte [&hellip;]\" \/>\n<meta property=\"og:url\" content=\"https:\/\/www.koupeltech.com\/index.php\/produkt\/scheppach-dp-60-stojanova-vrtacka-s-krizovym-laserem-led-osvetleni-akcni-nabidka-6736\/\" \/>\n<meta property=\"og:image\" content=\"https:\/\/www.koupeltech.com\/wp-content\/uploads\/2026\/SK0022492-CZ20260425-092328-0-1777080210-dp60_5906821901.jpg-max-width-1200-height-1200.webp\" \/>\n\t<meta property=\"og:image:width\" content=\"700\" \/>\n\t<meta property=\"og:image:height\" content=\"700\" \/>\n\t<meta property=\"og:image:type\" content=\"image\/webp\" \/>\n<meta name=\"twitter:card\" content=\"summary_large_image\" \/>\n<meta name=\"twitter:label1\" content=\"Odhadovan\u00e1 doba \u010dten\u00ed\" \/>\n\t<meta name=\"twitter:data1\" content=\"2 minuty\" \/>\n<script type=\"application\/ld+json\" class=\"yoast-schema-graph\">{\"@context\":\"https:\/\/schema.org\",\"@graph\":[{\"@type\":\"WebPage\",\"@id\":\"https:\/\/www.koupeltech.com\/index.php\/produkt\/scheppach-dp-60-stojanova-vrtacka-s-krizovym-laserem-led-osvetleni-akcni-nabidka-6736\/\",\"url\":\"https:\/\/www.koupeltech.com\/index.php\/produkt\/scheppach-dp-60-stojanova-vrtacka-s-krizovym-laserem-led-osvetleni-akcni-nabidka-6736\/\",\"name\":\"Scheppach DP 60 stojanov\u00e1 vrta\u010dka s k\u0159\u00ed\u017eov\u00fdm laserem \/ LED osv\u011btlen\u00ed Ak\u010dn\u00ed Nab\u00eddka -\",\"isPartOf\":{\"@id\":\"https:\/\/www.koupeltech.com\/#website\"},\"primaryImageOfPage\":{\"@id\":\"https:\/\/www.koupeltech.com\/index.php\/produkt\/scheppach-dp-60-stojanova-vrtacka-s-krizovym-laserem-led-osvetleni-akcni-nabidka-6736\/#primaryimage\"},\"image\":{\"@id\":\"https:\/\/www.koupeltech.com\/index.php\/produkt\/scheppach-dp-60-stojanova-vrtacka-s-krizovym-laserem-led-osvetleni-akcni-nabidka-6736\/#primaryimage\"},\"thumbnailUrl\":\"https:\/\/www.koupeltech.com\/wp-content\/uploads\/2026\/SK0022492-CZ20260425-092328-0-1777080210-dp60_5906821901.jpg-max-width-1200-height-1200.webp\",\"datePublished\":\"2026-04-27T13:56:51+00:00\",\"breadcrumb\":{\"@id\":\"https:\/\/www.koupeltech.com\/index.php\/produkt\/scheppach-dp-60-stojanova-vrtacka-s-krizovym-laserem-led-osvetleni-akcni-nabidka-6736\/#breadcrumb\"},\"inLanguage\":\"cs\",\"potentialAction\":[{\"@type\":\"ReadAction\",\"target\":[\"https:\/\/www.koupeltech.com\/index.php\/produkt\/scheppach-dp-60-stojanova-vrtacka-s-krizovym-laserem-led-osvetleni-akcni-nabidka-6736\/\"]}]},{\"@type\":\"ImageObject\",\"inLanguage\":\"cs\",\"@id\":\"https:\/\/www.koupeltech.com\/index.php\/produkt\/scheppach-dp-60-stojanova-vrtacka-s-krizovym-laserem-led-osvetleni-akcni-nabidka-6736\/#primaryimage\",\"url\":\"https:\/\/www.koupeltech.com\/wp-content\/uploads\/2026\/SK0022492-CZ20260425-092328-0-1777080210-dp60_5906821901.jpg-max-width-1200-height-1200.webp\",\"contentUrl\":\"https:\/\/www.koupeltech.com\/wp-content\/uploads\/2026\/SK0022492-CZ20260425-092328-0-1777080210-dp60_5906821901.jpg-max-width-1200-height-1200.webp\",\"width\":700,\"height\":700},{\"@type\":\"BreadcrumbList\",\"@id\":\"https:\/\/www.koupeltech.com\/index.php\/produkt\/scheppach-dp-60-stojanova-vrtacka-s-krizovym-laserem-led-osvetleni-akcni-nabidka-6736\/#breadcrumb\",\"itemListElement\":[{\"@type\":\"ListItem\",\"position\":1,\"name\":\"Home\",\"item\":\"https:\/\/www.koupeltech.com\/\"},{\"@type\":\"ListItem\",\"position\":2,\"name\":\"Products\",\"item\":\"https:\/\/www.koupeltech.com\/index.php\/products\/\"},{\"@type\":\"ListItem\",\"position\":3,\"name\":\"Scheppach DP 60 stojanov\u00e1 vrta\u010dka s k\u0159\u00ed\u017eov\u00fdm laserem \/ LED osv\u011btlen\u00ed Ak\u010dn\u00ed Nab\u00eddka\"}]},{\"@type\":\"WebSite\",\"@id\":\"https:\/\/www.koupeltech.com\/#website\",\"url\":\"https:\/\/www.koupeltech.com\/\",\"name\":\"\",\"description\":\"\",\"potentialAction\":[{\"@type\":\"SearchAction\",\"target\":{\"@type\":\"EntryPoint\",\"urlTemplate\":\"https:\/\/www.koupeltech.com\/?s={search_term_string}\"},\"query-input\":{\"@type\":\"PropertyValueSpecification\",\"valueRequired\":true,\"valueName\":\"search_term_string\"}}],\"inLanguage\":\"cs\"}]}<\/script>\n<!-- \/ Yoast SEO plugin. -->","yoast_head_json":{"title":"Scheppach DP 60 stojanov\u00e1 vrta\u010dka s k\u0159\u00ed\u017eov\u00fdm laserem \/ LED osv\u011btlen\u00ed Ak\u010dn\u00ed Nab\u00eddka -","robots":{"index":"index","follow":"follow","max-snippet":"max-snippet:-1","max-image-preview":"max-image-preview:large","max-video-preview":"max-video-preview:-1"},"canonical":"https:\/\/www.koupeltech.com\/index.php\/produkt\/scheppach-dp-60-stojanova-vrtacka-s-krizovym-laserem-led-osvetleni-akcni-nabidka-6736\/","og_locale":"cs_CZ","og_type":"article","og_title":"Scheppach DP 60 stojanov\u00e1 vrta\u010dka s k\u0159\u00ed\u017eov\u00fdm laserem \/ LED osv\u011btlen\u00ed Ak\u010dn\u00ed Nab\u00eddka -","og_description":"Scheppach DP 60 p\u0159edstavuje modern\u00ed a u\u017eivatelsky p\u0159\u00edv\u011btiv\u00e9 pojet\u00ed stojanov\u00e9 vrta\u010dky vhodn\u00e9 do ka\u017ed\u00e9 dom\u00e1c\u00ed d\u00edlny. Stroj je d\u00edky pou\u017eit\u00ed profesion\u00e1ln\u00edch komponent\u016f velmi p\u0159esn\u00fd a intuitivn\u011b se ovl\u00e1d\u00e1. D\u00edky siln\u00e9mu motoru, dvoustup\u0148ov\u00e9 p\u0159evodovce (1 stupe\u0148, pokud pot\u0159ebujete velkou s\u00edlu a 2 stupe\u0148, pokud pot\u0159ebujete vysok\u00e9 ot\u00e1\u010dky) a plynul\u00e9mu elektronick\u00e9mu nastaven\u00ed rychlosti ot\u00e1\u010dek, si v\u017edy zvol\u00edte [&hellip;]","og_url":"https:\/\/www.koupeltech.com\/index.php\/produkt\/scheppach-dp-60-stojanova-vrtacka-s-krizovym-laserem-led-osvetleni-akcni-nabidka-6736\/","og_image":[{"width":700,"height":700,"url":"https:\/\/www.koupeltech.com\/wp-content\/uploads\/2026\/SK0022492-CZ20260425-092328-0-1777080210-dp60_5906821901.jpg-max-width-1200-height-1200.webp","type":"image\/webp"}],"twitter_card":"summary_large_image","twitter_misc":{"Odhadovan\u00e1 doba \u010dten\u00ed":"2 minuty"},"schema":{"@context":"https:\/\/schema.org","@graph":[{"@type":"WebPage","@id":"https:\/\/www.koupeltech.com\/index.php\/produkt\/scheppach-dp-60-stojanova-vrtacka-s-krizovym-laserem-led-osvetleni-akcni-nabidka-6736\/","url":"https:\/\/www.koupeltech.com\/index.php\/produkt\/scheppach-dp-60-stojanova-vrtacka-s-krizovym-laserem-led-osvetleni-akcni-nabidka-6736\/","name":"Scheppach DP 60 stojanov\u00e1 vrta\u010dka s k\u0159\u00ed\u017eov\u00fdm laserem \/ LED osv\u011btlen\u00ed Ak\u010dn\u00ed Nab\u00eddka -","isPartOf":{"@id":"https:\/\/www.koupeltech.com\/#website"},"primaryImageOfPage":{"@id":"https:\/\/www.koupeltech.com\/index.php\/produkt\/scheppach-dp-60-stojanova-vrtacka-s-krizovym-laserem-led-osvetleni-akcni-nabidka-6736\/#primaryimage"},"image":{"@id":"https:\/\/www.koupeltech.com\/index.php\/produkt\/scheppach-dp-60-stojanova-vrtacka-s-krizovym-laserem-led-osvetleni-akcni-nabidka-6736\/#primaryimage"},"thumbnailUrl":"https:\/\/www.koupeltech.com\/wp-content\/uploads\/2026\/SK0022492-CZ20260425-092328-0-1777080210-dp60_5906821901.jpg-max-width-1200-height-1200.webp","datePublished":"2026-04-27T13:56:51+00:00","breadcrumb":{"@id":"https:\/\/www.koupeltech.com\/index.php\/produkt\/scheppach-dp-60-stojanova-vrtacka-s-krizovym-laserem-led-osvetleni-akcni-nabidka-6736\/#breadcrumb"},"inLanguage":"cs","potentialAction":[{"@type":"ReadAction","target":["https:\/\/www.koupeltech.com\/index.php\/produkt\/scheppach-dp-60-stojanova-vrtacka-s-krizovym-laserem-led-osvetleni-akcni-nabidka-6736\/"]}]},{"@type":"ImageObject","inLanguage":"cs","@id":"https:\/\/www.koupeltech.com\/index.php\/produkt\/scheppach-dp-60-stojanova-vrtacka-s-krizovym-laserem-led-osvetleni-akcni-nabidka-6736\/#primaryimage","url":"https:\/\/www.koupeltech.com\/wp-content\/uploads\/2026\/SK0022492-CZ20260425-092328-0-1777080210-dp60_5906821901.jpg-max-width-1200-height-1200.webp","contentUrl":"https:\/\/www.koupeltech.com\/wp-content\/uploads\/2026\/SK0022492-CZ20260425-092328-0-1777080210-dp60_5906821901.jpg-max-width-1200-height-1200.webp","width":700,"height":700},{"@type":"BreadcrumbList","@id":"https:\/\/www.koupeltech.com\/index.php\/produkt\/scheppach-dp-60-stojanova-vrtacka-s-krizovym-laserem-led-osvetleni-akcni-nabidka-6736\/#breadcrumb","itemListElement":[{"@type":"ListItem","position":1,"name":"Home","item":"https:\/\/www.koupeltech.com\/"},{"@type":"ListItem","position":2,"name":"Products","item":"https:\/\/www.koupeltech.com\/index.php\/products\/"},{"@type":"ListItem","position":3,"name":"Scheppach DP 60 stojanov\u00e1 vrta\u010dka s k\u0159\u00ed\u017eov\u00fdm laserem \/ LED osv\u011btlen\u00ed Ak\u010dn\u00ed Nab\u00eddka"}]},{"@type":"WebSite","@id":"https:\/\/www.koupeltech.com\/#website","url":"https:\/\/www.koupeltech.com\/","name":"","description":"","potentialAction":[{"@type":"SearchAction","target":{"@type":"EntryPoint","urlTemplate":"https:\/\/www.koupeltech.com\/?s={search_term_string}"},"query-input":{"@type":"PropertyValueSpecification","valueRequired":true,"valueName":"search_term_string"}}],"inLanguage":"cs"}]}},"_links":{"self":[{"href":"https:\/\/www.koupeltech.com\/index.php\/wp-json\/wp\/v2\/product\/6736","targetHints":{"allow":["GET"]}}],"collection":[{"href":"https:\/\/www.koupeltech.com\/index.php\/wp-json\/wp\/v2\/product"}],"about":[{"href":"https:\/\/www.koupeltech.com\/index.php\/wp-json\/wp\/v2\/types\/product"}],"replies":[{"embeddable":true,"href":"https:\/\/www.koupeltech.com\/index.php\/wp-json\/wp\/v2\/comments?post=6736"}],"wp:featuredmedia":[{"embeddable":true,"href":"https:\/\/www.koupeltech.com\/index.php\/wp-json\/wp\/v2\/media\/6836"}],"wp:attachment":[{"href":"https:\/\/www.koupeltech.com\/index.php\/wp-json\/wp\/v2\/media?parent=6736"}],"wp:term":[{"taxonomy":"product_brand","embeddable":true,"href":"https:\/\/www.koupeltech.com\/index.php\/wp-json\/wp\/v2\/product_brand?post=6736"},{"taxonomy":"product_cat","embeddable":true,"href":"https:\/\/www.koupeltech.com\/index.php\/wp-json\/wp\/v2\/product_cat?post=6736"},{"taxonomy":"product_tag","embeddable":true,"href":"https:\/\/www.koupeltech.com\/index.php\/wp-json\/wp\/v2\/product_tag?post=6736"}],"curies":[{"name":"wp","href":"https:\/\/api.w.org\/{rel}","templated":true}]}}