{"id":6769,"date":"2026-04-27T13:56:51","date_gmt":"2026-04-27T13:56:51","guid":{"rendered":""},"modified":"2026-04-27T13:56:51","modified_gmt":"2026-04-27T13:56:51","slug":"vysoce-kvalitni-meva-uh072l-horak-stavebni-54kw-6769","status":"publish","type":"product","link":"https:\/\/www.koupeltech.com\/index.php\/produkt\/vysoce-kvalitni-meva-uh072l-horak-stavebni-54kw-6769\/","title":{"rendered":"Vysoce Kvalitn\u00ed MEVA UH072L ho\u0159\u00e1k stavebn\u00ed 54kW"},"content":{"rendered":"<table>\n<div class=\"tab-pane active product-description\" id=\"popis\" role=\"tabpanel\">\n<div class=\"short-description\" itemprop=\"description\"><\/div>\n<div class=\"description\">\n<p><span class=\"bullet-line\">Ho\u0159\u00e1k o v\u00fdkonu 54 kW s rukojet\u00ed vybavenou rychloregulac\u00ed.<\/span><\/p>\n<p>\u25ba P\u0159ipojuje se:<span class=\"bullet-line\">k 10kg LPG lahvi s regul\u00e1torem I210<\/span><br \/><span class=\"bullet-line\">k 2kg LPG lahvi s regul\u00e1torem I210 a jednocestn\u00fdm ventilem U2156UV.<\/span><br \/>&nbsp;<\/p>\n<\/div>\n<div class=\"parameters\">\n<tr>\n<td>Spot\u0159eba:<\/td>\n<td>3850 g\/h<\/td>\n<\/tr>\n<tr>\n<td>V\u00fdkon:<\/td>\n<td>54 kW<\/td>\n<\/tr>\n<tr>\n<td>Maxim\u00e1ln\u00ed teplota ho\u0159\u00e1ku je<\/td>\n<td>1500 \u2013 1600 stup\u0148\u016f, minim\u00e1ln\u00ed cca 500 stup\u0148\u016f<\/td>\n<\/tr><\/div>\n<\/table>\n","protected":false},"excerpt":{"rendered":"<p>Ho\u0159\u00e1k o v\u00fdkonu 54 kW s rukojet\u00ed vybavenou rychloregulac\u00ed. \u25ba P\u0159ipojuje se:k 10kg LPG lahvi s regul\u00e1torem I210k 2kg LPG lahvi s regul\u00e1torem I210 a jednocestn\u00fdm ventilem U2156UV.&nbsp; Spot\u0159eba: 3850 g\/h V\u00fdkon: 54 kW Maxim\u00e1ln\u00ed teplota ho\u0159\u00e1ku je 1500 \u2013 1600 stup\u0148\u016f, minim\u00e1ln\u00ed cca 500 stup\u0148\u016f<\/p>\n","protected":false},"featured_media":6869,"comment_status":"open","ping_status":"open","template":"","meta":[],"product_brand":[],"product_cat":[48],"product_tag":[],"class_list":{"0":"post-6769","1":"product","2":"type-product","3":"status-publish","4":"has-post-thumbnail","6":"product_cat-svareci-technika","8":"first","9":"instock","10":"sale","11":"shipping-taxable","12":"purchasable","13":"product-type-simple"},"yoast_head":"<!-- This site is optimized with the Yoast SEO plugin v26.8 - https:\/\/yoast.com\/product\/yoast-seo-wordpress\/ -->\n<title>Vysoce Kvalitn\u00ed MEVA UH072L ho\u0159\u00e1k stavebn\u00ed 54kW -<\/title>\n<meta name=\"robots\" content=\"index, follow, max-snippet:-1, max-image-preview:large, max-video-preview:-1\" \/>\n<link rel=\"canonical\" href=\"https:\/\/www.koupeltech.com\/index.php\/produkt\/vysoce-kvalitni-meva-uh072l-horak-stavebni-54kw-6769\/\" \/>\n<meta property=\"og:locale\" content=\"cs_CZ\" \/>\n<meta property=\"og:type\" content=\"article\" \/>\n<meta property=\"og:title\" content=\"Vysoce Kvalitn\u00ed MEVA UH072L ho\u0159\u00e1k stavebn\u00ed 54kW -\" \/>\n<meta property=\"og:description\" content=\"Ho\u0159\u00e1k o v\u00fdkonu 54 kW s rukojet\u00ed vybavenou rychloregulac\u00ed. \u25ba P\u0159ipojuje se:k 10kg LPG lahvi s regul\u00e1torem I210k 2kg LPG lahvi s regul\u00e1torem I210 a jednocestn\u00fdm ventilem U2156UV.&nbsp; Spot\u0159eba: 3850 g\/h V\u00fdkon: 54 kW Maxim\u00e1ln\u00ed teplota ho\u0159\u00e1ku je 1500 \u2013 1600 stup\u0148\u016f, minim\u00e1ln\u00ed cca 500 stup\u0148\u016f\" \/>\n<meta property=\"og:url\" content=\"https:\/\/www.koupeltech.com\/index.php\/produkt\/vysoce-kvalitni-meva-uh072l-horak-stavebni-54kw-6769\/\" \/>\n<meta property=\"og:image\" content=\"https:\/\/www.koupeltech.com\/wp-content\/uploads\/2026\/SK0022527-CZ20260425-092328-0-1777080210-uh072l_01.webp\" \/>\n\t<meta property=\"og:image:width\" content=\"385\" \/>\n\t<meta property=\"og:image:height\" content=\"699\" \/>\n\t<meta property=\"og:image:type\" content=\"image\/webp\" \/>\n<meta name=\"twitter:card\" content=\"summary_large_image\" \/>\n<script type=\"application\/ld+json\" class=\"yoast-schema-graph\">{\"@context\":\"https:\/\/schema.org\",\"@graph\":[{\"@type\":\"WebPage\",\"@id\":\"https:\/\/www.koupeltech.com\/index.php\/produkt\/vysoce-kvalitni-meva-uh072l-horak-stavebni-54kw-6769\/\",\"url\":\"https:\/\/www.koupeltech.com\/index.php\/produkt\/vysoce-kvalitni-meva-uh072l-horak-stavebni-54kw-6769\/\",\"name\":\"Vysoce Kvalitn\u00ed MEVA UH072L ho\u0159\u00e1k stavebn\u00ed 54kW -\",\"isPartOf\":{\"@id\":\"https:\/\/www.koupeltech.com\/#website\"},\"primaryImageOfPage\":{\"@id\":\"https:\/\/www.koupeltech.com\/index.php\/produkt\/vysoce-kvalitni-meva-uh072l-horak-stavebni-54kw-6769\/#primaryimage\"},\"image\":{\"@id\":\"https:\/\/www.koupeltech.com\/index.php\/produkt\/vysoce-kvalitni-meva-uh072l-horak-stavebni-54kw-6769\/#primaryimage\"},\"thumbnailUrl\":\"https:\/\/www.koupeltech.com\/wp-content\/uploads\/2026\/SK0022527-CZ20260425-092328-0-1777080210-uh072l_01.webp\",\"datePublished\":\"2026-04-27T13:56:51+00:00\",\"breadcrumb\":{\"@id\":\"https:\/\/www.koupeltech.com\/index.php\/produkt\/vysoce-kvalitni-meva-uh072l-horak-stavebni-54kw-6769\/#breadcrumb\"},\"inLanguage\":\"cs\",\"potentialAction\":[{\"@type\":\"ReadAction\",\"target\":[\"https:\/\/www.koupeltech.com\/index.php\/produkt\/vysoce-kvalitni-meva-uh072l-horak-stavebni-54kw-6769\/\"]}]},{\"@type\":\"ImageObject\",\"inLanguage\":\"cs\",\"@id\":\"https:\/\/www.koupeltech.com\/index.php\/produkt\/vysoce-kvalitni-meva-uh072l-horak-stavebni-54kw-6769\/#primaryimage\",\"url\":\"https:\/\/www.koupeltech.com\/wp-content\/uploads\/2026\/SK0022527-CZ20260425-092328-0-1777080210-uh072l_01.webp\",\"contentUrl\":\"https:\/\/www.koupeltech.com\/wp-content\/uploads\/2026\/SK0022527-CZ20260425-092328-0-1777080210-uh072l_01.webp\",\"width\":385,\"height\":699},{\"@type\":\"BreadcrumbList\",\"@id\":\"https:\/\/www.koupeltech.com\/index.php\/produkt\/vysoce-kvalitni-meva-uh072l-horak-stavebni-54kw-6769\/#breadcrumb\",\"itemListElement\":[{\"@type\":\"ListItem\",\"position\":1,\"name\":\"Home\",\"item\":\"https:\/\/www.koupeltech.com\/\"},{\"@type\":\"ListItem\",\"position\":2,\"name\":\"Products\",\"item\":\"https:\/\/www.koupeltech.com\/index.php\/products\/\"},{\"@type\":\"ListItem\",\"position\":3,\"name\":\"Vysoce Kvalitn\u00ed MEVA UH072L ho\u0159\u00e1k stavebn\u00ed 54kW\"}]},{\"@type\":\"WebSite\",\"@id\":\"https:\/\/www.koupeltech.com\/#website\",\"url\":\"https:\/\/www.koupeltech.com\/\",\"name\":\"\",\"description\":\"\",\"potentialAction\":[{\"@type\":\"SearchAction\",\"target\":{\"@type\":\"EntryPoint\",\"urlTemplate\":\"https:\/\/www.koupeltech.com\/?s={search_term_string}\"},\"query-input\":{\"@type\":\"PropertyValueSpecification\",\"valueRequired\":true,\"valueName\":\"search_term_string\"}}],\"inLanguage\":\"cs\"}]}<\/script>\n<!-- \/ Yoast SEO plugin. -->","yoast_head_json":{"title":"Vysoce Kvalitn\u00ed MEVA UH072L ho\u0159\u00e1k stavebn\u00ed 54kW -","robots":{"index":"index","follow":"follow","max-snippet":"max-snippet:-1","max-image-preview":"max-image-preview:large","max-video-preview":"max-video-preview:-1"},"canonical":"https:\/\/www.koupeltech.com\/index.php\/produkt\/vysoce-kvalitni-meva-uh072l-horak-stavebni-54kw-6769\/","og_locale":"cs_CZ","og_type":"article","og_title":"Vysoce Kvalitn\u00ed MEVA UH072L ho\u0159\u00e1k stavebn\u00ed 54kW -","og_description":"Ho\u0159\u00e1k o v\u00fdkonu 54 kW s rukojet\u00ed vybavenou rychloregulac\u00ed. \u25ba P\u0159ipojuje se:k 10kg LPG lahvi s regul\u00e1torem I210k 2kg LPG lahvi s regul\u00e1torem I210 a jednocestn\u00fdm ventilem U2156UV.&nbsp; Spot\u0159eba: 3850 g\/h V\u00fdkon: 54 kW Maxim\u00e1ln\u00ed teplota ho\u0159\u00e1ku je 1500 \u2013 1600 stup\u0148\u016f, minim\u00e1ln\u00ed cca 500 stup\u0148\u016f","og_url":"https:\/\/www.koupeltech.com\/index.php\/produkt\/vysoce-kvalitni-meva-uh072l-horak-stavebni-54kw-6769\/","og_image":[{"width":385,"height":699,"url":"https:\/\/www.koupeltech.com\/wp-content\/uploads\/2026\/SK0022527-CZ20260425-092328-0-1777080210-uh072l_01.webp","type":"image\/webp"}],"twitter_card":"summary_large_image","schema":{"@context":"https:\/\/schema.org","@graph":[{"@type":"WebPage","@id":"https:\/\/www.koupeltech.com\/index.php\/produkt\/vysoce-kvalitni-meva-uh072l-horak-stavebni-54kw-6769\/","url":"https:\/\/www.koupeltech.com\/index.php\/produkt\/vysoce-kvalitni-meva-uh072l-horak-stavebni-54kw-6769\/","name":"Vysoce Kvalitn\u00ed MEVA UH072L ho\u0159\u00e1k stavebn\u00ed 54kW -","isPartOf":{"@id":"https:\/\/www.koupeltech.com\/#website"},"primaryImageOfPage":{"@id":"https:\/\/www.koupeltech.com\/index.php\/produkt\/vysoce-kvalitni-meva-uh072l-horak-stavebni-54kw-6769\/#primaryimage"},"image":{"@id":"https:\/\/www.koupeltech.com\/index.php\/produkt\/vysoce-kvalitni-meva-uh072l-horak-stavebni-54kw-6769\/#primaryimage"},"thumbnailUrl":"https:\/\/www.koupeltech.com\/wp-content\/uploads\/2026\/SK0022527-CZ20260425-092328-0-1777080210-uh072l_01.webp","datePublished":"2026-04-27T13:56:51+00:00","breadcrumb":{"@id":"https:\/\/www.koupeltech.com\/index.php\/produkt\/vysoce-kvalitni-meva-uh072l-horak-stavebni-54kw-6769\/#breadcrumb"},"inLanguage":"cs","potentialAction":[{"@type":"ReadAction","target":["https:\/\/www.koupeltech.com\/index.php\/produkt\/vysoce-kvalitni-meva-uh072l-horak-stavebni-54kw-6769\/"]}]},{"@type":"ImageObject","inLanguage":"cs","@id":"https:\/\/www.koupeltech.com\/index.php\/produkt\/vysoce-kvalitni-meva-uh072l-horak-stavebni-54kw-6769\/#primaryimage","url":"https:\/\/www.koupeltech.com\/wp-content\/uploads\/2026\/SK0022527-CZ20260425-092328-0-1777080210-uh072l_01.webp","contentUrl":"https:\/\/www.koupeltech.com\/wp-content\/uploads\/2026\/SK0022527-CZ20260425-092328-0-1777080210-uh072l_01.webp","width":385,"height":699},{"@type":"BreadcrumbList","@id":"https:\/\/www.koupeltech.com\/index.php\/produkt\/vysoce-kvalitni-meva-uh072l-horak-stavebni-54kw-6769\/#breadcrumb","itemListElement":[{"@type":"ListItem","position":1,"name":"Home","item":"https:\/\/www.koupeltech.com\/"},{"@type":"ListItem","position":2,"name":"Products","item":"https:\/\/www.koupeltech.com\/index.php\/products\/"},{"@type":"ListItem","position":3,"name":"Vysoce Kvalitn\u00ed MEVA UH072L ho\u0159\u00e1k stavebn\u00ed 54kW"}]},{"@type":"WebSite","@id":"https:\/\/www.koupeltech.com\/#website","url":"https:\/\/www.koupeltech.com\/","name":"","description":"","potentialAction":[{"@type":"SearchAction","target":{"@type":"EntryPoint","urlTemplate":"https:\/\/www.koupeltech.com\/?s={search_term_string}"},"query-input":{"@type":"PropertyValueSpecification","valueRequired":true,"valueName":"search_term_string"}}],"inLanguage":"cs"}]}},"_links":{"self":[{"href":"https:\/\/www.koupeltech.com\/index.php\/wp-json\/wp\/v2\/product\/6769","targetHints":{"allow":["GET"]}}],"collection":[{"href":"https:\/\/www.koupeltech.com\/index.php\/wp-json\/wp\/v2\/product"}],"about":[{"href":"https:\/\/www.koupeltech.com\/index.php\/wp-json\/wp\/v2\/types\/product"}],"replies":[{"embeddable":true,"href":"https:\/\/www.koupeltech.com\/index.php\/wp-json\/wp\/v2\/comments?post=6769"}],"wp:featuredmedia":[{"embeddable":true,"href":"https:\/\/www.koupeltech.com\/index.php\/wp-json\/wp\/v2\/media\/6869"}],"wp:attachment":[{"href":"https:\/\/www.koupeltech.com\/index.php\/wp-json\/wp\/v2\/media?parent=6769"}],"wp:term":[{"taxonomy":"product_brand","embeddable":true,"href":"https:\/\/www.koupeltech.com\/index.php\/wp-json\/wp\/v2\/product_brand?post=6769"},{"taxonomy":"product_cat","embeddable":true,"href":"https:\/\/www.koupeltech.com\/index.php\/wp-json\/wp\/v2\/product_cat?post=6769"},{"taxonomy":"product_tag","embeddable":true,"href":"https:\/\/www.koupeltech.com\/index.php\/wp-json\/wp\/v2\/product_tag?post=6769"}],"curies":[{"name":"wp","href":"https:\/\/api.w.org\/{rel}","templated":true}]}}