{"id":67754,"date":"2026-04-27T14:06:16","date_gmt":"2026-04-27T14:06:16","guid":{"rendered":""},"modified":"2026-04-27T14:06:16","modified_gmt":"2026-04-27T14:06:16","slug":"akce-kryci-deska-k-zakraceni-kdz-szz-vyska-20-cm-n07-stone-67754","status":"publish","type":"product","link":"https:\/\/www.koupeltech.com\/index.php\/produkt\/akce-kryci-deska-k-zakraceni-kdz-szz-vyska-20-cm-n07-stone-67754\/","title":{"rendered":"Akce Kryc\u00ed deska k zakr\u00e1cen\u00ed KDZ SZZ (v\u00fd\u0161ka 20 cm) &#8211; N07 Stone"},"content":{"rendered":"<div class=\"basic-description\">\n<h3>Detailn\u00ed popis produktu<\/h3>\n<p><span>Pl\u00e1nujete um\u00edstit novou umyvadlovou desku se z\u00e1suvkou do niky a ji\u017e v\u00edte, \u017ee bude po stran\u00e1ch desky zbyte\u010dn\u011b voln\u00fd prostor? <\/span><span>Pro vy\u0159e\u0161en\u00ed tohoto probl\u00e9mu m\u00e1me v nab\u00eddce kryc\u00ed desky, kter\u00e9 ne\u017e\u00e1dan\u00fd prostor zakryj\u00ed a dokonale splynou s umyvadlovou deskou.<\/span><\/p>\n<h3><strong>Rozm\u011bry<\/strong> <\/h3>\n<p>Kryc\u00ed deska <strong>KDZ SZZ<\/strong> je vysok\u00e1 20 cm. Jej\u00ed \u0161\u00edrka je 30 cm a <strong>lze j\u00ed zakr\u00e1tit dle pot\u0159eby<\/strong>. <br \/>Kryc\u00ed desku dod\u00e1v\u00e1me s instala\u010dn\u00edm materi\u00e1lem. <\/p>\n<h3><strong>Barevn\u00e9 a povrchov\u00e9 zpracov\u00e1n\u00ed<\/strong><\/h3>\n<p><strong>KDZ<\/strong> desky vyr\u00e1b\u00edme ve v\u0161ech dsotupn\u00fdch dekorech a d\u0159evodekorech, kter\u00e9 m\u00e1me v nab\u00eddce. Vyb\u00edrat m\u016f\u017eete tak\u00e9 z lakovan\u00e9ho proveden\u00ed lesk\/mat nebo Individual dle vzorn\u00edku RAL\/NCS.<\/p>\n<\/p><\/div>\n","protected":false},"excerpt":{"rendered":"<p>Detailn\u00ed popis produktu Pl\u00e1nujete um\u00edstit novou umyvadlovou desku se z\u00e1suvkou do niky a ji\u017e v\u00edte, \u017ee bude po stran\u00e1ch desky zbyte\u010dn\u011b voln\u00fd prostor? Pro vy\u0159e\u0161en\u00ed tohoto probl\u00e9mu m\u00e1me v nab\u00eddce kryc\u00ed desky, kter\u00e9 ne\u017e\u00e1dan\u00fd prostor zakryj\u00ed a dokonale splynou s umyvadlovou deskou. Rozm\u011bry Kryc\u00ed deska KDZ SZZ je vysok\u00e1 20 cm. Jej\u00ed \u0161\u00edrka je 30 [&hellip;]<\/p>\n","protected":false},"featured_media":67854,"comment_status":"open","ping_status":"open","template":"","meta":[],"product_brand":[],"product_cat":[84],"product_tag":[],"class_list":{"0":"post-67754","1":"product","2":"type-product","3":"status-publish","4":"has-post-thumbnail","6":"product_cat-koupelny-a-sanitarni-technika","8":"first","9":"instock","10":"sale","11":"shipping-taxable","12":"purchasable","13":"product-type-simple"},"yoast_head":"<!-- This site is optimized with the Yoast SEO plugin v26.8 - https:\/\/yoast.com\/product\/yoast-seo-wordpress\/ -->\n<title>Akce Kryc\u00ed deska k zakr\u00e1cen\u00ed KDZ SZZ (v\u00fd\u0161ka 20 cm) - N07 Stone -<\/title>\n<meta name=\"robots\" content=\"index, follow, max-snippet:-1, max-image-preview:large, max-video-preview:-1\" \/>\n<link rel=\"canonical\" href=\"https:\/\/www.koupeltech.com\/index.php\/produkt\/akce-kryci-deska-k-zakraceni-kdz-szz-vyska-20-cm-n07-stone-67754\/\" \/>\n<meta property=\"og:locale\" content=\"cs_CZ\" \/>\n<meta property=\"og:type\" content=\"article\" \/>\n<meta property=\"og:title\" content=\"Akce Kryc\u00ed deska k zakr\u00e1cen\u00ed KDZ SZZ (v\u00fd\u0161ka 20 cm) - N07 Stone -\" \/>\n<meta property=\"og:description\" content=\"Detailn\u00ed popis produktu Pl\u00e1nujete um\u00edstit novou umyvadlovou desku se z\u00e1suvkou do niky a ji\u017e v\u00edte, \u017ee bude po stran\u00e1ch desky zbyte\u010dn\u011b voln\u00fd prostor? Pro vy\u0159e\u0161en\u00ed tohoto probl\u00e9mu m\u00e1me v nab\u00eddce kryc\u00ed desky, kter\u00e9 ne\u017e\u00e1dan\u00fd prostor zakryj\u00ed a dokonale splynou s umyvadlovou deskou. Rozm\u011bry Kryc\u00ed deska KDZ SZZ je vysok\u00e1 20 cm. Jej\u00ed \u0161\u00edrka je 30 [&hellip;]\" \/>\n<meta property=\"og:url\" content=\"https:\/\/www.koupeltech.com\/index.php\/produkt\/akce-kryci-deska-k-zakraceni-kdz-szz-vyska-20-cm-n07-stone-67754\/\" \/>\n<meta property=\"og:image\" content=\"https:\/\/www.koupeltech.com\/wp-content\/uploads\/2026\/SK0027745-CZ20260425-093351-0-1777080838-896295-1_kryci-deska-k-zakraceni-kdz-szz--vyska-20-cm-n07-s.webp\" \/>\n\t<meta property=\"og:image:width\" content=\"1000\" \/>\n\t<meta property=\"og:image:height\" content=\"750\" \/>\n\t<meta property=\"og:image:type\" content=\"image\/webp\" \/>\n<meta name=\"twitter:card\" content=\"summary_large_image\" \/>\n<meta name=\"twitter:label1\" content=\"Odhadovan\u00e1 doba \u010dten\u00ed\" \/>\n\t<meta name=\"twitter:data1\" content=\"1 minuta\" \/>\n<script type=\"application\/ld+json\" class=\"yoast-schema-graph\">{\"@context\":\"https:\/\/schema.org\",\"@graph\":[{\"@type\":\"WebPage\",\"@id\":\"https:\/\/www.koupeltech.com\/index.php\/produkt\/akce-kryci-deska-k-zakraceni-kdz-szz-vyska-20-cm-n07-stone-67754\/\",\"url\":\"https:\/\/www.koupeltech.com\/index.php\/produkt\/akce-kryci-deska-k-zakraceni-kdz-szz-vyska-20-cm-n07-stone-67754\/\",\"name\":\"Akce Kryc\u00ed deska k zakr\u00e1cen\u00ed KDZ SZZ (v\u00fd\u0161ka 20 cm) - N07 Stone -\",\"isPartOf\":{\"@id\":\"https:\/\/www.koupeltech.com\/#website\"},\"primaryImageOfPage\":{\"@id\":\"https:\/\/www.koupeltech.com\/index.php\/produkt\/akce-kryci-deska-k-zakraceni-kdz-szz-vyska-20-cm-n07-stone-67754\/#primaryimage\"},\"image\":{\"@id\":\"https:\/\/www.koupeltech.com\/index.php\/produkt\/akce-kryci-deska-k-zakraceni-kdz-szz-vyska-20-cm-n07-stone-67754\/#primaryimage\"},\"thumbnailUrl\":\"https:\/\/www.koupeltech.com\/wp-content\/uploads\/2026\/SK0027745-CZ20260425-093351-0-1777080838-896295-1_kryci-deska-k-zakraceni-kdz-szz--vyska-20-cm-n07-s.webp\",\"datePublished\":\"2026-04-27T14:06:16+00:00\",\"breadcrumb\":{\"@id\":\"https:\/\/www.koupeltech.com\/index.php\/produkt\/akce-kryci-deska-k-zakraceni-kdz-szz-vyska-20-cm-n07-stone-67754\/#breadcrumb\"},\"inLanguage\":\"cs\",\"potentialAction\":[{\"@type\":\"ReadAction\",\"target\":[\"https:\/\/www.koupeltech.com\/index.php\/produkt\/akce-kryci-deska-k-zakraceni-kdz-szz-vyska-20-cm-n07-stone-67754\/\"]}]},{\"@type\":\"ImageObject\",\"inLanguage\":\"cs\",\"@id\":\"https:\/\/www.koupeltech.com\/index.php\/produkt\/akce-kryci-deska-k-zakraceni-kdz-szz-vyska-20-cm-n07-stone-67754\/#primaryimage\",\"url\":\"https:\/\/www.koupeltech.com\/wp-content\/uploads\/2026\/SK0027745-CZ20260425-093351-0-1777080838-896295-1_kryci-deska-k-zakraceni-kdz-szz--vyska-20-cm-n07-s.webp\",\"contentUrl\":\"https:\/\/www.koupeltech.com\/wp-content\/uploads\/2026\/SK0027745-CZ20260425-093351-0-1777080838-896295-1_kryci-deska-k-zakraceni-kdz-szz--vyska-20-cm-n07-s.webp\",\"width\":1000,\"height\":750},{\"@type\":\"BreadcrumbList\",\"@id\":\"https:\/\/www.koupeltech.com\/index.php\/produkt\/akce-kryci-deska-k-zakraceni-kdz-szz-vyska-20-cm-n07-stone-67754\/#breadcrumb\",\"itemListElement\":[{\"@type\":\"ListItem\",\"position\":1,\"name\":\"Home\",\"item\":\"https:\/\/www.koupeltech.com\/\"},{\"@type\":\"ListItem\",\"position\":2,\"name\":\"Products\",\"item\":\"https:\/\/www.koupeltech.com\/index.php\/products\/\"},{\"@type\":\"ListItem\",\"position\":3,\"name\":\"Akce Kryc\u00ed deska k zakr\u00e1cen\u00ed KDZ SZZ (v\u00fd\u0161ka 20 cm) &#8211; N07 Stone\"}]},{\"@type\":\"WebSite\",\"@id\":\"https:\/\/www.koupeltech.com\/#website\",\"url\":\"https:\/\/www.koupeltech.com\/\",\"name\":\"\",\"description\":\"\",\"potentialAction\":[{\"@type\":\"SearchAction\",\"target\":{\"@type\":\"EntryPoint\",\"urlTemplate\":\"https:\/\/www.koupeltech.com\/?s={search_term_string}\"},\"query-input\":{\"@type\":\"PropertyValueSpecification\",\"valueRequired\":true,\"valueName\":\"search_term_string\"}}],\"inLanguage\":\"cs\"}]}<\/script>\n<!-- \/ Yoast SEO plugin. -->","yoast_head_json":{"title":"Akce Kryc\u00ed deska k zakr\u00e1cen\u00ed KDZ SZZ (v\u00fd\u0161ka 20 cm) - N07 Stone -","robots":{"index":"index","follow":"follow","max-snippet":"max-snippet:-1","max-image-preview":"max-image-preview:large","max-video-preview":"max-video-preview:-1"},"canonical":"https:\/\/www.koupeltech.com\/index.php\/produkt\/akce-kryci-deska-k-zakraceni-kdz-szz-vyska-20-cm-n07-stone-67754\/","og_locale":"cs_CZ","og_type":"article","og_title":"Akce Kryc\u00ed deska k zakr\u00e1cen\u00ed KDZ SZZ (v\u00fd\u0161ka 20 cm) - N07 Stone -","og_description":"Detailn\u00ed popis produktu Pl\u00e1nujete um\u00edstit novou umyvadlovou desku se z\u00e1suvkou do niky a ji\u017e v\u00edte, \u017ee bude po stran\u00e1ch desky zbyte\u010dn\u011b voln\u00fd prostor? Pro vy\u0159e\u0161en\u00ed tohoto probl\u00e9mu m\u00e1me v nab\u00eddce kryc\u00ed desky, kter\u00e9 ne\u017e\u00e1dan\u00fd prostor zakryj\u00ed a dokonale splynou s umyvadlovou deskou. Rozm\u011bry Kryc\u00ed deska KDZ SZZ je vysok\u00e1 20 cm. Jej\u00ed \u0161\u00edrka je 30 [&hellip;]","og_url":"https:\/\/www.koupeltech.com\/index.php\/produkt\/akce-kryci-deska-k-zakraceni-kdz-szz-vyska-20-cm-n07-stone-67754\/","og_image":[{"width":1000,"height":750,"url":"https:\/\/www.koupeltech.com\/wp-content\/uploads\/2026\/SK0027745-CZ20260425-093351-0-1777080838-896295-1_kryci-deska-k-zakraceni-kdz-szz--vyska-20-cm-n07-s.webp","type":"image\/webp"}],"twitter_card":"summary_large_image","twitter_misc":{"Odhadovan\u00e1 doba \u010dten\u00ed":"1 minuta"},"schema":{"@context":"https:\/\/schema.org","@graph":[{"@type":"WebPage","@id":"https:\/\/www.koupeltech.com\/index.php\/produkt\/akce-kryci-deska-k-zakraceni-kdz-szz-vyska-20-cm-n07-stone-67754\/","url":"https:\/\/www.koupeltech.com\/index.php\/produkt\/akce-kryci-deska-k-zakraceni-kdz-szz-vyska-20-cm-n07-stone-67754\/","name":"Akce Kryc\u00ed deska k zakr\u00e1cen\u00ed KDZ SZZ (v\u00fd\u0161ka 20 cm) - N07 Stone -","isPartOf":{"@id":"https:\/\/www.koupeltech.com\/#website"},"primaryImageOfPage":{"@id":"https:\/\/www.koupeltech.com\/index.php\/produkt\/akce-kryci-deska-k-zakraceni-kdz-szz-vyska-20-cm-n07-stone-67754\/#primaryimage"},"image":{"@id":"https:\/\/www.koupeltech.com\/index.php\/produkt\/akce-kryci-deska-k-zakraceni-kdz-szz-vyska-20-cm-n07-stone-67754\/#primaryimage"},"thumbnailUrl":"https:\/\/www.koupeltech.com\/wp-content\/uploads\/2026\/SK0027745-CZ20260425-093351-0-1777080838-896295-1_kryci-deska-k-zakraceni-kdz-szz--vyska-20-cm-n07-s.webp","datePublished":"2026-04-27T14:06:16+00:00","breadcrumb":{"@id":"https:\/\/www.koupeltech.com\/index.php\/produkt\/akce-kryci-deska-k-zakraceni-kdz-szz-vyska-20-cm-n07-stone-67754\/#breadcrumb"},"inLanguage":"cs","potentialAction":[{"@type":"ReadAction","target":["https:\/\/www.koupeltech.com\/index.php\/produkt\/akce-kryci-deska-k-zakraceni-kdz-szz-vyska-20-cm-n07-stone-67754\/"]}]},{"@type":"ImageObject","inLanguage":"cs","@id":"https:\/\/www.koupeltech.com\/index.php\/produkt\/akce-kryci-deska-k-zakraceni-kdz-szz-vyska-20-cm-n07-stone-67754\/#primaryimage","url":"https:\/\/www.koupeltech.com\/wp-content\/uploads\/2026\/SK0027745-CZ20260425-093351-0-1777080838-896295-1_kryci-deska-k-zakraceni-kdz-szz--vyska-20-cm-n07-s.webp","contentUrl":"https:\/\/www.koupeltech.com\/wp-content\/uploads\/2026\/SK0027745-CZ20260425-093351-0-1777080838-896295-1_kryci-deska-k-zakraceni-kdz-szz--vyska-20-cm-n07-s.webp","width":1000,"height":750},{"@type":"BreadcrumbList","@id":"https:\/\/www.koupeltech.com\/index.php\/produkt\/akce-kryci-deska-k-zakraceni-kdz-szz-vyska-20-cm-n07-stone-67754\/#breadcrumb","itemListElement":[{"@type":"ListItem","position":1,"name":"Home","item":"https:\/\/www.koupeltech.com\/"},{"@type":"ListItem","position":2,"name":"Products","item":"https:\/\/www.koupeltech.com\/index.php\/products\/"},{"@type":"ListItem","position":3,"name":"Akce Kryc\u00ed deska k zakr\u00e1cen\u00ed KDZ SZZ (v\u00fd\u0161ka 20 cm) &#8211; N07 Stone"}]},{"@type":"WebSite","@id":"https:\/\/www.koupeltech.com\/#website","url":"https:\/\/www.koupeltech.com\/","name":"","description":"","potentialAction":[{"@type":"SearchAction","target":{"@type":"EntryPoint","urlTemplate":"https:\/\/www.koupeltech.com\/?s={search_term_string}"},"query-input":{"@type":"PropertyValueSpecification","valueRequired":true,"valueName":"search_term_string"}}],"inLanguage":"cs"}]}},"_links":{"self":[{"href":"https:\/\/www.koupeltech.com\/index.php\/wp-json\/wp\/v2\/product\/67754","targetHints":{"allow":["GET"]}}],"collection":[{"href":"https:\/\/www.koupeltech.com\/index.php\/wp-json\/wp\/v2\/product"}],"about":[{"href":"https:\/\/www.koupeltech.com\/index.php\/wp-json\/wp\/v2\/types\/product"}],"replies":[{"embeddable":true,"href":"https:\/\/www.koupeltech.com\/index.php\/wp-json\/wp\/v2\/comments?post=67754"}],"wp:featuredmedia":[{"embeddable":true,"href":"https:\/\/www.koupeltech.com\/index.php\/wp-json\/wp\/v2\/media\/67854"}],"wp:attachment":[{"href":"https:\/\/www.koupeltech.com\/index.php\/wp-json\/wp\/v2\/media?parent=67754"}],"wp:term":[{"taxonomy":"product_brand","embeddable":true,"href":"https:\/\/www.koupeltech.com\/index.php\/wp-json\/wp\/v2\/product_brand?post=67754"},{"taxonomy":"product_cat","embeddable":true,"href":"https:\/\/www.koupeltech.com\/index.php\/wp-json\/wp\/v2\/product_cat?post=67754"},{"taxonomy":"product_tag","embeddable":true,"href":"https:\/\/www.koupeltech.com\/index.php\/wp-json\/wp\/v2\/product_tag?post=67754"}],"curies":[{"name":"wp","href":"https:\/\/api.w.org\/{rel}","templated":true}]}}