{"id":67762,"date":"2026-04-27T14:06:16","date_gmt":"2026-04-27T14:06:16","guid":{"rendered":""},"modified":"2026-04-27T14:06:16","modified_gmt":"2026-04-27T14:06:16","slug":"znackovy-odkladaci-deska-odd-200-tl-18-mm-l01-bila-vysoky-lesk-67762","status":"publish","type":"product","link":"https:\/\/www.koupeltech.com\/index.php\/produkt\/znackovy-odkladaci-deska-odd-200-tl-18-mm-l01-bila-vysoky-lesk-67762\/","title":{"rendered":"Zna\u010dkov\u00fd Odkl\u00e1dac\u00ed deska ODD 200 (tl. 18 mm) &#8211; L01 B\u00edl\u00e1 vysok\u00fd lesk"},"content":{"rendered":"<div class=\"basic-description\">\n<h3>Detailn\u00ed popis produktu<\/h3>\n<h2><strong>Kdy\u017e je m\u00e1lo m\u00edsta<\/strong><\/h2>\n<p>Odkl\u00e1dac\u00ed desky jsou vhodn\u00fdm dopl\u0148kem k na\u0161im<span> <\/span>umyvadlov\u00fdm desk\u00e1m, nezaberou p\u0159\u00edli\u0161 m\u00edsta, prostor z\u016fstane i nad\u00e1le vzdu\u0161n\u00fd a vy z\u00edsk\u00e1te dal\u0161\u00ed odkl\u00e1dac\u00ed plochu.<\/p>\n<h3><strong>Rozm\u011bry<\/strong><\/h3>\n<p>Odkl\u00e1dac\u00ed desku<span> <\/span><strong>ODD 200<\/strong><span> <\/span>vyr\u00e1b\u00edme v \u0161\u00ed\u0159ce 200 cm a hloubce 50 cm. Tlou\u0161\u0165ka desky je 1,8 cm.<span> <\/span><strong>Deska nen\u00ed vhodn\u00e1 pro um\u00edst\u011bn\u00ed umyvadla<\/strong>, m\u016f\u017eete j\u00ed ale pou\u017e\u00edt samostatn\u011b nebo k n\u00ed vybrat dopl\u0148kovou sk\u0159\u00ed\u0148 pod desku.<\/p>\n<h3><strong>Barevn\u00e9 a povrchov\u00e9 zpracov\u00e1n\u00ed<\/strong><\/h3>\n<p>Volnou ruku m\u00e1te ve v\u00fdb\u011bru povrchov\u00fdch zpracov\u00e1n\u00ed. K dispozici je<span> <\/span><strong>18 dekor\u016f<\/strong>,<span> <\/span><strong>5 lakovan\u00fdch proveden\u00ed lesk\/mat<\/strong><span> <\/span>a proveden\u00ed<span> <\/span><strong>Individual<\/strong><span> <\/span>dle vzorn\u00edku RAL\/NCS.<\/p>\n<h2><strong>Mohlo by v\u00e1s zaj\u00edmat<\/strong><\/h2>\n<ul>\n<li>Odkl\u00e1dac\u00ed a \u00falo\u017en\u00fd prostor desek m\u016f\u017eete zdvojn\u00e1sobit pomoc\u00ed<span> <\/span>dopl\u0148kov\u00fdch sk\u0159\u00edn\u00ed.<\/li>\n<\/ul><\/div>\n","protected":false},"excerpt":{"rendered":"<p>Detailn\u00ed popis produktu Kdy\u017e je m\u00e1lo m\u00edsta Odkl\u00e1dac\u00ed desky jsou vhodn\u00fdm dopl\u0148kem k na\u0161im umyvadlov\u00fdm desk\u00e1m, nezaberou p\u0159\u00edli\u0161 m\u00edsta, prostor z\u016fstane i nad\u00e1le vzdu\u0161n\u00fd a vy z\u00edsk\u00e1te dal\u0161\u00ed odkl\u00e1dac\u00ed plochu. Rozm\u011bry Odkl\u00e1dac\u00ed desku ODD 200 vyr\u00e1b\u00edme v \u0161\u00ed\u0159ce 200 cm a hloubce 50 cm. Tlou\u0161\u0165ka desky je 1,8 cm. Deska nen\u00ed vhodn\u00e1 pro um\u00edst\u011bn\u00ed umyvadla, [&hellip;]<\/p>\n","protected":false},"featured_media":67862,"comment_status":"open","ping_status":"open","template":"","meta":[],"product_brand":[],"product_cat":[84],"product_tag":[],"class_list":{"0":"post-67762","1":"product","2":"type-product","3":"status-publish","4":"has-post-thumbnail","6":"product_cat-koupelny-a-sanitarni-technika","8":"first","9":"instock","10":"sale","11":"shipping-taxable","12":"purchasable","13":"product-type-simple"},"yoast_head":"<!-- This site is optimized with the Yoast SEO plugin v26.8 - https:\/\/yoast.com\/product\/yoast-seo-wordpress\/ -->\n<title>Zna\u010dkov\u00fd Odkl\u00e1dac\u00ed deska ODD 200 (tl. 18 mm) - L01 B\u00edl\u00e1 vysok\u00fd lesk -<\/title>\n<meta name=\"robots\" content=\"index, follow, max-snippet:-1, max-image-preview:large, max-video-preview:-1\" \/>\n<link rel=\"canonical\" href=\"https:\/\/www.koupeltech.com\/index.php\/produkt\/znackovy-odkladaci-deska-odd-200-tl-18-mm-l01-bila-vysoky-lesk-67762\/\" \/>\n<meta property=\"og:locale\" content=\"cs_CZ\" \/>\n<meta property=\"og:type\" content=\"article\" \/>\n<meta property=\"og:title\" content=\"Zna\u010dkov\u00fd Odkl\u00e1dac\u00ed deska ODD 200 (tl. 18 mm) - L01 B\u00edl\u00e1 vysok\u00fd lesk -\" \/>\n<meta property=\"og:description\" content=\"Detailn\u00ed popis produktu Kdy\u017e je m\u00e1lo m\u00edsta Odkl\u00e1dac\u00ed desky jsou vhodn\u00fdm dopl\u0148kem k na\u0161im umyvadlov\u00fdm desk\u00e1m, nezaberou p\u0159\u00edli\u0161 m\u00edsta, prostor z\u016fstane i nad\u00e1le vzdu\u0161n\u00fd a vy z\u00edsk\u00e1te dal\u0161\u00ed odkl\u00e1dac\u00ed plochu. Rozm\u011bry Odkl\u00e1dac\u00ed desku ODD 200 vyr\u00e1b\u00edme v \u0161\u00ed\u0159ce 200 cm a hloubce 50 cm. Tlou\u0161\u0165ka desky je 1,8 cm. Deska nen\u00ed vhodn\u00e1 pro um\u00edst\u011bn\u00ed umyvadla, [&hellip;]\" \/>\n<meta property=\"og:url\" content=\"https:\/\/www.koupeltech.com\/index.php\/produkt\/znackovy-odkladaci-deska-odd-200-tl-18-mm-l01-bila-vysoky-lesk-67762\/\" \/>\n<meta property=\"og:image\" content=\"https:\/\/www.koupeltech.com\/wp-content\/uploads\/2026\/SK0027753-CZ20260425-093351-0-1777080838-896265-1_odkladaci-deska-odd-200--tl--18-mm-l01-bila-vysoky.webp\" \/>\n\t<meta property=\"og:image:width\" content=\"1000\" \/>\n\t<meta property=\"og:image:height\" content=\"750\" \/>\n\t<meta property=\"og:image:type\" content=\"image\/webp\" \/>\n<meta name=\"twitter:card\" content=\"summary_large_image\" \/>\n<meta name=\"twitter:label1\" content=\"Odhadovan\u00e1 doba \u010dten\u00ed\" \/>\n\t<meta name=\"twitter:data1\" content=\"1 minuta\" \/>\n<script type=\"application\/ld+json\" class=\"yoast-schema-graph\">{\"@context\":\"https:\/\/schema.org\",\"@graph\":[{\"@type\":\"WebPage\",\"@id\":\"https:\/\/www.koupeltech.com\/index.php\/produkt\/znackovy-odkladaci-deska-odd-200-tl-18-mm-l01-bila-vysoky-lesk-67762\/\",\"url\":\"https:\/\/www.koupeltech.com\/index.php\/produkt\/znackovy-odkladaci-deska-odd-200-tl-18-mm-l01-bila-vysoky-lesk-67762\/\",\"name\":\"Zna\u010dkov\u00fd Odkl\u00e1dac\u00ed deska ODD 200 (tl. 18 mm) - L01 B\u00edl\u00e1 vysok\u00fd lesk -\",\"isPartOf\":{\"@id\":\"https:\/\/www.koupeltech.com\/#website\"},\"primaryImageOfPage\":{\"@id\":\"https:\/\/www.koupeltech.com\/index.php\/produkt\/znackovy-odkladaci-deska-odd-200-tl-18-mm-l01-bila-vysoky-lesk-67762\/#primaryimage\"},\"image\":{\"@id\":\"https:\/\/www.koupeltech.com\/index.php\/produkt\/znackovy-odkladaci-deska-odd-200-tl-18-mm-l01-bila-vysoky-lesk-67762\/#primaryimage\"},\"thumbnailUrl\":\"https:\/\/www.koupeltech.com\/wp-content\/uploads\/2026\/SK0027753-CZ20260425-093351-0-1777080838-896265-1_odkladaci-deska-odd-200--tl--18-mm-l01-bila-vysoky.webp\",\"datePublished\":\"2026-04-27T14:06:16+00:00\",\"breadcrumb\":{\"@id\":\"https:\/\/www.koupeltech.com\/index.php\/produkt\/znackovy-odkladaci-deska-odd-200-tl-18-mm-l01-bila-vysoky-lesk-67762\/#breadcrumb\"},\"inLanguage\":\"cs\",\"potentialAction\":[{\"@type\":\"ReadAction\",\"target\":[\"https:\/\/www.koupeltech.com\/index.php\/produkt\/znackovy-odkladaci-deska-odd-200-tl-18-mm-l01-bila-vysoky-lesk-67762\/\"]}]},{\"@type\":\"ImageObject\",\"inLanguage\":\"cs\",\"@id\":\"https:\/\/www.koupeltech.com\/index.php\/produkt\/znackovy-odkladaci-deska-odd-200-tl-18-mm-l01-bila-vysoky-lesk-67762\/#primaryimage\",\"url\":\"https:\/\/www.koupeltech.com\/wp-content\/uploads\/2026\/SK0027753-CZ20260425-093351-0-1777080838-896265-1_odkladaci-deska-odd-200--tl--18-mm-l01-bila-vysoky.webp\",\"contentUrl\":\"https:\/\/www.koupeltech.com\/wp-content\/uploads\/2026\/SK0027753-CZ20260425-093351-0-1777080838-896265-1_odkladaci-deska-odd-200--tl--18-mm-l01-bila-vysoky.webp\",\"width\":1000,\"height\":750},{\"@type\":\"BreadcrumbList\",\"@id\":\"https:\/\/www.koupeltech.com\/index.php\/produkt\/znackovy-odkladaci-deska-odd-200-tl-18-mm-l01-bila-vysoky-lesk-67762\/#breadcrumb\",\"itemListElement\":[{\"@type\":\"ListItem\",\"position\":1,\"name\":\"Home\",\"item\":\"https:\/\/www.koupeltech.com\/\"},{\"@type\":\"ListItem\",\"position\":2,\"name\":\"Products\",\"item\":\"https:\/\/www.koupeltech.com\/index.php\/products\/\"},{\"@type\":\"ListItem\",\"position\":3,\"name\":\"Zna\u010dkov\u00fd Odkl\u00e1dac\u00ed deska ODD 200 (tl. 18 mm) &#8211; L01 B\u00edl\u00e1 vysok\u00fd lesk\"}]},{\"@type\":\"WebSite\",\"@id\":\"https:\/\/www.koupeltech.com\/#website\",\"url\":\"https:\/\/www.koupeltech.com\/\",\"name\":\"\",\"description\":\"\",\"potentialAction\":[{\"@type\":\"SearchAction\",\"target\":{\"@type\":\"EntryPoint\",\"urlTemplate\":\"https:\/\/www.koupeltech.com\/?s={search_term_string}\"},\"query-input\":{\"@type\":\"PropertyValueSpecification\",\"valueRequired\":true,\"valueName\":\"search_term_string\"}}],\"inLanguage\":\"cs\"}]}<\/script>\n<!-- \/ Yoast SEO plugin. -->","yoast_head_json":{"title":"Zna\u010dkov\u00fd Odkl\u00e1dac\u00ed deska ODD 200 (tl. 18 mm) - L01 B\u00edl\u00e1 vysok\u00fd lesk -","robots":{"index":"index","follow":"follow","max-snippet":"max-snippet:-1","max-image-preview":"max-image-preview:large","max-video-preview":"max-video-preview:-1"},"canonical":"https:\/\/www.koupeltech.com\/index.php\/produkt\/znackovy-odkladaci-deska-odd-200-tl-18-mm-l01-bila-vysoky-lesk-67762\/","og_locale":"cs_CZ","og_type":"article","og_title":"Zna\u010dkov\u00fd Odkl\u00e1dac\u00ed deska ODD 200 (tl. 18 mm) - L01 B\u00edl\u00e1 vysok\u00fd lesk -","og_description":"Detailn\u00ed popis produktu Kdy\u017e je m\u00e1lo m\u00edsta Odkl\u00e1dac\u00ed desky jsou vhodn\u00fdm dopl\u0148kem k na\u0161im umyvadlov\u00fdm desk\u00e1m, nezaberou p\u0159\u00edli\u0161 m\u00edsta, prostor z\u016fstane i nad\u00e1le vzdu\u0161n\u00fd a vy z\u00edsk\u00e1te dal\u0161\u00ed odkl\u00e1dac\u00ed plochu. Rozm\u011bry Odkl\u00e1dac\u00ed desku ODD 200 vyr\u00e1b\u00edme v \u0161\u00ed\u0159ce 200 cm a hloubce 50 cm. Tlou\u0161\u0165ka desky je 1,8 cm. Deska nen\u00ed vhodn\u00e1 pro um\u00edst\u011bn\u00ed umyvadla, [&hellip;]","og_url":"https:\/\/www.koupeltech.com\/index.php\/produkt\/znackovy-odkladaci-deska-odd-200-tl-18-mm-l01-bila-vysoky-lesk-67762\/","og_image":[{"width":1000,"height":750,"url":"https:\/\/www.koupeltech.com\/wp-content\/uploads\/2026\/SK0027753-CZ20260425-093351-0-1777080838-896265-1_odkladaci-deska-odd-200--tl--18-mm-l01-bila-vysoky.webp","type":"image\/webp"}],"twitter_card":"summary_large_image","twitter_misc":{"Odhadovan\u00e1 doba \u010dten\u00ed":"1 minuta"},"schema":{"@context":"https:\/\/schema.org","@graph":[{"@type":"WebPage","@id":"https:\/\/www.koupeltech.com\/index.php\/produkt\/znackovy-odkladaci-deska-odd-200-tl-18-mm-l01-bila-vysoky-lesk-67762\/","url":"https:\/\/www.koupeltech.com\/index.php\/produkt\/znackovy-odkladaci-deska-odd-200-tl-18-mm-l01-bila-vysoky-lesk-67762\/","name":"Zna\u010dkov\u00fd Odkl\u00e1dac\u00ed deska ODD 200 (tl. 18 mm) - L01 B\u00edl\u00e1 vysok\u00fd lesk -","isPartOf":{"@id":"https:\/\/www.koupeltech.com\/#website"},"primaryImageOfPage":{"@id":"https:\/\/www.koupeltech.com\/index.php\/produkt\/znackovy-odkladaci-deska-odd-200-tl-18-mm-l01-bila-vysoky-lesk-67762\/#primaryimage"},"image":{"@id":"https:\/\/www.koupeltech.com\/index.php\/produkt\/znackovy-odkladaci-deska-odd-200-tl-18-mm-l01-bila-vysoky-lesk-67762\/#primaryimage"},"thumbnailUrl":"https:\/\/www.koupeltech.com\/wp-content\/uploads\/2026\/SK0027753-CZ20260425-093351-0-1777080838-896265-1_odkladaci-deska-odd-200--tl--18-mm-l01-bila-vysoky.webp","datePublished":"2026-04-27T14:06:16+00:00","breadcrumb":{"@id":"https:\/\/www.koupeltech.com\/index.php\/produkt\/znackovy-odkladaci-deska-odd-200-tl-18-mm-l01-bila-vysoky-lesk-67762\/#breadcrumb"},"inLanguage":"cs","potentialAction":[{"@type":"ReadAction","target":["https:\/\/www.koupeltech.com\/index.php\/produkt\/znackovy-odkladaci-deska-odd-200-tl-18-mm-l01-bila-vysoky-lesk-67762\/"]}]},{"@type":"ImageObject","inLanguage":"cs","@id":"https:\/\/www.koupeltech.com\/index.php\/produkt\/znackovy-odkladaci-deska-odd-200-tl-18-mm-l01-bila-vysoky-lesk-67762\/#primaryimage","url":"https:\/\/www.koupeltech.com\/wp-content\/uploads\/2026\/SK0027753-CZ20260425-093351-0-1777080838-896265-1_odkladaci-deska-odd-200--tl--18-mm-l01-bila-vysoky.webp","contentUrl":"https:\/\/www.koupeltech.com\/wp-content\/uploads\/2026\/SK0027753-CZ20260425-093351-0-1777080838-896265-1_odkladaci-deska-odd-200--tl--18-mm-l01-bila-vysoky.webp","width":1000,"height":750},{"@type":"BreadcrumbList","@id":"https:\/\/www.koupeltech.com\/index.php\/produkt\/znackovy-odkladaci-deska-odd-200-tl-18-mm-l01-bila-vysoky-lesk-67762\/#breadcrumb","itemListElement":[{"@type":"ListItem","position":1,"name":"Home","item":"https:\/\/www.koupeltech.com\/"},{"@type":"ListItem","position":2,"name":"Products","item":"https:\/\/www.koupeltech.com\/index.php\/products\/"},{"@type":"ListItem","position":3,"name":"Zna\u010dkov\u00fd Odkl\u00e1dac\u00ed deska ODD 200 (tl. 18 mm) &#8211; L01 B\u00edl\u00e1 vysok\u00fd lesk"}]},{"@type":"WebSite","@id":"https:\/\/www.koupeltech.com\/#website","url":"https:\/\/www.koupeltech.com\/","name":"","description":"","potentialAction":[{"@type":"SearchAction","target":{"@type":"EntryPoint","urlTemplate":"https:\/\/www.koupeltech.com\/?s={search_term_string}"},"query-input":{"@type":"PropertyValueSpecification","valueRequired":true,"valueName":"search_term_string"}}],"inLanguage":"cs"}]}},"_links":{"self":[{"href":"https:\/\/www.koupeltech.com\/index.php\/wp-json\/wp\/v2\/product\/67762","targetHints":{"allow":["GET"]}}],"collection":[{"href":"https:\/\/www.koupeltech.com\/index.php\/wp-json\/wp\/v2\/product"}],"about":[{"href":"https:\/\/www.koupeltech.com\/index.php\/wp-json\/wp\/v2\/types\/product"}],"replies":[{"embeddable":true,"href":"https:\/\/www.koupeltech.com\/index.php\/wp-json\/wp\/v2\/comments?post=67762"}],"wp:featuredmedia":[{"embeddable":true,"href":"https:\/\/www.koupeltech.com\/index.php\/wp-json\/wp\/v2\/media\/67862"}],"wp:attachment":[{"href":"https:\/\/www.koupeltech.com\/index.php\/wp-json\/wp\/v2\/media?parent=67762"}],"wp:term":[{"taxonomy":"product_brand","embeddable":true,"href":"https:\/\/www.koupeltech.com\/index.php\/wp-json\/wp\/v2\/product_brand?post=67762"},{"taxonomy":"product_cat","embeddable":true,"href":"https:\/\/www.koupeltech.com\/index.php\/wp-json\/wp\/v2\/product_cat?post=67762"},{"taxonomy":"product_tag","embeddable":true,"href":"https:\/\/www.koupeltech.com\/index.php\/wp-json\/wp\/v2\/product_tag?post=67762"}],"curies":[{"name":"wp","href":"https:\/\/api.w.org\/{rel}","templated":true}]}}