{"id":6779,"date":"2026-04-27T13:56:51","date_gmt":"2026-04-27T13:56:51","guid":{"rendered":""},"modified":"2026-04-27T13:56:51","modified_gmt":"2026-04-27T13:56:51","slug":"gardena-1285-29-zavlazovaci-ventil-9v-bluetooth-oblibeny-6779","status":"publish","type":"product","link":"https:\/\/www.koupeltech.com\/index.php\/produkt\/gardena-1285-29-zavlazovaci-ventil-9v-bluetooth-oblibeny-6779\/","title":{"rendered":"Gardena 1285-29 zavla\u017eovac\u00ed ventil 9V Bluetooth Obl\u00edben\u00fd"},"content":{"rendered":"<table>\n<div class=\"tab-pane active product-description\" id=\"popis\" role=\"tabpanel\">\n<div class=\"short-description\" itemprop=\"description\"><\/div>\n<div class=\"description\">\u25ba Automatick\u00e9 pohodln\u00e9 zavla\u017eov\u00e1n\u00ed &#8211; akumul\u00e1torov\u00fd provoz<span class='bullet-line'>Zavla\u017eovac\u00ed ventil GARDENA 9 V Bluetooth\u00ae zavla\u017euje va\u0161i zahradu spolehliv\u011b a pohodln\u011b, i kdy\u017e nejste doma.<br \/><\/span><span class='bullet-line'>Z\u00edsk\u00e1te v\u00edce voln\u00e9ho \u010dasu a budete m\u00edt sv\u011b\u017e\u00ed zelen\u00fd tr\u00e1vn\u00edk a kr\u00e1sn\u00e9 zdrav\u00e9 rostliny.<br \/><\/span><br \/>\u25ba Jednoduch\u00e9 p\u0159ipojen\u00ed a konfigurace prost\u0159ednictv\u00edm aplikace GARDENA Bluetooth\u00ae<span class='bullet-line'>Bezplatn\u00e1 aplikace GARDENA Bluetooth\u00ae pro iOS a Android p\u0159em\u011bn\u00ed v\u00e1\u0161 smartphone nebo tablet na d\u00e1lkov\u00e9 ovl\u00e1d\u00e1n\u00ed, pomoc\u00ed kter\u00e9ho m\u016f\u017eete za\u0159\u00edzen\u00ed pohodln\u011b obsluhovat a programovat krok za krokem (vy\u017eaduje minim\u00e1ln\u011b iOS 12.X, Android 5.0, Bluetooth\u00ae Low Energy 4.0).<br \/><\/span><br \/>\u25ba \u0158\u00edd\u00edc\u00ed jednotka Bluetooth\u00ae s \u0159adou praktick\u00fdch funkc\u00ed pro automatick\u00e9 zavla\u017eov\u00e1n\u00ed: 1285<span class='bullet-line'>Prost\u0159ednictv\u00edm aplikace GARDENA Bluetooth\u00ae lze naprogramovat a\u017e 6 automatick\u00fdch pl\u00e1n\u016f. <br \/><\/span><span class='bullet-line'>V nich se nastav\u00ed za\u010d\u00e1tek zavla\u017eov\u00e1n\u00ed, jeho d\u00e9lka a dny v t\u00fddnu. <br \/><\/span><span class='bullet-line'>Krom\u011b toho lze zavla\u017eov\u00e1n\u00ed spustit a zastavit kdykoliv ru\u010dn\u011b stisknut\u00edm tla\u010d\u00edtka. <br \/><\/span><span class='bullet-line'>Je mo\u017en\u00e9 tak\u00e9 p\u0159ipojit samostatn\u011b dostupn\u00e9 \u010didlo p\u016fdn\u00ed vlhkosti, kter\u00e9 \u0161et\u0159\u00ed vodu &#8211; je-li p\u016fda st\u00e1le dostate\u010dn\u011b vlhk\u00e1, tak se naprogramovan\u00e9 zavla\u017eov\u00e1n\u00ed nespust\u00ed.<br \/><\/span><br \/>\u25ba Ventil 1&#8243; na baterii: 1285<span class='bullet-line'>Zavla\u017eovac\u00ed ventil 9 V je ovl\u00e1dac\u00ed p\u00e1kou automatick\u00e9ho provozu nebo manu\u00e1ln\u00edho zav\u00edr\u00e1n\u00ed a d\u00edky p\u0159ipojen\u00ed s vnit\u0159n\u00edm z\u00e1vitem 1&#8243; jej lze snadno nainstalovat do potrubn\u00edho syst\u00e9mu nebo &#8211; je\u0161t\u011b pohodln\u011bji &#8211; do boxu na ventily GARDENA.<br \/><\/span><br \/>\u25ba Bezdr\u00e1tov\u00e9 \u0159\u00edzen\u00ed: 1285<span class='bullet-line'>Mezi \u0159\u00eddic\u00ed jednotkou naprogramovanou prost\u0159ednictv\u00edm aplikace a zavla\u017eovac\u00edm ventilem nen\u00ed nutn\u00e9 \u017e\u00e1dn\u00e9 kabelov\u00e9 propojen\u00ed. <br \/><\/span><span class='bullet-line'>Pou\u017eit\u00edm 9 V alkalick\u00e9 baterie (nen\u00ed sou\u010d\u00e1st\u00ed balen\u00ed), kter\u00e1 zajist\u00ed spolehliv\u00fd provoz po dobu p\u0159ibli\u017en\u011b jednoho roku, je pou\u017e\u00edv\u00e1n\u00ed nekomplikovan\u00e9 a flexibiln\u00ed.<br \/><\/span><br \/>\u25ba Bezdr\u00e1tov\u00fd zavla\u017eovac\u00ed ventil s praktickou \u0159\u00edd\u00edc\u00ed jednotkou Bluetooth\u00ae<span class='bullet-line'>D\u00edky GARDENA zavla\u017eovac\u00edmu ventilu 9 V Bluetooth\u00ae je zavla\u017eov\u00e1n\u00ed va\u0161\u00ed zahrady automatick\u00e9, bezdr\u00e1tov\u00e9, a proto extr\u00e9mn\u011b pohodln\u00e9. <br \/><\/span><span class='bullet-line'>Zavla\u017eovac\u00ed ventil 9 V Bluetooth\u00ae je jednodu\u0161e ide\u00e1ln\u00ed v p\u0159\u00edpad\u011b, \u017ee chcete automaticky ovl\u00e1dat sv\u016fj zavla\u017eovac\u00ed syst\u00e9m jako v\u011bt\u0161\u00ed instalaci Sprinklersyst\u00e9mu ve va\u0161\u00ed zahrad\u011b, zejm\u00e9na v m\u00edstech bez p\u0159ipojen\u00ed k elektrick\u00e9 s\u00edti. <br \/><\/span><span class='bullet-line'>Umo\u017e\u0148uje to um\u00edst\u011bn\u00ed ventil\u016f na r\u016fzn\u00fdch m\u00edstech po zahrad\u011b. <br \/><\/span><span class='bullet-line'>Jako praktick\u00e9 d\u00e1lkov\u00e9 ovl\u00e1d\u00e1n\u00ed poslou\u017e\u00ed v\u00e1\u0161 tablet nebo smartphone se syst\u00e9mem iOS nebo Android a nainstalovanou bezplatnou aplikac\u00ed GARDENA Bluetooth\u00ae. <br \/><\/span><span class='bullet-line'>Pokud je nap\u0159\u00edklad va\u0161e zavla\u017eov\u00e1n\u00ed zahrady rozd\u011bleno do r\u016fzn\u00fdch oblast\u00ed, m\u016f\u017eete jej nyn\u00ed ovl\u00e1dat a \u0159\u00eddit jednotliv\u011b v okruhu 10 metr\u016f a bez s\u00ed\u0165ov\u00e9ho p\u0159ipojen\u00ed nebo kabel\u016f d\u00edky p\u0159ipojen\u00ed p\u0159es Bluetooth\u00ae. <br \/><\/span><span class='bullet-line'>Pl\u00e1novac\u00ed asistent v\u00e1m polo\u017e\u00ed n\u011bkolik ot\u00e1zek a pot\u00e9 v\u00e1m navrhne ide\u00e1ln\u00ed kombinaci zavla\u017eov\u00e1n\u00ed. <br \/><\/span><span class='bullet-line'>Vlastn\u00ed pl\u00e1n zavla\u017eov\u00e1n\u00ed, kdy jsou va\u0161e rostliny z\u00e1sobov\u00e1ny vodou, m\u016f\u017eete upravit podle \u0161esti rozvrh\u016f nastaven\u00ed \u010dasu zah\u00e1jen\u00ed, doby zavla\u017eov\u00e1n\u00ed nebo konkr\u00e9tn\u00edch dn\u016f v t\u00fddnu. <br \/><\/span><span class='bullet-line'>V p\u0159\u00edpad\u011b pot\u0159eby m\u016f\u017eete dokonce nastavit de\u0161\u0165ovou p\u0159est\u00e1vku. <br \/><\/span><span class='bullet-line'>Zajist\u00edte t\u00edm, aby va\u0161e zahrada nebyla b\u011bhem de\u0161tiv\u00e9ho t\u00fddne zbyte\u010dn\u011b zavla\u017eov\u00e1na. <br \/><\/span><span class='bullet-line'>Prosp\u011bje to nejen va\u0161im rostlin\u00e1m, ale tak\u00e9 u\u0161et\u0159\u00edte vodu. <br \/><\/span><span class='bullet-line'>Ovl\u00e1dac\u00ed prvek m\u00e1 jasn\u011b viditeln\u00e9 tla\u010d\u00edtko, pomoc\u00ed kter\u00e9ho m\u016f\u017eete zavla\u017eov\u00e1n\u00ed ru\u010dn\u011b spustit a zastavit. <br \/><\/span><span class='bullet-line'>Po\u017eadovanou dobu zavla\u017eov\u00e1n\u00ed lze nastavit v aplikaci GARDENA Bluetooth\u00ae. <br \/><\/span><span class='bullet-line'>Nav\u00edc je mo\u017en\u00e9 p\u0159ipojit samostatn\u011b dostupn\u00e9 GARDENA \u010didlo p\u016fdn\u00ed vlhkosti pro \u00fasporn\u00e9 zavla\u017eov\u00e1n\u00ed podle aktu\u00e1ln\u00ed vlhkosti p\u016fdy. <br \/><\/span><span class='bullet-line'>Ventil je opat\u0159en vnit\u0159n\u00edm z\u00e1vitem 1&#8243; pro snadnou instalaci na samostatn\u011b dostupn\u00fd box na ventily. <br \/><\/span><span class='bullet-line'>Zavla\u017eovac\u00ed ventil 9 V Bluetooth\u00ae vy\u017eaduje 9 V alkalickou baterii, kter\u00e1 zajist\u00ed spolehliv\u00fd provoz po dobu nejm\u00e9n\u011b jedn\u00e9 zahradn\u00ed sez\u00f3ny; provoz je bezdr\u00e1tov\u00fd a zcela nez\u00e1visl\u00fd na nap\u00e1jen\u00ed. <br \/><\/span><span class='bullet-line'>Konstrukce ventilu je optimalizov\u00e1na pro minim\u00e1ln\u00ed ztr\u00e1ty tlaku vody. \u0158\u00eddic\u00ed jednotka Bluetooth\u00ae nab\u00edz\u00ed praktick\u00e9 LED, kter\u00e9 v\u00e1s informuj\u00ed o p\u0159ipojen\u00ed Bluetooth\u00ae, stavu baterie a aktu\u00e1ln\u00edm stavu zavla\u017eov\u00e1n\u00ed.<\/span><\/div>\n<div class=\"parameters\">\n<tr>\n<td>Provozn\u00ed tlak, min.<\/td>\n<td>0.5 bar<\/td>\n<\/tr>\n<tr>\n<td>Provozn\u00ed tlak, max.<\/td>\n<td>12 bar<\/td>\n<\/tr><\/div>\n<\/table>\n","protected":false},"excerpt":{"rendered":"<p>\u25ba Automatick\u00e9 pohodln\u00e9 zavla\u017eov\u00e1n\u00ed &#8211; akumul\u00e1torov\u00fd provozZavla\u017eovac\u00ed ventil GARDENA 9 V Bluetooth\u00ae zavla\u017euje va\u0161i zahradu spolehliv\u011b a pohodln\u011b, i kdy\u017e nejste doma.Z\u00edsk\u00e1te v\u00edce voln\u00e9ho \u010dasu a budete m\u00edt sv\u011b\u017e\u00ed zelen\u00fd tr\u00e1vn\u00edk a kr\u00e1sn\u00e9 zdrav\u00e9 rostliny.\u25ba Jednoduch\u00e9 p\u0159ipojen\u00ed a konfigurace prost\u0159ednictv\u00edm aplikace GARDENA Bluetooth\u00aeBezplatn\u00e1 aplikace GARDENA Bluetooth\u00ae pro iOS a Android p\u0159em\u011bn\u00ed v\u00e1\u0161 smartphone nebo tablet [&hellip;]<\/p>\n","protected":false},"featured_media":6879,"comment_status":"open","ping_status":"open","template":"","meta":[],"product_brand":[],"product_cat":[44],"product_tag":[],"class_list":{"0":"post-6779","1":"product","2":"type-product","3":"status-publish","4":"has-post-thumbnail","6":"product_cat-zahrada","8":"first","9":"instock","10":"sale","11":"shipping-taxable","12":"purchasable","13":"product-type-simple"},"yoast_head":"<!-- This site is optimized with the Yoast SEO plugin v26.8 - https:\/\/yoast.com\/product\/yoast-seo-wordpress\/ -->\n<title>Gardena 1285-29 zavla\u017eovac\u00ed ventil 9V Bluetooth Obl\u00edben\u00fd -<\/title>\n<meta name=\"robots\" content=\"index, follow, max-snippet:-1, max-image-preview:large, max-video-preview:-1\" \/>\n<link rel=\"canonical\" href=\"https:\/\/www.koupeltech.com\/index.php\/produkt\/gardena-1285-29-zavlazovaci-ventil-9v-bluetooth-oblibeny-6779\/\" \/>\n<meta property=\"og:locale\" content=\"cs_CZ\" \/>\n<meta property=\"og:type\" content=\"article\" \/>\n<meta property=\"og:title\" content=\"Gardena 1285-29 zavla\u017eovac\u00ed ventil 9V Bluetooth Obl\u00edben\u00fd -\" \/>\n<meta property=\"og:description\" content=\"\u25ba Automatick\u00e9 pohodln\u00e9 zavla\u017eov\u00e1n\u00ed &#8211; akumul\u00e1torov\u00fd provozZavla\u017eovac\u00ed ventil GARDENA 9 V Bluetooth\u00ae zavla\u017euje va\u0161i zahradu spolehliv\u011b a pohodln\u011b, i kdy\u017e nejste doma.Z\u00edsk\u00e1te v\u00edce voln\u00e9ho \u010dasu a budete m\u00edt sv\u011b\u017e\u00ed zelen\u00fd tr\u00e1vn\u00edk a kr\u00e1sn\u00e9 zdrav\u00e9 rostliny.\u25ba Jednoduch\u00e9 p\u0159ipojen\u00ed a konfigurace prost\u0159ednictv\u00edm aplikace GARDENA Bluetooth\u00aeBezplatn\u00e1 aplikace GARDENA Bluetooth\u00ae pro iOS a Android p\u0159em\u011bn\u00ed v\u00e1\u0161 smartphone nebo tablet [&hellip;]\" \/>\n<meta property=\"og:url\" content=\"https:\/\/www.koupeltech.com\/index.php\/produkt\/gardena-1285-29-zavlazovaci-ventil-9v-bluetooth-oblibeny-6779\/\" \/>\n<meta property=\"og:image\" content=\"https:\/\/www.koupeltech.com\/wp-content\/uploads\/2026\/SK0022537-CZ20260425-092328-0-1777080210-1240078-1_161530.webp\" \/>\n\t<meta property=\"og:image:width\" content=\"340\" \/>\n\t<meta property=\"og:image:height\" content=\"340\" \/>\n\t<meta property=\"og:image:type\" content=\"image\/webp\" \/>\n<meta name=\"twitter:card\" content=\"summary_large_image\" \/>\n<meta name=\"twitter:label1\" content=\"Odhadovan\u00e1 doba \u010dten\u00ed\" \/>\n\t<meta name=\"twitter:data1\" content=\"4 minuty\" \/>\n<script type=\"application\/ld+json\" class=\"yoast-schema-graph\">{\"@context\":\"https:\/\/schema.org\",\"@graph\":[{\"@type\":\"WebPage\",\"@id\":\"https:\/\/www.koupeltech.com\/index.php\/produkt\/gardena-1285-29-zavlazovaci-ventil-9v-bluetooth-oblibeny-6779\/\",\"url\":\"https:\/\/www.koupeltech.com\/index.php\/produkt\/gardena-1285-29-zavlazovaci-ventil-9v-bluetooth-oblibeny-6779\/\",\"name\":\"Gardena 1285-29 zavla\u017eovac\u00ed ventil 9V Bluetooth Obl\u00edben\u00fd -\",\"isPartOf\":{\"@id\":\"https:\/\/www.koupeltech.com\/#website\"},\"primaryImageOfPage\":{\"@id\":\"https:\/\/www.koupeltech.com\/index.php\/produkt\/gardena-1285-29-zavlazovaci-ventil-9v-bluetooth-oblibeny-6779\/#primaryimage\"},\"image\":{\"@id\":\"https:\/\/www.koupeltech.com\/index.php\/produkt\/gardena-1285-29-zavlazovaci-ventil-9v-bluetooth-oblibeny-6779\/#primaryimage\"},\"thumbnailUrl\":\"https:\/\/www.koupeltech.com\/wp-content\/uploads\/2026\/SK0022537-CZ20260425-092328-0-1777080210-1240078-1_161530.webp\",\"datePublished\":\"2026-04-27T13:56:51+00:00\",\"breadcrumb\":{\"@id\":\"https:\/\/www.koupeltech.com\/index.php\/produkt\/gardena-1285-29-zavlazovaci-ventil-9v-bluetooth-oblibeny-6779\/#breadcrumb\"},\"inLanguage\":\"cs\",\"potentialAction\":[{\"@type\":\"ReadAction\",\"target\":[\"https:\/\/www.koupeltech.com\/index.php\/produkt\/gardena-1285-29-zavlazovaci-ventil-9v-bluetooth-oblibeny-6779\/\"]}]},{\"@type\":\"ImageObject\",\"inLanguage\":\"cs\",\"@id\":\"https:\/\/www.koupeltech.com\/index.php\/produkt\/gardena-1285-29-zavlazovaci-ventil-9v-bluetooth-oblibeny-6779\/#primaryimage\",\"url\":\"https:\/\/www.koupeltech.com\/wp-content\/uploads\/2026\/SK0022537-CZ20260425-092328-0-1777080210-1240078-1_161530.webp\",\"contentUrl\":\"https:\/\/www.koupeltech.com\/wp-content\/uploads\/2026\/SK0022537-CZ20260425-092328-0-1777080210-1240078-1_161530.webp\",\"width\":340,\"height\":340},{\"@type\":\"BreadcrumbList\",\"@id\":\"https:\/\/www.koupeltech.com\/index.php\/produkt\/gardena-1285-29-zavlazovaci-ventil-9v-bluetooth-oblibeny-6779\/#breadcrumb\",\"itemListElement\":[{\"@type\":\"ListItem\",\"position\":1,\"name\":\"Home\",\"item\":\"https:\/\/www.koupeltech.com\/\"},{\"@type\":\"ListItem\",\"position\":2,\"name\":\"Products\",\"item\":\"https:\/\/www.koupeltech.com\/index.php\/products\/\"},{\"@type\":\"ListItem\",\"position\":3,\"name\":\"Gardena 1285-29 zavla\u017eovac\u00ed ventil 9V Bluetooth Obl\u00edben\u00fd\"}]},{\"@type\":\"WebSite\",\"@id\":\"https:\/\/www.koupeltech.com\/#website\",\"url\":\"https:\/\/www.koupeltech.com\/\",\"name\":\"\",\"description\":\"\",\"potentialAction\":[{\"@type\":\"SearchAction\",\"target\":{\"@type\":\"EntryPoint\",\"urlTemplate\":\"https:\/\/www.koupeltech.com\/?s={search_term_string}\"},\"query-input\":{\"@type\":\"PropertyValueSpecification\",\"valueRequired\":true,\"valueName\":\"search_term_string\"}}],\"inLanguage\":\"cs\"}]}<\/script>\n<!-- \/ Yoast SEO plugin. -->","yoast_head_json":{"title":"Gardena 1285-29 zavla\u017eovac\u00ed ventil 9V Bluetooth Obl\u00edben\u00fd -","robots":{"index":"index","follow":"follow","max-snippet":"max-snippet:-1","max-image-preview":"max-image-preview:large","max-video-preview":"max-video-preview:-1"},"canonical":"https:\/\/www.koupeltech.com\/index.php\/produkt\/gardena-1285-29-zavlazovaci-ventil-9v-bluetooth-oblibeny-6779\/","og_locale":"cs_CZ","og_type":"article","og_title":"Gardena 1285-29 zavla\u017eovac\u00ed ventil 9V Bluetooth Obl\u00edben\u00fd -","og_description":"\u25ba Automatick\u00e9 pohodln\u00e9 zavla\u017eov\u00e1n\u00ed &#8211; akumul\u00e1torov\u00fd provozZavla\u017eovac\u00ed ventil GARDENA 9 V Bluetooth\u00ae zavla\u017euje va\u0161i zahradu spolehliv\u011b a pohodln\u011b, i kdy\u017e nejste doma.Z\u00edsk\u00e1te v\u00edce voln\u00e9ho \u010dasu a budete m\u00edt sv\u011b\u017e\u00ed zelen\u00fd tr\u00e1vn\u00edk a kr\u00e1sn\u00e9 zdrav\u00e9 rostliny.\u25ba Jednoduch\u00e9 p\u0159ipojen\u00ed a konfigurace prost\u0159ednictv\u00edm aplikace GARDENA Bluetooth\u00aeBezplatn\u00e1 aplikace GARDENA Bluetooth\u00ae pro iOS a Android p\u0159em\u011bn\u00ed v\u00e1\u0161 smartphone nebo tablet [&hellip;]","og_url":"https:\/\/www.koupeltech.com\/index.php\/produkt\/gardena-1285-29-zavlazovaci-ventil-9v-bluetooth-oblibeny-6779\/","og_image":[{"width":340,"height":340,"url":"https:\/\/www.koupeltech.com\/wp-content\/uploads\/2026\/SK0022537-CZ20260425-092328-0-1777080210-1240078-1_161530.webp","type":"image\/webp"}],"twitter_card":"summary_large_image","twitter_misc":{"Odhadovan\u00e1 doba \u010dten\u00ed":"4 minuty"},"schema":{"@context":"https:\/\/schema.org","@graph":[{"@type":"WebPage","@id":"https:\/\/www.koupeltech.com\/index.php\/produkt\/gardena-1285-29-zavlazovaci-ventil-9v-bluetooth-oblibeny-6779\/","url":"https:\/\/www.koupeltech.com\/index.php\/produkt\/gardena-1285-29-zavlazovaci-ventil-9v-bluetooth-oblibeny-6779\/","name":"Gardena 1285-29 zavla\u017eovac\u00ed ventil 9V Bluetooth Obl\u00edben\u00fd -","isPartOf":{"@id":"https:\/\/www.koupeltech.com\/#website"},"primaryImageOfPage":{"@id":"https:\/\/www.koupeltech.com\/index.php\/produkt\/gardena-1285-29-zavlazovaci-ventil-9v-bluetooth-oblibeny-6779\/#primaryimage"},"image":{"@id":"https:\/\/www.koupeltech.com\/index.php\/produkt\/gardena-1285-29-zavlazovaci-ventil-9v-bluetooth-oblibeny-6779\/#primaryimage"},"thumbnailUrl":"https:\/\/www.koupeltech.com\/wp-content\/uploads\/2026\/SK0022537-CZ20260425-092328-0-1777080210-1240078-1_161530.webp","datePublished":"2026-04-27T13:56:51+00:00","breadcrumb":{"@id":"https:\/\/www.koupeltech.com\/index.php\/produkt\/gardena-1285-29-zavlazovaci-ventil-9v-bluetooth-oblibeny-6779\/#breadcrumb"},"inLanguage":"cs","potentialAction":[{"@type":"ReadAction","target":["https:\/\/www.koupeltech.com\/index.php\/produkt\/gardena-1285-29-zavlazovaci-ventil-9v-bluetooth-oblibeny-6779\/"]}]},{"@type":"ImageObject","inLanguage":"cs","@id":"https:\/\/www.koupeltech.com\/index.php\/produkt\/gardena-1285-29-zavlazovaci-ventil-9v-bluetooth-oblibeny-6779\/#primaryimage","url":"https:\/\/www.koupeltech.com\/wp-content\/uploads\/2026\/SK0022537-CZ20260425-092328-0-1777080210-1240078-1_161530.webp","contentUrl":"https:\/\/www.koupeltech.com\/wp-content\/uploads\/2026\/SK0022537-CZ20260425-092328-0-1777080210-1240078-1_161530.webp","width":340,"height":340},{"@type":"BreadcrumbList","@id":"https:\/\/www.koupeltech.com\/index.php\/produkt\/gardena-1285-29-zavlazovaci-ventil-9v-bluetooth-oblibeny-6779\/#breadcrumb","itemListElement":[{"@type":"ListItem","position":1,"name":"Home","item":"https:\/\/www.koupeltech.com\/"},{"@type":"ListItem","position":2,"name":"Products","item":"https:\/\/www.koupeltech.com\/index.php\/products\/"},{"@type":"ListItem","position":3,"name":"Gardena 1285-29 zavla\u017eovac\u00ed ventil 9V Bluetooth Obl\u00edben\u00fd"}]},{"@type":"WebSite","@id":"https:\/\/www.koupeltech.com\/#website","url":"https:\/\/www.koupeltech.com\/","name":"","description":"","potentialAction":[{"@type":"SearchAction","target":{"@type":"EntryPoint","urlTemplate":"https:\/\/www.koupeltech.com\/?s={search_term_string}"},"query-input":{"@type":"PropertyValueSpecification","valueRequired":true,"valueName":"search_term_string"}}],"inLanguage":"cs"}]}},"_links":{"self":[{"href":"https:\/\/www.koupeltech.com\/index.php\/wp-json\/wp\/v2\/product\/6779","targetHints":{"allow":["GET"]}}],"collection":[{"href":"https:\/\/www.koupeltech.com\/index.php\/wp-json\/wp\/v2\/product"}],"about":[{"href":"https:\/\/www.koupeltech.com\/index.php\/wp-json\/wp\/v2\/types\/product"}],"replies":[{"embeddable":true,"href":"https:\/\/www.koupeltech.com\/index.php\/wp-json\/wp\/v2\/comments?post=6779"}],"wp:featuredmedia":[{"embeddable":true,"href":"https:\/\/www.koupeltech.com\/index.php\/wp-json\/wp\/v2\/media\/6879"}],"wp:attachment":[{"href":"https:\/\/www.koupeltech.com\/index.php\/wp-json\/wp\/v2\/media?parent=6779"}],"wp:term":[{"taxonomy":"product_brand","embeddable":true,"href":"https:\/\/www.koupeltech.com\/index.php\/wp-json\/wp\/v2\/product_brand?post=6779"},{"taxonomy":"product_cat","embeddable":true,"href":"https:\/\/www.koupeltech.com\/index.php\/wp-json\/wp\/v2\/product_cat?post=6779"},{"taxonomy":"product_tag","embeddable":true,"href":"https:\/\/www.koupeltech.com\/index.php\/wp-json\/wp\/v2\/product_tag?post=6779"}],"curies":[{"name":"wp","href":"https:\/\/api.w.org\/{rel}","templated":true}]}}