{"id":6780,"date":"2026-04-27T13:56:51","date_gmt":"2026-04-27T13:56:51","guid":{"rendered":""},"modified":"2026-04-27T13:56:51","modified_gmt":"2026-04-27T13:56:51","slug":"gardena-1286-20-box-na-ventil-9v-bluetooth-promo-sada-novinka-6780","status":"publish","type":"product","link":"https:\/\/www.koupeltech.com\/index.php\/produkt\/gardena-1286-20-box-na-ventil-9v-bluetooth-promo-sada-novinka-6780\/","title":{"rendered":"Gardena 1286-20 box na ventil &#8211; 9V Bluetooth &#8211; promo sada Novinka"},"content":{"rendered":"<table>\n<div class=\"tab-pane active product-description\" id=\"popis\" role=\"tabpanel\">\n<div class=\"short-description\" itemprop=\"description\"><\/div>\n<div class=\"description\">\u25ba Automatick\u00e9 zavla\u017eov\u00e1n\u00ed ve startovac\u00ed sad\u011b: 1286<span class='bullet-line'>Startovac\u00ed sada p\u0159ipraven\u00e1 k okam\u017eit\u00e9mu pou\u017eit\u00ed obsahuje t\u0159i zavla\u017eovac\u00ed ventily GARDENA 9 V Bluetooth\u00ae, kter\u00e9 spolehliv\u011b a pohodln\u011b zavla\u017euj\u00ed va\u0161i zahradu, i kdy\u017e nejste doma. Dod\u00e1v\u00e1 se s GARDENA boxem na ventily V3, kter\u00fd v\u00e1m usnadn\u00ed instalaci a spu\u0161t\u011bn\u00ed syst\u00e9mu.<br \/><\/span><br \/>\u25ba Jednoduch\u00e9 p\u0159ipojen\u00ed a konfigurace prost\u0159ednictv\u00edm aplikace GARDENA Bluetooth\u00ae<span class='bullet-line'>Bezplatn\u00e1 aplikace GARDENA Bluetooth\u00ae pro iOS a Android p\u0159em\u011bn\u00ed v\u00e1\u0161 smartphone nebo tablet na d\u00e1lkov\u00e9 ovl\u00e1d\u00e1n\u00ed, pomoc\u00ed kter\u00e9ho m\u016f\u017eete za\u0159\u00edzen\u00ed pohodln\u011b obsluhovat a programovat krok za krokem (vy\u017eaduje minim\u00e1ln\u011b iOS 12.X, Android 5.0, Bluetooth\u00ae Low Energy 4.0).<br \/><\/span><br \/>\u25ba \u0158\u00edd\u00edc\u00ed jednotka Bluetooth\u00ae s \u0159adou praktick\u00fdch funkc\u00ed pro automatick\u00e9 zavla\u017eov\u00e1n\u00ed: 1285<span class='bullet-line'>Prost\u0159ednictv\u00edm aplikace GARDENA Bluetooth\u00ae lze naprogramovat a\u017e 6 automatick\u00fdch pl\u00e1n\u016f. <br \/><\/span><span class='bullet-line'>V nich se nastav\u00ed za\u010d\u00e1tek zavla\u017eov\u00e1n\u00ed, jeho d\u00e9lka a dny v t\u00fddnu. <br \/><\/span><span class='bullet-line'>Krom\u011b toho lze zavla\u017eov\u00e1n\u00ed spustit a zastavit kdykoliv ru\u010dn\u011b stisknut\u00edm tla\u010d\u00edtka. <br \/><\/span><span class='bullet-line'>Je mo\u017en\u00e9 tak\u00e9 p\u0159ipojit samostatn\u011b dostupn\u00e9 \u010didlo p\u016fdn\u00ed vlhkosti, kter\u00e9 \u0161et\u0159\u00ed vodu &#8211; je-li p\u016fda st\u00e1le dostate\u010dn\u011b vlhk\u00e1, tak se naprogramovan\u00e9 zavla\u017eov\u00e1n\u00ed nespust\u00ed.<br \/><\/span><br \/>\u25ba Ventily 1&#8243; na baterii: 1285<span class='bullet-line'>P\u0159ilo\u017een\u00e9 3 zavla\u017eovac\u00ed ventily 9 V jsou ovl\u00e1dac\u00ed p\u00e1kou automatick\u00e9ho provozu nebo manu\u00e1ln\u00edho zav\u00edr\u00e1n\u00ed a d\u00edky vnit\u0159n\u00edm z\u00e1vit\u016fm 1&#8243; je lze snadno nainstalovat do GARDENA boxu na ventily V3, kter\u00fd je sou\u010d\u00e1st\u00ed t\u00e9to sady.<br \/><\/span><br \/>\u25ba Bezdr\u00e1tov\u00e9 \u0159\u00edzen\u00ed: 1285<span class='bullet-line'>Mezi \u0159\u00eddic\u00ed jednotkou naprogramovanou prost\u0159ednictv\u00edm aplikace a zavla\u017eovac\u00edm ventilem nen\u00ed nutn\u00e9 \u017e\u00e1dn\u00e9 kabelov\u00e9 propojen\u00ed. <br \/><\/span><span class='bullet-line'>Pou\u017eit\u00edm 9 V alkalick\u00e9 baterie (nen\u00ed sou\u010d\u00e1st\u00ed balen\u00ed), kter\u00e1 zajist\u00ed spolehliv\u00fd provoz po dobu p\u0159ibli\u017en\u011b jednoho roku, je pou\u017e\u00edv\u00e1n\u00ed nekomplikovan\u00e9 a flexibiln\u00ed.<br \/><\/span><br \/>\u25ba Bezdr\u00e1tov\u00fd zavla\u017eovac\u00ed ventil s praktickou \u0159\u00edd\u00edc\u00ed jednotkou Bluetooth\u00ae<span class='bullet-line'>Sada GARDENA pro ovl\u00e1d\u00e1n\u00ed va\u0161eho zavla\u017eovac\u00edho syst\u00e9mu se skl\u00e1d\u00e1 ze t\u0159\u00ed zavla\u017eovac\u00edch ventil\u016f 9 V Bluetooth\u00ae a boxu na ventily V3. <br \/><\/span><span class='bullet-line'>Zavla\u017eovac\u00ed ventily 9 V lze snadno programovat ze vzd\u00e1lenosti a\u017e 10 m od za\u0159\u00edzen\u00ed pomoc\u00ed aplikace GARDENA Bluetooth\u00ae nainstalovan\u00e9 na smartphonu nebo tabletu. <br \/><\/span><span class='bullet-line'>Na ka\u017ed\u00fd ventil je mo\u017en\u00e9 vytvo\u0159it \u0161est r\u016fzn\u00fdch zavla\u017eovac\u00edch pl\u00e1n\u016f, ve kter\u00fdch lze nastavit \u010das, dobu trv\u00e1n\u00ed zavla\u017eov\u00e1n\u00ed a den v t\u00fddnu. <br \/><\/span><span class='bullet-line'>Stavov\u00e9 LED poskytuj\u00ed informace o p\u0159ipojen\u00ed Bluetooth\u00ae, stavu baterie a zavla\u017eov\u00e1n\u00ed. <br \/><\/span><span class='bullet-line'>Funkce \u201eWater Now\u201c (okam\u017eit\u00e9 zavla\u017eov\u00e1n\u00ed): zah\u00e1jen\u00ed okam\u017eit\u00e9ho zavla\u017eov\u00e1n\u00ed lze aktivovat ru\u010dn\u011b beze zm\u011bny nastaven\u00ed. <br \/><\/span><span class='bullet-line'>Lze pou\u017e\u00edvat spole\u010dn\u011b s GARDENA \u010didlem p\u016fdn\u00ed vlhkosti.<\/span><\/div>\n<div class=\"parameters\">\n<tr>\n<td>Provozn\u00ed tlak, min.<\/td>\n<td>0.5 bar<\/td>\n<\/tr>\n<tr>\n<td>Provozn\u00ed tlak, max.<\/td>\n<td>12 bar<\/td>\n<\/tr><\/div>\n<\/table>\n","protected":false},"excerpt":{"rendered":"<p>\u25ba Automatick\u00e9 zavla\u017eov\u00e1n\u00ed ve startovac\u00ed sad\u011b: 1286Startovac\u00ed sada p\u0159ipraven\u00e1 k okam\u017eit\u00e9mu pou\u017eit\u00ed obsahuje t\u0159i zavla\u017eovac\u00ed ventily GARDENA 9 V Bluetooth\u00ae, kter\u00e9 spolehliv\u011b a pohodln\u011b zavla\u017euj\u00ed va\u0161i zahradu, i kdy\u017e nejste doma. Dod\u00e1v\u00e1 se s GARDENA boxem na ventily V3, kter\u00fd v\u00e1m usnadn\u00ed instalaci a spu\u0161t\u011bn\u00ed syst\u00e9mu.\u25ba Jednoduch\u00e9 p\u0159ipojen\u00ed a konfigurace prost\u0159ednictv\u00edm aplikace GARDENA Bluetooth\u00aeBezplatn\u00e1 aplikace [&hellip;]<\/p>\n","protected":false},"featured_media":6880,"comment_status":"open","ping_status":"open","template":"","meta":[],"product_brand":[],"product_cat":[44],"product_tag":[],"class_list":{"0":"post-6780","1":"product","2":"type-product","3":"status-publish","4":"has-post-thumbnail","6":"product_cat-zahrada","8":"first","9":"instock","10":"sale","11":"shipping-taxable","12":"purchasable","13":"product-type-simple"},"yoast_head":"<!-- This site is optimized with the Yoast SEO plugin v26.8 - https:\/\/yoast.com\/product\/yoast-seo-wordpress\/ -->\n<title>Gardena 1286-20 box na ventil - 9V Bluetooth - promo sada Novinka -<\/title>\n<meta name=\"robots\" content=\"index, follow, max-snippet:-1, max-image-preview:large, max-video-preview:-1\" \/>\n<link rel=\"canonical\" href=\"https:\/\/www.koupeltech.com\/index.php\/produkt\/gardena-1286-20-box-na-ventil-9v-bluetooth-promo-sada-novinka-6780\/\" \/>\n<meta property=\"og:locale\" content=\"cs_CZ\" \/>\n<meta property=\"og:type\" content=\"article\" \/>\n<meta property=\"og:title\" content=\"Gardena 1286-20 box na ventil - 9V Bluetooth - promo sada Novinka -\" \/>\n<meta property=\"og:description\" content=\"\u25ba Automatick\u00e9 zavla\u017eov\u00e1n\u00ed ve startovac\u00ed sad\u011b: 1286Startovac\u00ed sada p\u0159ipraven\u00e1 k okam\u017eit\u00e9mu pou\u017eit\u00ed obsahuje t\u0159i zavla\u017eovac\u00ed ventily GARDENA 9 V Bluetooth\u00ae, kter\u00e9 spolehliv\u011b a pohodln\u011b zavla\u017euj\u00ed va\u0161i zahradu, i kdy\u017e nejste doma. Dod\u00e1v\u00e1 se s GARDENA boxem na ventily V3, kter\u00fd v\u00e1m usnadn\u00ed instalaci a spu\u0161t\u011bn\u00ed syst\u00e9mu.\u25ba Jednoduch\u00e9 p\u0159ipojen\u00ed a konfigurace prost\u0159ednictv\u00edm aplikace GARDENA Bluetooth\u00aeBezplatn\u00e1 aplikace [&hellip;]\" \/>\n<meta property=\"og:url\" content=\"https:\/\/www.koupeltech.com\/index.php\/produkt\/gardena-1286-20-box-na-ventil-9v-bluetooth-promo-sada-novinka-6780\/\" \/>\n<meta property=\"og:image\" content=\"https:\/\/www.koupeltech.com\/wp-content\/uploads\/2026\/SK0022538-CZ20260425-092328-0-1777080210-1240079-1_161630.webp\" \/>\n\t<meta property=\"og:image:width\" content=\"340\" \/>\n\t<meta property=\"og:image:height\" content=\"340\" \/>\n\t<meta property=\"og:image:type\" content=\"image\/webp\" \/>\n<meta name=\"twitter:card\" content=\"summary_large_image\" \/>\n<meta name=\"twitter:label1\" content=\"Odhadovan\u00e1 doba \u010dten\u00ed\" \/>\n\t<meta name=\"twitter:data1\" content=\"2 minuty\" \/>\n<script type=\"application\/ld+json\" class=\"yoast-schema-graph\">{\"@context\":\"https:\/\/schema.org\",\"@graph\":[{\"@type\":\"WebPage\",\"@id\":\"https:\/\/www.koupeltech.com\/index.php\/produkt\/gardena-1286-20-box-na-ventil-9v-bluetooth-promo-sada-novinka-6780\/\",\"url\":\"https:\/\/www.koupeltech.com\/index.php\/produkt\/gardena-1286-20-box-na-ventil-9v-bluetooth-promo-sada-novinka-6780\/\",\"name\":\"Gardena 1286-20 box na ventil - 9V Bluetooth - promo sada Novinka -\",\"isPartOf\":{\"@id\":\"https:\/\/www.koupeltech.com\/#website\"},\"primaryImageOfPage\":{\"@id\":\"https:\/\/www.koupeltech.com\/index.php\/produkt\/gardena-1286-20-box-na-ventil-9v-bluetooth-promo-sada-novinka-6780\/#primaryimage\"},\"image\":{\"@id\":\"https:\/\/www.koupeltech.com\/index.php\/produkt\/gardena-1286-20-box-na-ventil-9v-bluetooth-promo-sada-novinka-6780\/#primaryimage\"},\"thumbnailUrl\":\"https:\/\/www.koupeltech.com\/wp-content\/uploads\/2026\/SK0022538-CZ20260425-092328-0-1777080210-1240079-1_161630.webp\",\"datePublished\":\"2026-04-27T13:56:51+00:00\",\"breadcrumb\":{\"@id\":\"https:\/\/www.koupeltech.com\/index.php\/produkt\/gardena-1286-20-box-na-ventil-9v-bluetooth-promo-sada-novinka-6780\/#breadcrumb\"},\"inLanguage\":\"cs\",\"potentialAction\":[{\"@type\":\"ReadAction\",\"target\":[\"https:\/\/www.koupeltech.com\/index.php\/produkt\/gardena-1286-20-box-na-ventil-9v-bluetooth-promo-sada-novinka-6780\/\"]}]},{\"@type\":\"ImageObject\",\"inLanguage\":\"cs\",\"@id\":\"https:\/\/www.koupeltech.com\/index.php\/produkt\/gardena-1286-20-box-na-ventil-9v-bluetooth-promo-sada-novinka-6780\/#primaryimage\",\"url\":\"https:\/\/www.koupeltech.com\/wp-content\/uploads\/2026\/SK0022538-CZ20260425-092328-0-1777080210-1240079-1_161630.webp\",\"contentUrl\":\"https:\/\/www.koupeltech.com\/wp-content\/uploads\/2026\/SK0022538-CZ20260425-092328-0-1777080210-1240079-1_161630.webp\",\"width\":340,\"height\":340},{\"@type\":\"BreadcrumbList\",\"@id\":\"https:\/\/www.koupeltech.com\/index.php\/produkt\/gardena-1286-20-box-na-ventil-9v-bluetooth-promo-sada-novinka-6780\/#breadcrumb\",\"itemListElement\":[{\"@type\":\"ListItem\",\"position\":1,\"name\":\"Home\",\"item\":\"https:\/\/www.koupeltech.com\/\"},{\"@type\":\"ListItem\",\"position\":2,\"name\":\"Products\",\"item\":\"https:\/\/www.koupeltech.com\/index.php\/products\/\"},{\"@type\":\"ListItem\",\"position\":3,\"name\":\"Gardena 1286-20 box na ventil &#8211; 9V Bluetooth &#8211; promo sada Novinka\"}]},{\"@type\":\"WebSite\",\"@id\":\"https:\/\/www.koupeltech.com\/#website\",\"url\":\"https:\/\/www.koupeltech.com\/\",\"name\":\"\",\"description\":\"\",\"potentialAction\":[{\"@type\":\"SearchAction\",\"target\":{\"@type\":\"EntryPoint\",\"urlTemplate\":\"https:\/\/www.koupeltech.com\/?s={search_term_string}\"},\"query-input\":{\"@type\":\"PropertyValueSpecification\",\"valueRequired\":true,\"valueName\":\"search_term_string\"}}],\"inLanguage\":\"cs\"}]}<\/script>\n<!-- \/ Yoast SEO plugin. -->","yoast_head_json":{"title":"Gardena 1286-20 box na ventil - 9V Bluetooth - promo sada Novinka -","robots":{"index":"index","follow":"follow","max-snippet":"max-snippet:-1","max-image-preview":"max-image-preview:large","max-video-preview":"max-video-preview:-1"},"canonical":"https:\/\/www.koupeltech.com\/index.php\/produkt\/gardena-1286-20-box-na-ventil-9v-bluetooth-promo-sada-novinka-6780\/","og_locale":"cs_CZ","og_type":"article","og_title":"Gardena 1286-20 box na ventil - 9V Bluetooth - promo sada Novinka -","og_description":"\u25ba Automatick\u00e9 zavla\u017eov\u00e1n\u00ed ve startovac\u00ed sad\u011b: 1286Startovac\u00ed sada p\u0159ipraven\u00e1 k okam\u017eit\u00e9mu pou\u017eit\u00ed obsahuje t\u0159i zavla\u017eovac\u00ed ventily GARDENA 9 V Bluetooth\u00ae, kter\u00e9 spolehliv\u011b a pohodln\u011b zavla\u017euj\u00ed va\u0161i zahradu, i kdy\u017e nejste doma. Dod\u00e1v\u00e1 se s GARDENA boxem na ventily V3, kter\u00fd v\u00e1m usnadn\u00ed instalaci a spu\u0161t\u011bn\u00ed syst\u00e9mu.\u25ba Jednoduch\u00e9 p\u0159ipojen\u00ed a konfigurace prost\u0159ednictv\u00edm aplikace GARDENA Bluetooth\u00aeBezplatn\u00e1 aplikace [&hellip;]","og_url":"https:\/\/www.koupeltech.com\/index.php\/produkt\/gardena-1286-20-box-na-ventil-9v-bluetooth-promo-sada-novinka-6780\/","og_image":[{"width":340,"height":340,"url":"https:\/\/www.koupeltech.com\/wp-content\/uploads\/2026\/SK0022538-CZ20260425-092328-0-1777080210-1240079-1_161630.webp","type":"image\/webp"}],"twitter_card":"summary_large_image","twitter_misc":{"Odhadovan\u00e1 doba \u010dten\u00ed":"2 minuty"},"schema":{"@context":"https:\/\/schema.org","@graph":[{"@type":"WebPage","@id":"https:\/\/www.koupeltech.com\/index.php\/produkt\/gardena-1286-20-box-na-ventil-9v-bluetooth-promo-sada-novinka-6780\/","url":"https:\/\/www.koupeltech.com\/index.php\/produkt\/gardena-1286-20-box-na-ventil-9v-bluetooth-promo-sada-novinka-6780\/","name":"Gardena 1286-20 box na ventil - 9V Bluetooth - promo sada Novinka -","isPartOf":{"@id":"https:\/\/www.koupeltech.com\/#website"},"primaryImageOfPage":{"@id":"https:\/\/www.koupeltech.com\/index.php\/produkt\/gardena-1286-20-box-na-ventil-9v-bluetooth-promo-sada-novinka-6780\/#primaryimage"},"image":{"@id":"https:\/\/www.koupeltech.com\/index.php\/produkt\/gardena-1286-20-box-na-ventil-9v-bluetooth-promo-sada-novinka-6780\/#primaryimage"},"thumbnailUrl":"https:\/\/www.koupeltech.com\/wp-content\/uploads\/2026\/SK0022538-CZ20260425-092328-0-1777080210-1240079-1_161630.webp","datePublished":"2026-04-27T13:56:51+00:00","breadcrumb":{"@id":"https:\/\/www.koupeltech.com\/index.php\/produkt\/gardena-1286-20-box-na-ventil-9v-bluetooth-promo-sada-novinka-6780\/#breadcrumb"},"inLanguage":"cs","potentialAction":[{"@type":"ReadAction","target":["https:\/\/www.koupeltech.com\/index.php\/produkt\/gardena-1286-20-box-na-ventil-9v-bluetooth-promo-sada-novinka-6780\/"]}]},{"@type":"ImageObject","inLanguage":"cs","@id":"https:\/\/www.koupeltech.com\/index.php\/produkt\/gardena-1286-20-box-na-ventil-9v-bluetooth-promo-sada-novinka-6780\/#primaryimage","url":"https:\/\/www.koupeltech.com\/wp-content\/uploads\/2026\/SK0022538-CZ20260425-092328-0-1777080210-1240079-1_161630.webp","contentUrl":"https:\/\/www.koupeltech.com\/wp-content\/uploads\/2026\/SK0022538-CZ20260425-092328-0-1777080210-1240079-1_161630.webp","width":340,"height":340},{"@type":"BreadcrumbList","@id":"https:\/\/www.koupeltech.com\/index.php\/produkt\/gardena-1286-20-box-na-ventil-9v-bluetooth-promo-sada-novinka-6780\/#breadcrumb","itemListElement":[{"@type":"ListItem","position":1,"name":"Home","item":"https:\/\/www.koupeltech.com\/"},{"@type":"ListItem","position":2,"name":"Products","item":"https:\/\/www.koupeltech.com\/index.php\/products\/"},{"@type":"ListItem","position":3,"name":"Gardena 1286-20 box na ventil &#8211; 9V Bluetooth &#8211; promo sada Novinka"}]},{"@type":"WebSite","@id":"https:\/\/www.koupeltech.com\/#website","url":"https:\/\/www.koupeltech.com\/","name":"","description":"","potentialAction":[{"@type":"SearchAction","target":{"@type":"EntryPoint","urlTemplate":"https:\/\/www.koupeltech.com\/?s={search_term_string}"},"query-input":{"@type":"PropertyValueSpecification","valueRequired":true,"valueName":"search_term_string"}}],"inLanguage":"cs"}]}},"_links":{"self":[{"href":"https:\/\/www.koupeltech.com\/index.php\/wp-json\/wp\/v2\/product\/6780","targetHints":{"allow":["GET"]}}],"collection":[{"href":"https:\/\/www.koupeltech.com\/index.php\/wp-json\/wp\/v2\/product"}],"about":[{"href":"https:\/\/www.koupeltech.com\/index.php\/wp-json\/wp\/v2\/types\/product"}],"replies":[{"embeddable":true,"href":"https:\/\/www.koupeltech.com\/index.php\/wp-json\/wp\/v2\/comments?post=6780"}],"wp:featuredmedia":[{"embeddable":true,"href":"https:\/\/www.koupeltech.com\/index.php\/wp-json\/wp\/v2\/media\/6880"}],"wp:attachment":[{"href":"https:\/\/www.koupeltech.com\/index.php\/wp-json\/wp\/v2\/media?parent=6780"}],"wp:term":[{"taxonomy":"product_brand","embeddable":true,"href":"https:\/\/www.koupeltech.com\/index.php\/wp-json\/wp\/v2\/product_brand?post=6780"},{"taxonomy":"product_cat","embeddable":true,"href":"https:\/\/www.koupeltech.com\/index.php\/wp-json\/wp\/v2\/product_cat?post=6780"},{"taxonomy":"product_tag","embeddable":true,"href":"https:\/\/www.koupeltech.com\/index.php\/wp-json\/wp\/v2\/product_tag?post=6780"}],"curies":[{"name":"wp","href":"https:\/\/api.w.org\/{rel}","templated":true}]}}