{"id":6781,"date":"2026-04-27T13:56:51","date_gmt":"2026-04-27T13:56:51","guid":{"rendered":""},"modified":"2026-04-27T13:56:51","modified_gmt":"2026-04-27T13:56:51","slug":"vikendova-akce-gardena-1868-20-prodluzovaci-kabel-6781","status":"publish","type":"product","link":"https:\/\/www.koupeltech.com\/index.php\/produkt\/vikendova-akce-gardena-1868-20-prodluzovaci-kabel-6781\/","title":{"rendered":"V\u00edkendov\u00e1 Akce Gardena 1868-20 prodlu\u017eovac\u00ed kabel"},"content":{"rendered":"<table>\n<div class=\"tab-pane active product-description\" id=\"popis\" role=\"tabpanel\">\n<div class=\"short-description\" itemprop=\"description\"><\/div>\n<div class=\"description\">\u25ba Jednoduch\u00e9 kabelov\u00e9 p\u0159ipojen\u00ed: 1868<span class='bullet-line'>Jednodu\u0161e p\u0159ipojte prodlu\u017eovac\u00ed kabel k p\u0159ipojovac\u00edmu kabelu &#8211; a je hotovo.<\/span><br \/>\u25ba Pro nadzemn\u00ed i podzemn\u00ed instalaci: 1868<span class='bullet-line'>Prodlu\u017eovac\u00ed kabel lze instalovat bu\u010f nad zem\u00ed nebo pod zem\u00ed.<\/span><br \/>\u25ba Velk\u00fd dosah: 1868<span class='bullet-line'>Prodlu\u017eovac\u00ed kabel o d\u00e9lce 10 metr\u016f slou\u017e\u00ed k prodlou\u017een\u00ed p\u0159ipojovac\u00edho kabelu \u010didla p\u016fdn\u00ed vlhkosti na celkovou d\u00e9lku 15 metr\u016f. <\/span><span class='bullet-line'>P\u0159ipojovac\u00ed kabel lze prodlou\u017eit na maxim\u00e1ln\u00ed d\u00e9lku 105 metr\u016f.<\/span><br \/>\u25ba Bezpe\u010dn\u00e9 spojen\u00ed: 1868<span class='bullet-line'>Prodlu\u017eovac\u00ed kabel poskytuje bezpe\u010dn\u00e9 a stabiln\u00ed spojen\u00ed mezi \u010didlem a p\u0159ipojen\u00fdm \u0159\u00edzen\u00edm zavla\u017eov\u00e1n\u00ed.<\/span><br \/>\u25ba Prodlu\u017eovac\u00ed kabel pro va\u0161e \u010didlo p\u016fdn\u00ed vlhkosti<span class='bullet-line'>S GARDENA prodlu\u017eovac\u00edm kabelem najdete spr\u00e1vnou polohu \u010didla p\u016fdn\u00ed vlhkosti ve va\u0161\u00ed zahrad\u011b velmi snadno. <\/span><span class='bullet-line'>Praktick\u00fd prodlu\u017eovac\u00ed kabel m\u00e1 d\u00e9lku 10 metr\u016f, tak\u017ee umo\u017en\u00ed pru\u017en\u00e9 \u0159e\u0161en\u00ed pro zahradu jak\u00e9koliv velikosti. <\/span><span class='bullet-line'>Pro maxim\u00e1ln\u00ed flexibilitu p\u0159i instalaci lze propojovac\u00ed kabel prodlou\u017eit na celkem 105 metr\u016f. <\/span><span class='bullet-line'>D\u00edky jednoduch\u00e9mu z\u00e1str\u010dn\u00e9mu p\u0159ipojen\u00ed sta\u010d\u00ed zapojit oba kabely dohromady. <\/span><span class='bullet-line'>Kabel poskytuje spolehliv\u00e9 a stabiln\u00ed spojen\u00ed mezi \u010didlem a p\u0159ipojen\u00fdm zavla\u017eovac\u00edm po\u010d\u00edta\u010dem\/\u0159\u00edzen\u00edm zavla\u017eov\u00e1n\u00ed i pod zem\u00ed. <\/span><span class='bullet-line'>S prodlu\u017eovac\u00edm kabelem GARDENA je zaru\u010dena kvalita a nen\u00ed nutn\u00e1 \u017e\u00e1dn\u00e1 \u010dasov\u011b n\u00e1ro\u010dn\u00e1 \u00fadr\u017eba.<\/span><\/div>\n<\/table>\n","protected":false},"excerpt":{"rendered":"<p>\u25ba Jednoduch\u00e9 kabelov\u00e9 p\u0159ipojen\u00ed: 1868Jednodu\u0161e p\u0159ipojte prodlu\u017eovac\u00ed kabel k p\u0159ipojovac\u00edmu kabelu &#8211; a je hotovo.\u25ba Pro nadzemn\u00ed i podzemn\u00ed instalaci: 1868Prodlu\u017eovac\u00ed kabel lze instalovat bu\u010f nad zem\u00ed nebo pod zem\u00ed.\u25ba Velk\u00fd dosah: 1868Prodlu\u017eovac\u00ed kabel o d\u00e9lce 10 metr\u016f slou\u017e\u00ed k prodlou\u017een\u00ed p\u0159ipojovac\u00edho kabelu \u010didla p\u016fdn\u00ed vlhkosti na celkovou d\u00e9lku 15 metr\u016f. P\u0159ipojovac\u00ed kabel lze prodlou\u017eit [&hellip;]<\/p>\n","protected":false},"featured_media":6881,"comment_status":"open","ping_status":"open","template":"","meta":[],"product_brand":[],"product_cat":[44],"product_tag":[],"class_list":{"0":"post-6781","1":"product","2":"type-product","3":"status-publish","4":"has-post-thumbnail","6":"product_cat-zahrada","8":"first","9":"instock","10":"sale","11":"shipping-taxable","12":"purchasable","13":"product-type-simple"},"yoast_head":"<!-- This site is optimized with the Yoast SEO plugin v26.8 - https:\/\/yoast.com\/product\/yoast-seo-wordpress\/ -->\n<title>V\u00edkendov\u00e1 Akce Gardena 1868-20 prodlu\u017eovac\u00ed kabel -<\/title>\n<meta name=\"robots\" content=\"index, follow, max-snippet:-1, max-image-preview:large, max-video-preview:-1\" \/>\n<link rel=\"canonical\" href=\"https:\/\/www.koupeltech.com\/index.php\/produkt\/vikendova-akce-gardena-1868-20-prodluzovaci-kabel-6781\/\" \/>\n<meta property=\"og:locale\" content=\"cs_CZ\" \/>\n<meta property=\"og:type\" content=\"article\" \/>\n<meta property=\"og:title\" content=\"V\u00edkendov\u00e1 Akce Gardena 1868-20 prodlu\u017eovac\u00ed kabel -\" \/>\n<meta property=\"og:description\" content=\"\u25ba Jednoduch\u00e9 kabelov\u00e9 p\u0159ipojen\u00ed: 1868Jednodu\u0161e p\u0159ipojte prodlu\u017eovac\u00ed kabel k p\u0159ipojovac\u00edmu kabelu &#8211; a je hotovo.\u25ba Pro nadzemn\u00ed i podzemn\u00ed instalaci: 1868Prodlu\u017eovac\u00ed kabel lze instalovat bu\u010f nad zem\u00ed nebo pod zem\u00ed.\u25ba Velk\u00fd dosah: 1868Prodlu\u017eovac\u00ed kabel o d\u00e9lce 10 metr\u016f slou\u017e\u00ed k prodlou\u017een\u00ed p\u0159ipojovac\u00edho kabelu \u010didla p\u016fdn\u00ed vlhkosti na celkovou d\u00e9lku 15 metr\u016f. P\u0159ipojovac\u00ed kabel lze prodlou\u017eit [&hellip;]\" \/>\n<meta property=\"og:url\" content=\"https:\/\/www.koupeltech.com\/index.php\/produkt\/vikendova-akce-gardena-1868-20-prodluzovaci-kabel-6781\/\" \/>\n<meta property=\"og:image\" content=\"https:\/\/www.koupeltech.com\/wp-content\/uploads\/2026\/SK0022539-CZ20260425-092328-0-1777080210-1240083-1_161930.webp\" \/>\n\t<meta property=\"og:image:width\" content=\"340\" \/>\n\t<meta property=\"og:image:height\" content=\"162\" \/>\n\t<meta property=\"og:image:type\" content=\"image\/webp\" \/>\n<meta name=\"twitter:card\" content=\"summary_large_image\" \/>\n<meta name=\"twitter:label1\" content=\"Odhadovan\u00e1 doba \u010dten\u00ed\" \/>\n\t<meta name=\"twitter:data1\" content=\"1 minuta\" \/>\n<script type=\"application\/ld+json\" class=\"yoast-schema-graph\">{\"@context\":\"https:\/\/schema.org\",\"@graph\":[{\"@type\":\"WebPage\",\"@id\":\"https:\/\/www.koupeltech.com\/index.php\/produkt\/vikendova-akce-gardena-1868-20-prodluzovaci-kabel-6781\/\",\"url\":\"https:\/\/www.koupeltech.com\/index.php\/produkt\/vikendova-akce-gardena-1868-20-prodluzovaci-kabel-6781\/\",\"name\":\"V\u00edkendov\u00e1 Akce Gardena 1868-20 prodlu\u017eovac\u00ed kabel -\",\"isPartOf\":{\"@id\":\"https:\/\/www.koupeltech.com\/#website\"},\"primaryImageOfPage\":{\"@id\":\"https:\/\/www.koupeltech.com\/index.php\/produkt\/vikendova-akce-gardena-1868-20-prodluzovaci-kabel-6781\/#primaryimage\"},\"image\":{\"@id\":\"https:\/\/www.koupeltech.com\/index.php\/produkt\/vikendova-akce-gardena-1868-20-prodluzovaci-kabel-6781\/#primaryimage\"},\"thumbnailUrl\":\"https:\/\/www.koupeltech.com\/wp-content\/uploads\/2026\/SK0022539-CZ20260425-092328-0-1777080210-1240083-1_161930.webp\",\"datePublished\":\"2026-04-27T13:56:51+00:00\",\"breadcrumb\":{\"@id\":\"https:\/\/www.koupeltech.com\/index.php\/produkt\/vikendova-akce-gardena-1868-20-prodluzovaci-kabel-6781\/#breadcrumb\"},\"inLanguage\":\"cs\",\"potentialAction\":[{\"@type\":\"ReadAction\",\"target\":[\"https:\/\/www.koupeltech.com\/index.php\/produkt\/vikendova-akce-gardena-1868-20-prodluzovaci-kabel-6781\/\"]}]},{\"@type\":\"ImageObject\",\"inLanguage\":\"cs\",\"@id\":\"https:\/\/www.koupeltech.com\/index.php\/produkt\/vikendova-akce-gardena-1868-20-prodluzovaci-kabel-6781\/#primaryimage\",\"url\":\"https:\/\/www.koupeltech.com\/wp-content\/uploads\/2026\/SK0022539-CZ20260425-092328-0-1777080210-1240083-1_161930.webp\",\"contentUrl\":\"https:\/\/www.koupeltech.com\/wp-content\/uploads\/2026\/SK0022539-CZ20260425-092328-0-1777080210-1240083-1_161930.webp\",\"width\":340,\"height\":162},{\"@type\":\"BreadcrumbList\",\"@id\":\"https:\/\/www.koupeltech.com\/index.php\/produkt\/vikendova-akce-gardena-1868-20-prodluzovaci-kabel-6781\/#breadcrumb\",\"itemListElement\":[{\"@type\":\"ListItem\",\"position\":1,\"name\":\"Home\",\"item\":\"https:\/\/www.koupeltech.com\/\"},{\"@type\":\"ListItem\",\"position\":2,\"name\":\"Products\",\"item\":\"https:\/\/www.koupeltech.com\/index.php\/products\/\"},{\"@type\":\"ListItem\",\"position\":3,\"name\":\"V\u00edkendov\u00e1 Akce Gardena 1868-20 prodlu\u017eovac\u00ed kabel\"}]},{\"@type\":\"WebSite\",\"@id\":\"https:\/\/www.koupeltech.com\/#website\",\"url\":\"https:\/\/www.koupeltech.com\/\",\"name\":\"\",\"description\":\"\",\"potentialAction\":[{\"@type\":\"SearchAction\",\"target\":{\"@type\":\"EntryPoint\",\"urlTemplate\":\"https:\/\/www.koupeltech.com\/?s={search_term_string}\"},\"query-input\":{\"@type\":\"PropertyValueSpecification\",\"valueRequired\":true,\"valueName\":\"search_term_string\"}}],\"inLanguage\":\"cs\"}]}<\/script>\n<!-- \/ Yoast SEO plugin. -->","yoast_head_json":{"title":"V\u00edkendov\u00e1 Akce Gardena 1868-20 prodlu\u017eovac\u00ed kabel -","robots":{"index":"index","follow":"follow","max-snippet":"max-snippet:-1","max-image-preview":"max-image-preview:large","max-video-preview":"max-video-preview:-1"},"canonical":"https:\/\/www.koupeltech.com\/index.php\/produkt\/vikendova-akce-gardena-1868-20-prodluzovaci-kabel-6781\/","og_locale":"cs_CZ","og_type":"article","og_title":"V\u00edkendov\u00e1 Akce Gardena 1868-20 prodlu\u017eovac\u00ed kabel -","og_description":"\u25ba Jednoduch\u00e9 kabelov\u00e9 p\u0159ipojen\u00ed: 1868Jednodu\u0161e p\u0159ipojte prodlu\u017eovac\u00ed kabel k p\u0159ipojovac\u00edmu kabelu &#8211; a je hotovo.\u25ba Pro nadzemn\u00ed i podzemn\u00ed instalaci: 1868Prodlu\u017eovac\u00ed kabel lze instalovat bu\u010f nad zem\u00ed nebo pod zem\u00ed.\u25ba Velk\u00fd dosah: 1868Prodlu\u017eovac\u00ed kabel o d\u00e9lce 10 metr\u016f slou\u017e\u00ed k prodlou\u017een\u00ed p\u0159ipojovac\u00edho kabelu \u010didla p\u016fdn\u00ed vlhkosti na celkovou d\u00e9lku 15 metr\u016f. P\u0159ipojovac\u00ed kabel lze prodlou\u017eit [&hellip;]","og_url":"https:\/\/www.koupeltech.com\/index.php\/produkt\/vikendova-akce-gardena-1868-20-prodluzovaci-kabel-6781\/","og_image":[{"width":340,"height":162,"url":"https:\/\/www.koupeltech.com\/wp-content\/uploads\/2026\/SK0022539-CZ20260425-092328-0-1777080210-1240083-1_161930.webp","type":"image\/webp"}],"twitter_card":"summary_large_image","twitter_misc":{"Odhadovan\u00e1 doba \u010dten\u00ed":"1 minuta"},"schema":{"@context":"https:\/\/schema.org","@graph":[{"@type":"WebPage","@id":"https:\/\/www.koupeltech.com\/index.php\/produkt\/vikendova-akce-gardena-1868-20-prodluzovaci-kabel-6781\/","url":"https:\/\/www.koupeltech.com\/index.php\/produkt\/vikendova-akce-gardena-1868-20-prodluzovaci-kabel-6781\/","name":"V\u00edkendov\u00e1 Akce Gardena 1868-20 prodlu\u017eovac\u00ed kabel -","isPartOf":{"@id":"https:\/\/www.koupeltech.com\/#website"},"primaryImageOfPage":{"@id":"https:\/\/www.koupeltech.com\/index.php\/produkt\/vikendova-akce-gardena-1868-20-prodluzovaci-kabel-6781\/#primaryimage"},"image":{"@id":"https:\/\/www.koupeltech.com\/index.php\/produkt\/vikendova-akce-gardena-1868-20-prodluzovaci-kabel-6781\/#primaryimage"},"thumbnailUrl":"https:\/\/www.koupeltech.com\/wp-content\/uploads\/2026\/SK0022539-CZ20260425-092328-0-1777080210-1240083-1_161930.webp","datePublished":"2026-04-27T13:56:51+00:00","breadcrumb":{"@id":"https:\/\/www.koupeltech.com\/index.php\/produkt\/vikendova-akce-gardena-1868-20-prodluzovaci-kabel-6781\/#breadcrumb"},"inLanguage":"cs","potentialAction":[{"@type":"ReadAction","target":["https:\/\/www.koupeltech.com\/index.php\/produkt\/vikendova-akce-gardena-1868-20-prodluzovaci-kabel-6781\/"]}]},{"@type":"ImageObject","inLanguage":"cs","@id":"https:\/\/www.koupeltech.com\/index.php\/produkt\/vikendova-akce-gardena-1868-20-prodluzovaci-kabel-6781\/#primaryimage","url":"https:\/\/www.koupeltech.com\/wp-content\/uploads\/2026\/SK0022539-CZ20260425-092328-0-1777080210-1240083-1_161930.webp","contentUrl":"https:\/\/www.koupeltech.com\/wp-content\/uploads\/2026\/SK0022539-CZ20260425-092328-0-1777080210-1240083-1_161930.webp","width":340,"height":162},{"@type":"BreadcrumbList","@id":"https:\/\/www.koupeltech.com\/index.php\/produkt\/vikendova-akce-gardena-1868-20-prodluzovaci-kabel-6781\/#breadcrumb","itemListElement":[{"@type":"ListItem","position":1,"name":"Home","item":"https:\/\/www.koupeltech.com\/"},{"@type":"ListItem","position":2,"name":"Products","item":"https:\/\/www.koupeltech.com\/index.php\/products\/"},{"@type":"ListItem","position":3,"name":"V\u00edkendov\u00e1 Akce Gardena 1868-20 prodlu\u017eovac\u00ed kabel"}]},{"@type":"WebSite","@id":"https:\/\/www.koupeltech.com\/#website","url":"https:\/\/www.koupeltech.com\/","name":"","description":"","potentialAction":[{"@type":"SearchAction","target":{"@type":"EntryPoint","urlTemplate":"https:\/\/www.koupeltech.com\/?s={search_term_string}"},"query-input":{"@type":"PropertyValueSpecification","valueRequired":true,"valueName":"search_term_string"}}],"inLanguage":"cs"}]}},"_links":{"self":[{"href":"https:\/\/www.koupeltech.com\/index.php\/wp-json\/wp\/v2\/product\/6781","targetHints":{"allow":["GET"]}}],"collection":[{"href":"https:\/\/www.koupeltech.com\/index.php\/wp-json\/wp\/v2\/product"}],"about":[{"href":"https:\/\/www.koupeltech.com\/index.php\/wp-json\/wp\/v2\/types\/product"}],"replies":[{"embeddable":true,"href":"https:\/\/www.koupeltech.com\/index.php\/wp-json\/wp\/v2\/comments?post=6781"}],"wp:featuredmedia":[{"embeddable":true,"href":"https:\/\/www.koupeltech.com\/index.php\/wp-json\/wp\/v2\/media\/6881"}],"wp:attachment":[{"href":"https:\/\/www.koupeltech.com\/index.php\/wp-json\/wp\/v2\/media?parent=6781"}],"wp:term":[{"taxonomy":"product_brand","embeddable":true,"href":"https:\/\/www.koupeltech.com\/index.php\/wp-json\/wp\/v2\/product_brand?post=6781"},{"taxonomy":"product_cat","embeddable":true,"href":"https:\/\/www.koupeltech.com\/index.php\/wp-json\/wp\/v2\/product_cat?post=6781"},{"taxonomy":"product_tag","embeddable":true,"href":"https:\/\/www.koupeltech.com\/index.php\/wp-json\/wp\/v2\/product_tag?post=6781"}],"curies":[{"name":"wp","href":"https:\/\/api.w.org\/{rel}","templated":true}]}}