{"id":6782,"date":"2026-04-27T13:56:51","date_gmt":"2026-04-27T13:56:51","guid":{"rendered":""},"modified":"2026-04-27T13:56:51","modified_gmt":"2026-04-27T13:56:51","slug":"gardena-3165-20-cs-kultivator-hrabe-finalni-vyprodej-6782","status":"publish","type":"product","link":"https:\/\/www.koupeltech.com\/index.php\/produkt\/gardena-3165-20-cs-kultivator-hrabe-finalni-vyprodej-6782\/","title":{"rendered":"Gardena 3165-20 cs-kultiv\u00e1tor+hr\u00e1b\u011b Fin\u00e1ln\u00ed V\u00fdprodej"},"content":{"rendered":"<table>\n<div class=\"tab-pane active product-description\" id=\"popis\" role=\"tabpanel\">\n<div class=\"short-description\" itemprop=\"description\"><\/div>\n<div class=\"description\">\n<p>\u25ba Praktick\u00e9 zahradn\u00ed n\u00e1\u0159ad\u00ed 2 v 1 pro snadn\u00e9 odstra\u0148ov\u00e1n\u00ed plevele ze z\u00e1honk\u016f<span class=\"bullet-line\">Combisystem kultiv\u00e1tor-hr\u00e1b\u011b kombinuje kultiv\u00e1tor a hr\u00e1b\u011b &#8211; dva praktick\u00e9 zahradn\u00ed n\u00e1stroje v jednom, d\u00edky \u010demu\u017e je s odplevelov\u00e1n\u00edm m\u00e9n\u011b pr\u00e1ce.<\/span><br \/>\u25ba Snadn\u00e9 odstra\u0148ov\u00e1n\u00ed plevele ze z\u00e1honk\u016f<span class=\"bullet-line\">Stranou s kultiv\u00e1torem plevel na z\u00e1honku uvoln\u00edte.<\/span><br \/>\u25ba D\u016fkladn\u00e9 odstra\u0148ov\u00e1n\u00ed plevele ze z\u00e1honk\u016f<span class=\"bullet-line\">Stranou s hr\u00e1b\u011bmi ji\u017e vykopan\u00fd plevel snadno shr\u00e1bnete, ani\u017e byste museli \u0161l\u00e1pnout do z\u00e1honku.<\/span><br \/>\u25ba Vhodn\u00e9 pro v\u0161echny druhy n\u00e1\u0159ad\u00ed<span class=\"bullet-line\">N\u00e1\u0159ad\u00ed GARDENA combisystem se hod\u00ed pro v\u0161echny n\u00e1sady GARDENA combisystem. M\u016f\u017eete si vybrat z n\u00e1sad ze d\u0159eva, hlin\u00edku nebo t\u00e9, kter\u00e1 je \u0161etrn\u00e1 k va\u0161im z\u00e1d\u016fm.<\/span><br \/>\u25ba Univerz\u00e1ln\u00ed \u0159e\u0161en\u00ed pro odstra\u0148ov\u00e1n\u00ed plevele ze z\u00e1honk\u016f s rostlinami \u0161etrn\u00e9 k p\u0159\u00edrod\u011b<span class=\"bullet-line\">Pro mnoho zahr\u00e1dk\u00e1\u0159\u016f je pravideln\u00e9 odstra\u0148ov\u00e1n\u00ed plevele naprosto zdlouhavou a nepopul\u00e1rn\u00ed prac\u00ed. S combisystem kultiv\u00e1torem-hr\u00e1b\u011bmi zna\u010dky GARDENA se okop\u00e1v\u00e1n\u00ed a odstra\u0148ov\u00e1n\u00ed plevele stane skute\u010dn\u00fdm pot\u011b\u0161en\u00edm.D\u00edky n\u011bmu jsou z\u00e1kladn\u00ed pr\u00e1ce v zahrad\u011b mnohem jednodu\u0161\u0161\u00ed a \u0161etrn\u011bj\u0161\u00ed nejen k va\u0161im z\u00e1d\u016fm, ale i k \u017eivotn\u00edmu prost\u0159ed\u00ed. Zahradn\u00ed n\u00e1\u0159ad\u00ed kombinuje v sob\u011b dva n\u00e1stroje, a to kultiv\u00e1tor, kter\u00fd se pou\u017e\u00edv\u00e1 k odplevelen\u00ed a provzdu\u0161n\u011bn\u00ed p\u016fdy na z\u00e1honu, a hr\u00e1b\u011b pro p\u0159\u00edm\u00e9 shrab\u00e1n\u00ed plevele. Je to ide\u00e1ln\u00ed \u0159e\u0161en\u00ed pro v\u0161echny zahr\u00e1dk\u00e1\u0159e, kte\u0159\u00ed kladou velk\u00fd d\u016fraz na \u010dist\u011b mechanick\u00e9 a ekologick\u00e9 odstra\u0148ov\u00e1n\u00ed plevele. Toto n\u00e1\u0159ad\u00ed nab\u00edz\u00ed vysokou kvalitu zpracov\u00e1n\u00ed, na kter\u00e9 jste u zna\u010dky GARDENA zvykl\u00ed. Kultiv\u00e1tor-hr\u00e1b\u011b lze kombinovat s jakoukoli samostatn\u011b dostupnou n\u00e1sadou combisystem zna\u010dky GARDENA. Krom\u011b toho, stejn\u011b jako u ve\u0161ker\u00e9ho n\u00e1\u0159ad\u00ed combisystem, nab\u00edz\u00ed GARDENA z\u00e1ruku v trv\u00e1n\u00ed 25 let.<\/span><\/p>\n<\/div>\n<div class=\"parameters\">\n<tr>\n<td>Z\u00e1ruka spole\u010dnosti Gardena<\/td>\n<td>Z\u00e1ruka 25 let<\/td>\n<\/tr>\n<tr>\n<td>Pracovn\u00ed \u0161\u00ed\u0159ka, cm<\/td>\n<td>9 cm<\/td>\n<\/tr><\/div>\n<\/table>\n","protected":false},"excerpt":{"rendered":"<p>\u25ba Praktick\u00e9 zahradn\u00ed n\u00e1\u0159ad\u00ed 2 v 1 pro snadn\u00e9 odstra\u0148ov\u00e1n\u00ed plevele ze z\u00e1honk\u016fCombisystem kultiv\u00e1tor-hr\u00e1b\u011b kombinuje kultiv\u00e1tor a hr\u00e1b\u011b &#8211; dva praktick\u00e9 zahradn\u00ed n\u00e1stroje v jednom, d\u00edky \u010demu\u017e je s odplevelov\u00e1n\u00edm m\u00e9n\u011b pr\u00e1ce.\u25ba Snadn\u00e9 odstra\u0148ov\u00e1n\u00ed plevele ze z\u00e1honk\u016fStranou s kultiv\u00e1torem plevel na z\u00e1honku uvoln\u00edte.\u25ba D\u016fkladn\u00e9 odstra\u0148ov\u00e1n\u00ed plevele ze z\u00e1honk\u016fStranou s hr\u00e1b\u011bmi ji\u017e vykopan\u00fd plevel snadno shr\u00e1bnete, [&hellip;]<\/p>\n","protected":false},"featured_media":6882,"comment_status":"open","ping_status":"open","template":"","meta":[],"product_brand":[],"product_cat":[44],"product_tag":[],"class_list":{"0":"post-6782","1":"product","2":"type-product","3":"status-publish","4":"has-post-thumbnail","6":"product_cat-zahrada","8":"first","9":"instock","10":"sale","11":"shipping-taxable","12":"purchasable","13":"product-type-simple"},"yoast_head":"<!-- This site is optimized with the Yoast SEO plugin v26.8 - https:\/\/yoast.com\/product\/yoast-seo-wordpress\/ -->\n<title>Gardena 3165-20 cs-kultiv\u00e1tor+hr\u00e1b\u011b Fin\u00e1ln\u00ed V\u00fdprodej -<\/title>\n<meta name=\"robots\" content=\"index, follow, max-snippet:-1, max-image-preview:large, max-video-preview:-1\" \/>\n<link rel=\"canonical\" href=\"https:\/\/www.koupeltech.com\/index.php\/produkt\/gardena-3165-20-cs-kultivator-hrabe-finalni-vyprodej-6782\/\" \/>\n<meta property=\"og:locale\" content=\"cs_CZ\" \/>\n<meta property=\"og:type\" content=\"article\" \/>\n<meta property=\"og:title\" content=\"Gardena 3165-20 cs-kultiv\u00e1tor+hr\u00e1b\u011b Fin\u00e1ln\u00ed V\u00fdprodej -\" \/>\n<meta property=\"og:description\" content=\"\u25ba Praktick\u00e9 zahradn\u00ed n\u00e1\u0159ad\u00ed 2 v 1 pro snadn\u00e9 odstra\u0148ov\u00e1n\u00ed plevele ze z\u00e1honk\u016fCombisystem kultiv\u00e1tor-hr\u00e1b\u011b kombinuje kultiv\u00e1tor a hr\u00e1b\u011b &#8211; dva praktick\u00e9 zahradn\u00ed n\u00e1stroje v jednom, d\u00edky \u010demu\u017e je s odplevelov\u00e1n\u00edm m\u00e9n\u011b pr\u00e1ce.\u25ba Snadn\u00e9 odstra\u0148ov\u00e1n\u00ed plevele ze z\u00e1honk\u016fStranou s kultiv\u00e1torem plevel na z\u00e1honku uvoln\u00edte.\u25ba D\u016fkladn\u00e9 odstra\u0148ov\u00e1n\u00ed plevele ze z\u00e1honk\u016fStranou s hr\u00e1b\u011bmi ji\u017e vykopan\u00fd plevel snadno shr\u00e1bnete, [&hellip;]\" \/>\n<meta property=\"og:url\" content=\"https:\/\/www.koupeltech.com\/index.php\/produkt\/gardena-3165-20-cs-kultivator-hrabe-finalni-vyprodej-6782\/\" \/>\n<meta property=\"og:image\" content=\"https:\/\/www.koupeltech.com\/wp-content\/uploads\/2026\/SK0022540-CZ20260425-092328-0-1777080210-1240085-1_162030.webp\" \/>\n\t<meta property=\"og:image:width\" content=\"565\" \/>\n\t<meta property=\"og:image:height\" content=\"530\" \/>\n\t<meta property=\"og:image:type\" content=\"image\/webp\" \/>\n<meta name=\"twitter:card\" content=\"summary_large_image\" \/>\n<meta name=\"twitter:label1\" content=\"Odhadovan\u00e1 doba \u010dten\u00ed\" \/>\n\t<meta name=\"twitter:data1\" content=\"2 minuty\" \/>\n<script type=\"application\/ld+json\" class=\"yoast-schema-graph\">{\"@context\":\"https:\/\/schema.org\",\"@graph\":[{\"@type\":\"WebPage\",\"@id\":\"https:\/\/www.koupeltech.com\/index.php\/produkt\/gardena-3165-20-cs-kultivator-hrabe-finalni-vyprodej-6782\/\",\"url\":\"https:\/\/www.koupeltech.com\/index.php\/produkt\/gardena-3165-20-cs-kultivator-hrabe-finalni-vyprodej-6782\/\",\"name\":\"Gardena 3165-20 cs-kultiv\u00e1tor+hr\u00e1b\u011b Fin\u00e1ln\u00ed V\u00fdprodej -\",\"isPartOf\":{\"@id\":\"https:\/\/www.koupeltech.com\/#website\"},\"primaryImageOfPage\":{\"@id\":\"https:\/\/www.koupeltech.com\/index.php\/produkt\/gardena-3165-20-cs-kultivator-hrabe-finalni-vyprodej-6782\/#primaryimage\"},\"image\":{\"@id\":\"https:\/\/www.koupeltech.com\/index.php\/produkt\/gardena-3165-20-cs-kultivator-hrabe-finalni-vyprodej-6782\/#primaryimage\"},\"thumbnailUrl\":\"https:\/\/www.koupeltech.com\/wp-content\/uploads\/2026\/SK0022540-CZ20260425-092328-0-1777080210-1240085-1_162030.webp\",\"datePublished\":\"2026-04-27T13:56:51+00:00\",\"breadcrumb\":{\"@id\":\"https:\/\/www.koupeltech.com\/index.php\/produkt\/gardena-3165-20-cs-kultivator-hrabe-finalni-vyprodej-6782\/#breadcrumb\"},\"inLanguage\":\"cs\",\"potentialAction\":[{\"@type\":\"ReadAction\",\"target\":[\"https:\/\/www.koupeltech.com\/index.php\/produkt\/gardena-3165-20-cs-kultivator-hrabe-finalni-vyprodej-6782\/\"]}]},{\"@type\":\"ImageObject\",\"inLanguage\":\"cs\",\"@id\":\"https:\/\/www.koupeltech.com\/index.php\/produkt\/gardena-3165-20-cs-kultivator-hrabe-finalni-vyprodej-6782\/#primaryimage\",\"url\":\"https:\/\/www.koupeltech.com\/wp-content\/uploads\/2026\/SK0022540-CZ20260425-092328-0-1777080210-1240085-1_162030.webp\",\"contentUrl\":\"https:\/\/www.koupeltech.com\/wp-content\/uploads\/2026\/SK0022540-CZ20260425-092328-0-1777080210-1240085-1_162030.webp\",\"width\":565,\"height\":530},{\"@type\":\"BreadcrumbList\",\"@id\":\"https:\/\/www.koupeltech.com\/index.php\/produkt\/gardena-3165-20-cs-kultivator-hrabe-finalni-vyprodej-6782\/#breadcrumb\",\"itemListElement\":[{\"@type\":\"ListItem\",\"position\":1,\"name\":\"Home\",\"item\":\"https:\/\/www.koupeltech.com\/\"},{\"@type\":\"ListItem\",\"position\":2,\"name\":\"Products\",\"item\":\"https:\/\/www.koupeltech.com\/index.php\/products\/\"},{\"@type\":\"ListItem\",\"position\":3,\"name\":\"Gardena 3165-20 cs-kultiv\u00e1tor+hr\u00e1b\u011b Fin\u00e1ln\u00ed V\u00fdprodej\"}]},{\"@type\":\"WebSite\",\"@id\":\"https:\/\/www.koupeltech.com\/#website\",\"url\":\"https:\/\/www.koupeltech.com\/\",\"name\":\"\",\"description\":\"\",\"potentialAction\":[{\"@type\":\"SearchAction\",\"target\":{\"@type\":\"EntryPoint\",\"urlTemplate\":\"https:\/\/www.koupeltech.com\/?s={search_term_string}\"},\"query-input\":{\"@type\":\"PropertyValueSpecification\",\"valueRequired\":true,\"valueName\":\"search_term_string\"}}],\"inLanguage\":\"cs\"}]}<\/script>\n<!-- \/ Yoast SEO plugin. -->","yoast_head_json":{"title":"Gardena 3165-20 cs-kultiv\u00e1tor+hr\u00e1b\u011b Fin\u00e1ln\u00ed V\u00fdprodej -","robots":{"index":"index","follow":"follow","max-snippet":"max-snippet:-1","max-image-preview":"max-image-preview:large","max-video-preview":"max-video-preview:-1"},"canonical":"https:\/\/www.koupeltech.com\/index.php\/produkt\/gardena-3165-20-cs-kultivator-hrabe-finalni-vyprodej-6782\/","og_locale":"cs_CZ","og_type":"article","og_title":"Gardena 3165-20 cs-kultiv\u00e1tor+hr\u00e1b\u011b Fin\u00e1ln\u00ed V\u00fdprodej -","og_description":"\u25ba Praktick\u00e9 zahradn\u00ed n\u00e1\u0159ad\u00ed 2 v 1 pro snadn\u00e9 odstra\u0148ov\u00e1n\u00ed plevele ze z\u00e1honk\u016fCombisystem kultiv\u00e1tor-hr\u00e1b\u011b kombinuje kultiv\u00e1tor a hr\u00e1b\u011b &#8211; dva praktick\u00e9 zahradn\u00ed n\u00e1stroje v jednom, d\u00edky \u010demu\u017e je s odplevelov\u00e1n\u00edm m\u00e9n\u011b pr\u00e1ce.\u25ba Snadn\u00e9 odstra\u0148ov\u00e1n\u00ed plevele ze z\u00e1honk\u016fStranou s kultiv\u00e1torem plevel na z\u00e1honku uvoln\u00edte.\u25ba D\u016fkladn\u00e9 odstra\u0148ov\u00e1n\u00ed plevele ze z\u00e1honk\u016fStranou s hr\u00e1b\u011bmi ji\u017e vykopan\u00fd plevel snadno shr\u00e1bnete, [&hellip;]","og_url":"https:\/\/www.koupeltech.com\/index.php\/produkt\/gardena-3165-20-cs-kultivator-hrabe-finalni-vyprodej-6782\/","og_image":[{"width":565,"height":530,"url":"https:\/\/www.koupeltech.com\/wp-content\/uploads\/2026\/SK0022540-CZ20260425-092328-0-1777080210-1240085-1_162030.webp","type":"image\/webp"}],"twitter_card":"summary_large_image","twitter_misc":{"Odhadovan\u00e1 doba \u010dten\u00ed":"2 minuty"},"schema":{"@context":"https:\/\/schema.org","@graph":[{"@type":"WebPage","@id":"https:\/\/www.koupeltech.com\/index.php\/produkt\/gardena-3165-20-cs-kultivator-hrabe-finalni-vyprodej-6782\/","url":"https:\/\/www.koupeltech.com\/index.php\/produkt\/gardena-3165-20-cs-kultivator-hrabe-finalni-vyprodej-6782\/","name":"Gardena 3165-20 cs-kultiv\u00e1tor+hr\u00e1b\u011b Fin\u00e1ln\u00ed V\u00fdprodej -","isPartOf":{"@id":"https:\/\/www.koupeltech.com\/#website"},"primaryImageOfPage":{"@id":"https:\/\/www.koupeltech.com\/index.php\/produkt\/gardena-3165-20-cs-kultivator-hrabe-finalni-vyprodej-6782\/#primaryimage"},"image":{"@id":"https:\/\/www.koupeltech.com\/index.php\/produkt\/gardena-3165-20-cs-kultivator-hrabe-finalni-vyprodej-6782\/#primaryimage"},"thumbnailUrl":"https:\/\/www.koupeltech.com\/wp-content\/uploads\/2026\/SK0022540-CZ20260425-092328-0-1777080210-1240085-1_162030.webp","datePublished":"2026-04-27T13:56:51+00:00","breadcrumb":{"@id":"https:\/\/www.koupeltech.com\/index.php\/produkt\/gardena-3165-20-cs-kultivator-hrabe-finalni-vyprodej-6782\/#breadcrumb"},"inLanguage":"cs","potentialAction":[{"@type":"ReadAction","target":["https:\/\/www.koupeltech.com\/index.php\/produkt\/gardena-3165-20-cs-kultivator-hrabe-finalni-vyprodej-6782\/"]}]},{"@type":"ImageObject","inLanguage":"cs","@id":"https:\/\/www.koupeltech.com\/index.php\/produkt\/gardena-3165-20-cs-kultivator-hrabe-finalni-vyprodej-6782\/#primaryimage","url":"https:\/\/www.koupeltech.com\/wp-content\/uploads\/2026\/SK0022540-CZ20260425-092328-0-1777080210-1240085-1_162030.webp","contentUrl":"https:\/\/www.koupeltech.com\/wp-content\/uploads\/2026\/SK0022540-CZ20260425-092328-0-1777080210-1240085-1_162030.webp","width":565,"height":530},{"@type":"BreadcrumbList","@id":"https:\/\/www.koupeltech.com\/index.php\/produkt\/gardena-3165-20-cs-kultivator-hrabe-finalni-vyprodej-6782\/#breadcrumb","itemListElement":[{"@type":"ListItem","position":1,"name":"Home","item":"https:\/\/www.koupeltech.com\/"},{"@type":"ListItem","position":2,"name":"Products","item":"https:\/\/www.koupeltech.com\/index.php\/products\/"},{"@type":"ListItem","position":3,"name":"Gardena 3165-20 cs-kultiv\u00e1tor+hr\u00e1b\u011b Fin\u00e1ln\u00ed V\u00fdprodej"}]},{"@type":"WebSite","@id":"https:\/\/www.koupeltech.com\/#website","url":"https:\/\/www.koupeltech.com\/","name":"","description":"","potentialAction":[{"@type":"SearchAction","target":{"@type":"EntryPoint","urlTemplate":"https:\/\/www.koupeltech.com\/?s={search_term_string}"},"query-input":{"@type":"PropertyValueSpecification","valueRequired":true,"valueName":"search_term_string"}}],"inLanguage":"cs"}]}},"_links":{"self":[{"href":"https:\/\/www.koupeltech.com\/index.php\/wp-json\/wp\/v2\/product\/6782","targetHints":{"allow":["GET"]}}],"collection":[{"href":"https:\/\/www.koupeltech.com\/index.php\/wp-json\/wp\/v2\/product"}],"about":[{"href":"https:\/\/www.koupeltech.com\/index.php\/wp-json\/wp\/v2\/types\/product"}],"replies":[{"embeddable":true,"href":"https:\/\/www.koupeltech.com\/index.php\/wp-json\/wp\/v2\/comments?post=6782"}],"wp:featuredmedia":[{"embeddable":true,"href":"https:\/\/www.koupeltech.com\/index.php\/wp-json\/wp\/v2\/media\/6882"}],"wp:attachment":[{"href":"https:\/\/www.koupeltech.com\/index.php\/wp-json\/wp\/v2\/media?parent=6782"}],"wp:term":[{"taxonomy":"product_brand","embeddable":true,"href":"https:\/\/www.koupeltech.com\/index.php\/wp-json\/wp\/v2\/product_brand?post=6782"},{"taxonomy":"product_cat","embeddable":true,"href":"https:\/\/www.koupeltech.com\/index.php\/wp-json\/wp\/v2\/product_cat?post=6782"},{"taxonomy":"product_tag","embeddable":true,"href":"https:\/\/www.koupeltech.com\/index.php\/wp-json\/wp\/v2\/product_tag?post=6782"}],"curies":[{"name":"wp","href":"https:\/\/api.w.org\/{rel}","templated":true}]}}