{"id":6783,"date":"2026-04-27T13:56:51","date_gmt":"2026-04-27T13:56:51","guid":{"rendered":""},"modified":"2026-04-27T13:56:51","modified_gmt":"2026-04-27T13:56:51","slug":"gardena-3518-20-vytrhavac-plevele-top-prodej-6783","status":"publish","type":"product","link":"https:\/\/www.koupeltech.com\/index.php\/produkt\/gardena-3518-20-vytrhavac-plevele-top-prodej-6783\/","title":{"rendered":"Gardena 3518-20 vytrh\u00e1va\u010d plevele Top Prodej"},"content":{"rendered":"<table>\n<div class=\"tab-pane active product-description\" id=\"popis\" role=\"tabpanel\">\n<div class=\"short-description\" itemprop=\"description\"><\/div>\n<div class=\"description\">\n<p>\u25ba Likvidace plevele \u0161etrn\u00e1 k \u017eivotn\u00edmu prost\u0159ed\u00ed<span class=\"bullet-line\">N\u016f\u017e na odplevelov\u00e1n\u00ed pracuje \u010dist\u011b mechanicky a bez chemik\u00e1li\u00ed. Chr\u00e1n\u00edte t\u00edm sv\u011bt zv\u00ed\u0159at a rostlin.<\/span><br \/>\u25ba Pr\u00e1ce \u0161etrn\u00e1 k z\u00e1d\u016fm, bez oh\u00fdb\u00e1n\u00ed<span class=\"bullet-line\">Pr\u00e1ce s praktick\u00fdm vytrh\u00e1va\u010dem plevele zna\u010dky GARDENA je i po del\u0161\u00ed dobu p\u0159\u00edjemn\u00e1 a \u0161etrn\u00e1 k z\u00e1d\u016fm.<\/span><br \/>\u25ba Velmi p\u0159esn\u00fd d\u00edky patentovan\u00fdm no\u017e\u016fm<span class=\"bullet-line\">Mezera mezi patentovan\u00fdmi \u00fazk\u00fdmi no\u017ei je extr\u00e9mn\u011b mal\u00e1, tak\u017ee prov\u00e1d\u00edte p\u0159esnou pr\u00e1ci a v p\u016fde z\u016fst\u00e1vaj\u00ed pouze mal\u00e9 otvory.<\/span><br \/>\u25ba S praktick\u00fdmi n\u00e1\u0161lapy<span class=\"bullet-line\">Praktick\u00e1 t\u0159men je\u0161t\u011b v\u00edce usnad\u0148uje zap\u00edchnut\u00ed n\u00e1stroje do zem\u011b.<\/span><br \/>\u25ba \u0160ikovn\u00e1 a speci\u00e1ln\u011b tvarovan\u00e1 rukoje\u0165<span class=\"bullet-line\">Ergonomicky tvarovan\u00e1 rukoje\u0165 umo\u017e\u0148uje ot\u00e1\u010det n\u00e1strojem hladce a pohodln\u011b, tak\u017ee je pr\u00e1ce je\u0161t\u011b pohodln\u011bj\u0161\u00ed.<\/span><br \/>\u25ba Integrovan\u00fd vyhazovac\u00ed mechanizmus<span class=\"bullet-line\">Pomoc\u00ed integrovan\u00e9ho vyhazovac\u00edho mechanismu se pampeli\u0161ky po vytr\u017een\u00ed snadno zbav\u00edte.<\/span><br \/>\u25ba P\u0159esn\u00e9 odstra\u0148ov\u00e1n\u00ed plevele, n\u00e1stroj \u0161etrn\u00fd k z\u00e1d\u016fm a k \u017eivotn\u00edmu prost\u0159ed\u00ed<span class=\"bullet-line\">GARDENA vytrh\u00e1va\u010d plevele je ide\u00e1ln\u00edm n\u00e1strojem k \u00fa\u010dinn\u00e9mu odstran\u011bn\u00ed nevzhledn\u00fdch plevel\u016f na tr\u00e1vn\u00edku a v kv\u011btinov\u00fdch z\u00e1honech. Konec konc\u016f, nam\u00e1hav\u00e9, ale p\u0159itom nutn\u00e9 pravideln\u00e9 odplevelov\u00e1n\u00ed z\u00e1honk\u016f, nen\u00ed nejobl\u00edben\u011bj\u0161\u00ed zahradn\u00ed prac\u00ed.Tento n\u00e1stroj na odstra\u0148ov\u00e1n\u00ed plevele v\u00e1m v\u0161ak umo\u017e\u0148uje p\u0159\u00edjemn\u011b jednoduch\u00e9 a efektivn\u00ed odstra\u0148ov\u00e1n\u00ed plevele bez zne\u010di\u0161\u0165ov\u00e1n\u00ed \u017eivotn\u00edho prost\u0159ed\u00ed. Patentovan\u00e9 no\u017ee vytrh\u00e1va\u010de plevele jsou bl\u00edzko u sebe a jsou velmi \u00fazk\u00e9; tento design je vhodn\u00fd p\u0159edev\u0161\u00edm pro vytahov\u00e1n\u00ed pampeli\u0161ek z tr\u00e1vn\u00edku. Pomoc\u00ed n\u011bho jste schopni pracovat p\u0159esn\u011b, co\u017e je pro v\u00e1\u0161 tr\u00e1vn\u00edk v\u00fdhodn\u00e9, proto\u017ee vytrh\u00e1va\u010d zanech\u00e1v\u00e1 jen mal\u00e9 otvory. Pr\u00e1ce s praktick\u00fdm vytrh\u00e1va\u010dem plevele zna\u010dky GARDENA je p\u0159\u00edjemn\u00e1 a \u0161etrn\u00e1 k va\u0161im z\u00e1d\u016fm, a to i po del\u0161\u00ed dobu. Na spodn\u00edm konci za\u0159\u00edzen\u00ed je praktick\u00fd n\u00e1\u0161lap, kter\u00fd usnad\u0148uje zap\u00edchnut\u00ed do zem\u011b. Speci\u00e1ln\u011b tvarovan\u00e1 rukoje\u0165 umo\u017e\u0148uje pohodln\u00fd pohyb p\u0159i ot\u00e1\u010den\u00ed n\u00e1strojem. Integrovan\u00fd uvol\u0148ovac\u00ed mechanismus usnad\u0148uje vyhazov\u00e1n\u00ed plevel\u016f. Tato metoda odstra\u0148ov\u00e1n\u00ed plevele funguje \u010dist\u011b mechanicky a bez chemik\u00e1li\u00ed, d\u00edky n\u00ed ochr\u00e1n\u00edte va\u0161i milovanou fl\u00f3ru a faunu a z\u00e1rove\u0148 udr\u017e\u00edte zahradu kr\u00e1snou a dob\u0159e ope\u010dov\u00e1vanou bez pampeli\u0161ek a dal\u0161\u00edch plevel\u016f. Na vytrh\u00e1va\u010d plevele poskytuje GARDENA z\u00e1ruku v trv\u00e1n\u00ed 25 let.<\/span><\/p>\n<\/div>\n<\/table>\n","protected":false},"excerpt":{"rendered":"<p>\u25ba Likvidace plevele \u0161etrn\u00e1 k \u017eivotn\u00edmu prost\u0159ed\u00edN\u016f\u017e na odplevelov\u00e1n\u00ed pracuje \u010dist\u011b mechanicky a bez chemik\u00e1li\u00ed. Chr\u00e1n\u00edte t\u00edm sv\u011bt zv\u00ed\u0159at a rostlin.\u25ba Pr\u00e1ce \u0161etrn\u00e1 k z\u00e1d\u016fm, bez oh\u00fdb\u00e1n\u00edPr\u00e1ce s praktick\u00fdm vytrh\u00e1va\u010dem plevele zna\u010dky GARDENA je i po del\u0161\u00ed dobu p\u0159\u00edjemn\u00e1 a \u0161etrn\u00e1 k z\u00e1d\u016fm.\u25ba Velmi p\u0159esn\u00fd d\u00edky patentovan\u00fdm no\u017e\u016fmMezera mezi patentovan\u00fdmi \u00fazk\u00fdmi no\u017ei je extr\u00e9mn\u011b mal\u00e1, [&hellip;]<\/p>\n","protected":false},"featured_media":6883,"comment_status":"open","ping_status":"open","template":"","meta":[],"product_brand":[],"product_cat":[44],"product_tag":[],"class_list":{"0":"post-6783","1":"product","2":"type-product","3":"status-publish","4":"has-post-thumbnail","6":"product_cat-zahrada","8":"first","9":"instock","10":"sale","11":"shipping-taxable","12":"purchasable","13":"product-type-simple"},"yoast_head":"<!-- This site is optimized with the Yoast SEO plugin v26.8 - https:\/\/yoast.com\/product\/yoast-seo-wordpress\/ -->\n<title>Gardena 3518-20 vytrh\u00e1va\u010d plevele Top Prodej -<\/title>\n<meta name=\"robots\" content=\"index, follow, max-snippet:-1, max-image-preview:large, max-video-preview:-1\" \/>\n<link rel=\"canonical\" href=\"https:\/\/www.koupeltech.com\/index.php\/produkt\/gardena-3518-20-vytrhavac-plevele-top-prodej-6783\/\" \/>\n<meta property=\"og:locale\" content=\"cs_CZ\" \/>\n<meta property=\"og:type\" content=\"article\" \/>\n<meta property=\"og:title\" content=\"Gardena 3518-20 vytrh\u00e1va\u010d plevele Top Prodej -\" \/>\n<meta property=\"og:description\" content=\"\u25ba Likvidace plevele \u0161etrn\u00e1 k \u017eivotn\u00edmu prost\u0159ed\u00edN\u016f\u017e na odplevelov\u00e1n\u00ed pracuje \u010dist\u011b mechanicky a bez chemik\u00e1li\u00ed. Chr\u00e1n\u00edte t\u00edm sv\u011bt zv\u00ed\u0159at a rostlin.\u25ba Pr\u00e1ce \u0161etrn\u00e1 k z\u00e1d\u016fm, bez oh\u00fdb\u00e1n\u00edPr\u00e1ce s praktick\u00fdm vytrh\u00e1va\u010dem plevele zna\u010dky GARDENA je i po del\u0161\u00ed dobu p\u0159\u00edjemn\u00e1 a \u0161etrn\u00e1 k z\u00e1d\u016fm.\u25ba Velmi p\u0159esn\u00fd d\u00edky patentovan\u00fdm no\u017e\u016fmMezera mezi patentovan\u00fdmi \u00fazk\u00fdmi no\u017ei je extr\u00e9mn\u011b mal\u00e1, [&hellip;]\" \/>\n<meta property=\"og:url\" content=\"https:\/\/www.koupeltech.com\/index.php\/produkt\/gardena-3518-20-vytrhavac-plevele-top-prodej-6783\/\" \/>\n<meta property=\"og:image\" content=\"https:\/\/www.koupeltech.com\/wp-content\/uploads\/2026\/SK0022541-CZ20260425-092328-0-1777080210-1240086-1_162230.webp\" \/>\n\t<meta property=\"og:image:width\" content=\"429\" \/>\n\t<meta property=\"og:image:height\" content=\"530\" \/>\n\t<meta property=\"og:image:type\" content=\"image\/webp\" \/>\n<meta name=\"twitter:card\" content=\"summary_large_image\" \/>\n<meta name=\"twitter:label1\" content=\"Odhadovan\u00e1 doba \u010dten\u00ed\" \/>\n\t<meta name=\"twitter:data1\" content=\"2 minuty\" \/>\n<script type=\"application\/ld+json\" class=\"yoast-schema-graph\">{\"@context\":\"https:\/\/schema.org\",\"@graph\":[{\"@type\":\"WebPage\",\"@id\":\"https:\/\/www.koupeltech.com\/index.php\/produkt\/gardena-3518-20-vytrhavac-plevele-top-prodej-6783\/\",\"url\":\"https:\/\/www.koupeltech.com\/index.php\/produkt\/gardena-3518-20-vytrhavac-plevele-top-prodej-6783\/\",\"name\":\"Gardena 3518-20 vytrh\u00e1va\u010d plevele Top Prodej -\",\"isPartOf\":{\"@id\":\"https:\/\/www.koupeltech.com\/#website\"},\"primaryImageOfPage\":{\"@id\":\"https:\/\/www.koupeltech.com\/index.php\/produkt\/gardena-3518-20-vytrhavac-plevele-top-prodej-6783\/#primaryimage\"},\"image\":{\"@id\":\"https:\/\/www.koupeltech.com\/index.php\/produkt\/gardena-3518-20-vytrhavac-plevele-top-prodej-6783\/#primaryimage\"},\"thumbnailUrl\":\"https:\/\/www.koupeltech.com\/wp-content\/uploads\/2026\/SK0022541-CZ20260425-092328-0-1777080210-1240086-1_162230.webp\",\"datePublished\":\"2026-04-27T13:56:51+00:00\",\"breadcrumb\":{\"@id\":\"https:\/\/www.koupeltech.com\/index.php\/produkt\/gardena-3518-20-vytrhavac-plevele-top-prodej-6783\/#breadcrumb\"},\"inLanguage\":\"cs\",\"potentialAction\":[{\"@type\":\"ReadAction\",\"target\":[\"https:\/\/www.koupeltech.com\/index.php\/produkt\/gardena-3518-20-vytrhavac-plevele-top-prodej-6783\/\"]}]},{\"@type\":\"ImageObject\",\"inLanguage\":\"cs\",\"@id\":\"https:\/\/www.koupeltech.com\/index.php\/produkt\/gardena-3518-20-vytrhavac-plevele-top-prodej-6783\/#primaryimage\",\"url\":\"https:\/\/www.koupeltech.com\/wp-content\/uploads\/2026\/SK0022541-CZ20260425-092328-0-1777080210-1240086-1_162230.webp\",\"contentUrl\":\"https:\/\/www.koupeltech.com\/wp-content\/uploads\/2026\/SK0022541-CZ20260425-092328-0-1777080210-1240086-1_162230.webp\",\"width\":429,\"height\":530},{\"@type\":\"BreadcrumbList\",\"@id\":\"https:\/\/www.koupeltech.com\/index.php\/produkt\/gardena-3518-20-vytrhavac-plevele-top-prodej-6783\/#breadcrumb\",\"itemListElement\":[{\"@type\":\"ListItem\",\"position\":1,\"name\":\"Home\",\"item\":\"https:\/\/www.koupeltech.com\/\"},{\"@type\":\"ListItem\",\"position\":2,\"name\":\"Products\",\"item\":\"https:\/\/www.koupeltech.com\/index.php\/products\/\"},{\"@type\":\"ListItem\",\"position\":3,\"name\":\"Gardena 3518-20 vytrh\u00e1va\u010d plevele Top Prodej\"}]},{\"@type\":\"WebSite\",\"@id\":\"https:\/\/www.koupeltech.com\/#website\",\"url\":\"https:\/\/www.koupeltech.com\/\",\"name\":\"\",\"description\":\"\",\"potentialAction\":[{\"@type\":\"SearchAction\",\"target\":{\"@type\":\"EntryPoint\",\"urlTemplate\":\"https:\/\/www.koupeltech.com\/?s={search_term_string}\"},\"query-input\":{\"@type\":\"PropertyValueSpecification\",\"valueRequired\":true,\"valueName\":\"search_term_string\"}}],\"inLanguage\":\"cs\"}]}<\/script>\n<!-- \/ Yoast SEO plugin. -->","yoast_head_json":{"title":"Gardena 3518-20 vytrh\u00e1va\u010d plevele Top Prodej -","robots":{"index":"index","follow":"follow","max-snippet":"max-snippet:-1","max-image-preview":"max-image-preview:large","max-video-preview":"max-video-preview:-1"},"canonical":"https:\/\/www.koupeltech.com\/index.php\/produkt\/gardena-3518-20-vytrhavac-plevele-top-prodej-6783\/","og_locale":"cs_CZ","og_type":"article","og_title":"Gardena 3518-20 vytrh\u00e1va\u010d plevele Top Prodej -","og_description":"\u25ba Likvidace plevele \u0161etrn\u00e1 k \u017eivotn\u00edmu prost\u0159ed\u00edN\u016f\u017e na odplevelov\u00e1n\u00ed pracuje \u010dist\u011b mechanicky a bez chemik\u00e1li\u00ed. Chr\u00e1n\u00edte t\u00edm sv\u011bt zv\u00ed\u0159at a rostlin.\u25ba Pr\u00e1ce \u0161etrn\u00e1 k z\u00e1d\u016fm, bez oh\u00fdb\u00e1n\u00edPr\u00e1ce s praktick\u00fdm vytrh\u00e1va\u010dem plevele zna\u010dky GARDENA je i po del\u0161\u00ed dobu p\u0159\u00edjemn\u00e1 a \u0161etrn\u00e1 k z\u00e1d\u016fm.\u25ba Velmi p\u0159esn\u00fd d\u00edky patentovan\u00fdm no\u017e\u016fmMezera mezi patentovan\u00fdmi \u00fazk\u00fdmi no\u017ei je extr\u00e9mn\u011b mal\u00e1, [&hellip;]","og_url":"https:\/\/www.koupeltech.com\/index.php\/produkt\/gardena-3518-20-vytrhavac-plevele-top-prodej-6783\/","og_image":[{"width":429,"height":530,"url":"https:\/\/www.koupeltech.com\/wp-content\/uploads\/2026\/SK0022541-CZ20260425-092328-0-1777080210-1240086-1_162230.webp","type":"image\/webp"}],"twitter_card":"summary_large_image","twitter_misc":{"Odhadovan\u00e1 doba \u010dten\u00ed":"2 minuty"},"schema":{"@context":"https:\/\/schema.org","@graph":[{"@type":"WebPage","@id":"https:\/\/www.koupeltech.com\/index.php\/produkt\/gardena-3518-20-vytrhavac-plevele-top-prodej-6783\/","url":"https:\/\/www.koupeltech.com\/index.php\/produkt\/gardena-3518-20-vytrhavac-plevele-top-prodej-6783\/","name":"Gardena 3518-20 vytrh\u00e1va\u010d plevele Top Prodej -","isPartOf":{"@id":"https:\/\/www.koupeltech.com\/#website"},"primaryImageOfPage":{"@id":"https:\/\/www.koupeltech.com\/index.php\/produkt\/gardena-3518-20-vytrhavac-plevele-top-prodej-6783\/#primaryimage"},"image":{"@id":"https:\/\/www.koupeltech.com\/index.php\/produkt\/gardena-3518-20-vytrhavac-plevele-top-prodej-6783\/#primaryimage"},"thumbnailUrl":"https:\/\/www.koupeltech.com\/wp-content\/uploads\/2026\/SK0022541-CZ20260425-092328-0-1777080210-1240086-1_162230.webp","datePublished":"2026-04-27T13:56:51+00:00","breadcrumb":{"@id":"https:\/\/www.koupeltech.com\/index.php\/produkt\/gardena-3518-20-vytrhavac-plevele-top-prodej-6783\/#breadcrumb"},"inLanguage":"cs","potentialAction":[{"@type":"ReadAction","target":["https:\/\/www.koupeltech.com\/index.php\/produkt\/gardena-3518-20-vytrhavac-plevele-top-prodej-6783\/"]}]},{"@type":"ImageObject","inLanguage":"cs","@id":"https:\/\/www.koupeltech.com\/index.php\/produkt\/gardena-3518-20-vytrhavac-plevele-top-prodej-6783\/#primaryimage","url":"https:\/\/www.koupeltech.com\/wp-content\/uploads\/2026\/SK0022541-CZ20260425-092328-0-1777080210-1240086-1_162230.webp","contentUrl":"https:\/\/www.koupeltech.com\/wp-content\/uploads\/2026\/SK0022541-CZ20260425-092328-0-1777080210-1240086-1_162230.webp","width":429,"height":530},{"@type":"BreadcrumbList","@id":"https:\/\/www.koupeltech.com\/index.php\/produkt\/gardena-3518-20-vytrhavac-plevele-top-prodej-6783\/#breadcrumb","itemListElement":[{"@type":"ListItem","position":1,"name":"Home","item":"https:\/\/www.koupeltech.com\/"},{"@type":"ListItem","position":2,"name":"Products","item":"https:\/\/www.koupeltech.com\/index.php\/products\/"},{"@type":"ListItem","position":3,"name":"Gardena 3518-20 vytrh\u00e1va\u010d plevele Top Prodej"}]},{"@type":"WebSite","@id":"https:\/\/www.koupeltech.com\/#website","url":"https:\/\/www.koupeltech.com\/","name":"","description":"","potentialAction":[{"@type":"SearchAction","target":{"@type":"EntryPoint","urlTemplate":"https:\/\/www.koupeltech.com\/?s={search_term_string}"},"query-input":{"@type":"PropertyValueSpecification","valueRequired":true,"valueName":"search_term_string"}}],"inLanguage":"cs"}]}},"_links":{"self":[{"href":"https:\/\/www.koupeltech.com\/index.php\/wp-json\/wp\/v2\/product\/6783","targetHints":{"allow":["GET"]}}],"collection":[{"href":"https:\/\/www.koupeltech.com\/index.php\/wp-json\/wp\/v2\/product"}],"about":[{"href":"https:\/\/www.koupeltech.com\/index.php\/wp-json\/wp\/v2\/types\/product"}],"replies":[{"embeddable":true,"href":"https:\/\/www.koupeltech.com\/index.php\/wp-json\/wp\/v2\/comments?post=6783"}],"wp:featuredmedia":[{"embeddable":true,"href":"https:\/\/www.koupeltech.com\/index.php\/wp-json\/wp\/v2\/media\/6883"}],"wp:attachment":[{"href":"https:\/\/www.koupeltech.com\/index.php\/wp-json\/wp\/v2\/media?parent=6783"}],"wp:term":[{"taxonomy":"product_brand","embeddable":true,"href":"https:\/\/www.koupeltech.com\/index.php\/wp-json\/wp\/v2\/product_brand?post=6783"},{"taxonomy":"product_cat","embeddable":true,"href":"https:\/\/www.koupeltech.com\/index.php\/wp-json\/wp\/v2\/product_cat?post=6783"},{"taxonomy":"product_tag","embeddable":true,"href":"https:\/\/www.koupeltech.com\/index.php\/wp-json\/wp\/v2\/product_tag?post=6783"}],"curies":[{"name":"wp","href":"https:\/\/api.w.org\/{rel}","templated":true}]}}