{"id":6784,"date":"2026-04-27T13:56:51","date_gmt":"2026-04-27T13:56:51","guid":{"rendered":""},"modified":"2026-04-27T13:56:51","modified_gmt":"2026-04-27T13:56:51","slug":"overeny-gardena-3607-20-cs-cistic-mezer-2v1-6784","status":"publish","type":"product","link":"https:\/\/www.koupeltech.com\/index.php\/produkt\/overeny-gardena-3607-20-cs-cistic-mezer-2v1-6784\/","title":{"rendered":"Ov\u011b\u0159en\u00fd Gardena 3607-20 cs-\u010disti\u010d mezer 2v1"},"content":{"rendered":"<table>\n<div class=\"tab-pane active product-description\" id=\"popis\" role=\"tabpanel\">\n<div class=\"short-description\" itemprop=\"description\"><\/div>\n<div class=\"description\">\n<p>\u25ba Obzvl\u00e1\u0161t\u011b p\u0159esn\u00fd a univerz\u00e1ln\u00ed<span class=\"bullet-line\">Tenk\u00fd n\u016f\u017e z nerezov\u00e9 oceli je ide\u00e1ln\u00ed pro \u00fazk\u00e9 mezery, zat\u00edmco troj\u00faheln\u00edkov\u00fd n\u016f\u017e z nerezov\u00e9 oceli je zvl\u00e1\u0161t\u011b \u00fa\u010dinn\u00fd u \u0161ir\u0161\u00edch sp\u00e1r.<\/span><br \/>\u25ba Speci\u00e1ln\u00ed troj\u00faheln\u00edkov\u00fd tvar<span class=\"bullet-line\">Speci\u00e1ln\u00ed troj\u00faheln\u00edkov\u00fd tvar no\u017ee z nerezov\u00e9 oceli umo\u017e\u0148uje rychl\u00e9 a snadn\u00e9 odstran\u011bn\u00ed plevele v \u0161irok\u00fdch sp\u00e1r\u00e1ch.<\/span><br \/>\u25ba Velmi kvalin\u00ed nerezov\u00fd n\u016f\u017e<span class=\"bullet-line\">Tenk\u00fd n\u016f\u017e z nerezov\u00e9 oceli umo\u017e\u0148uje rychl\u00e9 a nekomplikovan\u00e9 odstra\u0148ov\u00e1n\u00ed plevele v \u00fazk\u00fdch mezer\u00e1ch.<\/span><br \/>\u25ba Kompatibiln\u00ed se v\u0161emi n\u00e1sadami combisystem<span class=\"bullet-line\">N\u00e1\u0159ad\u00ed GARDENA combisystem se hod\u00ed pro v\u0161echny n\u00e1sady GARDENA combisystem. Je jen na v\u00e1s, zda d\u00e1v\u00e1te p\u0159ednost n\u00e1sad\u011b ze d\u0159eva, hlin\u00edku nebo t\u00e9, kter\u00e1 je \u0161etrn\u00e1 va\u0161emu z\u00e1d\u016fm.<\/span><br \/>\u25ba Flexibiln\u00ed \u0159e\u0161en\u00ed \u0161etrn\u00e9 k p\u0159\u00edrod\u011b pro d\u016fkladn\u00e9 odstra\u0148ov\u00e1n\u00ed plevele na dvorech a teras\u00e1ch 2 v 1<span class=\"bullet-line\">Zd\u00e1 se v\u00e1m pravideln\u00e9 odstra\u0148ov\u00e1n\u00ed plevele z chodn\u00edk\u016f, p\u0159\u00edjezdov\u00fdch cest nebo teras zdlouhav\u00e9 a \u00fanavn\u00e9? Combisystem \u010disti\u010d mezer 2v1 zna\u010dky GARDENA je chytr\u00fd n\u00e1stroj pro snadn\u00e9 a nenam\u00e1hav\u00e9 odstra\u0148ov\u00e1n\u00ed plevele a mechu. Combisystem \u010disti\u010d mezer 2v1 d\u016fkladn\u011b odstra\u0148uje plevel z mezer a spoj\u016f v\u0161ech tvar\u016f a velikost\u00ed. M\u00e1 pevnou a tenkou \u010depel z nerezov\u00e9 oceli, kter\u00e1 je ur\u010dena pro pou\u017eit\u00ed v \u00fazk\u00fdch sp\u00e1r\u00e1ch, nap\u0159\u00edklad mezi t\u011bsn\u011b p\u0159il\u00e9haj\u00edc\u00edmi terasov\u00fdmi deskami nebo dla\u017eebn\u00edmi kostkami. V \u0161ir\u0161\u00edch sp\u00e1r\u00e1ch lze pou\u017e\u00edt speci\u00e1ln\u00ed troj\u00faheln\u00edkov\u00fd n\u016f\u017e z nerezov\u00e9 oceli. Oba no\u017ee umo\u017e\u0148uj\u00ed \u00fa\u010dinn\u00e9 a snadn\u00e9 odstra\u0148ov\u00e1n\u00ed mechu nebo plevele. S ohledem na va\u0161i fl\u00f3ru a faunu nab\u00edz\u00ed combisystem \u010disti\u010d mezer 2v1 zna\u010dky GARDENA mechanick\u00e9 \u0159e\u0161en\u00ed \u0161etrn\u00e9 k \u017eivotn\u00edmu prost\u0159ed\u00ed. \u010cisti\u010d mezer je velmi odoln\u00fd a je vyroben z vysoce kvalitn\u00edch materi\u00e1l\u016f.Lze jej kombinovat s jakoukoli n\u00e1sadou z \u0159ady combisystem, co\u017e znamen\u00e1, \u017ee je velmi p\u0159izp\u016fsobiv\u00fd a lze jej pou\u017e\u00edvat po mnoho let. Na znamen\u00ed t\u00e9to mimo\u0159\u00e1dn\u00e9 kvality nab\u00edz\u00ed GARDENA z\u00e1ruku v trv\u00e1n\u00ed 25 let.<\/span><\/p>\n<\/div>\n<\/table>\n","protected":false},"excerpt":{"rendered":"<p>\u25ba Obzvl\u00e1\u0161t\u011b p\u0159esn\u00fd a univerz\u00e1ln\u00edTenk\u00fd n\u016f\u017e z nerezov\u00e9 oceli je ide\u00e1ln\u00ed pro \u00fazk\u00e9 mezery, zat\u00edmco troj\u00faheln\u00edkov\u00fd n\u016f\u017e z nerezov\u00e9 oceli je zvl\u00e1\u0161t\u011b \u00fa\u010dinn\u00fd u \u0161ir\u0161\u00edch sp\u00e1r.\u25ba Speci\u00e1ln\u00ed troj\u00faheln\u00edkov\u00fd tvarSpeci\u00e1ln\u00ed troj\u00faheln\u00edkov\u00fd tvar no\u017ee z nerezov\u00e9 oceli umo\u017e\u0148uje rychl\u00e9 a snadn\u00e9 odstran\u011bn\u00ed plevele v \u0161irok\u00fdch sp\u00e1r\u00e1ch.\u25ba Velmi kvalin\u00ed nerezov\u00fd n\u016f\u017eTenk\u00fd n\u016f\u017e z nerezov\u00e9 oceli umo\u017e\u0148uje rychl\u00e9 a [&hellip;]<\/p>\n","protected":false},"featured_media":6884,"comment_status":"open","ping_status":"open","template":"","meta":[],"product_brand":[],"product_cat":[44],"product_tag":[],"class_list":{"0":"post-6784","1":"product","2":"type-product","3":"status-publish","4":"has-post-thumbnail","6":"product_cat-zahrada","8":"first","9":"instock","10":"sale","11":"shipping-taxable","12":"purchasable","13":"product-type-simple"},"yoast_head":"<!-- This site is optimized with the Yoast SEO plugin v26.8 - https:\/\/yoast.com\/product\/yoast-seo-wordpress\/ -->\n<title>Ov\u011b\u0159en\u00fd Gardena 3607-20 cs-\u010disti\u010d mezer 2v1 -<\/title>\n<meta name=\"robots\" content=\"index, follow, max-snippet:-1, max-image-preview:large, max-video-preview:-1\" \/>\n<link rel=\"canonical\" href=\"https:\/\/www.koupeltech.com\/index.php\/produkt\/overeny-gardena-3607-20-cs-cistic-mezer-2v1-6784\/\" \/>\n<meta property=\"og:locale\" content=\"cs_CZ\" \/>\n<meta property=\"og:type\" content=\"article\" \/>\n<meta property=\"og:title\" content=\"Ov\u011b\u0159en\u00fd Gardena 3607-20 cs-\u010disti\u010d mezer 2v1 -\" \/>\n<meta property=\"og:description\" content=\"\u25ba Obzvl\u00e1\u0161t\u011b p\u0159esn\u00fd a univerz\u00e1ln\u00edTenk\u00fd n\u016f\u017e z nerezov\u00e9 oceli je ide\u00e1ln\u00ed pro \u00fazk\u00e9 mezery, zat\u00edmco troj\u00faheln\u00edkov\u00fd n\u016f\u017e z nerezov\u00e9 oceli je zvl\u00e1\u0161t\u011b \u00fa\u010dinn\u00fd u \u0161ir\u0161\u00edch sp\u00e1r.\u25ba Speci\u00e1ln\u00ed troj\u00faheln\u00edkov\u00fd tvarSpeci\u00e1ln\u00ed troj\u00faheln\u00edkov\u00fd tvar no\u017ee z nerezov\u00e9 oceli umo\u017e\u0148uje rychl\u00e9 a snadn\u00e9 odstran\u011bn\u00ed plevele v \u0161irok\u00fdch sp\u00e1r\u00e1ch.\u25ba Velmi kvalin\u00ed nerezov\u00fd n\u016f\u017eTenk\u00fd n\u016f\u017e z nerezov\u00e9 oceli umo\u017e\u0148uje rychl\u00e9 a [&hellip;]\" \/>\n<meta property=\"og:url\" content=\"https:\/\/www.koupeltech.com\/index.php\/produkt\/overeny-gardena-3607-20-cs-cistic-mezer-2v1-6784\/\" \/>\n<meta property=\"og:image\" content=\"https:\/\/www.koupeltech.com\/wp-content\/uploads\/2026\/SK0022542-CZ20260425-092328-0-1777080210-1240087-1_162230.webp\" \/>\n\t<meta property=\"og:image:width\" content=\"446\" \/>\n\t<meta property=\"og:image:height\" content=\"530\" \/>\n\t<meta property=\"og:image:type\" content=\"image\/webp\" \/>\n<meta name=\"twitter:card\" content=\"summary_large_image\" \/>\n<meta name=\"twitter:label1\" content=\"Odhadovan\u00e1 doba \u010dten\u00ed\" \/>\n\t<meta name=\"twitter:data1\" content=\"2 minuty\" \/>\n<script type=\"application\/ld+json\" class=\"yoast-schema-graph\">{\"@context\":\"https:\/\/schema.org\",\"@graph\":[{\"@type\":\"WebPage\",\"@id\":\"https:\/\/www.koupeltech.com\/index.php\/produkt\/overeny-gardena-3607-20-cs-cistic-mezer-2v1-6784\/\",\"url\":\"https:\/\/www.koupeltech.com\/index.php\/produkt\/overeny-gardena-3607-20-cs-cistic-mezer-2v1-6784\/\",\"name\":\"Ov\u011b\u0159en\u00fd Gardena 3607-20 cs-\u010disti\u010d mezer 2v1 -\",\"isPartOf\":{\"@id\":\"https:\/\/www.koupeltech.com\/#website\"},\"primaryImageOfPage\":{\"@id\":\"https:\/\/www.koupeltech.com\/index.php\/produkt\/overeny-gardena-3607-20-cs-cistic-mezer-2v1-6784\/#primaryimage\"},\"image\":{\"@id\":\"https:\/\/www.koupeltech.com\/index.php\/produkt\/overeny-gardena-3607-20-cs-cistic-mezer-2v1-6784\/#primaryimage\"},\"thumbnailUrl\":\"https:\/\/www.koupeltech.com\/wp-content\/uploads\/2026\/SK0022542-CZ20260425-092328-0-1777080210-1240087-1_162230.webp\",\"datePublished\":\"2026-04-27T13:56:51+00:00\",\"breadcrumb\":{\"@id\":\"https:\/\/www.koupeltech.com\/index.php\/produkt\/overeny-gardena-3607-20-cs-cistic-mezer-2v1-6784\/#breadcrumb\"},\"inLanguage\":\"cs\",\"potentialAction\":[{\"@type\":\"ReadAction\",\"target\":[\"https:\/\/www.koupeltech.com\/index.php\/produkt\/overeny-gardena-3607-20-cs-cistic-mezer-2v1-6784\/\"]}]},{\"@type\":\"ImageObject\",\"inLanguage\":\"cs\",\"@id\":\"https:\/\/www.koupeltech.com\/index.php\/produkt\/overeny-gardena-3607-20-cs-cistic-mezer-2v1-6784\/#primaryimage\",\"url\":\"https:\/\/www.koupeltech.com\/wp-content\/uploads\/2026\/SK0022542-CZ20260425-092328-0-1777080210-1240087-1_162230.webp\",\"contentUrl\":\"https:\/\/www.koupeltech.com\/wp-content\/uploads\/2026\/SK0022542-CZ20260425-092328-0-1777080210-1240087-1_162230.webp\",\"width\":446,\"height\":530},{\"@type\":\"BreadcrumbList\",\"@id\":\"https:\/\/www.koupeltech.com\/index.php\/produkt\/overeny-gardena-3607-20-cs-cistic-mezer-2v1-6784\/#breadcrumb\",\"itemListElement\":[{\"@type\":\"ListItem\",\"position\":1,\"name\":\"Home\",\"item\":\"https:\/\/www.koupeltech.com\/\"},{\"@type\":\"ListItem\",\"position\":2,\"name\":\"Products\",\"item\":\"https:\/\/www.koupeltech.com\/index.php\/products\/\"},{\"@type\":\"ListItem\",\"position\":3,\"name\":\"Ov\u011b\u0159en\u00fd Gardena 3607-20 cs-\u010disti\u010d mezer 2v1\"}]},{\"@type\":\"WebSite\",\"@id\":\"https:\/\/www.koupeltech.com\/#website\",\"url\":\"https:\/\/www.koupeltech.com\/\",\"name\":\"\",\"description\":\"\",\"potentialAction\":[{\"@type\":\"SearchAction\",\"target\":{\"@type\":\"EntryPoint\",\"urlTemplate\":\"https:\/\/www.koupeltech.com\/?s={search_term_string}\"},\"query-input\":{\"@type\":\"PropertyValueSpecification\",\"valueRequired\":true,\"valueName\":\"search_term_string\"}}],\"inLanguage\":\"cs\"}]}<\/script>\n<!-- \/ Yoast SEO plugin. -->","yoast_head_json":{"title":"Ov\u011b\u0159en\u00fd Gardena 3607-20 cs-\u010disti\u010d mezer 2v1 -","robots":{"index":"index","follow":"follow","max-snippet":"max-snippet:-1","max-image-preview":"max-image-preview:large","max-video-preview":"max-video-preview:-1"},"canonical":"https:\/\/www.koupeltech.com\/index.php\/produkt\/overeny-gardena-3607-20-cs-cistic-mezer-2v1-6784\/","og_locale":"cs_CZ","og_type":"article","og_title":"Ov\u011b\u0159en\u00fd Gardena 3607-20 cs-\u010disti\u010d mezer 2v1 -","og_description":"\u25ba Obzvl\u00e1\u0161t\u011b p\u0159esn\u00fd a univerz\u00e1ln\u00edTenk\u00fd n\u016f\u017e z nerezov\u00e9 oceli je ide\u00e1ln\u00ed pro \u00fazk\u00e9 mezery, zat\u00edmco troj\u00faheln\u00edkov\u00fd n\u016f\u017e z nerezov\u00e9 oceli je zvl\u00e1\u0161t\u011b \u00fa\u010dinn\u00fd u \u0161ir\u0161\u00edch sp\u00e1r.\u25ba Speci\u00e1ln\u00ed troj\u00faheln\u00edkov\u00fd tvarSpeci\u00e1ln\u00ed troj\u00faheln\u00edkov\u00fd tvar no\u017ee z nerezov\u00e9 oceli umo\u017e\u0148uje rychl\u00e9 a snadn\u00e9 odstran\u011bn\u00ed plevele v \u0161irok\u00fdch sp\u00e1r\u00e1ch.\u25ba Velmi kvalin\u00ed nerezov\u00fd n\u016f\u017eTenk\u00fd n\u016f\u017e z nerezov\u00e9 oceli umo\u017e\u0148uje rychl\u00e9 a [&hellip;]","og_url":"https:\/\/www.koupeltech.com\/index.php\/produkt\/overeny-gardena-3607-20-cs-cistic-mezer-2v1-6784\/","og_image":[{"width":446,"height":530,"url":"https:\/\/www.koupeltech.com\/wp-content\/uploads\/2026\/SK0022542-CZ20260425-092328-0-1777080210-1240087-1_162230.webp","type":"image\/webp"}],"twitter_card":"summary_large_image","twitter_misc":{"Odhadovan\u00e1 doba \u010dten\u00ed":"2 minuty"},"schema":{"@context":"https:\/\/schema.org","@graph":[{"@type":"WebPage","@id":"https:\/\/www.koupeltech.com\/index.php\/produkt\/overeny-gardena-3607-20-cs-cistic-mezer-2v1-6784\/","url":"https:\/\/www.koupeltech.com\/index.php\/produkt\/overeny-gardena-3607-20-cs-cistic-mezer-2v1-6784\/","name":"Ov\u011b\u0159en\u00fd Gardena 3607-20 cs-\u010disti\u010d mezer 2v1 -","isPartOf":{"@id":"https:\/\/www.koupeltech.com\/#website"},"primaryImageOfPage":{"@id":"https:\/\/www.koupeltech.com\/index.php\/produkt\/overeny-gardena-3607-20-cs-cistic-mezer-2v1-6784\/#primaryimage"},"image":{"@id":"https:\/\/www.koupeltech.com\/index.php\/produkt\/overeny-gardena-3607-20-cs-cistic-mezer-2v1-6784\/#primaryimage"},"thumbnailUrl":"https:\/\/www.koupeltech.com\/wp-content\/uploads\/2026\/SK0022542-CZ20260425-092328-0-1777080210-1240087-1_162230.webp","datePublished":"2026-04-27T13:56:51+00:00","breadcrumb":{"@id":"https:\/\/www.koupeltech.com\/index.php\/produkt\/overeny-gardena-3607-20-cs-cistic-mezer-2v1-6784\/#breadcrumb"},"inLanguage":"cs","potentialAction":[{"@type":"ReadAction","target":["https:\/\/www.koupeltech.com\/index.php\/produkt\/overeny-gardena-3607-20-cs-cistic-mezer-2v1-6784\/"]}]},{"@type":"ImageObject","inLanguage":"cs","@id":"https:\/\/www.koupeltech.com\/index.php\/produkt\/overeny-gardena-3607-20-cs-cistic-mezer-2v1-6784\/#primaryimage","url":"https:\/\/www.koupeltech.com\/wp-content\/uploads\/2026\/SK0022542-CZ20260425-092328-0-1777080210-1240087-1_162230.webp","contentUrl":"https:\/\/www.koupeltech.com\/wp-content\/uploads\/2026\/SK0022542-CZ20260425-092328-0-1777080210-1240087-1_162230.webp","width":446,"height":530},{"@type":"BreadcrumbList","@id":"https:\/\/www.koupeltech.com\/index.php\/produkt\/overeny-gardena-3607-20-cs-cistic-mezer-2v1-6784\/#breadcrumb","itemListElement":[{"@type":"ListItem","position":1,"name":"Home","item":"https:\/\/www.koupeltech.com\/"},{"@type":"ListItem","position":2,"name":"Products","item":"https:\/\/www.koupeltech.com\/index.php\/products\/"},{"@type":"ListItem","position":3,"name":"Ov\u011b\u0159en\u00fd Gardena 3607-20 cs-\u010disti\u010d mezer 2v1"}]},{"@type":"WebSite","@id":"https:\/\/www.koupeltech.com\/#website","url":"https:\/\/www.koupeltech.com\/","name":"","description":"","potentialAction":[{"@type":"SearchAction","target":{"@type":"EntryPoint","urlTemplate":"https:\/\/www.koupeltech.com\/?s={search_term_string}"},"query-input":{"@type":"PropertyValueSpecification","valueRequired":true,"valueName":"search_term_string"}}],"inLanguage":"cs"}]}},"_links":{"self":[{"href":"https:\/\/www.koupeltech.com\/index.php\/wp-json\/wp\/v2\/product\/6784","targetHints":{"allow":["GET"]}}],"collection":[{"href":"https:\/\/www.koupeltech.com\/index.php\/wp-json\/wp\/v2\/product"}],"about":[{"href":"https:\/\/www.koupeltech.com\/index.php\/wp-json\/wp\/v2\/types\/product"}],"replies":[{"embeddable":true,"href":"https:\/\/www.koupeltech.com\/index.php\/wp-json\/wp\/v2\/comments?post=6784"}],"wp:featuredmedia":[{"embeddable":true,"href":"https:\/\/www.koupeltech.com\/index.php\/wp-json\/wp\/v2\/media\/6884"}],"wp:attachment":[{"href":"https:\/\/www.koupeltech.com\/index.php\/wp-json\/wp\/v2\/media?parent=6784"}],"wp:term":[{"taxonomy":"product_brand","embeddable":true,"href":"https:\/\/www.koupeltech.com\/index.php\/wp-json\/wp\/v2\/product_brand?post=6784"},{"taxonomy":"product_cat","embeddable":true,"href":"https:\/\/www.koupeltech.com\/index.php\/wp-json\/wp\/v2\/product_cat?post=6784"},{"taxonomy":"product_tag","embeddable":true,"href":"https:\/\/www.koupeltech.com\/index.php\/wp-json\/wp\/v2\/product_tag?post=6784"}],"curies":[{"name":"wp","href":"https:\/\/api.w.org\/{rel}","templated":true}]}}