{"id":6785,"date":"2026-04-27T13:56:51","date_gmt":"2026-04-27T13:56:51","guid":{"rendered":""},"modified":"2026-04-27T13:56:51","modified_gmt":"2026-04-27T13:56:51","slug":"gardena-3608-20-cs-cistic-na-terasy-3v1-akcni-cena-6785","status":"publish","type":"product","link":"https:\/\/www.koupeltech.com\/index.php\/produkt\/gardena-3608-20-cs-cistic-na-terasy-3v1-akcni-cena-6785\/","title":{"rendered":"Gardena 3608-20 cs-\u010disti\u010d na terasy 3v1 Ak\u010dn\u00ed Cena"},"content":{"rendered":"<table>\n<div class=\"tab-pane active product-description\" id=\"popis\" role=\"tabpanel\">\n<div class=\"short-description\" itemprop=\"description\"><\/div>\n<div class=\"description\">\u25ba Ide\u00e1ln\u00ed pro \u00fazk\u00e9 i \u0161irok\u00e9 mezery<span class='bullet-line'>Inovativn\u00ed combisystem \u010disti\u010d teras 3v1 kombinuje n\u016f\u017e z nerezov\u00e9 oceli pro \u00fazk\u00e9 sp\u00e1ry, troj\u00faheln\u00edkov\u00fd ohnut\u00fd n\u016f\u017e z nerezov\u00e9 oceli pro \u0161ir\u0161\u00ed mezery a speci\u00e1ln\u00ed kovov\u00fd kart\u00e1\u010d v jednom praktick\u00e9m n\u00e1\u0159ad\u00ed.<\/span><br \/>\u25ba Speci\u00e1ln\u00ed troj\u00faheln\u00edkov\u00fd tvar<span class='bullet-line'>Speci\u00e1ln\u00ed tvar no\u017ee z nerezov\u00e9 oceli umo\u017e\u0148uje rychl\u00e9 a snadn\u00e9 odstran\u011bn\u00ed plevele v \u0161irok\u00fdch mezer\u00e1ch.<\/span><br \/>\u25ba Velmi kvalitn\u00ed nerezov\u00fd n\u016f\u017e<span class='bullet-line'>Tenk\u00fd n\u016f\u017e z nerezov\u00e9 oceli umo\u017e\u0148uje rychl\u00e9 a nekomplikovan\u00e9 odstran\u011bn\u00ed plevel\u016f v \u00fazk\u00fdch sp\u00e1r\u00e1ch.<\/span><br \/>\u25ba Odoln\u00e9 kovov\u00e9 \u0161t\u011btiny p\u0159edev\u0161\u00edm na odstra\u0148ov\u00e1n\u00ed mechu<span class='bullet-line'>Pomoc\u00ed speci\u00e1ln\u00edho kovov\u00e9ho kart\u00e1\u010de lze obzvl\u00e1\u0161t\u011b dob\u0159e odstra\u0148ovat mechy. <\/span><span class='bullet-line'>Vytr\u017een\u00fd plevel lze nav\u00edc snadno sm\u00e9st.<\/span><br \/>\u25ba Vhodn\u00e9 pro v\u0161echny druhy n\u00e1\u0159ad\u00ed<span class='bullet-line'>N\u00e1\u0159ad\u00ed GARDENA combisystem se hod\u00ed pro v\u0161echny n\u00e1sady GARDENA combisystem. <\/span><span class='bullet-line'>M\u016f\u017eete si vybrat z n\u00e1sad ze d\u0159eva, hlin\u00edku nebo t\u00e9, kter\u00e1 je \u0161etrn\u00e1 k va\u0161im z\u00e1d\u016fm.<\/span><br \/>\u25ba Odstra\u0148ov\u00e1n\u00ed plevele a mechu \u0161etrn\u00e9 k p\u0159\u00edrod\u011b pomoc\u00ed praktick\u00e9ho \u0159e\u0161en\u00ed 3v1<span class='bullet-line'>Zd\u00e1 se v\u00e1m odstra\u0148ov\u00e1n\u00ed plevel\u016f a mechu ve va\u0161\u00ed zahrad\u011b, v p\u0159edzahr\u00e1dce nebo na p\u0159\u00edjezdov\u00e9 cest\u011b ke gar\u00e1\u017ei velmi \u00fanavn\u00e9 a vy\u010derp\u00e1vaj\u00edc\u00ed? <\/span><span class='bullet-line'>Nejste sami, tot\u00e9\u017e si mysl\u00ed i mnoho dal\u0161\u00edch v\u00e1\u0161niv\u00fdch hobby zahr\u00e1dk\u00e1\u0159\u016f. <\/span><span class='bullet-line'>GARDENA p\u0159edstavuje combisystem \u010disti\u010d teras 3v1 &#8211; inovativn\u00ed, jednoduch\u00fd a v\u0161estrann\u00fd n\u00e1stroj pro odstra\u0148ov\u00e1n\u00ed plevele, kter\u00fd je z\u00e1rove\u0148 \u0161etrn\u00fd k fl\u00f3\u0159e i faun\u011b na va\u0161\u00ed zahrad\u011b. <\/span><span class='bullet-line'>Jeden n\u00e1stroj nab\u00edz\u00ed t\u0159i funkce: tenk\u00fd, ale pevn\u00fd n\u016f\u017e z nerezov\u00e9 oceli umo\u017e\u0148uje p\u0159esn\u00e9 a d\u016fkladn\u00e9 pou\u017eit\u00ed zejm\u00e9na v \u00fazk\u00fdch sp\u00e1r\u00e1ch, nap\u0159\u00edklad mezi t\u011bsn\u011b p\u0159il\u00e9haj\u00edc\u00edmi dla\u017eebn\u00edmi kostkami na terase nebo na zahrad\u011b. <\/span><span class='bullet-line'>Ale plevele a mechy lze samoz\u0159ejm\u011b naj\u00edt tak\u00e9 v \u0161ir\u0161\u00edch mezer\u00e1ch \u2013 a to jsou m\u00edsta, kde najde uplatn\u011bn\u00ed troj\u00faheln\u00edkov\u00fd ohnut\u00fd n\u016f\u017e z nerezov\u00e9 oceli. <\/span><span class='bullet-line'>T\u0159et\u00ed funkc\u00ed combisystem \u010disti\u010de teras 3v1 je kovov\u00fd kart\u00e1\u010d. <\/span><span class='bullet-line'>Tento je speci\u00e1ln\u011b navr\u017een pro odstra\u0148ov\u00e1n\u00ed mechu a zamet\u00e1n\u00ed vyta\u017een\u00fdch rostlinn\u00fdch zbytk\u016f. <\/span><span class='bullet-line'>Tento zp\u016fsob \u010dist\u011b mechanick\u00e9ho odstra\u0148ov\u00e1n\u00ed plevele je nejen dob\u0159e navr\u017een\u00fd, ale tak\u00e9 zvl\u00e1\u0161t\u011b \u0161etrn\u00fd k \u017eivotn\u00edmu prost\u0159ed\u00ed. <\/span><span class='bullet-line'>Combisystem \u010disti\u010d teras 3v1 lze kombinovat s jakoukoli samostatn\u011b dostupnou n\u00e1sadou combisystem zna\u010dky GARDENA.<\/span><span class='bullet-line'>Pokud se po dlouh\u00fdch letech pou\u017e\u00edv\u00e1n\u00ed tenk\u00fd nerezov\u00fd n\u016f\u017e nebo troj\u00faheln\u00edkov\u00fd n\u016f\u017e z nerezov\u00e9 oceli opot\u0159eb\u00ed, lze je snadno vym\u011bnit. <\/span><span class='bullet-line'>Vysok\u00e1 kvalita a dlouh\u00e1 \u017eivotnost je podpo\u0159ena z\u00e1rukou v\u00fdrobce GARDENA v trv\u00e1n\u00ed 25 let.<\/span><\/div>\n<\/table>\n","protected":false},"excerpt":{"rendered":"<p>\u25ba Ide\u00e1ln\u00ed pro \u00fazk\u00e9 i \u0161irok\u00e9 mezeryInovativn\u00ed combisystem \u010disti\u010d teras 3v1 kombinuje n\u016f\u017e z nerezov\u00e9 oceli pro \u00fazk\u00e9 sp\u00e1ry, troj\u00faheln\u00edkov\u00fd ohnut\u00fd n\u016f\u017e z nerezov\u00e9 oceli pro \u0161ir\u0161\u00ed mezery a speci\u00e1ln\u00ed kovov\u00fd kart\u00e1\u010d v jednom praktick\u00e9m n\u00e1\u0159ad\u00ed.\u25ba Speci\u00e1ln\u00ed troj\u00faheln\u00edkov\u00fd tvarSpeci\u00e1ln\u00ed tvar no\u017ee z nerezov\u00e9 oceli umo\u017e\u0148uje rychl\u00e9 a snadn\u00e9 odstran\u011bn\u00ed plevele v \u0161irok\u00fdch mezer\u00e1ch.\u25ba Velmi kvalitn\u00ed [&hellip;]<\/p>\n","protected":false},"featured_media":6885,"comment_status":"open","ping_status":"open","template":"","meta":[],"product_brand":[],"product_cat":[44],"product_tag":[],"class_list":{"0":"post-6785","1":"product","2":"type-product","3":"status-publish","4":"has-post-thumbnail","6":"product_cat-zahrada","8":"first","9":"instock","10":"sale","11":"shipping-taxable","12":"purchasable","13":"product-type-simple"},"yoast_head":"<!-- This site is optimized with the Yoast SEO plugin v26.8 - https:\/\/yoast.com\/product\/yoast-seo-wordpress\/ -->\n<title>Gardena 3608-20 cs-\u010disti\u010d na terasy 3v1 Ak\u010dn\u00ed Cena -<\/title>\n<meta name=\"robots\" content=\"index, follow, max-snippet:-1, max-image-preview:large, max-video-preview:-1\" \/>\n<link rel=\"canonical\" href=\"https:\/\/www.koupeltech.com\/index.php\/produkt\/gardena-3608-20-cs-cistic-na-terasy-3v1-akcni-cena-6785\/\" \/>\n<meta property=\"og:locale\" content=\"cs_CZ\" \/>\n<meta property=\"og:type\" content=\"article\" \/>\n<meta property=\"og:title\" content=\"Gardena 3608-20 cs-\u010disti\u010d na terasy 3v1 Ak\u010dn\u00ed Cena -\" \/>\n<meta property=\"og:description\" content=\"\u25ba Ide\u00e1ln\u00ed pro \u00fazk\u00e9 i \u0161irok\u00e9 mezeryInovativn\u00ed combisystem \u010disti\u010d teras 3v1 kombinuje n\u016f\u017e z nerezov\u00e9 oceli pro \u00fazk\u00e9 sp\u00e1ry, troj\u00faheln\u00edkov\u00fd ohnut\u00fd n\u016f\u017e z nerezov\u00e9 oceli pro \u0161ir\u0161\u00ed mezery a speci\u00e1ln\u00ed kovov\u00fd kart\u00e1\u010d v jednom praktick\u00e9m n\u00e1\u0159ad\u00ed.\u25ba Speci\u00e1ln\u00ed troj\u00faheln\u00edkov\u00fd tvarSpeci\u00e1ln\u00ed tvar no\u017ee z nerezov\u00e9 oceli umo\u017e\u0148uje rychl\u00e9 a snadn\u00e9 odstran\u011bn\u00ed plevele v \u0161irok\u00fdch mezer\u00e1ch.\u25ba Velmi kvalitn\u00ed [&hellip;]\" \/>\n<meta property=\"og:url\" content=\"https:\/\/www.koupeltech.com\/index.php\/produkt\/gardena-3608-20-cs-cistic-na-terasy-3v1-akcni-cena-6785\/\" \/>\n<meta property=\"og:image\" content=\"https:\/\/www.koupeltech.com\/wp-content\/uploads\/2026\/SK0022543-CZ20260425-092328-0-1777080210-1240088-1_162230.webp\" \/>\n\t<meta property=\"og:image:width\" content=\"533\" \/>\n\t<meta property=\"og:image:height\" content=\"530\" \/>\n\t<meta property=\"og:image:type\" content=\"image\/webp\" \/>\n<meta name=\"twitter:card\" content=\"summary_large_image\" \/>\n<meta name=\"twitter:label1\" content=\"Odhadovan\u00e1 doba \u010dten\u00ed\" \/>\n\t<meta name=\"twitter:data1\" content=\"2 minuty\" \/>\n<script type=\"application\/ld+json\" class=\"yoast-schema-graph\">{\"@context\":\"https:\/\/schema.org\",\"@graph\":[{\"@type\":\"WebPage\",\"@id\":\"https:\/\/www.koupeltech.com\/index.php\/produkt\/gardena-3608-20-cs-cistic-na-terasy-3v1-akcni-cena-6785\/\",\"url\":\"https:\/\/www.koupeltech.com\/index.php\/produkt\/gardena-3608-20-cs-cistic-na-terasy-3v1-akcni-cena-6785\/\",\"name\":\"Gardena 3608-20 cs-\u010disti\u010d na terasy 3v1 Ak\u010dn\u00ed Cena -\",\"isPartOf\":{\"@id\":\"https:\/\/www.koupeltech.com\/#website\"},\"primaryImageOfPage\":{\"@id\":\"https:\/\/www.koupeltech.com\/index.php\/produkt\/gardena-3608-20-cs-cistic-na-terasy-3v1-akcni-cena-6785\/#primaryimage\"},\"image\":{\"@id\":\"https:\/\/www.koupeltech.com\/index.php\/produkt\/gardena-3608-20-cs-cistic-na-terasy-3v1-akcni-cena-6785\/#primaryimage\"},\"thumbnailUrl\":\"https:\/\/www.koupeltech.com\/wp-content\/uploads\/2026\/SK0022543-CZ20260425-092328-0-1777080210-1240088-1_162230.webp\",\"datePublished\":\"2026-04-27T13:56:51+00:00\",\"breadcrumb\":{\"@id\":\"https:\/\/www.koupeltech.com\/index.php\/produkt\/gardena-3608-20-cs-cistic-na-terasy-3v1-akcni-cena-6785\/#breadcrumb\"},\"inLanguage\":\"cs\",\"potentialAction\":[{\"@type\":\"ReadAction\",\"target\":[\"https:\/\/www.koupeltech.com\/index.php\/produkt\/gardena-3608-20-cs-cistic-na-terasy-3v1-akcni-cena-6785\/\"]}]},{\"@type\":\"ImageObject\",\"inLanguage\":\"cs\",\"@id\":\"https:\/\/www.koupeltech.com\/index.php\/produkt\/gardena-3608-20-cs-cistic-na-terasy-3v1-akcni-cena-6785\/#primaryimage\",\"url\":\"https:\/\/www.koupeltech.com\/wp-content\/uploads\/2026\/SK0022543-CZ20260425-092328-0-1777080210-1240088-1_162230.webp\",\"contentUrl\":\"https:\/\/www.koupeltech.com\/wp-content\/uploads\/2026\/SK0022543-CZ20260425-092328-0-1777080210-1240088-1_162230.webp\",\"width\":533,\"height\":530},{\"@type\":\"BreadcrumbList\",\"@id\":\"https:\/\/www.koupeltech.com\/index.php\/produkt\/gardena-3608-20-cs-cistic-na-terasy-3v1-akcni-cena-6785\/#breadcrumb\",\"itemListElement\":[{\"@type\":\"ListItem\",\"position\":1,\"name\":\"Home\",\"item\":\"https:\/\/www.koupeltech.com\/\"},{\"@type\":\"ListItem\",\"position\":2,\"name\":\"Products\",\"item\":\"https:\/\/www.koupeltech.com\/index.php\/products\/\"},{\"@type\":\"ListItem\",\"position\":3,\"name\":\"Gardena 3608-20 cs-\u010disti\u010d na terasy 3v1 Ak\u010dn\u00ed Cena\"}]},{\"@type\":\"WebSite\",\"@id\":\"https:\/\/www.koupeltech.com\/#website\",\"url\":\"https:\/\/www.koupeltech.com\/\",\"name\":\"\",\"description\":\"\",\"potentialAction\":[{\"@type\":\"SearchAction\",\"target\":{\"@type\":\"EntryPoint\",\"urlTemplate\":\"https:\/\/www.koupeltech.com\/?s={search_term_string}\"},\"query-input\":{\"@type\":\"PropertyValueSpecification\",\"valueRequired\":true,\"valueName\":\"search_term_string\"}}],\"inLanguage\":\"cs\"}]}<\/script>\n<!-- \/ Yoast SEO plugin. -->","yoast_head_json":{"title":"Gardena 3608-20 cs-\u010disti\u010d na terasy 3v1 Ak\u010dn\u00ed Cena -","robots":{"index":"index","follow":"follow","max-snippet":"max-snippet:-1","max-image-preview":"max-image-preview:large","max-video-preview":"max-video-preview:-1"},"canonical":"https:\/\/www.koupeltech.com\/index.php\/produkt\/gardena-3608-20-cs-cistic-na-terasy-3v1-akcni-cena-6785\/","og_locale":"cs_CZ","og_type":"article","og_title":"Gardena 3608-20 cs-\u010disti\u010d na terasy 3v1 Ak\u010dn\u00ed Cena -","og_description":"\u25ba Ide\u00e1ln\u00ed pro \u00fazk\u00e9 i \u0161irok\u00e9 mezeryInovativn\u00ed combisystem \u010disti\u010d teras 3v1 kombinuje n\u016f\u017e z nerezov\u00e9 oceli pro \u00fazk\u00e9 sp\u00e1ry, troj\u00faheln\u00edkov\u00fd ohnut\u00fd n\u016f\u017e z nerezov\u00e9 oceli pro \u0161ir\u0161\u00ed mezery a speci\u00e1ln\u00ed kovov\u00fd kart\u00e1\u010d v jednom praktick\u00e9m n\u00e1\u0159ad\u00ed.\u25ba Speci\u00e1ln\u00ed troj\u00faheln\u00edkov\u00fd tvarSpeci\u00e1ln\u00ed tvar no\u017ee z nerezov\u00e9 oceli umo\u017e\u0148uje rychl\u00e9 a snadn\u00e9 odstran\u011bn\u00ed plevele v \u0161irok\u00fdch mezer\u00e1ch.\u25ba Velmi kvalitn\u00ed [&hellip;]","og_url":"https:\/\/www.koupeltech.com\/index.php\/produkt\/gardena-3608-20-cs-cistic-na-terasy-3v1-akcni-cena-6785\/","og_image":[{"width":533,"height":530,"url":"https:\/\/www.koupeltech.com\/wp-content\/uploads\/2026\/SK0022543-CZ20260425-092328-0-1777080210-1240088-1_162230.webp","type":"image\/webp"}],"twitter_card":"summary_large_image","twitter_misc":{"Odhadovan\u00e1 doba \u010dten\u00ed":"2 minuty"},"schema":{"@context":"https:\/\/schema.org","@graph":[{"@type":"WebPage","@id":"https:\/\/www.koupeltech.com\/index.php\/produkt\/gardena-3608-20-cs-cistic-na-terasy-3v1-akcni-cena-6785\/","url":"https:\/\/www.koupeltech.com\/index.php\/produkt\/gardena-3608-20-cs-cistic-na-terasy-3v1-akcni-cena-6785\/","name":"Gardena 3608-20 cs-\u010disti\u010d na terasy 3v1 Ak\u010dn\u00ed Cena -","isPartOf":{"@id":"https:\/\/www.koupeltech.com\/#website"},"primaryImageOfPage":{"@id":"https:\/\/www.koupeltech.com\/index.php\/produkt\/gardena-3608-20-cs-cistic-na-terasy-3v1-akcni-cena-6785\/#primaryimage"},"image":{"@id":"https:\/\/www.koupeltech.com\/index.php\/produkt\/gardena-3608-20-cs-cistic-na-terasy-3v1-akcni-cena-6785\/#primaryimage"},"thumbnailUrl":"https:\/\/www.koupeltech.com\/wp-content\/uploads\/2026\/SK0022543-CZ20260425-092328-0-1777080210-1240088-1_162230.webp","datePublished":"2026-04-27T13:56:51+00:00","breadcrumb":{"@id":"https:\/\/www.koupeltech.com\/index.php\/produkt\/gardena-3608-20-cs-cistic-na-terasy-3v1-akcni-cena-6785\/#breadcrumb"},"inLanguage":"cs","potentialAction":[{"@type":"ReadAction","target":["https:\/\/www.koupeltech.com\/index.php\/produkt\/gardena-3608-20-cs-cistic-na-terasy-3v1-akcni-cena-6785\/"]}]},{"@type":"ImageObject","inLanguage":"cs","@id":"https:\/\/www.koupeltech.com\/index.php\/produkt\/gardena-3608-20-cs-cistic-na-terasy-3v1-akcni-cena-6785\/#primaryimage","url":"https:\/\/www.koupeltech.com\/wp-content\/uploads\/2026\/SK0022543-CZ20260425-092328-0-1777080210-1240088-1_162230.webp","contentUrl":"https:\/\/www.koupeltech.com\/wp-content\/uploads\/2026\/SK0022543-CZ20260425-092328-0-1777080210-1240088-1_162230.webp","width":533,"height":530},{"@type":"BreadcrumbList","@id":"https:\/\/www.koupeltech.com\/index.php\/produkt\/gardena-3608-20-cs-cistic-na-terasy-3v1-akcni-cena-6785\/#breadcrumb","itemListElement":[{"@type":"ListItem","position":1,"name":"Home","item":"https:\/\/www.koupeltech.com\/"},{"@type":"ListItem","position":2,"name":"Products","item":"https:\/\/www.koupeltech.com\/index.php\/products\/"},{"@type":"ListItem","position":3,"name":"Gardena 3608-20 cs-\u010disti\u010d na terasy 3v1 Ak\u010dn\u00ed Cena"}]},{"@type":"WebSite","@id":"https:\/\/www.koupeltech.com\/#website","url":"https:\/\/www.koupeltech.com\/","name":"","description":"","potentialAction":[{"@type":"SearchAction","target":{"@type":"EntryPoint","urlTemplate":"https:\/\/www.koupeltech.com\/?s={search_term_string}"},"query-input":{"@type":"PropertyValueSpecification","valueRequired":true,"valueName":"search_term_string"}}],"inLanguage":"cs"}]}},"_links":{"self":[{"href":"https:\/\/www.koupeltech.com\/index.php\/wp-json\/wp\/v2\/product\/6785","targetHints":{"allow":["GET"]}}],"collection":[{"href":"https:\/\/www.koupeltech.com\/index.php\/wp-json\/wp\/v2\/product"}],"about":[{"href":"https:\/\/www.koupeltech.com\/index.php\/wp-json\/wp\/v2\/types\/product"}],"replies":[{"embeddable":true,"href":"https:\/\/www.koupeltech.com\/index.php\/wp-json\/wp\/v2\/comments?post=6785"}],"wp:featuredmedia":[{"embeddable":true,"href":"https:\/\/www.koupeltech.com\/index.php\/wp-json\/wp\/v2\/media\/6885"}],"wp:attachment":[{"href":"https:\/\/www.koupeltech.com\/index.php\/wp-json\/wp\/v2\/media?parent=6785"}],"wp:term":[{"taxonomy":"product_brand","embeddable":true,"href":"https:\/\/www.koupeltech.com\/index.php\/wp-json\/wp\/v2\/product_brand?post=6785"},{"taxonomy":"product_cat","embeddable":true,"href":"https:\/\/www.koupeltech.com\/index.php\/wp-json\/wp\/v2\/product_cat?post=6785"},{"taxonomy":"product_tag","embeddable":true,"href":"https:\/\/www.koupeltech.com\/index.php\/wp-json\/wp\/v2\/product_tag?post=6785"}],"curies":[{"name":"wp","href":"https:\/\/api.w.org\/{rel}","templated":true}]}}