{"id":6786,"date":"2026-04-27T13:56:51","date_gmt":"2026-04-27T13:56:51","guid":{"rendered":""},"modified":"2026-04-27T13:56:51","modified_gmt":"2026-04-27T13:56:51","slug":"gardena-4045-60-nastenny-drzak-pro-roboticke-sekacky-city-life-minimo-pouze-dnes-6786","status":"publish","type":"product","link":"https:\/\/www.koupeltech.com\/index.php\/produkt\/gardena-4045-60-nastenny-drzak-pro-roboticke-sekacky-city-life-minimo-pouze-dnes-6786\/","title":{"rendered":"Gardena 4045-60 n\u00e1st\u011bnn\u00fd dr\u017e\u00e1k pro robotick\u00e9 seka\u010dky city\/life\/minimo Pouze Dnes"},"content":{"rendered":"<table>\n<div class=\"tab-pane active product-description\" id=\"popis\" role=\"tabpanel\">\n<div class=\"short-description\" itemprop=\"description\"><\/div>\n<div class=\"description\">\u25ba Prostorov\u011b \u00fasporn\u00e9 skladov\u00e1n\u00ed pro robotick\u00e9 seka\u010dky SILENO minimo, (smart) SILENO city a (smart) SILENO life a nab\u00edjec\u00ed stanice<span class='bullet-line'>Pokud robotickou seka\u010dku b\u011bhem zimy nepou\u017e\u00edv\u00e1te, m\u016f\u017eete ji pomoc\u00ed n\u00e1st\u011bnn\u00e9ho dr\u017e\u00e1ku GARDENA ulo\u017eit obzvl\u00e1\u0161t\u011b prostorov\u011b \u00fasporn\u011b na such\u00e9m a nemrznouc\u00edm m\u00edst\u011b v gar\u00e1\u017ei nebo ve sklep\u011b. <\/span><span class='bullet-line'>Pevn\u00fd kovov\u00fd dr\u017e\u00e1k nab\u00edz\u00ed nejen prostor pro seka\u010dku, ale tak\u00e9 pro nab\u00edjec\u00ed stanici. <\/span><span class='bullet-line'>N\u00e1st\u011bnn\u00fd dr\u017e\u00e1k je kompatibiln\u00ed se v\u0161emi modely SILENO minimo, (smart) SILENO city a (smart) SILENO life.<\/span><\/div>\n<\/table>\n","protected":false},"excerpt":{"rendered":"<p>\u25ba Prostorov\u011b \u00fasporn\u00e9 skladov\u00e1n\u00ed pro robotick\u00e9 seka\u010dky SILENO minimo, (smart) SILENO city a (smart) SILENO life a nab\u00edjec\u00ed stanicePokud robotickou seka\u010dku b\u011bhem zimy nepou\u017e\u00edv\u00e1te, m\u016f\u017eete ji pomoc\u00ed n\u00e1st\u011bnn\u00e9ho dr\u017e\u00e1ku GARDENA ulo\u017eit obzvl\u00e1\u0161t\u011b prostorov\u011b \u00fasporn\u011b na such\u00e9m a nemrznouc\u00edm m\u00edst\u011b v gar\u00e1\u017ei nebo ve sklep\u011b. Pevn\u00fd kovov\u00fd dr\u017e\u00e1k nab\u00edz\u00ed nejen prostor pro seka\u010dku, ale tak\u00e9 pro [&hellip;]<\/p>\n","protected":false},"featured_media":6886,"comment_status":"open","ping_status":"open","template":"","meta":[],"product_brand":[],"product_cat":[44],"product_tag":[],"class_list":{"0":"post-6786","1":"product","2":"type-product","3":"status-publish","4":"has-post-thumbnail","6":"product_cat-zahrada","8":"first","9":"instock","10":"sale","11":"shipping-taxable","12":"purchasable","13":"product-type-simple"},"yoast_head":"<!-- This site is optimized with the Yoast SEO plugin v26.8 - https:\/\/yoast.com\/product\/yoast-seo-wordpress\/ -->\n<title>Gardena 4045-60 n\u00e1st\u011bnn\u00fd dr\u017e\u00e1k pro robotick\u00e9 seka\u010dky city\/life\/minimo Pouze Dnes -<\/title>\n<meta name=\"robots\" content=\"index, follow, max-snippet:-1, max-image-preview:large, max-video-preview:-1\" \/>\n<link rel=\"canonical\" href=\"https:\/\/www.koupeltech.com\/index.php\/produkt\/gardena-4045-60-nastenny-drzak-pro-roboticke-sekacky-city-life-minimo-pouze-dnes-6786\/\" \/>\n<meta property=\"og:locale\" content=\"cs_CZ\" \/>\n<meta property=\"og:type\" content=\"article\" \/>\n<meta property=\"og:title\" content=\"Gardena 4045-60 n\u00e1st\u011bnn\u00fd dr\u017e\u00e1k pro robotick\u00e9 seka\u010dky city\/life\/minimo Pouze Dnes -\" \/>\n<meta property=\"og:description\" content=\"\u25ba Prostorov\u011b \u00fasporn\u00e9 skladov\u00e1n\u00ed pro robotick\u00e9 seka\u010dky SILENO minimo, (smart) SILENO city a (smart) SILENO life a nab\u00edjec\u00ed stanicePokud robotickou seka\u010dku b\u011bhem zimy nepou\u017e\u00edv\u00e1te, m\u016f\u017eete ji pomoc\u00ed n\u00e1st\u011bnn\u00e9ho dr\u017e\u00e1ku GARDENA ulo\u017eit obzvl\u00e1\u0161t\u011b prostorov\u011b \u00fasporn\u011b na such\u00e9m a nemrznouc\u00edm m\u00edst\u011b v gar\u00e1\u017ei nebo ve sklep\u011b. Pevn\u00fd kovov\u00fd dr\u017e\u00e1k nab\u00edz\u00ed nejen prostor pro seka\u010dku, ale tak\u00e9 pro [&hellip;]\" \/>\n<meta property=\"og:url\" content=\"https:\/\/www.koupeltech.com\/index.php\/produkt\/gardena-4045-60-nastenny-drzak-pro-roboticke-sekacky-city-life-minimo-pouze-dnes-6786\/\" \/>\n<meta property=\"og:image\" content=\"https:\/\/www.koupeltech.com\/wp-content\/uploads\/2026\/SK0022544-CZ20260425-092328-0-1777080210-1240089-1_162430.webp\" \/>\n\t<meta property=\"og:image:width\" content=\"839\" \/>\n\t<meta property=\"og:image:height\" content=\"530\" \/>\n\t<meta property=\"og:image:type\" content=\"image\/webp\" \/>\n<meta name=\"twitter:card\" content=\"summary_large_image\" \/>\n<script type=\"application\/ld+json\" class=\"yoast-schema-graph\">{\"@context\":\"https:\/\/schema.org\",\"@graph\":[{\"@type\":\"WebPage\",\"@id\":\"https:\/\/www.koupeltech.com\/index.php\/produkt\/gardena-4045-60-nastenny-drzak-pro-roboticke-sekacky-city-life-minimo-pouze-dnes-6786\/\",\"url\":\"https:\/\/www.koupeltech.com\/index.php\/produkt\/gardena-4045-60-nastenny-drzak-pro-roboticke-sekacky-city-life-minimo-pouze-dnes-6786\/\",\"name\":\"Gardena 4045-60 n\u00e1st\u011bnn\u00fd dr\u017e\u00e1k pro robotick\u00e9 seka\u010dky city\/life\/minimo Pouze Dnes -\",\"isPartOf\":{\"@id\":\"https:\/\/www.koupeltech.com\/#website\"},\"primaryImageOfPage\":{\"@id\":\"https:\/\/www.koupeltech.com\/index.php\/produkt\/gardena-4045-60-nastenny-drzak-pro-roboticke-sekacky-city-life-minimo-pouze-dnes-6786\/#primaryimage\"},\"image\":{\"@id\":\"https:\/\/www.koupeltech.com\/index.php\/produkt\/gardena-4045-60-nastenny-drzak-pro-roboticke-sekacky-city-life-minimo-pouze-dnes-6786\/#primaryimage\"},\"thumbnailUrl\":\"https:\/\/www.koupeltech.com\/wp-content\/uploads\/2026\/SK0022544-CZ20260425-092328-0-1777080210-1240089-1_162430.webp\",\"datePublished\":\"2026-04-27T13:56:51+00:00\",\"breadcrumb\":{\"@id\":\"https:\/\/www.koupeltech.com\/index.php\/produkt\/gardena-4045-60-nastenny-drzak-pro-roboticke-sekacky-city-life-minimo-pouze-dnes-6786\/#breadcrumb\"},\"inLanguage\":\"cs\",\"potentialAction\":[{\"@type\":\"ReadAction\",\"target\":[\"https:\/\/www.koupeltech.com\/index.php\/produkt\/gardena-4045-60-nastenny-drzak-pro-roboticke-sekacky-city-life-minimo-pouze-dnes-6786\/\"]}]},{\"@type\":\"ImageObject\",\"inLanguage\":\"cs\",\"@id\":\"https:\/\/www.koupeltech.com\/index.php\/produkt\/gardena-4045-60-nastenny-drzak-pro-roboticke-sekacky-city-life-minimo-pouze-dnes-6786\/#primaryimage\",\"url\":\"https:\/\/www.koupeltech.com\/wp-content\/uploads\/2026\/SK0022544-CZ20260425-092328-0-1777080210-1240089-1_162430.webp\",\"contentUrl\":\"https:\/\/www.koupeltech.com\/wp-content\/uploads\/2026\/SK0022544-CZ20260425-092328-0-1777080210-1240089-1_162430.webp\",\"width\":839,\"height\":530},{\"@type\":\"BreadcrumbList\",\"@id\":\"https:\/\/www.koupeltech.com\/index.php\/produkt\/gardena-4045-60-nastenny-drzak-pro-roboticke-sekacky-city-life-minimo-pouze-dnes-6786\/#breadcrumb\",\"itemListElement\":[{\"@type\":\"ListItem\",\"position\":1,\"name\":\"Home\",\"item\":\"https:\/\/www.koupeltech.com\/\"},{\"@type\":\"ListItem\",\"position\":2,\"name\":\"Products\",\"item\":\"https:\/\/www.koupeltech.com\/index.php\/products\/\"},{\"@type\":\"ListItem\",\"position\":3,\"name\":\"Gardena 4045-60 n\u00e1st\u011bnn\u00fd dr\u017e\u00e1k pro robotick\u00e9 seka\u010dky city\/life\/minimo Pouze Dnes\"}]},{\"@type\":\"WebSite\",\"@id\":\"https:\/\/www.koupeltech.com\/#website\",\"url\":\"https:\/\/www.koupeltech.com\/\",\"name\":\"\",\"description\":\"\",\"potentialAction\":[{\"@type\":\"SearchAction\",\"target\":{\"@type\":\"EntryPoint\",\"urlTemplate\":\"https:\/\/www.koupeltech.com\/?s={search_term_string}\"},\"query-input\":{\"@type\":\"PropertyValueSpecification\",\"valueRequired\":true,\"valueName\":\"search_term_string\"}}],\"inLanguage\":\"cs\"}]}<\/script>\n<!-- \/ Yoast SEO plugin. -->","yoast_head_json":{"title":"Gardena 4045-60 n\u00e1st\u011bnn\u00fd dr\u017e\u00e1k pro robotick\u00e9 seka\u010dky city\/life\/minimo Pouze Dnes -","robots":{"index":"index","follow":"follow","max-snippet":"max-snippet:-1","max-image-preview":"max-image-preview:large","max-video-preview":"max-video-preview:-1"},"canonical":"https:\/\/www.koupeltech.com\/index.php\/produkt\/gardena-4045-60-nastenny-drzak-pro-roboticke-sekacky-city-life-minimo-pouze-dnes-6786\/","og_locale":"cs_CZ","og_type":"article","og_title":"Gardena 4045-60 n\u00e1st\u011bnn\u00fd dr\u017e\u00e1k pro robotick\u00e9 seka\u010dky city\/life\/minimo Pouze Dnes -","og_description":"\u25ba Prostorov\u011b \u00fasporn\u00e9 skladov\u00e1n\u00ed pro robotick\u00e9 seka\u010dky SILENO minimo, (smart) SILENO city a (smart) SILENO life a nab\u00edjec\u00ed stanicePokud robotickou seka\u010dku b\u011bhem zimy nepou\u017e\u00edv\u00e1te, m\u016f\u017eete ji pomoc\u00ed n\u00e1st\u011bnn\u00e9ho dr\u017e\u00e1ku GARDENA ulo\u017eit obzvl\u00e1\u0161t\u011b prostorov\u011b \u00fasporn\u011b na such\u00e9m a nemrznouc\u00edm m\u00edst\u011b v gar\u00e1\u017ei nebo ve sklep\u011b. Pevn\u00fd kovov\u00fd dr\u017e\u00e1k nab\u00edz\u00ed nejen prostor pro seka\u010dku, ale tak\u00e9 pro [&hellip;]","og_url":"https:\/\/www.koupeltech.com\/index.php\/produkt\/gardena-4045-60-nastenny-drzak-pro-roboticke-sekacky-city-life-minimo-pouze-dnes-6786\/","og_image":[{"width":839,"height":530,"url":"https:\/\/www.koupeltech.com\/wp-content\/uploads\/2026\/SK0022544-CZ20260425-092328-0-1777080210-1240089-1_162430.webp","type":"image\/webp"}],"twitter_card":"summary_large_image","schema":{"@context":"https:\/\/schema.org","@graph":[{"@type":"WebPage","@id":"https:\/\/www.koupeltech.com\/index.php\/produkt\/gardena-4045-60-nastenny-drzak-pro-roboticke-sekacky-city-life-minimo-pouze-dnes-6786\/","url":"https:\/\/www.koupeltech.com\/index.php\/produkt\/gardena-4045-60-nastenny-drzak-pro-roboticke-sekacky-city-life-minimo-pouze-dnes-6786\/","name":"Gardena 4045-60 n\u00e1st\u011bnn\u00fd dr\u017e\u00e1k pro robotick\u00e9 seka\u010dky city\/life\/minimo Pouze Dnes -","isPartOf":{"@id":"https:\/\/www.koupeltech.com\/#website"},"primaryImageOfPage":{"@id":"https:\/\/www.koupeltech.com\/index.php\/produkt\/gardena-4045-60-nastenny-drzak-pro-roboticke-sekacky-city-life-minimo-pouze-dnes-6786\/#primaryimage"},"image":{"@id":"https:\/\/www.koupeltech.com\/index.php\/produkt\/gardena-4045-60-nastenny-drzak-pro-roboticke-sekacky-city-life-minimo-pouze-dnes-6786\/#primaryimage"},"thumbnailUrl":"https:\/\/www.koupeltech.com\/wp-content\/uploads\/2026\/SK0022544-CZ20260425-092328-0-1777080210-1240089-1_162430.webp","datePublished":"2026-04-27T13:56:51+00:00","breadcrumb":{"@id":"https:\/\/www.koupeltech.com\/index.php\/produkt\/gardena-4045-60-nastenny-drzak-pro-roboticke-sekacky-city-life-minimo-pouze-dnes-6786\/#breadcrumb"},"inLanguage":"cs","potentialAction":[{"@type":"ReadAction","target":["https:\/\/www.koupeltech.com\/index.php\/produkt\/gardena-4045-60-nastenny-drzak-pro-roboticke-sekacky-city-life-minimo-pouze-dnes-6786\/"]}]},{"@type":"ImageObject","inLanguage":"cs","@id":"https:\/\/www.koupeltech.com\/index.php\/produkt\/gardena-4045-60-nastenny-drzak-pro-roboticke-sekacky-city-life-minimo-pouze-dnes-6786\/#primaryimage","url":"https:\/\/www.koupeltech.com\/wp-content\/uploads\/2026\/SK0022544-CZ20260425-092328-0-1777080210-1240089-1_162430.webp","contentUrl":"https:\/\/www.koupeltech.com\/wp-content\/uploads\/2026\/SK0022544-CZ20260425-092328-0-1777080210-1240089-1_162430.webp","width":839,"height":530},{"@type":"BreadcrumbList","@id":"https:\/\/www.koupeltech.com\/index.php\/produkt\/gardena-4045-60-nastenny-drzak-pro-roboticke-sekacky-city-life-minimo-pouze-dnes-6786\/#breadcrumb","itemListElement":[{"@type":"ListItem","position":1,"name":"Home","item":"https:\/\/www.koupeltech.com\/"},{"@type":"ListItem","position":2,"name":"Products","item":"https:\/\/www.koupeltech.com\/index.php\/products\/"},{"@type":"ListItem","position":3,"name":"Gardena 4045-60 n\u00e1st\u011bnn\u00fd dr\u017e\u00e1k pro robotick\u00e9 seka\u010dky city\/life\/minimo Pouze Dnes"}]},{"@type":"WebSite","@id":"https:\/\/www.koupeltech.com\/#website","url":"https:\/\/www.koupeltech.com\/","name":"","description":"","potentialAction":[{"@type":"SearchAction","target":{"@type":"EntryPoint","urlTemplate":"https:\/\/www.koupeltech.com\/?s={search_term_string}"},"query-input":{"@type":"PropertyValueSpecification","valueRequired":true,"valueName":"search_term_string"}}],"inLanguage":"cs"}]}},"_links":{"self":[{"href":"https:\/\/www.koupeltech.com\/index.php\/wp-json\/wp\/v2\/product\/6786","targetHints":{"allow":["GET"]}}],"collection":[{"href":"https:\/\/www.koupeltech.com\/index.php\/wp-json\/wp\/v2\/product"}],"about":[{"href":"https:\/\/www.koupeltech.com\/index.php\/wp-json\/wp\/v2\/types\/product"}],"replies":[{"embeddable":true,"href":"https:\/\/www.koupeltech.com\/index.php\/wp-json\/wp\/v2\/comments?post=6786"}],"wp:featuredmedia":[{"embeddable":true,"href":"https:\/\/www.koupeltech.com\/index.php\/wp-json\/wp\/v2\/media\/6886"}],"wp:attachment":[{"href":"https:\/\/www.koupeltech.com\/index.php\/wp-json\/wp\/v2\/media?parent=6786"}],"wp:term":[{"taxonomy":"product_brand","embeddable":true,"href":"https:\/\/www.koupeltech.com\/index.php\/wp-json\/wp\/v2\/product_brand?post=6786"},{"taxonomy":"product_cat","embeddable":true,"href":"https:\/\/www.koupeltech.com\/index.php\/wp-json\/wp\/v2\/product_cat?post=6786"},{"taxonomy":"product_tag","embeddable":true,"href":"https:\/\/www.koupeltech.com\/index.php\/wp-json\/wp\/v2\/product_tag?post=6786"}],"curies":[{"name":"wp","href":"https:\/\/api.w.org\/{rel}","templated":true}]}}