{"id":6788,"date":"2026-04-27T13:56:51","date_gmt":"2026-04-27T13:56:51","guid":{"rendered":""},"modified":"2026-04-27T13:56:51","modified_gmt":"2026-04-27T13:56:51","slug":"gardena-4059-60-ohranicujici-kabel-sada-pro-opravy-znackovy-6788","status":"publish","type":"product","link":"https:\/\/www.koupeltech.com\/index.php\/produkt\/gardena-4059-60-ohranicujici-kabel-sada-pro-opravy-znackovy-6788\/","title":{"rendered":"Gardena 4059-60 ohrani\u010duj\u00edc\u00ed kabel &#8211; sada pro opravy Zna\u010dkov\u00fd"},"content":{"rendered":"<table>\n<div class=\"tab-pane active product-description\" id=\"popis\" role=\"tabpanel\">\n<div class=\"short-description\" itemprop=\"description\"><\/div>\n<div class=\"description\">\u25ba Pro opravu a prov\u00e1d\u011bn\u00ed men\u0161\u00edch \u00faprav na \u017eac\u00ed plo\u0161e<span class='bullet-line'>GARDENA sada pro opravy je ide\u00e1ln\u00ed pro upevn\u011bn\u00ed ohrani\u010duj\u00edc\u00edho vodi\u010de a pro prov\u00e1d\u011bn\u00ed drobn\u00fdch \u00faprav na \u017eac\u00ed plo\u0161e. <\/span><span class='bullet-line'>Skl\u00e1d\u00e1 se z 5 metr\u016f ohrani\u010duj\u00edc\u00edho vodi\u010de, 10 h\u00e1k\u016f pro ukotven\u00ed kabelu do zem\u011b a 6 konektor\u016f pro pohodln\u00e9 propojen\u00ed existuj\u00edc\u00edho vodi\u010de s nov\u00fdm<\/span><\/div>\n<\/table>\n","protected":false},"excerpt":{"rendered":"<p>\u25ba Pro opravu a prov\u00e1d\u011bn\u00ed men\u0161\u00edch \u00faprav na \u017eac\u00ed plo\u0161eGARDENA sada pro opravy je ide\u00e1ln\u00ed pro upevn\u011bn\u00ed ohrani\u010duj\u00edc\u00edho vodi\u010de a pro prov\u00e1d\u011bn\u00ed drobn\u00fdch \u00faprav na \u017eac\u00ed plo\u0161e. Skl\u00e1d\u00e1 se z 5 metr\u016f ohrani\u010duj\u00edc\u00edho vodi\u010de, 10 h\u00e1k\u016f pro ukotven\u00ed kabelu do zem\u011b a 6 konektor\u016f pro pohodln\u00e9 propojen\u00ed existuj\u00edc\u00edho vodi\u010de s nov\u00fdm<\/p>\n","protected":false},"featured_media":6888,"comment_status":"open","ping_status":"open","template":"","meta":[],"product_brand":[],"product_cat":[44],"product_tag":[],"class_list":{"0":"post-6788","1":"product","2":"type-product","3":"status-publish","4":"has-post-thumbnail","6":"product_cat-zahrada","8":"first","9":"instock","10":"sale","11":"shipping-taxable","12":"purchasable","13":"product-type-simple"},"yoast_head":"<!-- This site is optimized with the Yoast SEO plugin v26.8 - https:\/\/yoast.com\/product\/yoast-seo-wordpress\/ -->\n<title>Gardena 4059-60 ohrani\u010duj\u00edc\u00ed kabel - sada pro opravy Zna\u010dkov\u00fd -<\/title>\n<meta name=\"robots\" content=\"index, follow, max-snippet:-1, max-image-preview:large, max-video-preview:-1\" \/>\n<link rel=\"canonical\" href=\"https:\/\/www.koupeltech.com\/index.php\/produkt\/gardena-4059-60-ohranicujici-kabel-sada-pro-opravy-znackovy-6788\/\" \/>\n<meta property=\"og:locale\" content=\"cs_CZ\" \/>\n<meta property=\"og:type\" content=\"article\" \/>\n<meta property=\"og:title\" content=\"Gardena 4059-60 ohrani\u010duj\u00edc\u00ed kabel - sada pro opravy Zna\u010dkov\u00fd -\" \/>\n<meta property=\"og:description\" content=\"\u25ba Pro opravu a prov\u00e1d\u011bn\u00ed men\u0161\u00edch \u00faprav na \u017eac\u00ed plo\u0161eGARDENA sada pro opravy je ide\u00e1ln\u00ed pro upevn\u011bn\u00ed ohrani\u010duj\u00edc\u00edho vodi\u010de a pro prov\u00e1d\u011bn\u00ed drobn\u00fdch \u00faprav na \u017eac\u00ed plo\u0161e. Skl\u00e1d\u00e1 se z 5 metr\u016f ohrani\u010duj\u00edc\u00edho vodi\u010de, 10 h\u00e1k\u016f pro ukotven\u00ed kabelu do zem\u011b a 6 konektor\u016f pro pohodln\u00e9 propojen\u00ed existuj\u00edc\u00edho vodi\u010de s nov\u00fdm\" \/>\n<meta property=\"og:url\" content=\"https:\/\/www.koupeltech.com\/index.php\/produkt\/gardena-4059-60-ohranicujici-kabel-sada-pro-opravy-znackovy-6788\/\" \/>\n<meta property=\"og:image\" content=\"https:\/\/www.koupeltech.com\/wp-content\/uploads\/2026\/SK0022546-CZ20260425-092328-0-1777080210-1240092-1_162630.webp\" \/>\n\t<meta property=\"og:image:width\" content=\"850\" \/>\n\t<meta property=\"og:image:height\" content=\"426\" \/>\n\t<meta property=\"og:image:type\" content=\"image\/webp\" \/>\n<meta name=\"twitter:card\" content=\"summary_large_image\" \/>\n<script type=\"application\/ld+json\" class=\"yoast-schema-graph\">{\"@context\":\"https:\/\/schema.org\",\"@graph\":[{\"@type\":\"WebPage\",\"@id\":\"https:\/\/www.koupeltech.com\/index.php\/produkt\/gardena-4059-60-ohranicujici-kabel-sada-pro-opravy-znackovy-6788\/\",\"url\":\"https:\/\/www.koupeltech.com\/index.php\/produkt\/gardena-4059-60-ohranicujici-kabel-sada-pro-opravy-znackovy-6788\/\",\"name\":\"Gardena 4059-60 ohrani\u010duj\u00edc\u00ed kabel - sada pro opravy Zna\u010dkov\u00fd -\",\"isPartOf\":{\"@id\":\"https:\/\/www.koupeltech.com\/#website\"},\"primaryImageOfPage\":{\"@id\":\"https:\/\/www.koupeltech.com\/index.php\/produkt\/gardena-4059-60-ohranicujici-kabel-sada-pro-opravy-znackovy-6788\/#primaryimage\"},\"image\":{\"@id\":\"https:\/\/www.koupeltech.com\/index.php\/produkt\/gardena-4059-60-ohranicujici-kabel-sada-pro-opravy-znackovy-6788\/#primaryimage\"},\"thumbnailUrl\":\"https:\/\/www.koupeltech.com\/wp-content\/uploads\/2026\/SK0022546-CZ20260425-092328-0-1777080210-1240092-1_162630.webp\",\"datePublished\":\"2026-04-27T13:56:51+00:00\",\"breadcrumb\":{\"@id\":\"https:\/\/www.koupeltech.com\/index.php\/produkt\/gardena-4059-60-ohranicujici-kabel-sada-pro-opravy-znackovy-6788\/#breadcrumb\"},\"inLanguage\":\"cs\",\"potentialAction\":[{\"@type\":\"ReadAction\",\"target\":[\"https:\/\/www.koupeltech.com\/index.php\/produkt\/gardena-4059-60-ohranicujici-kabel-sada-pro-opravy-znackovy-6788\/\"]}]},{\"@type\":\"ImageObject\",\"inLanguage\":\"cs\",\"@id\":\"https:\/\/www.koupeltech.com\/index.php\/produkt\/gardena-4059-60-ohranicujici-kabel-sada-pro-opravy-znackovy-6788\/#primaryimage\",\"url\":\"https:\/\/www.koupeltech.com\/wp-content\/uploads\/2026\/SK0022546-CZ20260425-092328-0-1777080210-1240092-1_162630.webp\",\"contentUrl\":\"https:\/\/www.koupeltech.com\/wp-content\/uploads\/2026\/SK0022546-CZ20260425-092328-0-1777080210-1240092-1_162630.webp\",\"width\":850,\"height\":426},{\"@type\":\"BreadcrumbList\",\"@id\":\"https:\/\/www.koupeltech.com\/index.php\/produkt\/gardena-4059-60-ohranicujici-kabel-sada-pro-opravy-znackovy-6788\/#breadcrumb\",\"itemListElement\":[{\"@type\":\"ListItem\",\"position\":1,\"name\":\"Home\",\"item\":\"https:\/\/www.koupeltech.com\/\"},{\"@type\":\"ListItem\",\"position\":2,\"name\":\"Products\",\"item\":\"https:\/\/www.koupeltech.com\/index.php\/products\/\"},{\"@type\":\"ListItem\",\"position\":3,\"name\":\"Gardena 4059-60 ohrani\u010duj\u00edc\u00ed kabel &#8211; sada pro opravy Zna\u010dkov\u00fd\"}]},{\"@type\":\"WebSite\",\"@id\":\"https:\/\/www.koupeltech.com\/#website\",\"url\":\"https:\/\/www.koupeltech.com\/\",\"name\":\"\",\"description\":\"\",\"potentialAction\":[{\"@type\":\"SearchAction\",\"target\":{\"@type\":\"EntryPoint\",\"urlTemplate\":\"https:\/\/www.koupeltech.com\/?s={search_term_string}\"},\"query-input\":{\"@type\":\"PropertyValueSpecification\",\"valueRequired\":true,\"valueName\":\"search_term_string\"}}],\"inLanguage\":\"cs\"}]}<\/script>\n<!-- \/ Yoast SEO plugin. -->","yoast_head_json":{"title":"Gardena 4059-60 ohrani\u010duj\u00edc\u00ed kabel - sada pro opravy Zna\u010dkov\u00fd -","robots":{"index":"index","follow":"follow","max-snippet":"max-snippet:-1","max-image-preview":"max-image-preview:large","max-video-preview":"max-video-preview:-1"},"canonical":"https:\/\/www.koupeltech.com\/index.php\/produkt\/gardena-4059-60-ohranicujici-kabel-sada-pro-opravy-znackovy-6788\/","og_locale":"cs_CZ","og_type":"article","og_title":"Gardena 4059-60 ohrani\u010duj\u00edc\u00ed kabel - sada pro opravy Zna\u010dkov\u00fd -","og_description":"\u25ba Pro opravu a prov\u00e1d\u011bn\u00ed men\u0161\u00edch \u00faprav na \u017eac\u00ed plo\u0161eGARDENA sada pro opravy je ide\u00e1ln\u00ed pro upevn\u011bn\u00ed ohrani\u010duj\u00edc\u00edho vodi\u010de a pro prov\u00e1d\u011bn\u00ed drobn\u00fdch \u00faprav na \u017eac\u00ed plo\u0161e. Skl\u00e1d\u00e1 se z 5 metr\u016f ohrani\u010duj\u00edc\u00edho vodi\u010de, 10 h\u00e1k\u016f pro ukotven\u00ed kabelu do zem\u011b a 6 konektor\u016f pro pohodln\u00e9 propojen\u00ed existuj\u00edc\u00edho vodi\u010de s nov\u00fdm","og_url":"https:\/\/www.koupeltech.com\/index.php\/produkt\/gardena-4059-60-ohranicujici-kabel-sada-pro-opravy-znackovy-6788\/","og_image":[{"width":850,"height":426,"url":"https:\/\/www.koupeltech.com\/wp-content\/uploads\/2026\/SK0022546-CZ20260425-092328-0-1777080210-1240092-1_162630.webp","type":"image\/webp"}],"twitter_card":"summary_large_image","schema":{"@context":"https:\/\/schema.org","@graph":[{"@type":"WebPage","@id":"https:\/\/www.koupeltech.com\/index.php\/produkt\/gardena-4059-60-ohranicujici-kabel-sada-pro-opravy-znackovy-6788\/","url":"https:\/\/www.koupeltech.com\/index.php\/produkt\/gardena-4059-60-ohranicujici-kabel-sada-pro-opravy-znackovy-6788\/","name":"Gardena 4059-60 ohrani\u010duj\u00edc\u00ed kabel - sada pro opravy Zna\u010dkov\u00fd -","isPartOf":{"@id":"https:\/\/www.koupeltech.com\/#website"},"primaryImageOfPage":{"@id":"https:\/\/www.koupeltech.com\/index.php\/produkt\/gardena-4059-60-ohranicujici-kabel-sada-pro-opravy-znackovy-6788\/#primaryimage"},"image":{"@id":"https:\/\/www.koupeltech.com\/index.php\/produkt\/gardena-4059-60-ohranicujici-kabel-sada-pro-opravy-znackovy-6788\/#primaryimage"},"thumbnailUrl":"https:\/\/www.koupeltech.com\/wp-content\/uploads\/2026\/SK0022546-CZ20260425-092328-0-1777080210-1240092-1_162630.webp","datePublished":"2026-04-27T13:56:51+00:00","breadcrumb":{"@id":"https:\/\/www.koupeltech.com\/index.php\/produkt\/gardena-4059-60-ohranicujici-kabel-sada-pro-opravy-znackovy-6788\/#breadcrumb"},"inLanguage":"cs","potentialAction":[{"@type":"ReadAction","target":["https:\/\/www.koupeltech.com\/index.php\/produkt\/gardena-4059-60-ohranicujici-kabel-sada-pro-opravy-znackovy-6788\/"]}]},{"@type":"ImageObject","inLanguage":"cs","@id":"https:\/\/www.koupeltech.com\/index.php\/produkt\/gardena-4059-60-ohranicujici-kabel-sada-pro-opravy-znackovy-6788\/#primaryimage","url":"https:\/\/www.koupeltech.com\/wp-content\/uploads\/2026\/SK0022546-CZ20260425-092328-0-1777080210-1240092-1_162630.webp","contentUrl":"https:\/\/www.koupeltech.com\/wp-content\/uploads\/2026\/SK0022546-CZ20260425-092328-0-1777080210-1240092-1_162630.webp","width":850,"height":426},{"@type":"BreadcrumbList","@id":"https:\/\/www.koupeltech.com\/index.php\/produkt\/gardena-4059-60-ohranicujici-kabel-sada-pro-opravy-znackovy-6788\/#breadcrumb","itemListElement":[{"@type":"ListItem","position":1,"name":"Home","item":"https:\/\/www.koupeltech.com\/"},{"@type":"ListItem","position":2,"name":"Products","item":"https:\/\/www.koupeltech.com\/index.php\/products\/"},{"@type":"ListItem","position":3,"name":"Gardena 4059-60 ohrani\u010duj\u00edc\u00ed kabel &#8211; sada pro opravy Zna\u010dkov\u00fd"}]},{"@type":"WebSite","@id":"https:\/\/www.koupeltech.com\/#website","url":"https:\/\/www.koupeltech.com\/","name":"","description":"","potentialAction":[{"@type":"SearchAction","target":{"@type":"EntryPoint","urlTemplate":"https:\/\/www.koupeltech.com\/?s={search_term_string}"},"query-input":{"@type":"PropertyValueSpecification","valueRequired":true,"valueName":"search_term_string"}}],"inLanguage":"cs"}]}},"_links":{"self":[{"href":"https:\/\/www.koupeltech.com\/index.php\/wp-json\/wp\/v2\/product\/6788","targetHints":{"allow":["GET"]}}],"collection":[{"href":"https:\/\/www.koupeltech.com\/index.php\/wp-json\/wp\/v2\/product"}],"about":[{"href":"https:\/\/www.koupeltech.com\/index.php\/wp-json\/wp\/v2\/types\/product"}],"replies":[{"embeddable":true,"href":"https:\/\/www.koupeltech.com\/index.php\/wp-json\/wp\/v2\/comments?post=6788"}],"wp:featuredmedia":[{"embeddable":true,"href":"https:\/\/www.koupeltech.com\/index.php\/wp-json\/wp\/v2\/media\/6888"}],"wp:attachment":[{"href":"https:\/\/www.koupeltech.com\/index.php\/wp-json\/wp\/v2\/media?parent=6788"}],"wp:term":[{"taxonomy":"product_brand","embeddable":true,"href":"https:\/\/www.koupeltech.com\/index.php\/wp-json\/wp\/v2\/product_brand?post=6788"},{"taxonomy":"product_cat","embeddable":true,"href":"https:\/\/www.koupeltech.com\/index.php\/wp-json\/wp\/v2\/product_cat?post=6788"},{"taxonomy":"product_tag","embeddable":true,"href":"https:\/\/www.koupeltech.com\/index.php\/wp-json\/wp\/v2\/product_tag?post=6788"}],"curies":[{"name":"wp","href":"https:\/\/api.w.org\/{rel}","templated":true}]}}