{"id":6789,"date":"2026-04-27T13:56:51","date_gmt":"2026-04-27T13:56:51","guid":{"rendered":""},"modified":"2026-04-27T13:56:51","modified_gmt":"2026-04-27T13:56:51","slug":"gardena-4088-60-ohranicujici-kabel-150-m-autenticky-6789","status":"publish","type":"product","link":"https:\/\/www.koupeltech.com\/index.php\/produkt\/gardena-4088-60-ohranicujici-kabel-150-m-autenticky-6789\/","title":{"rendered":"Gardena 4088-60 ohrani\u010duj\u00edc\u00ed kabel 150 m Autentick\u00fd"},"content":{"rendered":"<table>\n<div class=\"tab-pane active product-description\" id=\"popis\" role=\"tabpanel\">\n<div class=\"short-description\" itemprop=\"description\"><\/div>\n<div class=\"description\">\u25ba Zde sekat: definov\u00e1n\u00ed prostoru, ve kter\u00e9m bude robotick\u00e1 seka\u010dka pracovat<span class='bullet-line'>Po um\u00edst\u011bn\u00ed ohrani\u010duj\u00edc\u00edho vodi\u010de GARDENA robotick\u00e1 seka\u010dka R40Li okam\u017eit\u011b v\u00ed , kde m\u00e1 sekat. <\/span><span class='bullet-line'>Sou\u010d\u00e1st\u00ed balen\u00ed robotick\u00e9 seka\u010dky je 150 m dlouh\u00fd ohrani\u010duj\u00edc\u00ed vodi\u010d. <\/span><span class='bullet-line'>U v\u011bt\u0161\u00edch ploch m\u016f\u017eete ohrani\u010duj\u00edc\u00ed vodi\u010d nastavit a po\u017eadovanou d\u00e9lku jednodu\u0161e p\u0159idat. <\/span><span class='bullet-line'>Stejn\u011b jako dr\u00e1t, kter\u00fd slou\u017e\u00ed jako vod\u00edc\u00ed a ukazuje robotick\u00e9 seka\u010dce cestu zp\u011bt k nab\u00edjec\u00ed stanici. <\/span><span class='bullet-line'>P\u0159i spojov\u00e1n\u00ed dvou kus\u016f ohrani\u010duj\u00edc\u00edho vodi\u010de pou\u017e\u00edvejte pouze origin\u00e1ln\u00ed GARDENA spojku.<\/span><\/div>\n<\/table>\n","protected":false},"excerpt":{"rendered":"<p>\u25ba Zde sekat: definov\u00e1n\u00ed prostoru, ve kter\u00e9m bude robotick\u00e1 seka\u010dka pracovatPo um\u00edst\u011bn\u00ed ohrani\u010duj\u00edc\u00edho vodi\u010de GARDENA robotick\u00e1 seka\u010dka R40Li okam\u017eit\u011b v\u00ed , kde m\u00e1 sekat. Sou\u010d\u00e1st\u00ed balen\u00ed robotick\u00e9 seka\u010dky je 150 m dlouh\u00fd ohrani\u010duj\u00edc\u00ed vodi\u010d. U v\u011bt\u0161\u00edch ploch m\u016f\u017eete ohrani\u010duj\u00edc\u00ed vodi\u010d nastavit a po\u017eadovanou d\u00e9lku jednodu\u0161e p\u0159idat. Stejn\u011b jako dr\u00e1t, kter\u00fd slou\u017e\u00ed jako vod\u00edc\u00ed a ukazuje [&hellip;]<\/p>\n","protected":false},"featured_media":6889,"comment_status":"open","ping_status":"open","template":"","meta":[],"product_brand":[],"product_cat":[44],"product_tag":[],"class_list":{"0":"post-6789","1":"product","2":"type-product","3":"status-publish","4":"has-post-thumbnail","6":"product_cat-zahrada","8":"first","9":"instock","10":"sale","11":"shipping-taxable","12":"purchasable","13":"product-type-simple"},"yoast_head":"<!-- This site is optimized with the Yoast SEO plugin v26.8 - https:\/\/yoast.com\/product\/yoast-seo-wordpress\/ -->\n<title>Gardena 4088-60 ohrani\u010duj\u00edc\u00ed kabel 150 m Autentick\u00fd -<\/title>\n<meta name=\"robots\" content=\"index, follow, max-snippet:-1, max-image-preview:large, max-video-preview:-1\" \/>\n<link rel=\"canonical\" href=\"https:\/\/www.koupeltech.com\/index.php\/produkt\/gardena-4088-60-ohranicujici-kabel-150-m-autenticky-6789\/\" \/>\n<meta property=\"og:locale\" content=\"cs_CZ\" \/>\n<meta property=\"og:type\" content=\"article\" \/>\n<meta property=\"og:title\" content=\"Gardena 4088-60 ohrani\u010duj\u00edc\u00ed kabel 150 m Autentick\u00fd -\" \/>\n<meta property=\"og:description\" content=\"\u25ba Zde sekat: definov\u00e1n\u00ed prostoru, ve kter\u00e9m bude robotick\u00e1 seka\u010dka pracovatPo um\u00edst\u011bn\u00ed ohrani\u010duj\u00edc\u00edho vodi\u010de GARDENA robotick\u00e1 seka\u010dka R40Li okam\u017eit\u011b v\u00ed , kde m\u00e1 sekat. Sou\u010d\u00e1st\u00ed balen\u00ed robotick\u00e9 seka\u010dky je 150 m dlouh\u00fd ohrani\u010duj\u00edc\u00ed vodi\u010d. U v\u011bt\u0161\u00edch ploch m\u016f\u017eete ohrani\u010duj\u00edc\u00ed vodi\u010d nastavit a po\u017eadovanou d\u00e9lku jednodu\u0161e p\u0159idat. Stejn\u011b jako dr\u00e1t, kter\u00fd slou\u017e\u00ed jako vod\u00edc\u00ed a ukazuje [&hellip;]\" \/>\n<meta property=\"og:url\" content=\"https:\/\/www.koupeltech.com\/index.php\/produkt\/gardena-4088-60-ohranicujici-kabel-150-m-autenticky-6789\/\" \/>\n<meta property=\"og:image\" content=\"https:\/\/www.koupeltech.com\/wp-content\/uploads\/2026\/SK0022547-CZ20260425-092328-0-1777080210-1240093-1_162630.webp\" \/>\n\t<meta property=\"og:image:width\" content=\"507\" \/>\n\t<meta property=\"og:image:height\" content=\"530\" \/>\n\t<meta property=\"og:image:type\" content=\"image\/webp\" \/>\n<meta name=\"twitter:card\" content=\"summary_large_image\" \/>\n<meta name=\"twitter:label1\" content=\"Odhadovan\u00e1 doba \u010dten\u00ed\" \/>\n\t<meta name=\"twitter:data1\" content=\"1 minuta\" \/>\n<script type=\"application\/ld+json\" class=\"yoast-schema-graph\">{\"@context\":\"https:\/\/schema.org\",\"@graph\":[{\"@type\":\"WebPage\",\"@id\":\"https:\/\/www.koupeltech.com\/index.php\/produkt\/gardena-4088-60-ohranicujici-kabel-150-m-autenticky-6789\/\",\"url\":\"https:\/\/www.koupeltech.com\/index.php\/produkt\/gardena-4088-60-ohranicujici-kabel-150-m-autenticky-6789\/\",\"name\":\"Gardena 4088-60 ohrani\u010duj\u00edc\u00ed kabel 150 m Autentick\u00fd -\",\"isPartOf\":{\"@id\":\"https:\/\/www.koupeltech.com\/#website\"},\"primaryImageOfPage\":{\"@id\":\"https:\/\/www.koupeltech.com\/index.php\/produkt\/gardena-4088-60-ohranicujici-kabel-150-m-autenticky-6789\/#primaryimage\"},\"image\":{\"@id\":\"https:\/\/www.koupeltech.com\/index.php\/produkt\/gardena-4088-60-ohranicujici-kabel-150-m-autenticky-6789\/#primaryimage\"},\"thumbnailUrl\":\"https:\/\/www.koupeltech.com\/wp-content\/uploads\/2026\/SK0022547-CZ20260425-092328-0-1777080210-1240093-1_162630.webp\",\"datePublished\":\"2026-04-27T13:56:51+00:00\",\"breadcrumb\":{\"@id\":\"https:\/\/www.koupeltech.com\/index.php\/produkt\/gardena-4088-60-ohranicujici-kabel-150-m-autenticky-6789\/#breadcrumb\"},\"inLanguage\":\"cs\",\"potentialAction\":[{\"@type\":\"ReadAction\",\"target\":[\"https:\/\/www.koupeltech.com\/index.php\/produkt\/gardena-4088-60-ohranicujici-kabel-150-m-autenticky-6789\/\"]}]},{\"@type\":\"ImageObject\",\"inLanguage\":\"cs\",\"@id\":\"https:\/\/www.koupeltech.com\/index.php\/produkt\/gardena-4088-60-ohranicujici-kabel-150-m-autenticky-6789\/#primaryimage\",\"url\":\"https:\/\/www.koupeltech.com\/wp-content\/uploads\/2026\/SK0022547-CZ20260425-092328-0-1777080210-1240093-1_162630.webp\",\"contentUrl\":\"https:\/\/www.koupeltech.com\/wp-content\/uploads\/2026\/SK0022547-CZ20260425-092328-0-1777080210-1240093-1_162630.webp\",\"width\":507,\"height\":530},{\"@type\":\"BreadcrumbList\",\"@id\":\"https:\/\/www.koupeltech.com\/index.php\/produkt\/gardena-4088-60-ohranicujici-kabel-150-m-autenticky-6789\/#breadcrumb\",\"itemListElement\":[{\"@type\":\"ListItem\",\"position\":1,\"name\":\"Home\",\"item\":\"https:\/\/www.koupeltech.com\/\"},{\"@type\":\"ListItem\",\"position\":2,\"name\":\"Products\",\"item\":\"https:\/\/www.koupeltech.com\/index.php\/products\/\"},{\"@type\":\"ListItem\",\"position\":3,\"name\":\"Gardena 4088-60 ohrani\u010duj\u00edc\u00ed kabel 150 m Autentick\u00fd\"}]},{\"@type\":\"WebSite\",\"@id\":\"https:\/\/www.koupeltech.com\/#website\",\"url\":\"https:\/\/www.koupeltech.com\/\",\"name\":\"\",\"description\":\"\",\"potentialAction\":[{\"@type\":\"SearchAction\",\"target\":{\"@type\":\"EntryPoint\",\"urlTemplate\":\"https:\/\/www.koupeltech.com\/?s={search_term_string}\"},\"query-input\":{\"@type\":\"PropertyValueSpecification\",\"valueRequired\":true,\"valueName\":\"search_term_string\"}}],\"inLanguage\":\"cs\"}]}<\/script>\n<!-- \/ Yoast SEO plugin. -->","yoast_head_json":{"title":"Gardena 4088-60 ohrani\u010duj\u00edc\u00ed kabel 150 m Autentick\u00fd -","robots":{"index":"index","follow":"follow","max-snippet":"max-snippet:-1","max-image-preview":"max-image-preview:large","max-video-preview":"max-video-preview:-1"},"canonical":"https:\/\/www.koupeltech.com\/index.php\/produkt\/gardena-4088-60-ohranicujici-kabel-150-m-autenticky-6789\/","og_locale":"cs_CZ","og_type":"article","og_title":"Gardena 4088-60 ohrani\u010duj\u00edc\u00ed kabel 150 m Autentick\u00fd -","og_description":"\u25ba Zde sekat: definov\u00e1n\u00ed prostoru, ve kter\u00e9m bude robotick\u00e1 seka\u010dka pracovatPo um\u00edst\u011bn\u00ed ohrani\u010duj\u00edc\u00edho vodi\u010de GARDENA robotick\u00e1 seka\u010dka R40Li okam\u017eit\u011b v\u00ed , kde m\u00e1 sekat. Sou\u010d\u00e1st\u00ed balen\u00ed robotick\u00e9 seka\u010dky je 150 m dlouh\u00fd ohrani\u010duj\u00edc\u00ed vodi\u010d. U v\u011bt\u0161\u00edch ploch m\u016f\u017eete ohrani\u010duj\u00edc\u00ed vodi\u010d nastavit a po\u017eadovanou d\u00e9lku jednodu\u0161e p\u0159idat. Stejn\u011b jako dr\u00e1t, kter\u00fd slou\u017e\u00ed jako vod\u00edc\u00ed a ukazuje [&hellip;]","og_url":"https:\/\/www.koupeltech.com\/index.php\/produkt\/gardena-4088-60-ohranicujici-kabel-150-m-autenticky-6789\/","og_image":[{"width":507,"height":530,"url":"https:\/\/www.koupeltech.com\/wp-content\/uploads\/2026\/SK0022547-CZ20260425-092328-0-1777080210-1240093-1_162630.webp","type":"image\/webp"}],"twitter_card":"summary_large_image","twitter_misc":{"Odhadovan\u00e1 doba \u010dten\u00ed":"1 minuta"},"schema":{"@context":"https:\/\/schema.org","@graph":[{"@type":"WebPage","@id":"https:\/\/www.koupeltech.com\/index.php\/produkt\/gardena-4088-60-ohranicujici-kabel-150-m-autenticky-6789\/","url":"https:\/\/www.koupeltech.com\/index.php\/produkt\/gardena-4088-60-ohranicujici-kabel-150-m-autenticky-6789\/","name":"Gardena 4088-60 ohrani\u010duj\u00edc\u00ed kabel 150 m Autentick\u00fd -","isPartOf":{"@id":"https:\/\/www.koupeltech.com\/#website"},"primaryImageOfPage":{"@id":"https:\/\/www.koupeltech.com\/index.php\/produkt\/gardena-4088-60-ohranicujici-kabel-150-m-autenticky-6789\/#primaryimage"},"image":{"@id":"https:\/\/www.koupeltech.com\/index.php\/produkt\/gardena-4088-60-ohranicujici-kabel-150-m-autenticky-6789\/#primaryimage"},"thumbnailUrl":"https:\/\/www.koupeltech.com\/wp-content\/uploads\/2026\/SK0022547-CZ20260425-092328-0-1777080210-1240093-1_162630.webp","datePublished":"2026-04-27T13:56:51+00:00","breadcrumb":{"@id":"https:\/\/www.koupeltech.com\/index.php\/produkt\/gardena-4088-60-ohranicujici-kabel-150-m-autenticky-6789\/#breadcrumb"},"inLanguage":"cs","potentialAction":[{"@type":"ReadAction","target":["https:\/\/www.koupeltech.com\/index.php\/produkt\/gardena-4088-60-ohranicujici-kabel-150-m-autenticky-6789\/"]}]},{"@type":"ImageObject","inLanguage":"cs","@id":"https:\/\/www.koupeltech.com\/index.php\/produkt\/gardena-4088-60-ohranicujici-kabel-150-m-autenticky-6789\/#primaryimage","url":"https:\/\/www.koupeltech.com\/wp-content\/uploads\/2026\/SK0022547-CZ20260425-092328-0-1777080210-1240093-1_162630.webp","contentUrl":"https:\/\/www.koupeltech.com\/wp-content\/uploads\/2026\/SK0022547-CZ20260425-092328-0-1777080210-1240093-1_162630.webp","width":507,"height":530},{"@type":"BreadcrumbList","@id":"https:\/\/www.koupeltech.com\/index.php\/produkt\/gardena-4088-60-ohranicujici-kabel-150-m-autenticky-6789\/#breadcrumb","itemListElement":[{"@type":"ListItem","position":1,"name":"Home","item":"https:\/\/www.koupeltech.com\/"},{"@type":"ListItem","position":2,"name":"Products","item":"https:\/\/www.koupeltech.com\/index.php\/products\/"},{"@type":"ListItem","position":3,"name":"Gardena 4088-60 ohrani\u010duj\u00edc\u00ed kabel 150 m Autentick\u00fd"}]},{"@type":"WebSite","@id":"https:\/\/www.koupeltech.com\/#website","url":"https:\/\/www.koupeltech.com\/","name":"","description":"","potentialAction":[{"@type":"SearchAction","target":{"@type":"EntryPoint","urlTemplate":"https:\/\/www.koupeltech.com\/?s={search_term_string}"},"query-input":{"@type":"PropertyValueSpecification","valueRequired":true,"valueName":"search_term_string"}}],"inLanguage":"cs"}]}},"_links":{"self":[{"href":"https:\/\/www.koupeltech.com\/index.php\/wp-json\/wp\/v2\/product\/6789","targetHints":{"allow":["GET"]}}],"collection":[{"href":"https:\/\/www.koupeltech.com\/index.php\/wp-json\/wp\/v2\/product"}],"about":[{"href":"https:\/\/www.koupeltech.com\/index.php\/wp-json\/wp\/v2\/types\/product"}],"replies":[{"embeddable":true,"href":"https:\/\/www.koupeltech.com\/index.php\/wp-json\/wp\/v2\/comments?post=6789"}],"wp:featuredmedia":[{"embeddable":true,"href":"https:\/\/www.koupeltech.com\/index.php\/wp-json\/wp\/v2\/media\/6889"}],"wp:attachment":[{"href":"https:\/\/www.koupeltech.com\/index.php\/wp-json\/wp\/v2\/media?parent=6789"}],"wp:term":[{"taxonomy":"product_brand","embeddable":true,"href":"https:\/\/www.koupeltech.com\/index.php\/wp-json\/wp\/v2\/product_brand?post=6789"},{"taxonomy":"product_cat","embeddable":true,"href":"https:\/\/www.koupeltech.com\/index.php\/wp-json\/wp\/v2\/product_cat?post=6789"},{"taxonomy":"product_tag","embeddable":true,"href":"https:\/\/www.koupeltech.com\/index.php\/wp-json\/wp\/v2\/product_tag?post=6789"}],"curies":[{"name":"wp","href":"https:\/\/api.w.org\/{rel}","templated":true}]}}