{"id":6790,"date":"2026-04-27T13:56:51","date_gmt":"2026-04-27T13:56:51","guid":{"rendered":""},"modified":"2026-04-27T13:56:51","modified_gmt":"2026-04-27T13:56:51","slug":"gardena-4105-20-nahradni-nuz-pro-sekacky-handymower-casove-omezene-6790","status":"publish","type":"product","link":"https:\/\/www.koupeltech.com\/index.php\/produkt\/gardena-4105-20-nahradni-nuz-pro-sekacky-handymower-casove-omezene-6790\/","title":{"rendered":"Gardena 4105-20 n\u00e1hradn\u00ed n\u016f\u017e pro seka\u010dky HandyMower \u010casov\u011b Omezen\u00e9"},"content":{"rendered":"<table>\n<div class=\"tab-pane active product-description\" id=\"popis\" role=\"tabpanel\">\n<div class=\"short-description\" itemprop=\"description\"><\/div>\n<div class=\"description\"><span class='bullet-line'>Pokud v\u00fdkon va\u0161\u00ed seka\u010dky na tr\u00e1vu kles\u00e1, nab\u00edz\u00edme tyto vysoce kvalitn\u00ed n\u00e1hradn\u00ed no\u017ee vyroben\u00e9 z kalen\u00e9 oceli, pevn\u00e9 pro p\u0159esn\u00e9 a \u010dist\u00e9 se\u010den\u00ed tr\u00e1vy. <\/span><span class='bullet-line'>N\u00e1hradn\u00ed n\u016f\u017e je ur\u010den pro seka\u010dky HandyMower 5023.<\/span><\/div>\n<\/table>\n","protected":false},"excerpt":{"rendered":"<p>Pokud v\u00fdkon va\u0161\u00ed seka\u010dky na tr\u00e1vu kles\u00e1, nab\u00edz\u00edme tyto vysoce kvalitn\u00ed n\u00e1hradn\u00ed no\u017ee vyroben\u00e9 z kalen\u00e9 oceli, pevn\u00e9 pro p\u0159esn\u00e9 a \u010dist\u00e9 se\u010den\u00ed tr\u00e1vy. N\u00e1hradn\u00ed n\u016f\u017e je ur\u010den pro seka\u010dky HandyMower 5023.<\/p>\n","protected":false},"featured_media":6890,"comment_status":"open","ping_status":"open","template":"","meta":[],"product_brand":[],"product_cat":[44],"product_tag":[],"class_list":{"0":"post-6790","1":"product","2":"type-product","3":"status-publish","4":"has-post-thumbnail","6":"product_cat-zahrada","8":"first","9":"instock","10":"sale","11":"shipping-taxable","12":"purchasable","13":"product-type-simple"},"yoast_head":"<!-- This site is optimized with the Yoast SEO plugin v26.8 - https:\/\/yoast.com\/product\/yoast-seo-wordpress\/ -->\n<title>Gardena 4105-20 n\u00e1hradn\u00ed n\u016f\u017e pro seka\u010dky HandyMower \u010casov\u011b Omezen\u00e9 -<\/title>\n<meta name=\"robots\" content=\"index, follow, max-snippet:-1, max-image-preview:large, max-video-preview:-1\" \/>\n<link rel=\"canonical\" href=\"https:\/\/www.koupeltech.com\/index.php\/produkt\/gardena-4105-20-nahradni-nuz-pro-sekacky-handymower-casove-omezene-6790\/\" \/>\n<meta property=\"og:locale\" content=\"cs_CZ\" \/>\n<meta property=\"og:type\" content=\"article\" \/>\n<meta property=\"og:title\" content=\"Gardena 4105-20 n\u00e1hradn\u00ed n\u016f\u017e pro seka\u010dky HandyMower \u010casov\u011b Omezen\u00e9 -\" \/>\n<meta property=\"og:description\" content=\"Pokud v\u00fdkon va\u0161\u00ed seka\u010dky na tr\u00e1vu kles\u00e1, nab\u00edz\u00edme tyto vysoce kvalitn\u00ed n\u00e1hradn\u00ed no\u017ee vyroben\u00e9 z kalen\u00e9 oceli, pevn\u00e9 pro p\u0159esn\u00e9 a \u010dist\u00e9 se\u010den\u00ed tr\u00e1vy. N\u00e1hradn\u00ed n\u016f\u017e je ur\u010den pro seka\u010dky HandyMower 5023.\" \/>\n<meta property=\"og:url\" content=\"https:\/\/www.koupeltech.com\/index.php\/produkt\/gardena-4105-20-nahradni-nuz-pro-sekacky-handymower-casove-omezene-6790\/\" \/>\n<meta property=\"og:image\" content=\"https:\/\/www.koupeltech.com\/wp-content\/uploads\/2026\/SK0022548-CZ20260425-092328-0-1777080210-1240094-1_162630.webp\" \/>\n\t<meta property=\"og:image:width\" content=\"1000\" \/>\n\t<meta property=\"og:image:height\" content=\"474\" \/>\n\t<meta property=\"og:image:type\" content=\"image\/webp\" \/>\n<meta name=\"twitter:card\" content=\"summary_large_image\" \/>\n<script type=\"application\/ld+json\" class=\"yoast-schema-graph\">{\"@context\":\"https:\/\/schema.org\",\"@graph\":[{\"@type\":\"WebPage\",\"@id\":\"https:\/\/www.koupeltech.com\/index.php\/produkt\/gardena-4105-20-nahradni-nuz-pro-sekacky-handymower-casove-omezene-6790\/\",\"url\":\"https:\/\/www.koupeltech.com\/index.php\/produkt\/gardena-4105-20-nahradni-nuz-pro-sekacky-handymower-casove-omezene-6790\/\",\"name\":\"Gardena 4105-20 n\u00e1hradn\u00ed n\u016f\u017e pro seka\u010dky HandyMower \u010casov\u011b Omezen\u00e9 -\",\"isPartOf\":{\"@id\":\"https:\/\/www.koupeltech.com\/#website\"},\"primaryImageOfPage\":{\"@id\":\"https:\/\/www.koupeltech.com\/index.php\/produkt\/gardena-4105-20-nahradni-nuz-pro-sekacky-handymower-casove-omezene-6790\/#primaryimage\"},\"image\":{\"@id\":\"https:\/\/www.koupeltech.com\/index.php\/produkt\/gardena-4105-20-nahradni-nuz-pro-sekacky-handymower-casove-omezene-6790\/#primaryimage\"},\"thumbnailUrl\":\"https:\/\/www.koupeltech.com\/wp-content\/uploads\/2026\/SK0022548-CZ20260425-092328-0-1777080210-1240094-1_162630.webp\",\"datePublished\":\"2026-04-27T13:56:51+00:00\",\"breadcrumb\":{\"@id\":\"https:\/\/www.koupeltech.com\/index.php\/produkt\/gardena-4105-20-nahradni-nuz-pro-sekacky-handymower-casove-omezene-6790\/#breadcrumb\"},\"inLanguage\":\"cs\",\"potentialAction\":[{\"@type\":\"ReadAction\",\"target\":[\"https:\/\/www.koupeltech.com\/index.php\/produkt\/gardena-4105-20-nahradni-nuz-pro-sekacky-handymower-casove-omezene-6790\/\"]}]},{\"@type\":\"ImageObject\",\"inLanguage\":\"cs\",\"@id\":\"https:\/\/www.koupeltech.com\/index.php\/produkt\/gardena-4105-20-nahradni-nuz-pro-sekacky-handymower-casove-omezene-6790\/#primaryimage\",\"url\":\"https:\/\/www.koupeltech.com\/wp-content\/uploads\/2026\/SK0022548-CZ20260425-092328-0-1777080210-1240094-1_162630.webp\",\"contentUrl\":\"https:\/\/www.koupeltech.com\/wp-content\/uploads\/2026\/SK0022548-CZ20260425-092328-0-1777080210-1240094-1_162630.webp\",\"width\":1000,\"height\":474},{\"@type\":\"BreadcrumbList\",\"@id\":\"https:\/\/www.koupeltech.com\/index.php\/produkt\/gardena-4105-20-nahradni-nuz-pro-sekacky-handymower-casove-omezene-6790\/#breadcrumb\",\"itemListElement\":[{\"@type\":\"ListItem\",\"position\":1,\"name\":\"Home\",\"item\":\"https:\/\/www.koupeltech.com\/\"},{\"@type\":\"ListItem\",\"position\":2,\"name\":\"Products\",\"item\":\"https:\/\/www.koupeltech.com\/index.php\/products\/\"},{\"@type\":\"ListItem\",\"position\":3,\"name\":\"Gardena 4105-20 n\u00e1hradn\u00ed n\u016f\u017e pro seka\u010dky HandyMower \u010casov\u011b Omezen\u00e9\"}]},{\"@type\":\"WebSite\",\"@id\":\"https:\/\/www.koupeltech.com\/#website\",\"url\":\"https:\/\/www.koupeltech.com\/\",\"name\":\"\",\"description\":\"\",\"potentialAction\":[{\"@type\":\"SearchAction\",\"target\":{\"@type\":\"EntryPoint\",\"urlTemplate\":\"https:\/\/www.koupeltech.com\/?s={search_term_string}\"},\"query-input\":{\"@type\":\"PropertyValueSpecification\",\"valueRequired\":true,\"valueName\":\"search_term_string\"}}],\"inLanguage\":\"cs\"}]}<\/script>\n<!-- \/ Yoast SEO plugin. -->","yoast_head_json":{"title":"Gardena 4105-20 n\u00e1hradn\u00ed n\u016f\u017e pro seka\u010dky HandyMower \u010casov\u011b Omezen\u00e9 -","robots":{"index":"index","follow":"follow","max-snippet":"max-snippet:-1","max-image-preview":"max-image-preview:large","max-video-preview":"max-video-preview:-1"},"canonical":"https:\/\/www.koupeltech.com\/index.php\/produkt\/gardena-4105-20-nahradni-nuz-pro-sekacky-handymower-casove-omezene-6790\/","og_locale":"cs_CZ","og_type":"article","og_title":"Gardena 4105-20 n\u00e1hradn\u00ed n\u016f\u017e pro seka\u010dky HandyMower \u010casov\u011b Omezen\u00e9 -","og_description":"Pokud v\u00fdkon va\u0161\u00ed seka\u010dky na tr\u00e1vu kles\u00e1, nab\u00edz\u00edme tyto vysoce kvalitn\u00ed n\u00e1hradn\u00ed no\u017ee vyroben\u00e9 z kalen\u00e9 oceli, pevn\u00e9 pro p\u0159esn\u00e9 a \u010dist\u00e9 se\u010den\u00ed tr\u00e1vy. N\u00e1hradn\u00ed n\u016f\u017e je ur\u010den pro seka\u010dky HandyMower 5023.","og_url":"https:\/\/www.koupeltech.com\/index.php\/produkt\/gardena-4105-20-nahradni-nuz-pro-sekacky-handymower-casove-omezene-6790\/","og_image":[{"width":1000,"height":474,"url":"https:\/\/www.koupeltech.com\/wp-content\/uploads\/2026\/SK0022548-CZ20260425-092328-0-1777080210-1240094-1_162630.webp","type":"image\/webp"}],"twitter_card":"summary_large_image","schema":{"@context":"https:\/\/schema.org","@graph":[{"@type":"WebPage","@id":"https:\/\/www.koupeltech.com\/index.php\/produkt\/gardena-4105-20-nahradni-nuz-pro-sekacky-handymower-casove-omezene-6790\/","url":"https:\/\/www.koupeltech.com\/index.php\/produkt\/gardena-4105-20-nahradni-nuz-pro-sekacky-handymower-casove-omezene-6790\/","name":"Gardena 4105-20 n\u00e1hradn\u00ed n\u016f\u017e pro seka\u010dky HandyMower \u010casov\u011b Omezen\u00e9 -","isPartOf":{"@id":"https:\/\/www.koupeltech.com\/#website"},"primaryImageOfPage":{"@id":"https:\/\/www.koupeltech.com\/index.php\/produkt\/gardena-4105-20-nahradni-nuz-pro-sekacky-handymower-casove-omezene-6790\/#primaryimage"},"image":{"@id":"https:\/\/www.koupeltech.com\/index.php\/produkt\/gardena-4105-20-nahradni-nuz-pro-sekacky-handymower-casove-omezene-6790\/#primaryimage"},"thumbnailUrl":"https:\/\/www.koupeltech.com\/wp-content\/uploads\/2026\/SK0022548-CZ20260425-092328-0-1777080210-1240094-1_162630.webp","datePublished":"2026-04-27T13:56:51+00:00","breadcrumb":{"@id":"https:\/\/www.koupeltech.com\/index.php\/produkt\/gardena-4105-20-nahradni-nuz-pro-sekacky-handymower-casove-omezene-6790\/#breadcrumb"},"inLanguage":"cs","potentialAction":[{"@type":"ReadAction","target":["https:\/\/www.koupeltech.com\/index.php\/produkt\/gardena-4105-20-nahradni-nuz-pro-sekacky-handymower-casove-omezene-6790\/"]}]},{"@type":"ImageObject","inLanguage":"cs","@id":"https:\/\/www.koupeltech.com\/index.php\/produkt\/gardena-4105-20-nahradni-nuz-pro-sekacky-handymower-casove-omezene-6790\/#primaryimage","url":"https:\/\/www.koupeltech.com\/wp-content\/uploads\/2026\/SK0022548-CZ20260425-092328-0-1777080210-1240094-1_162630.webp","contentUrl":"https:\/\/www.koupeltech.com\/wp-content\/uploads\/2026\/SK0022548-CZ20260425-092328-0-1777080210-1240094-1_162630.webp","width":1000,"height":474},{"@type":"BreadcrumbList","@id":"https:\/\/www.koupeltech.com\/index.php\/produkt\/gardena-4105-20-nahradni-nuz-pro-sekacky-handymower-casove-omezene-6790\/#breadcrumb","itemListElement":[{"@type":"ListItem","position":1,"name":"Home","item":"https:\/\/www.koupeltech.com\/"},{"@type":"ListItem","position":2,"name":"Products","item":"https:\/\/www.koupeltech.com\/index.php\/products\/"},{"@type":"ListItem","position":3,"name":"Gardena 4105-20 n\u00e1hradn\u00ed n\u016f\u017e pro seka\u010dky HandyMower \u010casov\u011b Omezen\u00e9"}]},{"@type":"WebSite","@id":"https:\/\/www.koupeltech.com\/#website","url":"https:\/\/www.koupeltech.com\/","name":"","description":"","potentialAction":[{"@type":"SearchAction","target":{"@type":"EntryPoint","urlTemplate":"https:\/\/www.koupeltech.com\/?s={search_term_string}"},"query-input":{"@type":"PropertyValueSpecification","valueRequired":true,"valueName":"search_term_string"}}],"inLanguage":"cs"}]}},"_links":{"self":[{"href":"https:\/\/www.koupeltech.com\/index.php\/wp-json\/wp\/v2\/product\/6790","targetHints":{"allow":["GET"]}}],"collection":[{"href":"https:\/\/www.koupeltech.com\/index.php\/wp-json\/wp\/v2\/product"}],"about":[{"href":"https:\/\/www.koupeltech.com\/index.php\/wp-json\/wp\/v2\/types\/product"}],"replies":[{"embeddable":true,"href":"https:\/\/www.koupeltech.com\/index.php\/wp-json\/wp\/v2\/comments?post=6790"}],"wp:featuredmedia":[{"embeddable":true,"href":"https:\/\/www.koupeltech.com\/index.php\/wp-json\/wp\/v2\/media\/6890"}],"wp:attachment":[{"href":"https:\/\/www.koupeltech.com\/index.php\/wp-json\/wp\/v2\/media?parent=6790"}],"wp:term":[{"taxonomy":"product_brand","embeddable":true,"href":"https:\/\/www.koupeltech.com\/index.php\/wp-json\/wp\/v2\/product_brand?post=6790"},{"taxonomy":"product_cat","embeddable":true,"href":"https:\/\/www.koupeltech.com\/index.php\/wp-json\/wp\/v2\/product_cat?post=6790"},{"taxonomy":"product_tag","embeddable":true,"href":"https:\/\/www.koupeltech.com\/index.php\/wp-json\/wp\/v2\/product_tag?post=6790"}],"curies":[{"name":"wp","href":"https:\/\/api.w.org\/{rel}","templated":true}]}}