{"id":6892,"date":"2026-04-27T13:56:52","date_gmt":"2026-04-27T13:56:52","guid":{"rendered":""},"modified":"2026-04-27T13:56:52","modified_gmt":"2026-04-27T13:56:52","slug":"posledni-sance-gardena-9030-20-cerpadlo-pro-cistou-vodu-9000-6892","status":"publish","type":"product","link":"https:\/\/www.koupeltech.com\/index.php\/produkt\/posledni-sance-gardena-9030-20-cerpadlo-pro-cistou-vodu-9000-6892\/","title":{"rendered":"Posledn\u00ed \u0160ance Gardena 9030-20 \u010derpadlo pro \u010distou vodu 9000"},"content":{"rendered":"<table>\n<div class=\"tab-pane active product-description\" id=\"popis\" role=\"tabpanel\">\n<div class=\"short-description\" itemprop=\"description\"><\/div>\n<div class=\"description\">\u25ba Automatick\u00e9 \u0159\u00edzen\u00ed<span class='bullet-line'>Plov\u00e1kov\u00fd sp\u00edna\u010d automaticky zapne \u010derpadlo p\u0159i p\u0159ekro\u010den\u00ed ur\u010dit\u00e9 hladiny. <\/span><span class='bullet-line'>Pokud hladina klesne, \u010derpadlo se automaticky znovu vypne.<\/span><span class='bullet-line'>V\u00fd\u0161ku zapnut\u00ed a vypnut\u00ed lze individu\u00e1ln\u011b nastavit zasunut\u00edm plov\u00e1kov\u00e9ho sp\u00edna\u010de do jedn\u00e9 ze t\u0159\u00ed r\u016fzn\u00fdch v\u00fd\u0161ek na t\u011blese \u010derpadla.<\/span><br \/>\u25ba Trval\u00fd manu\u00e1ln\u00ed provoz<span class='bullet-line'>Vlo\u017een\u00edm plov\u00e1kov\u00e9ho sp\u00edna\u010de do t\u011blesa \u010derpadla lze \u010derpadlo nastavit na nep\u0159etr\u017eit\u00fd manu\u00e1ln\u00ed provoz.<\/span><br \/>\u25ba Modern\u00ed a velmi \u00fa\u010dinn\u00e9<span class='bullet-line'>\u010cerpadlo pro \u010distou vodu 9000 nab\u00edz\u00ed p\u016fsobiv\u00fd v\u00fdkon 300 W a maxim\u00e1ln\u00ed pr\u016ftok 9000 litr\u016f za hodinu.<\/span><br \/>\u25ba Poznejte s\u00edlu \u010derpadel GARDENA<span class='bullet-line'>S maxim\u00e1ln\u00ed dopravn\u00ed hloubkou 6 m p\u0159i tlaku 0,6 baru je nyn\u00ed \u010derpadlo je\u0161t\u011b v\u00fdkonn\u011bj\u0161\u00ed a vhodn\u00e9 pro je\u0161t\u011b v\u00edce aplikac\u00ed. <\/span><span class='bullet-line'>Nab\u00edz\u00ed plo\u0161n\u00e9 s\u00e1n\u00ed a\u017e do v\u00fd\u0161ky zbytkov\u00e9 vody 2 mm.<\/span><br \/>\u25ba Jednoduch\u00e1 manipulace<span class='bullet-line'>Praktick\u00e1 rukoje\u0165 a inteligentn\u00ed design umo\u017e\u0148uj\u00ed nejen nekomplikovan\u00e9 pou\u017eit\u00ed, ale tak\u00e9 snadn\u00e9 uskladn\u011bn\u00ed ponorn\u00e9ho \u010derpadla d\u00edky mo\u017enosti navinut\u00ed kabelu.<\/span><br \/>\u25ba Syst\u00e9m snadn\u00e9ho p\u0159ipojen\u00ed hadice<span class='bullet-line'>Ponorn\u00e9 \u010derpadlo umo\u017e\u0148uje flexibiln\u00ed p\u0159ipojen\u00ed hadic o pr\u016fm\u011bru 25 (1&#8243;) a 38 mm (1 \u00bd&#8220;) a dal\u0161\u00ed mo\u017enosti nab\u00edz\u00ed p\u0159ipojen\u00ed se z\u00e1vitem G1&#8243;.<\/span><br \/>\u25ba Rychl\u00e9 a nekomplikovan\u00e9 od\u010derp\u00e1v\u00e1n\u00ed vody s velkou \u00fa\u010dinnost\u00ed<span class='bullet-line'>A\u0165 u\u017e k vy\u010derp\u00e1v\u00e1n\u00ed vody ze sud\u016f s de\u0161\u0165ovou vodou p\u0159ed zimou nebo vody ze zaplaven\u00e9ho suter\u00e9nu &#8211; u \u010derpadla GARDENA 9000 poc\u00edt\u00edte s\u00edlu \u010derpadel GARDENA. <\/span><span class='bullet-line'>Toto vysoce v\u00fdkonn\u00e9 ponorn\u00e9 \u010derpadlo s n\u00edzkou spot\u0159ebou energie je nejen extr\u00e9mn\u011b v\u00fdkonn\u00e9, ale tak\u00e9 zvl\u00e1\u0161t\u011b \u00fa\u010dinn\u00e9.<\/span><span class='bullet-line'>Motor odvod\u0148ovac\u00edho \u010derpadla nab\u00edz\u00ed v\u00fdkon 300 W. <\/span><span class='bullet-line'>P\u0159i maxim\u00e1ln\u00edm tlaku 0,6 baru a dopravn\u00ed v\u00fd\u0161ce 6 m lze za hodinu vy\u010derpat a\u017e 9000 litr\u016f vody. <\/span><span class='bullet-line'>Nab\u00edz\u00ed ploch\u00e9 nas\u00e1v\u00e1n\u00ed a\u017e do v\u00fd\u0161ky 2 mm. <\/span><span class='bullet-line'>D\u00edky inteligentn\u00edmu designu a ochrann\u00fdm technologi\u00edm z\u016fst\u00e1v\u00e1 \u010derpadlo b\u011bhem provozu bezpe\u010dn\u00e9 a stabiln\u00ed. <\/span><span class='bullet-line'>Po pou\u017eit\u00ed jej lze snadno a jednodu\u0161e vy\u010distit a jeho p\u0159eprava je d\u00edky praktick\u00e9 rukojeti velmi pohodln\u00e1. <\/span><span class='bullet-line'>Nastaviteln\u00fd plov\u00e1kov\u00fd sp\u00edna\u010d chr\u00e1n\u00ed \u010derpadlo p\u0159ed \u0161kodliv\u00fdm chodem nasucho. <\/span><span class='bullet-line'>Energeticky \u00fasporn\u00e9 \u010derpadlo GARDENA nab\u00edz\u00ed r\u016fzn\u00e9 mo\u017enosti p\u0159ipojen\u00ed pro jednotliv\u00e9 aplikace pomoc\u00ed snadn\u00e9ho syst\u00e9mu p\u0159ipojen\u00ed hadic GARDENA. <\/span><span class='bullet-line'>Lze p\u0159ipojit hadice o pr\u016fm\u011bru 25 mm (1&#8243;) nebo 38 mm (1\u00bd&#8220;).<\/span><span class='bullet-line'>V kombinaci se z\u00e1vitem G1&#8243; se st\u00e1v\u00e1 \u010derpadlo pro \u010distou vodu 9000 je\u0161t\u011b univerz\u00e1ln\u011bj\u0161\u00ed. <\/span><span class='bullet-line'>A\u0165 u\u017e jako odvod\u0148ovac\u00ed \u010derpadlo, \u010derpadlo pro podzemn\u00ed vodu nebo pro pou\u017eit\u00ed ve va\u0161em baz\u00e9nu &#8211; toto ponorn\u00e9 \u010derpadlo, kter\u00e9 je vizu\u00e1ln\u011b atraktivn\u00ed a stylov\u00e9, nab\u00edz\u00ed mnoho mo\u017enost\u00ed pou\u017eit\u00ed ve va\u0161em sklep\u011b nebo na zahrad\u011b. <\/span><span class='bullet-line'>S v\u00edce ne\u017e 40 lety odborn\u00fdch zku\u0161enost\u00ed v oblasti odvod\u0148ovac\u00edch a zavla\u017eovac\u00edch \u010derpadel a \u010derpadel pro z\u00e1sobov\u00e1n\u00ed dom\u00e1cnosti na v\u00e1s ud\u011bl\u00e1 vyhl\u00e1\u0161en\u00e1 vysok\u00e1 kvalita GARDENA a d\u016fraz na designov\u00e9 detaily skute\u010dn\u011b dojem.<\/span><\/div>\n<div class=\"parameters\">\n<tr>\n<td>Jmenovit\u00fd v\u00fdkon, W<\/td>\n<td>300 W<\/td>\n<\/tr>\n<tr>\n<td>Maxim\u00e1ln\u00ed v\u00fdtla\u010dn\u00e1 kapacita<\/td>\n<td>9000 l\/h<\/td>\n<\/tr>\n<tr>\n<td>Maxim\u00e1ln\u00ed tlak<\/td>\n<td>0.6 bar<\/td>\n<\/tr>\n<tr>\n<td>Maxim\u00e1ln\u00ed hloubka ponoru<\/td>\n<td>7 m<\/td>\n<\/tr>\n<tr>\n<td>Maxim\u00e1ln\u00ed v\u00fdtla\u010dn\u00e1 v\u00fd\u0161ka<\/td>\n<td>6 m<\/td>\n<\/tr>\n<tr>\n<td>Maxim\u00e1ln\u00ed teplota \u010derpan\u00e9ho m\u00e9dia<\/td>\n<td>35 \u00b0C<\/td>\n<\/tr>\n<tr>\n<td>D\u00e9lka kabelu<\/td>\n<td>10 m<\/td>\n<\/tr>\n<tr>\n<td>Typ nap\u00e1jec\u00edho kabelu<\/td>\n<td>H05 RNF<\/td>\n<\/tr>\n<tr>\n<td>Elektrick\u00e1 ochrann\u00e1 t\u0159\u00edda<\/td>\n<td>IP X8<\/td>\n<\/tr><\/div>\n<\/table>\n","protected":false},"excerpt":{"rendered":"<p>\u25ba Automatick\u00e9 \u0159\u00edzen\u00edPlov\u00e1kov\u00fd sp\u00edna\u010d automaticky zapne \u010derpadlo p\u0159i p\u0159ekro\u010den\u00ed ur\u010dit\u00e9 hladiny. Pokud hladina klesne, \u010derpadlo se automaticky znovu vypne.V\u00fd\u0161ku zapnut\u00ed a vypnut\u00ed lze individu\u00e1ln\u011b nastavit zasunut\u00edm plov\u00e1kov\u00e9ho sp\u00edna\u010de do jedn\u00e9 ze t\u0159\u00ed r\u016fzn\u00fdch v\u00fd\u0161ek na t\u011blese \u010derpadla.\u25ba Trval\u00fd manu\u00e1ln\u00ed provozVlo\u017een\u00edm plov\u00e1kov\u00e9ho sp\u00edna\u010de do t\u011blesa \u010derpadla lze \u010derpadlo nastavit na nep\u0159etr\u017eit\u00fd manu\u00e1ln\u00ed provoz.\u25ba Modern\u00ed a velmi [&hellip;]<\/p>\n","protected":false},"featured_media":6992,"comment_status":"open","ping_status":"open","template":"","meta":[],"product_brand":[],"product_cat":[44],"product_tag":[],"class_list":{"0":"post-6892","1":"product","2":"type-product","3":"status-publish","4":"has-post-thumbnail","6":"product_cat-zahrada","8":"first","9":"instock","10":"sale","11":"shipping-taxable","12":"purchasable","13":"product-type-simple"},"yoast_head":"<!-- This site is optimized with the Yoast SEO plugin v26.8 - https:\/\/yoast.com\/product\/yoast-seo-wordpress\/ -->\n<title>Posledn\u00ed \u0160ance Gardena 9030-20 \u010derpadlo pro \u010distou vodu 9000 -<\/title>\n<meta name=\"robots\" content=\"index, follow, max-snippet:-1, max-image-preview:large, max-video-preview:-1\" \/>\n<link rel=\"canonical\" href=\"https:\/\/www.koupeltech.com\/index.php\/produkt\/posledni-sance-gardena-9030-20-cerpadlo-pro-cistou-vodu-9000-6892\/\" \/>\n<meta property=\"og:locale\" content=\"cs_CZ\" \/>\n<meta property=\"og:type\" content=\"article\" \/>\n<meta property=\"og:title\" content=\"Posledn\u00ed \u0160ance Gardena 9030-20 \u010derpadlo pro \u010distou vodu 9000 -\" \/>\n<meta property=\"og:description\" content=\"\u25ba Automatick\u00e9 \u0159\u00edzen\u00edPlov\u00e1kov\u00fd sp\u00edna\u010d automaticky zapne \u010derpadlo p\u0159i p\u0159ekro\u010den\u00ed ur\u010dit\u00e9 hladiny. Pokud hladina klesne, \u010derpadlo se automaticky znovu vypne.V\u00fd\u0161ku zapnut\u00ed a vypnut\u00ed lze individu\u00e1ln\u011b nastavit zasunut\u00edm plov\u00e1kov\u00e9ho sp\u00edna\u010de do jedn\u00e9 ze t\u0159\u00ed r\u016fzn\u00fdch v\u00fd\u0161ek na t\u011blese \u010derpadla.\u25ba Trval\u00fd manu\u00e1ln\u00ed provozVlo\u017een\u00edm plov\u00e1kov\u00e9ho sp\u00edna\u010de do t\u011blesa \u010derpadla lze \u010derpadlo nastavit na nep\u0159etr\u017eit\u00fd manu\u00e1ln\u00ed provoz.\u25ba Modern\u00ed a velmi [&hellip;]\" \/>\n<meta property=\"og:url\" content=\"https:\/\/www.koupeltech.com\/index.php\/produkt\/posledni-sance-gardena-9030-20-cerpadlo-pro-cistou-vodu-9000-6892\/\" \/>\n<meta property=\"og:image\" content=\"https:\/\/www.koupeltech.com\/wp-content\/uploads\/2026\/SK0022550-CZ20260425-092328-0-1777080210-1240099-1_163030.webp\" \/>\n\t<meta property=\"og:image:width\" content=\"408\" \/>\n\t<meta property=\"og:image:height\" content=\"530\" \/>\n\t<meta property=\"og:image:type\" content=\"image\/webp\" \/>\n<meta name=\"twitter:card\" content=\"summary_large_image\" \/>\n<meta name=\"twitter:label1\" content=\"Odhadovan\u00e1 doba \u010dten\u00ed\" \/>\n\t<meta name=\"twitter:data1\" content=\"3 minuty\" \/>\n<script type=\"application\/ld+json\" class=\"yoast-schema-graph\">{\"@context\":\"https:\/\/schema.org\",\"@graph\":[{\"@type\":\"WebPage\",\"@id\":\"https:\/\/www.koupeltech.com\/index.php\/produkt\/posledni-sance-gardena-9030-20-cerpadlo-pro-cistou-vodu-9000-6892\/\",\"url\":\"https:\/\/www.koupeltech.com\/index.php\/produkt\/posledni-sance-gardena-9030-20-cerpadlo-pro-cistou-vodu-9000-6892\/\",\"name\":\"Posledn\u00ed \u0160ance Gardena 9030-20 \u010derpadlo pro \u010distou vodu 9000 -\",\"isPartOf\":{\"@id\":\"https:\/\/www.koupeltech.com\/#website\"},\"primaryImageOfPage\":{\"@id\":\"https:\/\/www.koupeltech.com\/index.php\/produkt\/posledni-sance-gardena-9030-20-cerpadlo-pro-cistou-vodu-9000-6892\/#primaryimage\"},\"image\":{\"@id\":\"https:\/\/www.koupeltech.com\/index.php\/produkt\/posledni-sance-gardena-9030-20-cerpadlo-pro-cistou-vodu-9000-6892\/#primaryimage\"},\"thumbnailUrl\":\"https:\/\/www.koupeltech.com\/wp-content\/uploads\/2026\/SK0022550-CZ20260425-092328-0-1777080210-1240099-1_163030.webp\",\"datePublished\":\"2026-04-27T13:56:52+00:00\",\"breadcrumb\":{\"@id\":\"https:\/\/www.koupeltech.com\/index.php\/produkt\/posledni-sance-gardena-9030-20-cerpadlo-pro-cistou-vodu-9000-6892\/#breadcrumb\"},\"inLanguage\":\"cs\",\"potentialAction\":[{\"@type\":\"ReadAction\",\"target\":[\"https:\/\/www.koupeltech.com\/index.php\/produkt\/posledni-sance-gardena-9030-20-cerpadlo-pro-cistou-vodu-9000-6892\/\"]}]},{\"@type\":\"ImageObject\",\"inLanguage\":\"cs\",\"@id\":\"https:\/\/www.koupeltech.com\/index.php\/produkt\/posledni-sance-gardena-9030-20-cerpadlo-pro-cistou-vodu-9000-6892\/#primaryimage\",\"url\":\"https:\/\/www.koupeltech.com\/wp-content\/uploads\/2026\/SK0022550-CZ20260425-092328-0-1777080210-1240099-1_163030.webp\",\"contentUrl\":\"https:\/\/www.koupeltech.com\/wp-content\/uploads\/2026\/SK0022550-CZ20260425-092328-0-1777080210-1240099-1_163030.webp\",\"width\":408,\"height\":530},{\"@type\":\"BreadcrumbList\",\"@id\":\"https:\/\/www.koupeltech.com\/index.php\/produkt\/posledni-sance-gardena-9030-20-cerpadlo-pro-cistou-vodu-9000-6892\/#breadcrumb\",\"itemListElement\":[{\"@type\":\"ListItem\",\"position\":1,\"name\":\"Home\",\"item\":\"https:\/\/www.koupeltech.com\/\"},{\"@type\":\"ListItem\",\"position\":2,\"name\":\"Products\",\"item\":\"https:\/\/www.koupeltech.com\/index.php\/products\/\"},{\"@type\":\"ListItem\",\"position\":3,\"name\":\"Posledn\u00ed \u0160ance Gardena 9030-20 \u010derpadlo pro \u010distou vodu 9000\"}]},{\"@type\":\"WebSite\",\"@id\":\"https:\/\/www.koupeltech.com\/#website\",\"url\":\"https:\/\/www.koupeltech.com\/\",\"name\":\"\",\"description\":\"\",\"potentialAction\":[{\"@type\":\"SearchAction\",\"target\":{\"@type\":\"EntryPoint\",\"urlTemplate\":\"https:\/\/www.koupeltech.com\/?s={search_term_string}\"},\"query-input\":{\"@type\":\"PropertyValueSpecification\",\"valueRequired\":true,\"valueName\":\"search_term_string\"}}],\"inLanguage\":\"cs\"}]}<\/script>\n<!-- \/ Yoast SEO plugin. -->","yoast_head_json":{"title":"Posledn\u00ed \u0160ance Gardena 9030-20 \u010derpadlo pro \u010distou vodu 9000 -","robots":{"index":"index","follow":"follow","max-snippet":"max-snippet:-1","max-image-preview":"max-image-preview:large","max-video-preview":"max-video-preview:-1"},"canonical":"https:\/\/www.koupeltech.com\/index.php\/produkt\/posledni-sance-gardena-9030-20-cerpadlo-pro-cistou-vodu-9000-6892\/","og_locale":"cs_CZ","og_type":"article","og_title":"Posledn\u00ed \u0160ance Gardena 9030-20 \u010derpadlo pro \u010distou vodu 9000 -","og_description":"\u25ba Automatick\u00e9 \u0159\u00edzen\u00edPlov\u00e1kov\u00fd sp\u00edna\u010d automaticky zapne \u010derpadlo p\u0159i p\u0159ekro\u010den\u00ed ur\u010dit\u00e9 hladiny. Pokud hladina klesne, \u010derpadlo se automaticky znovu vypne.V\u00fd\u0161ku zapnut\u00ed a vypnut\u00ed lze individu\u00e1ln\u011b nastavit zasunut\u00edm plov\u00e1kov\u00e9ho sp\u00edna\u010de do jedn\u00e9 ze t\u0159\u00ed r\u016fzn\u00fdch v\u00fd\u0161ek na t\u011blese \u010derpadla.\u25ba Trval\u00fd manu\u00e1ln\u00ed provozVlo\u017een\u00edm plov\u00e1kov\u00e9ho sp\u00edna\u010de do t\u011blesa \u010derpadla lze \u010derpadlo nastavit na nep\u0159etr\u017eit\u00fd manu\u00e1ln\u00ed provoz.\u25ba Modern\u00ed a velmi [&hellip;]","og_url":"https:\/\/www.koupeltech.com\/index.php\/produkt\/posledni-sance-gardena-9030-20-cerpadlo-pro-cistou-vodu-9000-6892\/","og_image":[{"width":408,"height":530,"url":"https:\/\/www.koupeltech.com\/wp-content\/uploads\/2026\/SK0022550-CZ20260425-092328-0-1777080210-1240099-1_163030.webp","type":"image\/webp"}],"twitter_card":"summary_large_image","twitter_misc":{"Odhadovan\u00e1 doba \u010dten\u00ed":"3 minuty"},"schema":{"@context":"https:\/\/schema.org","@graph":[{"@type":"WebPage","@id":"https:\/\/www.koupeltech.com\/index.php\/produkt\/posledni-sance-gardena-9030-20-cerpadlo-pro-cistou-vodu-9000-6892\/","url":"https:\/\/www.koupeltech.com\/index.php\/produkt\/posledni-sance-gardena-9030-20-cerpadlo-pro-cistou-vodu-9000-6892\/","name":"Posledn\u00ed \u0160ance Gardena 9030-20 \u010derpadlo pro \u010distou vodu 9000 -","isPartOf":{"@id":"https:\/\/www.koupeltech.com\/#website"},"primaryImageOfPage":{"@id":"https:\/\/www.koupeltech.com\/index.php\/produkt\/posledni-sance-gardena-9030-20-cerpadlo-pro-cistou-vodu-9000-6892\/#primaryimage"},"image":{"@id":"https:\/\/www.koupeltech.com\/index.php\/produkt\/posledni-sance-gardena-9030-20-cerpadlo-pro-cistou-vodu-9000-6892\/#primaryimage"},"thumbnailUrl":"https:\/\/www.koupeltech.com\/wp-content\/uploads\/2026\/SK0022550-CZ20260425-092328-0-1777080210-1240099-1_163030.webp","datePublished":"2026-04-27T13:56:52+00:00","breadcrumb":{"@id":"https:\/\/www.koupeltech.com\/index.php\/produkt\/posledni-sance-gardena-9030-20-cerpadlo-pro-cistou-vodu-9000-6892\/#breadcrumb"},"inLanguage":"cs","potentialAction":[{"@type":"ReadAction","target":["https:\/\/www.koupeltech.com\/index.php\/produkt\/posledni-sance-gardena-9030-20-cerpadlo-pro-cistou-vodu-9000-6892\/"]}]},{"@type":"ImageObject","inLanguage":"cs","@id":"https:\/\/www.koupeltech.com\/index.php\/produkt\/posledni-sance-gardena-9030-20-cerpadlo-pro-cistou-vodu-9000-6892\/#primaryimage","url":"https:\/\/www.koupeltech.com\/wp-content\/uploads\/2026\/SK0022550-CZ20260425-092328-0-1777080210-1240099-1_163030.webp","contentUrl":"https:\/\/www.koupeltech.com\/wp-content\/uploads\/2026\/SK0022550-CZ20260425-092328-0-1777080210-1240099-1_163030.webp","width":408,"height":530},{"@type":"BreadcrumbList","@id":"https:\/\/www.koupeltech.com\/index.php\/produkt\/posledni-sance-gardena-9030-20-cerpadlo-pro-cistou-vodu-9000-6892\/#breadcrumb","itemListElement":[{"@type":"ListItem","position":1,"name":"Home","item":"https:\/\/www.koupeltech.com\/"},{"@type":"ListItem","position":2,"name":"Products","item":"https:\/\/www.koupeltech.com\/index.php\/products\/"},{"@type":"ListItem","position":3,"name":"Posledn\u00ed \u0160ance Gardena 9030-20 \u010derpadlo pro \u010distou vodu 9000"}]},{"@type":"WebSite","@id":"https:\/\/www.koupeltech.com\/#website","url":"https:\/\/www.koupeltech.com\/","name":"","description":"","potentialAction":[{"@type":"SearchAction","target":{"@type":"EntryPoint","urlTemplate":"https:\/\/www.koupeltech.com\/?s={search_term_string}"},"query-input":{"@type":"PropertyValueSpecification","valueRequired":true,"valueName":"search_term_string"}}],"inLanguage":"cs"}]}},"_links":{"self":[{"href":"https:\/\/www.koupeltech.com\/index.php\/wp-json\/wp\/v2\/product\/6892","targetHints":{"allow":["GET"]}}],"collection":[{"href":"https:\/\/www.koupeltech.com\/index.php\/wp-json\/wp\/v2\/product"}],"about":[{"href":"https:\/\/www.koupeltech.com\/index.php\/wp-json\/wp\/v2\/types\/product"}],"replies":[{"embeddable":true,"href":"https:\/\/www.koupeltech.com\/index.php\/wp-json\/wp\/v2\/comments?post=6892"}],"wp:featuredmedia":[{"embeddable":true,"href":"https:\/\/www.koupeltech.com\/index.php\/wp-json\/wp\/v2\/media\/6992"}],"wp:attachment":[{"href":"https:\/\/www.koupeltech.com\/index.php\/wp-json\/wp\/v2\/media?parent=6892"}],"wp:term":[{"taxonomy":"product_brand","embeddable":true,"href":"https:\/\/www.koupeltech.com\/index.php\/wp-json\/wp\/v2\/product_brand?post=6892"},{"taxonomy":"product_cat","embeddable":true,"href":"https:\/\/www.koupeltech.com\/index.php\/wp-json\/wp\/v2\/product_cat?post=6892"},{"taxonomy":"product_tag","embeddable":true,"href":"https:\/\/www.koupeltech.com\/index.php\/wp-json\/wp\/v2\/product_tag?post=6892"}],"curies":[{"name":"wp","href":"https:\/\/api.w.org\/{rel}","templated":true}]}}