{"id":6893,"date":"2026-04-27T13:56:52","date_gmt":"2026-04-27T13:56:52","guid":{"rendered":""},"modified":"2026-04-27T13:56:52","modified_gmt":"2026-04-27T13:56:52","slug":"gardena-9032-20-cerpadlo-pro-cistou-vodu-11000-cenova-bomba-6893","status":"publish","type":"product","link":"https:\/\/www.koupeltech.com\/index.php\/produkt\/gardena-9032-20-cerpadlo-pro-cistou-vodu-11000-cenova-bomba-6893\/","title":{"rendered":"Gardena 9032-20 \u010derpadlo pro \u010distou vodu 11000 Cenov\u00e1 Bomba"},"content":{"rendered":"<table>\n<div class=\"tab-pane active product-description\" id=\"popis\" role=\"tabpanel\">\n<div class=\"short-description\" itemprop=\"description\"><\/div>\n<div class=\"description\">\u25ba Automatick\u00e9 \u0159\u00edzen\u00ed<span class='bullet-line'>Plov\u00e1kov\u00fd sp\u00edna\u010d automaticky zapne \u010derpadlo p\u0159i p\u0159ekro\u010den\u00ed ur\u010dit\u00e9 hladiny. <\/span><span class='bullet-line'>Pokud hladina klesne, \u010derpadlo se automaticky znovu vypne.<\/span><span class='bullet-line'>V\u00fd\u0161ku zapnut\u00ed a vypnut\u00ed lze individu\u00e1ln\u011b nastavit zasunut\u00edm plov\u00e1kov\u00e9ho sp\u00edna\u010de do jedn\u00e9 ze t\u0159\u00ed r\u016fzn\u00fdch v\u00fd\u0161ek na t\u011blese \u010derpadla.<\/span><br \/>\u25ba Trval\u00fd manu\u00e1ln\u00ed provoz<span class='bullet-line'>Vlo\u017een\u00edm plov\u00e1kov\u00e9ho sp\u00edna\u010de do t\u011blesa \u010derpadla lze \u010derpadlo nastavit na nep\u0159etr\u017eit\u00fd manu\u00e1ln\u00ed provoz.<\/span><br \/>\u25ba Poznejte s\u00edlu \u010derpadel GARDENA<span class='bullet-line'>GARDENA ponorn\u00e9 \u010derpadlo pro \u010distou vodu 11000 nab\u00edz\u00ed v\u00fdkon 450 W, maxim\u00e1ln\u00ed pr\u016ftok 11 000 litr\u016f za hodinu a dopravn\u00ed hloubku 7 m p\u0159i tlaku 0,7 baru &#8211; poskytuje opravdu vysokou a p\u016fsobivou \u00fa\u010dinnost.<\/span><br \/>\u25ba Prvot\u0159\u00eddn\u00ed design a kvalitn\u00ed materi\u00e1ly<span class='bullet-line'>Kryt z nerezov\u00e9 oceli a h\u0159\u00eddel pota\u017een\u00e1 keramikou s trojit\u00fdm t\u011bsn\u011bn\u00edm a olejovou komorou zaji\u0161\u0165uje maxim\u00e1ln\u00ed pevnost a dlouhou \u017eivotnost \u010derpadla.<\/span><br \/>\u25ba Snadn\u00fd provoz a manipulace<span class='bullet-line'>Inteligentn\u00ed design a praktick\u00e1 rukoje\u0165 poskytuj\u00ed skv\u011bl\u00e9 mo\u017enosti pou\u017eit\u00ed.<\/span><br \/>\u25ba Z\u00e1str\u010dn\u00e9 spojen\u00ed pouze na jedno kliknut\u00ed<span class='bullet-line'>Toto ponorn\u00e9 \u010derpadlo umo\u017e\u0148uje rychl\u00e9 a flexibiln\u00ed p\u0159ipojen\u00ed hadic o pr\u016fm\u011bru 25 (1&#8243;) a 38 mm (1 \u00bd&#8220;), pro dal\u0161\u00ed mo\u017enosti pou\u017eijte z\u00e1vit G1&#8243;.<\/span><br \/>\u25ba Poci\u0165te s\u00edlu \u010derpadel GARDENA<span class='bullet-line'>A\u0165 u\u017e ve sklep\u011b nebo ve vlastn\u00ed zahrad\u011b &#8211; n\u011bkdy se voda dostane tam, kam nechcete, pak je \u010das povolat na pomoc s\u00edlu \u010derpadel GARDENA. <\/span><span class='bullet-line'>Pro takov\u00e9 p\u0159\u00edpady a mnoho dal\u0161\u00edch je ide\u00e1ln\u00ed GARDENA \u010derpadlo pro \u010distou vodu 11000. <\/span><span class='bullet-line'>V\u00fdkonn\u00e9 a vysoce \u00fa\u010dinn\u00e9 ponorn\u00e9 \u010derpadlo lze pou\u017e\u00edt v\u0161ude tam, kde je t\u0159eba od\u010derpat \u010distou nebo jen m\u00edrn\u011b zne\u010di\u0161t\u011bnou vodu. <\/span><span class='bullet-line'>Toto vysoce v\u00fdkonn\u00e9 ponorn\u00e9 \u010derpadlo s n\u00edzkou spot\u0159ebou energie je ide\u00e1ln\u00ed pro mnoho aplikac\u00ed. <\/span><span class='bullet-line'>Motor poskytuje v\u00fdkon 450 W s maxim\u00e1ln\u00edm tlakem 0,7 bar a dopravn\u00ed v\u00fd\u0161kou a\u017e 7 m, tak\u017ee lze \u010derpat a\u017e 11 000 litr\u016f vody za hodinu. <\/span><span class='bullet-line'>Poskytuje ploch\u00e9 nas\u00e1v\u00e1n\u00ed a\u017e do hladiny 2 mm, kter\u00e9 lze pohodln\u011b dos\u00e1hnout funkc\u00ed trval\u00e9ho zapnut\u00ed nastaviteln\u00e9ho plov\u00e1kov\u00e9ho sp\u00edna\u010de. <\/span><span class='bullet-line'>D\u00edky tomu lze ze zaplaven\u00e9 m\u00edstnosti odstranit t\u00e9m\u011b\u0159 ve\u0161kerou ne\u017e\u00e1douc\u00ed vodu. <\/span><span class='bullet-line'>Podlahu pak pot\u00e9 sta\u010d\u00ed jednodu\u0161e ot\u0159\u00edt do sucha. <\/span><span class='bullet-line'>Po pou\u017eit\u00ed se ponorn\u00e9 \u010derpadlo na \u010distou vodu snadno \u010dist\u00ed a d\u00edky praktick\u00e9 rukojeti i p\u0159epravuje a skladuje. <\/span><span class='bullet-line'>Vlastn\u00ed ochrann\u00e1 technologie, jako je keramick\u00e1 h\u0159\u00eddel s trojit\u00fdm t\u011bsn\u011bn\u00edm, dod\u00e1v\u00e1 \u010derpadlu maxim\u00e1ln\u00ed \u017eivotnost a \u00fa\u010dinn\u011b chr\u00e1n\u00ed motor p\u0159ed \u00fanikem vody. <\/span><span class='bullet-line'>Energeticky \u00fasporn\u00e9 \u010derpadlo m\u00e1 n\u011bkolik mo\u017enost\u00ed p\u0159ipojen\u00ed, co\u017e umo\u017e\u0148uje jeho pou\u017eit\u00ed s \u200b\u200br\u016fzn\u00fdmi pr\u016fm\u011bry hadic. <\/span><span class='bullet-line'>\u010cerpadlo na \u010distou vodu 11000 lze standardn\u011b p\u0159ipojit k hadic\u00edm o pr\u016fm\u011bru 25 mm (1&#8243;) nebo 38 mm (1\u00bd&#8220;) pomoc\u00ed nov\u00e9ho syst\u00e9mu pro snadn\u00e9 p\u0159ipojen\u00ed hadic GARDENA. <\/span><span class='bullet-line'>Ponorn\u00e9 \u010derpadlo nab\u00edz\u00ed je\u0161t\u011b v\u00edce mo\u017enost\u00ed v kombinaci se z\u00e1vitem G1&#8243;. <\/span><span class='bullet-line'>V pr\u00e1deln\u011b, v n\u00e1dr\u017e\u00edch s de\u0161\u0165ovou vodou, v baz\u00e9nech nebo jako dren\u00e1\u017en\u00ed \u010derpadlo spodn\u00ed vody &#8211; toto stylov\u00e9 \u010derpadlo s prvky z nerezov\u00e9 oceli na v\u00e1s ud\u011bl\u00e1 dojem sv\u00fdm v\u00fdkonem, vynikaj\u00edc\u00ed \u00fa\u010dinnost\u00ed a maxim\u00e1ln\u00ed v\u0161estrannost\u00ed. <\/span><span class='bullet-line'>S v\u00edce ne\u017e 40letou odbornost\u00ed v oblasti odvod\u0148ovac\u00edch, zavla\u017eovac\u00edch a dom\u00e1c\u00edch \u010derpadel je pro v\u00e1s GARDENA spolehlivou zna\u010dkou.<\/span><span class='bullet-line'>Na znamen\u00ed t\u00e9to vysok\u00e9 kvality a dlouh\u00e9 \u017eivotnosti nab\u00edz\u00ed GARDENA u tohoto v\u00fdrobku po jeho registraci prodlou\u017eenou 5letou z\u00e1ruku.<\/span><\/div>\n<div class=\"parameters\">\n<tr>\n<td>Jmenovit\u00fd v\u00fdkon, W<\/td>\n<td>300 W<\/td>\n<\/tr>\n<tr>\n<td>Maxim\u00e1ln\u00ed v\u00fdtla\u010dn\u00e1 kapacita<\/td>\n<td>11000 l\/h<\/td>\n<\/tr>\n<tr>\n<td>Maxim\u00e1ln\u00ed tlak<\/td>\n<td>0.7 bar<\/td>\n<\/tr>\n<tr>\n<td>Maxim\u00e1ln\u00ed hloubka ponoru<\/td>\n<td>7 m<\/td>\n<\/tr>\n<tr>\n<td>Maxim\u00e1ln\u00ed v\u00fdtla\u010dn\u00e1 v\u00fd\u0161ka<\/td>\n<td>7 m<\/td>\n<\/tr>\n<tr>\n<td>Maxim\u00e1ln\u00ed teplota \u010derpan\u00e9ho m\u00e9dia<\/td>\n<td>35 \u00b0C<\/td>\n<\/tr>\n<tr>\n<td>D\u00e9lka kabelu<\/td>\n<td>10 m<\/td>\n<\/tr>\n<tr>\n<td>Typ nap\u00e1jec\u00edho kabelu<\/td>\n<td>H05 RNF<\/td>\n<\/tr>\n<tr>\n<td>Elektrick\u00e1 ochrann\u00e1 t\u0159\u00edda<\/td>\n<td>IP X8<\/td>\n<\/tr><\/div>\n<\/table>\n","protected":false},"excerpt":{"rendered":"<p>\u25ba Automatick\u00e9 \u0159\u00edzen\u00edPlov\u00e1kov\u00fd sp\u00edna\u010d automaticky zapne \u010derpadlo p\u0159i p\u0159ekro\u010den\u00ed ur\u010dit\u00e9 hladiny. Pokud hladina klesne, \u010derpadlo se automaticky znovu vypne.V\u00fd\u0161ku zapnut\u00ed a vypnut\u00ed lze individu\u00e1ln\u011b nastavit zasunut\u00edm plov\u00e1kov\u00e9ho sp\u00edna\u010de do jedn\u00e9 ze t\u0159\u00ed r\u016fzn\u00fdch v\u00fd\u0161ek na t\u011blese \u010derpadla.\u25ba Trval\u00fd manu\u00e1ln\u00ed provozVlo\u017een\u00edm plov\u00e1kov\u00e9ho sp\u00edna\u010de do t\u011blesa \u010derpadla lze \u010derpadlo nastavit na nep\u0159etr\u017eit\u00fd manu\u00e1ln\u00ed provoz.\u25ba Poznejte s\u00edlu \u010derpadel [&hellip;]<\/p>\n","protected":false},"featured_media":6993,"comment_status":"open","ping_status":"open","template":"","meta":[],"product_brand":[],"product_cat":[44],"product_tag":[],"class_list":{"0":"post-6893","1":"product","2":"type-product","3":"status-publish","4":"has-post-thumbnail","6":"product_cat-zahrada","8":"first","9":"instock","10":"sale","11":"shipping-taxable","12":"purchasable","13":"product-type-simple"},"yoast_head":"<!-- This site is optimized with the Yoast SEO plugin v26.8 - https:\/\/yoast.com\/product\/yoast-seo-wordpress\/ -->\n<title>Gardena 9032-20 \u010derpadlo pro \u010distou vodu 11000 Cenov\u00e1 Bomba -<\/title>\n<meta name=\"robots\" content=\"index, follow, max-snippet:-1, max-image-preview:large, max-video-preview:-1\" \/>\n<link rel=\"canonical\" href=\"https:\/\/www.koupeltech.com\/index.php\/produkt\/gardena-9032-20-cerpadlo-pro-cistou-vodu-11000-cenova-bomba-6893\/\" \/>\n<meta property=\"og:locale\" content=\"cs_CZ\" \/>\n<meta property=\"og:type\" content=\"article\" \/>\n<meta property=\"og:title\" content=\"Gardena 9032-20 \u010derpadlo pro \u010distou vodu 11000 Cenov\u00e1 Bomba -\" \/>\n<meta property=\"og:description\" content=\"\u25ba Automatick\u00e9 \u0159\u00edzen\u00edPlov\u00e1kov\u00fd sp\u00edna\u010d automaticky zapne \u010derpadlo p\u0159i p\u0159ekro\u010den\u00ed ur\u010dit\u00e9 hladiny. Pokud hladina klesne, \u010derpadlo se automaticky znovu vypne.V\u00fd\u0161ku zapnut\u00ed a vypnut\u00ed lze individu\u00e1ln\u011b nastavit zasunut\u00edm plov\u00e1kov\u00e9ho sp\u00edna\u010de do jedn\u00e9 ze t\u0159\u00ed r\u016fzn\u00fdch v\u00fd\u0161ek na t\u011blese \u010derpadla.\u25ba Trval\u00fd manu\u00e1ln\u00ed provozVlo\u017een\u00edm plov\u00e1kov\u00e9ho sp\u00edna\u010de do t\u011blesa \u010derpadla lze \u010derpadlo nastavit na nep\u0159etr\u017eit\u00fd manu\u00e1ln\u00ed provoz.\u25ba Poznejte s\u00edlu \u010derpadel [&hellip;]\" \/>\n<meta property=\"og:url\" content=\"https:\/\/www.koupeltech.com\/index.php\/produkt\/gardena-9032-20-cerpadlo-pro-cistou-vodu-11000-cenova-bomba-6893\/\" \/>\n<meta property=\"og:image\" content=\"https:\/\/www.koupeltech.com\/wp-content\/uploads\/2026\/SK0022551-CZ20260425-092328-0-1777080210-1240100-1_163030.webp\" \/>\n\t<meta property=\"og:image:width\" content=\"340\" \/>\n\t<meta property=\"og:image:height\" content=\"411\" \/>\n\t<meta property=\"og:image:type\" content=\"image\/webp\" \/>\n<meta name=\"twitter:card\" content=\"summary_large_image\" \/>\n<meta name=\"twitter:label1\" content=\"Odhadovan\u00e1 doba \u010dten\u00ed\" \/>\n\t<meta name=\"twitter:data1\" content=\"3 minuty\" \/>\n<script type=\"application\/ld+json\" class=\"yoast-schema-graph\">{\"@context\":\"https:\/\/schema.org\",\"@graph\":[{\"@type\":\"WebPage\",\"@id\":\"https:\/\/www.koupeltech.com\/index.php\/produkt\/gardena-9032-20-cerpadlo-pro-cistou-vodu-11000-cenova-bomba-6893\/\",\"url\":\"https:\/\/www.koupeltech.com\/index.php\/produkt\/gardena-9032-20-cerpadlo-pro-cistou-vodu-11000-cenova-bomba-6893\/\",\"name\":\"Gardena 9032-20 \u010derpadlo pro \u010distou vodu 11000 Cenov\u00e1 Bomba -\",\"isPartOf\":{\"@id\":\"https:\/\/www.koupeltech.com\/#website\"},\"primaryImageOfPage\":{\"@id\":\"https:\/\/www.koupeltech.com\/index.php\/produkt\/gardena-9032-20-cerpadlo-pro-cistou-vodu-11000-cenova-bomba-6893\/#primaryimage\"},\"image\":{\"@id\":\"https:\/\/www.koupeltech.com\/index.php\/produkt\/gardena-9032-20-cerpadlo-pro-cistou-vodu-11000-cenova-bomba-6893\/#primaryimage\"},\"thumbnailUrl\":\"https:\/\/www.koupeltech.com\/wp-content\/uploads\/2026\/SK0022551-CZ20260425-092328-0-1777080210-1240100-1_163030.webp\",\"datePublished\":\"2026-04-27T13:56:52+00:00\",\"breadcrumb\":{\"@id\":\"https:\/\/www.koupeltech.com\/index.php\/produkt\/gardena-9032-20-cerpadlo-pro-cistou-vodu-11000-cenova-bomba-6893\/#breadcrumb\"},\"inLanguage\":\"cs\",\"potentialAction\":[{\"@type\":\"ReadAction\",\"target\":[\"https:\/\/www.koupeltech.com\/index.php\/produkt\/gardena-9032-20-cerpadlo-pro-cistou-vodu-11000-cenova-bomba-6893\/\"]}]},{\"@type\":\"ImageObject\",\"inLanguage\":\"cs\",\"@id\":\"https:\/\/www.koupeltech.com\/index.php\/produkt\/gardena-9032-20-cerpadlo-pro-cistou-vodu-11000-cenova-bomba-6893\/#primaryimage\",\"url\":\"https:\/\/www.koupeltech.com\/wp-content\/uploads\/2026\/SK0022551-CZ20260425-092328-0-1777080210-1240100-1_163030.webp\",\"contentUrl\":\"https:\/\/www.koupeltech.com\/wp-content\/uploads\/2026\/SK0022551-CZ20260425-092328-0-1777080210-1240100-1_163030.webp\",\"width\":340,\"height\":411},{\"@type\":\"BreadcrumbList\",\"@id\":\"https:\/\/www.koupeltech.com\/index.php\/produkt\/gardena-9032-20-cerpadlo-pro-cistou-vodu-11000-cenova-bomba-6893\/#breadcrumb\",\"itemListElement\":[{\"@type\":\"ListItem\",\"position\":1,\"name\":\"Home\",\"item\":\"https:\/\/www.koupeltech.com\/\"},{\"@type\":\"ListItem\",\"position\":2,\"name\":\"Products\",\"item\":\"https:\/\/www.koupeltech.com\/index.php\/products\/\"},{\"@type\":\"ListItem\",\"position\":3,\"name\":\"Gardena 9032-20 \u010derpadlo pro \u010distou vodu 11000 Cenov\u00e1 Bomba\"}]},{\"@type\":\"WebSite\",\"@id\":\"https:\/\/www.koupeltech.com\/#website\",\"url\":\"https:\/\/www.koupeltech.com\/\",\"name\":\"\",\"description\":\"\",\"potentialAction\":[{\"@type\":\"SearchAction\",\"target\":{\"@type\":\"EntryPoint\",\"urlTemplate\":\"https:\/\/www.koupeltech.com\/?s={search_term_string}\"},\"query-input\":{\"@type\":\"PropertyValueSpecification\",\"valueRequired\":true,\"valueName\":\"search_term_string\"}}],\"inLanguage\":\"cs\"}]}<\/script>\n<!-- \/ Yoast SEO plugin. -->","yoast_head_json":{"title":"Gardena 9032-20 \u010derpadlo pro \u010distou vodu 11000 Cenov\u00e1 Bomba -","robots":{"index":"index","follow":"follow","max-snippet":"max-snippet:-1","max-image-preview":"max-image-preview:large","max-video-preview":"max-video-preview:-1"},"canonical":"https:\/\/www.koupeltech.com\/index.php\/produkt\/gardena-9032-20-cerpadlo-pro-cistou-vodu-11000-cenova-bomba-6893\/","og_locale":"cs_CZ","og_type":"article","og_title":"Gardena 9032-20 \u010derpadlo pro \u010distou vodu 11000 Cenov\u00e1 Bomba -","og_description":"\u25ba Automatick\u00e9 \u0159\u00edzen\u00edPlov\u00e1kov\u00fd sp\u00edna\u010d automaticky zapne \u010derpadlo p\u0159i p\u0159ekro\u010den\u00ed ur\u010dit\u00e9 hladiny. Pokud hladina klesne, \u010derpadlo se automaticky znovu vypne.V\u00fd\u0161ku zapnut\u00ed a vypnut\u00ed lze individu\u00e1ln\u011b nastavit zasunut\u00edm plov\u00e1kov\u00e9ho sp\u00edna\u010de do jedn\u00e9 ze t\u0159\u00ed r\u016fzn\u00fdch v\u00fd\u0161ek na t\u011blese \u010derpadla.\u25ba Trval\u00fd manu\u00e1ln\u00ed provozVlo\u017een\u00edm plov\u00e1kov\u00e9ho sp\u00edna\u010de do t\u011blesa \u010derpadla lze \u010derpadlo nastavit na nep\u0159etr\u017eit\u00fd manu\u00e1ln\u00ed provoz.\u25ba Poznejte s\u00edlu \u010derpadel [&hellip;]","og_url":"https:\/\/www.koupeltech.com\/index.php\/produkt\/gardena-9032-20-cerpadlo-pro-cistou-vodu-11000-cenova-bomba-6893\/","og_image":[{"width":340,"height":411,"url":"https:\/\/www.koupeltech.com\/wp-content\/uploads\/2026\/SK0022551-CZ20260425-092328-0-1777080210-1240100-1_163030.webp","type":"image\/webp"}],"twitter_card":"summary_large_image","twitter_misc":{"Odhadovan\u00e1 doba \u010dten\u00ed":"3 minuty"},"schema":{"@context":"https:\/\/schema.org","@graph":[{"@type":"WebPage","@id":"https:\/\/www.koupeltech.com\/index.php\/produkt\/gardena-9032-20-cerpadlo-pro-cistou-vodu-11000-cenova-bomba-6893\/","url":"https:\/\/www.koupeltech.com\/index.php\/produkt\/gardena-9032-20-cerpadlo-pro-cistou-vodu-11000-cenova-bomba-6893\/","name":"Gardena 9032-20 \u010derpadlo pro \u010distou vodu 11000 Cenov\u00e1 Bomba -","isPartOf":{"@id":"https:\/\/www.koupeltech.com\/#website"},"primaryImageOfPage":{"@id":"https:\/\/www.koupeltech.com\/index.php\/produkt\/gardena-9032-20-cerpadlo-pro-cistou-vodu-11000-cenova-bomba-6893\/#primaryimage"},"image":{"@id":"https:\/\/www.koupeltech.com\/index.php\/produkt\/gardena-9032-20-cerpadlo-pro-cistou-vodu-11000-cenova-bomba-6893\/#primaryimage"},"thumbnailUrl":"https:\/\/www.koupeltech.com\/wp-content\/uploads\/2026\/SK0022551-CZ20260425-092328-0-1777080210-1240100-1_163030.webp","datePublished":"2026-04-27T13:56:52+00:00","breadcrumb":{"@id":"https:\/\/www.koupeltech.com\/index.php\/produkt\/gardena-9032-20-cerpadlo-pro-cistou-vodu-11000-cenova-bomba-6893\/#breadcrumb"},"inLanguage":"cs","potentialAction":[{"@type":"ReadAction","target":["https:\/\/www.koupeltech.com\/index.php\/produkt\/gardena-9032-20-cerpadlo-pro-cistou-vodu-11000-cenova-bomba-6893\/"]}]},{"@type":"ImageObject","inLanguage":"cs","@id":"https:\/\/www.koupeltech.com\/index.php\/produkt\/gardena-9032-20-cerpadlo-pro-cistou-vodu-11000-cenova-bomba-6893\/#primaryimage","url":"https:\/\/www.koupeltech.com\/wp-content\/uploads\/2026\/SK0022551-CZ20260425-092328-0-1777080210-1240100-1_163030.webp","contentUrl":"https:\/\/www.koupeltech.com\/wp-content\/uploads\/2026\/SK0022551-CZ20260425-092328-0-1777080210-1240100-1_163030.webp","width":340,"height":411},{"@type":"BreadcrumbList","@id":"https:\/\/www.koupeltech.com\/index.php\/produkt\/gardena-9032-20-cerpadlo-pro-cistou-vodu-11000-cenova-bomba-6893\/#breadcrumb","itemListElement":[{"@type":"ListItem","position":1,"name":"Home","item":"https:\/\/www.koupeltech.com\/"},{"@type":"ListItem","position":2,"name":"Products","item":"https:\/\/www.koupeltech.com\/index.php\/products\/"},{"@type":"ListItem","position":3,"name":"Gardena 9032-20 \u010derpadlo pro \u010distou vodu 11000 Cenov\u00e1 Bomba"}]},{"@type":"WebSite","@id":"https:\/\/www.koupeltech.com\/#website","url":"https:\/\/www.koupeltech.com\/","name":"","description":"","potentialAction":[{"@type":"SearchAction","target":{"@type":"EntryPoint","urlTemplate":"https:\/\/www.koupeltech.com\/?s={search_term_string}"},"query-input":{"@type":"PropertyValueSpecification","valueRequired":true,"valueName":"search_term_string"}}],"inLanguage":"cs"}]}},"_links":{"self":[{"href":"https:\/\/www.koupeltech.com\/index.php\/wp-json\/wp\/v2\/product\/6893","targetHints":{"allow":["GET"]}}],"collection":[{"href":"https:\/\/www.koupeltech.com\/index.php\/wp-json\/wp\/v2\/product"}],"about":[{"href":"https:\/\/www.koupeltech.com\/index.php\/wp-json\/wp\/v2\/types\/product"}],"replies":[{"embeddable":true,"href":"https:\/\/www.koupeltech.com\/index.php\/wp-json\/wp\/v2\/comments?post=6893"}],"wp:featuredmedia":[{"embeddable":true,"href":"https:\/\/www.koupeltech.com\/index.php\/wp-json\/wp\/v2\/media\/6993"}],"wp:attachment":[{"href":"https:\/\/www.koupeltech.com\/index.php\/wp-json\/wp\/v2\/media?parent=6893"}],"wp:term":[{"taxonomy":"product_brand","embeddable":true,"href":"https:\/\/www.koupeltech.com\/index.php\/wp-json\/wp\/v2\/product_brand?post=6893"},{"taxonomy":"product_cat","embeddable":true,"href":"https:\/\/www.koupeltech.com\/index.php\/wp-json\/wp\/v2\/product_cat?post=6893"},{"taxonomy":"product_tag","embeddable":true,"href":"https:\/\/www.koupeltech.com\/index.php\/wp-json\/wp\/v2\/product_tag?post=6893"}],"curies":[{"name":"wp","href":"https:\/\/api.w.org\/{rel}","templated":true}]}}