{"id":6895,"date":"2026-04-27T13:56:52","date_gmt":"2026-04-27T13:56:52","guid":{"rendered":""},"modified":"2026-04-27T13:56:52","modified_gmt":"2026-04-27T13:56:52","slug":"gardena-9036-20-cerpadlo-pro-cistou-vodu-17000-aquasensor-casove-omezene-6895","status":"publish","type":"product","link":"https:\/\/www.koupeltech.com\/index.php\/produkt\/gardena-9036-20-cerpadlo-pro-cistou-vodu-17000-aquasensor-casove-omezene-6895\/","title":{"rendered":"Gardena 9036-20 \u010derpadlo pro \u010distou vodu 17000 Aquasensor \u010casov\u011b Omezen\u00e9"},"content":{"rendered":"<table>\n<div class=\"tab-pane active product-description\" id=\"popis\" role=\"tabpanel\">\n<div class=\"short-description\" itemprop=\"description\"><\/div>\n<div class=\"description\">\n<p>\u25ba Extr\u00e9mn\u011b \u00fa\u010dinn\u00e9 d\u00edky modern\u00edm technologi\u00edm<span class=\"bullet-line\">Modern\u00ed GARDENA \u010derpadlo pro \u010distou vodu 17000 Aquasensor nab\u00edz\u00ed v\u00fdkon 750 W, maxim\u00e1ln\u00ed v\u00fdkon 17000 litr\u016f za hodinu a p\u016fsobivou \u00fa\u010dinnost.<\/span><\/p>\n<p>\u25ba Inovativn\u00ed syst\u00e9m Aquasensor<span class=\"bullet-line\">D\u00edky Aquasensoru pracuje ponorn\u00e9 \u010derpadlo i v \u00fazk\u00fdch \u0161acht\u00e1ch a krom\u011b p\u0159esn\u011b nastaviteln\u00fdch v\u00fd\u0161ek zapnut\u00ed a vypnut\u00ed nab\u00edz\u00ed \u0159adu dal\u0161\u00edch inovativn\u00edch, sebeochrann\u00fdch a u\u017eite\u010dn\u00fdch funkc\u00ed.<\/span><\/p>\n<p>\u25ba V\u00fdkonn\u00e9, flexibiln\u00ed a univerz\u00e1ln\u00ed<span class=\"bullet-line\">S maxim\u00e1ln\u00ed dopravn\u00ed v\u00fd\u0161kou 9 m p\u0159i tlaku 0,9 baru je \u010derpadlo obzvl\u00e1\u0161t\u011b v\u00fdkonn\u00e9 a vhodn\u00e9 pro r\u016fzn\u00e9 aplikace.&nbsp;<\/span><br \/><span class=\"bullet-line\">Umo\u017e\u0148uje praktick\u00e9 plo\u0161n\u00e9 nas\u00e1v\u00e1n\u00ed a\u017e do 1 mm.<\/span><\/p>\n<p>\u25ba Trvanliv\u00e9, bezpe\u010dn\u00e9 a vodot\u011bsn\u00e9<span class=\"bullet-line\">Kryt z nerezov\u00e9 oceli a h\u0159\u00eddel motoru s keramick\u00fdm povlakem a trojit\u00fdm t\u011bsn\u011bn\u00edm s olejovou komorou zaji\u0161\u0165uj\u00ed maxim\u00e1ln\u00ed bezpe\u010dnost a trvanlivost.<\/span><\/p>\n<p>\u25ba GARDENA syst\u00e9m snadn\u00e9ho p\u0159ipojen\u00ed hadice<span class=\"bullet-line\">Ponorn\u00e9 \u010derpadlo pro \u010distou vodu 11000 Aquasensor umo\u017e\u0148uje flexibiln\u00ed p\u0159ipojen\u00ed hadic o pr\u016fm\u011bru 32 mm (1 \u00bc&#8220;), 38 mm (1 \u00bd&#8220;) nebo 50 mm (2&#8243;) a dal\u0161\u00ed mo\u017enosti p\u0159ipojen\u00edm pomoc\u00ed z\u00e1vitu G1 \u00bd&#8220;.<\/span><\/p>\n<p>\u25ba V\u00fdkonn\u00e9 a velmi \u00fa\u010dinn\u00e9 ponorn\u00e9 \u010derpadlo na \u010distou vodu s modern\u00edm Aquasensorem<span class=\"bullet-line\">\u010cerpadlo pro \u010distou vodu 17000 Aquasensor zna\u010dky GARDENA, p\u0159edn\u00ed zna\u010dky pro vysoce kvalitn\u00ed a modern\u00ed zahradn\u00ed n\u00e1\u0159ad\u00ed v Evrop\u011b s v\u00edce ne\u017e 40let\u00fdmi zku\u0161enostmi v oblasti odvod\u0148ov\u00e1n\u00ed, zavla\u017eov\u00e1n\u00ed a z\u00e1sobov\u00e1n\u00ed dom\u00e1cnosti vodou.<\/span><br \/><span class=\"bullet-line\">Poci\u0165te s\u00edlu \u010derpadel GARDENA s t\u00edmto extr\u00e9mn\u011b v\u00fdkonn\u00fdm a \u00fa\u010dinn\u00fdm ponorn\u00fdm \u010derpadlem s \u0159adou inovativn\u00edch funkc\u00ed.&nbsp;<\/span><br \/><span class=\"bullet-line\">M\u00e1te zaplaven\u00fd sklep z d\u016fvodu prosakuj\u00edc\u00ed podzemn\u00ed vody nebo vyte\u010den\u00e9 pra\u010dky?&nbsp;<\/span><br \/><span class=\"bullet-line\">Mus\u00edte p\u0159ed zimou vy\u010derpat de\u0161\u0165ovou vodu ze sud\u016f?&nbsp;<\/span><br \/><span class=\"bullet-line\">Hled\u00e1te \u00fa\u010dinn\u00e9 odvod\u0148ovac\u00ed \u010derpadlo pro vypou\u0161t\u011bn\u00ed baz\u00e9nu?<\/span><br \/><span class=\"bullet-line\">V t\u011bchto konkr\u00e9tn\u00edch p\u0159\u00edpadech nebo v mnoha dal\u0161\u00edch mo\u017en\u00fdch sc\u00e9n\u00e1\u0159\u00edch se toto energeticky \u00fasporn\u00e9 a zvl\u00e1\u0161t\u011b v\u00fdkonn\u00e9 \u010derpadlo osv\u011bd\u010d\u00ed jako z\u00e1sadn\u00ed dopln\u011bk do va\u0161\u00ed sady p\u0159\u00edstroj\u016f pro dom\u00e1cnost a zahradu.&nbsp;<\/span><br \/><span class=\"bullet-line\">\u010cerpadlo na \u010distou vodu 17000 Aquasensor m\u00e1 v\u00fdkon 750 W a vy\u010derp\u00e1 a\u017e 17 000 litr\u016f \u010dist\u00e9 nebo m\u00edrn\u011b zne\u010di\u0161t\u011bn\u00e9 vody za hodinu p\u0159i tlaku 0,9 bar a maxim\u00e1ln\u00ed dopravn\u00ed v\u00fd\u0161ce a\u017e 9 m.<\/span><br \/><span class=\"bullet-line\">S plo\u0161n\u00fdm nas\u00e1v\u00e1n\u00edm do pouh\u00e9ho 1 mm z\u016fstane va\u0161e podlaha t\u00e9m\u011b\u0159 such\u00e1, zbytkovou vodu sta\u010d\u00ed pouze set\u0159\u00edt hadrem.&nbsp;<\/span><br \/><span class=\"bullet-line\">Jedn\u00e1 se skute\u010dn\u011b o vysoce v\u00fdkonn\u00e9 \u010derpadlo s n\u00edzkou spot\u0159ebou energie.&nbsp;<\/span><br \/><span class=\"bullet-line\">To, d\u00edky \u010demu GARDENA \u010derpadlo na \u010distou vodu 17000 Aquasensor vynik\u00e1 oproti b\u011b\u017en\u00fdm ponorn\u00fdm \u010derpadl\u016fm na \u010distou vodu, jsou modern\u00ed a inovativn\u00ed funkce, kter\u00e9 poskytuje digit\u00e1ln\u00ed LED Aquasensor.&nbsp;<\/span><br \/><span class=\"bullet-line\">Tato inovace umo\u017e\u0148uje pou\u017eit\u00ed v \u00fazk\u00fdch prostorech a v\u00fd\u0161ku zapnut\u00ed a vypnut\u00ed \u010derpadla lze p\u0159esn\u011b nastavit pomoc\u00ed dotykov\u00e9ho ovl\u00e1d\u00e1n\u00ed.&nbsp;<\/span><br \/><span class=\"bullet-line\">Nap\u0159\u00edklad m\u016f\u017ee za\u010d\u00edt automaticky b\u011b\u017eet od hladiny vody pouh\u00fdch 5 mm &#8211; ide\u00e1ln\u00ed pro ochranu sklep\u016f p\u0159ed povodn\u011bmi.&nbsp;<\/span><br \/><span class=\"bullet-line\">Aquasensor m\u011b\u0159\u00ed aktu\u00e1ln\u00ed hladinu vody bez p\u0159\u00edm\u00e9ho kontaktu a zobrazuje hodnotu pomoc\u00ed snadno \u010diteln\u00fdch LED.&nbsp;<\/span><br \/><span class=\"bullet-line\">Nechyb\u00ed ani u\u017eite\u010dn\u00e1 funkce \u010dasova\u010de a intuitivn\u00ed dotykov\u00e9 ovl\u00e1d\u00e1n\u00ed.&nbsp;<\/span><br \/><span class=\"bullet-line\">Aquasensor eliminuje riziko chodu \u010derpadla nasucho a chr\u00e1n\u00ed jej t\u00edm p\u0159ed mo\u017en\u00fdm po\u0161kozen\u00edm.&nbsp;<\/span><br \/><span class=\"bullet-line\">To, co na v\u00e1s zap\u016fsob\u00ed, nen\u00ed pouze vnit\u0159n\u00ed fungov\u00e1n\u00ed a vlastn\u00ed ochrann\u00e9 technologie GARDENA \u010derpadla pro \u010distou vodu 17000 Aquasensor.&nbsp;<\/span><br \/><span class=\"bullet-line\">Vn\u011bj\u0161\u00ed pl\u00e1\u0161\u0165 je \u0161pi\u010dkov\u00fd z hlediska odolnosti a designu.&nbsp;<\/span><br \/><span class=\"bullet-line\">Pl\u00e1\u0161\u0165 z nerezov\u00e9 oceli nejen dob\u0159e vypad\u00e1, ale tak\u00e9 \u00fa\u010dinn\u011b chr\u00e1n\u00ed \u010derpadlo p\u0159ed vn\u011bj\u0161\u00edm po\u0161kozen\u00edm.&nbsp;<\/span><br \/><span class=\"bullet-line\">H\u0159\u00eddel motoru m\u00e1 pro je\u0161t\u011b v\u011bt\u0161\u00ed odolnost keramick\u00fd povlak s trojit\u00fdm t\u011bsn\u011bn\u00edm v\u010detn\u011b olejov\u00e9 komory.&nbsp;<\/span><br \/><span class=\"bullet-line\">Krom\u011b toho m\u00e1 ponorn\u00e9 \u010derpadlo stejn\u011b u\u017eite\u010dnou zabudovanou funkci pro maxim\u00e1ln\u00ed pr\u016ftok nebo zastaven\u00ed p\u0159ed chodem nasucho.&nbsp;<\/span><br \/><span class=\"bullet-line\">Snadno pou\u017eiteln\u00e9 patky pro zv\u00fd\u0161en\u00ed pr\u016ftoku mohou \u010derpadlo zvednout, pokud nen\u00ed nutn\u00e9 plo\u0161n\u00e9 s\u00e1n\u00ed pro zv\u00fd\u0161en\u00ed v\u00fdkonu \u010derpadla.&nbsp;<\/span><br \/><span class=\"bullet-line\">Samoz\u0159ejm\u011b lze k \u010derpadlu d\u00edky nov\u00e9mu snadn\u00e9mu syst\u00e9mu p\u0159ipojen\u00ed hadic GARDENA p\u0159ipojit hadice r\u016fzn\u00fdch velikost\u00ed.&nbsp;<\/span><br \/><span class=\"bullet-line\">T\u00edm se st\u00e1v\u00e1 pou\u017eit\u00ed tohoto \u010derpadla je\u0161t\u011b v\u0161estrann\u011bj\u0161\u00ed a snadn\u011bj\u0161\u00ed.&nbsp;<\/span><br \/><span class=\"bullet-line\">\u010cerpadlo pro \u010distou vodu 17000 s inovativn\u00edm Aquasensorem zna\u010dky GARDENA je funk\u010dn\u00ed, intuitivn\u00ed a snadno ovladateln\u00e9.<\/span><\/p>\n<\/div>\n<div class=\"parameters\">\n<tr>\n<td>Jmenovit\u00fd v\u00fdkon, W<\/td>\n<td>750 W<\/td>\n<\/tr>\n<tr>\n<td>Maxim\u00e1ln\u00ed v\u00fdtla\u010dn\u00e1 kapacita<\/td>\n<td>17000 l\/h<\/td>\n<\/tr>\n<tr>\n<td>Maxim\u00e1ln\u00ed tlak<\/td>\n<td>0.9 bar<\/td>\n<\/tr>\n<tr>\n<td>Maxim\u00e1ln\u00ed hloubka ponoru<\/td>\n<td>7 m<\/td>\n<\/tr>\n<tr>\n<td>Maxim\u00e1ln\u00ed v\u00fdtla\u010dn\u00e1 v\u00fd\u0161ka<\/td>\n<td>9 m<\/td>\n<\/tr>\n<tr>\n<td>Maxim\u00e1ln\u00ed teplota \u010derpan\u00e9ho m\u00e9dia<\/td>\n<td>35 \u00b0C<\/td>\n<\/tr>\n<tr>\n<td>D\u00e9lka kabelu<\/td>\n<td>10 m<\/td>\n<\/tr>\n<tr>\n<td>Typ nap\u00e1jec\u00edho kabelu<\/td>\n<td>H07 RNF<\/td>\n<\/tr>\n<tr>\n<td>Elektrick\u00e1 ochrann\u00e1 t\u0159\u00edda<\/td>\n<td>IP X8<\/td>\n<\/tr><\/div>\n<\/table>\n","protected":false},"excerpt":{"rendered":"<p>\u25ba Extr\u00e9mn\u011b \u00fa\u010dinn\u00e9 d\u00edky modern\u00edm technologi\u00edmModern\u00ed GARDENA \u010derpadlo pro \u010distou vodu 17000 Aquasensor nab\u00edz\u00ed v\u00fdkon 750 W, maxim\u00e1ln\u00ed v\u00fdkon 17000 litr\u016f za hodinu a p\u016fsobivou \u00fa\u010dinnost. \u25ba Inovativn\u00ed syst\u00e9m AquasensorD\u00edky Aquasensoru pracuje ponorn\u00e9 \u010derpadlo i v \u00fazk\u00fdch \u0161acht\u00e1ch a krom\u011b p\u0159esn\u011b nastaviteln\u00fdch v\u00fd\u0161ek zapnut\u00ed a vypnut\u00ed nab\u00edz\u00ed \u0159adu dal\u0161\u00edch inovativn\u00edch, sebeochrann\u00fdch a u\u017eite\u010dn\u00fdch funkc\u00ed. \u25ba [&hellip;]<\/p>\n","protected":false},"featured_media":6995,"comment_status":"open","ping_status":"open","template":"","meta":[],"product_brand":[],"product_cat":[44],"product_tag":[],"class_list":{"0":"post-6895","1":"product","2":"type-product","3":"status-publish","4":"has-post-thumbnail","6":"product_cat-zahrada","8":"first","9":"instock","10":"sale","11":"shipping-taxable","12":"purchasable","13":"product-type-simple"},"yoast_head":"<!-- This site is optimized with the Yoast SEO plugin v26.8 - https:\/\/yoast.com\/product\/yoast-seo-wordpress\/ -->\n<title>Gardena 9036-20 \u010derpadlo pro \u010distou vodu 17000 Aquasensor \u010casov\u011b Omezen\u00e9 -<\/title>\n<meta name=\"robots\" content=\"index, follow, max-snippet:-1, max-image-preview:large, max-video-preview:-1\" \/>\n<link rel=\"canonical\" href=\"https:\/\/www.koupeltech.com\/index.php\/produkt\/gardena-9036-20-cerpadlo-pro-cistou-vodu-17000-aquasensor-casove-omezene-6895\/\" \/>\n<meta property=\"og:locale\" content=\"cs_CZ\" \/>\n<meta property=\"og:type\" content=\"article\" \/>\n<meta property=\"og:title\" content=\"Gardena 9036-20 \u010derpadlo pro \u010distou vodu 17000 Aquasensor \u010casov\u011b Omezen\u00e9 -\" \/>\n<meta property=\"og:description\" content=\"\u25ba Extr\u00e9mn\u011b \u00fa\u010dinn\u00e9 d\u00edky modern\u00edm technologi\u00edmModern\u00ed GARDENA \u010derpadlo pro \u010distou vodu 17000 Aquasensor nab\u00edz\u00ed v\u00fdkon 750 W, maxim\u00e1ln\u00ed v\u00fdkon 17000 litr\u016f za hodinu a p\u016fsobivou \u00fa\u010dinnost. \u25ba Inovativn\u00ed syst\u00e9m AquasensorD\u00edky Aquasensoru pracuje ponorn\u00e9 \u010derpadlo i v \u00fazk\u00fdch \u0161acht\u00e1ch a krom\u011b p\u0159esn\u011b nastaviteln\u00fdch v\u00fd\u0161ek zapnut\u00ed a vypnut\u00ed nab\u00edz\u00ed \u0159adu dal\u0161\u00edch inovativn\u00edch, sebeochrann\u00fdch a u\u017eite\u010dn\u00fdch funkc\u00ed. \u25ba [&hellip;]\" \/>\n<meta property=\"og:url\" content=\"https:\/\/www.koupeltech.com\/index.php\/produkt\/gardena-9036-20-cerpadlo-pro-cistou-vodu-17000-aquasensor-casove-omezene-6895\/\" \/>\n<meta property=\"og:image\" content=\"https:\/\/www.koupeltech.com\/wp-content\/uploads\/2026\/SK0022553-CZ20260425-092328-0-1777080210-1240102-1_163230.webp\" \/>\n\t<meta property=\"og:image:width\" content=\"340\" \/>\n\t<meta property=\"og:image:height\" content=\"507\" \/>\n\t<meta property=\"og:image:type\" content=\"image\/webp\" \/>\n<meta name=\"twitter:card\" content=\"summary_large_image\" \/>\n<meta name=\"twitter:label1\" content=\"Odhadovan\u00e1 doba \u010dten\u00ed\" \/>\n\t<meta name=\"twitter:data1\" content=\"4 minuty\" \/>\n<script type=\"application\/ld+json\" class=\"yoast-schema-graph\">{\"@context\":\"https:\/\/schema.org\",\"@graph\":[{\"@type\":\"WebPage\",\"@id\":\"https:\/\/www.koupeltech.com\/index.php\/produkt\/gardena-9036-20-cerpadlo-pro-cistou-vodu-17000-aquasensor-casove-omezene-6895\/\",\"url\":\"https:\/\/www.koupeltech.com\/index.php\/produkt\/gardena-9036-20-cerpadlo-pro-cistou-vodu-17000-aquasensor-casove-omezene-6895\/\",\"name\":\"Gardena 9036-20 \u010derpadlo pro \u010distou vodu 17000 Aquasensor \u010casov\u011b Omezen\u00e9 -\",\"isPartOf\":{\"@id\":\"https:\/\/www.koupeltech.com\/#website\"},\"primaryImageOfPage\":{\"@id\":\"https:\/\/www.koupeltech.com\/index.php\/produkt\/gardena-9036-20-cerpadlo-pro-cistou-vodu-17000-aquasensor-casove-omezene-6895\/#primaryimage\"},\"image\":{\"@id\":\"https:\/\/www.koupeltech.com\/index.php\/produkt\/gardena-9036-20-cerpadlo-pro-cistou-vodu-17000-aquasensor-casove-omezene-6895\/#primaryimage\"},\"thumbnailUrl\":\"https:\/\/www.koupeltech.com\/wp-content\/uploads\/2026\/SK0022553-CZ20260425-092328-0-1777080210-1240102-1_163230.webp\",\"datePublished\":\"2026-04-27T13:56:52+00:00\",\"breadcrumb\":{\"@id\":\"https:\/\/www.koupeltech.com\/index.php\/produkt\/gardena-9036-20-cerpadlo-pro-cistou-vodu-17000-aquasensor-casove-omezene-6895\/#breadcrumb\"},\"inLanguage\":\"cs\",\"potentialAction\":[{\"@type\":\"ReadAction\",\"target\":[\"https:\/\/www.koupeltech.com\/index.php\/produkt\/gardena-9036-20-cerpadlo-pro-cistou-vodu-17000-aquasensor-casove-omezene-6895\/\"]}]},{\"@type\":\"ImageObject\",\"inLanguage\":\"cs\",\"@id\":\"https:\/\/www.koupeltech.com\/index.php\/produkt\/gardena-9036-20-cerpadlo-pro-cistou-vodu-17000-aquasensor-casove-omezene-6895\/#primaryimage\",\"url\":\"https:\/\/www.koupeltech.com\/wp-content\/uploads\/2026\/SK0022553-CZ20260425-092328-0-1777080210-1240102-1_163230.webp\",\"contentUrl\":\"https:\/\/www.koupeltech.com\/wp-content\/uploads\/2026\/SK0022553-CZ20260425-092328-0-1777080210-1240102-1_163230.webp\",\"width\":340,\"height\":507},{\"@type\":\"BreadcrumbList\",\"@id\":\"https:\/\/www.koupeltech.com\/index.php\/produkt\/gardena-9036-20-cerpadlo-pro-cistou-vodu-17000-aquasensor-casove-omezene-6895\/#breadcrumb\",\"itemListElement\":[{\"@type\":\"ListItem\",\"position\":1,\"name\":\"Home\",\"item\":\"https:\/\/www.koupeltech.com\/\"},{\"@type\":\"ListItem\",\"position\":2,\"name\":\"Products\",\"item\":\"https:\/\/www.koupeltech.com\/index.php\/products\/\"},{\"@type\":\"ListItem\",\"position\":3,\"name\":\"Gardena 9036-20 \u010derpadlo pro \u010distou vodu 17000 Aquasensor \u010casov\u011b Omezen\u00e9\"}]},{\"@type\":\"WebSite\",\"@id\":\"https:\/\/www.koupeltech.com\/#website\",\"url\":\"https:\/\/www.koupeltech.com\/\",\"name\":\"\",\"description\":\"\",\"potentialAction\":[{\"@type\":\"SearchAction\",\"target\":{\"@type\":\"EntryPoint\",\"urlTemplate\":\"https:\/\/www.koupeltech.com\/?s={search_term_string}\"},\"query-input\":{\"@type\":\"PropertyValueSpecification\",\"valueRequired\":true,\"valueName\":\"search_term_string\"}}],\"inLanguage\":\"cs\"}]}<\/script>\n<!-- \/ Yoast SEO plugin. -->","yoast_head_json":{"title":"Gardena 9036-20 \u010derpadlo pro \u010distou vodu 17000 Aquasensor \u010casov\u011b Omezen\u00e9 -","robots":{"index":"index","follow":"follow","max-snippet":"max-snippet:-1","max-image-preview":"max-image-preview:large","max-video-preview":"max-video-preview:-1"},"canonical":"https:\/\/www.koupeltech.com\/index.php\/produkt\/gardena-9036-20-cerpadlo-pro-cistou-vodu-17000-aquasensor-casove-omezene-6895\/","og_locale":"cs_CZ","og_type":"article","og_title":"Gardena 9036-20 \u010derpadlo pro \u010distou vodu 17000 Aquasensor \u010casov\u011b Omezen\u00e9 -","og_description":"\u25ba Extr\u00e9mn\u011b \u00fa\u010dinn\u00e9 d\u00edky modern\u00edm technologi\u00edmModern\u00ed GARDENA \u010derpadlo pro \u010distou vodu 17000 Aquasensor nab\u00edz\u00ed v\u00fdkon 750 W, maxim\u00e1ln\u00ed v\u00fdkon 17000 litr\u016f za hodinu a p\u016fsobivou \u00fa\u010dinnost. \u25ba Inovativn\u00ed syst\u00e9m AquasensorD\u00edky Aquasensoru pracuje ponorn\u00e9 \u010derpadlo i v \u00fazk\u00fdch \u0161acht\u00e1ch a krom\u011b p\u0159esn\u011b nastaviteln\u00fdch v\u00fd\u0161ek zapnut\u00ed a vypnut\u00ed nab\u00edz\u00ed \u0159adu dal\u0161\u00edch inovativn\u00edch, sebeochrann\u00fdch a u\u017eite\u010dn\u00fdch funkc\u00ed. \u25ba [&hellip;]","og_url":"https:\/\/www.koupeltech.com\/index.php\/produkt\/gardena-9036-20-cerpadlo-pro-cistou-vodu-17000-aquasensor-casove-omezene-6895\/","og_image":[{"width":340,"height":507,"url":"https:\/\/www.koupeltech.com\/wp-content\/uploads\/2026\/SK0022553-CZ20260425-092328-0-1777080210-1240102-1_163230.webp","type":"image\/webp"}],"twitter_card":"summary_large_image","twitter_misc":{"Odhadovan\u00e1 doba \u010dten\u00ed":"4 minuty"},"schema":{"@context":"https:\/\/schema.org","@graph":[{"@type":"WebPage","@id":"https:\/\/www.koupeltech.com\/index.php\/produkt\/gardena-9036-20-cerpadlo-pro-cistou-vodu-17000-aquasensor-casove-omezene-6895\/","url":"https:\/\/www.koupeltech.com\/index.php\/produkt\/gardena-9036-20-cerpadlo-pro-cistou-vodu-17000-aquasensor-casove-omezene-6895\/","name":"Gardena 9036-20 \u010derpadlo pro \u010distou vodu 17000 Aquasensor \u010casov\u011b Omezen\u00e9 -","isPartOf":{"@id":"https:\/\/www.koupeltech.com\/#website"},"primaryImageOfPage":{"@id":"https:\/\/www.koupeltech.com\/index.php\/produkt\/gardena-9036-20-cerpadlo-pro-cistou-vodu-17000-aquasensor-casove-omezene-6895\/#primaryimage"},"image":{"@id":"https:\/\/www.koupeltech.com\/index.php\/produkt\/gardena-9036-20-cerpadlo-pro-cistou-vodu-17000-aquasensor-casove-omezene-6895\/#primaryimage"},"thumbnailUrl":"https:\/\/www.koupeltech.com\/wp-content\/uploads\/2026\/SK0022553-CZ20260425-092328-0-1777080210-1240102-1_163230.webp","datePublished":"2026-04-27T13:56:52+00:00","breadcrumb":{"@id":"https:\/\/www.koupeltech.com\/index.php\/produkt\/gardena-9036-20-cerpadlo-pro-cistou-vodu-17000-aquasensor-casove-omezene-6895\/#breadcrumb"},"inLanguage":"cs","potentialAction":[{"@type":"ReadAction","target":["https:\/\/www.koupeltech.com\/index.php\/produkt\/gardena-9036-20-cerpadlo-pro-cistou-vodu-17000-aquasensor-casove-omezene-6895\/"]}]},{"@type":"ImageObject","inLanguage":"cs","@id":"https:\/\/www.koupeltech.com\/index.php\/produkt\/gardena-9036-20-cerpadlo-pro-cistou-vodu-17000-aquasensor-casove-omezene-6895\/#primaryimage","url":"https:\/\/www.koupeltech.com\/wp-content\/uploads\/2026\/SK0022553-CZ20260425-092328-0-1777080210-1240102-1_163230.webp","contentUrl":"https:\/\/www.koupeltech.com\/wp-content\/uploads\/2026\/SK0022553-CZ20260425-092328-0-1777080210-1240102-1_163230.webp","width":340,"height":507},{"@type":"BreadcrumbList","@id":"https:\/\/www.koupeltech.com\/index.php\/produkt\/gardena-9036-20-cerpadlo-pro-cistou-vodu-17000-aquasensor-casove-omezene-6895\/#breadcrumb","itemListElement":[{"@type":"ListItem","position":1,"name":"Home","item":"https:\/\/www.koupeltech.com\/"},{"@type":"ListItem","position":2,"name":"Products","item":"https:\/\/www.koupeltech.com\/index.php\/products\/"},{"@type":"ListItem","position":3,"name":"Gardena 9036-20 \u010derpadlo pro \u010distou vodu 17000 Aquasensor \u010casov\u011b Omezen\u00e9"}]},{"@type":"WebSite","@id":"https:\/\/www.koupeltech.com\/#website","url":"https:\/\/www.koupeltech.com\/","name":"","description":"","potentialAction":[{"@type":"SearchAction","target":{"@type":"EntryPoint","urlTemplate":"https:\/\/www.koupeltech.com\/?s={search_term_string}"},"query-input":{"@type":"PropertyValueSpecification","valueRequired":true,"valueName":"search_term_string"}}],"inLanguage":"cs"}]}},"_links":{"self":[{"href":"https:\/\/www.koupeltech.com\/index.php\/wp-json\/wp\/v2\/product\/6895","targetHints":{"allow":["GET"]}}],"collection":[{"href":"https:\/\/www.koupeltech.com\/index.php\/wp-json\/wp\/v2\/product"}],"about":[{"href":"https:\/\/www.koupeltech.com\/index.php\/wp-json\/wp\/v2\/types\/product"}],"replies":[{"embeddable":true,"href":"https:\/\/www.koupeltech.com\/index.php\/wp-json\/wp\/v2\/comments?post=6895"}],"wp:featuredmedia":[{"embeddable":true,"href":"https:\/\/www.koupeltech.com\/index.php\/wp-json\/wp\/v2\/media\/6995"}],"wp:attachment":[{"href":"https:\/\/www.koupeltech.com\/index.php\/wp-json\/wp\/v2\/media?parent=6895"}],"wp:term":[{"taxonomy":"product_brand","embeddable":true,"href":"https:\/\/www.koupeltech.com\/index.php\/wp-json\/wp\/v2\/product_brand?post=6895"},{"taxonomy":"product_cat","embeddable":true,"href":"https:\/\/www.koupeltech.com\/index.php\/wp-json\/wp\/v2\/product_cat?post=6895"},{"taxonomy":"product_tag","embeddable":true,"href":"https:\/\/www.koupeltech.com\/index.php\/wp-json\/wp\/v2\/product_tag?post=6895"}],"curies":[{"name":"wp","href":"https:\/\/api.w.org\/{rel}","templated":true}]}}