{"id":6896,"date":"2026-04-27T13:56:52","date_gmt":"2026-04-27T13:56:52","guid":{"rendered":""},"modified":"2026-04-27T13:56:52","modified_gmt":"2026-04-27T13:56:52","slug":"gardena-9042-20-kalove-cerpadlo-16000-pouze-dnes-6896","status":"publish","type":"product","link":"https:\/\/www.koupeltech.com\/index.php\/produkt\/gardena-9042-20-kalove-cerpadlo-16000-pouze-dnes-6896\/","title":{"rendered":"Gardena 9042-20 kalov\u00e9 \u010derpadlo 16000 Pouze Dnes"},"content":{"rendered":"<table>\n<div class=\"tab-pane active product-description\" id=\"popis\" role=\"tabpanel\">\n<div class=\"short-description\" itemprop=\"description\"><\/div>\n<div class=\"description\">\u25ba Automatick\u00e9 \u0159\u00edzen\u00ed<span class='bullet-line'>Plov\u00e1kov\u00fd sp\u00edna\u010d zaji\u0161\u0165uje automatick\u00e9 zapnut\u00ed \u010derpadla p\u0159i p\u0159ekro\u010den\u00ed ur\u010dit\u00e9 hladiny. <br \/><\/span><span class='bullet-line'>Pokud hladina klesne, \u010derpadlo se automaticky znovu vypne.<br \/><\/span><span class='bullet-line'>V\u00fd\u0161ku zapnut\u00ed a vypnut\u00ed lze individu\u00e1ln\u011b nastavit zasunut\u00edm plov\u00e1kov\u00e9ho sp\u00edna\u010de do jedn\u00e9 ze t\u0159\u00ed r\u016fzn\u00fdch v\u00fd\u0161ek na t\u011blese \u010derpadla.<br \/><\/span><br \/>\u25ba Trval\u00fd manu\u00e1ln\u00ed provoz<span class='bullet-line'>Vlo\u017een\u00edm plov\u00e1kov\u00e9ho sp\u00edna\u010de do t\u011blesa \u010derpadla lze \u010derpadlo nastavit na nep\u0159etr\u017eit\u00fd manu\u00e1ln\u00ed provoz.<br \/><\/span><br \/>\u25ba Poznejte s\u00edlu \u010derpadel GARDENA<span class='bullet-line'>A\u0165 u\u017e v zahradn\u00edch jez\u00edrk\u00e1ch nebo stavebn\u00edch j\u00edmk\u00e1ch poskytuje ponorn\u00e9 kalov\u00e9 \u010derpadlo 16000 velmi vysokou \u00fa\u010dinnost s v\u00fdkonem 450 W p\u0159i maxim\u00e1ln\u00edm pr\u016ftoku 16000 litr\u016f za hodinu a v\u00fdtla\u010dnou v\u00fd\u0161ku 7 m p\u0159i tlaku 0,7 baru. <br \/><\/span><span class='bullet-line'>Zvl\u00e1dne vy\u010derpat zne\u010di\u0161t\u011bnou vodu s \u010d\u00e1sticemi o velikosti a\u017e 35 mm.<br \/><\/span><br \/>\u25ba Prvot\u0159\u00eddn\u00ed design a kvalitn\u00ed materi\u00e1ly<span class='bullet-line'>Kalen\u00e1 h\u0159\u00eddel s dvojit\u00fdm t\u011bsn\u011bn\u00edm zaji\u0161\u0165uje velmi dobrou pevnost a dlouhou \u017eivotnost \u010derpadla.<br \/><\/span><br \/>\u25ba Syst\u00e9m snadn\u00e9ho p\u0159ipojen\u00ed hadice<span class='bullet-line'>Ponorn\u00e9 kalov\u00e9 \u010derpadlo disponuje nov\u00fdm syst\u00e9mem snadn\u00e9ho p\u0159ipojen\u00ed hadic GARDENA, kter\u00fd umo\u017e\u0148uje flexibiln\u00ed p\u0159ipojen\u00ed hadic o pr\u016fm\u011bru 25 (1&#8243;), 32 (1 \u00bc&#8220;) a 38 mm (1 \u00bd&#8220;) a p\u0159ipojen\u00ed pomoc\u00ed z\u00e1vitu G1&#8243; nebo G1 \u00bd&#8220; nab\u00edz\u00ed dal\u0161\u00ed mo\u017enosti p\u0159ipojen\u00ed pouh\u00fdm kliknut\u00edm.<br \/><\/span><br \/>\u25ba V\u00fdkonn\u00e9, flexibiln\u00ed a univerz\u00e1ln\u00ed<span class='bullet-line'>Chytr\u00e1 konstrukce rukojeti je praktick\u00e1 p\u0159i p\u0159en\u00e1\u0161en\u00ed, rovn\u011b\u017e slou\u017e\u00ed k navinut\u00ed kabelu a jako dr\u017e\u00e1k kabelu; je dokonale um\u00edst\u011bn\u00e1 v t\u011b\u017ei\u0161ti \u010derpadla.<br \/><\/span><br \/>\u25ba \u00da\u010dinn\u00e9 a v\u0161estrann\u00e9 ponorn\u00e9 \u010derpadlo pro odvod\u0148ov\u00e1n\u00ed a \u010derp\u00e1n\u00ed zne\u010di\u0161t\u011bn\u00e9 vody<span class='bullet-line'>Za\u017eijte s\u00edlu \u010derpadel GARDENA. <br \/><\/span><span class='bullet-line'>Ponorn\u00e9 kalov\u00e9 \u010derpadlo 16000 zna\u010dky GARDENA, renomovan\u00e9 zahradn\u00ed zna\u010dky s v\u00edce ne\u017e 40let\u00fdmi zku\u0161enostmi v oblasti odvod\u0148ov\u00e1n\u00ed, zavla\u017eov\u00e1n\u00ed a z\u00e1sobov\u00e1n\u00ed dom\u00e1cnosti u\u017eitkovou vodou, si v ka\u017ed\u00e9m ohledu zaslou\u017e\u00ed va\u0161i pozornost. <br \/><\/span><span class='bullet-line'>Ponorn\u00e9 \u010derpadlo je pro v\u00e1s tou pravou volbou v p\u0159\u00edpad\u011b zaplaven\u00e9ho sklepa po povodn\u00edch nebo prasknut\u00e9m potrub\u00ed.<br \/><\/span><span class='bullet-line'>A tak\u00e9 v p\u0159\u00edpadech, \u017ee se stavebn\u00ed j\u00e1my po siln\u00fdch de\u0161t\u00edch napln\u00ed \u0161pinavou vodou nebo se va\u0161e zahradn\u00ed jez\u00edrko mus\u00ed znovu od\u010derpat, se uk\u00e1zalo, \u017ee je to mocn\u00fd n\u00e1stroj pro od\u010derp\u00e1v\u00e1n\u00ed ne\u017e\u00e1douc\u00ed a zne\u010di\u0161t\u011bn\u00e9 vody. <br \/><\/span><span class='bullet-line'>Toto vizu\u00e1ln\u011b atraktivn\u00ed a modern\u00ed \u010derpadlo je velmi v\u00fdkonn\u00e9 a obzvl\u00e1\u0161t\u011b \u00fa\u010dinn\u00e9, je vybaveno motorem o v\u00fdkonu 450 W, kter\u00fd poskytuje vysok\u00fd v\u00fdkon p\u0159i n\u00edzk\u00e9 spot\u0159eb\u011b energie. <br \/><\/span><span class='bullet-line'>V kombinaci s maxim\u00e1ln\u00ed dopravn\u00ed v\u00fd\u0161kou 7 m a tlakem 0,7 bar m\u016f\u017ee energeticky \u00fasporn\u00e9 ponorn\u00e9 kalov\u00e9 \u010derpadlo vy\u010derpat a\u017e 16 000 litr\u016f vody za hodinu. <br \/><\/span><span class='bullet-line'>Bez probl\u00e9m\u016f zvl\u00e1dne ve\u0161ker\u00e9 ne\u010distoty a\u017e do velikosti 35 mm obsa\u017een\u00e9 ve vod\u011b. <br \/><\/span><span class='bullet-line'>D\u00edky inovativn\u00ed technologii vlastn\u00ed ochrany z\u016fst\u00e1v\u00e1 ponorn\u00e9 kalov\u00e9 \u010derpadlo 16000 GARDENA absolutn\u011b bezpe\u010dn\u00e9 a stabiln\u00ed po celou dobu provozu. <br \/><\/span><span class='bullet-line'>Tomu p\u0159isp\u00edv\u00e1 nejen inteligentn\u00ed design, rovn\u011b\u017e tak\u00e9 vynikaj\u00edc\u00ed v\u00fdrobn\u00ed a kvalitn\u00ed materi\u00e1ly, v\u010detn\u011b prvk\u016f z nerezov\u00e9 oceli a trvanliv\u00e9 keramick\u00e9 h\u0159\u00eddele s trojit\u00fdm t\u011bsn\u011bn\u00edm. <br \/><\/span><span class='bullet-line'>Budete ohromeni jeho flexibilitou a univerz\u00e1lnost\u00ed. <br \/><\/span><span class='bullet-line'>\u010cerpadlo lze p\u0159ipojit p\u0159\u00edmo k hadic\u00edm r\u016fzn\u00fdch pr\u016fm\u011br\u016f, nap\u0159\u00edklad 25 (1&#8243;), 32 (1 \u00bc&#8220;) a 38 mm (1 \u00bd&#8220;) pomoc\u00ed nov\u00e9ho syst\u00e9mu p\u0159ipojen\u00ed hadic GARDENA, kter\u00fd umo\u017e\u0148uje snadn\u00e9 p\u0159ipojen\u00ed na jedno kliknut\u00ed. <br \/><\/span><span class='bullet-line'>Voliteln\u00fd z\u00e1vit G1 &#8222;nebo G1 \u00bd&#8220; otev\u00edr\u00e1 je\u0161t\u011b v\u00edce mo\u017enost\u00ed p\u0159ipojen\u00ed pro efektivn\u00ed a bezpe\u010dn\u00fd provoz \u010derpadla. <br \/><\/span><span class='bullet-line'>S GARDENA ponorn\u00fdm kalov\u00fdm \u010derpadlem 16000 se stanou probl\u00e9my s od\u010derp\u00e1v\u00e1n\u00edm vody ze zahradn\u00edch jez\u00edrek nebo zatopen\u00fdch stavebn\u00edch jam kone\u010dn\u011b minulost\u00ed.<\/span><\/div>\n<div class=\"parameters\">\n<tr>\n<td>Jmenovit\u00fd v\u00fdkon, W<\/td>\n<td>450 W<\/td>\n<\/tr>\n<tr>\n<td>Maxim\u00e1ln\u00ed v\u00fdtla\u010dn\u00e1 kapacita<\/td>\n<td>16000 l\/h<\/td>\n<\/tr>\n<tr>\n<td>Maxim\u00e1ln\u00ed tlak<\/td>\n<td>0.7 bar<\/td>\n<\/tr>\n<tr>\n<td>Maxim\u00e1ln\u00ed hloubka ponoru<\/td>\n<td>7 m<\/td>\n<\/tr>\n<tr>\n<td>Maxim\u00e1ln\u00ed v\u00fdtla\u010dn\u00e1 v\u00fd\u0161ka<\/td>\n<td>7 m<\/td>\n<\/tr>\n<tr>\n<td>Maxim\u00e1ln\u00ed teplota \u010derpan\u00e9ho m\u00e9dia<\/td>\n<td>35 \u00b0C<\/td>\n<\/tr>\n<tr>\n<td>D\u00e9lka kabelu<\/td>\n<td>10 m<\/td>\n<\/tr>\n<tr>\n<td>Typ nap\u00e1jec\u00edho kabelu<\/td>\n<td>H05 RNF<\/td>\n<\/tr>\n<tr>\n<td>Elektrick\u00e1 ochrann\u00e1 t\u0159\u00edda<\/td>\n<td>IP X8<\/td>\n<\/tr><\/div>\n<\/table>\n","protected":false},"excerpt":{"rendered":"<p>\u25ba Automatick\u00e9 \u0159\u00edzen\u00edPlov\u00e1kov\u00fd sp\u00edna\u010d zaji\u0161\u0165uje automatick\u00e9 zapnut\u00ed \u010derpadla p\u0159i p\u0159ekro\u010den\u00ed ur\u010dit\u00e9 hladiny. Pokud hladina klesne, \u010derpadlo se automaticky znovu vypne.V\u00fd\u0161ku zapnut\u00ed a vypnut\u00ed lze individu\u00e1ln\u011b nastavit zasunut\u00edm plov\u00e1kov\u00e9ho sp\u00edna\u010de do jedn\u00e9 ze t\u0159\u00ed r\u016fzn\u00fdch v\u00fd\u0161ek na t\u011blese \u010derpadla.\u25ba Trval\u00fd manu\u00e1ln\u00ed provozVlo\u017een\u00edm plov\u00e1kov\u00e9ho sp\u00edna\u010de do t\u011blesa \u010derpadla lze \u010derpadlo nastavit na nep\u0159etr\u017eit\u00fd manu\u00e1ln\u00ed provoz.\u25ba Poznejte s\u00edlu [&hellip;]<\/p>\n","protected":false},"featured_media":6996,"comment_status":"open","ping_status":"open","template":"","meta":[],"product_brand":[],"product_cat":[44],"product_tag":[],"class_list":{"0":"post-6896","1":"product","2":"type-product","3":"status-publish","4":"has-post-thumbnail","6":"product_cat-zahrada","8":"first","9":"instock","10":"sale","11":"shipping-taxable","12":"purchasable","13":"product-type-simple"},"yoast_head":"<!-- This site is optimized with the Yoast SEO plugin v26.8 - https:\/\/yoast.com\/product\/yoast-seo-wordpress\/ -->\n<title>Gardena 9042-20 kalov\u00e9 \u010derpadlo 16000 Pouze Dnes -<\/title>\n<meta name=\"robots\" content=\"index, follow, max-snippet:-1, max-image-preview:large, max-video-preview:-1\" \/>\n<link rel=\"canonical\" href=\"https:\/\/www.koupeltech.com\/index.php\/produkt\/gardena-9042-20-kalove-cerpadlo-16000-pouze-dnes-6896\/\" \/>\n<meta property=\"og:locale\" content=\"cs_CZ\" \/>\n<meta property=\"og:type\" content=\"article\" \/>\n<meta property=\"og:title\" content=\"Gardena 9042-20 kalov\u00e9 \u010derpadlo 16000 Pouze Dnes -\" \/>\n<meta property=\"og:description\" content=\"\u25ba Automatick\u00e9 \u0159\u00edzen\u00edPlov\u00e1kov\u00fd sp\u00edna\u010d zaji\u0161\u0165uje automatick\u00e9 zapnut\u00ed \u010derpadla p\u0159i p\u0159ekro\u010den\u00ed ur\u010dit\u00e9 hladiny. Pokud hladina klesne, \u010derpadlo se automaticky znovu vypne.V\u00fd\u0161ku zapnut\u00ed a vypnut\u00ed lze individu\u00e1ln\u011b nastavit zasunut\u00edm plov\u00e1kov\u00e9ho sp\u00edna\u010de do jedn\u00e9 ze t\u0159\u00ed r\u016fzn\u00fdch v\u00fd\u0161ek na t\u011blese \u010derpadla.\u25ba Trval\u00fd manu\u00e1ln\u00ed provozVlo\u017een\u00edm plov\u00e1kov\u00e9ho sp\u00edna\u010de do t\u011blesa \u010derpadla lze \u010derpadlo nastavit na nep\u0159etr\u017eit\u00fd manu\u00e1ln\u00ed provoz.\u25ba Poznejte s\u00edlu [&hellip;]\" \/>\n<meta property=\"og:url\" content=\"https:\/\/www.koupeltech.com\/index.php\/produkt\/gardena-9042-20-kalove-cerpadlo-16000-pouze-dnes-6896\/\" \/>\n<meta property=\"og:image\" content=\"https:\/\/www.koupeltech.com\/wp-content\/uploads\/2026\/SK0022554-CZ20260425-092328-0-1777080210-1240104-1_163430.webp\" \/>\n\t<meta property=\"og:image:width\" content=\"340\" \/>\n\t<meta property=\"og:image:height\" content=\"411\" \/>\n\t<meta property=\"og:image:type\" content=\"image\/webp\" \/>\n<meta name=\"twitter:card\" content=\"summary_large_image\" \/>\n<meta name=\"twitter:label1\" content=\"Odhadovan\u00e1 doba \u010dten\u00ed\" \/>\n\t<meta name=\"twitter:data1\" content=\"3 minuty\" \/>\n<script type=\"application\/ld+json\" class=\"yoast-schema-graph\">{\"@context\":\"https:\/\/schema.org\",\"@graph\":[{\"@type\":\"WebPage\",\"@id\":\"https:\/\/www.koupeltech.com\/index.php\/produkt\/gardena-9042-20-kalove-cerpadlo-16000-pouze-dnes-6896\/\",\"url\":\"https:\/\/www.koupeltech.com\/index.php\/produkt\/gardena-9042-20-kalove-cerpadlo-16000-pouze-dnes-6896\/\",\"name\":\"Gardena 9042-20 kalov\u00e9 \u010derpadlo 16000 Pouze Dnes -\",\"isPartOf\":{\"@id\":\"https:\/\/www.koupeltech.com\/#website\"},\"primaryImageOfPage\":{\"@id\":\"https:\/\/www.koupeltech.com\/index.php\/produkt\/gardena-9042-20-kalove-cerpadlo-16000-pouze-dnes-6896\/#primaryimage\"},\"image\":{\"@id\":\"https:\/\/www.koupeltech.com\/index.php\/produkt\/gardena-9042-20-kalove-cerpadlo-16000-pouze-dnes-6896\/#primaryimage\"},\"thumbnailUrl\":\"https:\/\/www.koupeltech.com\/wp-content\/uploads\/2026\/SK0022554-CZ20260425-092328-0-1777080210-1240104-1_163430.webp\",\"datePublished\":\"2026-04-27T13:56:52+00:00\",\"breadcrumb\":{\"@id\":\"https:\/\/www.koupeltech.com\/index.php\/produkt\/gardena-9042-20-kalove-cerpadlo-16000-pouze-dnes-6896\/#breadcrumb\"},\"inLanguage\":\"cs\",\"potentialAction\":[{\"@type\":\"ReadAction\",\"target\":[\"https:\/\/www.koupeltech.com\/index.php\/produkt\/gardena-9042-20-kalove-cerpadlo-16000-pouze-dnes-6896\/\"]}]},{\"@type\":\"ImageObject\",\"inLanguage\":\"cs\",\"@id\":\"https:\/\/www.koupeltech.com\/index.php\/produkt\/gardena-9042-20-kalove-cerpadlo-16000-pouze-dnes-6896\/#primaryimage\",\"url\":\"https:\/\/www.koupeltech.com\/wp-content\/uploads\/2026\/SK0022554-CZ20260425-092328-0-1777080210-1240104-1_163430.webp\",\"contentUrl\":\"https:\/\/www.koupeltech.com\/wp-content\/uploads\/2026\/SK0022554-CZ20260425-092328-0-1777080210-1240104-1_163430.webp\",\"width\":340,\"height\":411},{\"@type\":\"BreadcrumbList\",\"@id\":\"https:\/\/www.koupeltech.com\/index.php\/produkt\/gardena-9042-20-kalove-cerpadlo-16000-pouze-dnes-6896\/#breadcrumb\",\"itemListElement\":[{\"@type\":\"ListItem\",\"position\":1,\"name\":\"Home\",\"item\":\"https:\/\/www.koupeltech.com\/\"},{\"@type\":\"ListItem\",\"position\":2,\"name\":\"Products\",\"item\":\"https:\/\/www.koupeltech.com\/index.php\/products\/\"},{\"@type\":\"ListItem\",\"position\":3,\"name\":\"Gardena 9042-20 kalov\u00e9 \u010derpadlo 16000 Pouze Dnes\"}]},{\"@type\":\"WebSite\",\"@id\":\"https:\/\/www.koupeltech.com\/#website\",\"url\":\"https:\/\/www.koupeltech.com\/\",\"name\":\"\",\"description\":\"\",\"potentialAction\":[{\"@type\":\"SearchAction\",\"target\":{\"@type\":\"EntryPoint\",\"urlTemplate\":\"https:\/\/www.koupeltech.com\/?s={search_term_string}\"},\"query-input\":{\"@type\":\"PropertyValueSpecification\",\"valueRequired\":true,\"valueName\":\"search_term_string\"}}],\"inLanguage\":\"cs\"}]}<\/script>\n<!-- \/ Yoast SEO plugin. -->","yoast_head_json":{"title":"Gardena 9042-20 kalov\u00e9 \u010derpadlo 16000 Pouze Dnes -","robots":{"index":"index","follow":"follow","max-snippet":"max-snippet:-1","max-image-preview":"max-image-preview:large","max-video-preview":"max-video-preview:-1"},"canonical":"https:\/\/www.koupeltech.com\/index.php\/produkt\/gardena-9042-20-kalove-cerpadlo-16000-pouze-dnes-6896\/","og_locale":"cs_CZ","og_type":"article","og_title":"Gardena 9042-20 kalov\u00e9 \u010derpadlo 16000 Pouze Dnes -","og_description":"\u25ba Automatick\u00e9 \u0159\u00edzen\u00edPlov\u00e1kov\u00fd sp\u00edna\u010d zaji\u0161\u0165uje automatick\u00e9 zapnut\u00ed \u010derpadla p\u0159i p\u0159ekro\u010den\u00ed ur\u010dit\u00e9 hladiny. Pokud hladina klesne, \u010derpadlo se automaticky znovu vypne.V\u00fd\u0161ku zapnut\u00ed a vypnut\u00ed lze individu\u00e1ln\u011b nastavit zasunut\u00edm plov\u00e1kov\u00e9ho sp\u00edna\u010de do jedn\u00e9 ze t\u0159\u00ed r\u016fzn\u00fdch v\u00fd\u0161ek na t\u011blese \u010derpadla.\u25ba Trval\u00fd manu\u00e1ln\u00ed provozVlo\u017een\u00edm plov\u00e1kov\u00e9ho sp\u00edna\u010de do t\u011blesa \u010derpadla lze \u010derpadlo nastavit na nep\u0159etr\u017eit\u00fd manu\u00e1ln\u00ed provoz.\u25ba Poznejte s\u00edlu [&hellip;]","og_url":"https:\/\/www.koupeltech.com\/index.php\/produkt\/gardena-9042-20-kalove-cerpadlo-16000-pouze-dnes-6896\/","og_image":[{"width":340,"height":411,"url":"https:\/\/www.koupeltech.com\/wp-content\/uploads\/2026\/SK0022554-CZ20260425-092328-0-1777080210-1240104-1_163430.webp","type":"image\/webp"}],"twitter_card":"summary_large_image","twitter_misc":{"Odhadovan\u00e1 doba \u010dten\u00ed":"3 minuty"},"schema":{"@context":"https:\/\/schema.org","@graph":[{"@type":"WebPage","@id":"https:\/\/www.koupeltech.com\/index.php\/produkt\/gardena-9042-20-kalove-cerpadlo-16000-pouze-dnes-6896\/","url":"https:\/\/www.koupeltech.com\/index.php\/produkt\/gardena-9042-20-kalove-cerpadlo-16000-pouze-dnes-6896\/","name":"Gardena 9042-20 kalov\u00e9 \u010derpadlo 16000 Pouze Dnes -","isPartOf":{"@id":"https:\/\/www.koupeltech.com\/#website"},"primaryImageOfPage":{"@id":"https:\/\/www.koupeltech.com\/index.php\/produkt\/gardena-9042-20-kalove-cerpadlo-16000-pouze-dnes-6896\/#primaryimage"},"image":{"@id":"https:\/\/www.koupeltech.com\/index.php\/produkt\/gardena-9042-20-kalove-cerpadlo-16000-pouze-dnes-6896\/#primaryimage"},"thumbnailUrl":"https:\/\/www.koupeltech.com\/wp-content\/uploads\/2026\/SK0022554-CZ20260425-092328-0-1777080210-1240104-1_163430.webp","datePublished":"2026-04-27T13:56:52+00:00","breadcrumb":{"@id":"https:\/\/www.koupeltech.com\/index.php\/produkt\/gardena-9042-20-kalove-cerpadlo-16000-pouze-dnes-6896\/#breadcrumb"},"inLanguage":"cs","potentialAction":[{"@type":"ReadAction","target":["https:\/\/www.koupeltech.com\/index.php\/produkt\/gardena-9042-20-kalove-cerpadlo-16000-pouze-dnes-6896\/"]}]},{"@type":"ImageObject","inLanguage":"cs","@id":"https:\/\/www.koupeltech.com\/index.php\/produkt\/gardena-9042-20-kalove-cerpadlo-16000-pouze-dnes-6896\/#primaryimage","url":"https:\/\/www.koupeltech.com\/wp-content\/uploads\/2026\/SK0022554-CZ20260425-092328-0-1777080210-1240104-1_163430.webp","contentUrl":"https:\/\/www.koupeltech.com\/wp-content\/uploads\/2026\/SK0022554-CZ20260425-092328-0-1777080210-1240104-1_163430.webp","width":340,"height":411},{"@type":"BreadcrumbList","@id":"https:\/\/www.koupeltech.com\/index.php\/produkt\/gardena-9042-20-kalove-cerpadlo-16000-pouze-dnes-6896\/#breadcrumb","itemListElement":[{"@type":"ListItem","position":1,"name":"Home","item":"https:\/\/www.koupeltech.com\/"},{"@type":"ListItem","position":2,"name":"Products","item":"https:\/\/www.koupeltech.com\/index.php\/products\/"},{"@type":"ListItem","position":3,"name":"Gardena 9042-20 kalov\u00e9 \u010derpadlo 16000 Pouze Dnes"}]},{"@type":"WebSite","@id":"https:\/\/www.koupeltech.com\/#website","url":"https:\/\/www.koupeltech.com\/","name":"","description":"","potentialAction":[{"@type":"SearchAction","target":{"@type":"EntryPoint","urlTemplate":"https:\/\/www.koupeltech.com\/?s={search_term_string}"},"query-input":{"@type":"PropertyValueSpecification","valueRequired":true,"valueName":"search_term_string"}}],"inLanguage":"cs"}]}},"_links":{"self":[{"href":"https:\/\/www.koupeltech.com\/index.php\/wp-json\/wp\/v2\/product\/6896","targetHints":{"allow":["GET"]}}],"collection":[{"href":"https:\/\/www.koupeltech.com\/index.php\/wp-json\/wp\/v2\/product"}],"about":[{"href":"https:\/\/www.koupeltech.com\/index.php\/wp-json\/wp\/v2\/types\/product"}],"replies":[{"embeddable":true,"href":"https:\/\/www.koupeltech.com\/index.php\/wp-json\/wp\/v2\/comments?post=6896"}],"wp:featuredmedia":[{"embeddable":true,"href":"https:\/\/www.koupeltech.com\/index.php\/wp-json\/wp\/v2\/media\/6996"}],"wp:attachment":[{"href":"https:\/\/www.koupeltech.com\/index.php\/wp-json\/wp\/v2\/media?parent=6896"}],"wp:term":[{"taxonomy":"product_brand","embeddable":true,"href":"https:\/\/www.koupeltech.com\/index.php\/wp-json\/wp\/v2\/product_brand?post=6896"},{"taxonomy":"product_cat","embeddable":true,"href":"https:\/\/www.koupeltech.com\/index.php\/wp-json\/wp\/v2\/product_cat?post=6896"},{"taxonomy":"product_tag","embeddable":true,"href":"https:\/\/www.koupeltech.com\/index.php\/wp-json\/wp\/v2\/product_tag?post=6896"}],"curies":[{"name":"wp","href":"https:\/\/api.w.org\/{rel}","templated":true}]}}