{"id":6908,"date":"2026-04-27T13:56:52","date_gmt":"2026-04-27T13:56:52","guid":{"rendered":""},"modified":"2026-04-27T13:56:52","modified_gmt":"2026-04-27T13:56:52","slug":"zlevneny-gardena-11130-30-tlakovy-postrikovac-5-l-akce-6908","status":"publish","type":"product","link":"https:\/\/www.koupeltech.com\/index.php\/produkt\/zlevneny-gardena-11130-30-tlakovy-postrikovac-5-l-akce-6908\/","title":{"rendered":"Zlevn\u011bn\u00fd Gardena 11130-30 tlakov\u00fd post\u0159ikova\u010d 5 l &#8211; akce"},"content":{"rendered":"<table>\n<div class=\"tab-pane active product-description\" id=\"popis\" role=\"tabpanel\">\n<div class=\"short-description\" itemprop=\"description\"><\/div>\n<div class=\"description\">\u25ba N\u00e1\u0161lapy pro pevn\u00fd postoj<span class='bullet-line'>Tlakov\u00fd post\u0159ikova\u010d 5 l Comfort m\u00e1 ergonomick\u00e9 n\u00e1\u0161lapn\u00e9 plochy v\u010detn\u011b ochrany trysky. <\/span><span class='bullet-line'>V kombinaci se \u0161irokou rukojet\u00ed ve tvaru p\u00edsmene D zaji\u0161\u0165uj\u00ed bezpe\u010dn\u00e9 a pevn\u00e9 postaven\u00ed p\u0159i pumpov\u00e1n\u00ed pro vytvo\u0159en\u00ed tlaku i na nerovn\u00e9m povrchu p\u0159i \u010derp\u00e1n\u00ed.<\/span><br \/>\u25ba Praktick\u00e9 p\u0159\u00edslu\u0161enstv\u00ed<span class='bullet-line'>P\u0159ilo\u017een\u00fd nylonov\u00fd filtr lze vlo\u017eit jako p\u0159\u00edslu\u0161enstv\u00ed. <\/span><span class='bullet-line'>Je speci\u00e1ln\u011b navr\u017een pro filtrov\u00e1n\u00ed dom\u00e1c\u00edch roztok\u016f na o\u0161etrov\u00e1n\u00ed rostlin. <\/span><span class='bullet-line'>Zahrnuty jsou tak\u00e9 vhodn\u00e9 recepty na ekologickou a udr\u017eitelnou p\u0159\u00edpravu roztok\u016f.<\/span><br \/>\u25ba V\u0161echno p\u0159ehledn\u011b<span class='bullet-line'>Ode\u010dten\u00ed \u00farovn\u011b jeho napln\u011bn\u00ed je d\u00edky pr\u016fhledn\u00e9mu pruhu velmi snadn\u00e9. <\/span><span class='bullet-line'>Okam\u017eit\u011b tedy v\u00edte, kolik kapaliny je\u0161t\u011b v n\u00e1dob\u011b o objemu 5 l zb\u00fdv\u00e1.<\/span><br \/>\u25ba Flexibiln\u00ed rozpra\u0161ovac\u00ed tryska<span class='bullet-line'>Tryska post\u0159ikovac\u00ed trubky je nejen plynule nastaviteln\u00e1 (od rozpra\u0161ovac\u00ed mlhy po pln\u00fd proud), jej\u00ed rukoje\u0165 m\u00e1 tak\u00e9 dobrou ergonomii a lze ji zaaretovat.<\/span><br \/>\u25ba Jednoduch\u00e9 pln\u011bn\u00ed<span class='bullet-line'>D\u00edky 12 cm \u0161irok\u00e9mu ku\u017eelov\u00e9mu otvoru tlakov\u00e9ho post\u0159ikova\u010de je pln\u011bn\u00ed mnohem jednodu\u0161\u0161\u00ed.<\/span><br \/>\u25ba Bezpe\u010dnost<span class='bullet-line'>Pojistn\u00fd ventil uvol\u0148uje tlak z n\u00e1doby, kdy\u017e je ho p\u0159\u00edli\u0161 mnoho, \u010d\u00edm\u017e je zaru\u010dena bezpe\u010dnost.<\/span><br \/>\u25ba Ochrana<span class='bullet-line'>Sou\u010d\u00e1st\u00ed n\u00e1\u0161lapu je ochrana trysky.<\/span><br \/>\u25ba Ergonomick\u00fd tlakov\u00fd post\u0159ikova\u010d pro p\u00e9\u010di o rostliny. S integrovan\u00fdm ku\u017eelov\u00fdm otvorem pro snadn\u00e9 pln\u011bn\u00ed a n\u00e1\u0161lapy pro pohodln\u00e9 pumpov\u00e1n\u00ed<span class='bullet-line'>S GARDENA tlakov\u00fdm post\u0159ikova\u010dem 5 l Comfort budete dob\u0159e vybaveni pro r\u016fzn\u00e9 \u00fakoly p\u00e9\u010de o rostliny ve va\u0161\u00ed zahrad\u011b. <\/span><span class='bullet-line'>M\u016f\u017eete jej pou\u017e\u00edt k p\u0159esn\u00e9mu o\u0161et\u0159en\u00ed kv\u011btin, ke\u0159\u016f nebo dokonce strom\u016f &#8211; a\u0165 u\u017e k zavla\u017eov\u00e1n\u00ed, hnojen\u00ed nebo ochran\u011b rostlin, chemick\u00e9 nebo p\u0159\u00edrodn\u00ed. <\/span><span class='bullet-line'>Ne\u017e za\u010dnete, zvy\u0161te tlak v 5litrov\u00e9 n\u00e1dob\u011b pumpov\u00e1n\u00edm pomoc\u00ed praktick\u00e9 D-rukojeti. <\/span><span class='bullet-line'>Vzhledem k tomu, \u017ee m\u00e1 z\u00e1sobn\u00edk post\u0159ikova\u010de tak\u00e9 ergonomick\u00e9 n\u00e1\u0161lapn\u00e9 plochy, m\u00e1te p\u0159i pumpov\u00e1n\u00ed v\u017edy pevn\u00fd postoj. <\/span><span class='bullet-line'>Pro v\u00fdrobu vlastn\u00edch ekologick\u00fdch rostlinn\u00fdch o\u0161et\u0159ovac\u00edch p\u0159\u00edpravk\u016f jsou sou\u010d\u00e1st\u00ed dod\u00e1vky recepty a odpov\u00eddaj\u00edc\u00ed nylonov\u00fd filtr. <\/span><span class='bullet-line'>Pomoc\u00ed tohoto filtru lze snadno naplnit post\u0159ikova\u010d v\u00fdluhem z kop\u0159iv na ochranu rostlin p\u0159ed \u0161k\u016fdci, jako jsou m\u0161ice. <\/span><span class='bullet-line'>Proces pln\u011bn\u00ed podstatn\u011b usnad\u0148uje ku\u017eelovit\u00fd otvor o pr\u016fm\u011bru 12 cm. <\/span><span class='bullet-line'>Kdy\u017e si v\u0161e p\u0159iprav\u00edte na post\u0159ik, pou\u017eijte ergonomicky um\u00edst\u011bn\u00fd ramenn\u00ed popruh, d\u00edky kter\u00e9mu je no\u0161en\u00ed post\u0159ikova\u010de pohodln\u00e9. <\/span><span class='bullet-line'>Chcete-li zjistit, kolik je kapaliny v z\u00e1sobn\u00edku, sta\u010d\u00ed se pod\u00edvat na pr\u016fhledn\u00fd prou\u017eek. <\/span><span class='bullet-line'>Post\u0159ikovac\u00ed ty\u010d se velmi dob\u0159e dr\u017e\u00ed a je vybavena areta\u010dn\u00ed funkci, tak\u017ee tlakov\u00fd post\u0159ikova\u010d 5 l Comfort spln\u00ed i v tomto ohledu sv\u016fj n\u00e1zev. <\/span><span class='bullet-line'>S rozpra\u0161ovac\u00edm paprskem a jemnou mlhou m\u00e1te dv\u011b mo\u017enosti v\u00fdb\u011bru proudu pro flexibiln\u011bj\u0161\u00ed o\u0161et\u0159en\u00ed rostlin.<\/span><\/div>\n<div class=\"parameters\">\n<tr>\n<td>Objem<\/td>\n<td>5 l<\/td>\n<\/tr><\/div>\n<\/table>\n","protected":false},"excerpt":{"rendered":"<p>\u25ba N\u00e1\u0161lapy pro pevn\u00fd postojTlakov\u00fd post\u0159ikova\u010d 5 l Comfort m\u00e1 ergonomick\u00e9 n\u00e1\u0161lapn\u00e9 plochy v\u010detn\u011b ochrany trysky. V kombinaci se \u0161irokou rukojet\u00ed ve tvaru p\u00edsmene D zaji\u0161\u0165uj\u00ed bezpe\u010dn\u00e9 a pevn\u00e9 postaven\u00ed p\u0159i pumpov\u00e1n\u00ed pro vytvo\u0159en\u00ed tlaku i na nerovn\u00e9m povrchu p\u0159i \u010derp\u00e1n\u00ed.\u25ba Praktick\u00e9 p\u0159\u00edslu\u0161enstv\u00edP\u0159ilo\u017een\u00fd nylonov\u00fd filtr lze vlo\u017eit jako p\u0159\u00edslu\u0161enstv\u00ed. Je speci\u00e1ln\u011b navr\u017een pro filtrov\u00e1n\u00ed dom\u00e1c\u00edch [&hellip;]<\/p>\n","protected":false},"featured_media":7008,"comment_status":"open","ping_status":"open","template":"","meta":[],"product_brand":[],"product_cat":[44],"product_tag":[],"class_list":{"0":"post-6908","1":"product","2":"type-product","3":"status-publish","4":"has-post-thumbnail","6":"product_cat-zahrada","8":"first","9":"instock","10":"sale","11":"shipping-taxable","12":"purchasable","13":"product-type-simple"},"yoast_head":"<!-- This site is optimized with the Yoast SEO plugin v26.8 - https:\/\/yoast.com\/product\/yoast-seo-wordpress\/ -->\n<title>Zlevn\u011bn\u00fd Gardena 11130-30 tlakov\u00fd post\u0159ikova\u010d 5 l - akce -<\/title>\n<meta name=\"robots\" content=\"index, follow, max-snippet:-1, max-image-preview:large, max-video-preview:-1\" \/>\n<link rel=\"canonical\" href=\"https:\/\/www.koupeltech.com\/index.php\/produkt\/zlevneny-gardena-11130-30-tlakovy-postrikovac-5-l-akce-6908\/\" \/>\n<meta property=\"og:locale\" content=\"cs_CZ\" \/>\n<meta property=\"og:type\" content=\"article\" \/>\n<meta property=\"og:title\" content=\"Zlevn\u011bn\u00fd Gardena 11130-30 tlakov\u00fd post\u0159ikova\u010d 5 l - akce -\" \/>\n<meta property=\"og:description\" content=\"\u25ba N\u00e1\u0161lapy pro pevn\u00fd postojTlakov\u00fd post\u0159ikova\u010d 5 l Comfort m\u00e1 ergonomick\u00e9 n\u00e1\u0161lapn\u00e9 plochy v\u010detn\u011b ochrany trysky. V kombinaci se \u0161irokou rukojet\u00ed ve tvaru p\u00edsmene D zaji\u0161\u0165uj\u00ed bezpe\u010dn\u00e9 a pevn\u00e9 postaven\u00ed p\u0159i pumpov\u00e1n\u00ed pro vytvo\u0159en\u00ed tlaku i na nerovn\u00e9m povrchu p\u0159i \u010derp\u00e1n\u00ed.\u25ba Praktick\u00e9 p\u0159\u00edslu\u0161enstv\u00edP\u0159ilo\u017een\u00fd nylonov\u00fd filtr lze vlo\u017eit jako p\u0159\u00edslu\u0161enstv\u00ed. Je speci\u00e1ln\u011b navr\u017een pro filtrov\u00e1n\u00ed dom\u00e1c\u00edch [&hellip;]\" \/>\n<meta property=\"og:url\" content=\"https:\/\/www.koupeltech.com\/index.php\/produkt\/zlevneny-gardena-11130-30-tlakovy-postrikovac-5-l-akce-6908\/\" \/>\n<meta property=\"og:image\" content=\"https:\/\/www.koupeltech.com\/wp-content\/uploads\/2026\/SK0022566-CZ20260425-092328-0-1777080210-1240118-1_164330.webp\" \/>\n\t<meta property=\"og:image:width\" content=\"222\" \/>\n\t<meta property=\"og:image:height\" content=\"550\" \/>\n\t<meta property=\"og:image:type\" content=\"image\/webp\" \/>\n<meta name=\"twitter:card\" content=\"summary_large_image\" \/>\n<meta name=\"twitter:label1\" content=\"Odhadovan\u00e1 doba \u010dten\u00ed\" \/>\n\t<meta name=\"twitter:data1\" content=\"3 minuty\" \/>\n<script type=\"application\/ld+json\" class=\"yoast-schema-graph\">{\"@context\":\"https:\/\/schema.org\",\"@graph\":[{\"@type\":\"WebPage\",\"@id\":\"https:\/\/www.koupeltech.com\/index.php\/produkt\/zlevneny-gardena-11130-30-tlakovy-postrikovac-5-l-akce-6908\/\",\"url\":\"https:\/\/www.koupeltech.com\/index.php\/produkt\/zlevneny-gardena-11130-30-tlakovy-postrikovac-5-l-akce-6908\/\",\"name\":\"Zlevn\u011bn\u00fd Gardena 11130-30 tlakov\u00fd post\u0159ikova\u010d 5 l - akce -\",\"isPartOf\":{\"@id\":\"https:\/\/www.koupeltech.com\/#website\"},\"primaryImageOfPage\":{\"@id\":\"https:\/\/www.koupeltech.com\/index.php\/produkt\/zlevneny-gardena-11130-30-tlakovy-postrikovac-5-l-akce-6908\/#primaryimage\"},\"image\":{\"@id\":\"https:\/\/www.koupeltech.com\/index.php\/produkt\/zlevneny-gardena-11130-30-tlakovy-postrikovac-5-l-akce-6908\/#primaryimage\"},\"thumbnailUrl\":\"https:\/\/www.koupeltech.com\/wp-content\/uploads\/2026\/SK0022566-CZ20260425-092328-0-1777080210-1240118-1_164330.webp\",\"datePublished\":\"2026-04-27T13:56:52+00:00\",\"breadcrumb\":{\"@id\":\"https:\/\/www.koupeltech.com\/index.php\/produkt\/zlevneny-gardena-11130-30-tlakovy-postrikovac-5-l-akce-6908\/#breadcrumb\"},\"inLanguage\":\"cs\",\"potentialAction\":[{\"@type\":\"ReadAction\",\"target\":[\"https:\/\/www.koupeltech.com\/index.php\/produkt\/zlevneny-gardena-11130-30-tlakovy-postrikovac-5-l-akce-6908\/\"]}]},{\"@type\":\"ImageObject\",\"inLanguage\":\"cs\",\"@id\":\"https:\/\/www.koupeltech.com\/index.php\/produkt\/zlevneny-gardena-11130-30-tlakovy-postrikovac-5-l-akce-6908\/#primaryimage\",\"url\":\"https:\/\/www.koupeltech.com\/wp-content\/uploads\/2026\/SK0022566-CZ20260425-092328-0-1777080210-1240118-1_164330.webp\",\"contentUrl\":\"https:\/\/www.koupeltech.com\/wp-content\/uploads\/2026\/SK0022566-CZ20260425-092328-0-1777080210-1240118-1_164330.webp\",\"width\":222,\"height\":550},{\"@type\":\"BreadcrumbList\",\"@id\":\"https:\/\/www.koupeltech.com\/index.php\/produkt\/zlevneny-gardena-11130-30-tlakovy-postrikovac-5-l-akce-6908\/#breadcrumb\",\"itemListElement\":[{\"@type\":\"ListItem\",\"position\":1,\"name\":\"Home\",\"item\":\"https:\/\/www.koupeltech.com\/\"},{\"@type\":\"ListItem\",\"position\":2,\"name\":\"Products\",\"item\":\"https:\/\/www.koupeltech.com\/index.php\/products\/\"},{\"@type\":\"ListItem\",\"position\":3,\"name\":\"Zlevn\u011bn\u00fd Gardena 11130-30 tlakov\u00fd post\u0159ikova\u010d 5 l &#8211; akce\"}]},{\"@type\":\"WebSite\",\"@id\":\"https:\/\/www.koupeltech.com\/#website\",\"url\":\"https:\/\/www.koupeltech.com\/\",\"name\":\"\",\"description\":\"\",\"potentialAction\":[{\"@type\":\"SearchAction\",\"target\":{\"@type\":\"EntryPoint\",\"urlTemplate\":\"https:\/\/www.koupeltech.com\/?s={search_term_string}\"},\"query-input\":{\"@type\":\"PropertyValueSpecification\",\"valueRequired\":true,\"valueName\":\"search_term_string\"}}],\"inLanguage\":\"cs\"}]}<\/script>\n<!-- \/ Yoast SEO plugin. -->","yoast_head_json":{"title":"Zlevn\u011bn\u00fd Gardena 11130-30 tlakov\u00fd post\u0159ikova\u010d 5 l - akce -","robots":{"index":"index","follow":"follow","max-snippet":"max-snippet:-1","max-image-preview":"max-image-preview:large","max-video-preview":"max-video-preview:-1"},"canonical":"https:\/\/www.koupeltech.com\/index.php\/produkt\/zlevneny-gardena-11130-30-tlakovy-postrikovac-5-l-akce-6908\/","og_locale":"cs_CZ","og_type":"article","og_title":"Zlevn\u011bn\u00fd Gardena 11130-30 tlakov\u00fd post\u0159ikova\u010d 5 l - akce -","og_description":"\u25ba N\u00e1\u0161lapy pro pevn\u00fd postojTlakov\u00fd post\u0159ikova\u010d 5 l Comfort m\u00e1 ergonomick\u00e9 n\u00e1\u0161lapn\u00e9 plochy v\u010detn\u011b ochrany trysky. V kombinaci se \u0161irokou rukojet\u00ed ve tvaru p\u00edsmene D zaji\u0161\u0165uj\u00ed bezpe\u010dn\u00e9 a pevn\u00e9 postaven\u00ed p\u0159i pumpov\u00e1n\u00ed pro vytvo\u0159en\u00ed tlaku i na nerovn\u00e9m povrchu p\u0159i \u010derp\u00e1n\u00ed.\u25ba Praktick\u00e9 p\u0159\u00edslu\u0161enstv\u00edP\u0159ilo\u017een\u00fd nylonov\u00fd filtr lze vlo\u017eit jako p\u0159\u00edslu\u0161enstv\u00ed. Je speci\u00e1ln\u011b navr\u017een pro filtrov\u00e1n\u00ed dom\u00e1c\u00edch [&hellip;]","og_url":"https:\/\/www.koupeltech.com\/index.php\/produkt\/zlevneny-gardena-11130-30-tlakovy-postrikovac-5-l-akce-6908\/","og_image":[{"width":222,"height":550,"url":"https:\/\/www.koupeltech.com\/wp-content\/uploads\/2026\/SK0022566-CZ20260425-092328-0-1777080210-1240118-1_164330.webp","type":"image\/webp"}],"twitter_card":"summary_large_image","twitter_misc":{"Odhadovan\u00e1 doba \u010dten\u00ed":"3 minuty"},"schema":{"@context":"https:\/\/schema.org","@graph":[{"@type":"WebPage","@id":"https:\/\/www.koupeltech.com\/index.php\/produkt\/zlevneny-gardena-11130-30-tlakovy-postrikovac-5-l-akce-6908\/","url":"https:\/\/www.koupeltech.com\/index.php\/produkt\/zlevneny-gardena-11130-30-tlakovy-postrikovac-5-l-akce-6908\/","name":"Zlevn\u011bn\u00fd Gardena 11130-30 tlakov\u00fd post\u0159ikova\u010d 5 l - akce -","isPartOf":{"@id":"https:\/\/www.koupeltech.com\/#website"},"primaryImageOfPage":{"@id":"https:\/\/www.koupeltech.com\/index.php\/produkt\/zlevneny-gardena-11130-30-tlakovy-postrikovac-5-l-akce-6908\/#primaryimage"},"image":{"@id":"https:\/\/www.koupeltech.com\/index.php\/produkt\/zlevneny-gardena-11130-30-tlakovy-postrikovac-5-l-akce-6908\/#primaryimage"},"thumbnailUrl":"https:\/\/www.koupeltech.com\/wp-content\/uploads\/2026\/SK0022566-CZ20260425-092328-0-1777080210-1240118-1_164330.webp","datePublished":"2026-04-27T13:56:52+00:00","breadcrumb":{"@id":"https:\/\/www.koupeltech.com\/index.php\/produkt\/zlevneny-gardena-11130-30-tlakovy-postrikovac-5-l-akce-6908\/#breadcrumb"},"inLanguage":"cs","potentialAction":[{"@type":"ReadAction","target":["https:\/\/www.koupeltech.com\/index.php\/produkt\/zlevneny-gardena-11130-30-tlakovy-postrikovac-5-l-akce-6908\/"]}]},{"@type":"ImageObject","inLanguage":"cs","@id":"https:\/\/www.koupeltech.com\/index.php\/produkt\/zlevneny-gardena-11130-30-tlakovy-postrikovac-5-l-akce-6908\/#primaryimage","url":"https:\/\/www.koupeltech.com\/wp-content\/uploads\/2026\/SK0022566-CZ20260425-092328-0-1777080210-1240118-1_164330.webp","contentUrl":"https:\/\/www.koupeltech.com\/wp-content\/uploads\/2026\/SK0022566-CZ20260425-092328-0-1777080210-1240118-1_164330.webp","width":222,"height":550},{"@type":"BreadcrumbList","@id":"https:\/\/www.koupeltech.com\/index.php\/produkt\/zlevneny-gardena-11130-30-tlakovy-postrikovac-5-l-akce-6908\/#breadcrumb","itemListElement":[{"@type":"ListItem","position":1,"name":"Home","item":"https:\/\/www.koupeltech.com\/"},{"@type":"ListItem","position":2,"name":"Products","item":"https:\/\/www.koupeltech.com\/index.php\/products\/"},{"@type":"ListItem","position":3,"name":"Zlevn\u011bn\u00fd Gardena 11130-30 tlakov\u00fd post\u0159ikova\u010d 5 l &#8211; akce"}]},{"@type":"WebSite","@id":"https:\/\/www.koupeltech.com\/#website","url":"https:\/\/www.koupeltech.com\/","name":"","description":"","potentialAction":[{"@type":"SearchAction","target":{"@type":"EntryPoint","urlTemplate":"https:\/\/www.koupeltech.com\/?s={search_term_string}"},"query-input":{"@type":"PropertyValueSpecification","valueRequired":true,"valueName":"search_term_string"}}],"inLanguage":"cs"}]}},"_links":{"self":[{"href":"https:\/\/www.koupeltech.com\/index.php\/wp-json\/wp\/v2\/product\/6908","targetHints":{"allow":["GET"]}}],"collection":[{"href":"https:\/\/www.koupeltech.com\/index.php\/wp-json\/wp\/v2\/product"}],"about":[{"href":"https:\/\/www.koupeltech.com\/index.php\/wp-json\/wp\/v2\/types\/product"}],"replies":[{"embeddable":true,"href":"https:\/\/www.koupeltech.com\/index.php\/wp-json\/wp\/v2\/comments?post=6908"}],"wp:featuredmedia":[{"embeddable":true,"href":"https:\/\/www.koupeltech.com\/index.php\/wp-json\/wp\/v2\/media\/7008"}],"wp:attachment":[{"href":"https:\/\/www.koupeltech.com\/index.php\/wp-json\/wp\/v2\/media?parent=6908"}],"wp:term":[{"taxonomy":"product_brand","embeddable":true,"href":"https:\/\/www.koupeltech.com\/index.php\/wp-json\/wp\/v2\/product_brand?post=6908"},{"taxonomy":"product_cat","embeddable":true,"href":"https:\/\/www.koupeltech.com\/index.php\/wp-json\/wp\/v2\/product_cat?post=6908"},{"taxonomy":"product_tag","embeddable":true,"href":"https:\/\/www.koupeltech.com\/index.php\/wp-json\/wp\/v2\/product_tag?post=6908"}],"curies":[{"name":"wp","href":"https:\/\/api.w.org\/{rel}","templated":true}]}}