{"id":6941,"date":"2026-04-27T13:56:52","date_gmt":"2026-04-27T13:56:52","guid":{"rendered":""},"modified":"2026-04-27T13:56:52","modified_gmt":"2026-04-27T13:56:52","slug":"super-cena-gardena-14800-20-cistic-aquaclean-18v-rtu-sada-6941","status":"publish","type":"product","link":"https:\/\/www.koupeltech.com\/index.php\/produkt\/super-cena-gardena-14800-20-cistic-aquaclean-18v-rtu-sada-6941\/","title":{"rendered":"Super Cena Gardena 14800-20 \u010disti\u010d AquaClean 18V RtU &#8211; sada"},"content":{"rendered":"<table>\n<div class=\"tab-pane active product-description\" id=\"popis\" role=\"tabpanel\">\n<div class=\"short-description\" itemprop=\"description\"><\/div>\n<div class=\"description\">\u25ba Nastaviteln\u00fd tlak vody a voliteln\u00fd re\u017eim Soft-clean<span class='bullet-line'>Krom\u011b st\u0159edn\u00edho tlaku 24 bar\u016f nab\u00edz\u00ed AquaClean 24\/18V P4A sada k okam\u017eit\u00e9mu pou\u017eit\u00ed dv\u011b dal\u0161\u00ed \u00farovn\u011b tlaku 14 bar\u016f a 9 bar\u016f pro maxim\u00e1ln\u00ed \u00fa\u010dinnost akumul\u00e1toru a dobu provozu. <\/span><span class='bullet-line'>Re\u017eim Soft-clean s tlakem 9 bar\u016f je ide\u00e1ln\u00ed pro jemn\u00e9 p\u0159edm\u011bty.<\/span><br \/>\u25ba Syst\u00e9mov\u00fd akumul\u00e1tor 18V POWER FOR ALL s LED indik\u00e1torem stavu jeho nabit\u00ed<span class='bullet-line'>Vynikaj\u00edc\u00ed doba chodu d\u00edky vym\u011bniteln\u00e9mu Li-Ion 18V akumul\u00e1toru s nab\u00edje\u010dkou. <\/span><span class='bullet-line'>V z\u00e1vislosti na re\u017eimu a nastaven\u00e9m tlaku poskytuje v\u00fdkonn\u00fd dob\u00edjec\u00ed akumul\u00e1tor dostatek energie k \u010di\u0161t\u011bn\u00ed po dobu a\u017e 38 minut. <\/span><span class='bullet-line'>Lze jej pou\u017e\u00edt s jin\u00fdmi kompatibiln\u00edmi n\u00e1stroji z Aliance POWER FOR ALL Sou\u010d\u00e1st\u00ed balen\u00ed je tak\u00e9 vhodn\u00e1 nab\u00edje\u010dka.<\/span><br \/>\u25ba Lehk\u00e1 a ergonomick\u00e1 rukoje\u0165<span class='bullet-line'>Inteligentn\u00ed design, vysoce kvalitn\u00ed ergonomick\u00e1 rukoje\u0165 a n\u00edzk\u00e1 hmotnost pouh\u00fdch 1,5 kg jsou jen n\u011bkter\u00e9 z vlastnost\u00ed, d\u00edky nim\u017e je provoz mobiln\u00edho st\u0159edotlak\u00e9ho \u010disti\u010de obzvl\u00e1\u0161t\u011b pohodln\u00fd a manipulace s n\u00edm snadn\u00e1.<\/span><br \/>\u25ba \u0158ada trysek, automatick\u00e9 s\u00e1n\u00ed a \u0161rouben\u00ed OGS na vodovodn\u00ed kohoutek<span class='bullet-line'>\u00dahel vodn\u00edho paprsku lze nastavit bu\u010f pomoc\u00ed trysky 15\u00b0 nebo 40\u00b0, lze ji tak\u00e9 oto\u010dit o 360\u00b0 vzhledem k trysce. * Tryska 0\u00b0 je ide\u00e1ln\u00ed pro \u010di\u0161t\u011bn\u00ed \u00fazk\u00fdch prostor. <\/span><span class='bullet-line'>D\u00edky automatick\u00e9mu nas\u00e1v\u00e1n\u00ed m\u016f\u017ee tlakov\u00fd \u010disti\u010d \u010derpat vodu z hloubky a\u017e 2 m pomoc\u00ed hadice, kter\u00e1 je sou\u010d\u00e1st\u00ed balen\u00ed.<\/span><br \/>\u25ba K okam\u017eit\u00e9mu pou\u017eit\u00ed d\u00edky praktick\u00e9 sad\u011b s dodate\u010dn\u00fdm p\u0159\u00edslu\u0161enstv\u00edm<span class='bullet-line'>Tato sada Aquaclean p\u0159ipraven\u00e1 k okam\u017eit\u00e9mu pou\u017eit\u00ed obsahuje tlakov\u00fd \u010disti\u010d, v\u00fdkonn\u00fd Li-Ion 18V akumul\u00e1tor a kompatibiln\u00ed nab\u00edje\u010dku. <\/span><span class='bullet-line'>Sou\u010d\u00e1st\u00ed balen\u00ed je nav\u00edc 5 m dlouh\u00e1 hadice s filtrem, plov\u00e1kem a upev\u0148ovac\u00ed sponou, dlouh\u00e1 a kr\u00e1tk\u00e1 tryska a 3 \u010distic\u00ed trysky (0\u00b0, 15\u00b0, 40\u00b0).<\/span><br \/>\u25ba V\u00fdkonn\u00fd, v\u0161estrann\u00fd a mobiln\u00ed tlakov\u00fd \u010disti\u010d d\u00edky vym\u011bniteln\u00e9mu a dob\u00edjec\u00edmu akumul\u00e1torov\u00e9mu syst\u00e9mu<span class='bullet-line'>GARDENA p\u0159edstavuje \u010disti\u010d AquaClean 24\/18V P4A \u2013 sadu p\u0159ipravenou k okam\u017eit\u00e9mu pou\u017eit\u00ed &#8211; vyrobenou speci\u00e1ln\u011b pro v\u00e1s a v\u0161echny dal\u0161\u00ed py\u0161n\u00e9 a v\u00e1\u0161niv\u00e9 majitele dom\u016f a zahrad. <\/span><span class='bullet-line'>Je to v\u00e1\u0161e\u0148 poh\u00e1n\u011bn\u00e1 zna\u010dkou GARDENA. Tento mobiln\u00ed, kompaktn\u00ed a bezkabelov\u00fd st\u0159edotlak\u00fd \u010disti\u010d je dod\u00e1v\u00e1n s \u0159adou p\u0159\u00edslu\u0161enstv\u00ed, tak\u017ee m\u016f\u017eete ihned za\u010d\u00edt. <\/span><span class='bullet-line'>Jeden z nejuniverz\u00e1ln\u011bj\u0161\u00edch tlakov\u00fdch \u010disti\u010d\u016f ve sv\u00e9 t\u0159\u00edd\u011b s LED kontrolkou stavu nabit\u00ed akumul\u00e1toru integrovanou do \u010disti\u010de a 3 nastaven\u00edmi v\u00fdkonu zaji\u0161\u0165uj\u00edc\u00edmi tlak 9, 14 a 24 bar\u016f. Ide\u00e1ln\u00ed pro mnoho \u00fakol\u016f pro tlakov\u00e9 \u010disti\u010de. <\/span><span class='bullet-line'>Pomoc\u00ed nastaven\u00e9ho tlaku 24 bar lze d\u016fkladn\u011b vy\u010distit auta, j\u00edzdn\u00ed kola a odpadkov\u00e9 ko\u0161e. V p\u0159\u00edpad\u011b pot\u0159eby lze tlak sn\u00ed\u017eit na 14 bar\u016f nebo p\u0159epnout do re\u017eimu Soft-Clean. Tento re\u017eim Soft-Clean s tlakem 9 bar je obzvl\u00e1\u0161t\u011b jemn\u00fd a je ur\u010den pro citliv\u00e9 materi\u00e1ly a p\u0159edm\u011bty. <\/span><span class='bullet-line'>Sn\u00ed\u017een\u00fd tlak z\u00e1rove\u0148 prodlu\u017euje dobu chodu dob\u00edjec\u00edho akumul\u00e1toru. V z\u00e1vislosti na provozn\u00edm re\u017eimu je tlakov\u00fd \u010disti\u010d schopen pracovat cca 38, 20 nebo 16 minut. Nov\u00fd st\u0159edotlak\u00fd \u010disti\u010d je poh\u00e1n\u011bn nov\u00fdm 18V akumul\u00e1torov\u00fdm syst\u00e9mem POWER FOR ALL. Aliance POWER FOR ALL je jednou z nejv\u011bt\u0161\u00edch alianc\u00ed p\u0159edn\u00edch sv\u011btov\u00fdch v\u00fdrobc\u016f akumul\u00e1tor\u016f r\u016fzn\u00fdch zna\u010dek a nab\u00edz\u00ed nejr\u016fzn\u011bj\u0161\u00ed mo\u017enosti pou\u017eit\u00ed kolem va\u0161eho domu a na zahrad\u011b. <\/span><span class='bullet-line'>D\u00edky dlouh\u00e9 v\u00fddr\u017ei akumul\u00e1toru m\u016f\u017eete prov\u00e1d\u011bt d\u016fkladn\u00e9 a nep\u0159eru\u0161ovan\u00e9 \u010di\u0161t\u011bn\u00ed. Dob\u00edjec\u00ed akumul\u00e1tor, kter\u00fd je sou\u010d\u00e1st\u00ed sady k okam\u017eit\u00e9mu pou\u017eit\u00ed lze kombinovat s dal\u0161\u00edmi kompatibiln\u00edmi za\u0159\u00edzen\u00edmi v r\u00e1mci Aliance POWER FOR ALL. Akumul\u00e1tor se rychle nabije na kapacitu 18 V a 2,5 Ah. <\/span><span class='bullet-line'>Sada obsahuje t\u0159i r\u016fzn\u00e9 n\u00e1stavce trysek. Trysky se pou\u017e\u00edvaj\u00ed ke zm\u011bn\u011b \u00fahlu st\u0159\u00edk\u00e1n\u00ed na 15\u00b0 nebo 40\u00b0, ka\u017edou trysku lze pro v\u011bt\u0161\u00ed flexibilitu p\u0159i \u010di\u0161t\u011bn\u00ed oto\u010dit o cel\u00fdch 360\u00b0 vzhledem k ty\u010di. Bodov\u00e1 tryska 0\u00b0 je ide\u00e1ln\u00ed pro v\u00fdkonn\u00e9 \u010di\u0161t\u011bn\u00ed v mal\u00fdch z\u00e1kout\u00edch. Podle va\u0161ich po\u017eadavk\u016f je AquaClean kompatibiln\u00ed tak\u00e9 s fouka\u010dem ne\u010distot zna\u010dky GARDENA. <\/span><span class='bullet-line'>Sada obsahuje 5 m dlouhou sac\u00ed hadici s filtrem, plov\u00e1kem a svorkou. P\u0159\u00edvod vody lze p\u0159ipojit k tlakov\u00e9mu \u010disti\u010di prost\u0159ednictv\u00edm \u0161rouben\u00ed na kohoutek OGS. I p\u0159esto, \u017ee nen\u00ed modern\u00ed AquaClean p\u0159ipojen k elektrick\u00e9 s\u00edti, je tak siln\u00fd, \u017ee d\u00edky funkci automatick\u00e9ho s\u00e1n\u00ed s pr\u016ftokem 250 litr\u016f za hodinu m\u016f\u017ee \u010derpat vodu z hloubky a\u017e 2 m. <\/span><span class='bullet-line'>Bez ohledu na to, zda chcete \u010distit auto, j\u00edzdn\u00ed kolo, terasu, okenice domu nebo zahradn\u00ed n\u00e1bytek \u2013 inteligentn\u00ed design, snadn\u00e1 manipulace a n\u00edzk\u00e1 hmotnost pouh\u00fdch 1,5 kg bez akumul\u00e1toru zaji\u0161\u0165uje pohodlnou pr\u00e1ci po dlouhou dobu. <\/span><span class='bullet-line'>Sada k okam\u017eit\u00e9mu pou\u017eit\u00ed AquaClean 24\/18V P4A obsahuje kr\u00e1tkou a dlouhou trysku pro je\u0161t\u011b v\u011bt\u0161\u00ed flexibilitu a lep\u0161\u00ed ergonomii. Se v\u0161emi t\u011bmito prvky v\u00e1m tento adaptivn\u00ed tlakov\u00fd \u010disti\u010d umo\u017e\u0148uje \u010di\u0161t\u011bn\u00ed va\u0161\u00ed zahrady, kola, automobilu nebo zahradn\u00edho n\u00e1bytku s velmi mal\u00fdm \u00fasil\u00edm a bez t\u011b\u017ekop\u00e1dn\u00fdch kabel\u016f.<\/span><\/div>\n<div class=\"parameters\">\n<tr>\n<td>Z\u00e1ruka spole\u010dnosti Gardena<\/td>\n<td>2 roky (3 roky p\u0159i registraci)<\/td>\n<\/tr><\/div>\n<\/table>\n","protected":false},"excerpt":{"rendered":"<p>\u25ba Nastaviteln\u00fd tlak vody a voliteln\u00fd re\u017eim Soft-cleanKrom\u011b st\u0159edn\u00edho tlaku 24 bar\u016f nab\u00edz\u00ed AquaClean 24\/18V P4A sada k okam\u017eit\u00e9mu pou\u017eit\u00ed dv\u011b dal\u0161\u00ed \u00farovn\u011b tlaku 14 bar\u016f a 9 bar\u016f pro maxim\u00e1ln\u00ed \u00fa\u010dinnost akumul\u00e1toru a dobu provozu. Re\u017eim Soft-clean s tlakem 9 bar\u016f je ide\u00e1ln\u00ed pro jemn\u00e9 p\u0159edm\u011bty.\u25ba Syst\u00e9mov\u00fd akumul\u00e1tor 18V POWER FOR ALL s LED [&hellip;]<\/p>\n","protected":false},"featured_media":7041,"comment_status":"open","ping_status":"open","template":"","meta":[],"product_brand":[],"product_cat":[49],"product_tag":[],"class_list":{"0":"post-6941","1":"product","2":"type-product","3":"status-publish","4":"has-post-thumbnail","6":"product_cat-cistici-technika","8":"first","9":"instock","10":"sale","11":"shipping-taxable","12":"purchasable","13":"product-type-simple"},"yoast_head":"<!-- This site is optimized with the Yoast SEO plugin v26.8 - https:\/\/yoast.com\/product\/yoast-seo-wordpress\/ -->\n<title>Super Cena Gardena 14800-20 \u010disti\u010d AquaClean 18V RtU - sada -<\/title>\n<meta name=\"robots\" content=\"index, follow, max-snippet:-1, max-image-preview:large, max-video-preview:-1\" \/>\n<link rel=\"canonical\" href=\"https:\/\/www.koupeltech.com\/index.php\/produkt\/super-cena-gardena-14800-20-cistic-aquaclean-18v-rtu-sada-6941\/\" \/>\n<meta property=\"og:locale\" content=\"cs_CZ\" \/>\n<meta property=\"og:type\" content=\"article\" \/>\n<meta property=\"og:title\" content=\"Super Cena Gardena 14800-20 \u010disti\u010d AquaClean 18V RtU - sada -\" \/>\n<meta property=\"og:description\" content=\"\u25ba Nastaviteln\u00fd tlak vody a voliteln\u00fd re\u017eim Soft-cleanKrom\u011b st\u0159edn\u00edho tlaku 24 bar\u016f nab\u00edz\u00ed AquaClean 24\/18V P4A sada k okam\u017eit\u00e9mu pou\u017eit\u00ed dv\u011b dal\u0161\u00ed \u00farovn\u011b tlaku 14 bar\u016f a 9 bar\u016f pro maxim\u00e1ln\u00ed \u00fa\u010dinnost akumul\u00e1toru a dobu provozu. Re\u017eim Soft-clean s tlakem 9 bar\u016f je ide\u00e1ln\u00ed pro jemn\u00e9 p\u0159edm\u011bty.\u25ba Syst\u00e9mov\u00fd akumul\u00e1tor 18V POWER FOR ALL s LED [&hellip;]\" \/>\n<meta property=\"og:url\" content=\"https:\/\/www.koupeltech.com\/index.php\/produkt\/super-cena-gardena-14800-20-cistic-aquaclean-18v-rtu-sada-6941\/\" \/>\n<meta property=\"og:image\" content=\"https:\/\/www.koupeltech.com\/wp-content\/uploads\/2026\/SK0022599-CZ20260425-092328-0-1777080210-1240153-1_165730.webp\" \/>\n\t<meta property=\"og:image:width\" content=\"668\" \/>\n\t<meta property=\"og:image:height\" content=\"530\" \/>\n\t<meta property=\"og:image:type\" content=\"image\/webp\" \/>\n<meta name=\"twitter:card\" content=\"summary_large_image\" \/>\n<meta name=\"twitter:label1\" content=\"Odhadovan\u00e1 doba \u010dten\u00ed\" \/>\n\t<meta name=\"twitter:data1\" content=\"5 minut\" \/>\n<script type=\"application\/ld+json\" class=\"yoast-schema-graph\">{\"@context\":\"https:\/\/schema.org\",\"@graph\":[{\"@type\":\"WebPage\",\"@id\":\"https:\/\/www.koupeltech.com\/index.php\/produkt\/super-cena-gardena-14800-20-cistic-aquaclean-18v-rtu-sada-6941\/\",\"url\":\"https:\/\/www.koupeltech.com\/index.php\/produkt\/super-cena-gardena-14800-20-cistic-aquaclean-18v-rtu-sada-6941\/\",\"name\":\"Super Cena Gardena 14800-20 \u010disti\u010d AquaClean 18V RtU - sada -\",\"isPartOf\":{\"@id\":\"https:\/\/www.koupeltech.com\/#website\"},\"primaryImageOfPage\":{\"@id\":\"https:\/\/www.koupeltech.com\/index.php\/produkt\/super-cena-gardena-14800-20-cistic-aquaclean-18v-rtu-sada-6941\/#primaryimage\"},\"image\":{\"@id\":\"https:\/\/www.koupeltech.com\/index.php\/produkt\/super-cena-gardena-14800-20-cistic-aquaclean-18v-rtu-sada-6941\/#primaryimage\"},\"thumbnailUrl\":\"https:\/\/www.koupeltech.com\/wp-content\/uploads\/2026\/SK0022599-CZ20260425-092328-0-1777080210-1240153-1_165730.webp\",\"datePublished\":\"2026-04-27T13:56:52+00:00\",\"breadcrumb\":{\"@id\":\"https:\/\/www.koupeltech.com\/index.php\/produkt\/super-cena-gardena-14800-20-cistic-aquaclean-18v-rtu-sada-6941\/#breadcrumb\"},\"inLanguage\":\"cs\",\"potentialAction\":[{\"@type\":\"ReadAction\",\"target\":[\"https:\/\/www.koupeltech.com\/index.php\/produkt\/super-cena-gardena-14800-20-cistic-aquaclean-18v-rtu-sada-6941\/\"]}]},{\"@type\":\"ImageObject\",\"inLanguage\":\"cs\",\"@id\":\"https:\/\/www.koupeltech.com\/index.php\/produkt\/super-cena-gardena-14800-20-cistic-aquaclean-18v-rtu-sada-6941\/#primaryimage\",\"url\":\"https:\/\/www.koupeltech.com\/wp-content\/uploads\/2026\/SK0022599-CZ20260425-092328-0-1777080210-1240153-1_165730.webp\",\"contentUrl\":\"https:\/\/www.koupeltech.com\/wp-content\/uploads\/2026\/SK0022599-CZ20260425-092328-0-1777080210-1240153-1_165730.webp\",\"width\":668,\"height\":530},{\"@type\":\"BreadcrumbList\",\"@id\":\"https:\/\/www.koupeltech.com\/index.php\/produkt\/super-cena-gardena-14800-20-cistic-aquaclean-18v-rtu-sada-6941\/#breadcrumb\",\"itemListElement\":[{\"@type\":\"ListItem\",\"position\":1,\"name\":\"Home\",\"item\":\"https:\/\/www.koupeltech.com\/\"},{\"@type\":\"ListItem\",\"position\":2,\"name\":\"Products\",\"item\":\"https:\/\/www.koupeltech.com\/index.php\/products\/\"},{\"@type\":\"ListItem\",\"position\":3,\"name\":\"Super Cena Gardena 14800-20 \u010disti\u010d AquaClean 18V RtU &#8211; sada\"}]},{\"@type\":\"WebSite\",\"@id\":\"https:\/\/www.koupeltech.com\/#website\",\"url\":\"https:\/\/www.koupeltech.com\/\",\"name\":\"\",\"description\":\"\",\"potentialAction\":[{\"@type\":\"SearchAction\",\"target\":{\"@type\":\"EntryPoint\",\"urlTemplate\":\"https:\/\/www.koupeltech.com\/?s={search_term_string}\"},\"query-input\":{\"@type\":\"PropertyValueSpecification\",\"valueRequired\":true,\"valueName\":\"search_term_string\"}}],\"inLanguage\":\"cs\"}]}<\/script>\n<!-- \/ Yoast SEO plugin. -->","yoast_head_json":{"title":"Super Cena Gardena 14800-20 \u010disti\u010d AquaClean 18V RtU - sada -","robots":{"index":"index","follow":"follow","max-snippet":"max-snippet:-1","max-image-preview":"max-image-preview:large","max-video-preview":"max-video-preview:-1"},"canonical":"https:\/\/www.koupeltech.com\/index.php\/produkt\/super-cena-gardena-14800-20-cistic-aquaclean-18v-rtu-sada-6941\/","og_locale":"cs_CZ","og_type":"article","og_title":"Super Cena Gardena 14800-20 \u010disti\u010d AquaClean 18V RtU - sada -","og_description":"\u25ba Nastaviteln\u00fd tlak vody a voliteln\u00fd re\u017eim Soft-cleanKrom\u011b st\u0159edn\u00edho tlaku 24 bar\u016f nab\u00edz\u00ed AquaClean 24\/18V P4A sada k okam\u017eit\u00e9mu pou\u017eit\u00ed dv\u011b dal\u0161\u00ed \u00farovn\u011b tlaku 14 bar\u016f a 9 bar\u016f pro maxim\u00e1ln\u00ed \u00fa\u010dinnost akumul\u00e1toru a dobu provozu. Re\u017eim Soft-clean s tlakem 9 bar\u016f je ide\u00e1ln\u00ed pro jemn\u00e9 p\u0159edm\u011bty.\u25ba Syst\u00e9mov\u00fd akumul\u00e1tor 18V POWER FOR ALL s LED [&hellip;]","og_url":"https:\/\/www.koupeltech.com\/index.php\/produkt\/super-cena-gardena-14800-20-cistic-aquaclean-18v-rtu-sada-6941\/","og_image":[{"width":668,"height":530,"url":"https:\/\/www.koupeltech.com\/wp-content\/uploads\/2026\/SK0022599-CZ20260425-092328-0-1777080210-1240153-1_165730.webp","type":"image\/webp"}],"twitter_card":"summary_large_image","twitter_misc":{"Odhadovan\u00e1 doba \u010dten\u00ed":"5 minut"},"schema":{"@context":"https:\/\/schema.org","@graph":[{"@type":"WebPage","@id":"https:\/\/www.koupeltech.com\/index.php\/produkt\/super-cena-gardena-14800-20-cistic-aquaclean-18v-rtu-sada-6941\/","url":"https:\/\/www.koupeltech.com\/index.php\/produkt\/super-cena-gardena-14800-20-cistic-aquaclean-18v-rtu-sada-6941\/","name":"Super Cena Gardena 14800-20 \u010disti\u010d AquaClean 18V RtU - sada -","isPartOf":{"@id":"https:\/\/www.koupeltech.com\/#website"},"primaryImageOfPage":{"@id":"https:\/\/www.koupeltech.com\/index.php\/produkt\/super-cena-gardena-14800-20-cistic-aquaclean-18v-rtu-sada-6941\/#primaryimage"},"image":{"@id":"https:\/\/www.koupeltech.com\/index.php\/produkt\/super-cena-gardena-14800-20-cistic-aquaclean-18v-rtu-sada-6941\/#primaryimage"},"thumbnailUrl":"https:\/\/www.koupeltech.com\/wp-content\/uploads\/2026\/SK0022599-CZ20260425-092328-0-1777080210-1240153-1_165730.webp","datePublished":"2026-04-27T13:56:52+00:00","breadcrumb":{"@id":"https:\/\/www.koupeltech.com\/index.php\/produkt\/super-cena-gardena-14800-20-cistic-aquaclean-18v-rtu-sada-6941\/#breadcrumb"},"inLanguage":"cs","potentialAction":[{"@type":"ReadAction","target":["https:\/\/www.koupeltech.com\/index.php\/produkt\/super-cena-gardena-14800-20-cistic-aquaclean-18v-rtu-sada-6941\/"]}]},{"@type":"ImageObject","inLanguage":"cs","@id":"https:\/\/www.koupeltech.com\/index.php\/produkt\/super-cena-gardena-14800-20-cistic-aquaclean-18v-rtu-sada-6941\/#primaryimage","url":"https:\/\/www.koupeltech.com\/wp-content\/uploads\/2026\/SK0022599-CZ20260425-092328-0-1777080210-1240153-1_165730.webp","contentUrl":"https:\/\/www.koupeltech.com\/wp-content\/uploads\/2026\/SK0022599-CZ20260425-092328-0-1777080210-1240153-1_165730.webp","width":668,"height":530},{"@type":"BreadcrumbList","@id":"https:\/\/www.koupeltech.com\/index.php\/produkt\/super-cena-gardena-14800-20-cistic-aquaclean-18v-rtu-sada-6941\/#breadcrumb","itemListElement":[{"@type":"ListItem","position":1,"name":"Home","item":"https:\/\/www.koupeltech.com\/"},{"@type":"ListItem","position":2,"name":"Products","item":"https:\/\/www.koupeltech.com\/index.php\/products\/"},{"@type":"ListItem","position":3,"name":"Super Cena Gardena 14800-20 \u010disti\u010d AquaClean 18V RtU &#8211; sada"}]},{"@type":"WebSite","@id":"https:\/\/www.koupeltech.com\/#website","url":"https:\/\/www.koupeltech.com\/","name":"","description":"","potentialAction":[{"@type":"SearchAction","target":{"@type":"EntryPoint","urlTemplate":"https:\/\/www.koupeltech.com\/?s={search_term_string}"},"query-input":{"@type":"PropertyValueSpecification","valueRequired":true,"valueName":"search_term_string"}}],"inLanguage":"cs"}]}},"_links":{"self":[{"href":"https:\/\/www.koupeltech.com\/index.php\/wp-json\/wp\/v2\/product\/6941","targetHints":{"allow":["GET"]}}],"collection":[{"href":"https:\/\/www.koupeltech.com\/index.php\/wp-json\/wp\/v2\/product"}],"about":[{"href":"https:\/\/www.koupeltech.com\/index.php\/wp-json\/wp\/v2\/types\/product"}],"replies":[{"embeddable":true,"href":"https:\/\/www.koupeltech.com\/index.php\/wp-json\/wp\/v2\/comments?post=6941"}],"wp:featuredmedia":[{"embeddable":true,"href":"https:\/\/www.koupeltech.com\/index.php\/wp-json\/wp\/v2\/media\/7041"}],"wp:attachment":[{"href":"https:\/\/www.koupeltech.com\/index.php\/wp-json\/wp\/v2\/media?parent=6941"}],"wp:term":[{"taxonomy":"product_brand","embeddable":true,"href":"https:\/\/www.koupeltech.com\/index.php\/wp-json\/wp\/v2\/product_brand?post=6941"},{"taxonomy":"product_cat","embeddable":true,"href":"https:\/\/www.koupeltech.com\/index.php\/wp-json\/wp\/v2\/product_cat?post=6941"},{"taxonomy":"product_tag","embeddable":true,"href":"https:\/\/www.koupeltech.com\/index.php\/wp-json\/wp\/v2\/product_tag?post=6941"}],"curies":[{"name":"wp","href":"https:\/\/api.w.org\/{rel}","templated":true}]}}