{"id":69587,"date":"2026-04-27T14:06:34","date_gmt":"2026-04-27T14:06:34","guid":{"rendered":""},"modified":"2026-04-27T14:06:34","modified_gmt":"2026-04-27T14:06:34","slug":"zlevneny-poradac-horni-zasuvky-q70-69587","status":"publish","type":"product","link":"https:\/\/www.koupeltech.com\/index.php\/produkt\/zlevneny-poradac-horni-zasuvky-q70-69587\/","title":{"rendered":"Zlevn\u011bn\u00fd Po\u0159ada\u010d horn\u00ed z\u00e1suvky Q70"},"content":{"rendered":"<div class=\"basic-description\">\n<h3>Detailn\u00ed popis produktu<\/h3>\n<h2>Informace<\/h2>\n<p>Po\u0159ada\u010d horn\u00ed z\u00e1suvky <strong>Q70 <\/strong>pro umyvadlov\u00e9 sk\u0159\u00ed\u0148ky Q MAX, BONO <span>(plat\u00ed pro verze s kulat\u00fdm v\u00fd\u0159ezem prod\u00e1van\u00e9 do 1.10.2022) <\/span>a Q z\u00e1suvkov\u00e9 s umyvadlem Q 70.<\/p>\n<h3><strong>Upozorn\u011bn\u00ed<\/strong><\/h3>\n<p><span>Po\u0159ada\u010d je vyroben\u00fd z olejovan\u00e9 dubov\u00e9 d\u00fdhy a je ur\u010den pouze <strong>pro horn\u00ed z\u00e1suvky<\/strong>.<\/span><\/p>\n<\/p><\/div>\n","protected":false},"excerpt":{"rendered":"<p>Detailn\u00ed popis produktu Informace Po\u0159ada\u010d horn\u00ed z\u00e1suvky Q70 pro umyvadlov\u00e9 sk\u0159\u00ed\u0148ky Q MAX, BONO (plat\u00ed pro verze s kulat\u00fdm v\u00fd\u0159ezem prod\u00e1van\u00e9 do 1.10.2022) a Q z\u00e1suvkov\u00e9 s umyvadlem Q 70. Upozorn\u011bn\u00ed Po\u0159ada\u010d je vyroben\u00fd z olejovan\u00e9 dubov\u00e9 d\u00fdhy a je ur\u010den pouze pro horn\u00ed z\u00e1suvky.<\/p>\n","protected":false},"featured_media":69687,"comment_status":"open","ping_status":"open","template":"","meta":[],"product_brand":[],"product_cat":[84],"product_tag":[],"class_list":{"0":"post-69587","1":"product","2":"type-product","3":"status-publish","4":"has-post-thumbnail","6":"product_cat-koupelny-a-sanitarni-technika","8":"first","9":"instock","10":"sale","11":"shipping-taxable","12":"purchasable","13":"product-type-simple"},"yoast_head":"<!-- This site is optimized with the Yoast SEO plugin v26.8 - https:\/\/yoast.com\/product\/yoast-seo-wordpress\/ -->\n<title>Zlevn\u011bn\u00fd Po\u0159ada\u010d horn\u00ed z\u00e1suvky Q70 -<\/title>\n<meta name=\"robots\" content=\"index, follow, max-snippet:-1, max-image-preview:large, max-video-preview:-1\" \/>\n<link rel=\"canonical\" href=\"https:\/\/www.koupeltech.com\/index.php\/produkt\/zlevneny-poradac-horni-zasuvky-q70-69587\/\" \/>\n<meta property=\"og:locale\" content=\"cs_CZ\" \/>\n<meta property=\"og:type\" content=\"article\" \/>\n<meta property=\"og:title\" content=\"Zlevn\u011bn\u00fd Po\u0159ada\u010d horn\u00ed z\u00e1suvky Q70 -\" \/>\n<meta property=\"og:description\" content=\"Detailn\u00ed popis produktu Informace Po\u0159ada\u010d horn\u00ed z\u00e1suvky Q70 pro umyvadlov\u00e9 sk\u0159\u00ed\u0148ky Q MAX, BONO (plat\u00ed pro verze s kulat\u00fdm v\u00fd\u0159ezem prod\u00e1van\u00e9 do 1.10.2022) a Q z\u00e1suvkov\u00e9 s umyvadlem Q 70. Upozorn\u011bn\u00ed Po\u0159ada\u010d je vyroben\u00fd z olejovan\u00e9 dubov\u00e9 d\u00fdhy a je ur\u010den pouze pro horn\u00ed z\u00e1suvky.\" \/>\n<meta property=\"og:url\" content=\"https:\/\/www.koupeltech.com\/index.php\/produkt\/zlevneny-poradac-horni-zasuvky-q70-69587\/\" \/>\n<meta property=\"og:image\" content=\"https:\/\/www.koupeltech.com\/wp-content\/uploads\/2026\/SK0028803-CZ20260425-093351-0-1777080838-891372_poradac-horni-zasuvky-q70.webp\" \/>\n\t<meta property=\"og:image:width\" content=\"1000\" \/>\n\t<meta property=\"og:image:height\" content=\"750\" \/>\n\t<meta property=\"og:image:type\" content=\"image\/webp\" \/>\n<meta name=\"twitter:card\" content=\"summary_large_image\" \/>\n<script type=\"application\/ld+json\" class=\"yoast-schema-graph\">{\"@context\":\"https:\/\/schema.org\",\"@graph\":[{\"@type\":\"WebPage\",\"@id\":\"https:\/\/www.koupeltech.com\/index.php\/produkt\/zlevneny-poradac-horni-zasuvky-q70-69587\/\",\"url\":\"https:\/\/www.koupeltech.com\/index.php\/produkt\/zlevneny-poradac-horni-zasuvky-q70-69587\/\",\"name\":\"Zlevn\u011bn\u00fd Po\u0159ada\u010d horn\u00ed z\u00e1suvky Q70 -\",\"isPartOf\":{\"@id\":\"https:\/\/www.koupeltech.com\/#website\"},\"primaryImageOfPage\":{\"@id\":\"https:\/\/www.koupeltech.com\/index.php\/produkt\/zlevneny-poradac-horni-zasuvky-q70-69587\/#primaryimage\"},\"image\":{\"@id\":\"https:\/\/www.koupeltech.com\/index.php\/produkt\/zlevneny-poradac-horni-zasuvky-q70-69587\/#primaryimage\"},\"thumbnailUrl\":\"https:\/\/www.koupeltech.com\/wp-content\/uploads\/2026\/SK0028803-CZ20260425-093351-0-1777080838-891372_poradac-horni-zasuvky-q70.webp\",\"datePublished\":\"2026-04-27T14:06:34+00:00\",\"breadcrumb\":{\"@id\":\"https:\/\/www.koupeltech.com\/index.php\/produkt\/zlevneny-poradac-horni-zasuvky-q70-69587\/#breadcrumb\"},\"inLanguage\":\"cs\",\"potentialAction\":[{\"@type\":\"ReadAction\",\"target\":[\"https:\/\/www.koupeltech.com\/index.php\/produkt\/zlevneny-poradac-horni-zasuvky-q70-69587\/\"]}]},{\"@type\":\"ImageObject\",\"inLanguage\":\"cs\",\"@id\":\"https:\/\/www.koupeltech.com\/index.php\/produkt\/zlevneny-poradac-horni-zasuvky-q70-69587\/#primaryimage\",\"url\":\"https:\/\/www.koupeltech.com\/wp-content\/uploads\/2026\/SK0028803-CZ20260425-093351-0-1777080838-891372_poradac-horni-zasuvky-q70.webp\",\"contentUrl\":\"https:\/\/www.koupeltech.com\/wp-content\/uploads\/2026\/SK0028803-CZ20260425-093351-0-1777080838-891372_poradac-horni-zasuvky-q70.webp\",\"width\":1000,\"height\":750},{\"@type\":\"BreadcrumbList\",\"@id\":\"https:\/\/www.koupeltech.com\/index.php\/produkt\/zlevneny-poradac-horni-zasuvky-q70-69587\/#breadcrumb\",\"itemListElement\":[{\"@type\":\"ListItem\",\"position\":1,\"name\":\"Home\",\"item\":\"https:\/\/www.koupeltech.com\/\"},{\"@type\":\"ListItem\",\"position\":2,\"name\":\"Products\",\"item\":\"https:\/\/www.koupeltech.com\/index.php\/products\/\"},{\"@type\":\"ListItem\",\"position\":3,\"name\":\"Zlevn\u011bn\u00fd Po\u0159ada\u010d horn\u00ed z\u00e1suvky Q70\"}]},{\"@type\":\"WebSite\",\"@id\":\"https:\/\/www.koupeltech.com\/#website\",\"url\":\"https:\/\/www.koupeltech.com\/\",\"name\":\"\",\"description\":\"\",\"potentialAction\":[{\"@type\":\"SearchAction\",\"target\":{\"@type\":\"EntryPoint\",\"urlTemplate\":\"https:\/\/www.koupeltech.com\/?s={search_term_string}\"},\"query-input\":{\"@type\":\"PropertyValueSpecification\",\"valueRequired\":true,\"valueName\":\"search_term_string\"}}],\"inLanguage\":\"cs\"}]}<\/script>\n<!-- \/ Yoast SEO plugin. -->","yoast_head_json":{"title":"Zlevn\u011bn\u00fd Po\u0159ada\u010d horn\u00ed z\u00e1suvky Q70 -","robots":{"index":"index","follow":"follow","max-snippet":"max-snippet:-1","max-image-preview":"max-image-preview:large","max-video-preview":"max-video-preview:-1"},"canonical":"https:\/\/www.koupeltech.com\/index.php\/produkt\/zlevneny-poradac-horni-zasuvky-q70-69587\/","og_locale":"cs_CZ","og_type":"article","og_title":"Zlevn\u011bn\u00fd Po\u0159ada\u010d horn\u00ed z\u00e1suvky Q70 -","og_description":"Detailn\u00ed popis produktu Informace Po\u0159ada\u010d horn\u00ed z\u00e1suvky Q70 pro umyvadlov\u00e9 sk\u0159\u00ed\u0148ky Q MAX, BONO (plat\u00ed pro verze s kulat\u00fdm v\u00fd\u0159ezem prod\u00e1van\u00e9 do 1.10.2022) a Q z\u00e1suvkov\u00e9 s umyvadlem Q 70. Upozorn\u011bn\u00ed Po\u0159ada\u010d je vyroben\u00fd z olejovan\u00e9 dubov\u00e9 d\u00fdhy a je ur\u010den pouze pro horn\u00ed z\u00e1suvky.","og_url":"https:\/\/www.koupeltech.com\/index.php\/produkt\/zlevneny-poradac-horni-zasuvky-q70-69587\/","og_image":[{"width":1000,"height":750,"url":"https:\/\/www.koupeltech.com\/wp-content\/uploads\/2026\/SK0028803-CZ20260425-093351-0-1777080838-891372_poradac-horni-zasuvky-q70.webp","type":"image\/webp"}],"twitter_card":"summary_large_image","schema":{"@context":"https:\/\/schema.org","@graph":[{"@type":"WebPage","@id":"https:\/\/www.koupeltech.com\/index.php\/produkt\/zlevneny-poradac-horni-zasuvky-q70-69587\/","url":"https:\/\/www.koupeltech.com\/index.php\/produkt\/zlevneny-poradac-horni-zasuvky-q70-69587\/","name":"Zlevn\u011bn\u00fd Po\u0159ada\u010d horn\u00ed z\u00e1suvky Q70 -","isPartOf":{"@id":"https:\/\/www.koupeltech.com\/#website"},"primaryImageOfPage":{"@id":"https:\/\/www.koupeltech.com\/index.php\/produkt\/zlevneny-poradac-horni-zasuvky-q70-69587\/#primaryimage"},"image":{"@id":"https:\/\/www.koupeltech.com\/index.php\/produkt\/zlevneny-poradac-horni-zasuvky-q70-69587\/#primaryimage"},"thumbnailUrl":"https:\/\/www.koupeltech.com\/wp-content\/uploads\/2026\/SK0028803-CZ20260425-093351-0-1777080838-891372_poradac-horni-zasuvky-q70.webp","datePublished":"2026-04-27T14:06:34+00:00","breadcrumb":{"@id":"https:\/\/www.koupeltech.com\/index.php\/produkt\/zlevneny-poradac-horni-zasuvky-q70-69587\/#breadcrumb"},"inLanguage":"cs","potentialAction":[{"@type":"ReadAction","target":["https:\/\/www.koupeltech.com\/index.php\/produkt\/zlevneny-poradac-horni-zasuvky-q70-69587\/"]}]},{"@type":"ImageObject","inLanguage":"cs","@id":"https:\/\/www.koupeltech.com\/index.php\/produkt\/zlevneny-poradac-horni-zasuvky-q70-69587\/#primaryimage","url":"https:\/\/www.koupeltech.com\/wp-content\/uploads\/2026\/SK0028803-CZ20260425-093351-0-1777080838-891372_poradac-horni-zasuvky-q70.webp","contentUrl":"https:\/\/www.koupeltech.com\/wp-content\/uploads\/2026\/SK0028803-CZ20260425-093351-0-1777080838-891372_poradac-horni-zasuvky-q70.webp","width":1000,"height":750},{"@type":"BreadcrumbList","@id":"https:\/\/www.koupeltech.com\/index.php\/produkt\/zlevneny-poradac-horni-zasuvky-q70-69587\/#breadcrumb","itemListElement":[{"@type":"ListItem","position":1,"name":"Home","item":"https:\/\/www.koupeltech.com\/"},{"@type":"ListItem","position":2,"name":"Products","item":"https:\/\/www.koupeltech.com\/index.php\/products\/"},{"@type":"ListItem","position":3,"name":"Zlevn\u011bn\u00fd Po\u0159ada\u010d horn\u00ed z\u00e1suvky Q70"}]},{"@type":"WebSite","@id":"https:\/\/www.koupeltech.com\/#website","url":"https:\/\/www.koupeltech.com\/","name":"","description":"","potentialAction":[{"@type":"SearchAction","target":{"@type":"EntryPoint","urlTemplate":"https:\/\/www.koupeltech.com\/?s={search_term_string}"},"query-input":{"@type":"PropertyValueSpecification","valueRequired":true,"valueName":"search_term_string"}}],"inLanguage":"cs"}]}},"_links":{"self":[{"href":"https:\/\/www.koupeltech.com\/index.php\/wp-json\/wp\/v2\/product\/69587","targetHints":{"allow":["GET"]}}],"collection":[{"href":"https:\/\/www.koupeltech.com\/index.php\/wp-json\/wp\/v2\/product"}],"about":[{"href":"https:\/\/www.koupeltech.com\/index.php\/wp-json\/wp\/v2\/types\/product"}],"replies":[{"embeddable":true,"href":"https:\/\/www.koupeltech.com\/index.php\/wp-json\/wp\/v2\/comments?post=69587"}],"wp:featuredmedia":[{"embeddable":true,"href":"https:\/\/www.koupeltech.com\/index.php\/wp-json\/wp\/v2\/media\/69687"}],"wp:attachment":[{"href":"https:\/\/www.koupeltech.com\/index.php\/wp-json\/wp\/v2\/media?parent=69587"}],"wp:term":[{"taxonomy":"product_brand","embeddable":true,"href":"https:\/\/www.koupeltech.com\/index.php\/wp-json\/wp\/v2\/product_brand?post=69587"},{"taxonomy":"product_cat","embeddable":true,"href":"https:\/\/www.koupeltech.com\/index.php\/wp-json\/wp\/v2\/product_cat?post=69587"},{"taxonomy":"product_tag","embeddable":true,"href":"https:\/\/www.koupeltech.com\/index.php\/wp-json\/wp\/v2\/product_tag?post=69587"}],"curies":[{"name":"wp","href":"https:\/\/api.w.org\/{rel}","templated":true}]}}