{"id":6972,"date":"2026-04-27T13:56:52","date_gmt":"2026-04-27T13:56:52","guid":{"rendered":""},"modified":"2026-04-27T13:56:52","modified_gmt":"2026-04-27T13:56:52","slug":"akce-klingspor-smt-624-125x22-23-k-60-brusny-lamelovy-talir-6972","status":"publish","type":"product","link":"https:\/\/www.koupeltech.com\/index.php\/produkt\/akce-klingspor-smt-624-125x22-23-k-60-brusny-lamelovy-talir-6972\/","title":{"rendered":"Akce Klingspor SMT 624 125X22,23 (K 60) Brusn\u00fd lamelov\u00fd tal\u00ed\u0159"},"content":{"rendered":"<table>\n<div class=\"tab-pane active product-description\" id=\"popis\" role=\"tabpanel\">\n<div class=\"short-description\" itemprop=\"description\"><\/div>\n<div class=\"description\"><span class='bullet-line'>V\u00fdhody: Agresivn\u00ed brusn\u00fd v\u00fdkon a sou\u010dasn\u011b vysok\u00fd komfort brou\u0161en\u00ed <br \/><\/span><span class='bullet-line'>Univerz\u00e1ln\u00ed pou\u017eit\u00ed pro n\u00e1ro\u010dn\u00e9 brou\u0161en\u00ed v oblasti zpracov\u00e1n\u00ed oceli a nerezov\u00e9 oceli <br \/><\/span><span class='bullet-line'>Optim\u00e1ln\u00ed \u00fab\u011br p\u0159i pou\u017eit\u00ed na v\u00fdkonn\u00fdch \u00fahlov\u00fdch brusk\u00e1ch<br \/><\/span><br \/>\u25ba Optimalizovan\u00fd v\u00fdkon<span class='bullet-line'>Pou\u017eit\u00e9 brusn\u00e9 prost\u0159edky byly vyvinuty tak\u00e9 pro pou\u017eit\u00ed s vysokoot\u00e1\u010dkov\u00fdmi \u00fahlov\u00fdmi bruskami (80 m\/s) a jsou ur\u010deny pro \u0161irok\u00e9 spektrum pou\u017eit\u00ed. <br \/><\/span><span class='bullet-line'>Optimalizovan\u00e9 uspo\u0159\u00e1d\u00e1n\u00ed brusn\u00fdch lamel zaji\u0161\u0165uje vysok\u00fd v\u00fdkon brou\u0161en\u00ed, dlouhou \u017eivotnost a optim\u00e1ln\u00ed vyu\u017eit\u00ed a\u017e do konce.<br \/><\/span><br \/>\u25ba Konstantn\u011b vysok\u00fd v\u00fdkon<span class='bullet-line'>Textiln\u00ed lamely osazen\u00e9 zirkonem, keramikou nebo norm\u00e1ln\u00edm korundem jsou rovnom\u011brn\u011b um\u00edst\u011bny na z\u00e1kladn\u00edm tal\u00ed\u0159i. <br \/><\/span><span class='bullet-line'>Optimalizovan\u00e1 podlo\u017eka z tkaniny zaru\u010duje, \u017ee b\u011bhem cel\u00e9ho pracovn\u00edho procesu se brous\u00ed v\u017edy s \u010derstv\u00fdm zrnem a \u00fab\u011br tak z\u016fst\u00e1v\u00e1 konstantn\u00ed.<br \/><\/span><br \/>\u25ba Vysok\u00e1 stabilita<span class='bullet-line'>Z\u00e1kladn\u00ed tal\u00ed\u0159e SMT programu jsou vyrobeny ze speci\u00e1ln\u00ed skeln\u00e9 tkaniny nebo um\u011bl\u00e9 hmoty zes\u00edlen\u00e9 sklen\u011bn\u00fdmi vl\u00e1kny. <br \/><\/span><span class='bullet-line'>Jsou extr\u00e9mn\u011b odoln\u00e9 a zaji\u0161\u0165uj\u00ed optim\u00e1ln\u00ed p\u0159enos s\u00edly na obrobek.<br \/><\/span><br \/>\u25ba Osv\u011bd\u010den\u00e1 bezpe\u010dnost<span class='bullet-line'>Speci\u00e1ln\u00ed proces v\u00fdroby zaru\u010duje mimo\u0159\u00e1dn\u011b pevn\u00e9 spojen\u00ed mezi z\u00e1kladn\u00edm tal\u00ed\u0159em a brusn\u00fdmi lamelami a zaji\u0161\u0165uje tak bezpe\u010dnost proti prasknut\u00ed vysoce nad r\u00e1mec po\u017eadavk\u016f sm\u011brnic oSa a bezpe\u010dnostn\u00ed normy EN 13743.<br \/><\/span><br \/>\u25ba Oblasti pou\u017eit\u00ed<span class='bullet-line'>Kov univerz\u00e1ln\u011b<br \/><\/span><span class='bullet-line'>Ocel<br \/><\/span><span class='bullet-line'>Nerezov\u00e1 ocel<br \/><\/span><span class='bullet-line'>Vysoce legovan\u00e9 oceli<br \/><\/span><span class='bullet-line'>Ne\u017eelezn\u00e9 kovy<br \/><\/span><span class='bullet-line'>Hlin\u00edk<br \/><\/span><span class='bullet-line'>Barva<br \/><\/span><span class='bullet-line'>Lak<br \/><\/span><span class='bullet-line'>Plasty<br \/><\/span><span class='bullet-line'>D\u0159evo<\/span><\/div>\n<div class=\"parameters\">\n<tr>\n<td>Pr\u016fm\u011br<\/td>\n<td>125<\/td>\n<\/tr>\n<tr>\n<td>Otvor<\/td>\n<td>22,23<\/td>\n<\/tr>\n<tr>\n<td>Forma<\/td>\n<td>P<\/td>\n<\/tr>\n<tr>\n<td>Zrno<\/td>\n<td>60<\/td>\n<\/tr>\n<tr>\n<td>Vmax<\/td>\n<td>80<\/td>\n<\/tr>\n<tr>\n<td>P\u0159\u00edpustn\u00e9 ot\u00e1\u010dky<\/td>\n<td>12.200<\/td>\n<\/tr>\n<tr>\n<td>Brusivo na podlo\u017ece<\/td>\n<td>CS 461 X<\/td>\n<\/tr>\n<tr>\n<td>Proveden\u00ed<\/td>\n<td>Vydut\u00e9<\/td>\n<\/tr>\n<tr>\n<td>\u010c\u00edslo v\u00fdrobku<\/td>\n<td>322774<\/td>\n<\/tr><\/div>\n<\/table>\n","protected":false},"excerpt":{"rendered":"<p>V\u00fdhody: Agresivn\u00ed brusn\u00fd v\u00fdkon a sou\u010dasn\u011b vysok\u00fd komfort brou\u0161en\u00ed Univerz\u00e1ln\u00ed pou\u017eit\u00ed pro n\u00e1ro\u010dn\u00e9 brou\u0161en\u00ed v oblasti zpracov\u00e1n\u00ed oceli a nerezov\u00e9 oceli Optim\u00e1ln\u00ed \u00fab\u011br p\u0159i pou\u017eit\u00ed na v\u00fdkonn\u00fdch \u00fahlov\u00fdch brusk\u00e1ch\u25ba Optimalizovan\u00fd v\u00fdkonPou\u017eit\u00e9 brusn\u00e9 prost\u0159edky byly vyvinuty tak\u00e9 pro pou\u017eit\u00ed s vysokoot\u00e1\u010dkov\u00fdmi \u00fahlov\u00fdmi bruskami (80 m\/s) a jsou ur\u010deny pro \u0161irok\u00e9 spektrum pou\u017eit\u00ed. Optimalizovan\u00e9 uspo\u0159\u00e1d\u00e1n\u00ed brusn\u00fdch lamel [&hellip;]<\/p>\n","protected":false},"featured_media":7072,"comment_status":"open","ping_status":"open","template":"","meta":[],"product_brand":[],"product_cat":[43],"product_tag":[],"class_list":{"0":"post-6972","1":"product","2":"type-product","3":"status-publish","4":"has-post-thumbnail","6":"product_cat-naradi","8":"first","9":"instock","10":"sale","11":"shipping-taxable","12":"purchasable","13":"product-type-simple"},"yoast_head":"<!-- This site is optimized with the Yoast SEO plugin v26.8 - https:\/\/yoast.com\/product\/yoast-seo-wordpress\/ -->\n<title>Akce Klingspor SMT 624 125X22,23 (K 60) Brusn\u00fd lamelov\u00fd tal\u00ed\u0159 -<\/title>\n<meta name=\"robots\" content=\"index, follow, max-snippet:-1, max-image-preview:large, max-video-preview:-1\" \/>\n<link rel=\"canonical\" href=\"https:\/\/www.koupeltech.com\/index.php\/produkt\/akce-klingspor-smt-624-125x22-23-k-60-brusny-lamelovy-talir-6972\/\" \/>\n<meta property=\"og:locale\" content=\"cs_CZ\" \/>\n<meta property=\"og:type\" content=\"article\" \/>\n<meta property=\"og:title\" content=\"Akce Klingspor SMT 624 125X22,23 (K 60) Brusn\u00fd lamelov\u00fd tal\u00ed\u0159 -\" \/>\n<meta property=\"og:description\" content=\"V\u00fdhody: Agresivn\u00ed brusn\u00fd v\u00fdkon a sou\u010dasn\u011b vysok\u00fd komfort brou\u0161en\u00ed Univerz\u00e1ln\u00ed pou\u017eit\u00ed pro n\u00e1ro\u010dn\u00e9 brou\u0161en\u00ed v oblasti zpracov\u00e1n\u00ed oceli a nerezov\u00e9 oceli Optim\u00e1ln\u00ed \u00fab\u011br p\u0159i pou\u017eit\u00ed na v\u00fdkonn\u00fdch \u00fahlov\u00fdch brusk\u00e1ch\u25ba Optimalizovan\u00fd v\u00fdkonPou\u017eit\u00e9 brusn\u00e9 prost\u0159edky byly vyvinuty tak\u00e9 pro pou\u017eit\u00ed s vysokoot\u00e1\u010dkov\u00fdmi \u00fahlov\u00fdmi bruskami (80 m\/s) a jsou ur\u010deny pro \u0161irok\u00e9 spektrum pou\u017eit\u00ed. Optimalizovan\u00e9 uspo\u0159\u00e1d\u00e1n\u00ed brusn\u00fdch lamel [&hellip;]\" \/>\n<meta property=\"og:url\" content=\"https:\/\/www.koupeltech.com\/index.php\/produkt\/akce-klingspor-smt-624-125x22-23-k-60-brusny-lamelovy-talir-6972\/\" \/>\n<meta property=\"og:image\" content=\"https:\/\/www.koupeltech.com\/wp-content\/uploads\/2026\/SK0022631-CZ20260425-092328-0-1777080210-te_smt624.webp\" \/>\n\t<meta property=\"og:image:width\" content=\"600\" \/>\n\t<meta property=\"og:image:height\" content=\"372\" \/>\n\t<meta property=\"og:image:type\" content=\"image\/webp\" \/>\n<meta name=\"twitter:card\" content=\"summary_large_image\" \/>\n<meta name=\"twitter:label1\" content=\"Odhadovan\u00e1 doba \u010dten\u00ed\" \/>\n\t<meta name=\"twitter:data1\" content=\"1 minuta\" \/>\n<script type=\"application\/ld+json\" class=\"yoast-schema-graph\">{\"@context\":\"https:\/\/schema.org\",\"@graph\":[{\"@type\":\"WebPage\",\"@id\":\"https:\/\/www.koupeltech.com\/index.php\/produkt\/akce-klingspor-smt-624-125x22-23-k-60-brusny-lamelovy-talir-6972\/\",\"url\":\"https:\/\/www.koupeltech.com\/index.php\/produkt\/akce-klingspor-smt-624-125x22-23-k-60-brusny-lamelovy-talir-6972\/\",\"name\":\"Akce Klingspor SMT 624 125X22,23 (K 60) Brusn\u00fd lamelov\u00fd tal\u00ed\u0159 -\",\"isPartOf\":{\"@id\":\"https:\/\/www.koupeltech.com\/#website\"},\"primaryImageOfPage\":{\"@id\":\"https:\/\/www.koupeltech.com\/index.php\/produkt\/akce-klingspor-smt-624-125x22-23-k-60-brusny-lamelovy-talir-6972\/#primaryimage\"},\"image\":{\"@id\":\"https:\/\/www.koupeltech.com\/index.php\/produkt\/akce-klingspor-smt-624-125x22-23-k-60-brusny-lamelovy-talir-6972\/#primaryimage\"},\"thumbnailUrl\":\"https:\/\/www.koupeltech.com\/wp-content\/uploads\/2026\/SK0022631-CZ20260425-092328-0-1777080210-te_smt624.webp\",\"datePublished\":\"2026-04-27T13:56:52+00:00\",\"breadcrumb\":{\"@id\":\"https:\/\/www.koupeltech.com\/index.php\/produkt\/akce-klingspor-smt-624-125x22-23-k-60-brusny-lamelovy-talir-6972\/#breadcrumb\"},\"inLanguage\":\"cs\",\"potentialAction\":[{\"@type\":\"ReadAction\",\"target\":[\"https:\/\/www.koupeltech.com\/index.php\/produkt\/akce-klingspor-smt-624-125x22-23-k-60-brusny-lamelovy-talir-6972\/\"]}]},{\"@type\":\"ImageObject\",\"inLanguage\":\"cs\",\"@id\":\"https:\/\/www.koupeltech.com\/index.php\/produkt\/akce-klingspor-smt-624-125x22-23-k-60-brusny-lamelovy-talir-6972\/#primaryimage\",\"url\":\"https:\/\/www.koupeltech.com\/wp-content\/uploads\/2026\/SK0022631-CZ20260425-092328-0-1777080210-te_smt624.webp\",\"contentUrl\":\"https:\/\/www.koupeltech.com\/wp-content\/uploads\/2026\/SK0022631-CZ20260425-092328-0-1777080210-te_smt624.webp\",\"width\":600,\"height\":372},{\"@type\":\"BreadcrumbList\",\"@id\":\"https:\/\/www.koupeltech.com\/index.php\/produkt\/akce-klingspor-smt-624-125x22-23-k-60-brusny-lamelovy-talir-6972\/#breadcrumb\",\"itemListElement\":[{\"@type\":\"ListItem\",\"position\":1,\"name\":\"Home\",\"item\":\"https:\/\/www.koupeltech.com\/\"},{\"@type\":\"ListItem\",\"position\":2,\"name\":\"Products\",\"item\":\"https:\/\/www.koupeltech.com\/index.php\/products\/\"},{\"@type\":\"ListItem\",\"position\":3,\"name\":\"Akce Klingspor SMT 624 125X22,23 (K 60) Brusn\u00fd lamelov\u00fd tal\u00ed\u0159\"}]},{\"@type\":\"WebSite\",\"@id\":\"https:\/\/www.koupeltech.com\/#website\",\"url\":\"https:\/\/www.koupeltech.com\/\",\"name\":\"\",\"description\":\"\",\"potentialAction\":[{\"@type\":\"SearchAction\",\"target\":{\"@type\":\"EntryPoint\",\"urlTemplate\":\"https:\/\/www.koupeltech.com\/?s={search_term_string}\"},\"query-input\":{\"@type\":\"PropertyValueSpecification\",\"valueRequired\":true,\"valueName\":\"search_term_string\"}}],\"inLanguage\":\"cs\"}]}<\/script>\n<!-- \/ Yoast SEO plugin. -->","yoast_head_json":{"title":"Akce Klingspor SMT 624 125X22,23 (K 60) Brusn\u00fd lamelov\u00fd tal\u00ed\u0159 -","robots":{"index":"index","follow":"follow","max-snippet":"max-snippet:-1","max-image-preview":"max-image-preview:large","max-video-preview":"max-video-preview:-1"},"canonical":"https:\/\/www.koupeltech.com\/index.php\/produkt\/akce-klingspor-smt-624-125x22-23-k-60-brusny-lamelovy-talir-6972\/","og_locale":"cs_CZ","og_type":"article","og_title":"Akce Klingspor SMT 624 125X22,23 (K 60) Brusn\u00fd lamelov\u00fd tal\u00ed\u0159 -","og_description":"V\u00fdhody: Agresivn\u00ed brusn\u00fd v\u00fdkon a sou\u010dasn\u011b vysok\u00fd komfort brou\u0161en\u00ed Univerz\u00e1ln\u00ed pou\u017eit\u00ed pro n\u00e1ro\u010dn\u00e9 brou\u0161en\u00ed v oblasti zpracov\u00e1n\u00ed oceli a nerezov\u00e9 oceli Optim\u00e1ln\u00ed \u00fab\u011br p\u0159i pou\u017eit\u00ed na v\u00fdkonn\u00fdch \u00fahlov\u00fdch brusk\u00e1ch\u25ba Optimalizovan\u00fd v\u00fdkonPou\u017eit\u00e9 brusn\u00e9 prost\u0159edky byly vyvinuty tak\u00e9 pro pou\u017eit\u00ed s vysokoot\u00e1\u010dkov\u00fdmi \u00fahlov\u00fdmi bruskami (80 m\/s) a jsou ur\u010deny pro \u0161irok\u00e9 spektrum pou\u017eit\u00ed. Optimalizovan\u00e9 uspo\u0159\u00e1d\u00e1n\u00ed brusn\u00fdch lamel [&hellip;]","og_url":"https:\/\/www.koupeltech.com\/index.php\/produkt\/akce-klingspor-smt-624-125x22-23-k-60-brusny-lamelovy-talir-6972\/","og_image":[{"width":600,"height":372,"url":"https:\/\/www.koupeltech.com\/wp-content\/uploads\/2026\/SK0022631-CZ20260425-092328-0-1777080210-te_smt624.webp","type":"image\/webp"}],"twitter_card":"summary_large_image","twitter_misc":{"Odhadovan\u00e1 doba \u010dten\u00ed":"1 minuta"},"schema":{"@context":"https:\/\/schema.org","@graph":[{"@type":"WebPage","@id":"https:\/\/www.koupeltech.com\/index.php\/produkt\/akce-klingspor-smt-624-125x22-23-k-60-brusny-lamelovy-talir-6972\/","url":"https:\/\/www.koupeltech.com\/index.php\/produkt\/akce-klingspor-smt-624-125x22-23-k-60-brusny-lamelovy-talir-6972\/","name":"Akce Klingspor SMT 624 125X22,23 (K 60) Brusn\u00fd lamelov\u00fd tal\u00ed\u0159 -","isPartOf":{"@id":"https:\/\/www.koupeltech.com\/#website"},"primaryImageOfPage":{"@id":"https:\/\/www.koupeltech.com\/index.php\/produkt\/akce-klingspor-smt-624-125x22-23-k-60-brusny-lamelovy-talir-6972\/#primaryimage"},"image":{"@id":"https:\/\/www.koupeltech.com\/index.php\/produkt\/akce-klingspor-smt-624-125x22-23-k-60-brusny-lamelovy-talir-6972\/#primaryimage"},"thumbnailUrl":"https:\/\/www.koupeltech.com\/wp-content\/uploads\/2026\/SK0022631-CZ20260425-092328-0-1777080210-te_smt624.webp","datePublished":"2026-04-27T13:56:52+00:00","breadcrumb":{"@id":"https:\/\/www.koupeltech.com\/index.php\/produkt\/akce-klingspor-smt-624-125x22-23-k-60-brusny-lamelovy-talir-6972\/#breadcrumb"},"inLanguage":"cs","potentialAction":[{"@type":"ReadAction","target":["https:\/\/www.koupeltech.com\/index.php\/produkt\/akce-klingspor-smt-624-125x22-23-k-60-brusny-lamelovy-talir-6972\/"]}]},{"@type":"ImageObject","inLanguage":"cs","@id":"https:\/\/www.koupeltech.com\/index.php\/produkt\/akce-klingspor-smt-624-125x22-23-k-60-brusny-lamelovy-talir-6972\/#primaryimage","url":"https:\/\/www.koupeltech.com\/wp-content\/uploads\/2026\/SK0022631-CZ20260425-092328-0-1777080210-te_smt624.webp","contentUrl":"https:\/\/www.koupeltech.com\/wp-content\/uploads\/2026\/SK0022631-CZ20260425-092328-0-1777080210-te_smt624.webp","width":600,"height":372},{"@type":"BreadcrumbList","@id":"https:\/\/www.koupeltech.com\/index.php\/produkt\/akce-klingspor-smt-624-125x22-23-k-60-brusny-lamelovy-talir-6972\/#breadcrumb","itemListElement":[{"@type":"ListItem","position":1,"name":"Home","item":"https:\/\/www.koupeltech.com\/"},{"@type":"ListItem","position":2,"name":"Products","item":"https:\/\/www.koupeltech.com\/index.php\/products\/"},{"@type":"ListItem","position":3,"name":"Akce Klingspor SMT 624 125X22,23 (K 60) Brusn\u00fd lamelov\u00fd tal\u00ed\u0159"}]},{"@type":"WebSite","@id":"https:\/\/www.koupeltech.com\/#website","url":"https:\/\/www.koupeltech.com\/","name":"","description":"","potentialAction":[{"@type":"SearchAction","target":{"@type":"EntryPoint","urlTemplate":"https:\/\/www.koupeltech.com\/?s={search_term_string}"},"query-input":{"@type":"PropertyValueSpecification","valueRequired":true,"valueName":"search_term_string"}}],"inLanguage":"cs"}]}},"_links":{"self":[{"href":"https:\/\/www.koupeltech.com\/index.php\/wp-json\/wp\/v2\/product\/6972","targetHints":{"allow":["GET"]}}],"collection":[{"href":"https:\/\/www.koupeltech.com\/index.php\/wp-json\/wp\/v2\/product"}],"about":[{"href":"https:\/\/www.koupeltech.com\/index.php\/wp-json\/wp\/v2\/types\/product"}],"replies":[{"embeddable":true,"href":"https:\/\/www.koupeltech.com\/index.php\/wp-json\/wp\/v2\/comments?post=6972"}],"wp:featuredmedia":[{"embeddable":true,"href":"https:\/\/www.koupeltech.com\/index.php\/wp-json\/wp\/v2\/media\/7072"}],"wp:attachment":[{"href":"https:\/\/www.koupeltech.com\/index.php\/wp-json\/wp\/v2\/media?parent=6972"}],"wp:term":[{"taxonomy":"product_brand","embeddable":true,"href":"https:\/\/www.koupeltech.com\/index.php\/wp-json\/wp\/v2\/product_brand?post=6972"},{"taxonomy":"product_cat","embeddable":true,"href":"https:\/\/www.koupeltech.com\/index.php\/wp-json\/wp\/v2\/product_cat?post=6972"},{"taxonomy":"product_tag","embeddable":true,"href":"https:\/\/www.koupeltech.com\/index.php\/wp-json\/wp\/v2\/product_tag?post=6972"}],"curies":[{"name":"wp","href":"https:\/\/api.w.org\/{rel}","templated":true}]}}