{"id":69780,"date":"2026-04-27T14:06:35","date_gmt":"2026-04-27T14:06:35","guid":{"rendered":""},"modified":"2026-04-27T14:06:35","modified_gmt":"2026-04-27T14:06:35","slug":"znackovy-dvoudverova-galerka-grid-ga2oe-80-d21-tobacco-69780","status":"publish","type":"product","link":"https:\/\/www.koupeltech.com\/index.php\/produkt\/znackovy-dvoudverova-galerka-grid-ga2oe-80-d21-tobacco-69780\/","title":{"rendered":"Zna\u010dkov\u00fd Dvoudve\u0159ov\u00e1 galerka GRID GA2OE 80 &#8211; D21 Tobacco"},"content":{"rendered":"<div class=\"basic-description\">\n<h3>Detailn\u00ed popis produktu<\/h3>\n<p style=\"line-height: 21.600000381469727px;\">Koncept<strong> <\/strong>a <strong>design vestavn\u00e9 galerky GRID GA2OE 80<span> <\/span><\/strong>vych\u00e1z\u00ed ze sou\u010dasn\u00fdch trend\u016f, kter\u00e9 si \u017e\u00e1daj\u00ed minimalistick\u00e1 \u0159e\u0161en\u00ed a modern\u00ed prvky. V\u00fdsledkem je velmi praktick\u00e1 zrcadlov\u00e1 sk\u0159\u00ed\u0148ka, spl\u0148uj\u00edc\u00ed po\u017eadavky po zrcadlov\u00e9 plo\u0161e a \u00falo\u017en\u00e9m prostoru. Rozhodov\u00e1n\u00ed, zda do koupelny po\u0159\u00eddit zrcadlo nebo galerku je tak minulost\u00ed.<\/p>\n<h2 style=\"line-height: 21.600000381469727px;\"><strong>Parametry galerky<\/strong><\/h2>\n<p style=\"line-height: 21.600000381469727px;\">Vestavn\u00e1 galerka<span> <\/span><strong>GRID GA2OE 80<\/strong><span> <\/span>je \u0159e\u0161en\u00e1 jako dvoudve\u0159ov\u00e1 s<span> <\/span><strong>oboustrann\u00fdmi zrcadly<\/strong>. Dv\u00ed\u0159ka pohodln\u011b otev\u0159ete za pomoci nerezov\u00fdch \u00fachytek, kter\u00e9 nav\u00edc zamez\u00ed ne\u017e\u00e1douc\u00edm otisk\u016fm prst\u016f na zrcadlov\u00e9 plo\u0161e. <\/p>\n<p style=\"line-height: 21.600000381469727px;\">P\u0159i otev\u0159en\u00ed galerky aktivuje \u010didlo<span> <\/span><strong>automatick\u00e9 LED<\/strong><span> <\/span>osv\u011btlen\u00ed<span> <\/span><strong>o s\u00edle 12,9 W. <\/strong>D\u00edky dv\u011bma sklen\u011bn\u00fdm poli\u010dk\u00e1m proz\u00e1\u0159\u00ed doslova ka\u017ed\u00fd kout sk\u0159\u00ed\u0148ky.<strong><span> <\/span><\/strong>Uvnit\u0159 galerky se tak\u00e9 nach\u00e1z\u00ed jedna elektrick\u00e1 z\u00e1suvka s<span> <\/span><strong>p\u0159\u00edvodem 230 V (spl\u0148uje kryt\u00ed IP44).<\/strong><\/p>\n<p style=\"line-height: 21.600000381469727px;\">Po zabudov\u00e1n\u00ed do zdi bude galerka tvo\u0159it s okoln\u00ed st\u011bnou t\u00e9m\u011b\u0159 jednu rovinu, patrn\u00fd bude pouze d\u0159ev\u011bn\u00fd r\u00e1m, kter\u00fd lze vyrobit v cel\u00e9 \u0161k\u00e1le dekor\u016f, d\u0159evodekor\u016f nebo lak\u016f (lesk\/mat). Samoz\u0159ejmost\u00ed je tak\u00e9 mo\u017enost volby odst\u00ednu dle vzorn\u00edku barev RAL nebo NCS.<\/p>\n<h2 style=\"line-height: 21.600000381469727px;\"><strong>Praktick\u00e9 informace &#8211; souhrn:<\/strong><\/h2>\n<ul>\n<li>Galerka je vestavn\u00e1 s dostatkem \u00falo\u017en\u00e9m prostoru a zrcadlov\u00e9 plochy.<\/li>\n<li>V\u00fdkon vnit\u0159n\u00edho<span> <\/span><strong>LED osv\u011btlen\u00ed je 12,9 W<\/strong>. Uvnit\u0159 se tak\u00e9 nach\u00e1z\u00ed<span> <\/span><strong>el. z\u00e1suvka<\/strong><span> <\/span>(230 V).<\/li>\n<li>R\u00e1me\u010dek vyr\u00e1b\u00edme v cel\u00e9 \u0159ad\u011b dekor\u016f a lak\u016f, v\u010detn\u011b individu\u00e1ln\u00edho proveden\u00ed dle vzorn\u00edku RAL\/NCS.<\/li>\n<li>Korpus galerky je vyroben z \u0161ed\u00fdch<span> <\/span><strong>LTD desek<\/strong>.<\/li>\n<\/ul>\n<h3><strong>Vizualizace<\/strong><\/h3>\n<p><strong><\/strong><\/p>\n<\/p><\/div>\n","protected":false},"excerpt":{"rendered":"<p>Detailn\u00ed popis produktu Koncept a design vestavn\u00e9 galerky GRID GA2OE 80 vych\u00e1z\u00ed ze sou\u010dasn\u00fdch trend\u016f, kter\u00e9 si \u017e\u00e1daj\u00ed minimalistick\u00e1 \u0159e\u0161en\u00ed a modern\u00ed prvky. V\u00fdsledkem je velmi praktick\u00e1 zrcadlov\u00e1 sk\u0159\u00ed\u0148ka, spl\u0148uj\u00edc\u00ed po\u017eadavky po zrcadlov\u00e9 plo\u0161e a \u00falo\u017en\u00e9m prostoru. Rozhodov\u00e1n\u00ed, zda do koupelny po\u0159\u00eddit zrcadlo nebo galerku je tak minulost\u00ed. Parametry galerky Vestavn\u00e1 galerka GRID GA2OE 80 [&hellip;]<\/p>\n","protected":false},"featured_media":69880,"comment_status":"open","ping_status":"open","template":"","meta":[],"product_brand":[],"product_cat":[84],"product_tag":[],"class_list":{"0":"post-69780","1":"product","2":"type-product","3":"status-publish","4":"has-post-thumbnail","6":"product_cat-koupelny-a-sanitarni-technika","8":"first","9":"instock","10":"sale","11":"shipping-taxable","12":"purchasable","13":"product-type-simple"},"yoast_head":"<!-- This site is optimized with the Yoast SEO plugin v26.8 - https:\/\/yoast.com\/product\/yoast-seo-wordpress\/ -->\n<title>Zna\u010dkov\u00fd Dvoudve\u0159ov\u00e1 galerka GRID GA2OE 80 - D21 Tobacco -<\/title>\n<meta name=\"robots\" content=\"index, follow, max-snippet:-1, max-image-preview:large, max-video-preview:-1\" \/>\n<link rel=\"canonical\" href=\"https:\/\/www.koupeltech.com\/index.php\/produkt\/znackovy-dvoudverova-galerka-grid-ga2oe-80-d21-tobacco-69780\/\" \/>\n<meta property=\"og:locale\" content=\"cs_CZ\" \/>\n<meta property=\"og:type\" content=\"article\" \/>\n<meta property=\"og:title\" content=\"Zna\u010dkov\u00fd Dvoudve\u0159ov\u00e1 galerka GRID GA2OE 80 - D21 Tobacco -\" \/>\n<meta property=\"og:description\" content=\"Detailn\u00ed popis produktu Koncept a design vestavn\u00e9 galerky GRID GA2OE 80 vych\u00e1z\u00ed ze sou\u010dasn\u00fdch trend\u016f, kter\u00e9 si \u017e\u00e1daj\u00ed minimalistick\u00e1 \u0159e\u0161en\u00ed a modern\u00ed prvky. V\u00fdsledkem je velmi praktick\u00e1 zrcadlov\u00e1 sk\u0159\u00ed\u0148ka, spl\u0148uj\u00edc\u00ed po\u017eadavky po zrcadlov\u00e9 plo\u0161e a \u00falo\u017en\u00e9m prostoru. Rozhodov\u00e1n\u00ed, zda do koupelny po\u0159\u00eddit zrcadlo nebo galerku je tak minulost\u00ed. Parametry galerky Vestavn\u00e1 galerka GRID GA2OE 80 [&hellip;]\" \/>\n<meta property=\"og:url\" content=\"https:\/\/www.koupeltech.com\/index.php\/produkt\/znackovy-dvoudverova-galerka-grid-ga2oe-80-d21-tobacco-69780\/\" \/>\n<meta property=\"og:image\" content=\"https:\/\/www.koupeltech.com\/wp-content\/uploads\/2026\/SK0028899-CZ20260425-093351-0-1777080838-891060-1_dvoudverova-galerka-grid-ga2oe-80-d21-tobacco.webp\" \/>\n\t<meta property=\"og:image:width\" content=\"1000\" \/>\n\t<meta property=\"og:image:height\" content=\"750\" \/>\n\t<meta property=\"og:image:type\" content=\"image\/webp\" \/>\n<meta name=\"twitter:card\" content=\"summary_large_image\" \/>\n<meta name=\"twitter:label1\" content=\"Odhadovan\u00e1 doba \u010dten\u00ed\" \/>\n\t<meta name=\"twitter:data1\" content=\"1 minuta\" \/>\n<script type=\"application\/ld+json\" class=\"yoast-schema-graph\">{\"@context\":\"https:\/\/schema.org\",\"@graph\":[{\"@type\":\"WebPage\",\"@id\":\"https:\/\/www.koupeltech.com\/index.php\/produkt\/znackovy-dvoudverova-galerka-grid-ga2oe-80-d21-tobacco-69780\/\",\"url\":\"https:\/\/www.koupeltech.com\/index.php\/produkt\/znackovy-dvoudverova-galerka-grid-ga2oe-80-d21-tobacco-69780\/\",\"name\":\"Zna\u010dkov\u00fd Dvoudve\u0159ov\u00e1 galerka GRID GA2OE 80 - D21 Tobacco -\",\"isPartOf\":{\"@id\":\"https:\/\/www.koupeltech.com\/#website\"},\"primaryImageOfPage\":{\"@id\":\"https:\/\/www.koupeltech.com\/index.php\/produkt\/znackovy-dvoudverova-galerka-grid-ga2oe-80-d21-tobacco-69780\/#primaryimage\"},\"image\":{\"@id\":\"https:\/\/www.koupeltech.com\/index.php\/produkt\/znackovy-dvoudverova-galerka-grid-ga2oe-80-d21-tobacco-69780\/#primaryimage\"},\"thumbnailUrl\":\"https:\/\/www.koupeltech.com\/wp-content\/uploads\/2026\/SK0028899-CZ20260425-093351-0-1777080838-891060-1_dvoudverova-galerka-grid-ga2oe-80-d21-tobacco.webp\",\"datePublished\":\"2026-04-27T14:06:35+00:00\",\"breadcrumb\":{\"@id\":\"https:\/\/www.koupeltech.com\/index.php\/produkt\/znackovy-dvoudverova-galerka-grid-ga2oe-80-d21-tobacco-69780\/#breadcrumb\"},\"inLanguage\":\"cs\",\"potentialAction\":[{\"@type\":\"ReadAction\",\"target\":[\"https:\/\/www.koupeltech.com\/index.php\/produkt\/znackovy-dvoudverova-galerka-grid-ga2oe-80-d21-tobacco-69780\/\"]}]},{\"@type\":\"ImageObject\",\"inLanguage\":\"cs\",\"@id\":\"https:\/\/www.koupeltech.com\/index.php\/produkt\/znackovy-dvoudverova-galerka-grid-ga2oe-80-d21-tobacco-69780\/#primaryimage\",\"url\":\"https:\/\/www.koupeltech.com\/wp-content\/uploads\/2026\/SK0028899-CZ20260425-093351-0-1777080838-891060-1_dvoudverova-galerka-grid-ga2oe-80-d21-tobacco.webp\",\"contentUrl\":\"https:\/\/www.koupeltech.com\/wp-content\/uploads\/2026\/SK0028899-CZ20260425-093351-0-1777080838-891060-1_dvoudverova-galerka-grid-ga2oe-80-d21-tobacco.webp\",\"width\":1000,\"height\":750},{\"@type\":\"BreadcrumbList\",\"@id\":\"https:\/\/www.koupeltech.com\/index.php\/produkt\/znackovy-dvoudverova-galerka-grid-ga2oe-80-d21-tobacco-69780\/#breadcrumb\",\"itemListElement\":[{\"@type\":\"ListItem\",\"position\":1,\"name\":\"Home\",\"item\":\"https:\/\/www.koupeltech.com\/\"},{\"@type\":\"ListItem\",\"position\":2,\"name\":\"Products\",\"item\":\"https:\/\/www.koupeltech.com\/index.php\/products\/\"},{\"@type\":\"ListItem\",\"position\":3,\"name\":\"Zna\u010dkov\u00fd Dvoudve\u0159ov\u00e1 galerka GRID GA2OE 80 &#8211; D21 Tobacco\"}]},{\"@type\":\"WebSite\",\"@id\":\"https:\/\/www.koupeltech.com\/#website\",\"url\":\"https:\/\/www.koupeltech.com\/\",\"name\":\"\",\"description\":\"\",\"potentialAction\":[{\"@type\":\"SearchAction\",\"target\":{\"@type\":\"EntryPoint\",\"urlTemplate\":\"https:\/\/www.koupeltech.com\/?s={search_term_string}\"},\"query-input\":{\"@type\":\"PropertyValueSpecification\",\"valueRequired\":true,\"valueName\":\"search_term_string\"}}],\"inLanguage\":\"cs\"}]}<\/script>\n<!-- \/ Yoast SEO plugin. -->","yoast_head_json":{"title":"Zna\u010dkov\u00fd Dvoudve\u0159ov\u00e1 galerka GRID GA2OE 80 - D21 Tobacco -","robots":{"index":"index","follow":"follow","max-snippet":"max-snippet:-1","max-image-preview":"max-image-preview:large","max-video-preview":"max-video-preview:-1"},"canonical":"https:\/\/www.koupeltech.com\/index.php\/produkt\/znackovy-dvoudverova-galerka-grid-ga2oe-80-d21-tobacco-69780\/","og_locale":"cs_CZ","og_type":"article","og_title":"Zna\u010dkov\u00fd Dvoudve\u0159ov\u00e1 galerka GRID GA2OE 80 - D21 Tobacco -","og_description":"Detailn\u00ed popis produktu Koncept a design vestavn\u00e9 galerky GRID GA2OE 80 vych\u00e1z\u00ed ze sou\u010dasn\u00fdch trend\u016f, kter\u00e9 si \u017e\u00e1daj\u00ed minimalistick\u00e1 \u0159e\u0161en\u00ed a modern\u00ed prvky. V\u00fdsledkem je velmi praktick\u00e1 zrcadlov\u00e1 sk\u0159\u00ed\u0148ka, spl\u0148uj\u00edc\u00ed po\u017eadavky po zrcadlov\u00e9 plo\u0161e a \u00falo\u017en\u00e9m prostoru. Rozhodov\u00e1n\u00ed, zda do koupelny po\u0159\u00eddit zrcadlo nebo galerku je tak minulost\u00ed. Parametry galerky Vestavn\u00e1 galerka GRID GA2OE 80 [&hellip;]","og_url":"https:\/\/www.koupeltech.com\/index.php\/produkt\/znackovy-dvoudverova-galerka-grid-ga2oe-80-d21-tobacco-69780\/","og_image":[{"width":1000,"height":750,"url":"https:\/\/www.koupeltech.com\/wp-content\/uploads\/2026\/SK0028899-CZ20260425-093351-0-1777080838-891060-1_dvoudverova-galerka-grid-ga2oe-80-d21-tobacco.webp","type":"image\/webp"}],"twitter_card":"summary_large_image","twitter_misc":{"Odhadovan\u00e1 doba \u010dten\u00ed":"1 minuta"},"schema":{"@context":"https:\/\/schema.org","@graph":[{"@type":"WebPage","@id":"https:\/\/www.koupeltech.com\/index.php\/produkt\/znackovy-dvoudverova-galerka-grid-ga2oe-80-d21-tobacco-69780\/","url":"https:\/\/www.koupeltech.com\/index.php\/produkt\/znackovy-dvoudverova-galerka-grid-ga2oe-80-d21-tobacco-69780\/","name":"Zna\u010dkov\u00fd Dvoudve\u0159ov\u00e1 galerka GRID GA2OE 80 - D21 Tobacco -","isPartOf":{"@id":"https:\/\/www.koupeltech.com\/#website"},"primaryImageOfPage":{"@id":"https:\/\/www.koupeltech.com\/index.php\/produkt\/znackovy-dvoudverova-galerka-grid-ga2oe-80-d21-tobacco-69780\/#primaryimage"},"image":{"@id":"https:\/\/www.koupeltech.com\/index.php\/produkt\/znackovy-dvoudverova-galerka-grid-ga2oe-80-d21-tobacco-69780\/#primaryimage"},"thumbnailUrl":"https:\/\/www.koupeltech.com\/wp-content\/uploads\/2026\/SK0028899-CZ20260425-093351-0-1777080838-891060-1_dvoudverova-galerka-grid-ga2oe-80-d21-tobacco.webp","datePublished":"2026-04-27T14:06:35+00:00","breadcrumb":{"@id":"https:\/\/www.koupeltech.com\/index.php\/produkt\/znackovy-dvoudverova-galerka-grid-ga2oe-80-d21-tobacco-69780\/#breadcrumb"},"inLanguage":"cs","potentialAction":[{"@type":"ReadAction","target":["https:\/\/www.koupeltech.com\/index.php\/produkt\/znackovy-dvoudverova-galerka-grid-ga2oe-80-d21-tobacco-69780\/"]}]},{"@type":"ImageObject","inLanguage":"cs","@id":"https:\/\/www.koupeltech.com\/index.php\/produkt\/znackovy-dvoudverova-galerka-grid-ga2oe-80-d21-tobacco-69780\/#primaryimage","url":"https:\/\/www.koupeltech.com\/wp-content\/uploads\/2026\/SK0028899-CZ20260425-093351-0-1777080838-891060-1_dvoudverova-galerka-grid-ga2oe-80-d21-tobacco.webp","contentUrl":"https:\/\/www.koupeltech.com\/wp-content\/uploads\/2026\/SK0028899-CZ20260425-093351-0-1777080838-891060-1_dvoudverova-galerka-grid-ga2oe-80-d21-tobacco.webp","width":1000,"height":750},{"@type":"BreadcrumbList","@id":"https:\/\/www.koupeltech.com\/index.php\/produkt\/znackovy-dvoudverova-galerka-grid-ga2oe-80-d21-tobacco-69780\/#breadcrumb","itemListElement":[{"@type":"ListItem","position":1,"name":"Home","item":"https:\/\/www.koupeltech.com\/"},{"@type":"ListItem","position":2,"name":"Products","item":"https:\/\/www.koupeltech.com\/index.php\/products\/"},{"@type":"ListItem","position":3,"name":"Zna\u010dkov\u00fd Dvoudve\u0159ov\u00e1 galerka GRID GA2OE 80 &#8211; D21 Tobacco"}]},{"@type":"WebSite","@id":"https:\/\/www.koupeltech.com\/#website","url":"https:\/\/www.koupeltech.com\/","name":"","description":"","potentialAction":[{"@type":"SearchAction","target":{"@type":"EntryPoint","urlTemplate":"https:\/\/www.koupeltech.com\/?s={search_term_string}"},"query-input":{"@type":"PropertyValueSpecification","valueRequired":true,"valueName":"search_term_string"}}],"inLanguage":"cs"}]}},"_links":{"self":[{"href":"https:\/\/www.koupeltech.com\/index.php\/wp-json\/wp\/v2\/product\/69780","targetHints":{"allow":["GET"]}}],"collection":[{"href":"https:\/\/www.koupeltech.com\/index.php\/wp-json\/wp\/v2\/product"}],"about":[{"href":"https:\/\/www.koupeltech.com\/index.php\/wp-json\/wp\/v2\/types\/product"}],"replies":[{"embeddable":true,"href":"https:\/\/www.koupeltech.com\/index.php\/wp-json\/wp\/v2\/comments?post=69780"}],"wp:featuredmedia":[{"embeddable":true,"href":"https:\/\/www.koupeltech.com\/index.php\/wp-json\/wp\/v2\/media\/69880"}],"wp:attachment":[{"href":"https:\/\/www.koupeltech.com\/index.php\/wp-json\/wp\/v2\/media?parent=69780"}],"wp:term":[{"taxonomy":"product_brand","embeddable":true,"href":"https:\/\/www.koupeltech.com\/index.php\/wp-json\/wp\/v2\/product_brand?post=69780"},{"taxonomy":"product_cat","embeddable":true,"href":"https:\/\/www.koupeltech.com\/index.php\/wp-json\/wp\/v2\/product_cat?post=69780"},{"taxonomy":"product_tag","embeddable":true,"href":"https:\/\/www.koupeltech.com\/index.php\/wp-json\/wp\/v2\/product_tag?post=69780"}],"curies":[{"name":"wp","href":"https:\/\/api.w.org\/{rel}","templated":true}]}}