{"id":69965,"date":"2026-04-27T14:06:37","date_gmt":"2026-04-27T14:06:37","guid":{"rendered":""},"modified":"2026-04-27T14:06:37","modified_gmt":"2026-04-27T14:06:37","slug":"zlevneny-cata-ventilator-b-23-a-69965","status":"publish","type":"product","link":"https:\/\/www.koupeltech.com\/index.php\/produkt\/zlevneny-cata-ventilator-b-23-a-69965\/","title":{"rendered":"Zlevn\u011bn\u00fd CATA ventil\u00e1tor B-23 A"},"content":{"rendered":"<div id=\"e4876713\" class=\"pages\">\n<div>\n<div id=\"PDDescription\" class=\"UserContentView userContent v1a v1 bs-view dcon dc164 PDDescription\" ><dc-con><dc-con><bs-empty><\/bs-empty><\/dc-con><dc-con>        <\/p>\n<div class=\"customDescription\">                    <\/div>\n<p><\/dc-con><dc-con>Ventila\u010dn\u00ed jednotka na ze\u010f \u010di do okna, pr. 230 mm, 825 m3\/h (odtah) \/ 530 m3\/h (s\u00e1n\u00ed), 49 dB(A), IPX4, elektricky ovl\u00e1dan\u00e1 \u017ealuzie Ventil\u00e1tor pro restaurace, bary, spol. prostory<\/dc-con><\/dc-con><\/div>\n<div id=\"PDDescription2\" class=\"UserContentView userContent v1a v1 bs-view dcon dc165 PDDescription2\" >\n<table class=\"params-table\">\n<tr>\n<td>Barva<\/td>\n<td>B\u00edl\u00e1<\/td>\n<\/tr>\n<tr>\n<td>Hmotnost<\/td>\n<td>4.411 kg<\/td>\n<\/tr>\n<tr>\n<td>Vybaven\u00ed<\/td>\n<td>Bez elektroniky<\/td>\n<\/tr>\n<tr>\n<td>Ot\u00e1\u010dek\/min.<\/td>\n<td>1350<\/td>\n<\/tr>\n<tr>\n<td>Hlu\u010dnost &#8211; 2 m<\/td>\n<td>49<\/td>\n<\/tr>\n<tr>\n<td>Stupe\u0148 kryt\u00ed<\/td>\n<td>IPX4<\/td>\n<\/tr>\n<tr>\n<td>P\u0159\u00edkon motoru<\/td>\n<td>45<\/td>\n<\/tr>\n<tr>\n<td>Pr\u016fm\u011br odtahu<\/td>\n<td>230<\/td>\n<\/tr>\n<tr>\n<td>Zp\u011btn\u00e1 klapka<\/td>\n<td>Automatick\u00e9 \u017ealuzie<\/td>\n<\/tr>\n<tr>\n<td>Max. sac\u00ed v\u00fdkon<\/td>\n<td>825 \/ 530<\/td>\n<\/tr>\n<tr>\n<td>Mont\u00e1\u017en\u00ed poloha<\/td>\n<td>Na ze\u010f<\/td>\n<\/tr>\n<tr>\n<td>Pro pr\u016fm\u011br potrub\u00ed<\/td>\n<td>0<\/td>\n<\/tr>\n<\/table>\n<\/div><\/div>\n<div id=\"PDTable3\" class=\"ProductDetailTableView v3a v3 bs-view dcon dc185 PDTable3\" >\n<table>\n<thead><\/thead>\n<tbody>\n<tr class=\"attribute attr_typ\">\n<td class=\"caption\">Typ<\/td>\n<td class=\"value\">Ventil\u00e1tor<\/td>\n<\/tr>\n<tr class=\"attribute attr_bsshop_maker\">\n<td class=\"caption\">V\u00fdrobce<\/td>\n<td class=\"value\">CATA<\/td>\n<\/tr>\n<\/tbody>\n<\/table>\n<\/div>\n<\/div>\n<div id=\"e4876714\" class=\"tabs\">\n","protected":false},"excerpt":{"rendered":"<p>Ventila\u010dn\u00ed jednotka na ze\u010f \u010di do okna, pr. 230 mm, 825 m3\/h (odtah) \/ 530 m3\/h (s\u00e1n\u00ed), 49 dB(A), IPX4, elektricky ovl\u00e1dan\u00e1 \u017ealuzie Ventil\u00e1tor pro restaurace, bary, spol. prostory Barva B\u00edl\u00e1 Hmotnost 4.411 kg Vybaven\u00ed Bez elektroniky Ot\u00e1\u010dek\/min. 1350 Hlu\u010dnost &#8211; 2 m 49 Stupe\u0148 kryt\u00ed IPX4 P\u0159\u00edkon motoru 45 Pr\u016fm\u011br odtahu 230 Zp\u011btn\u00e1 klapka [&hellip;]<\/p>\n","protected":false},"featured_media":70065,"comment_status":"open","ping_status":"open","template":"","meta":[],"product_brand":[],"product_cat":[94],"product_tag":[],"class_list":{"0":"post-69965","1":"product","2":"type-product","3":"status-publish","4":"has-post-thumbnail","6":"product_cat-vybaven-237-koupelny","8":"first","9":"instock","10":"sale","11":"shipping-taxable","12":"purchasable","13":"product-type-simple"},"yoast_head":"<!-- This site is optimized with the Yoast SEO plugin v26.8 - https:\/\/yoast.com\/product\/yoast-seo-wordpress\/ -->\n<title>Zlevn\u011bn\u00fd CATA ventil\u00e1tor B-23 A -<\/title>\n<meta name=\"robots\" content=\"index, follow, max-snippet:-1, max-image-preview:large, max-video-preview:-1\" \/>\n<link rel=\"canonical\" href=\"https:\/\/www.koupeltech.com\/index.php\/produkt\/zlevneny-cata-ventilator-b-23-a-69965\/\" \/>\n<meta property=\"og:locale\" content=\"cs_CZ\" \/>\n<meta property=\"og:type\" content=\"article\" \/>\n<meta property=\"og:title\" content=\"Zlevn\u011bn\u00fd CATA ventil\u00e1tor B-23 A -\" \/>\n<meta property=\"og:description\" content=\"Ventila\u010dn\u00ed jednotka na ze\u010f \u010di do okna, pr. 230 mm, 825 m3\/h (odtah) \/ 530 m3\/h (s\u00e1n\u00ed), 49 dB(A), IPX4, elektricky ovl\u00e1dan\u00e1 \u017ealuzie Ventil\u00e1tor pro restaurace, bary, spol. prostory Barva B\u00edl\u00e1 Hmotnost 4.411 kg Vybaven\u00ed Bez elektroniky Ot\u00e1\u010dek\/min. 1350 Hlu\u010dnost &#8211; 2 m 49 Stupe\u0148 kryt\u00ed IPX4 P\u0159\u00edkon motoru 45 Pr\u016fm\u011br odtahu 230 Zp\u011btn\u00e1 klapka [&hellip;]\" \/>\n<meta property=\"og:url\" content=\"https:\/\/www.koupeltech.com\/index.php\/produkt\/zlevneny-cata-ventilator-b-23-a-69965\/\" \/>\n<meta property=\"og:image\" content=\"https:\/\/www.koupeltech.com\/wp-content\/uploads\/2026\/SK0022394-CZ20260425-093449-0-1777080896-cata-ventilator-b-23-a.webp\" \/>\n\t<meta property=\"og:image:width\" content=\"1000\" \/>\n\t<meta property=\"og:image:height\" content=\"525\" \/>\n\t<meta property=\"og:image:type\" content=\"image\/webp\" \/>\n<meta name=\"twitter:card\" content=\"summary_large_image\" \/>\n<script type=\"application\/ld+json\" class=\"yoast-schema-graph\">{\"@context\":\"https:\/\/schema.org\",\"@graph\":[{\"@type\":\"WebPage\",\"@id\":\"https:\/\/www.koupeltech.com\/index.php\/produkt\/zlevneny-cata-ventilator-b-23-a-69965\/\",\"url\":\"https:\/\/www.koupeltech.com\/index.php\/produkt\/zlevneny-cata-ventilator-b-23-a-69965\/\",\"name\":\"Zlevn\u011bn\u00fd CATA ventil\u00e1tor B-23 A -\",\"isPartOf\":{\"@id\":\"https:\/\/www.koupeltech.com\/#website\"},\"primaryImageOfPage\":{\"@id\":\"https:\/\/www.koupeltech.com\/index.php\/produkt\/zlevneny-cata-ventilator-b-23-a-69965\/#primaryimage\"},\"image\":{\"@id\":\"https:\/\/www.koupeltech.com\/index.php\/produkt\/zlevneny-cata-ventilator-b-23-a-69965\/#primaryimage\"},\"thumbnailUrl\":\"https:\/\/www.koupeltech.com\/wp-content\/uploads\/2026\/SK0022394-CZ20260425-093449-0-1777080896-cata-ventilator-b-23-a.webp\",\"datePublished\":\"2026-04-27T14:06:37+00:00\",\"breadcrumb\":{\"@id\":\"https:\/\/www.koupeltech.com\/index.php\/produkt\/zlevneny-cata-ventilator-b-23-a-69965\/#breadcrumb\"},\"inLanguage\":\"cs\",\"potentialAction\":[{\"@type\":\"ReadAction\",\"target\":[\"https:\/\/www.koupeltech.com\/index.php\/produkt\/zlevneny-cata-ventilator-b-23-a-69965\/\"]}]},{\"@type\":\"ImageObject\",\"inLanguage\":\"cs\",\"@id\":\"https:\/\/www.koupeltech.com\/index.php\/produkt\/zlevneny-cata-ventilator-b-23-a-69965\/#primaryimage\",\"url\":\"https:\/\/www.koupeltech.com\/wp-content\/uploads\/2026\/SK0022394-CZ20260425-093449-0-1777080896-cata-ventilator-b-23-a.webp\",\"contentUrl\":\"https:\/\/www.koupeltech.com\/wp-content\/uploads\/2026\/SK0022394-CZ20260425-093449-0-1777080896-cata-ventilator-b-23-a.webp\",\"width\":1000,\"height\":525},{\"@type\":\"BreadcrumbList\",\"@id\":\"https:\/\/www.koupeltech.com\/index.php\/produkt\/zlevneny-cata-ventilator-b-23-a-69965\/#breadcrumb\",\"itemListElement\":[{\"@type\":\"ListItem\",\"position\":1,\"name\":\"Home\",\"item\":\"https:\/\/www.koupeltech.com\/\"},{\"@type\":\"ListItem\",\"position\":2,\"name\":\"Products\",\"item\":\"https:\/\/www.koupeltech.com\/index.php\/products\/\"},{\"@type\":\"ListItem\",\"position\":3,\"name\":\"Zlevn\u011bn\u00fd CATA ventil\u00e1tor B-23 A\"}]},{\"@type\":\"WebSite\",\"@id\":\"https:\/\/www.koupeltech.com\/#website\",\"url\":\"https:\/\/www.koupeltech.com\/\",\"name\":\"\",\"description\":\"\",\"potentialAction\":[{\"@type\":\"SearchAction\",\"target\":{\"@type\":\"EntryPoint\",\"urlTemplate\":\"https:\/\/www.koupeltech.com\/?s={search_term_string}\"},\"query-input\":{\"@type\":\"PropertyValueSpecification\",\"valueRequired\":true,\"valueName\":\"search_term_string\"}}],\"inLanguage\":\"cs\"}]}<\/script>\n<!-- \/ Yoast SEO plugin. -->","yoast_head_json":{"title":"Zlevn\u011bn\u00fd CATA ventil\u00e1tor B-23 A -","robots":{"index":"index","follow":"follow","max-snippet":"max-snippet:-1","max-image-preview":"max-image-preview:large","max-video-preview":"max-video-preview:-1"},"canonical":"https:\/\/www.koupeltech.com\/index.php\/produkt\/zlevneny-cata-ventilator-b-23-a-69965\/","og_locale":"cs_CZ","og_type":"article","og_title":"Zlevn\u011bn\u00fd CATA ventil\u00e1tor B-23 A -","og_description":"Ventila\u010dn\u00ed jednotka na ze\u010f \u010di do okna, pr. 230 mm, 825 m3\/h (odtah) \/ 530 m3\/h (s\u00e1n\u00ed), 49 dB(A), IPX4, elektricky ovl\u00e1dan\u00e1 \u017ealuzie Ventil\u00e1tor pro restaurace, bary, spol. prostory Barva B\u00edl\u00e1 Hmotnost 4.411 kg Vybaven\u00ed Bez elektroniky Ot\u00e1\u010dek\/min. 1350 Hlu\u010dnost &#8211; 2 m 49 Stupe\u0148 kryt\u00ed IPX4 P\u0159\u00edkon motoru 45 Pr\u016fm\u011br odtahu 230 Zp\u011btn\u00e1 klapka [&hellip;]","og_url":"https:\/\/www.koupeltech.com\/index.php\/produkt\/zlevneny-cata-ventilator-b-23-a-69965\/","og_image":[{"width":1000,"height":525,"url":"https:\/\/www.koupeltech.com\/wp-content\/uploads\/2026\/SK0022394-CZ20260425-093449-0-1777080896-cata-ventilator-b-23-a.webp","type":"image\/webp"}],"twitter_card":"summary_large_image","schema":{"@context":"https:\/\/schema.org","@graph":[{"@type":"WebPage","@id":"https:\/\/www.koupeltech.com\/index.php\/produkt\/zlevneny-cata-ventilator-b-23-a-69965\/","url":"https:\/\/www.koupeltech.com\/index.php\/produkt\/zlevneny-cata-ventilator-b-23-a-69965\/","name":"Zlevn\u011bn\u00fd CATA ventil\u00e1tor B-23 A -","isPartOf":{"@id":"https:\/\/www.koupeltech.com\/#website"},"primaryImageOfPage":{"@id":"https:\/\/www.koupeltech.com\/index.php\/produkt\/zlevneny-cata-ventilator-b-23-a-69965\/#primaryimage"},"image":{"@id":"https:\/\/www.koupeltech.com\/index.php\/produkt\/zlevneny-cata-ventilator-b-23-a-69965\/#primaryimage"},"thumbnailUrl":"https:\/\/www.koupeltech.com\/wp-content\/uploads\/2026\/SK0022394-CZ20260425-093449-0-1777080896-cata-ventilator-b-23-a.webp","datePublished":"2026-04-27T14:06:37+00:00","breadcrumb":{"@id":"https:\/\/www.koupeltech.com\/index.php\/produkt\/zlevneny-cata-ventilator-b-23-a-69965\/#breadcrumb"},"inLanguage":"cs","potentialAction":[{"@type":"ReadAction","target":["https:\/\/www.koupeltech.com\/index.php\/produkt\/zlevneny-cata-ventilator-b-23-a-69965\/"]}]},{"@type":"ImageObject","inLanguage":"cs","@id":"https:\/\/www.koupeltech.com\/index.php\/produkt\/zlevneny-cata-ventilator-b-23-a-69965\/#primaryimage","url":"https:\/\/www.koupeltech.com\/wp-content\/uploads\/2026\/SK0022394-CZ20260425-093449-0-1777080896-cata-ventilator-b-23-a.webp","contentUrl":"https:\/\/www.koupeltech.com\/wp-content\/uploads\/2026\/SK0022394-CZ20260425-093449-0-1777080896-cata-ventilator-b-23-a.webp","width":1000,"height":525},{"@type":"BreadcrumbList","@id":"https:\/\/www.koupeltech.com\/index.php\/produkt\/zlevneny-cata-ventilator-b-23-a-69965\/#breadcrumb","itemListElement":[{"@type":"ListItem","position":1,"name":"Home","item":"https:\/\/www.koupeltech.com\/"},{"@type":"ListItem","position":2,"name":"Products","item":"https:\/\/www.koupeltech.com\/index.php\/products\/"},{"@type":"ListItem","position":3,"name":"Zlevn\u011bn\u00fd CATA ventil\u00e1tor B-23 A"}]},{"@type":"WebSite","@id":"https:\/\/www.koupeltech.com\/#website","url":"https:\/\/www.koupeltech.com\/","name":"","description":"","potentialAction":[{"@type":"SearchAction","target":{"@type":"EntryPoint","urlTemplate":"https:\/\/www.koupeltech.com\/?s={search_term_string}"},"query-input":{"@type":"PropertyValueSpecification","valueRequired":true,"valueName":"search_term_string"}}],"inLanguage":"cs"}]}},"_links":{"self":[{"href":"https:\/\/www.koupeltech.com\/index.php\/wp-json\/wp\/v2\/product\/69965","targetHints":{"allow":["GET"]}}],"collection":[{"href":"https:\/\/www.koupeltech.com\/index.php\/wp-json\/wp\/v2\/product"}],"about":[{"href":"https:\/\/www.koupeltech.com\/index.php\/wp-json\/wp\/v2\/types\/product"}],"replies":[{"embeddable":true,"href":"https:\/\/www.koupeltech.com\/index.php\/wp-json\/wp\/v2\/comments?post=69965"}],"wp:featuredmedia":[{"embeddable":true,"href":"https:\/\/www.koupeltech.com\/index.php\/wp-json\/wp\/v2\/media\/70065"}],"wp:attachment":[{"href":"https:\/\/www.koupeltech.com\/index.php\/wp-json\/wp\/v2\/media?parent=69965"}],"wp:term":[{"taxonomy":"product_brand","embeddable":true,"href":"https:\/\/www.koupeltech.com\/index.php\/wp-json\/wp\/v2\/product_brand?post=69965"},{"taxonomy":"product_cat","embeddable":true,"href":"https:\/\/www.koupeltech.com\/index.php\/wp-json\/wp\/v2\/product_cat?post=69965"},{"taxonomy":"product_tag","embeddable":true,"href":"https:\/\/www.koupeltech.com\/index.php\/wp-json\/wp\/v2\/product_tag?post=69965"}],"curies":[{"name":"wp","href":"https:\/\/api.w.org\/{rel}","templated":true}]}}