{"id":69979,"date":"2026-04-27T14:06:37","date_gmt":"2026-04-27T14:06:37","guid":{"rendered":""},"modified":"2026-04-27T14:06:37","modified_gmt":"2026-04-27T14:06:37","slug":"zlevneny-cata-ventilator-duct-in-line-100-270-69979","status":"publish","type":"product","link":"https:\/\/www.koupeltech.com\/index.php\/produkt\/zlevneny-cata-ventilator-duct-in-line-100-270-69979\/","title":{"rendered":"Zlevn\u011bn\u00fd CATA ventil\u00e1tor DUCT IN-LINE 100\/270"},"content":{"rendered":"<div id=\"e5381339\" class=\"pages\">\n<div>\n<div id=\"PDDescription\" class=\"UserContentView userContent v1a v1 bs-view dcon dc164 PDDescription\" ><dc-con><dc-con><bs-empty><\/bs-empty><\/dc-con><dc-con>        <\/p>\n<div class=\"customDescription\">                    <\/div>\n<p><\/dc-con><dc-con>Potrubn\u00ed ventil\u00e1tor radi\u00e1ln\u00ed, pr. 100 mm, 270 m3\/h, 22 dB(A), 23 mmH2O (225 Pa), IPX4 Pro odtah a\u017e 18 m ZDARMA dr\u017e\u00e1k pro mont\u00e1\u017e na ze\u010f nebo strop Odn\u00edmateln\u00e9 p\u0159\u00edruby pro snaz\u0161\u00ed mont\u00e1\u017e 2 rychlosti<\/dc-con><\/dc-con><\/div>\n<div id=\"PDDescription2\" class=\"UserContentView userContent v1a v1 bs-view dcon dc165 PDDescription2\" >\n<table class=\"params-table\">\n<tr>\n<td>Barva<\/td>\n<td>B\u00edl\u00e1<\/td>\n<\/tr>\n<tr>\n<td>V\u00fdbava<\/td>\n<td>Dv\u011b rychlosti<\/td>\n<\/tr>\n<tr>\n<td>Hmotnost<\/td>\n<td>2.38 kg<\/td>\n<\/tr>\n<tr>\n<td>Max. tlak<\/td>\n<td>180<\/td>\n<\/tr>\n<tr>\n<td>Vybaven\u00ed<\/td>\n<td>Bez elektroniky<\/td>\n<\/tr>\n<tr>\n<td>Ot\u00e1\u010dek\/min.<\/td>\n<td>1700 \/ 2300<\/td>\n<\/tr>\n<tr>\n<td>Hlu\u010dnost &#8211; 2 m<\/td>\n<td>25 \/ 30<\/td>\n<\/tr>\n<tr>\n<td>Stupe\u0148 kryt\u00ed<\/td>\n<td>IP44<\/td>\n<\/tr>\n<tr>\n<td>P\u0159\u00edkon motoru<\/td>\n<td>30<\/td>\n<\/tr>\n<tr>\n<td>Pr\u016fm\u011br odtahu<\/td>\n<td>100<\/td>\n<\/tr>\n<tr>\n<td>Max. sac\u00ed v\u00fdkon<\/td>\n<td>190 \/ 270<\/td>\n<\/tr>\n<tr>\n<td>Mont\u00e1\u017en\u00ed poloha<\/td>\n<td>Horizont\u00e1ln\u011b i vertik\u00e1ln\u011b<\/td>\n<\/tr>\n<tr>\n<td>Max. d\u00e9lka odtahu<\/td>\n<td>12 \/ 18<\/td>\n<\/tr>\n<tr>\n<td>Pro pr\u016fm\u011br potrub\u00ed<\/td>\n<td>100<\/td>\n<\/tr>\n<\/table>\n<\/div><\/div>\n<div id=\"PDTable3\" class=\"ProductDetailTableView v3a v3 bs-view dcon dc185 PDTable3\" >\n<table>\n<thead><\/thead>\n<tbody>\n<tr class=\"attribute attr_typ\">\n<td class=\"caption\">Typ<\/td>\n<td class=\"value\">Ventil\u00e1tor<\/td>\n<\/tr>\n<tr class=\"attribute attr_bsshop_maker\">\n<td class=\"caption\">V\u00fdrobce<\/td>\n<td class=\"value\">CATA<\/td>\n<\/tr>\n<tr class=\"attribute attr_tlak\">\n<td class=\"caption\">Tlak v barech<\/td>\n<td class=\"value\">125180<\/td>\n<\/tr>\n<\/tbody>\n<\/table>\n<\/div>\n<\/div>\n<div id=\"e5381340\" class=\"tabs\">\n","protected":false},"excerpt":{"rendered":"<p>Potrubn\u00ed ventil\u00e1tor radi\u00e1ln\u00ed, pr. 100 mm, 270 m3\/h, 22 dB(A), 23 mmH2O (225 Pa), IPX4 Pro odtah a\u017e 18 m ZDARMA dr\u017e\u00e1k pro mont\u00e1\u017e na ze\u010f nebo strop Odn\u00edmateln\u00e9 p\u0159\u00edruby pro snaz\u0161\u00ed mont\u00e1\u017e 2 rychlosti Barva B\u00edl\u00e1 V\u00fdbava Dv\u011b rychlosti Hmotnost 2.38 kg Max. tlak 180 Vybaven\u00ed Bez elektroniky Ot\u00e1\u010dek\/min. 1700 \/ 2300 Hlu\u010dnost &#8211; [&hellip;]<\/p>\n","protected":false},"featured_media":70079,"comment_status":"open","ping_status":"open","template":"","meta":[],"product_brand":[],"product_cat":[94],"product_tag":[],"class_list":{"0":"post-69979","1":"product","2":"type-product","3":"status-publish","4":"has-post-thumbnail","6":"product_cat-vybaven-237-koupelny","8":"first","9":"instock","10":"sale","11":"shipping-taxable","12":"purchasable","13":"product-type-simple"},"yoast_head":"<!-- This site is optimized with the Yoast SEO plugin v26.8 - https:\/\/yoast.com\/product\/yoast-seo-wordpress\/ -->\n<title>Zlevn\u011bn\u00fd CATA ventil\u00e1tor DUCT IN-LINE 100\/270 -<\/title>\n<meta name=\"robots\" content=\"index, follow, max-snippet:-1, max-image-preview:large, max-video-preview:-1\" \/>\n<link rel=\"canonical\" href=\"https:\/\/www.koupeltech.com\/index.php\/produkt\/zlevneny-cata-ventilator-duct-in-line-100-270-69979\/\" \/>\n<meta property=\"og:locale\" content=\"cs_CZ\" \/>\n<meta property=\"og:type\" content=\"article\" \/>\n<meta property=\"og:title\" content=\"Zlevn\u011bn\u00fd CATA ventil\u00e1tor DUCT IN-LINE 100\/270 -\" \/>\n<meta property=\"og:description\" content=\"Potrubn\u00ed ventil\u00e1tor radi\u00e1ln\u00ed, pr. 100 mm, 270 m3\/h, 22 dB(A), 23 mmH2O (225 Pa), IPX4 Pro odtah a\u017e 18 m ZDARMA dr\u017e\u00e1k pro mont\u00e1\u017e na ze\u010f nebo strop Odn\u00edmateln\u00e9 p\u0159\u00edruby pro snaz\u0161\u00ed mont\u00e1\u017e 2 rychlosti Barva B\u00edl\u00e1 V\u00fdbava Dv\u011b rychlosti Hmotnost 2.38 kg Max. tlak 180 Vybaven\u00ed Bez elektroniky Ot\u00e1\u010dek\/min. 1700 \/ 2300 Hlu\u010dnost &#8211; [&hellip;]\" \/>\n<meta property=\"og:url\" content=\"https:\/\/www.koupeltech.com\/index.php\/produkt\/zlevneny-cata-ventilator-duct-in-line-100-270-69979\/\" \/>\n<meta property=\"og:image\" content=\"https:\/\/www.koupeltech.com\/wp-content\/uploads\/2026\/SK0022408-CZ20260425-093449-0-1777080896-cata-ventilator-duct-in-line-100-270.webp\" \/>\n\t<meta property=\"og:image:width\" content=\"1000\" \/>\n\t<meta property=\"og:image:height\" content=\"525\" \/>\n\t<meta property=\"og:image:type\" content=\"image\/webp\" \/>\n<meta name=\"twitter:card\" content=\"summary_large_image\" \/>\n<script type=\"application\/ld+json\" class=\"yoast-schema-graph\">{\"@context\":\"https:\/\/schema.org\",\"@graph\":[{\"@type\":\"WebPage\",\"@id\":\"https:\/\/www.koupeltech.com\/index.php\/produkt\/zlevneny-cata-ventilator-duct-in-line-100-270-69979\/\",\"url\":\"https:\/\/www.koupeltech.com\/index.php\/produkt\/zlevneny-cata-ventilator-duct-in-line-100-270-69979\/\",\"name\":\"Zlevn\u011bn\u00fd CATA ventil\u00e1tor DUCT IN-LINE 100\/270 -\",\"isPartOf\":{\"@id\":\"https:\/\/www.koupeltech.com\/#website\"},\"primaryImageOfPage\":{\"@id\":\"https:\/\/www.koupeltech.com\/index.php\/produkt\/zlevneny-cata-ventilator-duct-in-line-100-270-69979\/#primaryimage\"},\"image\":{\"@id\":\"https:\/\/www.koupeltech.com\/index.php\/produkt\/zlevneny-cata-ventilator-duct-in-line-100-270-69979\/#primaryimage\"},\"thumbnailUrl\":\"https:\/\/www.koupeltech.com\/wp-content\/uploads\/2026\/SK0022408-CZ20260425-093449-0-1777080896-cata-ventilator-duct-in-line-100-270.webp\",\"datePublished\":\"2026-04-27T14:06:37+00:00\",\"breadcrumb\":{\"@id\":\"https:\/\/www.koupeltech.com\/index.php\/produkt\/zlevneny-cata-ventilator-duct-in-line-100-270-69979\/#breadcrumb\"},\"inLanguage\":\"cs\",\"potentialAction\":[{\"@type\":\"ReadAction\",\"target\":[\"https:\/\/www.koupeltech.com\/index.php\/produkt\/zlevneny-cata-ventilator-duct-in-line-100-270-69979\/\"]}]},{\"@type\":\"ImageObject\",\"inLanguage\":\"cs\",\"@id\":\"https:\/\/www.koupeltech.com\/index.php\/produkt\/zlevneny-cata-ventilator-duct-in-line-100-270-69979\/#primaryimage\",\"url\":\"https:\/\/www.koupeltech.com\/wp-content\/uploads\/2026\/SK0022408-CZ20260425-093449-0-1777080896-cata-ventilator-duct-in-line-100-270.webp\",\"contentUrl\":\"https:\/\/www.koupeltech.com\/wp-content\/uploads\/2026\/SK0022408-CZ20260425-093449-0-1777080896-cata-ventilator-duct-in-line-100-270.webp\",\"width\":1000,\"height\":525},{\"@type\":\"BreadcrumbList\",\"@id\":\"https:\/\/www.koupeltech.com\/index.php\/produkt\/zlevneny-cata-ventilator-duct-in-line-100-270-69979\/#breadcrumb\",\"itemListElement\":[{\"@type\":\"ListItem\",\"position\":1,\"name\":\"Home\",\"item\":\"https:\/\/www.koupeltech.com\/\"},{\"@type\":\"ListItem\",\"position\":2,\"name\":\"Products\",\"item\":\"https:\/\/www.koupeltech.com\/index.php\/products\/\"},{\"@type\":\"ListItem\",\"position\":3,\"name\":\"Zlevn\u011bn\u00fd CATA ventil\u00e1tor DUCT IN-LINE 100\/270\"}]},{\"@type\":\"WebSite\",\"@id\":\"https:\/\/www.koupeltech.com\/#website\",\"url\":\"https:\/\/www.koupeltech.com\/\",\"name\":\"\",\"description\":\"\",\"potentialAction\":[{\"@type\":\"SearchAction\",\"target\":{\"@type\":\"EntryPoint\",\"urlTemplate\":\"https:\/\/www.koupeltech.com\/?s={search_term_string}\"},\"query-input\":{\"@type\":\"PropertyValueSpecification\",\"valueRequired\":true,\"valueName\":\"search_term_string\"}}],\"inLanguage\":\"cs\"}]}<\/script>\n<!-- \/ Yoast SEO plugin. -->","yoast_head_json":{"title":"Zlevn\u011bn\u00fd CATA ventil\u00e1tor DUCT IN-LINE 100\/270 -","robots":{"index":"index","follow":"follow","max-snippet":"max-snippet:-1","max-image-preview":"max-image-preview:large","max-video-preview":"max-video-preview:-1"},"canonical":"https:\/\/www.koupeltech.com\/index.php\/produkt\/zlevneny-cata-ventilator-duct-in-line-100-270-69979\/","og_locale":"cs_CZ","og_type":"article","og_title":"Zlevn\u011bn\u00fd CATA ventil\u00e1tor DUCT IN-LINE 100\/270 -","og_description":"Potrubn\u00ed ventil\u00e1tor radi\u00e1ln\u00ed, pr. 100 mm, 270 m3\/h, 22 dB(A), 23 mmH2O (225 Pa), IPX4 Pro odtah a\u017e 18 m ZDARMA dr\u017e\u00e1k pro mont\u00e1\u017e na ze\u010f nebo strop Odn\u00edmateln\u00e9 p\u0159\u00edruby pro snaz\u0161\u00ed mont\u00e1\u017e 2 rychlosti Barva B\u00edl\u00e1 V\u00fdbava Dv\u011b rychlosti Hmotnost 2.38 kg Max. tlak 180 Vybaven\u00ed Bez elektroniky Ot\u00e1\u010dek\/min. 1700 \/ 2300 Hlu\u010dnost &#8211; [&hellip;]","og_url":"https:\/\/www.koupeltech.com\/index.php\/produkt\/zlevneny-cata-ventilator-duct-in-line-100-270-69979\/","og_image":[{"width":1000,"height":525,"url":"https:\/\/www.koupeltech.com\/wp-content\/uploads\/2026\/SK0022408-CZ20260425-093449-0-1777080896-cata-ventilator-duct-in-line-100-270.webp","type":"image\/webp"}],"twitter_card":"summary_large_image","schema":{"@context":"https:\/\/schema.org","@graph":[{"@type":"WebPage","@id":"https:\/\/www.koupeltech.com\/index.php\/produkt\/zlevneny-cata-ventilator-duct-in-line-100-270-69979\/","url":"https:\/\/www.koupeltech.com\/index.php\/produkt\/zlevneny-cata-ventilator-duct-in-line-100-270-69979\/","name":"Zlevn\u011bn\u00fd CATA ventil\u00e1tor DUCT IN-LINE 100\/270 -","isPartOf":{"@id":"https:\/\/www.koupeltech.com\/#website"},"primaryImageOfPage":{"@id":"https:\/\/www.koupeltech.com\/index.php\/produkt\/zlevneny-cata-ventilator-duct-in-line-100-270-69979\/#primaryimage"},"image":{"@id":"https:\/\/www.koupeltech.com\/index.php\/produkt\/zlevneny-cata-ventilator-duct-in-line-100-270-69979\/#primaryimage"},"thumbnailUrl":"https:\/\/www.koupeltech.com\/wp-content\/uploads\/2026\/SK0022408-CZ20260425-093449-0-1777080896-cata-ventilator-duct-in-line-100-270.webp","datePublished":"2026-04-27T14:06:37+00:00","breadcrumb":{"@id":"https:\/\/www.koupeltech.com\/index.php\/produkt\/zlevneny-cata-ventilator-duct-in-line-100-270-69979\/#breadcrumb"},"inLanguage":"cs","potentialAction":[{"@type":"ReadAction","target":["https:\/\/www.koupeltech.com\/index.php\/produkt\/zlevneny-cata-ventilator-duct-in-line-100-270-69979\/"]}]},{"@type":"ImageObject","inLanguage":"cs","@id":"https:\/\/www.koupeltech.com\/index.php\/produkt\/zlevneny-cata-ventilator-duct-in-line-100-270-69979\/#primaryimage","url":"https:\/\/www.koupeltech.com\/wp-content\/uploads\/2026\/SK0022408-CZ20260425-093449-0-1777080896-cata-ventilator-duct-in-line-100-270.webp","contentUrl":"https:\/\/www.koupeltech.com\/wp-content\/uploads\/2026\/SK0022408-CZ20260425-093449-0-1777080896-cata-ventilator-duct-in-line-100-270.webp","width":1000,"height":525},{"@type":"BreadcrumbList","@id":"https:\/\/www.koupeltech.com\/index.php\/produkt\/zlevneny-cata-ventilator-duct-in-line-100-270-69979\/#breadcrumb","itemListElement":[{"@type":"ListItem","position":1,"name":"Home","item":"https:\/\/www.koupeltech.com\/"},{"@type":"ListItem","position":2,"name":"Products","item":"https:\/\/www.koupeltech.com\/index.php\/products\/"},{"@type":"ListItem","position":3,"name":"Zlevn\u011bn\u00fd CATA ventil\u00e1tor DUCT IN-LINE 100\/270"}]},{"@type":"WebSite","@id":"https:\/\/www.koupeltech.com\/#website","url":"https:\/\/www.koupeltech.com\/","name":"","description":"","potentialAction":[{"@type":"SearchAction","target":{"@type":"EntryPoint","urlTemplate":"https:\/\/www.koupeltech.com\/?s={search_term_string}"},"query-input":{"@type":"PropertyValueSpecification","valueRequired":true,"valueName":"search_term_string"}}],"inLanguage":"cs"}]}},"_links":{"self":[{"href":"https:\/\/www.koupeltech.com\/index.php\/wp-json\/wp\/v2\/product\/69979","targetHints":{"allow":["GET"]}}],"collection":[{"href":"https:\/\/www.koupeltech.com\/index.php\/wp-json\/wp\/v2\/product"}],"about":[{"href":"https:\/\/www.koupeltech.com\/index.php\/wp-json\/wp\/v2\/types\/product"}],"replies":[{"embeddable":true,"href":"https:\/\/www.koupeltech.com\/index.php\/wp-json\/wp\/v2\/comments?post=69979"}],"wp:featuredmedia":[{"embeddable":true,"href":"https:\/\/www.koupeltech.com\/index.php\/wp-json\/wp\/v2\/media\/70079"}],"wp:attachment":[{"href":"https:\/\/www.koupeltech.com\/index.php\/wp-json\/wp\/v2\/media?parent=69979"}],"wp:term":[{"taxonomy":"product_brand","embeddable":true,"href":"https:\/\/www.koupeltech.com\/index.php\/wp-json\/wp\/v2\/product_brand?post=69979"},{"taxonomy":"product_cat","embeddable":true,"href":"https:\/\/www.koupeltech.com\/index.php\/wp-json\/wp\/v2\/product_cat?post=69979"},{"taxonomy":"product_tag","embeddable":true,"href":"https:\/\/www.koupeltech.com\/index.php\/wp-json\/wp\/v2\/product_tag?post=69979"}],"curies":[{"name":"wp","href":"https:\/\/api.w.org\/{rel}","templated":true}]}}