{"id":70100,"date":"2026-04-27T14:06:39","date_gmt":"2026-04-27T14:06:39","guid":{"rendered":""},"modified":"2026-04-27T14:06:39","modified_gmt":"2026-04-27T14:06:39","slug":"znackovy-cata-new-york-nerezova-sada-nadobi-70100","status":"publish","type":"product","link":"https:\/\/www.koupeltech.com\/index.php\/produkt\/znackovy-cata-new-york-nerezova-sada-nadobi-70100\/","title":{"rendered":"Zna\u010dkov\u00fd CATA NEW YORK Nerezov\u00e1 sada n\u00e1dob\u00ed"},"content":{"rendered":"<div id=\"e4893323\" class=\"pages\">\n<div>\n<div id=\"PDDescription\" class=\"UserContentView userContent v1a v1 bs-view dcon dc164 PDDescription\" ><dc-con><dc-con><bs-empty><\/bs-empty><\/dc-con><dc-con>        <\/p>\n<div class=\"customDescription\">                    <\/div>\n<p><\/dc-con><dc-con>UNIVERZ\u00c1LN\u00cd NEREZOV\u00c1 SADA N\u00c1DOB\u00cd pro v\u0161echny typy oh\u0159evu a\u00a0jak\u00e9koli va\u0159en\u00ed Atraktivn\u00ed design z le\u0161t\u011bn\u00e9ho nerezu, promy\u0161len\u00e9 detaily (odm\u011brn\u00e9 zna\u010dky, sklen\u011bn\u00e9 poklice s ventily pro odvod p\u00e1ry), kvalitn\u00ed zpracov\u00e1n\u00ed (sendvi\u010dov\u00e1 dna, pevn\u00e9 spoje), \u0161pi\u010dkov\u00e9 materi\u00e1ly (jedin\u00e1 nerez sada na trhu s nerez p\u00e1nv\u00ed s odoln\u00fdm teflonov\u00fdm povrchem), v\u00fdhodn\u00e1 cena. N\u00e1dob\u00ed lze m\u00fdt v my\u010dce. Sada obsahuje: nerezov\u00fd hrnec 3 l se sklen\u011bnou poklic\u00ed o 20cm nerezov\u00fd hrnec 2 l se sklen\u011bnou poklic\u00ed o 20 cm nerezovou zap\u00e9kac\u00ed p\u00e1nev o 24 cm nerezovou p\u00e1nev na sma\u017een\u00ed s odoln\u00fdm povrchem Teflon\u00ae Platinum Plus nerezovou p\u00e1nvi\u010dku o 14 cm<\/dc-con><\/dc-con><\/div>\n<div id=\"PDDescription2\" class=\"UserContentView userContent v1a v1 bs-view dcon dc165 PDDescription2\" >\n<table class=\"params-table\">\n<tr>\n<td>Barva<\/td>\n<td>Nerez<\/td>\n<\/tr>\n<tr>\n<td>Hmotnost<\/td>\n<td>5.491 kg<\/td>\n<\/tr>\n<tr>\n<td>Pro plyn<\/td>\n<td>Ano<\/td>\n<\/tr>\n<tr>\n<td>Pro el. plotny<\/td>\n<td>Ano<\/td>\n<\/tr>\n<tr>\n<td>Lze m\u00fdt v my\u010dce<\/td>\n<td>Ano<\/td>\n<\/tr>\n<tr>\n<td>Po\u010det ks v sad\u011b<\/td>\n<td>8<\/td>\n<\/tr>\n<tr>\n<td>Pro sklokeramiku<\/td>\n<td>Ano<\/td>\n<\/tr>\n<tr>\n<td>Pro induk\u010dn\u00ed oh\u0159ev<\/td>\n<td>Ano<\/td>\n<\/tr>\n<\/table>\n<\/div><\/div>\n<div id=\"PDTable3\" class=\"ProductDetailTableView v3a v3 bs-view dcon dc185 PDTable3\" >\n<table>\n<thead><\/thead>\n<tbody>\n<tr class=\"attribute attr_material\">\n<td class=\"caption\">Materi\u00e1l<\/td>\n<td class=\"value\">Nerez<\/td>\n<\/tr>\n<tr class=\"attribute attr_bsshop_maker\">\n<td class=\"caption\">V\u00fdrobce<\/td>\n<td class=\"value\">CATA<\/td>\n<\/tr>\n<\/tbody>\n<\/table>\n<\/div>\n<\/div>\n<div id=\"e4893324\" class=\"tabs\">\n","protected":false},"excerpt":{"rendered":"<p>UNIVERZ\u00c1LN\u00cd NEREZOV\u00c1 SADA N\u00c1DOB\u00cd pro v\u0161echny typy oh\u0159evu a\u00a0jak\u00e9koli va\u0159en\u00ed Atraktivn\u00ed design z le\u0161t\u011bn\u00e9ho nerezu, promy\u0161len\u00e9 detaily (odm\u011brn\u00e9 zna\u010dky, sklen\u011bn\u00e9 poklice s ventily pro odvod p\u00e1ry), kvalitn\u00ed zpracov\u00e1n\u00ed (sendvi\u010dov\u00e1 dna, pevn\u00e9 spoje), \u0161pi\u010dkov\u00e9 materi\u00e1ly (jedin\u00e1 nerez sada na trhu s nerez p\u00e1nv\u00ed s odoln\u00fdm teflonov\u00fdm povrchem), v\u00fdhodn\u00e1 cena. N\u00e1dob\u00ed lze m\u00fdt v my\u010dce. Sada obsahuje: [&hellip;]<\/p>\n","protected":false},"featured_media":70200,"comment_status":"open","ping_status":"open","template":"","meta":[],"product_brand":[],"product_cat":[95],"product_tag":[],"class_list":{"0":"post-70100","1":"product","2":"type-product","3":"status-publish","4":"has-post-thumbnail","6":"product_cat-pochutiny-dum-a-zahrada","8":"first","9":"instock","10":"sale","11":"shipping-taxable","12":"purchasable","13":"product-type-simple"},"yoast_head":"<!-- This site is optimized with the Yoast SEO plugin v26.8 - https:\/\/yoast.com\/product\/yoast-seo-wordpress\/ -->\n<title>Zna\u010dkov\u00fd CATA NEW YORK Nerezov\u00e1 sada n\u00e1dob\u00ed -<\/title>\n<meta name=\"robots\" content=\"index, follow, max-snippet:-1, max-image-preview:large, max-video-preview:-1\" \/>\n<link rel=\"canonical\" href=\"https:\/\/www.koupeltech.com\/index.php\/produkt\/znackovy-cata-new-york-nerezova-sada-nadobi-70100\/\" \/>\n<meta property=\"og:locale\" content=\"cs_CZ\" \/>\n<meta property=\"og:type\" content=\"article\" \/>\n<meta property=\"og:title\" content=\"Zna\u010dkov\u00fd CATA NEW YORK Nerezov\u00e1 sada n\u00e1dob\u00ed -\" \/>\n<meta property=\"og:description\" content=\"UNIVERZ\u00c1LN\u00cd NEREZOV\u00c1 SADA N\u00c1DOB\u00cd pro v\u0161echny typy oh\u0159evu a\u00a0jak\u00e9koli va\u0159en\u00ed Atraktivn\u00ed design z le\u0161t\u011bn\u00e9ho nerezu, promy\u0161len\u00e9 detaily (odm\u011brn\u00e9 zna\u010dky, sklen\u011bn\u00e9 poklice s ventily pro odvod p\u00e1ry), kvalitn\u00ed zpracov\u00e1n\u00ed (sendvi\u010dov\u00e1 dna, pevn\u00e9 spoje), \u0161pi\u010dkov\u00e9 materi\u00e1ly (jedin\u00e1 nerez sada na trhu s nerez p\u00e1nv\u00ed s odoln\u00fdm teflonov\u00fdm povrchem), v\u00fdhodn\u00e1 cena. N\u00e1dob\u00ed lze m\u00fdt v my\u010dce. Sada obsahuje: [&hellip;]\" \/>\n<meta property=\"og:url\" content=\"https:\/\/www.koupeltech.com\/index.php\/produkt\/znackovy-cata-new-york-nerezova-sada-nadobi-70100\/\" \/>\n<meta property=\"og:image\" content=\"https:\/\/www.koupeltech.com\/wp-content\/uploads\/2026\/SK0022429-CZ20260425-093449-0-1777080896-cata-new-york-nerezova-sada-nadobi.webp\" \/>\n\t<meta property=\"og:image:width\" content=\"1000\" \/>\n\t<meta property=\"og:image:height\" content=\"525\" \/>\n\t<meta property=\"og:image:type\" content=\"image\/webp\" \/>\n<meta name=\"twitter:card\" content=\"summary_large_image\" \/>\n<meta name=\"twitter:label1\" content=\"Odhadovan\u00e1 doba \u010dten\u00ed\" \/>\n\t<meta name=\"twitter:data1\" content=\"1 minuta\" \/>\n<script type=\"application\/ld+json\" class=\"yoast-schema-graph\">{\"@context\":\"https:\/\/schema.org\",\"@graph\":[{\"@type\":\"WebPage\",\"@id\":\"https:\/\/www.koupeltech.com\/index.php\/produkt\/znackovy-cata-new-york-nerezova-sada-nadobi-70100\/\",\"url\":\"https:\/\/www.koupeltech.com\/index.php\/produkt\/znackovy-cata-new-york-nerezova-sada-nadobi-70100\/\",\"name\":\"Zna\u010dkov\u00fd CATA NEW YORK Nerezov\u00e1 sada n\u00e1dob\u00ed -\",\"isPartOf\":{\"@id\":\"https:\/\/www.koupeltech.com\/#website\"},\"primaryImageOfPage\":{\"@id\":\"https:\/\/www.koupeltech.com\/index.php\/produkt\/znackovy-cata-new-york-nerezova-sada-nadobi-70100\/#primaryimage\"},\"image\":{\"@id\":\"https:\/\/www.koupeltech.com\/index.php\/produkt\/znackovy-cata-new-york-nerezova-sada-nadobi-70100\/#primaryimage\"},\"thumbnailUrl\":\"https:\/\/www.koupeltech.com\/wp-content\/uploads\/2026\/SK0022429-CZ20260425-093449-0-1777080896-cata-new-york-nerezova-sada-nadobi.webp\",\"datePublished\":\"2026-04-27T14:06:39+00:00\",\"breadcrumb\":{\"@id\":\"https:\/\/www.koupeltech.com\/index.php\/produkt\/znackovy-cata-new-york-nerezova-sada-nadobi-70100\/#breadcrumb\"},\"inLanguage\":\"cs\",\"potentialAction\":[{\"@type\":\"ReadAction\",\"target\":[\"https:\/\/www.koupeltech.com\/index.php\/produkt\/znackovy-cata-new-york-nerezova-sada-nadobi-70100\/\"]}]},{\"@type\":\"ImageObject\",\"inLanguage\":\"cs\",\"@id\":\"https:\/\/www.koupeltech.com\/index.php\/produkt\/znackovy-cata-new-york-nerezova-sada-nadobi-70100\/#primaryimage\",\"url\":\"https:\/\/www.koupeltech.com\/wp-content\/uploads\/2026\/SK0022429-CZ20260425-093449-0-1777080896-cata-new-york-nerezova-sada-nadobi.webp\",\"contentUrl\":\"https:\/\/www.koupeltech.com\/wp-content\/uploads\/2026\/SK0022429-CZ20260425-093449-0-1777080896-cata-new-york-nerezova-sada-nadobi.webp\",\"width\":1000,\"height\":525},{\"@type\":\"BreadcrumbList\",\"@id\":\"https:\/\/www.koupeltech.com\/index.php\/produkt\/znackovy-cata-new-york-nerezova-sada-nadobi-70100\/#breadcrumb\",\"itemListElement\":[{\"@type\":\"ListItem\",\"position\":1,\"name\":\"Home\",\"item\":\"https:\/\/www.koupeltech.com\/\"},{\"@type\":\"ListItem\",\"position\":2,\"name\":\"Products\",\"item\":\"https:\/\/www.koupeltech.com\/index.php\/products\/\"},{\"@type\":\"ListItem\",\"position\":3,\"name\":\"Zna\u010dkov\u00fd CATA NEW YORK Nerezov\u00e1 sada n\u00e1dob\u00ed\"}]},{\"@type\":\"WebSite\",\"@id\":\"https:\/\/www.koupeltech.com\/#website\",\"url\":\"https:\/\/www.koupeltech.com\/\",\"name\":\"\",\"description\":\"\",\"potentialAction\":[{\"@type\":\"SearchAction\",\"target\":{\"@type\":\"EntryPoint\",\"urlTemplate\":\"https:\/\/www.koupeltech.com\/?s={search_term_string}\"},\"query-input\":{\"@type\":\"PropertyValueSpecification\",\"valueRequired\":true,\"valueName\":\"search_term_string\"}}],\"inLanguage\":\"cs\"}]}<\/script>\n<!-- \/ Yoast SEO plugin. -->","yoast_head_json":{"title":"Zna\u010dkov\u00fd CATA NEW YORK Nerezov\u00e1 sada n\u00e1dob\u00ed -","robots":{"index":"index","follow":"follow","max-snippet":"max-snippet:-1","max-image-preview":"max-image-preview:large","max-video-preview":"max-video-preview:-1"},"canonical":"https:\/\/www.koupeltech.com\/index.php\/produkt\/znackovy-cata-new-york-nerezova-sada-nadobi-70100\/","og_locale":"cs_CZ","og_type":"article","og_title":"Zna\u010dkov\u00fd CATA NEW YORK Nerezov\u00e1 sada n\u00e1dob\u00ed -","og_description":"UNIVERZ\u00c1LN\u00cd NEREZOV\u00c1 SADA N\u00c1DOB\u00cd pro v\u0161echny typy oh\u0159evu a\u00a0jak\u00e9koli va\u0159en\u00ed Atraktivn\u00ed design z le\u0161t\u011bn\u00e9ho nerezu, promy\u0161len\u00e9 detaily (odm\u011brn\u00e9 zna\u010dky, sklen\u011bn\u00e9 poklice s ventily pro odvod p\u00e1ry), kvalitn\u00ed zpracov\u00e1n\u00ed (sendvi\u010dov\u00e1 dna, pevn\u00e9 spoje), \u0161pi\u010dkov\u00e9 materi\u00e1ly (jedin\u00e1 nerez sada na trhu s nerez p\u00e1nv\u00ed s odoln\u00fdm teflonov\u00fdm povrchem), v\u00fdhodn\u00e1 cena. N\u00e1dob\u00ed lze m\u00fdt v my\u010dce. Sada obsahuje: [&hellip;]","og_url":"https:\/\/www.koupeltech.com\/index.php\/produkt\/znackovy-cata-new-york-nerezova-sada-nadobi-70100\/","og_image":[{"width":1000,"height":525,"url":"https:\/\/www.koupeltech.com\/wp-content\/uploads\/2026\/SK0022429-CZ20260425-093449-0-1777080896-cata-new-york-nerezova-sada-nadobi.webp","type":"image\/webp"}],"twitter_card":"summary_large_image","twitter_misc":{"Odhadovan\u00e1 doba \u010dten\u00ed":"1 minuta"},"schema":{"@context":"https:\/\/schema.org","@graph":[{"@type":"WebPage","@id":"https:\/\/www.koupeltech.com\/index.php\/produkt\/znackovy-cata-new-york-nerezova-sada-nadobi-70100\/","url":"https:\/\/www.koupeltech.com\/index.php\/produkt\/znackovy-cata-new-york-nerezova-sada-nadobi-70100\/","name":"Zna\u010dkov\u00fd CATA NEW YORK Nerezov\u00e1 sada n\u00e1dob\u00ed -","isPartOf":{"@id":"https:\/\/www.koupeltech.com\/#website"},"primaryImageOfPage":{"@id":"https:\/\/www.koupeltech.com\/index.php\/produkt\/znackovy-cata-new-york-nerezova-sada-nadobi-70100\/#primaryimage"},"image":{"@id":"https:\/\/www.koupeltech.com\/index.php\/produkt\/znackovy-cata-new-york-nerezova-sada-nadobi-70100\/#primaryimage"},"thumbnailUrl":"https:\/\/www.koupeltech.com\/wp-content\/uploads\/2026\/SK0022429-CZ20260425-093449-0-1777080896-cata-new-york-nerezova-sada-nadobi.webp","datePublished":"2026-04-27T14:06:39+00:00","breadcrumb":{"@id":"https:\/\/www.koupeltech.com\/index.php\/produkt\/znackovy-cata-new-york-nerezova-sada-nadobi-70100\/#breadcrumb"},"inLanguage":"cs","potentialAction":[{"@type":"ReadAction","target":["https:\/\/www.koupeltech.com\/index.php\/produkt\/znackovy-cata-new-york-nerezova-sada-nadobi-70100\/"]}]},{"@type":"ImageObject","inLanguage":"cs","@id":"https:\/\/www.koupeltech.com\/index.php\/produkt\/znackovy-cata-new-york-nerezova-sada-nadobi-70100\/#primaryimage","url":"https:\/\/www.koupeltech.com\/wp-content\/uploads\/2026\/SK0022429-CZ20260425-093449-0-1777080896-cata-new-york-nerezova-sada-nadobi.webp","contentUrl":"https:\/\/www.koupeltech.com\/wp-content\/uploads\/2026\/SK0022429-CZ20260425-093449-0-1777080896-cata-new-york-nerezova-sada-nadobi.webp","width":1000,"height":525},{"@type":"BreadcrumbList","@id":"https:\/\/www.koupeltech.com\/index.php\/produkt\/znackovy-cata-new-york-nerezova-sada-nadobi-70100\/#breadcrumb","itemListElement":[{"@type":"ListItem","position":1,"name":"Home","item":"https:\/\/www.koupeltech.com\/"},{"@type":"ListItem","position":2,"name":"Products","item":"https:\/\/www.koupeltech.com\/index.php\/products\/"},{"@type":"ListItem","position":3,"name":"Zna\u010dkov\u00fd CATA NEW YORK Nerezov\u00e1 sada n\u00e1dob\u00ed"}]},{"@type":"WebSite","@id":"https:\/\/www.koupeltech.com\/#website","url":"https:\/\/www.koupeltech.com\/","name":"","description":"","potentialAction":[{"@type":"SearchAction","target":{"@type":"EntryPoint","urlTemplate":"https:\/\/www.koupeltech.com\/?s={search_term_string}"},"query-input":{"@type":"PropertyValueSpecification","valueRequired":true,"valueName":"search_term_string"}}],"inLanguage":"cs"}]}},"_links":{"self":[{"href":"https:\/\/www.koupeltech.com\/index.php\/wp-json\/wp\/v2\/product\/70100","targetHints":{"allow":["GET"]}}],"collection":[{"href":"https:\/\/www.koupeltech.com\/index.php\/wp-json\/wp\/v2\/product"}],"about":[{"href":"https:\/\/www.koupeltech.com\/index.php\/wp-json\/wp\/v2\/types\/product"}],"replies":[{"embeddable":true,"href":"https:\/\/www.koupeltech.com\/index.php\/wp-json\/wp\/v2\/comments?post=70100"}],"wp:featuredmedia":[{"embeddable":true,"href":"https:\/\/www.koupeltech.com\/index.php\/wp-json\/wp\/v2\/media\/70200"}],"wp:attachment":[{"href":"https:\/\/www.koupeltech.com\/index.php\/wp-json\/wp\/v2\/media?parent=70100"}],"wp:term":[{"taxonomy":"product_brand","embeddable":true,"href":"https:\/\/www.koupeltech.com\/index.php\/wp-json\/wp\/v2\/product_brand?post=70100"},{"taxonomy":"product_cat","embeddable":true,"href":"https:\/\/www.koupeltech.com\/index.php\/wp-json\/wp\/v2\/product_cat?post=70100"},{"taxonomy":"product_tag","embeddable":true,"href":"https:\/\/www.koupeltech.com\/index.php\/wp-json\/wp\/v2\/product_tag?post=70100"}],"curies":[{"name":"wp","href":"https:\/\/api.w.org\/{rel}","templated":true}]}}