{"id":70108,"date":"2026-04-27T14:06:39","date_gmt":"2026-04-27T14:06:39","guid":{"rendered":""},"modified":"2026-04-27T14:06:39","modified_gmt":"2026-04-27T14:06:39","slug":"oblibeny-ekonomicke-obehove-cerpadlo-tc-esp-25-6-130e-elektronicka-70108","status":"publish","type":"product","link":"https:\/\/www.koupeltech.com\/index.php\/produkt\/oblibeny-ekonomicke-obehove-cerpadlo-tc-esp-25-6-130e-elektronicka-70108\/","title":{"rendered":"Obl\u00edben\u00fd Ekonomick\u00e9 ob\u011bhov\u00e9 \u010derpadlo TC ESP 25\/6\/130E, Elektronick\u00e1"},"content":{"rendered":"<div id=\"e4899258\" class=\"pages\">\n<div>\n<div id=\"PDDescription\" class=\"UserContentView userContent v1a v1 bs-view dcon dc164 PDDescription\" ><dc-con><dc-con><bs-empty><\/bs-empty><\/dc-con><dc-con>        <\/p>\n<div class=\"customDescription\">                    <\/div>\n<p><\/dc-con><dc-con>N\u00edzkoenergetick\u00e9 ob\u011bhov\u00e9 \u010derpadlo TC ESP\u00a0je osazeno motorem s permanentn\u00edm magnetem a regulac\u00ed diferenci\u00e1ln\u00edho tlaku, co\u017e umo\u017e\u0148uje automatick\u00e9 a plynul\u00e9 nastaven\u00ed v\u00fdkonu \u010derpadla podle skute\u010dn\u00fdch po\u017eadavk\u016f.Z\u00c1KLADN\u00cd VLASTNOSTI:Ovl\u00e1dac\u00ed panel na p\u0159edn\u00ed stran\u011b pro snadn\u00e9 ovl\u00e1d\u00e1n\u00edOpat\u0159eno automatick\u00fdm adaptivn\u00edm re\u017eimemV\u010detn\u011b tepeln\u00e9 izolaceVysok\u00fd komfortN\u00edzk\u00e1 provozn\u00ed hlu\u010dnost motoru \u010derpadla a cel\u00e9ho syst\u00e9muN\u00edzk\u00e1 spot\u0159eba energieP\u0159ipojovac\u00ed \u0161rouben\u00ed (sou\u010d\u00e1st\u00ed balen\u00ed)\u010cERPADLO SE NEJ\u010cAST\u011aJI POU\u017d\u00cdV\u00c1:v topn\u00fdch syst\u00e9mechv chlad\u00edc\u00edch a klimatiza\u010dn\u00edch syst\u00e9mechMO\u017dNOSTI NASTAVEN\u00cd:AUTOAutomatick\u00fd re\u017eimBL1K\u0159ivka nejni\u017e\u0161\u00edho proporcion\u00e1ln\u00edho tlakuBL2K\u0159ivka nejvy\u0161\u0161\u00edho proporcion\u00e1ln\u00edho tlakuHD1K\u0159ivka nejni\u017e\u0161\u00edho konstantn\u00edho tlakuHD2K\u0159ivka nejvy\u0161\u0161\u00edho konstantn\u00edho tlakuIK\u0159ivka konstantn\u00edch ot\u00e1\u010dek, ot\u00e1\u010dky IIIK\u0159ivka konstantn\u00edch ot\u00e1\u010dek, ot\u00e1\u010dky IIIIIK\u0159ivka konstantn\u00edch ot\u00e1\u010dek, ot\u00e1\u010dky III\u00a0<\/dc-con><\/dc-con><\/div>\n<div id=\"PDDescription2\" class=\"UserContentView userContent v1a v1 bs-view dcon dc165 PDDescription2\" >\n<table class=\"params-table\">\n<tr>\n<td>Nap\u00e1jen\u00ed<\/td>\n<td>230V AC 50Hz<\/td>\n<\/tr>\n<tr>\n<td>\u0160\u00ed\u0159ka potrub\u00ed (mm)<\/td>\n<td>25 mm<\/td>\n<\/tr>\n<tr>\n<td>Jmenovit\u00fd v\u00fdkon<\/td>\n<td>5\/45 W<\/td>\n<\/tr>\n<tr>\n<td>Pr\u016ftok<\/td>\n<td>53 l\/min<\/td>\n<\/tr>\n<tr>\n<td>V\u00fdtlak<\/td>\n<td>6 m<\/td>\n<\/tr>\n<tr>\n<td>Z\u00e1stavbov\u00e1 d\u00e9lka<\/td>\n<td>130 mm<\/td>\n<\/tr>\n<tr>\n<td>Rozsah teploty kapaliny<\/td>\n<td>10 &#8211; 110\u00b0C<\/td>\n<\/tr>\n<tr>\n<td>Maxim\u00e1ln\u00ed tlak<\/td>\n<td>10 bar<\/td>\n<\/tr>\n<tr>\n<td>T\u0159\u00edda kryt\u00ed IP<\/td>\n<td>IP 44<\/td>\n<\/tr>\n<tr>\n<td>Teplota prost\u0159ed\u00ed<\/td>\n<td>Max. 40\u00b0C<\/td>\n<\/tr>\n<\/table>\n<\/div><\/div>\n<div id=\"PDTable3\" class=\"ProductDetailTableView v3a v3 bs-view dcon dc185 PDTable3\" >\n<table>\n<thead><\/thead>\n<tbody>\n<tr class=\"attribute attr_bsshop_maker\">\n<td class=\"caption\">V\u00fdrobce<\/td>\n<td class=\"value\">SALUS \/ Thermo-control<\/td>\n<\/tr>\n<\/tbody>\n<\/table>\n<\/div>\n<div id=\"PdProductGpsr\" class=\"ProductGpsrView v1a v1 bs-view dcon dc217 PdProductGpsr\" >\n<div class=\"subject\"><dc-root class=\"dcon dc219\"><span class=\"title\">Zodpov\u011bdn&#253; subjekt:<\/span><dc-con><dc-con><span class=\"company\">Thermo-control CZ s.r.o.<\/span><span class=\"name\">Thermo-control<\/span><\/dc-con><dc-con><span class=\"street\">A1 PARK, Hlavn&#237; 683\/104<\/span><span class=\"city\">Lelekovice<\/span><span class=\"zip\">664 31<\/span><span class=\"country\">\u010cesko<\/span><\/dc-con><span class=\"email\">obchod@thermo-control.cz<\/span><span class=\"phone\">549 215 938<\/span><bs-empty><\/bs-empty><a href=\"https:\/\/www.thermo-control.cz\/kontakty#technicka-podpora\" class=\"link\" target=\"_blank\">https:\/\/www.thermo-control.cz\/kontakty#technicka-podpora<\/a><\/dc-con><bs-empty><\/bs-empty><\/dc-root><\/div>\n<p><bs-empty><\/bs-empty><\/div>\n<\/div>\n<div id=\"e4899259\" class=\"tabs\">\n","protected":false},"excerpt":{"rendered":"<p>N\u00edzkoenergetick\u00e9 ob\u011bhov\u00e9 \u010derpadlo TC ESP\u00a0je osazeno motorem s permanentn\u00edm magnetem a regulac\u00ed diferenci\u00e1ln\u00edho tlaku, co\u017e umo\u017e\u0148uje automatick\u00e9 a plynul\u00e9 nastaven\u00ed v\u00fdkonu \u010derpadla podle skute\u010dn\u00fdch po\u017eadavk\u016f.Z\u00c1KLADN\u00cd VLASTNOSTI:Ovl\u00e1dac\u00ed panel na p\u0159edn\u00ed stran\u011b pro snadn\u00e9 ovl\u00e1d\u00e1n\u00edOpat\u0159eno automatick\u00fdm adaptivn\u00edm re\u017eimemV\u010detn\u011b tepeln\u00e9 izolaceVysok\u00fd komfortN\u00edzk\u00e1 provozn\u00ed hlu\u010dnost motoru \u010derpadla a cel\u00e9ho syst\u00e9muN\u00edzk\u00e1 spot\u0159eba energieP\u0159ipojovac\u00ed \u0161rouben\u00ed (sou\u010d\u00e1st\u00ed balen\u00ed)\u010cERPADLO SE NEJ\u010cAST\u011aJI POU\u017d\u00cdV\u00c1:v topn\u00fdch [&hellip;]<\/p>\n","protected":false},"featured_media":70208,"comment_status":"open","ping_status":"open","template":"","meta":[],"product_brand":[],"product_cat":[106],"product_tag":[],"class_list":{"0":"post-70108","1":"product","2":"type-product","3":"status-publish","4":"has-post-thumbnail","6":"product_cat-cerpadla-vod-225-rny","8":"first","9":"instock","10":"sale","11":"shipping-taxable","12":"purchasable","13":"product-type-simple"},"yoast_head":"<!-- This site is optimized with the Yoast SEO plugin v26.8 - https:\/\/yoast.com\/product\/yoast-seo-wordpress\/ -->\n<title>Obl\u00edben\u00fd Ekonomick\u00e9 ob\u011bhov\u00e9 \u010derpadlo TC ESP 25\/6\/130E, Elektronick\u00e1 -<\/title>\n<meta name=\"robots\" content=\"index, follow, max-snippet:-1, max-image-preview:large, max-video-preview:-1\" \/>\n<link rel=\"canonical\" href=\"https:\/\/www.koupeltech.com\/index.php\/produkt\/oblibeny-ekonomicke-obehove-cerpadlo-tc-esp-25-6-130e-elektronicka-70108\/\" \/>\n<meta property=\"og:locale\" content=\"cs_CZ\" \/>\n<meta property=\"og:type\" content=\"article\" \/>\n<meta property=\"og:title\" content=\"Obl\u00edben\u00fd Ekonomick\u00e9 ob\u011bhov\u00e9 \u010derpadlo TC ESP 25\/6\/130E, Elektronick\u00e1 -\" \/>\n<meta property=\"og:description\" content=\"N\u00edzkoenergetick\u00e9 ob\u011bhov\u00e9 \u010derpadlo TC ESP\u00a0je osazeno motorem s permanentn\u00edm magnetem a regulac\u00ed diferenci\u00e1ln\u00edho tlaku, co\u017e umo\u017e\u0148uje automatick\u00e9 a plynul\u00e9 nastaven\u00ed v\u00fdkonu \u010derpadla podle skute\u010dn\u00fdch po\u017eadavk\u016f.Z\u00c1KLADN\u00cd VLASTNOSTI:Ovl\u00e1dac\u00ed panel na p\u0159edn\u00ed stran\u011b pro snadn\u00e9 ovl\u00e1d\u00e1n\u00edOpat\u0159eno automatick\u00fdm adaptivn\u00edm re\u017eimemV\u010detn\u011b tepeln\u00e9 izolaceVysok\u00fd komfortN\u00edzk\u00e1 provozn\u00ed hlu\u010dnost motoru \u010derpadla a cel\u00e9ho syst\u00e9muN\u00edzk\u00e1 spot\u0159eba energieP\u0159ipojovac\u00ed \u0161rouben\u00ed (sou\u010d\u00e1st\u00ed balen\u00ed)\u010cERPADLO SE NEJ\u010cAST\u011aJI POU\u017d\u00cdV\u00c1:v topn\u00fdch [&hellip;]\" \/>\n<meta property=\"og:url\" content=\"https:\/\/www.koupeltech.com\/index.php\/produkt\/oblibeny-ekonomicke-obehove-cerpadlo-tc-esp-25-6-130e-elektronicka-70108\/\" \/>\n<meta property=\"og:image\" content=\"https:\/\/www.koupeltech.com\/wp-content\/uploads\/2026\/SK0022443-CZ20260425-093449-0-1777080896-ekonomicke-obehove-cerpadlo-tc-esp-25-6-130e-elektronicka.p.webp\" \/>\n\t<meta property=\"og:image:width\" content=\"1000\" \/>\n\t<meta property=\"og:image:height\" content=\"525\" \/>\n\t<meta property=\"og:image:type\" content=\"image\/webp\" \/>\n<meta name=\"twitter:card\" content=\"summary_large_image\" \/>\n<meta name=\"twitter:label1\" content=\"Odhadovan\u00e1 doba \u010dten\u00ed\" \/>\n\t<meta name=\"twitter:data1\" content=\"1 minuta\" \/>\n<script type=\"application\/ld+json\" class=\"yoast-schema-graph\">{\"@context\":\"https:\/\/schema.org\",\"@graph\":[{\"@type\":\"WebPage\",\"@id\":\"https:\/\/www.koupeltech.com\/index.php\/produkt\/oblibeny-ekonomicke-obehove-cerpadlo-tc-esp-25-6-130e-elektronicka-70108\/\",\"url\":\"https:\/\/www.koupeltech.com\/index.php\/produkt\/oblibeny-ekonomicke-obehove-cerpadlo-tc-esp-25-6-130e-elektronicka-70108\/\",\"name\":\"Obl\u00edben\u00fd Ekonomick\u00e9 ob\u011bhov\u00e9 \u010derpadlo TC ESP 25\/6\/130E, Elektronick\u00e1 -\",\"isPartOf\":{\"@id\":\"https:\/\/www.koupeltech.com\/#website\"},\"primaryImageOfPage\":{\"@id\":\"https:\/\/www.koupeltech.com\/index.php\/produkt\/oblibeny-ekonomicke-obehove-cerpadlo-tc-esp-25-6-130e-elektronicka-70108\/#primaryimage\"},\"image\":{\"@id\":\"https:\/\/www.koupeltech.com\/index.php\/produkt\/oblibeny-ekonomicke-obehove-cerpadlo-tc-esp-25-6-130e-elektronicka-70108\/#primaryimage\"},\"thumbnailUrl\":\"https:\/\/www.koupeltech.com\/wp-content\/uploads\/2026\/SK0022443-CZ20260425-093449-0-1777080896-ekonomicke-obehove-cerpadlo-tc-esp-25-6-130e-elektronicka.p.webp\",\"datePublished\":\"2026-04-27T14:06:39+00:00\",\"breadcrumb\":{\"@id\":\"https:\/\/www.koupeltech.com\/index.php\/produkt\/oblibeny-ekonomicke-obehove-cerpadlo-tc-esp-25-6-130e-elektronicka-70108\/#breadcrumb\"},\"inLanguage\":\"cs\",\"potentialAction\":[{\"@type\":\"ReadAction\",\"target\":[\"https:\/\/www.koupeltech.com\/index.php\/produkt\/oblibeny-ekonomicke-obehove-cerpadlo-tc-esp-25-6-130e-elektronicka-70108\/\"]}]},{\"@type\":\"ImageObject\",\"inLanguage\":\"cs\",\"@id\":\"https:\/\/www.koupeltech.com\/index.php\/produkt\/oblibeny-ekonomicke-obehove-cerpadlo-tc-esp-25-6-130e-elektronicka-70108\/#primaryimage\",\"url\":\"https:\/\/www.koupeltech.com\/wp-content\/uploads\/2026\/SK0022443-CZ20260425-093449-0-1777080896-ekonomicke-obehove-cerpadlo-tc-esp-25-6-130e-elektronicka.p.webp\",\"contentUrl\":\"https:\/\/www.koupeltech.com\/wp-content\/uploads\/2026\/SK0022443-CZ20260425-093449-0-1777080896-ekonomicke-obehove-cerpadlo-tc-esp-25-6-130e-elektronicka.p.webp\",\"width\":1000,\"height\":525},{\"@type\":\"BreadcrumbList\",\"@id\":\"https:\/\/www.koupeltech.com\/index.php\/produkt\/oblibeny-ekonomicke-obehove-cerpadlo-tc-esp-25-6-130e-elektronicka-70108\/#breadcrumb\",\"itemListElement\":[{\"@type\":\"ListItem\",\"position\":1,\"name\":\"Home\",\"item\":\"https:\/\/www.koupeltech.com\/\"},{\"@type\":\"ListItem\",\"position\":2,\"name\":\"Products\",\"item\":\"https:\/\/www.koupeltech.com\/index.php\/products\/\"},{\"@type\":\"ListItem\",\"position\":3,\"name\":\"Obl\u00edben\u00fd Ekonomick\u00e9 ob\u011bhov\u00e9 \u010derpadlo TC ESP 25\/6\/130E, Elektronick\u00e1\"}]},{\"@type\":\"WebSite\",\"@id\":\"https:\/\/www.koupeltech.com\/#website\",\"url\":\"https:\/\/www.koupeltech.com\/\",\"name\":\"\",\"description\":\"\",\"potentialAction\":[{\"@type\":\"SearchAction\",\"target\":{\"@type\":\"EntryPoint\",\"urlTemplate\":\"https:\/\/www.koupeltech.com\/?s={search_term_string}\"},\"query-input\":{\"@type\":\"PropertyValueSpecification\",\"valueRequired\":true,\"valueName\":\"search_term_string\"}}],\"inLanguage\":\"cs\"}]}<\/script>\n<!-- \/ Yoast SEO plugin. -->","yoast_head_json":{"title":"Obl\u00edben\u00fd Ekonomick\u00e9 ob\u011bhov\u00e9 \u010derpadlo TC ESP 25\/6\/130E, Elektronick\u00e1 -","robots":{"index":"index","follow":"follow","max-snippet":"max-snippet:-1","max-image-preview":"max-image-preview:large","max-video-preview":"max-video-preview:-1"},"canonical":"https:\/\/www.koupeltech.com\/index.php\/produkt\/oblibeny-ekonomicke-obehove-cerpadlo-tc-esp-25-6-130e-elektronicka-70108\/","og_locale":"cs_CZ","og_type":"article","og_title":"Obl\u00edben\u00fd Ekonomick\u00e9 ob\u011bhov\u00e9 \u010derpadlo TC ESP 25\/6\/130E, Elektronick\u00e1 -","og_description":"N\u00edzkoenergetick\u00e9 ob\u011bhov\u00e9 \u010derpadlo TC ESP\u00a0je osazeno motorem s permanentn\u00edm magnetem a regulac\u00ed diferenci\u00e1ln\u00edho tlaku, co\u017e umo\u017e\u0148uje automatick\u00e9 a plynul\u00e9 nastaven\u00ed v\u00fdkonu \u010derpadla podle skute\u010dn\u00fdch po\u017eadavk\u016f.Z\u00c1KLADN\u00cd VLASTNOSTI:Ovl\u00e1dac\u00ed panel na p\u0159edn\u00ed stran\u011b pro snadn\u00e9 ovl\u00e1d\u00e1n\u00edOpat\u0159eno automatick\u00fdm adaptivn\u00edm re\u017eimemV\u010detn\u011b tepeln\u00e9 izolaceVysok\u00fd komfortN\u00edzk\u00e1 provozn\u00ed hlu\u010dnost motoru \u010derpadla a cel\u00e9ho syst\u00e9muN\u00edzk\u00e1 spot\u0159eba energieP\u0159ipojovac\u00ed \u0161rouben\u00ed (sou\u010d\u00e1st\u00ed balen\u00ed)\u010cERPADLO SE NEJ\u010cAST\u011aJI POU\u017d\u00cdV\u00c1:v topn\u00fdch [&hellip;]","og_url":"https:\/\/www.koupeltech.com\/index.php\/produkt\/oblibeny-ekonomicke-obehove-cerpadlo-tc-esp-25-6-130e-elektronicka-70108\/","og_image":[{"width":1000,"height":525,"url":"https:\/\/www.koupeltech.com\/wp-content\/uploads\/2026\/SK0022443-CZ20260425-093449-0-1777080896-ekonomicke-obehove-cerpadlo-tc-esp-25-6-130e-elektronicka.p.webp","type":"image\/webp"}],"twitter_card":"summary_large_image","twitter_misc":{"Odhadovan\u00e1 doba \u010dten\u00ed":"1 minuta"},"schema":{"@context":"https:\/\/schema.org","@graph":[{"@type":"WebPage","@id":"https:\/\/www.koupeltech.com\/index.php\/produkt\/oblibeny-ekonomicke-obehove-cerpadlo-tc-esp-25-6-130e-elektronicka-70108\/","url":"https:\/\/www.koupeltech.com\/index.php\/produkt\/oblibeny-ekonomicke-obehove-cerpadlo-tc-esp-25-6-130e-elektronicka-70108\/","name":"Obl\u00edben\u00fd Ekonomick\u00e9 ob\u011bhov\u00e9 \u010derpadlo TC ESP 25\/6\/130E, Elektronick\u00e1 -","isPartOf":{"@id":"https:\/\/www.koupeltech.com\/#website"},"primaryImageOfPage":{"@id":"https:\/\/www.koupeltech.com\/index.php\/produkt\/oblibeny-ekonomicke-obehove-cerpadlo-tc-esp-25-6-130e-elektronicka-70108\/#primaryimage"},"image":{"@id":"https:\/\/www.koupeltech.com\/index.php\/produkt\/oblibeny-ekonomicke-obehove-cerpadlo-tc-esp-25-6-130e-elektronicka-70108\/#primaryimage"},"thumbnailUrl":"https:\/\/www.koupeltech.com\/wp-content\/uploads\/2026\/SK0022443-CZ20260425-093449-0-1777080896-ekonomicke-obehove-cerpadlo-tc-esp-25-6-130e-elektronicka.p.webp","datePublished":"2026-04-27T14:06:39+00:00","breadcrumb":{"@id":"https:\/\/www.koupeltech.com\/index.php\/produkt\/oblibeny-ekonomicke-obehove-cerpadlo-tc-esp-25-6-130e-elektronicka-70108\/#breadcrumb"},"inLanguage":"cs","potentialAction":[{"@type":"ReadAction","target":["https:\/\/www.koupeltech.com\/index.php\/produkt\/oblibeny-ekonomicke-obehove-cerpadlo-tc-esp-25-6-130e-elektronicka-70108\/"]}]},{"@type":"ImageObject","inLanguage":"cs","@id":"https:\/\/www.koupeltech.com\/index.php\/produkt\/oblibeny-ekonomicke-obehove-cerpadlo-tc-esp-25-6-130e-elektronicka-70108\/#primaryimage","url":"https:\/\/www.koupeltech.com\/wp-content\/uploads\/2026\/SK0022443-CZ20260425-093449-0-1777080896-ekonomicke-obehove-cerpadlo-tc-esp-25-6-130e-elektronicka.p.webp","contentUrl":"https:\/\/www.koupeltech.com\/wp-content\/uploads\/2026\/SK0022443-CZ20260425-093449-0-1777080896-ekonomicke-obehove-cerpadlo-tc-esp-25-6-130e-elektronicka.p.webp","width":1000,"height":525},{"@type":"BreadcrumbList","@id":"https:\/\/www.koupeltech.com\/index.php\/produkt\/oblibeny-ekonomicke-obehove-cerpadlo-tc-esp-25-6-130e-elektronicka-70108\/#breadcrumb","itemListElement":[{"@type":"ListItem","position":1,"name":"Home","item":"https:\/\/www.koupeltech.com\/"},{"@type":"ListItem","position":2,"name":"Products","item":"https:\/\/www.koupeltech.com\/index.php\/products\/"},{"@type":"ListItem","position":3,"name":"Obl\u00edben\u00fd Ekonomick\u00e9 ob\u011bhov\u00e9 \u010derpadlo TC ESP 25\/6\/130E, Elektronick\u00e1"}]},{"@type":"WebSite","@id":"https:\/\/www.koupeltech.com\/#website","url":"https:\/\/www.koupeltech.com\/","name":"","description":"","potentialAction":[{"@type":"SearchAction","target":{"@type":"EntryPoint","urlTemplate":"https:\/\/www.koupeltech.com\/?s={search_term_string}"},"query-input":{"@type":"PropertyValueSpecification","valueRequired":true,"valueName":"search_term_string"}}],"inLanguage":"cs"}]}},"_links":{"self":[{"href":"https:\/\/www.koupeltech.com\/index.php\/wp-json\/wp\/v2\/product\/70108","targetHints":{"allow":["GET"]}}],"collection":[{"href":"https:\/\/www.koupeltech.com\/index.php\/wp-json\/wp\/v2\/product"}],"about":[{"href":"https:\/\/www.koupeltech.com\/index.php\/wp-json\/wp\/v2\/types\/product"}],"replies":[{"embeddable":true,"href":"https:\/\/www.koupeltech.com\/index.php\/wp-json\/wp\/v2\/comments?post=70108"}],"wp:featuredmedia":[{"embeddable":true,"href":"https:\/\/www.koupeltech.com\/index.php\/wp-json\/wp\/v2\/media\/70208"}],"wp:attachment":[{"href":"https:\/\/www.koupeltech.com\/index.php\/wp-json\/wp\/v2\/media?parent=70108"}],"wp:term":[{"taxonomy":"product_brand","embeddable":true,"href":"https:\/\/www.koupeltech.com\/index.php\/wp-json\/wp\/v2\/product_brand?post=70108"},{"taxonomy":"product_cat","embeddable":true,"href":"https:\/\/www.koupeltech.com\/index.php\/wp-json\/wp\/v2\/product_cat?post=70108"},{"taxonomy":"product_tag","embeddable":true,"href":"https:\/\/www.koupeltech.com\/index.php\/wp-json\/wp\/v2\/product_tag?post=70108"}],"curies":[{"name":"wp","href":"https:\/\/api.w.org\/{rel}","templated":true}]}}