{"id":70112,"date":"2026-04-27T14:06:39","date_gmt":"2026-04-27T14:06:39","guid":{"rendered":""},"modified":"2026-04-27T14:06:39","modified_gmt":"2026-04-27T14:06:39","slug":"salus-internetovy-bezdratovy-programovatelny-termostat-it500-internetove-termostaty-cenove-vyhodny-70112","status":"publish","type":"product","link":"https:\/\/www.koupeltech.com\/index.php\/produkt\/salus-internetovy-bezdratovy-programovatelny-termostat-it500-internetove-termostaty-cenove-vyhodny-70112\/","title":{"rendered":"SALUS Internetov\u00fd bezdr\u00e1tov\u00fd programovateln\u00fd termostat iT500, Internetov\u00e9 termostaty Cenov\u011b V\u00fdhodn\u00fd"},"content":{"rendered":"<div id=\"e5399213\" class=\"pages\">\n<div>\n<div id=\"PDDescription\" class=\"UserContentView userContent v1a v1 bs-view dcon dc164 PDDescription\" ><dc-con><dc-con><bs-empty><\/bs-empty><\/dc-con><dc-con>        <\/p>\n<div class=\"customDescription\">                    <\/div>\n<p><\/dc-con><dc-con>Termostat SALUS iT500 \u0159\u00edd\u00ed Va\u0161e vyt\u00e1p\u011bn\u00ed a cirkulaci tepl\u00e9 vody z libovoln\u00e9ho m\u00edsta prost\u0159ednictv\u00edm telefonu nebo po\u010d\u00edta\u010de. V\u00e1\u0161 telefon nebo tablet se p\u0159ipojuj\u00ed k syst\u00e9mu pomoc\u00ed st\u00e1vaj\u00edc\u00edch \u0161irokop\u00e1smov\u00fdch p\u0159ipojen\u00ed. Syst\u00e9m je bezdr\u00e1tov\u00fd, tak\u017ee je snadn\u00e9 jej instalovat. Bezdr\u00e1tov\u00e1 sada za\u0159\u00edzen\u00ed, kter\u00e1 umo\u017e\u0148uje ovl\u00e1dat teplotu \u00daT a TUV prost\u0159ednictv\u00edm mobiln\u00ed aplikace iT500 Plus.TERMOSTAT LZE NAKONFIGUROVAT NA OVL\u00c1D\u00c1N\u00cd:Jedn\u00e9 topn\u00e9 z\u00f3nyDvou nez\u00e1visl\u00fdch topn\u00fdch z\u00f3n (je pot\u0159eba zakoupit sn\u00edma\u010d teploty SALUS iT300)Jedn\u00e9 topn\u00e9 z\u00f3ny a \u010dasova\u010de TUVZ\u00c1KLADN\u00cd VLASTNOSTI:Modern\u00ed vzhledP\u0159ehledn\u00fd displej s dotykov\u00fdm ovl\u00e1d\u00e1n\u00edmBezdr\u00e1tov\u00e1 komunikace na frekvenci 868 MHz\u0158\u00edzen\u00ed ob\u011bhu \u00daT i cirkulaci TUV dle \u010dasov\u00e9ho harmonogramuManu\u00e1ln\u00ed re\u017eim a re\u017eim dovolen\u00e1Mo\u017enost nastavit 3 \u010dasy zapnut\u00ed a vypnut\u00ed cirkulace TUVMo\u017enost nastaven\u00ed a\u017e 6 teplotn\u00edch \u00farovn\u00ed na ka\u017ed\u00fd denJednoduch\u00e9 ovl\u00e1d\u00e1n\u00ed a nastaven\u00ed termostatu pomoc\u00ed aplikace SALUS iT500 PlusBALEN\u00cd OBSAHUJE:Termostat iT500TRP\u0159ij\u00edma\u010d iT500RXInternetovou br\u00e1nu iTG500 \u00a0 \u00a0\u00a0 <\/dc-con><\/dc-con><\/div>\n<div id=\"PDDescription2\" class=\"UserContentView userContent v1a v1 bs-view dcon dc165 PDDescription2\" >\n<table class=\"params-table\">\n<tr>\n<td>Nap\u00e1jen\u00ed termostatu<\/td>\n<td>2 x AA alkalick\u00e9 baterie<\/td>\n<\/tr>\n<tr>\n<td>Nap\u00e1jen\u00ed p\u0159ij\u00edma\u010de<\/td>\n<td>230V AC 50Hz<\/td>\n<\/tr>\n<tr>\n<td>Nap\u00e1jen\u00ed internetov\u00e9 br\u00e1ny<\/td>\n<td>5V DC<\/td>\n<\/tr>\n<tr>\n<td>Maxim\u00e1ln\u00ed odporov\u00e1 z\u00e1t\u011b\u017e<\/td>\n<td>CH1: 16(5)A, CH2: 5(3)A<\/td>\n<\/tr>\n<tr>\n<td>Sp\u00edn\u00e1n\u00ed<\/td>\n<td>2x beznap\u011b\u0165ov\u00fd kontakt NO\/COM\/NC<\/td>\n<\/tr>\n<tr>\n<td>Rozsah \u0159\u00edzen\u00ed teploty<\/td>\n<td>5-35\u00b0C<\/td>\n<\/tr>\n<tr>\n<td>Citlivost teploty<\/td>\n<td>0,5\u00b0C<\/td>\n<\/tr>\n<tr>\n<td>Hystereze<\/td>\n<td>\u00b10,5\u00b0C<\/td>\n<\/tr>\n<tr>\n<td>P\u0159ij\u00edma\u010d<\/td>\n<td>iT500RX (nelze koupit samostatn\u011b)<\/td>\n<\/tr>\n<tr>\n<td>Sign\u00e1l RF<\/td>\n<td>868 MHz<\/td>\n<\/tr>\n<tr>\n<td>Rozm\u011bry termostatu [mm]<\/td>\n<td>128 x 95 x 35<\/td>\n<\/tr>\n<tr>\n<td>Rozm\u011bry p\u0159ij\u00edma\u010de [mm]<\/td>\n<td>150 x 100 x 35<\/td>\n<\/tr>\n<tr>\n<td>Rozm\u011bry internetov\u00e9 br\u00e1ny [mm]<\/td>\n<td>39 x 91 x 25, ant\u00e9na: 70<\/td>\n<\/tr>\n<\/table>\n<\/div><\/div>\n<div id=\"PDTable3\" class=\"ProductDetailTableView v3a v3 bs-view dcon dc185 PDTable3\" >\n<table>\n<thead><\/thead>\n<tbody>\n<tr class=\"attribute attr_typ\">\n<td class=\"caption\">Typ<\/td>\n<td class=\"value\">Bezdr\u00e1tov\u00e9<\/td>\n<\/tr>\n<tr class=\"attribute attr_kategorie\">\n<td class=\"caption\">Kategorie<\/td>\n<td class=\"value\">Digit\u00e1ln\u00ed<\/td>\n<\/tr>\n<tr class=\"attribute attr_bsshop_maker\">\n<td class=\"caption\">V\u00fdrobce<\/td>\n<td class=\"value\">SALUS \/ Thermo-control<\/td>\n<\/tr>\n<\/tbody>\n<\/table>\n<\/div>\n<div id=\"PdProductGpsr\" class=\"ProductGpsrView v1a v1 bs-view dcon dc217 PdProductGpsr\" >\n<div class=\"subject\"><dc-root class=\"dcon dc219\"><span class=\"title\">Zodpov\u011bdn&#253; subjekt:<\/span><dc-con><dc-con><span class=\"company\">Thermo-control CZ s.r.o.<\/span><span class=\"name\">Thermo-control<\/span><\/dc-con><dc-con><span class=\"street\">A1 PARK, Hlavn&#237; 683\/104<\/span><span class=\"city\">Lelekovice<\/span><span class=\"zip\">664 31<\/span><span class=\"country\">\u010cesko<\/span><\/dc-con><span class=\"email\">obchod@thermo-control.cz<\/span><span class=\"phone\">549 215 938<\/span><bs-empty><\/bs-empty><a href=\"https:\/\/www.thermo-control.cz\/kontakty#technicka-podpora\" class=\"link\" target=\"_blank\">https:\/\/www.thermo-control.cz\/kontakty#technicka-podpora<\/a><\/dc-con><bs-empty><\/bs-empty><\/dc-root><\/div>\n<p><bs-empty><\/bs-empty><\/div>\n<\/div>\n<div id=\"e5399214\" class=\"tabs\">\n","protected":false},"excerpt":{"rendered":"<p>Termostat SALUS iT500 \u0159\u00edd\u00ed Va\u0161e vyt\u00e1p\u011bn\u00ed a cirkulaci tepl\u00e9 vody z libovoln\u00e9ho m\u00edsta prost\u0159ednictv\u00edm telefonu nebo po\u010d\u00edta\u010de. V\u00e1\u0161 telefon nebo tablet se p\u0159ipojuj\u00ed k syst\u00e9mu pomoc\u00ed st\u00e1vaj\u00edc\u00edch \u0161irokop\u00e1smov\u00fdch p\u0159ipojen\u00ed. Syst\u00e9m je bezdr\u00e1tov\u00fd, tak\u017ee je snadn\u00e9 jej instalovat. Bezdr\u00e1tov\u00e1 sada za\u0159\u00edzen\u00ed, kter\u00e1 umo\u017e\u0148uje ovl\u00e1dat teplotu \u00daT a TUV prost\u0159ednictv\u00edm mobiln\u00ed aplikace iT500 Plus.TERMOSTAT LZE NAKONFIGUROVAT NA [&hellip;]<\/p>\n","protected":false},"featured_media":70212,"comment_status":"open","ping_status":"open","template":"","meta":[],"product_brand":[],"product_cat":[102],"product_tag":[],"class_list":{"0":"post-70112","1":"product","2":"type-product","3":"status-publish","4":"has-post-thumbnail","6":"product_cat-regulace-termostaty","8":"first","9":"instock","10":"sale","11":"shipping-taxable","12":"purchasable","13":"product-type-simple"},"yoast_head":"<!-- This site is optimized with the Yoast SEO plugin v26.8 - https:\/\/yoast.com\/product\/yoast-seo-wordpress\/ -->\n<title>SALUS Internetov\u00fd bezdr\u00e1tov\u00fd programovateln\u00fd termostat iT500, Internetov\u00e9 termostaty Cenov\u011b V\u00fdhodn\u00fd -<\/title>\n<meta name=\"robots\" content=\"index, follow, max-snippet:-1, max-image-preview:large, max-video-preview:-1\" \/>\n<link rel=\"canonical\" href=\"https:\/\/www.koupeltech.com\/index.php\/produkt\/salus-internetovy-bezdratovy-programovatelny-termostat-it500-internetove-termostaty-cenove-vyhodny-70112\/\" \/>\n<meta property=\"og:locale\" content=\"cs_CZ\" \/>\n<meta property=\"og:type\" content=\"article\" \/>\n<meta property=\"og:title\" content=\"SALUS Internetov\u00fd bezdr\u00e1tov\u00fd programovateln\u00fd termostat iT500, Internetov\u00e9 termostaty Cenov\u011b V\u00fdhodn\u00fd -\" \/>\n<meta property=\"og:description\" content=\"Termostat SALUS iT500 \u0159\u00edd\u00ed Va\u0161e vyt\u00e1p\u011bn\u00ed a cirkulaci tepl\u00e9 vody z libovoln\u00e9ho m\u00edsta prost\u0159ednictv\u00edm telefonu nebo po\u010d\u00edta\u010de. V\u00e1\u0161 telefon nebo tablet se p\u0159ipojuj\u00ed k syst\u00e9mu pomoc\u00ed st\u00e1vaj\u00edc\u00edch \u0161irokop\u00e1smov\u00fdch p\u0159ipojen\u00ed. Syst\u00e9m je bezdr\u00e1tov\u00fd, tak\u017ee je snadn\u00e9 jej instalovat. Bezdr\u00e1tov\u00e1 sada za\u0159\u00edzen\u00ed, kter\u00e1 umo\u017e\u0148uje ovl\u00e1dat teplotu \u00daT a TUV prost\u0159ednictv\u00edm mobiln\u00ed aplikace iT500 Plus.TERMOSTAT LZE NAKONFIGUROVAT NA [&hellip;]\" \/>\n<meta property=\"og:url\" content=\"https:\/\/www.koupeltech.com\/index.php\/produkt\/salus-internetovy-bezdratovy-programovatelny-termostat-it500-internetove-termostaty-cenove-vyhodny-70112\/\" \/>\n<meta property=\"og:image\" content=\"https:\/\/www.koupeltech.com\/wp-content\/uploads\/2026\/SK0022447-CZ20260425-093449-0-1777080896-salus-internetovy-bezdratovy-programovatelny-termostat-it50.webp\" \/>\n\t<meta property=\"og:image:width\" content=\"1000\" \/>\n\t<meta property=\"og:image:height\" content=\"525\" \/>\n\t<meta property=\"og:image:type\" content=\"image\/webp\" \/>\n<meta name=\"twitter:card\" content=\"summary_large_image\" \/>\n<meta name=\"twitter:label1\" content=\"Odhadovan\u00e1 doba \u010dten\u00ed\" \/>\n\t<meta name=\"twitter:data1\" content=\"1 minuta\" \/>\n<script type=\"application\/ld+json\" class=\"yoast-schema-graph\">{\"@context\":\"https:\/\/schema.org\",\"@graph\":[{\"@type\":\"WebPage\",\"@id\":\"https:\/\/www.koupeltech.com\/index.php\/produkt\/salus-internetovy-bezdratovy-programovatelny-termostat-it500-internetove-termostaty-cenove-vyhodny-70112\/\",\"url\":\"https:\/\/www.koupeltech.com\/index.php\/produkt\/salus-internetovy-bezdratovy-programovatelny-termostat-it500-internetove-termostaty-cenove-vyhodny-70112\/\",\"name\":\"SALUS Internetov\u00fd bezdr\u00e1tov\u00fd programovateln\u00fd termostat iT500, Internetov\u00e9 termostaty Cenov\u011b V\u00fdhodn\u00fd -\",\"isPartOf\":{\"@id\":\"https:\/\/www.koupeltech.com\/#website\"},\"primaryImageOfPage\":{\"@id\":\"https:\/\/www.koupeltech.com\/index.php\/produkt\/salus-internetovy-bezdratovy-programovatelny-termostat-it500-internetove-termostaty-cenove-vyhodny-70112\/#primaryimage\"},\"image\":{\"@id\":\"https:\/\/www.koupeltech.com\/index.php\/produkt\/salus-internetovy-bezdratovy-programovatelny-termostat-it500-internetove-termostaty-cenove-vyhodny-70112\/#primaryimage\"},\"thumbnailUrl\":\"https:\/\/www.koupeltech.com\/wp-content\/uploads\/2026\/SK0022447-CZ20260425-093449-0-1777080896-salus-internetovy-bezdratovy-programovatelny-termostat-it50.webp\",\"datePublished\":\"2026-04-27T14:06:39+00:00\",\"breadcrumb\":{\"@id\":\"https:\/\/www.koupeltech.com\/index.php\/produkt\/salus-internetovy-bezdratovy-programovatelny-termostat-it500-internetove-termostaty-cenove-vyhodny-70112\/#breadcrumb\"},\"inLanguage\":\"cs\",\"potentialAction\":[{\"@type\":\"ReadAction\",\"target\":[\"https:\/\/www.koupeltech.com\/index.php\/produkt\/salus-internetovy-bezdratovy-programovatelny-termostat-it500-internetove-termostaty-cenove-vyhodny-70112\/\"]}]},{\"@type\":\"ImageObject\",\"inLanguage\":\"cs\",\"@id\":\"https:\/\/www.koupeltech.com\/index.php\/produkt\/salus-internetovy-bezdratovy-programovatelny-termostat-it500-internetove-termostaty-cenove-vyhodny-70112\/#primaryimage\",\"url\":\"https:\/\/www.koupeltech.com\/wp-content\/uploads\/2026\/SK0022447-CZ20260425-093449-0-1777080896-salus-internetovy-bezdratovy-programovatelny-termostat-it50.webp\",\"contentUrl\":\"https:\/\/www.koupeltech.com\/wp-content\/uploads\/2026\/SK0022447-CZ20260425-093449-0-1777080896-salus-internetovy-bezdratovy-programovatelny-termostat-it50.webp\",\"width\":1000,\"height\":525},{\"@type\":\"BreadcrumbList\",\"@id\":\"https:\/\/www.koupeltech.com\/index.php\/produkt\/salus-internetovy-bezdratovy-programovatelny-termostat-it500-internetove-termostaty-cenove-vyhodny-70112\/#breadcrumb\",\"itemListElement\":[{\"@type\":\"ListItem\",\"position\":1,\"name\":\"Home\",\"item\":\"https:\/\/www.koupeltech.com\/\"},{\"@type\":\"ListItem\",\"position\":2,\"name\":\"Products\",\"item\":\"https:\/\/www.koupeltech.com\/index.php\/products\/\"},{\"@type\":\"ListItem\",\"position\":3,\"name\":\"SALUS Internetov\u00fd bezdr\u00e1tov\u00fd programovateln\u00fd termostat iT500, Internetov\u00e9 termostaty Cenov\u011b V\u00fdhodn\u00fd\"}]},{\"@type\":\"WebSite\",\"@id\":\"https:\/\/www.koupeltech.com\/#website\",\"url\":\"https:\/\/www.koupeltech.com\/\",\"name\":\"\",\"description\":\"\",\"potentialAction\":[{\"@type\":\"SearchAction\",\"target\":{\"@type\":\"EntryPoint\",\"urlTemplate\":\"https:\/\/www.koupeltech.com\/?s={search_term_string}\"},\"query-input\":{\"@type\":\"PropertyValueSpecification\",\"valueRequired\":true,\"valueName\":\"search_term_string\"}}],\"inLanguage\":\"cs\"}]}<\/script>\n<!-- \/ Yoast SEO plugin. -->","yoast_head_json":{"title":"SALUS Internetov\u00fd bezdr\u00e1tov\u00fd programovateln\u00fd termostat iT500, Internetov\u00e9 termostaty Cenov\u011b V\u00fdhodn\u00fd -","robots":{"index":"index","follow":"follow","max-snippet":"max-snippet:-1","max-image-preview":"max-image-preview:large","max-video-preview":"max-video-preview:-1"},"canonical":"https:\/\/www.koupeltech.com\/index.php\/produkt\/salus-internetovy-bezdratovy-programovatelny-termostat-it500-internetove-termostaty-cenove-vyhodny-70112\/","og_locale":"cs_CZ","og_type":"article","og_title":"SALUS Internetov\u00fd bezdr\u00e1tov\u00fd programovateln\u00fd termostat iT500, Internetov\u00e9 termostaty Cenov\u011b V\u00fdhodn\u00fd -","og_description":"Termostat SALUS iT500 \u0159\u00edd\u00ed Va\u0161e vyt\u00e1p\u011bn\u00ed a cirkulaci tepl\u00e9 vody z libovoln\u00e9ho m\u00edsta prost\u0159ednictv\u00edm telefonu nebo po\u010d\u00edta\u010de. V\u00e1\u0161 telefon nebo tablet se p\u0159ipojuj\u00ed k syst\u00e9mu pomoc\u00ed st\u00e1vaj\u00edc\u00edch \u0161irokop\u00e1smov\u00fdch p\u0159ipojen\u00ed. Syst\u00e9m je bezdr\u00e1tov\u00fd, tak\u017ee je snadn\u00e9 jej instalovat. Bezdr\u00e1tov\u00e1 sada za\u0159\u00edzen\u00ed, kter\u00e1 umo\u017e\u0148uje ovl\u00e1dat teplotu \u00daT a TUV prost\u0159ednictv\u00edm mobiln\u00ed aplikace iT500 Plus.TERMOSTAT LZE NAKONFIGUROVAT NA [&hellip;]","og_url":"https:\/\/www.koupeltech.com\/index.php\/produkt\/salus-internetovy-bezdratovy-programovatelny-termostat-it500-internetove-termostaty-cenove-vyhodny-70112\/","og_image":[{"width":1000,"height":525,"url":"https:\/\/www.koupeltech.com\/wp-content\/uploads\/2026\/SK0022447-CZ20260425-093449-0-1777080896-salus-internetovy-bezdratovy-programovatelny-termostat-it50.webp","type":"image\/webp"}],"twitter_card":"summary_large_image","twitter_misc":{"Odhadovan\u00e1 doba \u010dten\u00ed":"1 minuta"},"schema":{"@context":"https:\/\/schema.org","@graph":[{"@type":"WebPage","@id":"https:\/\/www.koupeltech.com\/index.php\/produkt\/salus-internetovy-bezdratovy-programovatelny-termostat-it500-internetove-termostaty-cenove-vyhodny-70112\/","url":"https:\/\/www.koupeltech.com\/index.php\/produkt\/salus-internetovy-bezdratovy-programovatelny-termostat-it500-internetove-termostaty-cenove-vyhodny-70112\/","name":"SALUS Internetov\u00fd bezdr\u00e1tov\u00fd programovateln\u00fd termostat iT500, Internetov\u00e9 termostaty Cenov\u011b V\u00fdhodn\u00fd -","isPartOf":{"@id":"https:\/\/www.koupeltech.com\/#website"},"primaryImageOfPage":{"@id":"https:\/\/www.koupeltech.com\/index.php\/produkt\/salus-internetovy-bezdratovy-programovatelny-termostat-it500-internetove-termostaty-cenove-vyhodny-70112\/#primaryimage"},"image":{"@id":"https:\/\/www.koupeltech.com\/index.php\/produkt\/salus-internetovy-bezdratovy-programovatelny-termostat-it500-internetove-termostaty-cenove-vyhodny-70112\/#primaryimage"},"thumbnailUrl":"https:\/\/www.koupeltech.com\/wp-content\/uploads\/2026\/SK0022447-CZ20260425-093449-0-1777080896-salus-internetovy-bezdratovy-programovatelny-termostat-it50.webp","datePublished":"2026-04-27T14:06:39+00:00","breadcrumb":{"@id":"https:\/\/www.koupeltech.com\/index.php\/produkt\/salus-internetovy-bezdratovy-programovatelny-termostat-it500-internetove-termostaty-cenove-vyhodny-70112\/#breadcrumb"},"inLanguage":"cs","potentialAction":[{"@type":"ReadAction","target":["https:\/\/www.koupeltech.com\/index.php\/produkt\/salus-internetovy-bezdratovy-programovatelny-termostat-it500-internetove-termostaty-cenove-vyhodny-70112\/"]}]},{"@type":"ImageObject","inLanguage":"cs","@id":"https:\/\/www.koupeltech.com\/index.php\/produkt\/salus-internetovy-bezdratovy-programovatelny-termostat-it500-internetove-termostaty-cenove-vyhodny-70112\/#primaryimage","url":"https:\/\/www.koupeltech.com\/wp-content\/uploads\/2026\/SK0022447-CZ20260425-093449-0-1777080896-salus-internetovy-bezdratovy-programovatelny-termostat-it50.webp","contentUrl":"https:\/\/www.koupeltech.com\/wp-content\/uploads\/2026\/SK0022447-CZ20260425-093449-0-1777080896-salus-internetovy-bezdratovy-programovatelny-termostat-it50.webp","width":1000,"height":525},{"@type":"BreadcrumbList","@id":"https:\/\/www.koupeltech.com\/index.php\/produkt\/salus-internetovy-bezdratovy-programovatelny-termostat-it500-internetove-termostaty-cenove-vyhodny-70112\/#breadcrumb","itemListElement":[{"@type":"ListItem","position":1,"name":"Home","item":"https:\/\/www.koupeltech.com\/"},{"@type":"ListItem","position":2,"name":"Products","item":"https:\/\/www.koupeltech.com\/index.php\/products\/"},{"@type":"ListItem","position":3,"name":"SALUS Internetov\u00fd bezdr\u00e1tov\u00fd programovateln\u00fd termostat iT500, Internetov\u00e9 termostaty Cenov\u011b V\u00fdhodn\u00fd"}]},{"@type":"WebSite","@id":"https:\/\/www.koupeltech.com\/#website","url":"https:\/\/www.koupeltech.com\/","name":"","description":"","potentialAction":[{"@type":"SearchAction","target":{"@type":"EntryPoint","urlTemplate":"https:\/\/www.koupeltech.com\/?s={search_term_string}"},"query-input":{"@type":"PropertyValueSpecification","valueRequired":true,"valueName":"search_term_string"}}],"inLanguage":"cs"}]}},"_links":{"self":[{"href":"https:\/\/www.koupeltech.com\/index.php\/wp-json\/wp\/v2\/product\/70112","targetHints":{"allow":["GET"]}}],"collection":[{"href":"https:\/\/www.koupeltech.com\/index.php\/wp-json\/wp\/v2\/product"}],"about":[{"href":"https:\/\/www.koupeltech.com\/index.php\/wp-json\/wp\/v2\/types\/product"}],"replies":[{"embeddable":true,"href":"https:\/\/www.koupeltech.com\/index.php\/wp-json\/wp\/v2\/comments?post=70112"}],"wp:featuredmedia":[{"embeddable":true,"href":"https:\/\/www.koupeltech.com\/index.php\/wp-json\/wp\/v2\/media\/70212"}],"wp:attachment":[{"href":"https:\/\/www.koupeltech.com\/index.php\/wp-json\/wp\/v2\/media?parent=70112"}],"wp:term":[{"taxonomy":"product_brand","embeddable":true,"href":"https:\/\/www.koupeltech.com\/index.php\/wp-json\/wp\/v2\/product_brand?post=70112"},{"taxonomy":"product_cat","embeddable":true,"href":"https:\/\/www.koupeltech.com\/index.php\/wp-json\/wp\/v2\/product_cat?post=70112"},{"taxonomy":"product_tag","embeddable":true,"href":"https:\/\/www.koupeltech.com\/index.php\/wp-json\/wp\/v2\/product_tag?post=70112"}],"curies":[{"name":"wp","href":"https:\/\/api.w.org\/{rel}","templated":true}]}}