{"id":70124,"date":"2026-04-27T14:06:39","date_gmt":"2026-04-27T14:06:39","guid":{"rendered":""},"modified":"2026-04-27T14:06:39","modified_gmt":"2026-04-27T14:06:39","slug":"salus-dvoucestny-ventil-se-servopohonem-3-4-pmv24-zonove-ventily-novinka-70124","status":"publish","type":"product","link":"https:\/\/www.koupeltech.com\/index.php\/produkt\/salus-dvoucestny-ventil-se-servopohonem-3-4-pmv24-zonove-ventily-novinka-70124\/","title":{"rendered":"SALUS Dvoucestn\u00fd ventil se servopohonem (3\/4\u2033) PMV24, Z\u00f3nov\u00e9 ventily Novinka"},"content":{"rendered":"<div id=\"e4909695\" class=\"pages\">\n<div>\n<div id=\"PDDescription\" class=\"UserContentView userContent v1a v1 bs-view dcon dc164 PDDescription\" ><dc-con><dc-con><bs-empty><\/bs-empty><\/dc-con><dc-con>        <\/p>\n<div class=\"customDescription\">                    <\/div>\n<p><\/dc-con><dc-con>Z\u00f3nov\u00fd ventil SALUS PMV24\u00a0s elektrick\u00fdm pohonem je ur\u010den\u00fd pro \u0159\u00edzen\u00ed pr\u016ftoku vody v syst\u00e9mu \u00fast\u0159edn\u00edho topen\u00ed. T\u011blo je vyroben\u00e9 z mosazi, na kter\u00e9 je namontovan\u00fd ovlada\u010d s vratnou pru\u017einou a koncov\u00fdm sp\u00edna\u010dem.Ventil je mo\u017en\u00e9 ru\u010dn\u011b otev\u0159\u00edt a zablokovat ho. Pohon je vyroben\u00fd v proveden\u00ed NC\u00a0(normally closed), kter\u00fd v klidov\u00e9m stavu dr\u017e\u00ed ventil uzav\u0159en\u00fd a pomoc\u00ed vratn\u00e9 pru\u017einy se po odpojen\u00ed nap\u00e1jen\u00ed automaticky vrac\u00ed do v\u00fdchoz\u00ed polohy.Z\u00c1KLADN\u00cd VLASTNOSTI:Z\u00f3nov\u00fd ventil s elektrick\u00fdm pohonemT\u011blo je vyroben\u00e9 z mosazi na kter\u00e9m je namontovan\u00fd pohon s vratnou pru\u017einou a koncov\u00fdm sp\u00edna\u010demMo\u017enost ru\u010dn\u00edho otev\u0159en\u00ed ventiluPohon v proveden\u00ed NCM\u016f\u017ee b\u00fdt pou\u017eit ve vyt\u00e1p\u011bc\u00edch a chlad\u00edc\u00edch za\u0159\u00edzen\u00ed<\/dc-con><\/dc-con><\/div>\n<div id=\"PDDescription2\" class=\"UserContentView userContent v1a v1 bs-view dcon dc165 PDDescription2\" >\n<table class=\"params-table\">\n<tr>\n<td>Nap\u00e1jen\u00ed<\/td>\n<td>230V AC 50Hz<\/td>\n<\/tr>\n<tr>\n<td>Maxim\u00e1ln\u00ed odporov\u00e1 z\u00e1t\u011b\u017e<\/td>\n<td>3 (1) A<\/td>\n<\/tr>\n<tr>\n<td>P\u0159ipojen\u00ed<\/td>\n<td>3\/4&#8243;<\/td>\n<\/tr>\n<tr>\n<td>P\u0159\u00edkon<\/td>\n<td>6 W<\/td>\n<\/tr>\n<tr>\n<td>Sp\u00edn\u00e1n\u00ed<\/td>\n<td>Beznap\u011b\u0165ov\u00fd kontakt NO\/COM<\/td>\n<\/tr>\n<tr>\n<td>Rozsah teploty kapaliny<\/td>\n<td>5 &#8211; 88\u00b0C<\/td>\n<\/tr>\n<tr>\n<td>Maxim\u00e1ln\u00ed tlak<\/td>\n<td>8,6 bar<\/td>\n<\/tr>\n<tr>\n<td>T\u0159\u00edda kryt\u00ed IP<\/td>\n<td>IP 20<\/td>\n<\/tr>\n<tr>\n<td>Rozm\u011bry [mm]<\/td>\n<td>87 x 55 x 60<\/td>\n<\/tr>\n<\/table>\n<\/div><\/div>\n<div id=\"PDTable3\" class=\"ProductDetailTableView v3a v3 bs-view dcon dc185 PDTable3\" >\n<table>\n<thead><\/thead>\n<tbody>\n<tr class=\"attribute attr_bsshop_maker\">\n<td class=\"caption\">V\u00fdrobce<\/td>\n<td class=\"value\">SALUS \/ Thermo-control<\/td>\n<\/tr>\n<\/tbody>\n<\/table>\n<\/div>\n<div id=\"PdProductGpsr\" class=\"ProductGpsrView v1a v1 bs-view dcon dc217 PdProductGpsr\" >\n<div class=\"subject\"><dc-root class=\"dcon dc219\"><span class=\"title\">Zodpov\u011bdn&#253; subjekt:<\/span><dc-con><dc-con><span class=\"company\">Thermo-control CZ s.r.o.<\/span><span class=\"name\">Thermo-control<\/span><\/dc-con><dc-con><span class=\"street\">A1 PARK, Hlavn&#237; 683\/104<\/span><span class=\"city\">Lelekovice<\/span><span class=\"zip\">664 31<\/span><span class=\"country\">\u010cesko<\/span><\/dc-con><span class=\"email\">obchod@thermo-control.cz<\/span><span class=\"phone\">549 215 938<\/span><bs-empty><\/bs-empty><a href=\"https:\/\/www.thermo-control.cz\/kontakty#technicka-podpora\" class=\"link\" target=\"_blank\">https:\/\/www.thermo-control.cz\/kontakty#technicka-podpora<\/a><\/dc-con><bs-empty><\/bs-empty><\/dc-root><\/div>\n<p><bs-empty><\/bs-empty><\/div>\n<\/div>\n<div id=\"e4909696\" class=\"tabs\">\n","protected":false},"excerpt":{"rendered":"<p>Z\u00f3nov\u00fd ventil SALUS PMV24\u00a0s elektrick\u00fdm pohonem je ur\u010den\u00fd pro \u0159\u00edzen\u00ed pr\u016ftoku vody v syst\u00e9mu \u00fast\u0159edn\u00edho topen\u00ed. T\u011blo je vyroben\u00e9 z mosazi, na kter\u00e9 je namontovan\u00fd ovlada\u010d s vratnou pru\u017einou a koncov\u00fdm sp\u00edna\u010dem.Ventil je mo\u017en\u00e9 ru\u010dn\u011b otev\u0159\u00edt a zablokovat ho. Pohon je vyroben\u00fd v proveden\u00ed NC\u00a0(normally closed), kter\u00fd v klidov\u00e9m stavu dr\u017e\u00ed ventil uzav\u0159en\u00fd a pomoc\u00ed [&hellip;]<\/p>\n","protected":false},"featured_media":70224,"comment_status":"open","ping_status":"open","template":"","meta":[],"product_brand":[],"product_cat":[98],"product_tag":[],"class_list":{"0":"post-70124","1":"product","2":"type-product","3":"status-publish","4":"has-post-thumbnail","6":"product_cat-kotle","8":"first","9":"instock","10":"sale","11":"shipping-taxable","12":"purchasable","13":"product-type-simple"},"yoast_head":"<!-- This site is optimized with the Yoast SEO plugin v26.8 - https:\/\/yoast.com\/product\/yoast-seo-wordpress\/ -->\n<title>SALUS Dvoucestn\u00fd ventil se servopohonem (3\/4\u2033) PMV24, Z\u00f3nov\u00e9 ventily Novinka -<\/title>\n<meta name=\"robots\" content=\"index, follow, max-snippet:-1, max-image-preview:large, max-video-preview:-1\" \/>\n<link rel=\"canonical\" href=\"https:\/\/www.koupeltech.com\/index.php\/produkt\/salus-dvoucestny-ventil-se-servopohonem-3-4-pmv24-zonove-ventily-novinka-70124\/\" \/>\n<meta property=\"og:locale\" content=\"cs_CZ\" \/>\n<meta property=\"og:type\" content=\"article\" \/>\n<meta property=\"og:title\" content=\"SALUS Dvoucestn\u00fd ventil se servopohonem (3\/4\u2033) PMV24, Z\u00f3nov\u00e9 ventily Novinka -\" \/>\n<meta property=\"og:description\" content=\"Z\u00f3nov\u00fd ventil SALUS PMV24\u00a0s elektrick\u00fdm pohonem je ur\u010den\u00fd pro \u0159\u00edzen\u00ed pr\u016ftoku vody v syst\u00e9mu \u00fast\u0159edn\u00edho topen\u00ed. T\u011blo je vyroben\u00e9 z mosazi, na kter\u00e9 je namontovan\u00fd ovlada\u010d s vratnou pru\u017einou a koncov\u00fdm sp\u00edna\u010dem.Ventil je mo\u017en\u00e9 ru\u010dn\u011b otev\u0159\u00edt a zablokovat ho. Pohon je vyroben\u00fd v proveden\u00ed NC\u00a0(normally closed), kter\u00fd v klidov\u00e9m stavu dr\u017e\u00ed ventil uzav\u0159en\u00fd a pomoc\u00ed [&hellip;]\" \/>\n<meta property=\"og:url\" content=\"https:\/\/www.koupeltech.com\/index.php\/produkt\/salus-dvoucestny-ventil-se-servopohonem-3-4-pmv24-zonove-ventily-novinka-70124\/\" \/>\n<meta property=\"og:image\" content=\"https:\/\/www.koupeltech.com\/wp-content\/uploads\/2026\/SK0022459-CZ20260425-093449-0-1777080896-salus-dvoucestny-ventil-se-servopohonem-3-4-pmv24-zonove-ve.webp\" \/>\n\t<meta property=\"og:image:width\" content=\"1000\" \/>\n\t<meta property=\"og:image:height\" content=\"525\" \/>\n\t<meta property=\"og:image:type\" content=\"image\/webp\" \/>\n<meta name=\"twitter:card\" content=\"summary_large_image\" \/>\n<meta name=\"twitter:label1\" content=\"Odhadovan\u00e1 doba \u010dten\u00ed\" \/>\n\t<meta name=\"twitter:data1\" content=\"1 minuta\" \/>\n<script type=\"application\/ld+json\" class=\"yoast-schema-graph\">{\"@context\":\"https:\/\/schema.org\",\"@graph\":[{\"@type\":\"WebPage\",\"@id\":\"https:\/\/www.koupeltech.com\/index.php\/produkt\/salus-dvoucestny-ventil-se-servopohonem-3-4-pmv24-zonove-ventily-novinka-70124\/\",\"url\":\"https:\/\/www.koupeltech.com\/index.php\/produkt\/salus-dvoucestny-ventil-se-servopohonem-3-4-pmv24-zonove-ventily-novinka-70124\/\",\"name\":\"SALUS Dvoucestn\u00fd ventil se servopohonem (3\/4\u2033) PMV24, Z\u00f3nov\u00e9 ventily Novinka -\",\"isPartOf\":{\"@id\":\"https:\/\/www.koupeltech.com\/#website\"},\"primaryImageOfPage\":{\"@id\":\"https:\/\/www.koupeltech.com\/index.php\/produkt\/salus-dvoucestny-ventil-se-servopohonem-3-4-pmv24-zonove-ventily-novinka-70124\/#primaryimage\"},\"image\":{\"@id\":\"https:\/\/www.koupeltech.com\/index.php\/produkt\/salus-dvoucestny-ventil-se-servopohonem-3-4-pmv24-zonove-ventily-novinka-70124\/#primaryimage\"},\"thumbnailUrl\":\"https:\/\/www.koupeltech.com\/wp-content\/uploads\/2026\/SK0022459-CZ20260425-093449-0-1777080896-salus-dvoucestny-ventil-se-servopohonem-3-4-pmv24-zonove-ve.webp\",\"datePublished\":\"2026-04-27T14:06:39+00:00\",\"breadcrumb\":{\"@id\":\"https:\/\/www.koupeltech.com\/index.php\/produkt\/salus-dvoucestny-ventil-se-servopohonem-3-4-pmv24-zonove-ventily-novinka-70124\/#breadcrumb\"},\"inLanguage\":\"cs\",\"potentialAction\":[{\"@type\":\"ReadAction\",\"target\":[\"https:\/\/www.koupeltech.com\/index.php\/produkt\/salus-dvoucestny-ventil-se-servopohonem-3-4-pmv24-zonove-ventily-novinka-70124\/\"]}]},{\"@type\":\"ImageObject\",\"inLanguage\":\"cs\",\"@id\":\"https:\/\/www.koupeltech.com\/index.php\/produkt\/salus-dvoucestny-ventil-se-servopohonem-3-4-pmv24-zonove-ventily-novinka-70124\/#primaryimage\",\"url\":\"https:\/\/www.koupeltech.com\/wp-content\/uploads\/2026\/SK0022459-CZ20260425-093449-0-1777080896-salus-dvoucestny-ventil-se-servopohonem-3-4-pmv24-zonove-ve.webp\",\"contentUrl\":\"https:\/\/www.koupeltech.com\/wp-content\/uploads\/2026\/SK0022459-CZ20260425-093449-0-1777080896-salus-dvoucestny-ventil-se-servopohonem-3-4-pmv24-zonove-ve.webp\",\"width\":1000,\"height\":525},{\"@type\":\"BreadcrumbList\",\"@id\":\"https:\/\/www.koupeltech.com\/index.php\/produkt\/salus-dvoucestny-ventil-se-servopohonem-3-4-pmv24-zonove-ventily-novinka-70124\/#breadcrumb\",\"itemListElement\":[{\"@type\":\"ListItem\",\"position\":1,\"name\":\"Home\",\"item\":\"https:\/\/www.koupeltech.com\/\"},{\"@type\":\"ListItem\",\"position\":2,\"name\":\"Products\",\"item\":\"https:\/\/www.koupeltech.com\/index.php\/products\/\"},{\"@type\":\"ListItem\",\"position\":3,\"name\":\"SALUS Dvoucestn\u00fd ventil se servopohonem (3\/4\u2033) PMV24, Z\u00f3nov\u00e9 ventily Novinka\"}]},{\"@type\":\"WebSite\",\"@id\":\"https:\/\/www.koupeltech.com\/#website\",\"url\":\"https:\/\/www.koupeltech.com\/\",\"name\":\"\",\"description\":\"\",\"potentialAction\":[{\"@type\":\"SearchAction\",\"target\":{\"@type\":\"EntryPoint\",\"urlTemplate\":\"https:\/\/www.koupeltech.com\/?s={search_term_string}\"},\"query-input\":{\"@type\":\"PropertyValueSpecification\",\"valueRequired\":true,\"valueName\":\"search_term_string\"}}],\"inLanguage\":\"cs\"}]}<\/script>\n<!-- \/ Yoast SEO plugin. -->","yoast_head_json":{"title":"SALUS Dvoucestn\u00fd ventil se servopohonem (3\/4\u2033) PMV24, Z\u00f3nov\u00e9 ventily Novinka -","robots":{"index":"index","follow":"follow","max-snippet":"max-snippet:-1","max-image-preview":"max-image-preview:large","max-video-preview":"max-video-preview:-1"},"canonical":"https:\/\/www.koupeltech.com\/index.php\/produkt\/salus-dvoucestny-ventil-se-servopohonem-3-4-pmv24-zonove-ventily-novinka-70124\/","og_locale":"cs_CZ","og_type":"article","og_title":"SALUS Dvoucestn\u00fd ventil se servopohonem (3\/4\u2033) PMV24, Z\u00f3nov\u00e9 ventily Novinka -","og_description":"Z\u00f3nov\u00fd ventil SALUS PMV24\u00a0s elektrick\u00fdm pohonem je ur\u010den\u00fd pro \u0159\u00edzen\u00ed pr\u016ftoku vody v syst\u00e9mu \u00fast\u0159edn\u00edho topen\u00ed. T\u011blo je vyroben\u00e9 z mosazi, na kter\u00e9 je namontovan\u00fd ovlada\u010d s vratnou pru\u017einou a koncov\u00fdm sp\u00edna\u010dem.Ventil je mo\u017en\u00e9 ru\u010dn\u011b otev\u0159\u00edt a zablokovat ho. Pohon je vyroben\u00fd v proveden\u00ed NC\u00a0(normally closed), kter\u00fd v klidov\u00e9m stavu dr\u017e\u00ed ventil uzav\u0159en\u00fd a pomoc\u00ed [&hellip;]","og_url":"https:\/\/www.koupeltech.com\/index.php\/produkt\/salus-dvoucestny-ventil-se-servopohonem-3-4-pmv24-zonove-ventily-novinka-70124\/","og_image":[{"width":1000,"height":525,"url":"https:\/\/www.koupeltech.com\/wp-content\/uploads\/2026\/SK0022459-CZ20260425-093449-0-1777080896-salus-dvoucestny-ventil-se-servopohonem-3-4-pmv24-zonove-ve.webp","type":"image\/webp"}],"twitter_card":"summary_large_image","twitter_misc":{"Odhadovan\u00e1 doba \u010dten\u00ed":"1 minuta"},"schema":{"@context":"https:\/\/schema.org","@graph":[{"@type":"WebPage","@id":"https:\/\/www.koupeltech.com\/index.php\/produkt\/salus-dvoucestny-ventil-se-servopohonem-3-4-pmv24-zonove-ventily-novinka-70124\/","url":"https:\/\/www.koupeltech.com\/index.php\/produkt\/salus-dvoucestny-ventil-se-servopohonem-3-4-pmv24-zonove-ventily-novinka-70124\/","name":"SALUS Dvoucestn\u00fd ventil se servopohonem (3\/4\u2033) PMV24, Z\u00f3nov\u00e9 ventily Novinka -","isPartOf":{"@id":"https:\/\/www.koupeltech.com\/#website"},"primaryImageOfPage":{"@id":"https:\/\/www.koupeltech.com\/index.php\/produkt\/salus-dvoucestny-ventil-se-servopohonem-3-4-pmv24-zonove-ventily-novinka-70124\/#primaryimage"},"image":{"@id":"https:\/\/www.koupeltech.com\/index.php\/produkt\/salus-dvoucestny-ventil-se-servopohonem-3-4-pmv24-zonove-ventily-novinka-70124\/#primaryimage"},"thumbnailUrl":"https:\/\/www.koupeltech.com\/wp-content\/uploads\/2026\/SK0022459-CZ20260425-093449-0-1777080896-salus-dvoucestny-ventil-se-servopohonem-3-4-pmv24-zonove-ve.webp","datePublished":"2026-04-27T14:06:39+00:00","breadcrumb":{"@id":"https:\/\/www.koupeltech.com\/index.php\/produkt\/salus-dvoucestny-ventil-se-servopohonem-3-4-pmv24-zonove-ventily-novinka-70124\/#breadcrumb"},"inLanguage":"cs","potentialAction":[{"@type":"ReadAction","target":["https:\/\/www.koupeltech.com\/index.php\/produkt\/salus-dvoucestny-ventil-se-servopohonem-3-4-pmv24-zonove-ventily-novinka-70124\/"]}]},{"@type":"ImageObject","inLanguage":"cs","@id":"https:\/\/www.koupeltech.com\/index.php\/produkt\/salus-dvoucestny-ventil-se-servopohonem-3-4-pmv24-zonove-ventily-novinka-70124\/#primaryimage","url":"https:\/\/www.koupeltech.com\/wp-content\/uploads\/2026\/SK0022459-CZ20260425-093449-0-1777080896-salus-dvoucestny-ventil-se-servopohonem-3-4-pmv24-zonove-ve.webp","contentUrl":"https:\/\/www.koupeltech.com\/wp-content\/uploads\/2026\/SK0022459-CZ20260425-093449-0-1777080896-salus-dvoucestny-ventil-se-servopohonem-3-4-pmv24-zonove-ve.webp","width":1000,"height":525},{"@type":"BreadcrumbList","@id":"https:\/\/www.koupeltech.com\/index.php\/produkt\/salus-dvoucestny-ventil-se-servopohonem-3-4-pmv24-zonove-ventily-novinka-70124\/#breadcrumb","itemListElement":[{"@type":"ListItem","position":1,"name":"Home","item":"https:\/\/www.koupeltech.com\/"},{"@type":"ListItem","position":2,"name":"Products","item":"https:\/\/www.koupeltech.com\/index.php\/products\/"},{"@type":"ListItem","position":3,"name":"SALUS Dvoucestn\u00fd ventil se servopohonem (3\/4\u2033) PMV24, Z\u00f3nov\u00e9 ventily Novinka"}]},{"@type":"WebSite","@id":"https:\/\/www.koupeltech.com\/#website","url":"https:\/\/www.koupeltech.com\/","name":"","description":"","potentialAction":[{"@type":"SearchAction","target":{"@type":"EntryPoint","urlTemplate":"https:\/\/www.koupeltech.com\/?s={search_term_string}"},"query-input":{"@type":"PropertyValueSpecification","valueRequired":true,"valueName":"search_term_string"}}],"inLanguage":"cs"}]}},"_links":{"self":[{"href":"https:\/\/www.koupeltech.com\/index.php\/wp-json\/wp\/v2\/product\/70124","targetHints":{"allow":["GET"]}}],"collection":[{"href":"https:\/\/www.koupeltech.com\/index.php\/wp-json\/wp\/v2\/product"}],"about":[{"href":"https:\/\/www.koupeltech.com\/index.php\/wp-json\/wp\/v2\/types\/product"}],"replies":[{"embeddable":true,"href":"https:\/\/www.koupeltech.com\/index.php\/wp-json\/wp\/v2\/comments?post=70124"}],"wp:featuredmedia":[{"embeddable":true,"href":"https:\/\/www.koupeltech.com\/index.php\/wp-json\/wp\/v2\/media\/70224"}],"wp:attachment":[{"href":"https:\/\/www.koupeltech.com\/index.php\/wp-json\/wp\/v2\/media?parent=70124"}],"wp:term":[{"taxonomy":"product_brand","embeddable":true,"href":"https:\/\/www.koupeltech.com\/index.php\/wp-json\/wp\/v2\/product_brand?post=70124"},{"taxonomy":"product_cat","embeddable":true,"href":"https:\/\/www.koupeltech.com\/index.php\/wp-json\/wp\/v2\/product_cat?post=70124"},{"taxonomy":"product_tag","embeddable":true,"href":"https:\/\/www.koupeltech.com\/index.php\/wp-json\/wp\/v2\/product_tag?post=70124"}],"curies":[{"name":"wp","href":"https:\/\/api.w.org\/{rel}","templated":true}]}}