{"id":70126,"date":"2026-04-27T14:06:39","date_gmt":"2026-04-27T14:06:39","guid":{"rendered":""},"modified":"2026-04-27T14:06:39","modified_gmt":"2026-04-27T14:06:39","slug":"objednat-nyni-wilo-posilovaci-stanice-s-tlak-nadobou-wilo-himulti-3h-100-45-70126","status":"publish","type":"product","link":"https:\/\/www.koupeltech.com\/index.php\/produkt\/objednat-nyni-wilo-posilovaci-stanice-s-tlak-nadobou-wilo-himulti-3h-100-45-70126\/","title":{"rendered":"Objednat Nyn\u00ed WILO Posilovac\u00ed stanice s tlak. n\u00e1dobou Wilo HiMulti 3H 100-45"},"content":{"rendered":"<div id=\"e5405850\" class=\"pages\">\n<div>\n<div id=\"PDDescription\" class=\"UserContentView userContent v1a v1 bs-view dcon dc164 PDDescription\" ><dc-con><dc-con><bs-empty><\/bs-empty><\/dc-con><dc-con>        <\/p>\n<div class=\"customDescription\">                    <\/div>\n<p><\/dc-con><dc-con><\/p>\n<p><span style=\"color: #1e1313; text-transform: none; text-indent: 0px; letter-spacing: normal; font-family: 'Source Sans Pro', sans-serif; font-size: 15px; font-style: normal; font-weight: 400; word-spacing: 0px; float: none; display: inline !important; white-space: normal; orphans: 2; widows: 2; background-color: #ffffff; font-variant-ligatures: normal; font-variant-caps: normal; -webkit-text-stroke-width: 0px; text-decoration-style: initial; text-decoration-color: initial;\">Posilovac\u00ed stanice s tlakovou n\u00e1dobou pro zv\u00fd\u0161en\u00ed a udr\u017een\u00ed stabiln\u00edho tlaku ve vodovodn\u00edm \u0159adu.<\/span><\/p>\n<p>\u00a0<\/p>\n<p style=\"margin: 0px 0px 10px; color: #1e1313; text-transform: none; text-indent: 0px; letter-spacing: normal; font-family: 'Source Sans Pro', sans-serif; font-size: 15px; font-style: normal; font-weight: 400; word-spacing: 0px; white-space: normal; box-sizing: border-box; orphans: 2; widows: 2; background-color: #ffffff; font-variant-ligatures: normal; font-variant-caps: normal; -webkit-text-stroke-width: 0px; text-decoration-style: initial; text-decoration-color: initial;\"><span style=\"font-weight: bold; box-sizing: border-box;\">Posilovac\u00ed stanice HiMulti 3H 100-45\u00a0<\/span>s membr\u00e1novou tlakovou n\u00e1dobou o objemu 100 litr\u016f a s v\u00fdkonn\u00fdm \u010derpadlem s n\u00edzkou hlu\u010dnost\u00ed. D\u00edky n\u00edzk\u00e9 hlu\u010dnosti m\u016f\u017ee b\u00fdt bez obav instalov\u00e1na p\u0159\u00edmo v dom\u011b. Zaji\u0161\u0165uje \u010derp\u00e1n\u00ed vody, dostate\u010dn\u00fd tlak, ale i od\u010derp\u00e1v\u00e1n\u00ed vody z n\u00e1dr\u017e\u00ed, rybn\u00edk\u016f, potok\u016f a studn\u00ed.<\/p>\n<p>\u00a0<\/p>\n<h3 style=\"color: #ce2027; text-transform: none; line-height: 1.2em; text-indent: 0px; letter-spacing: normal; font-family: 'Source Sans Pro', sans-serif; font-size: 1.6rem; font-style: normal; font-weight: bold; margin-top: 20px; margin-bottom: 1em; word-spacing: 0px; white-space: normal; position: relative; box-sizing: border-box; orphans: 2; widows: 2; background-color: #ffffff; font-variant-ligatures: normal; font-variant-caps: normal; -webkit-text-stroke-width: 0px; text-decoration-style: initial; text-decoration-color: initial;\">Pou\u017eit\u00ed<\/h3>\n<p>\u00a0<\/p>\n<ul style=\"color: #1e1313; text-transform: none; text-indent: 0px; letter-spacing: normal; overflow: hidden; font-family: 'Source Sans Pro', sans-serif; font-size: 15px; font-style: normal; font-weight: 400; margin-top: 0px; margin-bottom: 10px; word-spacing: 0px; white-space: normal; box-sizing: border-box; orphans: 2; widows: 2; background-color: #ffffff; font-variant-ligatures: normal; font-variant-caps: normal; -webkit-text-stroke-width: 0px; text-decoration-style: initial; text-decoration-color: initial;\">\n<li style=\"box-sizing: border-box;\">Z\u00e1sobov\u00e1n\u00ed vodou<\/li>\n<li style=\"box-sizing: border-box;\">Posilov\u00e1n\u00ed tlaku<\/li>\n<li style=\"box-sizing: border-box;\">Zavla\u017eov\u00e1n\u00ed, zal\u00e9v\u00e1n\u00ed a post\u0159ikov\u00e1n\u00ed<\/li>\n<\/ul>\n<p>\u00a0<\/p>\n<h3 style=\"color: #ce2027; text-transform: none; line-height: 1.2em; text-indent: 0px; letter-spacing: normal; font-family: 'Source Sans Pro', sans-serif; font-size: 1.6rem; font-style: normal; font-weight: bold; margin-top: 20px; margin-bottom: 1em; word-spacing: 0px; white-space: normal; position: relative; box-sizing: border-box; orphans: 2; widows: 2; background-color: #ffffff; font-variant-ligatures: normal; font-variant-caps: normal; -webkit-text-stroke-width: 0px; text-decoration-style: initial; text-decoration-color: initial;\">Vlastnosti<\/h3>\n<p>\u00a0<\/p>\n<ul style=\"color: #1e1313; text-transform: none; text-indent: 0px; letter-spacing: normal; overflow: hidden; font-family: 'Source Sans Pro', sans-serif; font-size: 15px; font-style: normal; font-weight: 400; margin-top: 0px; margin-bottom: 10px; word-spacing: 0px; white-space: normal; box-sizing: border-box; orphans: 2; widows: 2; background-color: #ffffff; font-variant-ligatures: normal; font-variant-caps: normal; -webkit-text-stroke-width: 0px; text-decoration-style: initial; text-decoration-color: initial;\">\n<li style=\"box-sizing: border-box;\">Membr\u00e1nov\u00e1 tlakov\u00e1 n\u00e1doba o objemu 100 litr\u016f<\/li>\n<li style=\"box-sizing: border-box;\"><span style=\"font-weight: bold; box-sizing: border-box;\">Nap\u00e1jen\u00ed 230 V<\/span><\/li>\n<li style=\"box-sizing: border-box;\">Ve\u0161ker\u00e9 sou\u010d\u00e1sti p\u0159ich\u00e1zej\u00edc\u00ed do styku s vodou, jsou odoln\u00e9 proti korozi<\/li>\n<li style=\"box-sizing: border-box;\">Tich\u00fd a \u00fasporn\u00fd provoz<\/li>\n<li style=\"box-sizing: border-box;\">Ochrana proti chodu na sucho<\/li>\n<\/ul>\n<p>\u00a0<\/p>\n<h3 style=\"color: #ce2027; text-transform: none; line-height: 1.2em; text-indent: 0px; letter-spacing: normal; font-family: 'Source Sans Pro', sans-serif; font-size: 1.6rem; font-style: normal; font-weight: bold; margin-top: 20px; margin-bottom: 1em; word-spacing: 0px; white-space: normal; position: relative; box-sizing: border-box; orphans: 2; widows: 2; background-color: #ffffff; font-variant-ligatures: normal; font-variant-caps: normal; -webkit-text-stroke-width: 0px; text-decoration-style: initial; text-decoration-color: initial;\">Obsah balen\u00ed<\/h3>\n<p>\u00a0<\/p>\n<ul style=\"color: #1e1313; text-transform: none; text-indent: 0px; letter-spacing: normal; overflow: hidden; font-family: 'Source Sans Pro', sans-serif; font-size: 15px; font-style: normal; font-weight: 400; margin-top: 0px; margin-bottom: 10px; word-spacing: 0px; white-space: normal; box-sizing: border-box; orphans: 2; widows: 2; background-color: #ffffff; font-variant-ligatures: normal; font-variant-caps: normal; -webkit-text-stroke-width: 0px; text-decoration-style: initial; text-decoration-color: initial;\">\n<li style=\"box-sizing: border-box;\">\u010cerpadlo<\/li>\n<li style=\"box-sizing: border-box;\">Tlakov\u00e1 n\u00e1doba 100 l<\/li>\n<li style=\"box-sizing: border-box;\">Manometr<\/li>\n<li style=\"box-sizing: border-box;\">Tlakov\u00e1 hadice s ocelov\u00fdm pl\u00e1\u0161t\u011bm a \u0161rouben\u00edm<\/li>\n<li style=\"box-sizing: border-box;\">N\u00e1vod k mont\u00e1\u017ei a obsluze<\/li>\n<\/ul>\n<p>\u00a0<\/p>\n<p><\/dc-con><\/dc-con><\/div>\n<div id=\"PDDescription2\" class=\"UserContentView userContent v1a v1 bs-view dcon dc165 PDDescription2\" >\n<table>\n<tbody>\n<tr>\n<td>Dopravn\u00ed v\u00fd\u0161ka \u010derpadla<\/td>\n<td>55 m<\/td>\n<\/tr>\n<tr>\n<td>Nap\u00e1jen\u00ed \u010derpadla<\/td>\n<td>230 VAC<\/td>\n<\/tr>\n<tr>\n<td>Provozn\u00ed tlak<\/td>\n<td>PN 3<\/td>\n<\/tr>\n<tr>\n<td>Pr\u016ftok \u010derpadla<\/td>\n<td>6,5 m3\/h<\/td>\n<\/tr>\n<tr>\n<td>Tlakov\u00e1 n\u00e1doba<\/td>\n<td>Ano<\/td>\n<\/tr>\n<tr>\n<td>Hmotnost<\/td>\n<td>57.00 kg<\/td>\n<\/tr>\n<\/tbody>\n<\/table>\n<\/div><\/div>\n<div id=\"PDTable3\" class=\"ProductDetailTableView v3a v3 bs-view dcon dc185 PDTable3\" >\n<table>\n<thead><\/thead>\n<tbody>\n<tr class=\"attribute attr_bsshop_maker\">\n<td class=\"caption\">V\u00fdrobce<\/td>\n<td class=\"value\">Wilo<\/td>\n<\/tr>\n<tr class=\"weight\">\n<td class=\"caption\"><span>Hmotnost<\/span><\/td>\n<td class=\"value\"><span>57,30 kg<\/span><\/td>\n<\/tr>\n<\/tbody>\n<\/table>\n<\/div>\n<div id=\"ProductMedia\" class=\"ProductMediaView MediaViewBase v1a v1 bs-view dcon dc409 ProductMedia\" ><bs-empty><\/bs-empty><\/p>\n<div class=\"files\">\n<div class=\"title sub\">Soubory<\/div>\n<p><a href=\"\/media\/14312\/navod-k-obsluze-priloha-1?&amp;key=ZGpmIyQwNUZfMTQzMTI=\" class=\"\">01_CS_wilo49032.pdf<\/a><a href=\"\/media\/14313\/katalogovy-list-priloha-2?&amp;key=ZGpmIyQwNUZfMTQzMTM=\" class=\"\">03_CS_wilo-himulti-3-h.pdf<\/a><\/div>\n<p><bs-empty><\/bs-empty><\/div>\n<div id=\"PdProductGpsr\" class=\"ProductGpsrView v1a v1 bs-view dcon dc217 PdProductGpsr\" >\n<div class=\"subject\"><dc-root class=\"dcon dc219\"><span class=\"title\">Zodpov\u011bdn&#253; subjekt:<\/span><dc-con><dc-con><span class=\"company\">WILO CS, s.r.o.<\/span><span class=\"name\">Wilo<\/span><\/dc-con><dc-con><span class=\"street\">Obchodn&#237; 125<\/span><span class=\"city\">\u010cestlice<\/span><span class=\"zip\">251 01<\/span><span class=\"country\">\u010cesko<\/span><\/dc-con><span class=\"email\">info.cz@wilo.com<\/span><span class=\"phone\">234 098 711<\/span><bs-empty><\/bs-empty><a href=\"https:\/\/wilo.com\/cz\/cs\/Kontakty.html\" class=\"link\" target=\"_blank\">https:\/\/wilo.com\/cz\/cs\/Kontakty.html<\/a><\/dc-con><bs-empty><\/bs-empty><\/dc-root><\/div>\n<p><bs-empty><\/bs-empty><\/div>\n<\/div>\n<div id=\"e5405851\" class=\"tabs\">\n","protected":false},"excerpt":{"rendered":"<p>Posilovac\u00ed stanice s tlakovou n\u00e1dobou pro zv\u00fd\u0161en\u00ed a udr\u017een\u00ed stabiln\u00edho tlaku ve vodovodn\u00edm \u0159adu. \u00a0 Posilovac\u00ed stanice HiMulti 3H 100-45\u00a0s membr\u00e1novou tlakovou n\u00e1dobou o objemu 100 litr\u016f a s v\u00fdkonn\u00fdm \u010derpadlem s n\u00edzkou hlu\u010dnost\u00ed. D\u00edky n\u00edzk\u00e9 hlu\u010dnosti m\u016f\u017ee b\u00fdt bez obav instalov\u00e1na p\u0159\u00edmo v dom\u011b. Zaji\u0161\u0165uje \u010derp\u00e1n\u00ed vody, dostate\u010dn\u00fd tlak, ale i od\u010derp\u00e1v\u00e1n\u00ed vody z [&hellip;]<\/p>\n","protected":false},"featured_media":70226,"comment_status":"open","ping_status":"open","template":"","meta":[],"product_brand":[],"product_cat":[106],"product_tag":[],"class_list":{"0":"post-70126","1":"product","2":"type-product","3":"status-publish","4":"has-post-thumbnail","6":"product_cat-cerpadla-vod-225-rny","8":"first","9":"instock","10":"sale","11":"shipping-taxable","12":"purchasable","13":"product-type-simple"},"yoast_head":"<!-- This site is optimized with the Yoast SEO plugin v26.8 - https:\/\/yoast.com\/product\/yoast-seo-wordpress\/ -->\n<title>Objednat Nyn\u00ed WILO Posilovac\u00ed stanice s tlak. n\u00e1dobou Wilo HiMulti 3H 100-45 -<\/title>\n<meta name=\"robots\" content=\"index, follow, max-snippet:-1, max-image-preview:large, max-video-preview:-1\" \/>\n<link rel=\"canonical\" href=\"https:\/\/www.koupeltech.com\/index.php\/produkt\/objednat-nyni-wilo-posilovaci-stanice-s-tlak-nadobou-wilo-himulti-3h-100-45-70126\/\" \/>\n<meta property=\"og:locale\" content=\"cs_CZ\" \/>\n<meta property=\"og:type\" content=\"article\" \/>\n<meta property=\"og:title\" content=\"Objednat Nyn\u00ed WILO Posilovac\u00ed stanice s tlak. n\u00e1dobou Wilo HiMulti 3H 100-45 -\" \/>\n<meta property=\"og:description\" content=\"Posilovac\u00ed stanice s tlakovou n\u00e1dobou pro zv\u00fd\u0161en\u00ed a udr\u017een\u00ed stabiln\u00edho tlaku ve vodovodn\u00edm \u0159adu. \u00a0 Posilovac\u00ed stanice HiMulti 3H 100-45\u00a0s membr\u00e1novou tlakovou n\u00e1dobou o objemu 100 litr\u016f a s v\u00fdkonn\u00fdm \u010derpadlem s n\u00edzkou hlu\u010dnost\u00ed. D\u00edky n\u00edzk\u00e9 hlu\u010dnosti m\u016f\u017ee b\u00fdt bez obav instalov\u00e1na p\u0159\u00edmo v dom\u011b. Zaji\u0161\u0165uje \u010derp\u00e1n\u00ed vody, dostate\u010dn\u00fd tlak, ale i od\u010derp\u00e1v\u00e1n\u00ed vody z [&hellip;]\" \/>\n<meta property=\"og:url\" content=\"https:\/\/www.koupeltech.com\/index.php\/produkt\/objednat-nyni-wilo-posilovaci-stanice-s-tlak-nadobou-wilo-himulti-3h-100-45-70126\/\" \/>\n<meta property=\"og:image\" content=\"https:\/\/www.koupeltech.com\/wp-content\/uploads\/2026\/SK0022461-CZ20260425-093449-0-1777080896-wilo-posilovaci-stanice-s-tlak-nadobou-wilo-himulti-3h-100-.webp\" \/>\n\t<meta property=\"og:image:width\" content=\"1000\" \/>\n\t<meta property=\"og:image:height\" content=\"525\" \/>\n\t<meta property=\"og:image:type\" content=\"image\/webp\" \/>\n<meta name=\"twitter:card\" content=\"summary_large_image\" \/>\n<meta name=\"twitter:label1\" content=\"Odhadovan\u00e1 doba \u010dten\u00ed\" \/>\n\t<meta name=\"twitter:data1\" content=\"1 minuta\" \/>\n<script type=\"application\/ld+json\" class=\"yoast-schema-graph\">{\"@context\":\"https:\/\/schema.org\",\"@graph\":[{\"@type\":\"WebPage\",\"@id\":\"https:\/\/www.koupeltech.com\/index.php\/produkt\/objednat-nyni-wilo-posilovaci-stanice-s-tlak-nadobou-wilo-himulti-3h-100-45-70126\/\",\"url\":\"https:\/\/www.koupeltech.com\/index.php\/produkt\/objednat-nyni-wilo-posilovaci-stanice-s-tlak-nadobou-wilo-himulti-3h-100-45-70126\/\",\"name\":\"Objednat Nyn\u00ed WILO Posilovac\u00ed stanice s tlak. n\u00e1dobou Wilo HiMulti 3H 100-45 -\",\"isPartOf\":{\"@id\":\"https:\/\/www.koupeltech.com\/#website\"},\"primaryImageOfPage\":{\"@id\":\"https:\/\/www.koupeltech.com\/index.php\/produkt\/objednat-nyni-wilo-posilovaci-stanice-s-tlak-nadobou-wilo-himulti-3h-100-45-70126\/#primaryimage\"},\"image\":{\"@id\":\"https:\/\/www.koupeltech.com\/index.php\/produkt\/objednat-nyni-wilo-posilovaci-stanice-s-tlak-nadobou-wilo-himulti-3h-100-45-70126\/#primaryimage\"},\"thumbnailUrl\":\"https:\/\/www.koupeltech.com\/wp-content\/uploads\/2026\/SK0022461-CZ20260425-093449-0-1777080896-wilo-posilovaci-stanice-s-tlak-nadobou-wilo-himulti-3h-100-.webp\",\"datePublished\":\"2026-04-27T14:06:39+00:00\",\"breadcrumb\":{\"@id\":\"https:\/\/www.koupeltech.com\/index.php\/produkt\/objednat-nyni-wilo-posilovaci-stanice-s-tlak-nadobou-wilo-himulti-3h-100-45-70126\/#breadcrumb\"},\"inLanguage\":\"cs\",\"potentialAction\":[{\"@type\":\"ReadAction\",\"target\":[\"https:\/\/www.koupeltech.com\/index.php\/produkt\/objednat-nyni-wilo-posilovaci-stanice-s-tlak-nadobou-wilo-himulti-3h-100-45-70126\/\"]}]},{\"@type\":\"ImageObject\",\"inLanguage\":\"cs\",\"@id\":\"https:\/\/www.koupeltech.com\/index.php\/produkt\/objednat-nyni-wilo-posilovaci-stanice-s-tlak-nadobou-wilo-himulti-3h-100-45-70126\/#primaryimage\",\"url\":\"https:\/\/www.koupeltech.com\/wp-content\/uploads\/2026\/SK0022461-CZ20260425-093449-0-1777080896-wilo-posilovaci-stanice-s-tlak-nadobou-wilo-himulti-3h-100-.webp\",\"contentUrl\":\"https:\/\/www.koupeltech.com\/wp-content\/uploads\/2026\/SK0022461-CZ20260425-093449-0-1777080896-wilo-posilovaci-stanice-s-tlak-nadobou-wilo-himulti-3h-100-.webp\",\"width\":1000,\"height\":525},{\"@type\":\"BreadcrumbList\",\"@id\":\"https:\/\/www.koupeltech.com\/index.php\/produkt\/objednat-nyni-wilo-posilovaci-stanice-s-tlak-nadobou-wilo-himulti-3h-100-45-70126\/#breadcrumb\",\"itemListElement\":[{\"@type\":\"ListItem\",\"position\":1,\"name\":\"Home\",\"item\":\"https:\/\/www.koupeltech.com\/\"},{\"@type\":\"ListItem\",\"position\":2,\"name\":\"Products\",\"item\":\"https:\/\/www.koupeltech.com\/index.php\/products\/\"},{\"@type\":\"ListItem\",\"position\":3,\"name\":\"Objednat Nyn\u00ed WILO Posilovac\u00ed stanice s tlak. n\u00e1dobou Wilo HiMulti 3H 100-45\"}]},{\"@type\":\"WebSite\",\"@id\":\"https:\/\/www.koupeltech.com\/#website\",\"url\":\"https:\/\/www.koupeltech.com\/\",\"name\":\"\",\"description\":\"\",\"potentialAction\":[{\"@type\":\"SearchAction\",\"target\":{\"@type\":\"EntryPoint\",\"urlTemplate\":\"https:\/\/www.koupeltech.com\/?s={search_term_string}\"},\"query-input\":{\"@type\":\"PropertyValueSpecification\",\"valueRequired\":true,\"valueName\":\"search_term_string\"}}],\"inLanguage\":\"cs\"}]}<\/script>\n<!-- \/ Yoast SEO plugin. -->","yoast_head_json":{"title":"Objednat Nyn\u00ed WILO Posilovac\u00ed stanice s tlak. n\u00e1dobou Wilo HiMulti 3H 100-45 -","robots":{"index":"index","follow":"follow","max-snippet":"max-snippet:-1","max-image-preview":"max-image-preview:large","max-video-preview":"max-video-preview:-1"},"canonical":"https:\/\/www.koupeltech.com\/index.php\/produkt\/objednat-nyni-wilo-posilovaci-stanice-s-tlak-nadobou-wilo-himulti-3h-100-45-70126\/","og_locale":"cs_CZ","og_type":"article","og_title":"Objednat Nyn\u00ed WILO Posilovac\u00ed stanice s tlak. n\u00e1dobou Wilo HiMulti 3H 100-45 -","og_description":"Posilovac\u00ed stanice s tlakovou n\u00e1dobou pro zv\u00fd\u0161en\u00ed a udr\u017een\u00ed stabiln\u00edho tlaku ve vodovodn\u00edm \u0159adu. \u00a0 Posilovac\u00ed stanice HiMulti 3H 100-45\u00a0s membr\u00e1novou tlakovou n\u00e1dobou o objemu 100 litr\u016f a s v\u00fdkonn\u00fdm \u010derpadlem s n\u00edzkou hlu\u010dnost\u00ed. D\u00edky n\u00edzk\u00e9 hlu\u010dnosti m\u016f\u017ee b\u00fdt bez obav instalov\u00e1na p\u0159\u00edmo v dom\u011b. Zaji\u0161\u0165uje \u010derp\u00e1n\u00ed vody, dostate\u010dn\u00fd tlak, ale i od\u010derp\u00e1v\u00e1n\u00ed vody z [&hellip;]","og_url":"https:\/\/www.koupeltech.com\/index.php\/produkt\/objednat-nyni-wilo-posilovaci-stanice-s-tlak-nadobou-wilo-himulti-3h-100-45-70126\/","og_image":[{"width":1000,"height":525,"url":"https:\/\/www.koupeltech.com\/wp-content\/uploads\/2026\/SK0022461-CZ20260425-093449-0-1777080896-wilo-posilovaci-stanice-s-tlak-nadobou-wilo-himulti-3h-100-.webp","type":"image\/webp"}],"twitter_card":"summary_large_image","twitter_misc":{"Odhadovan\u00e1 doba \u010dten\u00ed":"1 minuta"},"schema":{"@context":"https:\/\/schema.org","@graph":[{"@type":"WebPage","@id":"https:\/\/www.koupeltech.com\/index.php\/produkt\/objednat-nyni-wilo-posilovaci-stanice-s-tlak-nadobou-wilo-himulti-3h-100-45-70126\/","url":"https:\/\/www.koupeltech.com\/index.php\/produkt\/objednat-nyni-wilo-posilovaci-stanice-s-tlak-nadobou-wilo-himulti-3h-100-45-70126\/","name":"Objednat Nyn\u00ed WILO Posilovac\u00ed stanice s tlak. n\u00e1dobou Wilo HiMulti 3H 100-45 -","isPartOf":{"@id":"https:\/\/www.koupeltech.com\/#website"},"primaryImageOfPage":{"@id":"https:\/\/www.koupeltech.com\/index.php\/produkt\/objednat-nyni-wilo-posilovaci-stanice-s-tlak-nadobou-wilo-himulti-3h-100-45-70126\/#primaryimage"},"image":{"@id":"https:\/\/www.koupeltech.com\/index.php\/produkt\/objednat-nyni-wilo-posilovaci-stanice-s-tlak-nadobou-wilo-himulti-3h-100-45-70126\/#primaryimage"},"thumbnailUrl":"https:\/\/www.koupeltech.com\/wp-content\/uploads\/2026\/SK0022461-CZ20260425-093449-0-1777080896-wilo-posilovaci-stanice-s-tlak-nadobou-wilo-himulti-3h-100-.webp","datePublished":"2026-04-27T14:06:39+00:00","breadcrumb":{"@id":"https:\/\/www.koupeltech.com\/index.php\/produkt\/objednat-nyni-wilo-posilovaci-stanice-s-tlak-nadobou-wilo-himulti-3h-100-45-70126\/#breadcrumb"},"inLanguage":"cs","potentialAction":[{"@type":"ReadAction","target":["https:\/\/www.koupeltech.com\/index.php\/produkt\/objednat-nyni-wilo-posilovaci-stanice-s-tlak-nadobou-wilo-himulti-3h-100-45-70126\/"]}]},{"@type":"ImageObject","inLanguage":"cs","@id":"https:\/\/www.koupeltech.com\/index.php\/produkt\/objednat-nyni-wilo-posilovaci-stanice-s-tlak-nadobou-wilo-himulti-3h-100-45-70126\/#primaryimage","url":"https:\/\/www.koupeltech.com\/wp-content\/uploads\/2026\/SK0022461-CZ20260425-093449-0-1777080896-wilo-posilovaci-stanice-s-tlak-nadobou-wilo-himulti-3h-100-.webp","contentUrl":"https:\/\/www.koupeltech.com\/wp-content\/uploads\/2026\/SK0022461-CZ20260425-093449-0-1777080896-wilo-posilovaci-stanice-s-tlak-nadobou-wilo-himulti-3h-100-.webp","width":1000,"height":525},{"@type":"BreadcrumbList","@id":"https:\/\/www.koupeltech.com\/index.php\/produkt\/objednat-nyni-wilo-posilovaci-stanice-s-tlak-nadobou-wilo-himulti-3h-100-45-70126\/#breadcrumb","itemListElement":[{"@type":"ListItem","position":1,"name":"Home","item":"https:\/\/www.koupeltech.com\/"},{"@type":"ListItem","position":2,"name":"Products","item":"https:\/\/www.koupeltech.com\/index.php\/products\/"},{"@type":"ListItem","position":3,"name":"Objednat Nyn\u00ed WILO Posilovac\u00ed stanice s tlak. n\u00e1dobou Wilo HiMulti 3H 100-45"}]},{"@type":"WebSite","@id":"https:\/\/www.koupeltech.com\/#website","url":"https:\/\/www.koupeltech.com\/","name":"","description":"","potentialAction":[{"@type":"SearchAction","target":{"@type":"EntryPoint","urlTemplate":"https:\/\/www.koupeltech.com\/?s={search_term_string}"},"query-input":{"@type":"PropertyValueSpecification","valueRequired":true,"valueName":"search_term_string"}}],"inLanguage":"cs"}]}},"_links":{"self":[{"href":"https:\/\/www.koupeltech.com\/index.php\/wp-json\/wp\/v2\/product\/70126","targetHints":{"allow":["GET"]}}],"collection":[{"href":"https:\/\/www.koupeltech.com\/index.php\/wp-json\/wp\/v2\/product"}],"about":[{"href":"https:\/\/www.koupeltech.com\/index.php\/wp-json\/wp\/v2\/types\/product"}],"replies":[{"embeddable":true,"href":"https:\/\/www.koupeltech.com\/index.php\/wp-json\/wp\/v2\/comments?post=70126"}],"wp:featuredmedia":[{"embeddable":true,"href":"https:\/\/www.koupeltech.com\/index.php\/wp-json\/wp\/v2\/media\/70226"}],"wp:attachment":[{"href":"https:\/\/www.koupeltech.com\/index.php\/wp-json\/wp\/v2\/media?parent=70126"}],"wp:term":[{"taxonomy":"product_brand","embeddable":true,"href":"https:\/\/www.koupeltech.com\/index.php\/wp-json\/wp\/v2\/product_brand?post=70126"},{"taxonomy":"product_cat","embeddable":true,"href":"https:\/\/www.koupeltech.com\/index.php\/wp-json\/wp\/v2\/product_cat?post=70126"},{"taxonomy":"product_tag","embeddable":true,"href":"https:\/\/www.koupeltech.com\/index.php\/wp-json\/wp\/v2\/product_tag?post=70126"}],"curies":[{"name":"wp","href":"https:\/\/api.w.org\/{rel}","templated":true}]}}