{"id":70164,"date":"2026-04-27T14:06:39","date_gmt":"2026-04-27T14:06:39","guid":{"rendered":""},"modified":"2026-04-27T14:06:39","modified_gmt":"2026-04-27T14:06:39","slug":"zlevneny-lima-sprchovy-kout-obdelnik-80x90x190-cm-chrom-alu-sklo-point-70164","status":"publish","type":"product","link":"https:\/\/www.koupeltech.com\/index.php\/produkt\/zlevneny-lima-sprchovy-kout-obdelnik-80x90x190-cm-chrom-alu-sklo-point-70164\/","title":{"rendered":"Zlevn\u011bn\u00fd LIMA Sprchov\u00fd kout, obd\u00e9ln\u00edk, 80x90x190 cm, chrom ALU, sklo Point"},"content":{"rendered":"<div id=\"e4940288\" class=\"pages\">\n<div>\n<div id=\"PDDescription\" class=\"UserContentView userContent v1a v1 bs-view dcon dc164 PDDescription\" ><dc-con><dc-con><bs-empty><\/bs-empty><\/dc-con><dc-con>        <\/p>\n<div class=\"customDescription\">                    <\/div>\n<p><\/dc-con><dc-con><\/p>\n<div>TENTO PRODUKT SE JI\u017d NEPROD\u00c1V\u00c1. JEHO N\u00c1HRADA JE PRODUKT S OBJEDNAC\u00cdM K\u00d3DEM CK87592Z.<\/p>\n<p>Lima je \u0159ada sprchov\u00fdch kout\u016f Mereo, kter\u00e1 navod\u00ed pocit \u010dist\u00e9ho designu v ka\u017ed\u00e9 modern\u00ed koupeln\u011b. Rovn\u00e9 hladk\u00e9 plochy, \u010dist\u00e9 linie a ostr\u00e9 hrany profil\u016f umoc\u0148uj\u00ed pocit exkluzivity. Kvalitn\u00ed sklen\u011bn\u00e9 v\u00fdpln\u011b s bezpe\u010dnostn\u00edm sklem je mo\u017en\u00e9 zvolit jak v \u010dir\u00e9m proveden\u00ed, tak v nepr\u016fhledn\u00e9m proveden\u00ed se sklem Point, kter\u00e9 navod\u00ed lep\u0161\u00ed pocit intimity p\u0159i sprchov\u00e1n\u00ed. <\/p>\n<p>Snadn\u00e9 zav\u0159en\u00ed a t\u011bsnost zaji\u0161\u0165uj\u00ed st\u00edrac\u00ed a silikonov\u00e9 li\u0161ty, opat\u0159en\u00e9 na vstupn\u00ed \u010d\u00e1sti magnetem, nejedn\u00e1 se v\u0161ak o hermeticky uzav\u0159en\u00fd v\u00fdrobek.<\/p>\n<p>V cen\u011b koutu nen\u00ed zahrnuta cena vani\u010dky.<\/div>\n<table class='techparam_table'>\n<tr>\n<td>Typ<\/td>\n<td>Sprchov\u00fd kout<\/td>\n<\/tr>\n<tr>\n<td>Sklo<\/td>\n<td>Point<\/td>\n<\/tr>\n<tr>\n<td>Tvar<\/td>\n<td>Obd\u00e9ln\u00edk<\/td>\n<\/tr>\n<tr>\n<td>Barva<\/td>\n<td>Chrom<\/td>\n<\/tr>\n<tr>\n<td>S\u00e9rie<\/td>\n<td>Lima<\/td>\n<\/tr>\n<tr>\n<td>\u0160\u00ed\u0159ka<\/td>\n<td>800 mm<\/td>\n<\/tr>\n<tr>\n<td>Hloubka<\/td>\n<td>900 mm<\/td>\n<\/tr>\n<tr>\n<td>Materi\u00e1l<\/td>\n<td>Hlin\u00edkov\u00e9 profily<\/td>\n<\/tr>\n<tr>\n<td>Proveden\u00ed<\/td>\n<td>L\/P univers\u00e1ln\u00ed<\/td>\n<\/tr>\n<tr>\n<td>Konstrukce<\/td>\n<td>Dve\u0159e \/ Pevn\u00fd d\u00edl<\/td>\n<\/tr>\n<tr>\n<td>D\u00e9lka\/V\u00fd\u0161ka<\/td>\n<td>1900 mm<\/td>\n<\/tr>\n<tr>\n<td>Stavitelnost<\/td>\n<td>780-790 x 880-890<\/td>\n<\/tr>\n<tr>\n<td>Tlou\u0161\u0165ka skla<\/td>\n<td>6 mm<\/td>\n<\/tr>\n<tr>\n<td>Vstupn\u00ed otvor<\/td>\n<td>670<\/td>\n<\/tr>\n<tr>\n<td>Zp\u016fsob otev\u00edr\u00e1n\u00ed<\/td>\n<td>L\u00edtac\u00ed<\/td>\n<\/tr>\n<\/table>\n<p><\/dc-con><\/dc-con><\/div>\n<\/p><\/div>\n<div id=\"PDTable3\" class=\"ProductDetailTableView v3a v3 bs-view dcon dc185 PDTable3\" >\n<table>\n<thead><\/thead>\n<tbody>\n<tr class=\"attribute attr_kategorie\">\n<td class=\"caption\">Kategorie<\/td>\n<td class=\"value\">Obd\u00e9ln\u00edkov\u00e9<\/td>\n<\/tr>\n<tr class=\"attribute attr_typskla\">\n<td class=\"caption\">Typ skla<\/td>\n<td class=\"value\">Point<\/td>\n<\/tr>\n<tr class=\"attribute attr_Vyska attr_1\">\n<td class=\"caption\">V\u00fd\u0161ka v mm<\/td>\n<td class=\"value\">1900<\/td>\n<\/tr>\n<tr class=\"attribute attr_bsshop_maker\">\n<td class=\"caption\">V\u00fdrobce<\/td>\n<td class=\"value\">Mereo<\/td>\n<\/tr>\n<\/tbody>\n<\/table>\n<\/div>\n<div id=\"ProductMedia\" class=\"ProductMediaView MediaViewBase v1a v1 bs-view dcon dc409 ProductMedia\" ><bs-empty><\/bs-empty><\/p>\n<div class=\"files\">\n<div class=\"title sub\">Soubory<\/div>\n<p><a href=\"\/media\/32719\/lima-ck105xxk-dvoukridle-dvere-pevny-dil-navod-jazyky.pdf?&amp;key=ZGpmIyQwNUZfMzI3MTk=\" class=\"pdf\">LIMA_CK105xxK_dvoukridle_dvere_pevny_dil_navod_jazyky.pdf<\/a><a href=\"\/media\/43041\/167564839c5fb6-lima-ck105xxk-dvoukridle-dvere-pevny-dil-navod-jazyky-pdf-2024-05-10-11-26-19.pdf?&amp;key=ZGpmIyQwNUZfNDMwNDE=\" class=\"pdf\">167564839c5fb6-lima-ck105xxk-dvoukridle-dvere-pevny-dil-navod-jazyky-pdf-2024-05-10-11-26-<\/a><\/div>\n<p><bs-empty><\/bs-empty><\/div>\n<div id=\"PdProductGpsr\" class=\"ProductGpsrView v1a v1 bs-view dcon dc217 PdProductGpsr\" >\n<div class=\"subject\"><dc-root class=\"dcon dc219\"><span class=\"title\">Zodpov\u011bdn&#253; subjekt:<\/span><dc-con><dc-con><span class=\"company\">MSO Trade a.s.<\/span><span class=\"name\">MSO Trade<\/span><\/dc-con><dc-con><span class=\"street\">Svatoborsk&#225; 1431\/87c<\/span><span class=\"city\">Kyjov<\/span><span class=\"zip\">697 01<\/span><span class=\"country\">\u010cesko<\/span><\/dc-con><span class=\"email\">objednavky@msotrade.cz<\/span><span class=\"phone\">518 398 831<\/span><bs-empty><\/bs-empty><a href=\"https:\/\/www.msotrade.cz\/kontakt\/\" class=\"link\" target=\"_blank\">https:\/\/www.msotrade.cz\/kontakt\/<\/a><\/dc-con><bs-empty><\/bs-empty><\/dc-root><\/div>\n<p><bs-empty><\/bs-empty><\/div>\n<\/div>\n<div id=\"e4940289\" class=\"tabs\">\n","protected":false},"excerpt":{"rendered":"<p>TENTO PRODUKT SE JI\u017d NEPROD\u00c1V\u00c1. JEHO N\u00c1HRADA JE PRODUKT S OBJEDNAC\u00cdM K\u00d3DEM CK87592Z. Lima je \u0159ada sprchov\u00fdch kout\u016f Mereo, kter\u00e1 navod\u00ed pocit \u010dist\u00e9ho designu v ka\u017ed\u00e9 modern\u00ed koupeln\u011b. Rovn\u00e9 hladk\u00e9 plochy, \u010dist\u00e9 linie a ostr\u00e9 hrany profil\u016f umoc\u0148uj\u00ed pocit exkluzivity. Kvalitn\u00ed sklen\u011bn\u00e9 v\u00fdpln\u011b s bezpe\u010dnostn\u00edm sklem je mo\u017en\u00e9 zvolit jak v \u010dir\u00e9m proveden\u00ed, tak v [&hellip;]<\/p>\n","protected":false},"featured_media":70264,"comment_status":"open","ping_status":"open","template":"","meta":[],"product_brand":[],"product_cat":[94],"product_tag":[],"class_list":{"0":"post-70164","1":"product","2":"type-product","3":"status-publish","4":"has-post-thumbnail","6":"product_cat-vybaven-237-koupelny","8":"first","9":"instock","10":"sale","11":"shipping-taxable","12":"purchasable","13":"product-type-simple"},"yoast_head":"<!-- This site is optimized with the Yoast SEO plugin v26.8 - https:\/\/yoast.com\/product\/yoast-seo-wordpress\/ -->\n<title>Zlevn\u011bn\u00fd LIMA Sprchov\u00fd kout, obd\u00e9ln\u00edk, 80x90x190 cm, chrom ALU, sklo Point -<\/title>\n<meta name=\"robots\" content=\"index, follow, max-snippet:-1, max-image-preview:large, max-video-preview:-1\" \/>\n<link rel=\"canonical\" href=\"https:\/\/www.koupeltech.com\/index.php\/produkt\/zlevneny-lima-sprchovy-kout-obdelnik-80x90x190-cm-chrom-alu-sklo-point-70164\/\" \/>\n<meta property=\"og:locale\" content=\"cs_CZ\" \/>\n<meta property=\"og:type\" content=\"article\" \/>\n<meta property=\"og:title\" content=\"Zlevn\u011bn\u00fd LIMA Sprchov\u00fd kout, obd\u00e9ln\u00edk, 80x90x190 cm, chrom ALU, sklo Point -\" \/>\n<meta property=\"og:description\" content=\"TENTO PRODUKT SE JI\u017d NEPROD\u00c1V\u00c1. JEHO N\u00c1HRADA JE PRODUKT S OBJEDNAC\u00cdM K\u00d3DEM CK87592Z. Lima je \u0159ada sprchov\u00fdch kout\u016f Mereo, kter\u00e1 navod\u00ed pocit \u010dist\u00e9ho designu v ka\u017ed\u00e9 modern\u00ed koupeln\u011b. Rovn\u00e9 hladk\u00e9 plochy, \u010dist\u00e9 linie a ostr\u00e9 hrany profil\u016f umoc\u0148uj\u00ed pocit exkluzivity. Kvalitn\u00ed sklen\u011bn\u00e9 v\u00fdpln\u011b s bezpe\u010dnostn\u00edm sklem je mo\u017en\u00e9 zvolit jak v \u010dir\u00e9m proveden\u00ed, tak v [&hellip;]\" \/>\n<meta property=\"og:url\" content=\"https:\/\/www.koupeltech.com\/index.php\/produkt\/zlevneny-lima-sprchovy-kout-obdelnik-80x90x190-cm-chrom-alu-sklo-point-70164\/\" \/>\n<meta property=\"og:image\" content=\"https:\/\/www.koupeltech.com\/wp-content\/uploads\/2026\/SK0022514-CZ20260425-093449-0-1777080896-lima-sprchovy-kout-obdelnik-80x90x190-cm-chrom-alu-sklo-poi.webp\" \/>\n\t<meta property=\"og:image:width\" content=\"1000\" \/>\n\t<meta property=\"og:image:height\" content=\"525\" \/>\n\t<meta property=\"og:image:type\" content=\"image\/webp\" \/>\n<meta name=\"twitter:card\" content=\"summary_large_image\" \/>\n<meta name=\"twitter:label1\" content=\"Odhadovan\u00e1 doba \u010dten\u00ed\" \/>\n\t<meta name=\"twitter:data1\" content=\"1 minuta\" \/>\n<script type=\"application\/ld+json\" class=\"yoast-schema-graph\">{\"@context\":\"https:\/\/schema.org\",\"@graph\":[{\"@type\":\"WebPage\",\"@id\":\"https:\/\/www.koupeltech.com\/index.php\/produkt\/zlevneny-lima-sprchovy-kout-obdelnik-80x90x190-cm-chrom-alu-sklo-point-70164\/\",\"url\":\"https:\/\/www.koupeltech.com\/index.php\/produkt\/zlevneny-lima-sprchovy-kout-obdelnik-80x90x190-cm-chrom-alu-sklo-point-70164\/\",\"name\":\"Zlevn\u011bn\u00fd LIMA Sprchov\u00fd kout, obd\u00e9ln\u00edk, 80x90x190 cm, chrom ALU, sklo Point -\",\"isPartOf\":{\"@id\":\"https:\/\/www.koupeltech.com\/#website\"},\"primaryImageOfPage\":{\"@id\":\"https:\/\/www.koupeltech.com\/index.php\/produkt\/zlevneny-lima-sprchovy-kout-obdelnik-80x90x190-cm-chrom-alu-sklo-point-70164\/#primaryimage\"},\"image\":{\"@id\":\"https:\/\/www.koupeltech.com\/index.php\/produkt\/zlevneny-lima-sprchovy-kout-obdelnik-80x90x190-cm-chrom-alu-sklo-point-70164\/#primaryimage\"},\"thumbnailUrl\":\"https:\/\/www.koupeltech.com\/wp-content\/uploads\/2026\/SK0022514-CZ20260425-093449-0-1777080896-lima-sprchovy-kout-obdelnik-80x90x190-cm-chrom-alu-sklo-poi.webp\",\"datePublished\":\"2026-04-27T14:06:39+00:00\",\"breadcrumb\":{\"@id\":\"https:\/\/www.koupeltech.com\/index.php\/produkt\/zlevneny-lima-sprchovy-kout-obdelnik-80x90x190-cm-chrom-alu-sklo-point-70164\/#breadcrumb\"},\"inLanguage\":\"cs\",\"potentialAction\":[{\"@type\":\"ReadAction\",\"target\":[\"https:\/\/www.koupeltech.com\/index.php\/produkt\/zlevneny-lima-sprchovy-kout-obdelnik-80x90x190-cm-chrom-alu-sklo-point-70164\/\"]}]},{\"@type\":\"ImageObject\",\"inLanguage\":\"cs\",\"@id\":\"https:\/\/www.koupeltech.com\/index.php\/produkt\/zlevneny-lima-sprchovy-kout-obdelnik-80x90x190-cm-chrom-alu-sklo-point-70164\/#primaryimage\",\"url\":\"https:\/\/www.koupeltech.com\/wp-content\/uploads\/2026\/SK0022514-CZ20260425-093449-0-1777080896-lima-sprchovy-kout-obdelnik-80x90x190-cm-chrom-alu-sklo-poi.webp\",\"contentUrl\":\"https:\/\/www.koupeltech.com\/wp-content\/uploads\/2026\/SK0022514-CZ20260425-093449-0-1777080896-lima-sprchovy-kout-obdelnik-80x90x190-cm-chrom-alu-sklo-poi.webp\",\"width\":1000,\"height\":525},{\"@type\":\"BreadcrumbList\",\"@id\":\"https:\/\/www.koupeltech.com\/index.php\/produkt\/zlevneny-lima-sprchovy-kout-obdelnik-80x90x190-cm-chrom-alu-sklo-point-70164\/#breadcrumb\",\"itemListElement\":[{\"@type\":\"ListItem\",\"position\":1,\"name\":\"Home\",\"item\":\"https:\/\/www.koupeltech.com\/\"},{\"@type\":\"ListItem\",\"position\":2,\"name\":\"Products\",\"item\":\"https:\/\/www.koupeltech.com\/index.php\/products\/\"},{\"@type\":\"ListItem\",\"position\":3,\"name\":\"Zlevn\u011bn\u00fd LIMA Sprchov\u00fd kout, obd\u00e9ln\u00edk, 80x90x190 cm, chrom ALU, sklo Point\"}]},{\"@type\":\"WebSite\",\"@id\":\"https:\/\/www.koupeltech.com\/#website\",\"url\":\"https:\/\/www.koupeltech.com\/\",\"name\":\"\",\"description\":\"\",\"potentialAction\":[{\"@type\":\"SearchAction\",\"target\":{\"@type\":\"EntryPoint\",\"urlTemplate\":\"https:\/\/www.koupeltech.com\/?s={search_term_string}\"},\"query-input\":{\"@type\":\"PropertyValueSpecification\",\"valueRequired\":true,\"valueName\":\"search_term_string\"}}],\"inLanguage\":\"cs\"}]}<\/script>\n<!-- \/ Yoast SEO plugin. -->","yoast_head_json":{"title":"Zlevn\u011bn\u00fd LIMA Sprchov\u00fd kout, obd\u00e9ln\u00edk, 80x90x190 cm, chrom ALU, sklo Point -","robots":{"index":"index","follow":"follow","max-snippet":"max-snippet:-1","max-image-preview":"max-image-preview:large","max-video-preview":"max-video-preview:-1"},"canonical":"https:\/\/www.koupeltech.com\/index.php\/produkt\/zlevneny-lima-sprchovy-kout-obdelnik-80x90x190-cm-chrom-alu-sklo-point-70164\/","og_locale":"cs_CZ","og_type":"article","og_title":"Zlevn\u011bn\u00fd LIMA Sprchov\u00fd kout, obd\u00e9ln\u00edk, 80x90x190 cm, chrom ALU, sklo Point -","og_description":"TENTO PRODUKT SE JI\u017d NEPROD\u00c1V\u00c1. JEHO N\u00c1HRADA JE PRODUKT S OBJEDNAC\u00cdM K\u00d3DEM CK87592Z. Lima je \u0159ada sprchov\u00fdch kout\u016f Mereo, kter\u00e1 navod\u00ed pocit \u010dist\u00e9ho designu v ka\u017ed\u00e9 modern\u00ed koupeln\u011b. Rovn\u00e9 hladk\u00e9 plochy, \u010dist\u00e9 linie a ostr\u00e9 hrany profil\u016f umoc\u0148uj\u00ed pocit exkluzivity. Kvalitn\u00ed sklen\u011bn\u00e9 v\u00fdpln\u011b s bezpe\u010dnostn\u00edm sklem je mo\u017en\u00e9 zvolit jak v \u010dir\u00e9m proveden\u00ed, tak v [&hellip;]","og_url":"https:\/\/www.koupeltech.com\/index.php\/produkt\/zlevneny-lima-sprchovy-kout-obdelnik-80x90x190-cm-chrom-alu-sklo-point-70164\/","og_image":[{"width":1000,"height":525,"url":"https:\/\/www.koupeltech.com\/wp-content\/uploads\/2026\/SK0022514-CZ20260425-093449-0-1777080896-lima-sprchovy-kout-obdelnik-80x90x190-cm-chrom-alu-sklo-poi.webp","type":"image\/webp"}],"twitter_card":"summary_large_image","twitter_misc":{"Odhadovan\u00e1 doba \u010dten\u00ed":"1 minuta"},"schema":{"@context":"https:\/\/schema.org","@graph":[{"@type":"WebPage","@id":"https:\/\/www.koupeltech.com\/index.php\/produkt\/zlevneny-lima-sprchovy-kout-obdelnik-80x90x190-cm-chrom-alu-sklo-point-70164\/","url":"https:\/\/www.koupeltech.com\/index.php\/produkt\/zlevneny-lima-sprchovy-kout-obdelnik-80x90x190-cm-chrom-alu-sklo-point-70164\/","name":"Zlevn\u011bn\u00fd LIMA Sprchov\u00fd kout, obd\u00e9ln\u00edk, 80x90x190 cm, chrom ALU, sklo Point -","isPartOf":{"@id":"https:\/\/www.koupeltech.com\/#website"},"primaryImageOfPage":{"@id":"https:\/\/www.koupeltech.com\/index.php\/produkt\/zlevneny-lima-sprchovy-kout-obdelnik-80x90x190-cm-chrom-alu-sklo-point-70164\/#primaryimage"},"image":{"@id":"https:\/\/www.koupeltech.com\/index.php\/produkt\/zlevneny-lima-sprchovy-kout-obdelnik-80x90x190-cm-chrom-alu-sklo-point-70164\/#primaryimage"},"thumbnailUrl":"https:\/\/www.koupeltech.com\/wp-content\/uploads\/2026\/SK0022514-CZ20260425-093449-0-1777080896-lima-sprchovy-kout-obdelnik-80x90x190-cm-chrom-alu-sklo-poi.webp","datePublished":"2026-04-27T14:06:39+00:00","breadcrumb":{"@id":"https:\/\/www.koupeltech.com\/index.php\/produkt\/zlevneny-lima-sprchovy-kout-obdelnik-80x90x190-cm-chrom-alu-sklo-point-70164\/#breadcrumb"},"inLanguage":"cs","potentialAction":[{"@type":"ReadAction","target":["https:\/\/www.koupeltech.com\/index.php\/produkt\/zlevneny-lima-sprchovy-kout-obdelnik-80x90x190-cm-chrom-alu-sklo-point-70164\/"]}]},{"@type":"ImageObject","inLanguage":"cs","@id":"https:\/\/www.koupeltech.com\/index.php\/produkt\/zlevneny-lima-sprchovy-kout-obdelnik-80x90x190-cm-chrom-alu-sklo-point-70164\/#primaryimage","url":"https:\/\/www.koupeltech.com\/wp-content\/uploads\/2026\/SK0022514-CZ20260425-093449-0-1777080896-lima-sprchovy-kout-obdelnik-80x90x190-cm-chrom-alu-sklo-poi.webp","contentUrl":"https:\/\/www.koupeltech.com\/wp-content\/uploads\/2026\/SK0022514-CZ20260425-093449-0-1777080896-lima-sprchovy-kout-obdelnik-80x90x190-cm-chrom-alu-sklo-poi.webp","width":1000,"height":525},{"@type":"BreadcrumbList","@id":"https:\/\/www.koupeltech.com\/index.php\/produkt\/zlevneny-lima-sprchovy-kout-obdelnik-80x90x190-cm-chrom-alu-sklo-point-70164\/#breadcrumb","itemListElement":[{"@type":"ListItem","position":1,"name":"Home","item":"https:\/\/www.koupeltech.com\/"},{"@type":"ListItem","position":2,"name":"Products","item":"https:\/\/www.koupeltech.com\/index.php\/products\/"},{"@type":"ListItem","position":3,"name":"Zlevn\u011bn\u00fd LIMA Sprchov\u00fd kout, obd\u00e9ln\u00edk, 80x90x190 cm, chrom ALU, sklo Point"}]},{"@type":"WebSite","@id":"https:\/\/www.koupeltech.com\/#website","url":"https:\/\/www.koupeltech.com\/","name":"","description":"","potentialAction":[{"@type":"SearchAction","target":{"@type":"EntryPoint","urlTemplate":"https:\/\/www.koupeltech.com\/?s={search_term_string}"},"query-input":{"@type":"PropertyValueSpecification","valueRequired":true,"valueName":"search_term_string"}}],"inLanguage":"cs"}]}},"_links":{"self":[{"href":"https:\/\/www.koupeltech.com\/index.php\/wp-json\/wp\/v2\/product\/70164","targetHints":{"allow":["GET"]}}],"collection":[{"href":"https:\/\/www.koupeltech.com\/index.php\/wp-json\/wp\/v2\/product"}],"about":[{"href":"https:\/\/www.koupeltech.com\/index.php\/wp-json\/wp\/v2\/types\/product"}],"replies":[{"embeddable":true,"href":"https:\/\/www.koupeltech.com\/index.php\/wp-json\/wp\/v2\/comments?post=70164"}],"wp:featuredmedia":[{"embeddable":true,"href":"https:\/\/www.koupeltech.com\/index.php\/wp-json\/wp\/v2\/media\/70264"}],"wp:attachment":[{"href":"https:\/\/www.koupeltech.com\/index.php\/wp-json\/wp\/v2\/media?parent=70164"}],"wp:term":[{"taxonomy":"product_brand","embeddable":true,"href":"https:\/\/www.koupeltech.com\/index.php\/wp-json\/wp\/v2\/product_brand?post=70164"},{"taxonomy":"product_cat","embeddable":true,"href":"https:\/\/www.koupeltech.com\/index.php\/wp-json\/wp\/v2\/product_cat?post=70164"},{"taxonomy":"product_tag","embeddable":true,"href":"https:\/\/www.koupeltech.com\/index.php\/wp-json\/wp\/v2\/product_tag?post=70164"}],"curies":[{"name":"wp","href":"https:\/\/api.w.org\/{rel}","templated":true}]}}