{"id":70309,"date":"2026-04-27T14:06:41","date_gmt":"2026-04-27T14:06:41","guid":{"rendered":""},"modified":"2026-04-27T14:06:41","modified_gmt":"2026-04-27T14:06:41","slug":"znackovy-jika-cubito-hlavova-sprcha-250-x-250-mm-nerez-70309","status":"publish","type":"product","link":"https:\/\/www.koupeltech.com\/index.php\/produkt\/znackovy-jika-cubito-hlavova-sprcha-250-x-250-mm-nerez-70309\/","title":{"rendered":"Zna\u010dkov\u00fd JIKA CUBITO Hlavov\u00e1 sprcha 250 x 250 mm, nerez"},"content":{"rendered":"<div id=\"e5469964\" class=\"pages\">\n<div>\n<div id=\"PDDescription\" class=\"UserContentView userContent v1a v1 bs-view dcon dc164 PDDescription\" ><dc-con><dc-con><bs-empty><\/bs-empty><\/dc-con><dc-con>        <\/p>\n<div class=\"customDescription\">                    <\/div>\n<p><\/dc-con><dc-con>Hlavov\u00e1 sprcha Cubito zapad\u00e1 do konceptu stejnojmenn\u00e9 s\u00e9rie. Pro n\u00e1ro\u010dn\u00e9 nab\u00edz\u00edme horn\u00ed sprchu ve 3 proveden\u00edch. Hlavov\u00e1 sprcha neobsahuje sprchov\u00e9 rameno, kter\u00e9 je nutn\u00e9 objednat zvl\u00e1\u0161\u0165. Hlavov\u00e1 sprcha Cubito je vybavena funkc\u00ed Clean Touch pro snadn\u00e9 \u010di\u0161t\u011bn\u00ed. Pro bezchybn\u00e9 sprchov\u00e1n\u00ed je t\u0159eba, aby trysky nebyly ucp\u00e1v\u00e1ny vodn\u00edm kamenem, kter\u00fd je schopen se usadit b\u011bhem 48 hodin! Je tedy nezbytn\u00e9, aby pravideln\u00e1 p\u00e9\u010de o baterie a dal\u0161\u00ed koupelnov\u00e9 p\u0159\u00edslu\u0161enstv\u00ed byla co nejjednodu\u0161\u0161\u00ed. Ide\u00e1ln\u00ed \u00fadr\u017ebu p\u0159edstavuj\u00ed m\u011bkk\u00e9 gumi\u010dky na trysk\u00e1ch sprch, kter\u00e9 ji\u017e p\u0159i lehk\u00e9m dotyku zaru\u010duj\u00ed snadn\u00e9 olamov\u00e1n\u00ed vodn\u00edho kamene. Na sprchov\u00e9 p\u0159\u00edslu\u0161enstv\u00ed poskytujeme 2letou z\u00e1ruku.<\/dc-con><\/dc-con><\/div>\n<div id=\"PDDescription2\" class=\"UserContentView userContent v1a v1 bs-view dcon dc165 PDDescription2\" >\n<table class=\"params-table\">\n<tr>\n<td>Modelov\u00e9 \u010d\u00edslo<\/td>\n<td>3674200040421<\/td>\n<\/tr>\n<tr>\n<td>D\u00e9lka (mm)<\/td>\n<td>0<\/td>\n<\/tr>\n<tr>\n<td>\u0160\u00ed\u0159ka (mm)<\/td>\n<td>0<\/td>\n<\/tr>\n<tr>\n<td>V\u00fd\u0161ka (mm)<\/td>\n<td>0<\/td>\n<\/tr>\n<\/table>\n<\/div><\/div>\n<div id=\"PDTable3\" class=\"ProductDetailTableView v3a v3 bs-view dcon dc185 PDTable3\" >\n<table>\n<thead><\/thead>\n<tbody>\n<tr class=\"attribute attr_bsshop_maker\">\n<td class=\"caption\">V\u00fdrobce<\/td>\n<td class=\"value\">Jika<\/td>\n<\/tr>\n<tr class=\"weight\">\n<td class=\"caption\"><span>Hmotnost<\/span><\/td>\n<td class=\"value\"><span>1,10 kg<\/span><\/td>\n<\/tr>\n<\/tbody>\n<\/table>\n<\/div>\n<div id=\"ProductMedia\" class=\"ProductMediaView MediaViewBase v1a v1 bs-view dcon dc409 ProductMedia\" ><bs-empty><\/bs-empty><\/p>\n<div class=\"files\">\n<div class=\"title sub\">Soubory<\/div>\n<p><a href=\"\/media\/10576\/td01-jika-3674200040421.pdf?&amp;key=ZGpmIyQwNUZfMTA1NzY=\" class=\"pdf\">Technick&#253; v&#253;kres<\/a><\/div>\n<p><bs-empty><\/bs-empty><\/div>\n<\/div>\n<div id=\"e5469965\" class=\"tabs\">\n","protected":false},"excerpt":{"rendered":"<p>Hlavov\u00e1 sprcha Cubito zapad\u00e1 do konceptu stejnojmenn\u00e9 s\u00e9rie. Pro n\u00e1ro\u010dn\u00e9 nab\u00edz\u00edme horn\u00ed sprchu ve 3 proveden\u00edch. Hlavov\u00e1 sprcha neobsahuje sprchov\u00e9 rameno, kter\u00e9 je nutn\u00e9 objednat zvl\u00e1\u0161\u0165. Hlavov\u00e1 sprcha Cubito je vybavena funkc\u00ed Clean Touch pro snadn\u00e9 \u010di\u0161t\u011bn\u00ed. Pro bezchybn\u00e9 sprchov\u00e1n\u00ed je t\u0159eba, aby trysky nebyly ucp\u00e1v\u00e1ny vodn\u00edm kamenem, kter\u00fd je schopen se usadit b\u011bhem 48 [&hellip;]<\/p>\n","protected":false},"featured_media":70409,"comment_status":"open","ping_status":"open","template":"","meta":[],"product_brand":[],"product_cat":[94],"product_tag":[],"class_list":{"0":"post-70309","1":"product","2":"type-product","3":"status-publish","4":"has-post-thumbnail","6":"product_cat-vybaven-237-koupelny","8":"first","9":"instock","10":"sale","11":"shipping-taxable","12":"purchasable","13":"product-type-simple"},"yoast_head":"<!-- This site is optimized with the Yoast SEO plugin v26.8 - https:\/\/yoast.com\/product\/yoast-seo-wordpress\/ -->\n<title>Zna\u010dkov\u00fd JIKA CUBITO Hlavov\u00e1 sprcha 250 x 250 mm, nerez -<\/title>\n<meta name=\"robots\" content=\"index, follow, max-snippet:-1, max-image-preview:large, max-video-preview:-1\" \/>\n<link rel=\"canonical\" href=\"https:\/\/www.koupeltech.com\/index.php\/produkt\/znackovy-jika-cubito-hlavova-sprcha-250-x-250-mm-nerez-70309\/\" \/>\n<meta property=\"og:locale\" content=\"cs_CZ\" \/>\n<meta property=\"og:type\" content=\"article\" \/>\n<meta property=\"og:title\" content=\"Zna\u010dkov\u00fd JIKA CUBITO Hlavov\u00e1 sprcha 250 x 250 mm, nerez -\" \/>\n<meta property=\"og:description\" content=\"Hlavov\u00e1 sprcha Cubito zapad\u00e1 do konceptu stejnojmenn\u00e9 s\u00e9rie. Pro n\u00e1ro\u010dn\u00e9 nab\u00edz\u00edme horn\u00ed sprchu ve 3 proveden\u00edch. Hlavov\u00e1 sprcha neobsahuje sprchov\u00e9 rameno, kter\u00e9 je nutn\u00e9 objednat zvl\u00e1\u0161\u0165. Hlavov\u00e1 sprcha Cubito je vybavena funkc\u00ed Clean Touch pro snadn\u00e9 \u010di\u0161t\u011bn\u00ed. Pro bezchybn\u00e9 sprchov\u00e1n\u00ed je t\u0159eba, aby trysky nebyly ucp\u00e1v\u00e1ny vodn\u00edm kamenem, kter\u00fd je schopen se usadit b\u011bhem 48 [&hellip;]\" \/>\n<meta property=\"og:url\" content=\"https:\/\/www.koupeltech.com\/index.php\/produkt\/znackovy-jika-cubito-hlavova-sprcha-250-x-250-mm-nerez-70309\/\" \/>\n<meta property=\"og:image\" content=\"https:\/\/www.koupeltech.com\/wp-content\/uploads\/2026\/SK0022559-CZ20260425-093449-0-1777080896-jika-cubito-hlavova-sprcha-250-x-250-mm-nerez.webp\" \/>\n\t<meta property=\"og:image:width\" content=\"1000\" \/>\n\t<meta property=\"og:image:height\" content=\"525\" \/>\n\t<meta property=\"og:image:type\" content=\"image\/webp\" \/>\n<meta name=\"twitter:card\" content=\"summary_large_image\" \/>\n<meta name=\"twitter:label1\" content=\"Odhadovan\u00e1 doba \u010dten\u00ed\" \/>\n\t<meta name=\"twitter:data1\" content=\"1 minuta\" \/>\n<script type=\"application\/ld+json\" class=\"yoast-schema-graph\">{\"@context\":\"https:\/\/schema.org\",\"@graph\":[{\"@type\":\"WebPage\",\"@id\":\"https:\/\/www.koupeltech.com\/index.php\/produkt\/znackovy-jika-cubito-hlavova-sprcha-250-x-250-mm-nerez-70309\/\",\"url\":\"https:\/\/www.koupeltech.com\/index.php\/produkt\/znackovy-jika-cubito-hlavova-sprcha-250-x-250-mm-nerez-70309\/\",\"name\":\"Zna\u010dkov\u00fd JIKA CUBITO Hlavov\u00e1 sprcha 250 x 250 mm, nerez -\",\"isPartOf\":{\"@id\":\"https:\/\/www.koupeltech.com\/#website\"},\"primaryImageOfPage\":{\"@id\":\"https:\/\/www.koupeltech.com\/index.php\/produkt\/znackovy-jika-cubito-hlavova-sprcha-250-x-250-mm-nerez-70309\/#primaryimage\"},\"image\":{\"@id\":\"https:\/\/www.koupeltech.com\/index.php\/produkt\/znackovy-jika-cubito-hlavova-sprcha-250-x-250-mm-nerez-70309\/#primaryimage\"},\"thumbnailUrl\":\"https:\/\/www.koupeltech.com\/wp-content\/uploads\/2026\/SK0022559-CZ20260425-093449-0-1777080896-jika-cubito-hlavova-sprcha-250-x-250-mm-nerez.webp\",\"datePublished\":\"2026-04-27T14:06:41+00:00\",\"breadcrumb\":{\"@id\":\"https:\/\/www.koupeltech.com\/index.php\/produkt\/znackovy-jika-cubito-hlavova-sprcha-250-x-250-mm-nerez-70309\/#breadcrumb\"},\"inLanguage\":\"cs\",\"potentialAction\":[{\"@type\":\"ReadAction\",\"target\":[\"https:\/\/www.koupeltech.com\/index.php\/produkt\/znackovy-jika-cubito-hlavova-sprcha-250-x-250-mm-nerez-70309\/\"]}]},{\"@type\":\"ImageObject\",\"inLanguage\":\"cs\",\"@id\":\"https:\/\/www.koupeltech.com\/index.php\/produkt\/znackovy-jika-cubito-hlavova-sprcha-250-x-250-mm-nerez-70309\/#primaryimage\",\"url\":\"https:\/\/www.koupeltech.com\/wp-content\/uploads\/2026\/SK0022559-CZ20260425-093449-0-1777080896-jika-cubito-hlavova-sprcha-250-x-250-mm-nerez.webp\",\"contentUrl\":\"https:\/\/www.koupeltech.com\/wp-content\/uploads\/2026\/SK0022559-CZ20260425-093449-0-1777080896-jika-cubito-hlavova-sprcha-250-x-250-mm-nerez.webp\",\"width\":1000,\"height\":525},{\"@type\":\"BreadcrumbList\",\"@id\":\"https:\/\/www.koupeltech.com\/index.php\/produkt\/znackovy-jika-cubito-hlavova-sprcha-250-x-250-mm-nerez-70309\/#breadcrumb\",\"itemListElement\":[{\"@type\":\"ListItem\",\"position\":1,\"name\":\"Home\",\"item\":\"https:\/\/www.koupeltech.com\/\"},{\"@type\":\"ListItem\",\"position\":2,\"name\":\"Products\",\"item\":\"https:\/\/www.koupeltech.com\/index.php\/products\/\"},{\"@type\":\"ListItem\",\"position\":3,\"name\":\"Zna\u010dkov\u00fd JIKA CUBITO Hlavov\u00e1 sprcha 250 x 250 mm, nerez\"}]},{\"@type\":\"WebSite\",\"@id\":\"https:\/\/www.koupeltech.com\/#website\",\"url\":\"https:\/\/www.koupeltech.com\/\",\"name\":\"\",\"description\":\"\",\"potentialAction\":[{\"@type\":\"SearchAction\",\"target\":{\"@type\":\"EntryPoint\",\"urlTemplate\":\"https:\/\/www.koupeltech.com\/?s={search_term_string}\"},\"query-input\":{\"@type\":\"PropertyValueSpecification\",\"valueRequired\":true,\"valueName\":\"search_term_string\"}}],\"inLanguage\":\"cs\"}]}<\/script>\n<!-- \/ Yoast SEO plugin. -->","yoast_head_json":{"title":"Zna\u010dkov\u00fd JIKA CUBITO Hlavov\u00e1 sprcha 250 x 250 mm, nerez -","robots":{"index":"index","follow":"follow","max-snippet":"max-snippet:-1","max-image-preview":"max-image-preview:large","max-video-preview":"max-video-preview:-1"},"canonical":"https:\/\/www.koupeltech.com\/index.php\/produkt\/znackovy-jika-cubito-hlavova-sprcha-250-x-250-mm-nerez-70309\/","og_locale":"cs_CZ","og_type":"article","og_title":"Zna\u010dkov\u00fd JIKA CUBITO Hlavov\u00e1 sprcha 250 x 250 mm, nerez -","og_description":"Hlavov\u00e1 sprcha Cubito zapad\u00e1 do konceptu stejnojmenn\u00e9 s\u00e9rie. Pro n\u00e1ro\u010dn\u00e9 nab\u00edz\u00edme horn\u00ed sprchu ve 3 proveden\u00edch. Hlavov\u00e1 sprcha neobsahuje sprchov\u00e9 rameno, kter\u00e9 je nutn\u00e9 objednat zvl\u00e1\u0161\u0165. Hlavov\u00e1 sprcha Cubito je vybavena funkc\u00ed Clean Touch pro snadn\u00e9 \u010di\u0161t\u011bn\u00ed. Pro bezchybn\u00e9 sprchov\u00e1n\u00ed je t\u0159eba, aby trysky nebyly ucp\u00e1v\u00e1ny vodn\u00edm kamenem, kter\u00fd je schopen se usadit b\u011bhem 48 [&hellip;]","og_url":"https:\/\/www.koupeltech.com\/index.php\/produkt\/znackovy-jika-cubito-hlavova-sprcha-250-x-250-mm-nerez-70309\/","og_image":[{"width":1000,"height":525,"url":"https:\/\/www.koupeltech.com\/wp-content\/uploads\/2026\/SK0022559-CZ20260425-093449-0-1777080896-jika-cubito-hlavova-sprcha-250-x-250-mm-nerez.webp","type":"image\/webp"}],"twitter_card":"summary_large_image","twitter_misc":{"Odhadovan\u00e1 doba \u010dten\u00ed":"1 minuta"},"schema":{"@context":"https:\/\/schema.org","@graph":[{"@type":"WebPage","@id":"https:\/\/www.koupeltech.com\/index.php\/produkt\/znackovy-jika-cubito-hlavova-sprcha-250-x-250-mm-nerez-70309\/","url":"https:\/\/www.koupeltech.com\/index.php\/produkt\/znackovy-jika-cubito-hlavova-sprcha-250-x-250-mm-nerez-70309\/","name":"Zna\u010dkov\u00fd JIKA CUBITO Hlavov\u00e1 sprcha 250 x 250 mm, nerez -","isPartOf":{"@id":"https:\/\/www.koupeltech.com\/#website"},"primaryImageOfPage":{"@id":"https:\/\/www.koupeltech.com\/index.php\/produkt\/znackovy-jika-cubito-hlavova-sprcha-250-x-250-mm-nerez-70309\/#primaryimage"},"image":{"@id":"https:\/\/www.koupeltech.com\/index.php\/produkt\/znackovy-jika-cubito-hlavova-sprcha-250-x-250-mm-nerez-70309\/#primaryimage"},"thumbnailUrl":"https:\/\/www.koupeltech.com\/wp-content\/uploads\/2026\/SK0022559-CZ20260425-093449-0-1777080896-jika-cubito-hlavova-sprcha-250-x-250-mm-nerez.webp","datePublished":"2026-04-27T14:06:41+00:00","breadcrumb":{"@id":"https:\/\/www.koupeltech.com\/index.php\/produkt\/znackovy-jika-cubito-hlavova-sprcha-250-x-250-mm-nerez-70309\/#breadcrumb"},"inLanguage":"cs","potentialAction":[{"@type":"ReadAction","target":["https:\/\/www.koupeltech.com\/index.php\/produkt\/znackovy-jika-cubito-hlavova-sprcha-250-x-250-mm-nerez-70309\/"]}]},{"@type":"ImageObject","inLanguage":"cs","@id":"https:\/\/www.koupeltech.com\/index.php\/produkt\/znackovy-jika-cubito-hlavova-sprcha-250-x-250-mm-nerez-70309\/#primaryimage","url":"https:\/\/www.koupeltech.com\/wp-content\/uploads\/2026\/SK0022559-CZ20260425-093449-0-1777080896-jika-cubito-hlavova-sprcha-250-x-250-mm-nerez.webp","contentUrl":"https:\/\/www.koupeltech.com\/wp-content\/uploads\/2026\/SK0022559-CZ20260425-093449-0-1777080896-jika-cubito-hlavova-sprcha-250-x-250-mm-nerez.webp","width":1000,"height":525},{"@type":"BreadcrumbList","@id":"https:\/\/www.koupeltech.com\/index.php\/produkt\/znackovy-jika-cubito-hlavova-sprcha-250-x-250-mm-nerez-70309\/#breadcrumb","itemListElement":[{"@type":"ListItem","position":1,"name":"Home","item":"https:\/\/www.koupeltech.com\/"},{"@type":"ListItem","position":2,"name":"Products","item":"https:\/\/www.koupeltech.com\/index.php\/products\/"},{"@type":"ListItem","position":3,"name":"Zna\u010dkov\u00fd JIKA CUBITO Hlavov\u00e1 sprcha 250 x 250 mm, nerez"}]},{"@type":"WebSite","@id":"https:\/\/www.koupeltech.com\/#website","url":"https:\/\/www.koupeltech.com\/","name":"","description":"","potentialAction":[{"@type":"SearchAction","target":{"@type":"EntryPoint","urlTemplate":"https:\/\/www.koupeltech.com\/?s={search_term_string}"},"query-input":{"@type":"PropertyValueSpecification","valueRequired":true,"valueName":"search_term_string"}}],"inLanguage":"cs"}]}},"_links":{"self":[{"href":"https:\/\/www.koupeltech.com\/index.php\/wp-json\/wp\/v2\/product\/70309","targetHints":{"allow":["GET"]}}],"collection":[{"href":"https:\/\/www.koupeltech.com\/index.php\/wp-json\/wp\/v2\/product"}],"about":[{"href":"https:\/\/www.koupeltech.com\/index.php\/wp-json\/wp\/v2\/types\/product"}],"replies":[{"embeddable":true,"href":"https:\/\/www.koupeltech.com\/index.php\/wp-json\/wp\/v2\/comments?post=70309"}],"wp:featuredmedia":[{"embeddable":true,"href":"https:\/\/www.koupeltech.com\/index.php\/wp-json\/wp\/v2\/media\/70409"}],"wp:attachment":[{"href":"https:\/\/www.koupeltech.com\/index.php\/wp-json\/wp\/v2\/media?parent=70309"}],"wp:term":[{"taxonomy":"product_brand","embeddable":true,"href":"https:\/\/www.koupeltech.com\/index.php\/wp-json\/wp\/v2\/product_brand?post=70309"},{"taxonomy":"product_cat","embeddable":true,"href":"https:\/\/www.koupeltech.com\/index.php\/wp-json\/wp\/v2\/product_cat?post=70309"},{"taxonomy":"product_tag","embeddable":true,"href":"https:\/\/www.koupeltech.com\/index.php\/wp-json\/wp\/v2\/product_tag?post=70309"}],"curies":[{"name":"wp","href":"https:\/\/api.w.org\/{rel}","templated":true}]}}