{"id":70317,"date":"2026-04-27T14:06:41","date_gmt":"2026-04-27T14:06:41","guid":{"rendered":""},"modified":"2026-04-27T14:06:41","modified_gmt":"2026-04-27T14:06:41","slug":"zlevneny-deep-by-jika-sprchova-nastenna-baterie-bez-sprchoveho-prislusenstvi-chrom-70317","status":"publish","type":"product","link":"https:\/\/www.koupeltech.com\/index.php\/produkt\/zlevneny-deep-by-jika-sprchova-nastenna-baterie-bez-sprchoveho-prislusenstvi-chrom-70317\/","title":{"rendered":"Zlevn\u011bn\u00fd DEEP by JIKA Sprchov\u00e1 n\u00e1st\u011bnn\u00e1 baterie bez sprchov\u00e9ho p\u0159\u00edslu\u0161enstv\u00ed, Chrom"},"content":{"rendered":"<div id=\"e4973615\" class=\"pages\">\n<div>\n<div id=\"PDDescription\" class=\"UserContentView userContent v1a v1 bs-view dcon dc164 PDDescription\" ><dc-con><dc-con><bs-empty><\/bs-empty><\/dc-con><dc-con>        <\/p>\n<div class=\"customDescription\">                    <\/div>\n<p><\/dc-con><dc-con>S\u00e9rie koupelnov\u00fdch bateri\u00ed elegantn\u00edch tvar\u016f Deep by JIKA nab\u00edz\u00ed ucelenou \u0159adu model\u016f. Sprchovou n\u00e1st\u011bnnou baterii, obsahuj\u00edc\u00ed zp\u011btnou klapku proti nas\u00e1t\u00ed zne\u010di\u0161t\u011bn\u00e9 vody zp\u011bt do vodovodn\u00edho \u0159\u00e1du, m\u016f\u017eete kombinovat se sprchov\u00fdm p\u0159\u00edslu\u0161enstv\u00edm s\u00e9ri\u00ed Mio, Rio nebo Cubito-N. Sprchov\u00e1 baterie obsahuje keramickou kartu\u0161 (O 37 mm) vylep\u0161enou syst\u00e9mem EcoDisk, kter\u00fd reguluje mno\u017estv\u00ed a teplotu m\u00edchan\u00e9 vody a dok\u00e1\u017ee sn\u00ed\u017eit teplotu a\u017e na polovinu. Na chromov\u00fd povrch a keramickou kartu\u0161 vodovodn\u00edch bateri\u00ed poskytujeme prodlou\u017eenou z\u00e1ruku 5 let. Na sprchov\u00e9 p\u0159\u00edslu\u0161enstv\u00ed se vztahuje z\u00e1ruka 2 roky. Baterie Deep by JIKA kompletn\u011b montovan\u00e9 a 100% testovan\u00e9 v tov\u00e1rn\u011b JIKA ve Znojm\u011b.<\/dc-con><\/dc-con><\/div>\n<div id=\"PDDescription2\" class=\"UserContentView userContent v1a v1 bs-view dcon dc165 PDDescription2\" >\n<table class=\"params-table\">\n<tr>\n<td>Modelov\u00e9 \u010d\u00edslo<\/td>\n<td>3311U70044001<\/td>\n<\/tr>\n<tr>\n<td>D\u00e9lka (mm)<\/td>\n<td>0<\/td>\n<\/tr>\n<tr>\n<td>\u0160\u00ed\u0159ka (mm)<\/td>\n<td>0<\/td>\n<\/tr>\n<tr>\n<td>V\u00fd\u0161ka (mm)<\/td>\n<td>0<\/td>\n<\/tr>\n<\/table>\n<\/div><\/div>\n<div id=\"PDTable3\" class=\"ProductDetailTableView v3a v3 bs-view dcon dc185 PDTable3\" >\n<table>\n<thead><\/thead>\n<tbody>\n<tr class=\"attribute attr_ovladani\">\n<td class=\"caption\">Ovl\u00e1d\u00e1n\u00ed<\/td>\n<td class=\"value\">P\u00e1kov\u00e9<\/td>\n<\/tr>\n<tr class=\"attribute attr_pouziti\">\n<td class=\"caption\">Pou\u017eit\u00ed<\/td>\n<td class=\"value\">Sprchov\u00e9 baterie<\/td>\n<\/tr>\n<tr class=\"attribute attr_typ\">\n<td class=\"caption\">Typ<\/td>\n<td class=\"value\">N\u00e1st\u011bnn\u00e9 baterie<\/td>\n<\/tr>\n<tr class=\"attribute attr_roztecpripojeni\">\n<td class=\"caption\">Rozte\u010d p\u0159ipojen\u00ed v mm<\/td>\n<td class=\"value\">150 mm<\/td>\n<\/tr>\n<tr class=\"attribute attr_bsshop_maker\">\n<td class=\"caption\">V\u00fdrobce<\/td>\n<td class=\"value\">Jika<\/td>\n<\/tr>\n<tr class=\"weight\">\n<td class=\"caption\"><span>Hmotnost<\/span><\/td>\n<td class=\"value\"><span>1,46 kg<\/span><\/td>\n<\/tr>\n<\/tbody>\n<\/table>\n<\/div>\n<div id=\"ProductMedia\" class=\"ProductMediaView MediaViewBase v1a v1 bs-view dcon dc409 ProductMedia\" ><bs-empty><\/bs-empty><\/p>\n<div class=\"files\">\n<div class=\"title sub\">Soubory<\/div>\n<p><a href=\"\/media\/10608\/mi01-deepbyjika-faucets.pdf?&amp;key=ZGpmIyQwNUZfMTA2MDg=\" class=\"pdf\">Mont&#225;\u017en&#237; n&#225;vod<\/a><\/div>\n<p><bs-empty><\/bs-empty><\/div>\n<\/div>\n<div id=\"e4973616\" class=\"tabs\">\n","protected":false},"excerpt":{"rendered":"<p>S\u00e9rie koupelnov\u00fdch bateri\u00ed elegantn\u00edch tvar\u016f Deep by JIKA nab\u00edz\u00ed ucelenou \u0159adu model\u016f. Sprchovou n\u00e1st\u011bnnou baterii, obsahuj\u00edc\u00ed zp\u011btnou klapku proti nas\u00e1t\u00ed zne\u010di\u0161t\u011bn\u00e9 vody zp\u011bt do vodovodn\u00edho \u0159\u00e1du, m\u016f\u017eete kombinovat se sprchov\u00fdm p\u0159\u00edslu\u0161enstv\u00edm s\u00e9ri\u00ed Mio, Rio nebo Cubito-N. Sprchov\u00e1 baterie obsahuje keramickou kartu\u0161 (O 37 mm) vylep\u0161enou syst\u00e9mem EcoDisk, kter\u00fd reguluje mno\u017estv\u00ed a teplotu m\u00edchan\u00e9 vody a [&hellip;]<\/p>\n","protected":false},"featured_media":70417,"comment_status":"open","ping_status":"open","template":"","meta":[],"product_brand":[],"product_cat":[94],"product_tag":[],"class_list":{"0":"post-70317","1":"product","2":"type-product","3":"status-publish","4":"has-post-thumbnail","6":"product_cat-vybaven-237-koupelny","8":"first","9":"instock","10":"sale","11":"shipping-taxable","12":"purchasable","13":"product-type-simple"},"yoast_head":"<!-- This site is optimized with the Yoast SEO plugin v26.8 - https:\/\/yoast.com\/product\/yoast-seo-wordpress\/ -->\n<title>Zlevn\u011bn\u00fd DEEP by JIKA Sprchov\u00e1 n\u00e1st\u011bnn\u00e1 baterie bez sprchov\u00e9ho p\u0159\u00edslu\u0161enstv\u00ed, Chrom -<\/title>\n<meta name=\"robots\" content=\"index, follow, max-snippet:-1, max-image-preview:large, max-video-preview:-1\" \/>\n<link rel=\"canonical\" href=\"https:\/\/www.koupeltech.com\/index.php\/produkt\/zlevneny-deep-by-jika-sprchova-nastenna-baterie-bez-sprchoveho-prislusenstvi-chrom-70317\/\" \/>\n<meta property=\"og:locale\" content=\"cs_CZ\" \/>\n<meta property=\"og:type\" content=\"article\" \/>\n<meta property=\"og:title\" content=\"Zlevn\u011bn\u00fd DEEP by JIKA Sprchov\u00e1 n\u00e1st\u011bnn\u00e1 baterie bez sprchov\u00e9ho p\u0159\u00edslu\u0161enstv\u00ed, Chrom -\" \/>\n<meta property=\"og:description\" content=\"S\u00e9rie koupelnov\u00fdch bateri\u00ed elegantn\u00edch tvar\u016f Deep by JIKA nab\u00edz\u00ed ucelenou \u0159adu model\u016f. Sprchovou n\u00e1st\u011bnnou baterii, obsahuj\u00edc\u00ed zp\u011btnou klapku proti nas\u00e1t\u00ed zne\u010di\u0161t\u011bn\u00e9 vody zp\u011bt do vodovodn\u00edho \u0159\u00e1du, m\u016f\u017eete kombinovat se sprchov\u00fdm p\u0159\u00edslu\u0161enstv\u00edm s\u00e9ri\u00ed Mio, Rio nebo Cubito-N. Sprchov\u00e1 baterie obsahuje keramickou kartu\u0161 (O 37 mm) vylep\u0161enou syst\u00e9mem EcoDisk, kter\u00fd reguluje mno\u017estv\u00ed a teplotu m\u00edchan\u00e9 vody a [&hellip;]\" \/>\n<meta property=\"og:url\" content=\"https:\/\/www.koupeltech.com\/index.php\/produkt\/zlevneny-deep-by-jika-sprchova-nastenna-baterie-bez-sprchoveho-prislusenstvi-chrom-70317\/\" \/>\n<meta property=\"og:image\" content=\"https:\/\/www.koupeltech.com\/wp-content\/uploads\/2026\/SK0022567-CZ20260425-093449-0-1777080896-deep-by-jika-sprchova-nastenna-baterie-bez-sprchoveho-prisl.webp\" \/>\n\t<meta property=\"og:image:width\" content=\"1000\" \/>\n\t<meta property=\"og:image:height\" content=\"525\" \/>\n\t<meta property=\"og:image:type\" content=\"image\/webp\" \/>\n<meta name=\"twitter:card\" content=\"summary_large_image\" \/>\n<meta name=\"twitter:label1\" content=\"Odhadovan\u00e1 doba \u010dten\u00ed\" \/>\n\t<meta name=\"twitter:data1\" content=\"1 minuta\" \/>\n<script type=\"application\/ld+json\" class=\"yoast-schema-graph\">{\"@context\":\"https:\/\/schema.org\",\"@graph\":[{\"@type\":\"WebPage\",\"@id\":\"https:\/\/www.koupeltech.com\/index.php\/produkt\/zlevneny-deep-by-jika-sprchova-nastenna-baterie-bez-sprchoveho-prislusenstvi-chrom-70317\/\",\"url\":\"https:\/\/www.koupeltech.com\/index.php\/produkt\/zlevneny-deep-by-jika-sprchova-nastenna-baterie-bez-sprchoveho-prislusenstvi-chrom-70317\/\",\"name\":\"Zlevn\u011bn\u00fd DEEP by JIKA Sprchov\u00e1 n\u00e1st\u011bnn\u00e1 baterie bez sprchov\u00e9ho p\u0159\u00edslu\u0161enstv\u00ed, Chrom -\",\"isPartOf\":{\"@id\":\"https:\/\/www.koupeltech.com\/#website\"},\"primaryImageOfPage\":{\"@id\":\"https:\/\/www.koupeltech.com\/index.php\/produkt\/zlevneny-deep-by-jika-sprchova-nastenna-baterie-bez-sprchoveho-prislusenstvi-chrom-70317\/#primaryimage\"},\"image\":{\"@id\":\"https:\/\/www.koupeltech.com\/index.php\/produkt\/zlevneny-deep-by-jika-sprchova-nastenna-baterie-bez-sprchoveho-prislusenstvi-chrom-70317\/#primaryimage\"},\"thumbnailUrl\":\"https:\/\/www.koupeltech.com\/wp-content\/uploads\/2026\/SK0022567-CZ20260425-093449-0-1777080896-deep-by-jika-sprchova-nastenna-baterie-bez-sprchoveho-prisl.webp\",\"datePublished\":\"2026-04-27T14:06:41+00:00\",\"breadcrumb\":{\"@id\":\"https:\/\/www.koupeltech.com\/index.php\/produkt\/zlevneny-deep-by-jika-sprchova-nastenna-baterie-bez-sprchoveho-prislusenstvi-chrom-70317\/#breadcrumb\"},\"inLanguage\":\"cs\",\"potentialAction\":[{\"@type\":\"ReadAction\",\"target\":[\"https:\/\/www.koupeltech.com\/index.php\/produkt\/zlevneny-deep-by-jika-sprchova-nastenna-baterie-bez-sprchoveho-prislusenstvi-chrom-70317\/\"]}]},{\"@type\":\"ImageObject\",\"inLanguage\":\"cs\",\"@id\":\"https:\/\/www.koupeltech.com\/index.php\/produkt\/zlevneny-deep-by-jika-sprchova-nastenna-baterie-bez-sprchoveho-prislusenstvi-chrom-70317\/#primaryimage\",\"url\":\"https:\/\/www.koupeltech.com\/wp-content\/uploads\/2026\/SK0022567-CZ20260425-093449-0-1777080896-deep-by-jika-sprchova-nastenna-baterie-bez-sprchoveho-prisl.webp\",\"contentUrl\":\"https:\/\/www.koupeltech.com\/wp-content\/uploads\/2026\/SK0022567-CZ20260425-093449-0-1777080896-deep-by-jika-sprchova-nastenna-baterie-bez-sprchoveho-prisl.webp\",\"width\":1000,\"height\":525},{\"@type\":\"BreadcrumbList\",\"@id\":\"https:\/\/www.koupeltech.com\/index.php\/produkt\/zlevneny-deep-by-jika-sprchova-nastenna-baterie-bez-sprchoveho-prislusenstvi-chrom-70317\/#breadcrumb\",\"itemListElement\":[{\"@type\":\"ListItem\",\"position\":1,\"name\":\"Home\",\"item\":\"https:\/\/www.koupeltech.com\/\"},{\"@type\":\"ListItem\",\"position\":2,\"name\":\"Products\",\"item\":\"https:\/\/www.koupeltech.com\/index.php\/products\/\"},{\"@type\":\"ListItem\",\"position\":3,\"name\":\"Zlevn\u011bn\u00fd DEEP by JIKA Sprchov\u00e1 n\u00e1st\u011bnn\u00e1 baterie bez sprchov\u00e9ho p\u0159\u00edslu\u0161enstv\u00ed, Chrom\"}]},{\"@type\":\"WebSite\",\"@id\":\"https:\/\/www.koupeltech.com\/#website\",\"url\":\"https:\/\/www.koupeltech.com\/\",\"name\":\"\",\"description\":\"\",\"potentialAction\":[{\"@type\":\"SearchAction\",\"target\":{\"@type\":\"EntryPoint\",\"urlTemplate\":\"https:\/\/www.koupeltech.com\/?s={search_term_string}\"},\"query-input\":{\"@type\":\"PropertyValueSpecification\",\"valueRequired\":true,\"valueName\":\"search_term_string\"}}],\"inLanguage\":\"cs\"}]}<\/script>\n<!-- \/ Yoast SEO plugin. -->","yoast_head_json":{"title":"Zlevn\u011bn\u00fd DEEP by JIKA Sprchov\u00e1 n\u00e1st\u011bnn\u00e1 baterie bez sprchov\u00e9ho p\u0159\u00edslu\u0161enstv\u00ed, Chrom -","robots":{"index":"index","follow":"follow","max-snippet":"max-snippet:-1","max-image-preview":"max-image-preview:large","max-video-preview":"max-video-preview:-1"},"canonical":"https:\/\/www.koupeltech.com\/index.php\/produkt\/zlevneny-deep-by-jika-sprchova-nastenna-baterie-bez-sprchoveho-prislusenstvi-chrom-70317\/","og_locale":"cs_CZ","og_type":"article","og_title":"Zlevn\u011bn\u00fd DEEP by JIKA Sprchov\u00e1 n\u00e1st\u011bnn\u00e1 baterie bez sprchov\u00e9ho p\u0159\u00edslu\u0161enstv\u00ed, Chrom -","og_description":"S\u00e9rie koupelnov\u00fdch bateri\u00ed elegantn\u00edch tvar\u016f Deep by JIKA nab\u00edz\u00ed ucelenou \u0159adu model\u016f. Sprchovou n\u00e1st\u011bnnou baterii, obsahuj\u00edc\u00ed zp\u011btnou klapku proti nas\u00e1t\u00ed zne\u010di\u0161t\u011bn\u00e9 vody zp\u011bt do vodovodn\u00edho \u0159\u00e1du, m\u016f\u017eete kombinovat se sprchov\u00fdm p\u0159\u00edslu\u0161enstv\u00edm s\u00e9ri\u00ed Mio, Rio nebo Cubito-N. Sprchov\u00e1 baterie obsahuje keramickou kartu\u0161 (O 37 mm) vylep\u0161enou syst\u00e9mem EcoDisk, kter\u00fd reguluje mno\u017estv\u00ed a teplotu m\u00edchan\u00e9 vody a [&hellip;]","og_url":"https:\/\/www.koupeltech.com\/index.php\/produkt\/zlevneny-deep-by-jika-sprchova-nastenna-baterie-bez-sprchoveho-prislusenstvi-chrom-70317\/","og_image":[{"width":1000,"height":525,"url":"https:\/\/www.koupeltech.com\/wp-content\/uploads\/2026\/SK0022567-CZ20260425-093449-0-1777080896-deep-by-jika-sprchova-nastenna-baterie-bez-sprchoveho-prisl.webp","type":"image\/webp"}],"twitter_card":"summary_large_image","twitter_misc":{"Odhadovan\u00e1 doba \u010dten\u00ed":"1 minuta"},"schema":{"@context":"https:\/\/schema.org","@graph":[{"@type":"WebPage","@id":"https:\/\/www.koupeltech.com\/index.php\/produkt\/zlevneny-deep-by-jika-sprchova-nastenna-baterie-bez-sprchoveho-prislusenstvi-chrom-70317\/","url":"https:\/\/www.koupeltech.com\/index.php\/produkt\/zlevneny-deep-by-jika-sprchova-nastenna-baterie-bez-sprchoveho-prislusenstvi-chrom-70317\/","name":"Zlevn\u011bn\u00fd DEEP by JIKA Sprchov\u00e1 n\u00e1st\u011bnn\u00e1 baterie bez sprchov\u00e9ho p\u0159\u00edslu\u0161enstv\u00ed, Chrom -","isPartOf":{"@id":"https:\/\/www.koupeltech.com\/#website"},"primaryImageOfPage":{"@id":"https:\/\/www.koupeltech.com\/index.php\/produkt\/zlevneny-deep-by-jika-sprchova-nastenna-baterie-bez-sprchoveho-prislusenstvi-chrom-70317\/#primaryimage"},"image":{"@id":"https:\/\/www.koupeltech.com\/index.php\/produkt\/zlevneny-deep-by-jika-sprchova-nastenna-baterie-bez-sprchoveho-prislusenstvi-chrom-70317\/#primaryimage"},"thumbnailUrl":"https:\/\/www.koupeltech.com\/wp-content\/uploads\/2026\/SK0022567-CZ20260425-093449-0-1777080896-deep-by-jika-sprchova-nastenna-baterie-bez-sprchoveho-prisl.webp","datePublished":"2026-04-27T14:06:41+00:00","breadcrumb":{"@id":"https:\/\/www.koupeltech.com\/index.php\/produkt\/zlevneny-deep-by-jika-sprchova-nastenna-baterie-bez-sprchoveho-prislusenstvi-chrom-70317\/#breadcrumb"},"inLanguage":"cs","potentialAction":[{"@type":"ReadAction","target":["https:\/\/www.koupeltech.com\/index.php\/produkt\/zlevneny-deep-by-jika-sprchova-nastenna-baterie-bez-sprchoveho-prislusenstvi-chrom-70317\/"]}]},{"@type":"ImageObject","inLanguage":"cs","@id":"https:\/\/www.koupeltech.com\/index.php\/produkt\/zlevneny-deep-by-jika-sprchova-nastenna-baterie-bez-sprchoveho-prislusenstvi-chrom-70317\/#primaryimage","url":"https:\/\/www.koupeltech.com\/wp-content\/uploads\/2026\/SK0022567-CZ20260425-093449-0-1777080896-deep-by-jika-sprchova-nastenna-baterie-bez-sprchoveho-prisl.webp","contentUrl":"https:\/\/www.koupeltech.com\/wp-content\/uploads\/2026\/SK0022567-CZ20260425-093449-0-1777080896-deep-by-jika-sprchova-nastenna-baterie-bez-sprchoveho-prisl.webp","width":1000,"height":525},{"@type":"BreadcrumbList","@id":"https:\/\/www.koupeltech.com\/index.php\/produkt\/zlevneny-deep-by-jika-sprchova-nastenna-baterie-bez-sprchoveho-prislusenstvi-chrom-70317\/#breadcrumb","itemListElement":[{"@type":"ListItem","position":1,"name":"Home","item":"https:\/\/www.koupeltech.com\/"},{"@type":"ListItem","position":2,"name":"Products","item":"https:\/\/www.koupeltech.com\/index.php\/products\/"},{"@type":"ListItem","position":3,"name":"Zlevn\u011bn\u00fd DEEP by JIKA Sprchov\u00e1 n\u00e1st\u011bnn\u00e1 baterie bez sprchov\u00e9ho p\u0159\u00edslu\u0161enstv\u00ed, Chrom"}]},{"@type":"WebSite","@id":"https:\/\/www.koupeltech.com\/#website","url":"https:\/\/www.koupeltech.com\/","name":"","description":"","potentialAction":[{"@type":"SearchAction","target":{"@type":"EntryPoint","urlTemplate":"https:\/\/www.koupeltech.com\/?s={search_term_string}"},"query-input":{"@type":"PropertyValueSpecification","valueRequired":true,"valueName":"search_term_string"}}],"inLanguage":"cs"}]}},"_links":{"self":[{"href":"https:\/\/www.koupeltech.com\/index.php\/wp-json\/wp\/v2\/product\/70317","targetHints":{"allow":["GET"]}}],"collection":[{"href":"https:\/\/www.koupeltech.com\/index.php\/wp-json\/wp\/v2\/product"}],"about":[{"href":"https:\/\/www.koupeltech.com\/index.php\/wp-json\/wp\/v2\/types\/product"}],"replies":[{"embeddable":true,"href":"https:\/\/www.koupeltech.com\/index.php\/wp-json\/wp\/v2\/comments?post=70317"}],"wp:featuredmedia":[{"embeddable":true,"href":"https:\/\/www.koupeltech.com\/index.php\/wp-json\/wp\/v2\/media\/70417"}],"wp:attachment":[{"href":"https:\/\/www.koupeltech.com\/index.php\/wp-json\/wp\/v2\/media?parent=70317"}],"wp:term":[{"taxonomy":"product_brand","embeddable":true,"href":"https:\/\/www.koupeltech.com\/index.php\/wp-json\/wp\/v2\/product_brand?post=70317"},{"taxonomy":"product_cat","embeddable":true,"href":"https:\/\/www.koupeltech.com\/index.php\/wp-json\/wp\/v2\/product_cat?post=70317"},{"taxonomy":"product_tag","embeddable":true,"href":"https:\/\/www.koupeltech.com\/index.php\/wp-json\/wp\/v2\/product_tag?post=70317"}],"curies":[{"name":"wp","href":"https:\/\/api.w.org\/{rel}","templated":true}]}}