{"id":70582,"date":"2026-04-27T14:06:42","date_gmt":"2026-04-27T14:06:42","guid":{"rendered":""},"modified":"2026-04-27T14:06:42","modified_gmt":"2026-04-27T14:06:42","slug":"zrcadlo-vcetne-uchytu-na-zed-neotaceci-o-90st-fazeta-5-mm-s-mjika-clear-zrcadlo-810x700-nakupujte-hned-70582","status":"publish","type":"product","link":"https:\/\/www.koupeltech.com\/index.php\/produkt\/zrcadlo-vcetne-uchytu-na-zed-neotaceci-o-90st-fazeta-5-mm-s-mjika-clear-zrcadlo-810x700-nakupujte-hned-70582\/","title":{"rendered":"Zrcadlo v\u010detn\u011b \u00fachyt\u016f na ze\u010f, neot\u00e1\u010dec\u00ed o 90st., fazeta 5 mm, s mJIKA CLEAR Zrcadlo 810&#215;700 Nakupujte Hned"},"content":{"rendered":"<div id=\"e5573091\" class=\"pages\">\n<div>\n<div id=\"PDDescription\" class=\"UserContentView userContent v1a v1 bs-view dcon dc164 PDDescription\" ><dc-con><dc-con><bs-empty><\/bs-empty><\/dc-con><dc-con>        <\/p>\n<div class=\"customDescription\">                    <\/div>\n<p><\/dc-con><dc-con>Zrcadla hraj\u00ed v koupeln\u00e1ch d\u016fle\u017eitou roli. Krom\u011b estetick\u00e9ho hlediska dok\u00e1\u017ee opticky prostor v\u00fdrazn\u011b zv\u011bt\u0161it. Zrcadlo Clear o velikosti 700 x 810 mm s fazetou 5 mm lze doplnit osv\u011btlen\u00edm Gemma, Ella, Abi, Horizon nebo Monobox a m\u016f\u017eete jej kombinovat se v\u0161emi \u0159adami n\u00e1bytku Jika.  Sou\u010d\u00e1st\u00ed zrcadla jsou \u00fachyty na ze\u010f a nen\u00ed ot\u00e1\u010dec\u00ed o 90 stup\u0148\u016f. Na zrcadla a osv\u011btlen\u00ed se vztahuje z\u00e1ruka 2 roky.<\/dc-con><\/dc-con><\/div>\n<div id=\"PDDescription2\" class=\"UserContentView userContent v1a v1 bs-view dcon dc165 PDDescription2\" >\n<table class=\"params-table\">\n<tr>\n<td>Modelov\u00e9 \u010d\u00edslo<\/td>\n<td>455731<\/td>\n<\/tr>\n<tr>\n<td>D\u00e9lka (mm)<\/td>\n<td>700<\/td>\n<\/tr>\n<tr>\n<td>\u0160\u00ed\u0159ka (mm)<\/td>\n<td>40<\/td>\n<\/tr>\n<tr>\n<td>V\u00fd\u0161ka (mm)<\/td>\n<td>810<\/td>\n<\/tr>\n<\/table>\n<\/div><\/div>\n<div id=\"PDTable3\" class=\"ProductDetailTableView v3a v3 bs-view dcon dc185 PDTable3\" >\n<table>\n<thead><\/thead>\n<tbody>\n<tr class=\"attribute attr_bsshop_maker\">\n<td class=\"caption\">V\u00fdrobce<\/td>\n<td class=\"value\">Jika<\/td>\n<\/tr>\n<tr class=\"attribute attr_delka\">\n<td class=\"caption\">D\u00e9lka v mm<\/td>\n<td class=\"value\">700<\/td>\n<\/tr>\n<tr class=\"attribute attr_sirka\">\n<td class=\"caption\">\u0160\u00ed\u0159ka v mm<\/td>\n<td class=\"value\">50<\/td>\n<\/tr>\n<tr class=\"attribute attr_Vyska\">\n<td class=\"caption\">V\u00fd\u0161ka v mm<\/td>\n<td class=\"value\">810<\/td>\n<\/tr>\n<tr class=\"weight\">\n<td class=\"caption\"><span>Hmotnost<\/span><\/td>\n<td class=\"value\"><span>6,50 kg<\/span><\/td>\n<\/tr>\n<\/tbody>\n<\/table>\n<\/div>\n<div id=\"ProductMedia\" class=\"ProductMediaView MediaViewBase v1a v1 bs-view dcon dc409 ProductMedia\" ><bs-empty><\/bs-empty><\/p>\n<div class=\"files\">\n<div class=\"title sub\">Soubory<\/div>\n<p><a href=\"\/media\/10894\/um01-jika-bathroom-furniture-global.pdf?&amp;key=ZGpmIyQwNUZfMTA4OTQ=\" class=\"pdf\">N&#225;vod k pou\u017eit&#237;<\/a><a href=\"\/media\/10895\/td01-jika-455731.pdf?&amp;key=ZGpmIyQwNUZfMTA4OTU=\" class=\"pdf\">Technick&#253; v&#253;kres<\/a><\/div>\n<p><bs-empty><\/bs-empty><\/div>\n<\/div>\n<div id=\"e5573092\" class=\"tabs\">\n","protected":false},"excerpt":{"rendered":"<p>Zrcadla hraj\u00ed v koupeln\u00e1ch d\u016fle\u017eitou roli. Krom\u011b estetick\u00e9ho hlediska dok\u00e1\u017ee opticky prostor v\u00fdrazn\u011b zv\u011bt\u0161it. Zrcadlo Clear o velikosti 700 x 810 mm s fazetou 5 mm lze doplnit osv\u011btlen\u00edm Gemma, Ella, Abi, Horizon nebo Monobox a m\u016f\u017eete jej kombinovat se v\u0161emi \u0159adami n\u00e1bytku Jika. Sou\u010d\u00e1st\u00ed zrcadla jsou \u00fachyty na ze\u010f a nen\u00ed ot\u00e1\u010dec\u00ed o 90 [&hellip;]<\/p>\n","protected":false},"featured_media":70682,"comment_status":"open","ping_status":"open","template":"","meta":[],"product_brand":[],"product_cat":[94],"product_tag":[],"class_list":{"0":"post-70582","1":"product","2":"type-product","3":"status-publish","4":"has-post-thumbnail","6":"product_cat-vybaven-237-koupelny","8":"first","9":"instock","10":"sale","11":"shipping-taxable","12":"purchasable","13":"product-type-simple"},"yoast_head":"<!-- This site is optimized with the Yoast SEO plugin v26.8 - https:\/\/yoast.com\/product\/yoast-seo-wordpress\/ -->\n<title>Zrcadlo v\u010detn\u011b \u00fachyt\u016f na ze\u010f, neot\u00e1\u010dec\u00ed o 90st., fazeta 5 mm, s mJIKA CLEAR Zrcadlo 810x700 Nakupujte Hned -<\/title>\n<meta name=\"robots\" content=\"index, follow, max-snippet:-1, max-image-preview:large, max-video-preview:-1\" \/>\n<link rel=\"canonical\" href=\"https:\/\/www.koupeltech.com\/index.php\/produkt\/zrcadlo-vcetne-uchytu-na-zed-neotaceci-o-90st-fazeta-5-mm-s-mjika-clear-zrcadlo-810x700-nakupujte-hned-70582\/\" \/>\n<meta property=\"og:locale\" content=\"cs_CZ\" \/>\n<meta property=\"og:type\" content=\"article\" \/>\n<meta property=\"og:title\" content=\"Zrcadlo v\u010detn\u011b \u00fachyt\u016f na ze\u010f, neot\u00e1\u010dec\u00ed o 90st., fazeta 5 mm, s mJIKA CLEAR Zrcadlo 810x700 Nakupujte Hned -\" \/>\n<meta property=\"og:description\" content=\"Zrcadla hraj\u00ed v koupeln\u00e1ch d\u016fle\u017eitou roli. Krom\u011b estetick\u00e9ho hlediska dok\u00e1\u017ee opticky prostor v\u00fdrazn\u011b zv\u011bt\u0161it. Zrcadlo Clear o velikosti 700 x 810 mm s fazetou 5 mm lze doplnit osv\u011btlen\u00edm Gemma, Ella, Abi, Horizon nebo Monobox a m\u016f\u017eete jej kombinovat se v\u0161emi \u0159adami n\u00e1bytku Jika. Sou\u010d\u00e1st\u00ed zrcadla jsou \u00fachyty na ze\u010f a nen\u00ed ot\u00e1\u010dec\u00ed o 90 [&hellip;]\" \/>\n<meta property=\"og:url\" content=\"https:\/\/www.koupeltech.com\/index.php\/produkt\/zrcadlo-vcetne-uchytu-na-zed-neotaceci-o-90st-fazeta-5-mm-s-mjika-clear-zrcadlo-810x700-nakupujte-hned-70582\/\" \/>\n<meta property=\"og:image\" content=\"https:\/\/www.koupeltech.com\/wp-content\/uploads\/2026\/SK0022732-CZ20260425-093449-0-1777080896-zrcadlo-vcetne-uchytu-na-zed-neotaceci-o-90st-fazeta-5-mm-s.webp\" \/>\n\t<meta property=\"og:image:width\" content=\"1000\" \/>\n\t<meta property=\"og:image:height\" content=\"525\" \/>\n\t<meta property=\"og:image:type\" content=\"image\/webp\" \/>\n<meta name=\"twitter:card\" content=\"summary_large_image\" \/>\n<meta name=\"twitter:label1\" content=\"Odhadovan\u00e1 doba \u010dten\u00ed\" \/>\n\t<meta name=\"twitter:data1\" content=\"1 minuta\" \/>\n<script type=\"application\/ld+json\" class=\"yoast-schema-graph\">{\"@context\":\"https:\/\/schema.org\",\"@graph\":[{\"@type\":\"WebPage\",\"@id\":\"https:\/\/www.koupeltech.com\/index.php\/produkt\/zrcadlo-vcetne-uchytu-na-zed-neotaceci-o-90st-fazeta-5-mm-s-mjika-clear-zrcadlo-810x700-nakupujte-hned-70582\/\",\"url\":\"https:\/\/www.koupeltech.com\/index.php\/produkt\/zrcadlo-vcetne-uchytu-na-zed-neotaceci-o-90st-fazeta-5-mm-s-mjika-clear-zrcadlo-810x700-nakupujte-hned-70582\/\",\"name\":\"Zrcadlo v\u010detn\u011b \u00fachyt\u016f na ze\u010f, neot\u00e1\u010dec\u00ed o 90st., fazeta 5 mm, s mJIKA CLEAR Zrcadlo 810x700 Nakupujte Hned -\",\"isPartOf\":{\"@id\":\"https:\/\/www.koupeltech.com\/#website\"},\"primaryImageOfPage\":{\"@id\":\"https:\/\/www.koupeltech.com\/index.php\/produkt\/zrcadlo-vcetne-uchytu-na-zed-neotaceci-o-90st-fazeta-5-mm-s-mjika-clear-zrcadlo-810x700-nakupujte-hned-70582\/#primaryimage\"},\"image\":{\"@id\":\"https:\/\/www.koupeltech.com\/index.php\/produkt\/zrcadlo-vcetne-uchytu-na-zed-neotaceci-o-90st-fazeta-5-mm-s-mjika-clear-zrcadlo-810x700-nakupujte-hned-70582\/#primaryimage\"},\"thumbnailUrl\":\"https:\/\/www.koupeltech.com\/wp-content\/uploads\/2026\/SK0022732-CZ20260425-093449-0-1777080896-zrcadlo-vcetne-uchytu-na-zed-neotaceci-o-90st-fazeta-5-mm-s.webp\",\"datePublished\":\"2026-04-27T14:06:42+00:00\",\"breadcrumb\":{\"@id\":\"https:\/\/www.koupeltech.com\/index.php\/produkt\/zrcadlo-vcetne-uchytu-na-zed-neotaceci-o-90st-fazeta-5-mm-s-mjika-clear-zrcadlo-810x700-nakupujte-hned-70582\/#breadcrumb\"},\"inLanguage\":\"cs\",\"potentialAction\":[{\"@type\":\"ReadAction\",\"target\":[\"https:\/\/www.koupeltech.com\/index.php\/produkt\/zrcadlo-vcetne-uchytu-na-zed-neotaceci-o-90st-fazeta-5-mm-s-mjika-clear-zrcadlo-810x700-nakupujte-hned-70582\/\"]}]},{\"@type\":\"ImageObject\",\"inLanguage\":\"cs\",\"@id\":\"https:\/\/www.koupeltech.com\/index.php\/produkt\/zrcadlo-vcetne-uchytu-na-zed-neotaceci-o-90st-fazeta-5-mm-s-mjika-clear-zrcadlo-810x700-nakupujte-hned-70582\/#primaryimage\",\"url\":\"https:\/\/www.koupeltech.com\/wp-content\/uploads\/2026\/SK0022732-CZ20260425-093449-0-1777080896-zrcadlo-vcetne-uchytu-na-zed-neotaceci-o-90st-fazeta-5-mm-s.webp\",\"contentUrl\":\"https:\/\/www.koupeltech.com\/wp-content\/uploads\/2026\/SK0022732-CZ20260425-093449-0-1777080896-zrcadlo-vcetne-uchytu-na-zed-neotaceci-o-90st-fazeta-5-mm-s.webp\",\"width\":1000,\"height\":525},{\"@type\":\"BreadcrumbList\",\"@id\":\"https:\/\/www.koupeltech.com\/index.php\/produkt\/zrcadlo-vcetne-uchytu-na-zed-neotaceci-o-90st-fazeta-5-mm-s-mjika-clear-zrcadlo-810x700-nakupujte-hned-70582\/#breadcrumb\",\"itemListElement\":[{\"@type\":\"ListItem\",\"position\":1,\"name\":\"Home\",\"item\":\"https:\/\/www.koupeltech.com\/\"},{\"@type\":\"ListItem\",\"position\":2,\"name\":\"Products\",\"item\":\"https:\/\/www.koupeltech.com\/index.php\/products\/\"},{\"@type\":\"ListItem\",\"position\":3,\"name\":\"Zrcadlo v\u010detn\u011b \u00fachyt\u016f na ze\u010f, neot\u00e1\u010dec\u00ed o 90st., fazeta 5 mm, s mJIKA CLEAR Zrcadlo 810&#215;700 Nakupujte Hned\"}]},{\"@type\":\"WebSite\",\"@id\":\"https:\/\/www.koupeltech.com\/#website\",\"url\":\"https:\/\/www.koupeltech.com\/\",\"name\":\"\",\"description\":\"\",\"potentialAction\":[{\"@type\":\"SearchAction\",\"target\":{\"@type\":\"EntryPoint\",\"urlTemplate\":\"https:\/\/www.koupeltech.com\/?s={search_term_string}\"},\"query-input\":{\"@type\":\"PropertyValueSpecification\",\"valueRequired\":true,\"valueName\":\"search_term_string\"}}],\"inLanguage\":\"cs\"}]}<\/script>\n<!-- \/ Yoast SEO plugin. -->","yoast_head_json":{"title":"Zrcadlo v\u010detn\u011b \u00fachyt\u016f na ze\u010f, neot\u00e1\u010dec\u00ed o 90st., fazeta 5 mm, s mJIKA CLEAR Zrcadlo 810x700 Nakupujte Hned -","robots":{"index":"index","follow":"follow","max-snippet":"max-snippet:-1","max-image-preview":"max-image-preview:large","max-video-preview":"max-video-preview:-1"},"canonical":"https:\/\/www.koupeltech.com\/index.php\/produkt\/zrcadlo-vcetne-uchytu-na-zed-neotaceci-o-90st-fazeta-5-mm-s-mjika-clear-zrcadlo-810x700-nakupujte-hned-70582\/","og_locale":"cs_CZ","og_type":"article","og_title":"Zrcadlo v\u010detn\u011b \u00fachyt\u016f na ze\u010f, neot\u00e1\u010dec\u00ed o 90st., fazeta 5 mm, s mJIKA CLEAR Zrcadlo 810x700 Nakupujte Hned -","og_description":"Zrcadla hraj\u00ed v koupeln\u00e1ch d\u016fle\u017eitou roli. Krom\u011b estetick\u00e9ho hlediska dok\u00e1\u017ee opticky prostor v\u00fdrazn\u011b zv\u011bt\u0161it. Zrcadlo Clear o velikosti 700 x 810 mm s fazetou 5 mm lze doplnit osv\u011btlen\u00edm Gemma, Ella, Abi, Horizon nebo Monobox a m\u016f\u017eete jej kombinovat se v\u0161emi \u0159adami n\u00e1bytku Jika. Sou\u010d\u00e1st\u00ed zrcadla jsou \u00fachyty na ze\u010f a nen\u00ed ot\u00e1\u010dec\u00ed o 90 [&hellip;]","og_url":"https:\/\/www.koupeltech.com\/index.php\/produkt\/zrcadlo-vcetne-uchytu-na-zed-neotaceci-o-90st-fazeta-5-mm-s-mjika-clear-zrcadlo-810x700-nakupujte-hned-70582\/","og_image":[{"width":1000,"height":525,"url":"https:\/\/www.koupeltech.com\/wp-content\/uploads\/2026\/SK0022732-CZ20260425-093449-0-1777080896-zrcadlo-vcetne-uchytu-na-zed-neotaceci-o-90st-fazeta-5-mm-s.webp","type":"image\/webp"}],"twitter_card":"summary_large_image","twitter_misc":{"Odhadovan\u00e1 doba \u010dten\u00ed":"1 minuta"},"schema":{"@context":"https:\/\/schema.org","@graph":[{"@type":"WebPage","@id":"https:\/\/www.koupeltech.com\/index.php\/produkt\/zrcadlo-vcetne-uchytu-na-zed-neotaceci-o-90st-fazeta-5-mm-s-mjika-clear-zrcadlo-810x700-nakupujte-hned-70582\/","url":"https:\/\/www.koupeltech.com\/index.php\/produkt\/zrcadlo-vcetne-uchytu-na-zed-neotaceci-o-90st-fazeta-5-mm-s-mjika-clear-zrcadlo-810x700-nakupujte-hned-70582\/","name":"Zrcadlo v\u010detn\u011b \u00fachyt\u016f na ze\u010f, neot\u00e1\u010dec\u00ed o 90st., fazeta 5 mm, s mJIKA CLEAR Zrcadlo 810x700 Nakupujte Hned -","isPartOf":{"@id":"https:\/\/www.koupeltech.com\/#website"},"primaryImageOfPage":{"@id":"https:\/\/www.koupeltech.com\/index.php\/produkt\/zrcadlo-vcetne-uchytu-na-zed-neotaceci-o-90st-fazeta-5-mm-s-mjika-clear-zrcadlo-810x700-nakupujte-hned-70582\/#primaryimage"},"image":{"@id":"https:\/\/www.koupeltech.com\/index.php\/produkt\/zrcadlo-vcetne-uchytu-na-zed-neotaceci-o-90st-fazeta-5-mm-s-mjika-clear-zrcadlo-810x700-nakupujte-hned-70582\/#primaryimage"},"thumbnailUrl":"https:\/\/www.koupeltech.com\/wp-content\/uploads\/2026\/SK0022732-CZ20260425-093449-0-1777080896-zrcadlo-vcetne-uchytu-na-zed-neotaceci-o-90st-fazeta-5-mm-s.webp","datePublished":"2026-04-27T14:06:42+00:00","breadcrumb":{"@id":"https:\/\/www.koupeltech.com\/index.php\/produkt\/zrcadlo-vcetne-uchytu-na-zed-neotaceci-o-90st-fazeta-5-mm-s-mjika-clear-zrcadlo-810x700-nakupujte-hned-70582\/#breadcrumb"},"inLanguage":"cs","potentialAction":[{"@type":"ReadAction","target":["https:\/\/www.koupeltech.com\/index.php\/produkt\/zrcadlo-vcetne-uchytu-na-zed-neotaceci-o-90st-fazeta-5-mm-s-mjika-clear-zrcadlo-810x700-nakupujte-hned-70582\/"]}]},{"@type":"ImageObject","inLanguage":"cs","@id":"https:\/\/www.koupeltech.com\/index.php\/produkt\/zrcadlo-vcetne-uchytu-na-zed-neotaceci-o-90st-fazeta-5-mm-s-mjika-clear-zrcadlo-810x700-nakupujte-hned-70582\/#primaryimage","url":"https:\/\/www.koupeltech.com\/wp-content\/uploads\/2026\/SK0022732-CZ20260425-093449-0-1777080896-zrcadlo-vcetne-uchytu-na-zed-neotaceci-o-90st-fazeta-5-mm-s.webp","contentUrl":"https:\/\/www.koupeltech.com\/wp-content\/uploads\/2026\/SK0022732-CZ20260425-093449-0-1777080896-zrcadlo-vcetne-uchytu-na-zed-neotaceci-o-90st-fazeta-5-mm-s.webp","width":1000,"height":525},{"@type":"BreadcrumbList","@id":"https:\/\/www.koupeltech.com\/index.php\/produkt\/zrcadlo-vcetne-uchytu-na-zed-neotaceci-o-90st-fazeta-5-mm-s-mjika-clear-zrcadlo-810x700-nakupujte-hned-70582\/#breadcrumb","itemListElement":[{"@type":"ListItem","position":1,"name":"Home","item":"https:\/\/www.koupeltech.com\/"},{"@type":"ListItem","position":2,"name":"Products","item":"https:\/\/www.koupeltech.com\/index.php\/products\/"},{"@type":"ListItem","position":3,"name":"Zrcadlo v\u010detn\u011b \u00fachyt\u016f na ze\u010f, neot\u00e1\u010dec\u00ed o 90st., fazeta 5 mm, s mJIKA CLEAR Zrcadlo 810&#215;700 Nakupujte Hned"}]},{"@type":"WebSite","@id":"https:\/\/www.koupeltech.com\/#website","url":"https:\/\/www.koupeltech.com\/","name":"","description":"","potentialAction":[{"@type":"SearchAction","target":{"@type":"EntryPoint","urlTemplate":"https:\/\/www.koupeltech.com\/?s={search_term_string}"},"query-input":{"@type":"PropertyValueSpecification","valueRequired":true,"valueName":"search_term_string"}}],"inLanguage":"cs"}]}},"_links":{"self":[{"href":"https:\/\/www.koupeltech.com\/index.php\/wp-json\/wp\/v2\/product\/70582","targetHints":{"allow":["GET"]}}],"collection":[{"href":"https:\/\/www.koupeltech.com\/index.php\/wp-json\/wp\/v2\/product"}],"about":[{"href":"https:\/\/www.koupeltech.com\/index.php\/wp-json\/wp\/v2\/types\/product"}],"replies":[{"embeddable":true,"href":"https:\/\/www.koupeltech.com\/index.php\/wp-json\/wp\/v2\/comments?post=70582"}],"wp:featuredmedia":[{"embeddable":true,"href":"https:\/\/www.koupeltech.com\/index.php\/wp-json\/wp\/v2\/media\/70682"}],"wp:attachment":[{"href":"https:\/\/www.koupeltech.com\/index.php\/wp-json\/wp\/v2\/media?parent=70582"}],"wp:term":[{"taxonomy":"product_brand","embeddable":true,"href":"https:\/\/www.koupeltech.com\/index.php\/wp-json\/wp\/v2\/product_brand?post=70582"},{"taxonomy":"product_cat","embeddable":true,"href":"https:\/\/www.koupeltech.com\/index.php\/wp-json\/wp\/v2\/product_cat?post=70582"},{"taxonomy":"product_tag","embeddable":true,"href":"https:\/\/www.koupeltech.com\/index.php\/wp-json\/wp\/v2\/product_tag?post=70582"}],"curies":[{"name":"wp","href":"https:\/\/api.w.org\/{rel}","templated":true}]}}