{"id":70695,"date":"2026-04-27T14:06:45","date_gmt":"2026-04-27T14:06:45","guid":{"rendered":""},"modified":"2026-04-27T14:06:45","modified_gmt":"2026-04-27T14:06:45","slug":"akce-jika-lyraplus-zrcadlova-skrinka-40-x-80-cm-453221-bila-70695","status":"publish","type":"product","link":"https:\/\/www.koupeltech.com\/index.php\/produkt\/akce-jika-lyraplus-zrcadlova-skrinka-40-x-80-cm-453221-bila-70695\/","title":{"rendered":"Akce JIKA LYRAplus Zrcadlov\u00e1 sk\u0159\u00ed\u0148ka 40 x 80 cm 453221 B\u00edl\u00e1"},"content":{"rendered":"<div id=\"e5069836\" class=\"pages\">\n<div>\n<div id=\"PDDescription\" class=\"UserContentView userContent v1a v1 bs-view dcon dc164 PDDescription\" ><dc-con><dc-con><bs-empty><\/bs-empty><\/dc-con><dc-con>        <\/p>\n<div class=\"customDescription\">                    <\/div>\n<p><\/dc-con><dc-con>Zrcadlov\u00e1 sk\u0159\u00ed\u0148ka ze s\u00e9rie Lyra je synonymem pro harmonick\u00e9 tvary a klasick\u00e9 linie. Jej\u00ed povrchov\u00e1 \u00faprava zaru\u010duje maxim\u00e1ln\u00ed odolnost proti vlhkosti, a to po cel\u00e9 plo\u0161e. Zrcadlov\u00e1 sk\u0159\u00ed\u0148ka 400 x 800 mm se zadn\u00edm \u00falo\u017en\u00fdm prostorem a otev\u0159enou poli\u010dkou ve spodn\u00ed \u010d\u00e1sti sk\u0159\u00ed\u0148ky snadno um\u00edst\u00edte do ka\u017ed\u00e9 koupelny. K dispozici je v b\u00edl\u00e9 verzi. Na koupelnov\u00fd n\u00e1bytek poskytujeme z\u00e1ruku 2 roky.<\/dc-con><\/dc-con><\/div>\n<div id=\"PDDescription2\" class=\"UserContentView userContent v1a v1 bs-view dcon dc165 PDDescription2\" >\n<table class=\"params-table\">\n<tr>\n<td>Modelov\u00e9 \u010d\u00edslo<\/td>\n<td>453221<\/td>\n<\/tr>\n<tr>\n<td>D\u00e9lka (mm)<\/td>\n<td>400<\/td>\n<\/tr>\n<tr>\n<td>\u0160\u00ed\u0159ka (mm)<\/td>\n<td>132<\/td>\n<\/tr>\n<tr>\n<td>V\u00fd\u0161ka (mm)<\/td>\n<td>800<\/td>\n<\/tr>\n<tr>\n<td>Typ instalace<\/td>\n<td>Z\u00e1v\u011bsn\u00e9<\/td>\n<\/tr>\n<\/table>\n<\/div><\/div>\n<div id=\"PDTable3\" class=\"ProductDetailTableView v3a v3 bs-view dcon dc185 PDTable3\" >\n<table>\n<thead><\/thead>\n<tbody>\n<tr class=\"attribute attr_bsshop_maker\">\n<td class=\"caption\">V\u00fdrobce<\/td>\n<td class=\"value\">Jika<\/td>\n<\/tr>\n<tr class=\"attribute attr_delka\">\n<td class=\"caption\">D\u00e9lka v mm<\/td>\n<td class=\"value\">400<\/td>\n<\/tr>\n<tr class=\"attribute attr_sirka\">\n<td class=\"caption\">\u0160\u00ed\u0159ka v mm<\/td>\n<td class=\"value\">132<\/td>\n<\/tr>\n<tr class=\"attribute attr_Vyska\">\n<td class=\"caption\">V\u00fd\u0161ka v mm<\/td>\n<td class=\"value\">800<\/td>\n<\/tr>\n<tr class=\"weight\">\n<td class=\"caption\"><span>Hmotnost<\/span><\/td>\n<td class=\"value\"><span>10,30 kg<\/span><\/td>\n<\/tr>\n<\/tbody>\n<\/table>\n<\/div>\n<div id=\"ProductMedia\" class=\"ProductMediaView MediaViewBase v1a v1 bs-view dcon dc409 ProductMedia\" ><bs-empty><\/bs-empty><\/p>\n<div class=\"files\">\n<div class=\"title sub\">Soubory<\/div>\n<p><a href=\"\/media\/10918\/td01-jika-453221.pdf?&amp;key=ZGpmIyQwNUZfMTA5MTg=\" class=\"pdf\">Technick&#253; v&#253;kres<\/a><\/div>\n<p><bs-empty><\/bs-empty><\/div>\n<\/div>\n<div id=\"e5069837\" class=\"tabs\">\n","protected":false},"excerpt":{"rendered":"<p>Zrcadlov\u00e1 sk\u0159\u00ed\u0148ka ze s\u00e9rie Lyra je synonymem pro harmonick\u00e9 tvary a klasick\u00e9 linie. Jej\u00ed povrchov\u00e1 \u00faprava zaru\u010duje maxim\u00e1ln\u00ed odolnost proti vlhkosti, a to po cel\u00e9 plo\u0161e. Zrcadlov\u00e1 sk\u0159\u00ed\u0148ka 400 x 800 mm se zadn\u00edm \u00falo\u017en\u00fdm prostorem a otev\u0159enou poli\u010dkou ve spodn\u00ed \u010d\u00e1sti sk\u0159\u00ed\u0148ky snadno um\u00edst\u00edte do ka\u017ed\u00e9 koupelny. K dispozici je v b\u00edl\u00e9 verzi. Na [&hellip;]<\/p>\n","protected":false},"featured_media":70795,"comment_status":"open","ping_status":"open","template":"","meta":[],"product_brand":[],"product_cat":[94],"product_tag":[],"class_list":{"0":"post-70695","1":"product","2":"type-product","3":"status-publish","4":"has-post-thumbnail","6":"product_cat-vybaven-237-koupelny","8":"first","9":"instock","10":"sale","11":"shipping-taxable","12":"purchasable","13":"product-type-simple"},"yoast_head":"<!-- This site is optimized with the Yoast SEO plugin v26.8 - https:\/\/yoast.com\/product\/yoast-seo-wordpress\/ -->\n<title>Akce JIKA LYRAplus Zrcadlov\u00e1 sk\u0159\u00ed\u0148ka 40 x 80 cm 453221 B\u00edl\u00e1 -<\/title>\n<meta name=\"robots\" content=\"index, follow, max-snippet:-1, max-image-preview:large, max-video-preview:-1\" \/>\n<link rel=\"canonical\" href=\"https:\/\/www.koupeltech.com\/index.php\/produkt\/akce-jika-lyraplus-zrcadlova-skrinka-40-x-80-cm-453221-bila-70695\/\" \/>\n<meta property=\"og:locale\" content=\"cs_CZ\" \/>\n<meta property=\"og:type\" content=\"article\" \/>\n<meta property=\"og:title\" content=\"Akce JIKA LYRAplus Zrcadlov\u00e1 sk\u0159\u00ed\u0148ka 40 x 80 cm 453221 B\u00edl\u00e1 -\" \/>\n<meta property=\"og:description\" content=\"Zrcadlov\u00e1 sk\u0159\u00ed\u0148ka ze s\u00e9rie Lyra je synonymem pro harmonick\u00e9 tvary a klasick\u00e9 linie. Jej\u00ed povrchov\u00e1 \u00faprava zaru\u010duje maxim\u00e1ln\u00ed odolnost proti vlhkosti, a to po cel\u00e9 plo\u0161e. Zrcadlov\u00e1 sk\u0159\u00ed\u0148ka 400 x 800 mm se zadn\u00edm \u00falo\u017en\u00fdm prostorem a otev\u0159enou poli\u010dkou ve spodn\u00ed \u010d\u00e1sti sk\u0159\u00ed\u0148ky snadno um\u00edst\u00edte do ka\u017ed\u00e9 koupelny. K dispozici je v b\u00edl\u00e9 verzi. Na [&hellip;]\" \/>\n<meta property=\"og:url\" content=\"https:\/\/www.koupeltech.com\/index.php\/produkt\/akce-jika-lyraplus-zrcadlova-skrinka-40-x-80-cm-453221-bila-70695\/\" \/>\n<meta property=\"og:image\" content=\"https:\/\/www.koupeltech.com\/wp-content\/uploads\/2026\/SK0022745-CZ20260425-093449-0-1777080896-jika-lyraplus-zrcadlova-skrinka-40-x-80-cm-453221-bila.webp\" \/>\n\t<meta property=\"og:image:width\" content=\"1000\" \/>\n\t<meta property=\"og:image:height\" content=\"525\" \/>\n\t<meta property=\"og:image:type\" content=\"image\/webp\" \/>\n<meta name=\"twitter:card\" content=\"summary_large_image\" \/>\n<meta name=\"twitter:label1\" content=\"Odhadovan\u00e1 doba \u010dten\u00ed\" \/>\n\t<meta name=\"twitter:data1\" content=\"1 minuta\" \/>\n<script type=\"application\/ld+json\" class=\"yoast-schema-graph\">{\"@context\":\"https:\/\/schema.org\",\"@graph\":[{\"@type\":\"WebPage\",\"@id\":\"https:\/\/www.koupeltech.com\/index.php\/produkt\/akce-jika-lyraplus-zrcadlova-skrinka-40-x-80-cm-453221-bila-70695\/\",\"url\":\"https:\/\/www.koupeltech.com\/index.php\/produkt\/akce-jika-lyraplus-zrcadlova-skrinka-40-x-80-cm-453221-bila-70695\/\",\"name\":\"Akce JIKA LYRAplus Zrcadlov\u00e1 sk\u0159\u00ed\u0148ka 40 x 80 cm 453221 B\u00edl\u00e1 -\",\"isPartOf\":{\"@id\":\"https:\/\/www.koupeltech.com\/#website\"},\"primaryImageOfPage\":{\"@id\":\"https:\/\/www.koupeltech.com\/index.php\/produkt\/akce-jika-lyraplus-zrcadlova-skrinka-40-x-80-cm-453221-bila-70695\/#primaryimage\"},\"image\":{\"@id\":\"https:\/\/www.koupeltech.com\/index.php\/produkt\/akce-jika-lyraplus-zrcadlova-skrinka-40-x-80-cm-453221-bila-70695\/#primaryimage\"},\"thumbnailUrl\":\"https:\/\/www.koupeltech.com\/wp-content\/uploads\/2026\/SK0022745-CZ20260425-093449-0-1777080896-jika-lyraplus-zrcadlova-skrinka-40-x-80-cm-453221-bila.webp\",\"datePublished\":\"2026-04-27T14:06:45+00:00\",\"breadcrumb\":{\"@id\":\"https:\/\/www.koupeltech.com\/index.php\/produkt\/akce-jika-lyraplus-zrcadlova-skrinka-40-x-80-cm-453221-bila-70695\/#breadcrumb\"},\"inLanguage\":\"cs\",\"potentialAction\":[{\"@type\":\"ReadAction\",\"target\":[\"https:\/\/www.koupeltech.com\/index.php\/produkt\/akce-jika-lyraplus-zrcadlova-skrinka-40-x-80-cm-453221-bila-70695\/\"]}]},{\"@type\":\"ImageObject\",\"inLanguage\":\"cs\",\"@id\":\"https:\/\/www.koupeltech.com\/index.php\/produkt\/akce-jika-lyraplus-zrcadlova-skrinka-40-x-80-cm-453221-bila-70695\/#primaryimage\",\"url\":\"https:\/\/www.koupeltech.com\/wp-content\/uploads\/2026\/SK0022745-CZ20260425-093449-0-1777080896-jika-lyraplus-zrcadlova-skrinka-40-x-80-cm-453221-bila.webp\",\"contentUrl\":\"https:\/\/www.koupeltech.com\/wp-content\/uploads\/2026\/SK0022745-CZ20260425-093449-0-1777080896-jika-lyraplus-zrcadlova-skrinka-40-x-80-cm-453221-bila.webp\",\"width\":1000,\"height\":525},{\"@type\":\"BreadcrumbList\",\"@id\":\"https:\/\/www.koupeltech.com\/index.php\/produkt\/akce-jika-lyraplus-zrcadlova-skrinka-40-x-80-cm-453221-bila-70695\/#breadcrumb\",\"itemListElement\":[{\"@type\":\"ListItem\",\"position\":1,\"name\":\"Home\",\"item\":\"https:\/\/www.koupeltech.com\/\"},{\"@type\":\"ListItem\",\"position\":2,\"name\":\"Products\",\"item\":\"https:\/\/www.koupeltech.com\/index.php\/products\/\"},{\"@type\":\"ListItem\",\"position\":3,\"name\":\"Akce JIKA LYRAplus Zrcadlov\u00e1 sk\u0159\u00ed\u0148ka 40 x 80 cm 453221 B\u00edl\u00e1\"}]},{\"@type\":\"WebSite\",\"@id\":\"https:\/\/www.koupeltech.com\/#website\",\"url\":\"https:\/\/www.koupeltech.com\/\",\"name\":\"\",\"description\":\"\",\"potentialAction\":[{\"@type\":\"SearchAction\",\"target\":{\"@type\":\"EntryPoint\",\"urlTemplate\":\"https:\/\/www.koupeltech.com\/?s={search_term_string}\"},\"query-input\":{\"@type\":\"PropertyValueSpecification\",\"valueRequired\":true,\"valueName\":\"search_term_string\"}}],\"inLanguage\":\"cs\"}]}<\/script>\n<!-- \/ Yoast SEO plugin. -->","yoast_head_json":{"title":"Akce JIKA LYRAplus Zrcadlov\u00e1 sk\u0159\u00ed\u0148ka 40 x 80 cm 453221 B\u00edl\u00e1 -","robots":{"index":"index","follow":"follow","max-snippet":"max-snippet:-1","max-image-preview":"max-image-preview:large","max-video-preview":"max-video-preview:-1"},"canonical":"https:\/\/www.koupeltech.com\/index.php\/produkt\/akce-jika-lyraplus-zrcadlova-skrinka-40-x-80-cm-453221-bila-70695\/","og_locale":"cs_CZ","og_type":"article","og_title":"Akce JIKA LYRAplus Zrcadlov\u00e1 sk\u0159\u00ed\u0148ka 40 x 80 cm 453221 B\u00edl\u00e1 -","og_description":"Zrcadlov\u00e1 sk\u0159\u00ed\u0148ka ze s\u00e9rie Lyra je synonymem pro harmonick\u00e9 tvary a klasick\u00e9 linie. Jej\u00ed povrchov\u00e1 \u00faprava zaru\u010duje maxim\u00e1ln\u00ed odolnost proti vlhkosti, a to po cel\u00e9 plo\u0161e. Zrcadlov\u00e1 sk\u0159\u00ed\u0148ka 400 x 800 mm se zadn\u00edm \u00falo\u017en\u00fdm prostorem a otev\u0159enou poli\u010dkou ve spodn\u00ed \u010d\u00e1sti sk\u0159\u00ed\u0148ky snadno um\u00edst\u00edte do ka\u017ed\u00e9 koupelny. K dispozici je v b\u00edl\u00e9 verzi. Na [&hellip;]","og_url":"https:\/\/www.koupeltech.com\/index.php\/produkt\/akce-jika-lyraplus-zrcadlova-skrinka-40-x-80-cm-453221-bila-70695\/","og_image":[{"width":1000,"height":525,"url":"https:\/\/www.koupeltech.com\/wp-content\/uploads\/2026\/SK0022745-CZ20260425-093449-0-1777080896-jika-lyraplus-zrcadlova-skrinka-40-x-80-cm-453221-bila.webp","type":"image\/webp"}],"twitter_card":"summary_large_image","twitter_misc":{"Odhadovan\u00e1 doba \u010dten\u00ed":"1 minuta"},"schema":{"@context":"https:\/\/schema.org","@graph":[{"@type":"WebPage","@id":"https:\/\/www.koupeltech.com\/index.php\/produkt\/akce-jika-lyraplus-zrcadlova-skrinka-40-x-80-cm-453221-bila-70695\/","url":"https:\/\/www.koupeltech.com\/index.php\/produkt\/akce-jika-lyraplus-zrcadlova-skrinka-40-x-80-cm-453221-bila-70695\/","name":"Akce JIKA LYRAplus Zrcadlov\u00e1 sk\u0159\u00ed\u0148ka 40 x 80 cm 453221 B\u00edl\u00e1 -","isPartOf":{"@id":"https:\/\/www.koupeltech.com\/#website"},"primaryImageOfPage":{"@id":"https:\/\/www.koupeltech.com\/index.php\/produkt\/akce-jika-lyraplus-zrcadlova-skrinka-40-x-80-cm-453221-bila-70695\/#primaryimage"},"image":{"@id":"https:\/\/www.koupeltech.com\/index.php\/produkt\/akce-jika-lyraplus-zrcadlova-skrinka-40-x-80-cm-453221-bila-70695\/#primaryimage"},"thumbnailUrl":"https:\/\/www.koupeltech.com\/wp-content\/uploads\/2026\/SK0022745-CZ20260425-093449-0-1777080896-jika-lyraplus-zrcadlova-skrinka-40-x-80-cm-453221-bila.webp","datePublished":"2026-04-27T14:06:45+00:00","breadcrumb":{"@id":"https:\/\/www.koupeltech.com\/index.php\/produkt\/akce-jika-lyraplus-zrcadlova-skrinka-40-x-80-cm-453221-bila-70695\/#breadcrumb"},"inLanguage":"cs","potentialAction":[{"@type":"ReadAction","target":["https:\/\/www.koupeltech.com\/index.php\/produkt\/akce-jika-lyraplus-zrcadlova-skrinka-40-x-80-cm-453221-bila-70695\/"]}]},{"@type":"ImageObject","inLanguage":"cs","@id":"https:\/\/www.koupeltech.com\/index.php\/produkt\/akce-jika-lyraplus-zrcadlova-skrinka-40-x-80-cm-453221-bila-70695\/#primaryimage","url":"https:\/\/www.koupeltech.com\/wp-content\/uploads\/2026\/SK0022745-CZ20260425-093449-0-1777080896-jika-lyraplus-zrcadlova-skrinka-40-x-80-cm-453221-bila.webp","contentUrl":"https:\/\/www.koupeltech.com\/wp-content\/uploads\/2026\/SK0022745-CZ20260425-093449-0-1777080896-jika-lyraplus-zrcadlova-skrinka-40-x-80-cm-453221-bila.webp","width":1000,"height":525},{"@type":"BreadcrumbList","@id":"https:\/\/www.koupeltech.com\/index.php\/produkt\/akce-jika-lyraplus-zrcadlova-skrinka-40-x-80-cm-453221-bila-70695\/#breadcrumb","itemListElement":[{"@type":"ListItem","position":1,"name":"Home","item":"https:\/\/www.koupeltech.com\/"},{"@type":"ListItem","position":2,"name":"Products","item":"https:\/\/www.koupeltech.com\/index.php\/products\/"},{"@type":"ListItem","position":3,"name":"Akce JIKA LYRAplus Zrcadlov\u00e1 sk\u0159\u00ed\u0148ka 40 x 80 cm 453221 B\u00edl\u00e1"}]},{"@type":"WebSite","@id":"https:\/\/www.koupeltech.com\/#website","url":"https:\/\/www.koupeltech.com\/","name":"","description":"","potentialAction":[{"@type":"SearchAction","target":{"@type":"EntryPoint","urlTemplate":"https:\/\/www.koupeltech.com\/?s={search_term_string}"},"query-input":{"@type":"PropertyValueSpecification","valueRequired":true,"valueName":"search_term_string"}}],"inLanguage":"cs"}]}},"_links":{"self":[{"href":"https:\/\/www.koupeltech.com\/index.php\/wp-json\/wp\/v2\/product\/70695","targetHints":{"allow":["GET"]}}],"collection":[{"href":"https:\/\/www.koupeltech.com\/index.php\/wp-json\/wp\/v2\/product"}],"about":[{"href":"https:\/\/www.koupeltech.com\/index.php\/wp-json\/wp\/v2\/types\/product"}],"replies":[{"embeddable":true,"href":"https:\/\/www.koupeltech.com\/index.php\/wp-json\/wp\/v2\/comments?post=70695"}],"wp:featuredmedia":[{"embeddable":true,"href":"https:\/\/www.koupeltech.com\/index.php\/wp-json\/wp\/v2\/media\/70795"}],"wp:attachment":[{"href":"https:\/\/www.koupeltech.com\/index.php\/wp-json\/wp\/v2\/media?parent=70695"}],"wp:term":[{"taxonomy":"product_brand","embeddable":true,"href":"https:\/\/www.koupeltech.com\/index.php\/wp-json\/wp\/v2\/product_brand?post=70695"},{"taxonomy":"product_cat","embeddable":true,"href":"https:\/\/www.koupeltech.com\/index.php\/wp-json\/wp\/v2\/product_cat?post=70695"},{"taxonomy":"product_tag","embeddable":true,"href":"https:\/\/www.koupeltech.com\/index.php\/wp-json\/wp\/v2\/product_tag?post=70695"}],"curies":[{"name":"wp","href":"https:\/\/api.w.org\/{rel}","templated":true}]}}