{"id":70701,"date":"2026-04-27T14:06:45","date_gmt":"2026-04-27T14:06:45","guid":{"rendered":""},"modified":"2026-04-27T14:06:45","modified_gmt":"2026-04-27T14:06:45","slug":"zlevneny-jika-baby-duroplastove-sedatko-bez-poklopu-plastove-uchyty-897037-bila-70701","status":"publish","type":"product","link":"https:\/\/www.koupeltech.com\/index.php\/produkt\/zlevneny-jika-baby-duroplastove-sedatko-bez-poklopu-plastove-uchyty-897037-bila-70701\/","title":{"rendered":"Zlevn\u011bn\u00fd JIKA BABY Duroplastov\u00e9 sed\u00e1tko bez poklopu, plastov\u00e9 \u00fachyty 897037 B\u00edl\u00e1"},"content":{"rendered":"<div id=\"e5074602\" class=\"pages\">\n<div>\n<div id=\"PDDescription\" class=\"UserContentView userContent v1a v1 bs-view dcon dc164 PDDescription\" ><dc-con><dc-con><bs-empty><\/bs-empty><\/dc-con><dc-con>        <\/p>\n<div class=\"customDescription\">                    <\/div>\n<p><\/dc-con><dc-con>D\u011btsk\u00e1 koupelna nemus\u00ed b\u00fdt jen v mate\u0159sk\u00e9 \u0161kolce. Ka\u017edodenn\u00ed hygienu m\u016f\u017eeme d\u011btem zpest\u0159it \u0159adou \u0161ikovn\u00fdch dopl\u0148k\u016f, a proto jsme vyvinuli nov\u00fd Baby set. Z\u00e1kladem jsou umyvadla, um\u00fdv\u00e1tka, stoj\u00edc\u00ed klozety. Sou\u010d\u00e1st\u00ed Baby setu jsou tak\u00e9 duroplastov\u00e1 sed\u00e1tka v b\u00edl\u00e9, zelen\u00e9 \u010di r\u016f\u017eov\u00e9 barv\u011b. Dop\u0159ejme d\u011btem barvy! Sed\u00e1tko bez poklopu se v\u017edy objedn\u00e1v\u00e1 zvl\u00e1\u0161\u0165. Na duroplastov\u00e1 sed\u00e1tka poskytujeme z\u00e1ruku 5 let.<\/dc-con><\/dc-con><\/div>\n<div id=\"PDDescription2\" class=\"UserContentView userContent v1a v1 bs-view dcon dc165 PDDescription2\" >\n<table class=\"params-table\">\n<tr>\n<td>Modelov\u00e9 \u010d\u00edslo<\/td>\n<td>897037<\/td>\n<\/tr>\n<tr>\n<td>D\u00e9lka (mm)<\/td>\n<td>0<\/td>\n<\/tr>\n<tr>\n<td>Tvar<\/td>\n<td>Obl\u00e9<\/td>\n<\/tr>\n<tr>\n<td>\u0160\u00ed\u0159ka (mm)<\/td>\n<td>0<\/td>\n<\/tr>\n<tr>\n<td>Vhodn\u00e9 pro<\/td>\n<td>WC<\/td>\n<\/tr>\n<tr>\n<td>V\u00fd\u0161ka (mm)<\/td>\n<td>0<\/td>\n<\/tr>\n<\/table>\n<\/div><\/div>\n<div id=\"PDTable3\" class=\"ProductDetailTableView v3a v3 bs-view dcon dc185 PDTable3\" >\n<table>\n<thead><\/thead>\n<tbody>\n<tr class=\"attribute attr_bsshop_maker\">\n<td class=\"caption\">V\u00fdrobce<\/td>\n<td class=\"value\">Jika<\/td>\n<\/tr>\n<tr class=\"weight\">\n<td class=\"caption\"><span>Hmotnost<\/span><\/td>\n<td class=\"value\"><span>0,90 kg<\/span><\/td>\n<\/tr>\n<\/tbody>\n<\/table>\n<\/div>\n<div id=\"ProductMedia\" class=\"ProductMediaView MediaViewBase v1a v1 bs-view dcon dc409 ProductMedia\" ><bs-empty><\/bs-empty><\/p>\n<div class=\"files\">\n<div class=\"title sub\">Soubory<\/div>\n<p><a href=\"\/media\/39714\/mi01-baby-olymp-dino-seat-26cover.pdf?&amp;key=ZGpmIyQwNUZfMzk3MTQ=\" class=\"pdf\">Mont&#225;\u017en&#237; n&#225;vod<\/a><\/div>\n<p><bs-empty><\/bs-empty><\/div>\n<\/div>\n<div id=\"e5074603\" class=\"tabs\">\n","protected":false},"excerpt":{"rendered":"<p>D\u011btsk\u00e1 koupelna nemus\u00ed b\u00fdt jen v mate\u0159sk\u00e9 \u0161kolce. Ka\u017edodenn\u00ed hygienu m\u016f\u017eeme d\u011btem zpest\u0159it \u0159adou \u0161ikovn\u00fdch dopl\u0148k\u016f, a proto jsme vyvinuli nov\u00fd Baby set. Z\u00e1kladem jsou umyvadla, um\u00fdv\u00e1tka, stoj\u00edc\u00ed klozety. Sou\u010d\u00e1st\u00ed Baby setu jsou tak\u00e9 duroplastov\u00e1 sed\u00e1tka v b\u00edl\u00e9, zelen\u00e9 \u010di r\u016f\u017eov\u00e9 barv\u011b. Dop\u0159ejme d\u011btem barvy! Sed\u00e1tko bez poklopu se v\u017edy objedn\u00e1v\u00e1 zvl\u00e1\u0161\u0165. Na duroplastov\u00e1 sed\u00e1tka [&hellip;]<\/p>\n","protected":false},"featured_media":70801,"comment_status":"open","ping_status":"open","template":"","meta":[],"product_brand":[],"product_cat":[94],"product_tag":[],"class_list":{"0":"post-70701","1":"product","2":"type-product","3":"status-publish","4":"has-post-thumbnail","6":"product_cat-vybaven-237-koupelny","8":"first","9":"instock","10":"sale","11":"shipping-taxable","12":"purchasable","13":"product-type-simple"},"yoast_head":"<!-- This site is optimized with the Yoast SEO plugin v26.8 - https:\/\/yoast.com\/product\/yoast-seo-wordpress\/ -->\n<title>Zlevn\u011bn\u00fd JIKA BABY Duroplastov\u00e9 sed\u00e1tko bez poklopu, plastov\u00e9 \u00fachyty 897037 B\u00edl\u00e1 -<\/title>\n<meta name=\"robots\" content=\"index, follow, max-snippet:-1, max-image-preview:large, max-video-preview:-1\" \/>\n<link rel=\"canonical\" href=\"https:\/\/www.koupeltech.com\/index.php\/produkt\/zlevneny-jika-baby-duroplastove-sedatko-bez-poklopu-plastove-uchyty-897037-bila-70701\/\" \/>\n<meta property=\"og:locale\" content=\"cs_CZ\" \/>\n<meta property=\"og:type\" content=\"article\" \/>\n<meta property=\"og:title\" content=\"Zlevn\u011bn\u00fd JIKA BABY Duroplastov\u00e9 sed\u00e1tko bez poklopu, plastov\u00e9 \u00fachyty 897037 B\u00edl\u00e1 -\" \/>\n<meta property=\"og:description\" content=\"D\u011btsk\u00e1 koupelna nemus\u00ed b\u00fdt jen v mate\u0159sk\u00e9 \u0161kolce. Ka\u017edodenn\u00ed hygienu m\u016f\u017eeme d\u011btem zpest\u0159it \u0159adou \u0161ikovn\u00fdch dopl\u0148k\u016f, a proto jsme vyvinuli nov\u00fd Baby set. Z\u00e1kladem jsou umyvadla, um\u00fdv\u00e1tka, stoj\u00edc\u00ed klozety. Sou\u010d\u00e1st\u00ed Baby setu jsou tak\u00e9 duroplastov\u00e1 sed\u00e1tka v b\u00edl\u00e9, zelen\u00e9 \u010di r\u016f\u017eov\u00e9 barv\u011b. Dop\u0159ejme d\u011btem barvy! Sed\u00e1tko bez poklopu se v\u017edy objedn\u00e1v\u00e1 zvl\u00e1\u0161\u0165. Na duroplastov\u00e1 sed\u00e1tka [&hellip;]\" \/>\n<meta property=\"og:url\" content=\"https:\/\/www.koupeltech.com\/index.php\/produkt\/zlevneny-jika-baby-duroplastove-sedatko-bez-poklopu-plastove-uchyty-897037-bila-70701\/\" \/>\n<meta property=\"og:image\" content=\"https:\/\/www.koupeltech.com\/wp-content\/uploads\/2026\/SK0022751-CZ20260425-093449-0-1777080896-jika-baby-duroplastove-sedatko-bez-poklopu-plastove-uchyty-.webp\" \/>\n\t<meta property=\"og:image:width\" content=\"1000\" \/>\n\t<meta property=\"og:image:height\" content=\"525\" \/>\n\t<meta property=\"og:image:type\" content=\"image\/webp\" \/>\n<meta name=\"twitter:card\" content=\"summary_large_image\" \/>\n<meta name=\"twitter:label1\" content=\"Odhadovan\u00e1 doba \u010dten\u00ed\" \/>\n\t<meta name=\"twitter:data1\" content=\"1 minuta\" \/>\n<script type=\"application\/ld+json\" class=\"yoast-schema-graph\">{\"@context\":\"https:\/\/schema.org\",\"@graph\":[{\"@type\":\"WebPage\",\"@id\":\"https:\/\/www.koupeltech.com\/index.php\/produkt\/zlevneny-jika-baby-duroplastove-sedatko-bez-poklopu-plastove-uchyty-897037-bila-70701\/\",\"url\":\"https:\/\/www.koupeltech.com\/index.php\/produkt\/zlevneny-jika-baby-duroplastove-sedatko-bez-poklopu-plastove-uchyty-897037-bila-70701\/\",\"name\":\"Zlevn\u011bn\u00fd JIKA BABY Duroplastov\u00e9 sed\u00e1tko bez poklopu, plastov\u00e9 \u00fachyty 897037 B\u00edl\u00e1 -\",\"isPartOf\":{\"@id\":\"https:\/\/www.koupeltech.com\/#website\"},\"primaryImageOfPage\":{\"@id\":\"https:\/\/www.koupeltech.com\/index.php\/produkt\/zlevneny-jika-baby-duroplastove-sedatko-bez-poklopu-plastove-uchyty-897037-bila-70701\/#primaryimage\"},\"image\":{\"@id\":\"https:\/\/www.koupeltech.com\/index.php\/produkt\/zlevneny-jika-baby-duroplastove-sedatko-bez-poklopu-plastove-uchyty-897037-bila-70701\/#primaryimage\"},\"thumbnailUrl\":\"https:\/\/www.koupeltech.com\/wp-content\/uploads\/2026\/SK0022751-CZ20260425-093449-0-1777080896-jika-baby-duroplastove-sedatko-bez-poklopu-plastove-uchyty-.webp\",\"datePublished\":\"2026-04-27T14:06:45+00:00\",\"breadcrumb\":{\"@id\":\"https:\/\/www.koupeltech.com\/index.php\/produkt\/zlevneny-jika-baby-duroplastove-sedatko-bez-poklopu-plastove-uchyty-897037-bila-70701\/#breadcrumb\"},\"inLanguage\":\"cs\",\"potentialAction\":[{\"@type\":\"ReadAction\",\"target\":[\"https:\/\/www.koupeltech.com\/index.php\/produkt\/zlevneny-jika-baby-duroplastove-sedatko-bez-poklopu-plastove-uchyty-897037-bila-70701\/\"]}]},{\"@type\":\"ImageObject\",\"inLanguage\":\"cs\",\"@id\":\"https:\/\/www.koupeltech.com\/index.php\/produkt\/zlevneny-jika-baby-duroplastove-sedatko-bez-poklopu-plastove-uchyty-897037-bila-70701\/#primaryimage\",\"url\":\"https:\/\/www.koupeltech.com\/wp-content\/uploads\/2026\/SK0022751-CZ20260425-093449-0-1777080896-jika-baby-duroplastove-sedatko-bez-poklopu-plastove-uchyty-.webp\",\"contentUrl\":\"https:\/\/www.koupeltech.com\/wp-content\/uploads\/2026\/SK0022751-CZ20260425-093449-0-1777080896-jika-baby-duroplastove-sedatko-bez-poklopu-plastove-uchyty-.webp\",\"width\":1000,\"height\":525},{\"@type\":\"BreadcrumbList\",\"@id\":\"https:\/\/www.koupeltech.com\/index.php\/produkt\/zlevneny-jika-baby-duroplastove-sedatko-bez-poklopu-plastove-uchyty-897037-bila-70701\/#breadcrumb\",\"itemListElement\":[{\"@type\":\"ListItem\",\"position\":1,\"name\":\"Home\",\"item\":\"https:\/\/www.koupeltech.com\/\"},{\"@type\":\"ListItem\",\"position\":2,\"name\":\"Products\",\"item\":\"https:\/\/www.koupeltech.com\/index.php\/products\/\"},{\"@type\":\"ListItem\",\"position\":3,\"name\":\"Zlevn\u011bn\u00fd JIKA BABY Duroplastov\u00e9 sed\u00e1tko bez poklopu, plastov\u00e9 \u00fachyty 897037 B\u00edl\u00e1\"}]},{\"@type\":\"WebSite\",\"@id\":\"https:\/\/www.koupeltech.com\/#website\",\"url\":\"https:\/\/www.koupeltech.com\/\",\"name\":\"\",\"description\":\"\",\"potentialAction\":[{\"@type\":\"SearchAction\",\"target\":{\"@type\":\"EntryPoint\",\"urlTemplate\":\"https:\/\/www.koupeltech.com\/?s={search_term_string}\"},\"query-input\":{\"@type\":\"PropertyValueSpecification\",\"valueRequired\":true,\"valueName\":\"search_term_string\"}}],\"inLanguage\":\"cs\"}]}<\/script>\n<!-- \/ Yoast SEO plugin. -->","yoast_head_json":{"title":"Zlevn\u011bn\u00fd JIKA BABY Duroplastov\u00e9 sed\u00e1tko bez poklopu, plastov\u00e9 \u00fachyty 897037 B\u00edl\u00e1 -","robots":{"index":"index","follow":"follow","max-snippet":"max-snippet:-1","max-image-preview":"max-image-preview:large","max-video-preview":"max-video-preview:-1"},"canonical":"https:\/\/www.koupeltech.com\/index.php\/produkt\/zlevneny-jika-baby-duroplastove-sedatko-bez-poklopu-plastove-uchyty-897037-bila-70701\/","og_locale":"cs_CZ","og_type":"article","og_title":"Zlevn\u011bn\u00fd JIKA BABY Duroplastov\u00e9 sed\u00e1tko bez poklopu, plastov\u00e9 \u00fachyty 897037 B\u00edl\u00e1 -","og_description":"D\u011btsk\u00e1 koupelna nemus\u00ed b\u00fdt jen v mate\u0159sk\u00e9 \u0161kolce. Ka\u017edodenn\u00ed hygienu m\u016f\u017eeme d\u011btem zpest\u0159it \u0159adou \u0161ikovn\u00fdch dopl\u0148k\u016f, a proto jsme vyvinuli nov\u00fd Baby set. Z\u00e1kladem jsou umyvadla, um\u00fdv\u00e1tka, stoj\u00edc\u00ed klozety. Sou\u010d\u00e1st\u00ed Baby setu jsou tak\u00e9 duroplastov\u00e1 sed\u00e1tka v b\u00edl\u00e9, zelen\u00e9 \u010di r\u016f\u017eov\u00e9 barv\u011b. Dop\u0159ejme d\u011btem barvy! Sed\u00e1tko bez poklopu se v\u017edy objedn\u00e1v\u00e1 zvl\u00e1\u0161\u0165. Na duroplastov\u00e1 sed\u00e1tka [&hellip;]","og_url":"https:\/\/www.koupeltech.com\/index.php\/produkt\/zlevneny-jika-baby-duroplastove-sedatko-bez-poklopu-plastove-uchyty-897037-bila-70701\/","og_image":[{"width":1000,"height":525,"url":"https:\/\/www.koupeltech.com\/wp-content\/uploads\/2026\/SK0022751-CZ20260425-093449-0-1777080896-jika-baby-duroplastove-sedatko-bez-poklopu-plastove-uchyty-.webp","type":"image\/webp"}],"twitter_card":"summary_large_image","twitter_misc":{"Odhadovan\u00e1 doba \u010dten\u00ed":"1 minuta"},"schema":{"@context":"https:\/\/schema.org","@graph":[{"@type":"WebPage","@id":"https:\/\/www.koupeltech.com\/index.php\/produkt\/zlevneny-jika-baby-duroplastove-sedatko-bez-poklopu-plastove-uchyty-897037-bila-70701\/","url":"https:\/\/www.koupeltech.com\/index.php\/produkt\/zlevneny-jika-baby-duroplastove-sedatko-bez-poklopu-plastove-uchyty-897037-bila-70701\/","name":"Zlevn\u011bn\u00fd JIKA BABY Duroplastov\u00e9 sed\u00e1tko bez poklopu, plastov\u00e9 \u00fachyty 897037 B\u00edl\u00e1 -","isPartOf":{"@id":"https:\/\/www.koupeltech.com\/#website"},"primaryImageOfPage":{"@id":"https:\/\/www.koupeltech.com\/index.php\/produkt\/zlevneny-jika-baby-duroplastove-sedatko-bez-poklopu-plastove-uchyty-897037-bila-70701\/#primaryimage"},"image":{"@id":"https:\/\/www.koupeltech.com\/index.php\/produkt\/zlevneny-jika-baby-duroplastove-sedatko-bez-poklopu-plastove-uchyty-897037-bila-70701\/#primaryimage"},"thumbnailUrl":"https:\/\/www.koupeltech.com\/wp-content\/uploads\/2026\/SK0022751-CZ20260425-093449-0-1777080896-jika-baby-duroplastove-sedatko-bez-poklopu-plastove-uchyty-.webp","datePublished":"2026-04-27T14:06:45+00:00","breadcrumb":{"@id":"https:\/\/www.koupeltech.com\/index.php\/produkt\/zlevneny-jika-baby-duroplastove-sedatko-bez-poklopu-plastove-uchyty-897037-bila-70701\/#breadcrumb"},"inLanguage":"cs","potentialAction":[{"@type":"ReadAction","target":["https:\/\/www.koupeltech.com\/index.php\/produkt\/zlevneny-jika-baby-duroplastove-sedatko-bez-poklopu-plastove-uchyty-897037-bila-70701\/"]}]},{"@type":"ImageObject","inLanguage":"cs","@id":"https:\/\/www.koupeltech.com\/index.php\/produkt\/zlevneny-jika-baby-duroplastove-sedatko-bez-poklopu-plastove-uchyty-897037-bila-70701\/#primaryimage","url":"https:\/\/www.koupeltech.com\/wp-content\/uploads\/2026\/SK0022751-CZ20260425-093449-0-1777080896-jika-baby-duroplastove-sedatko-bez-poklopu-plastove-uchyty-.webp","contentUrl":"https:\/\/www.koupeltech.com\/wp-content\/uploads\/2026\/SK0022751-CZ20260425-093449-0-1777080896-jika-baby-duroplastove-sedatko-bez-poklopu-plastove-uchyty-.webp","width":1000,"height":525},{"@type":"BreadcrumbList","@id":"https:\/\/www.koupeltech.com\/index.php\/produkt\/zlevneny-jika-baby-duroplastove-sedatko-bez-poklopu-plastove-uchyty-897037-bila-70701\/#breadcrumb","itemListElement":[{"@type":"ListItem","position":1,"name":"Home","item":"https:\/\/www.koupeltech.com\/"},{"@type":"ListItem","position":2,"name":"Products","item":"https:\/\/www.koupeltech.com\/index.php\/products\/"},{"@type":"ListItem","position":3,"name":"Zlevn\u011bn\u00fd JIKA BABY Duroplastov\u00e9 sed\u00e1tko bez poklopu, plastov\u00e9 \u00fachyty 897037 B\u00edl\u00e1"}]},{"@type":"WebSite","@id":"https:\/\/www.koupeltech.com\/#website","url":"https:\/\/www.koupeltech.com\/","name":"","description":"","potentialAction":[{"@type":"SearchAction","target":{"@type":"EntryPoint","urlTemplate":"https:\/\/www.koupeltech.com\/?s={search_term_string}"},"query-input":{"@type":"PropertyValueSpecification","valueRequired":true,"valueName":"search_term_string"}}],"inLanguage":"cs"}]}},"_links":{"self":[{"href":"https:\/\/www.koupeltech.com\/index.php\/wp-json\/wp\/v2\/product\/70701","targetHints":{"allow":["GET"]}}],"collection":[{"href":"https:\/\/www.koupeltech.com\/index.php\/wp-json\/wp\/v2\/product"}],"about":[{"href":"https:\/\/www.koupeltech.com\/index.php\/wp-json\/wp\/v2\/types\/product"}],"replies":[{"embeddable":true,"href":"https:\/\/www.koupeltech.com\/index.php\/wp-json\/wp\/v2\/comments?post=70701"}],"wp:featuredmedia":[{"embeddable":true,"href":"https:\/\/www.koupeltech.com\/index.php\/wp-json\/wp\/v2\/media\/70801"}],"wp:attachment":[{"href":"https:\/\/www.koupeltech.com\/index.php\/wp-json\/wp\/v2\/media?parent=70701"}],"wp:term":[{"taxonomy":"product_brand","embeddable":true,"href":"https:\/\/www.koupeltech.com\/index.php\/wp-json\/wp\/v2\/product_brand?post=70701"},{"taxonomy":"product_cat","embeddable":true,"href":"https:\/\/www.koupeltech.com\/index.php\/wp-json\/wp\/v2\/product_cat?post=70701"},{"taxonomy":"product_tag","embeddable":true,"href":"https:\/\/www.koupeltech.com\/index.php\/wp-json\/wp\/v2\/product_tag?post=70701"}],"curies":[{"name":"wp","href":"https:\/\/api.w.org\/{rel}","templated":true}]}}