{"id":70703,"date":"2026-04-27T14:06:45","date_gmt":"2026-04-27T14:06:45","guid":{"rendered":""},"modified":"2026-04-27T14:06:45","modified_gmt":"2026-04-27T14:06:45","slug":"zlevneny-jika-baby-plastova-nadrzka-pro-samostatne-stojici-klozety-detsky-motiv-lucni-konik-creme-bila-70703","status":"publish","type":"product","link":"https:\/\/www.koupeltech.com\/index.php\/produkt\/zlevneny-jika-baby-plastova-nadrzka-pro-samostatne-stojici-klozety-detsky-motiv-lucni-konik-creme-bila-70703\/","title":{"rendered":"Zlevn\u011bn\u00fd JIKA BABY Plastov\u00e1 n\u00e1dr\u017eka pro samostatn\u011b stoj\u00edc\u00ed klozety, d\u011btsk\u00fd motiv &#8211; Lu\u010dn\u00ed kon\u00edk, Creme b\u00edl\u00e1"},"content":{"rendered":"<div id=\"e5076258\" class=\"pages\">\n<div>\n<div id=\"PDDescription\" class=\"UserContentView userContent v1a v1 bs-view dcon dc164 PDDescription\" ><dc-con><dc-con><bs-empty><\/bs-empty><\/dc-con><dc-con>        <\/p>\n<div class=\"customDescription\">                    <\/div>\n<p><\/dc-con><dc-con>Plastov\u00e1 n\u00e1dr\u017eka Modul s dekorem lu\u010dn\u00edho kon\u00edka je skv\u011bl\u00fdm \u0159e\u0161en\u00edm pro d\u011btsk\u00fd samostatn\u011b stoj\u00edc\u00ed klozet Baby. Nab\u00edz\u00edme ji v\u017edy s armaturou Dual Flush 3\/6 l v\u010detn\u011b plastov\u00e9ho kolena k napojen\u00ed na WC a bo\u010dn\u00edm p\u0159\u00edvodem vody 3\/8&quot;. N\u00e1dr\u017e je vyrobena ze silnost\u011bnn\u00e9ho plastu o tlou\u0161\u0165ce 4-5 mm, odoln\u00e9ho v\u016f\u010di UV z\u00e1\u0159en\u00ed a d\u00edky tomu si zachov\u00e1v\u00e1 stejnou b\u00edlou barvu jako keramick\u00e9 klozety. N\u00e1dr\u017e m\u016f\u017eete d\u00edky nastavitelnosti (200-575) um\u00edstit v r\u016fzn\u00e9 v\u00fd\u0161ce.<\/dc-con><\/dc-con><\/div>\n<div id=\"PDDescription2\" class=\"UserContentView userContent v1a v1 bs-view dcon dc165 PDDescription2\" >\n<table class=\"params-table\">\n<tr>\n<td>Modelov\u00e9 \u010d\u00edslo<\/td>\n<td>893711<\/td>\n<\/tr>\n<tr>\n<td>D\u00e9lka (mm)<\/td>\n<td>380<\/td>\n<\/tr>\n<tr>\n<td>\u0160\u00ed\u0159ka (mm)<\/td>\n<td>118<\/td>\n<\/tr>\n<tr>\n<td>V\u00fd\u0161ka (mm)<\/td>\n<td>370<\/td>\n<\/tr>\n<\/table>\n<\/div><\/div>\n<div id=\"PDTable3\" class=\"ProductDetailTableView v3a v3 bs-view dcon dc185 PDTable3\" >\n<table>\n<thead><\/thead>\n<tbody>\n<tr class=\"attribute attr_bsshop_maker\">\n<td class=\"caption\">V\u00fdrobce<\/td>\n<td class=\"value\">Jika<\/td>\n<\/tr>\n<tr class=\"attribute attr_delka\">\n<td class=\"caption\">D\u00e9lka v mm<\/td>\n<td class=\"value\">380<\/td>\n<\/tr>\n<tr class=\"attribute attr_sirka\">\n<td class=\"caption\">\u0160\u00ed\u0159ka v mm<\/td>\n<td class=\"value\">118<\/td>\n<\/tr>\n<tr class=\"attribute attr_Vyska\">\n<td class=\"caption\">V\u00fd\u0161ka v mm<\/td>\n<td class=\"value\">370<\/td>\n<\/tr>\n<tr class=\"weight\">\n<td class=\"caption\"><span>Hmotnost<\/span><\/td>\n<td class=\"value\"><span>2,80 kg<\/span><\/td>\n<\/tr>\n<\/tbody>\n<\/table>\n<\/div>\n<div id=\"ProductMedia\" class=\"ProductMediaView MediaViewBase v1a v1 bs-view dcon dc409 ProductMedia\" ><bs-empty><\/bs-empty><\/p>\n<div class=\"files\">\n<div class=\"title sub\">Soubory<\/div>\n<p><a href=\"\/media\/10967\/td01-jika-893711d.pdf?&amp;key=ZGpmIyQwNUZfMTA5Njc=\" class=\"pdf\">Technick&#253; v&#253;kres<\/a><\/div>\n<p><bs-empty><\/bs-empty><\/div>\n<\/div>\n<div id=\"e5076259\" class=\"tabs\">\n","protected":false},"excerpt":{"rendered":"<p>Plastov\u00e1 n\u00e1dr\u017eka Modul s dekorem lu\u010dn\u00edho kon\u00edka je skv\u011bl\u00fdm \u0159e\u0161en\u00edm pro d\u011btsk\u00fd samostatn\u011b stoj\u00edc\u00ed klozet Baby. Nab\u00edz\u00edme ji v\u017edy s armaturou Dual Flush 3\/6 l v\u010detn\u011b plastov\u00e9ho kolena k napojen\u00ed na WC a bo\u010dn\u00edm p\u0159\u00edvodem vody 3\/8&quot;. N\u00e1dr\u017e je vyrobena ze silnost\u011bnn\u00e9ho plastu o tlou\u0161\u0165ce 4-5 mm, odoln\u00e9ho v\u016f\u010di UV z\u00e1\u0159en\u00ed a d\u00edky tomu si [&hellip;]<\/p>\n","protected":false},"featured_media":70803,"comment_status":"open","ping_status":"open","template":"","meta":[],"product_brand":[],"product_cat":[94],"product_tag":[],"class_list":{"0":"post-70703","1":"product","2":"type-product","3":"status-publish","4":"has-post-thumbnail","6":"product_cat-vybaven-237-koupelny","8":"first","9":"instock","10":"sale","11":"shipping-taxable","12":"purchasable","13":"product-type-simple"},"yoast_head":"<!-- This site is optimized with the Yoast SEO plugin v26.8 - https:\/\/yoast.com\/product\/yoast-seo-wordpress\/ -->\n<title>Zlevn\u011bn\u00fd JIKA BABY Plastov\u00e1 n\u00e1dr\u017eka pro samostatn\u011b stoj\u00edc\u00ed klozety, d\u011btsk\u00fd motiv - Lu\u010dn\u00ed kon\u00edk, Creme b\u00edl\u00e1 -<\/title>\n<meta name=\"robots\" content=\"index, follow, max-snippet:-1, max-image-preview:large, max-video-preview:-1\" \/>\n<link rel=\"canonical\" href=\"https:\/\/www.koupeltech.com\/index.php\/produkt\/zlevneny-jika-baby-plastova-nadrzka-pro-samostatne-stojici-klozety-detsky-motiv-lucni-konik-creme-bila-70703\/\" \/>\n<meta property=\"og:locale\" content=\"cs_CZ\" \/>\n<meta property=\"og:type\" content=\"article\" \/>\n<meta property=\"og:title\" content=\"Zlevn\u011bn\u00fd JIKA BABY Plastov\u00e1 n\u00e1dr\u017eka pro samostatn\u011b stoj\u00edc\u00ed klozety, d\u011btsk\u00fd motiv - Lu\u010dn\u00ed kon\u00edk, Creme b\u00edl\u00e1 -\" \/>\n<meta property=\"og:description\" content=\"Plastov\u00e1 n\u00e1dr\u017eka Modul s dekorem lu\u010dn\u00edho kon\u00edka je skv\u011bl\u00fdm \u0159e\u0161en\u00edm pro d\u011btsk\u00fd samostatn\u011b stoj\u00edc\u00ed klozet Baby. Nab\u00edz\u00edme ji v\u017edy s armaturou Dual Flush 3\/6 l v\u010detn\u011b plastov\u00e9ho kolena k napojen\u00ed na WC a bo\u010dn\u00edm p\u0159\u00edvodem vody 3\/8&quot;. N\u00e1dr\u017e je vyrobena ze silnost\u011bnn\u00e9ho plastu o tlou\u0161\u0165ce 4-5 mm, odoln\u00e9ho v\u016f\u010di UV z\u00e1\u0159en\u00ed a d\u00edky tomu si [&hellip;]\" \/>\n<meta property=\"og:url\" content=\"https:\/\/www.koupeltech.com\/index.php\/produkt\/zlevneny-jika-baby-plastova-nadrzka-pro-samostatne-stojici-klozety-detsky-motiv-lucni-konik-creme-bila-70703\/\" \/>\n<meta property=\"og:image\" content=\"https:\/\/www.koupeltech.com\/wp-content\/uploads\/2026\/SK0022753-CZ20260425-093449-0-1777080896-jika-baby-plastova-nadrzka-pro-samostatne-stojici-klozety-d.webp\" \/>\n\t<meta property=\"og:image:width\" content=\"1000\" \/>\n\t<meta property=\"og:image:height\" content=\"525\" \/>\n\t<meta property=\"og:image:type\" content=\"image\/webp\" \/>\n<meta name=\"twitter:card\" content=\"summary_large_image\" \/>\n<meta name=\"twitter:label1\" content=\"Odhadovan\u00e1 doba \u010dten\u00ed\" \/>\n\t<meta name=\"twitter:data1\" content=\"1 minuta\" \/>\n<script type=\"application\/ld+json\" class=\"yoast-schema-graph\">{\"@context\":\"https:\/\/schema.org\",\"@graph\":[{\"@type\":\"WebPage\",\"@id\":\"https:\/\/www.koupeltech.com\/index.php\/produkt\/zlevneny-jika-baby-plastova-nadrzka-pro-samostatne-stojici-klozety-detsky-motiv-lucni-konik-creme-bila-70703\/\",\"url\":\"https:\/\/www.koupeltech.com\/index.php\/produkt\/zlevneny-jika-baby-plastova-nadrzka-pro-samostatne-stojici-klozety-detsky-motiv-lucni-konik-creme-bila-70703\/\",\"name\":\"Zlevn\u011bn\u00fd JIKA BABY Plastov\u00e1 n\u00e1dr\u017eka pro samostatn\u011b stoj\u00edc\u00ed klozety, d\u011btsk\u00fd motiv - Lu\u010dn\u00ed kon\u00edk, Creme b\u00edl\u00e1 -\",\"isPartOf\":{\"@id\":\"https:\/\/www.koupeltech.com\/#website\"},\"primaryImageOfPage\":{\"@id\":\"https:\/\/www.koupeltech.com\/index.php\/produkt\/zlevneny-jika-baby-plastova-nadrzka-pro-samostatne-stojici-klozety-detsky-motiv-lucni-konik-creme-bila-70703\/#primaryimage\"},\"image\":{\"@id\":\"https:\/\/www.koupeltech.com\/index.php\/produkt\/zlevneny-jika-baby-plastova-nadrzka-pro-samostatne-stojici-klozety-detsky-motiv-lucni-konik-creme-bila-70703\/#primaryimage\"},\"thumbnailUrl\":\"https:\/\/www.koupeltech.com\/wp-content\/uploads\/2026\/SK0022753-CZ20260425-093449-0-1777080896-jika-baby-plastova-nadrzka-pro-samostatne-stojici-klozety-d.webp\",\"datePublished\":\"2026-04-27T14:06:45+00:00\",\"breadcrumb\":{\"@id\":\"https:\/\/www.koupeltech.com\/index.php\/produkt\/zlevneny-jika-baby-plastova-nadrzka-pro-samostatne-stojici-klozety-detsky-motiv-lucni-konik-creme-bila-70703\/#breadcrumb\"},\"inLanguage\":\"cs\",\"potentialAction\":[{\"@type\":\"ReadAction\",\"target\":[\"https:\/\/www.koupeltech.com\/index.php\/produkt\/zlevneny-jika-baby-plastova-nadrzka-pro-samostatne-stojici-klozety-detsky-motiv-lucni-konik-creme-bila-70703\/\"]}]},{\"@type\":\"ImageObject\",\"inLanguage\":\"cs\",\"@id\":\"https:\/\/www.koupeltech.com\/index.php\/produkt\/zlevneny-jika-baby-plastova-nadrzka-pro-samostatne-stojici-klozety-detsky-motiv-lucni-konik-creme-bila-70703\/#primaryimage\",\"url\":\"https:\/\/www.koupeltech.com\/wp-content\/uploads\/2026\/SK0022753-CZ20260425-093449-0-1777080896-jika-baby-plastova-nadrzka-pro-samostatne-stojici-klozety-d.webp\",\"contentUrl\":\"https:\/\/www.koupeltech.com\/wp-content\/uploads\/2026\/SK0022753-CZ20260425-093449-0-1777080896-jika-baby-plastova-nadrzka-pro-samostatne-stojici-klozety-d.webp\",\"width\":1000,\"height\":525},{\"@type\":\"BreadcrumbList\",\"@id\":\"https:\/\/www.koupeltech.com\/index.php\/produkt\/zlevneny-jika-baby-plastova-nadrzka-pro-samostatne-stojici-klozety-detsky-motiv-lucni-konik-creme-bila-70703\/#breadcrumb\",\"itemListElement\":[{\"@type\":\"ListItem\",\"position\":1,\"name\":\"Home\",\"item\":\"https:\/\/www.koupeltech.com\/\"},{\"@type\":\"ListItem\",\"position\":2,\"name\":\"Products\",\"item\":\"https:\/\/www.koupeltech.com\/index.php\/products\/\"},{\"@type\":\"ListItem\",\"position\":3,\"name\":\"Zlevn\u011bn\u00fd JIKA BABY Plastov\u00e1 n\u00e1dr\u017eka pro samostatn\u011b stoj\u00edc\u00ed klozety, d\u011btsk\u00fd motiv &#8211; Lu\u010dn\u00ed kon\u00edk, Creme b\u00edl\u00e1\"}]},{\"@type\":\"WebSite\",\"@id\":\"https:\/\/www.koupeltech.com\/#website\",\"url\":\"https:\/\/www.koupeltech.com\/\",\"name\":\"\",\"description\":\"\",\"potentialAction\":[{\"@type\":\"SearchAction\",\"target\":{\"@type\":\"EntryPoint\",\"urlTemplate\":\"https:\/\/www.koupeltech.com\/?s={search_term_string}\"},\"query-input\":{\"@type\":\"PropertyValueSpecification\",\"valueRequired\":true,\"valueName\":\"search_term_string\"}}],\"inLanguage\":\"cs\"}]}<\/script>\n<!-- \/ Yoast SEO plugin. -->","yoast_head_json":{"title":"Zlevn\u011bn\u00fd JIKA BABY Plastov\u00e1 n\u00e1dr\u017eka pro samostatn\u011b stoj\u00edc\u00ed klozety, d\u011btsk\u00fd motiv - Lu\u010dn\u00ed kon\u00edk, Creme b\u00edl\u00e1 -","robots":{"index":"index","follow":"follow","max-snippet":"max-snippet:-1","max-image-preview":"max-image-preview:large","max-video-preview":"max-video-preview:-1"},"canonical":"https:\/\/www.koupeltech.com\/index.php\/produkt\/zlevneny-jika-baby-plastova-nadrzka-pro-samostatne-stojici-klozety-detsky-motiv-lucni-konik-creme-bila-70703\/","og_locale":"cs_CZ","og_type":"article","og_title":"Zlevn\u011bn\u00fd JIKA BABY Plastov\u00e1 n\u00e1dr\u017eka pro samostatn\u011b stoj\u00edc\u00ed klozety, d\u011btsk\u00fd motiv - Lu\u010dn\u00ed kon\u00edk, Creme b\u00edl\u00e1 -","og_description":"Plastov\u00e1 n\u00e1dr\u017eka Modul s dekorem lu\u010dn\u00edho kon\u00edka je skv\u011bl\u00fdm \u0159e\u0161en\u00edm pro d\u011btsk\u00fd samostatn\u011b stoj\u00edc\u00ed klozet Baby. Nab\u00edz\u00edme ji v\u017edy s armaturou Dual Flush 3\/6 l v\u010detn\u011b plastov\u00e9ho kolena k napojen\u00ed na WC a bo\u010dn\u00edm p\u0159\u00edvodem vody 3\/8&quot;. N\u00e1dr\u017e je vyrobena ze silnost\u011bnn\u00e9ho plastu o tlou\u0161\u0165ce 4-5 mm, odoln\u00e9ho v\u016f\u010di UV z\u00e1\u0159en\u00ed a d\u00edky tomu si [&hellip;]","og_url":"https:\/\/www.koupeltech.com\/index.php\/produkt\/zlevneny-jika-baby-plastova-nadrzka-pro-samostatne-stojici-klozety-detsky-motiv-lucni-konik-creme-bila-70703\/","og_image":[{"width":1000,"height":525,"url":"https:\/\/www.koupeltech.com\/wp-content\/uploads\/2026\/SK0022753-CZ20260425-093449-0-1777080896-jika-baby-plastova-nadrzka-pro-samostatne-stojici-klozety-d.webp","type":"image\/webp"}],"twitter_card":"summary_large_image","twitter_misc":{"Odhadovan\u00e1 doba \u010dten\u00ed":"1 minuta"},"schema":{"@context":"https:\/\/schema.org","@graph":[{"@type":"WebPage","@id":"https:\/\/www.koupeltech.com\/index.php\/produkt\/zlevneny-jika-baby-plastova-nadrzka-pro-samostatne-stojici-klozety-detsky-motiv-lucni-konik-creme-bila-70703\/","url":"https:\/\/www.koupeltech.com\/index.php\/produkt\/zlevneny-jika-baby-plastova-nadrzka-pro-samostatne-stojici-klozety-detsky-motiv-lucni-konik-creme-bila-70703\/","name":"Zlevn\u011bn\u00fd JIKA BABY Plastov\u00e1 n\u00e1dr\u017eka pro samostatn\u011b stoj\u00edc\u00ed klozety, d\u011btsk\u00fd motiv - Lu\u010dn\u00ed kon\u00edk, Creme b\u00edl\u00e1 -","isPartOf":{"@id":"https:\/\/www.koupeltech.com\/#website"},"primaryImageOfPage":{"@id":"https:\/\/www.koupeltech.com\/index.php\/produkt\/zlevneny-jika-baby-plastova-nadrzka-pro-samostatne-stojici-klozety-detsky-motiv-lucni-konik-creme-bila-70703\/#primaryimage"},"image":{"@id":"https:\/\/www.koupeltech.com\/index.php\/produkt\/zlevneny-jika-baby-plastova-nadrzka-pro-samostatne-stojici-klozety-detsky-motiv-lucni-konik-creme-bila-70703\/#primaryimage"},"thumbnailUrl":"https:\/\/www.koupeltech.com\/wp-content\/uploads\/2026\/SK0022753-CZ20260425-093449-0-1777080896-jika-baby-plastova-nadrzka-pro-samostatne-stojici-klozety-d.webp","datePublished":"2026-04-27T14:06:45+00:00","breadcrumb":{"@id":"https:\/\/www.koupeltech.com\/index.php\/produkt\/zlevneny-jika-baby-plastova-nadrzka-pro-samostatne-stojici-klozety-detsky-motiv-lucni-konik-creme-bila-70703\/#breadcrumb"},"inLanguage":"cs","potentialAction":[{"@type":"ReadAction","target":["https:\/\/www.koupeltech.com\/index.php\/produkt\/zlevneny-jika-baby-plastova-nadrzka-pro-samostatne-stojici-klozety-detsky-motiv-lucni-konik-creme-bila-70703\/"]}]},{"@type":"ImageObject","inLanguage":"cs","@id":"https:\/\/www.koupeltech.com\/index.php\/produkt\/zlevneny-jika-baby-plastova-nadrzka-pro-samostatne-stojici-klozety-detsky-motiv-lucni-konik-creme-bila-70703\/#primaryimage","url":"https:\/\/www.koupeltech.com\/wp-content\/uploads\/2026\/SK0022753-CZ20260425-093449-0-1777080896-jika-baby-plastova-nadrzka-pro-samostatne-stojici-klozety-d.webp","contentUrl":"https:\/\/www.koupeltech.com\/wp-content\/uploads\/2026\/SK0022753-CZ20260425-093449-0-1777080896-jika-baby-plastova-nadrzka-pro-samostatne-stojici-klozety-d.webp","width":1000,"height":525},{"@type":"BreadcrumbList","@id":"https:\/\/www.koupeltech.com\/index.php\/produkt\/zlevneny-jika-baby-plastova-nadrzka-pro-samostatne-stojici-klozety-detsky-motiv-lucni-konik-creme-bila-70703\/#breadcrumb","itemListElement":[{"@type":"ListItem","position":1,"name":"Home","item":"https:\/\/www.koupeltech.com\/"},{"@type":"ListItem","position":2,"name":"Products","item":"https:\/\/www.koupeltech.com\/index.php\/products\/"},{"@type":"ListItem","position":3,"name":"Zlevn\u011bn\u00fd JIKA BABY Plastov\u00e1 n\u00e1dr\u017eka pro samostatn\u011b stoj\u00edc\u00ed klozety, d\u011btsk\u00fd motiv &#8211; Lu\u010dn\u00ed kon\u00edk, Creme b\u00edl\u00e1"}]},{"@type":"WebSite","@id":"https:\/\/www.koupeltech.com\/#website","url":"https:\/\/www.koupeltech.com\/","name":"","description":"","potentialAction":[{"@type":"SearchAction","target":{"@type":"EntryPoint","urlTemplate":"https:\/\/www.koupeltech.com\/?s={search_term_string}"},"query-input":{"@type":"PropertyValueSpecification","valueRequired":true,"valueName":"search_term_string"}}],"inLanguage":"cs"}]}},"_links":{"self":[{"href":"https:\/\/www.koupeltech.com\/index.php\/wp-json\/wp\/v2\/product\/70703","targetHints":{"allow":["GET"]}}],"collection":[{"href":"https:\/\/www.koupeltech.com\/index.php\/wp-json\/wp\/v2\/product"}],"about":[{"href":"https:\/\/www.koupeltech.com\/index.php\/wp-json\/wp\/v2\/types\/product"}],"replies":[{"embeddable":true,"href":"https:\/\/www.koupeltech.com\/index.php\/wp-json\/wp\/v2\/comments?post=70703"}],"wp:featuredmedia":[{"embeddable":true,"href":"https:\/\/www.koupeltech.com\/index.php\/wp-json\/wp\/v2\/media\/70803"}],"wp:attachment":[{"href":"https:\/\/www.koupeltech.com\/index.php\/wp-json\/wp\/v2\/media?parent=70703"}],"wp:term":[{"taxonomy":"product_brand","embeddable":true,"href":"https:\/\/www.koupeltech.com\/index.php\/wp-json\/wp\/v2\/product_brand?post=70703"},{"taxonomy":"product_cat","embeddable":true,"href":"https:\/\/www.koupeltech.com\/index.php\/wp-json\/wp\/v2\/product_cat?post=70703"},{"taxonomy":"product_tag","embeddable":true,"href":"https:\/\/www.koupeltech.com\/index.php\/wp-json\/wp\/v2\/product_tag?post=70703"}],"curies":[{"name":"wp","href":"https:\/\/api.w.org\/{rel}","templated":true}]}}