{"id":70710,"date":"2026-04-27T14:06:45","date_gmt":"2026-04-27T14:06:45","guid":{"rendered":""},"modified":"2026-04-27T14:06:45","modified_gmt":"2026-04-27T14:06:45","slug":"sleva-wilo-elektronicke-cirkulacni-cerpadlo-star-z-nova-a-70710","status":"publish","type":"product","link":"https:\/\/www.koupeltech.com\/index.php\/produkt\/sleva-wilo-elektronicke-cirkulacni-cerpadlo-star-z-nova-a-70710\/","title":{"rendered":"Sleva WILO Elektronick\u00e9 cirkula\u010dn\u00ed \u010derpadlo STAR-Z NOVA A"},"content":{"rendered":"<div id=\"e5589773\" class=\"pages\">\n<div>\n<div id=\"PDDescription\" class=\"UserContentView userContent v1a v1 bs-view dcon dc164 PDDescription\" ><dc-con><dc-con><bs-empty><\/bs-empty><\/dc-con><dc-con>        <\/p>\n<div class=\"customDescription\">                    <\/div>\n<p><\/dc-con><dc-con><\/p>\n<p><span style=\"color: #1e1313; text-transform: none; text-indent: 0px; letter-spacing: normal; font-family: 'Source Sans Pro', sans-serif; font-size: 15px; font-style: normal; font-weight: 400; word-spacing: 0px; float: none; display: inline !important; white-space: normal; orphans: 2; widows: 2; background-color: #ffffff; font-variant-ligatures: normal; font-variant-caps: normal; -webkit-text-stroke-width: 0px; text-decoration-style: initial; text-decoration-color: initial;\">Elektronick\u00e9 cirkula\u010dn\u00ed \u010derpadlo Wilo STAR-Z NOVA A. Integrovan\u00fd kulov\u00fd ventil a zp\u011btn\u00e1 klapka.<\/span><\/p>\n<p>\u00a0<\/p>\n<p style=\"margin: 0px 0px 10px; color: #1e1313; text-transform: none; text-indent: 0px; letter-spacing: normal; font-family: 'Source Sans Pro', sans-serif; font-size: 15px; font-style: normal; font-weight: 400; word-spacing: 0px; white-space: normal; box-sizing: border-box; orphans: 2; widows: 2; background-color: #ffffff; font-variant-ligatures: normal; font-variant-caps: normal; -webkit-text-stroke-width: 0px; text-decoration-style: initial; text-decoration-color: initial;\"><strong style=\"font-weight: bold; box-sizing: border-box;\">Cirkula\u010dn\u00ed \u010derpadlo Wilo Star-Z NOVA A<\/strong>\u00a0je ide\u00e1ln\u00ed pro \u010derp\u00e1n\u00ed tepl\u00e9 u\u017eitkov\u00e9 vody v jedno a dvougenera\u010dn\u00edch domech. \u010cerpadlo Star-Z je ur\u010deno pro provoz s tvrdost\u00ed vody a\u017e do 20 \u00b0dH a je tedy vhodn\u00e9 i do region\u016f s obvzl\u00e1\u0161t\u011b tvrdou vodou.<\/p>\n<p>\u00a0<\/p>\n<p style=\"margin: 0px 0px 10px; color: #1e1313; text-transform: none; text-indent: 0px; letter-spacing: normal; font-family: 'Source Sans Pro', sans-serif; font-size: 15px; font-style: normal; font-weight: 400; word-spacing: 0px; white-space: normal; box-sizing: border-box; orphans: 2; widows: 2; background-color: #ffffff; font-variant-ligatures: normal; font-variant-caps: normal; -webkit-text-stroke-width: 0px; text-decoration-style: initial; text-decoration-color: initial;\">Co v\u0161ak d\u011bl\u00e1 \u010derpadlo Star-Z NOVA A naprosto jedine\u010dn\u00fdm je vysok\u00e1 spolehlivost a zejm\u00e9na \u00fa\u010dinnost p\u0159i p\u0159\u00edkonu max. 4,5 watt\u016f! Jedn\u00e1 se o nej\u00fasporn\u011bj\u0161\u00ed cirkula\u010dn\u00ed \u010derpadlo ve sv\u00e9 t\u0159\u00edd\u011b.<\/p>\n<p>\u00a0<\/p>\n<h3 style=\"color: #ce2027; text-transform: none; line-height: 1.2em; text-indent: 0px; letter-spacing: normal; font-family: 'Source Sans Pro', sans-serif; font-size: 1.6rem; font-style: normal; font-weight: bold; margin-top: 20px; margin-bottom: 1em; word-spacing: 0px; white-space: normal; position: relative; box-sizing: border-box; orphans: 2; widows: 2; background-color: #ffffff; font-variant-ligatures: normal; font-variant-caps: normal; -webkit-text-stroke-width: 0px; text-decoration-style: initial; text-decoration-color: initial;\">Charakteristika<\/h3>\n<p>\u00a0<\/p>\n<p style=\"margin: 0px 0px 10px; color: #1e1313; text-transform: none; text-indent: 0px; letter-spacing: normal; font-family: 'Source Sans Pro', sans-serif; font-size: 15px; font-style: normal; font-weight: 400; word-spacing: 0px; white-space: normal; box-sizing: border-box; orphans: 2; widows: 2; background-color: #ffffff; font-variant-ligatures: normal; font-variant-caps: normal; -webkit-text-stroke-width: 0px; text-decoration-style: initial; text-decoration-color: initial;\"><a style=\"color: #008600; text-decoration: underline; box-sizing: border-box; background-color: transparent;\" target=\"_self\" href=\"https:\/\/www.bola.cz\/upload\/images\/Star_z_nova_charakteristika.png\" data-target=\"prettyPhoto&lt;div id=&#039;gallery-1&#039; class=&#039;gallery galleryid-70710 gallery-columns-3 gallery-size-thumbnail&#039;&gt;&lt;figure class=&#039;gallery-item&#039;&gt;\n\t\t\t&lt;div class=&#039;gallery-icon landscape&#039;&gt;\n\t\t\t\t&lt;a href=&#039;https:\/\/www.koupeltech.com\/?attachment_id=70810&#039;&gt;&lt;img width=&quot;150&quot; height=&quot;79&quot; src=&quot;https:\/\/www.koupeltech.com\/wp-content\/uploads\/2026\/SK0022760-CZ20260425-093449-0-1777080896-wilo-elektronicke-cirkulacni-cerpadlo-star-z-nova-a.webp&quot; class=&quot;attachment-thumbnail size-thumbnail&quot; alt=&quot;&quot; \/&gt;&lt;\/a&gt;\n\t\t\t&lt;\/div&gt;&lt;\/figure&gt;\n\t\t&lt;\/div&gt;\n\"><img decoding=\"async\" style=\"border: 0px currentColor; width: 300px; height: 362px; vertical-align: middle; max-width: 100%; box-sizing: border-box;\" alt=\"\" src=\"https:\/\/www.bola.cz\/upload\/images\/Star_z_nova_charakteristika.png\"><\/a><\/p>\n<p>\u00a0<\/p>\n<h3 style=\"color: #ce2027; text-transform: none; line-height: 1.2em; text-indent: 0px; letter-spacing: normal; font-family: 'Source Sans Pro', sans-serif; font-size: 1.6rem; font-style: normal; font-weight: bold; margin-top: 20px; margin-bottom: 1em; word-spacing: 0px; white-space: normal; position: relative; box-sizing: border-box; orphans: 2; widows: 2; background-color: #ffffff; font-variant-ligatures: normal; font-variant-caps: normal; -webkit-text-stroke-width: 0px; text-decoration-style: initial; text-decoration-color: initial;\">Vlastnosti<\/h3>\n<p>\u00a0<\/p>\n<ul style=\"color: #1e1313; text-transform: none; text-indent: 0px; letter-spacing: normal; overflow: hidden; font-family: 'Source Sans Pro', sans-serif; font-size: 15px; font-style: normal; font-weight: 400; margin-top: 0px; margin-bottom: 10px; word-spacing: 0px; white-space: normal; box-sizing: border-box; orphans: 2; widows: 2; background-color: #ffffff; font-variant-ligatures: normal; font-variant-caps: normal; -webkit-text-stroke-width: 0px; text-decoration-style: initial; text-decoration-color: initial;\">\n<li style=\"box-sizing: border-box;\">P\u0159ipojen\u00ed RP 1\/2&#8243;<\/li>\n<li style=\"box-sizing: border-box;\">Teplota vody a\u017e do +65 \u00b0C (kr\u00e1tkodob\u011b do 2h a\u017e +75 \u00b0C)<\/li>\n<li style=\"box-sizing: border-box;\">Do 20\u00b0dH<\/li>\n<li style=\"box-sizing: border-box;\">S\u00e9riov\u011b dod\u00e1v\u00e1no v\u010detn\u011b tepeln\u00e9 izolace<\/li>\n<li style=\"box-sizing: border-box;\">Kryt\u00ed IP 42<\/li>\n<li style=\"box-sizing: border-box;\"><strong style=\"font-weight: bold; box-sizing: border-box;\">Integrovan\u00fd kulov\u00fd ventil + zp\u011btn\u00e1 klapka<\/strong><\/li>\n<\/ul>\n<p>\u00a0<\/p>\n<p><\/dc-con><\/dc-con><\/div>\n<div id=\"PDDescription2\" class=\"UserContentView userContent v1a v1 bs-view dcon dc165 PDDescription2\" >\n<table>\n<tbody>\n<tr>\n<td>Dopravn\u00ed v\u00fd\u0161ka \u010derpadla<\/td>\n<td>0,95 m<\/td>\n<\/tr>\n<tr>\n<td>Nap\u00e1jen\u00ed \u010derpadla<\/td>\n<td>230 VAC<\/td>\n<\/tr>\n<tr>\n<td>Pr\u016ftok \u010derpadla<\/td>\n<td>0,4 m3\/h<\/td>\n<\/tr>\n<tr>\n<td>Stavebn\u00ed d\u00e9lka<\/td>\n<td>138 mm<\/td>\n<\/tr>\n<tr>\n<td>Sv\u011btlost \u010derpadla<\/td>\n<td>DN 15<\/td>\n<\/tr>\n<tr>\n<td>Teplota kapaliny<\/td>\n<td>2&#8230;65 \u00b0C<\/td>\n<\/tr>\n<tr>\n<td>Tlak<\/td>\n<td>PN 10<\/td>\n<\/tr>\n<tr>\n<td>Typ p\u0159ipojen\u00ed \u010derpadla<\/td>\n<td>Vn\u011bj\u0161\u00ed z\u00e1vit<\/td>\n<\/tr>\n<tr>\n<td>Velikost p\u0159ipojen\u00ed \u010derpadla<\/td>\n<td>1\/2&#8243;<\/td>\n<\/tr>\n<tr>\n<td>Hmotnost<\/td>\n<td>1.48 kg<\/td>\n<\/tr>\n<\/tbody>\n<\/table>\n<\/div><\/div>\n<div id=\"PDTable3\" class=\"ProductDetailTableView v3a v3 bs-view dcon dc185 PDTable3\" >\n<table>\n<thead><\/thead>\n<tbody>\n<tr class=\"attribute attr_bsshop_maker\">\n<td class=\"caption\">V\u00fdrobce<\/td>\n<td class=\"value\">Wilo<\/td>\n<\/tr>\n<tr class=\"weight\">\n<td class=\"caption\"><span>Hmotnost<\/span><\/td>\n<td class=\"value\"><span>1,10 kg<\/span><\/td>\n<\/tr>\n<\/tbody>\n<\/table>\n<\/div>\n<div id=\"ProductMedia\" class=\"ProductMediaView MediaViewBase v1a v1 bs-view dcon dc409 ProductMedia\" ><bs-empty><\/bs-empty><\/p>\n<div class=\"files\">\n<div class=\"title sub\">Soubory<\/div>\n<p><a href=\"\/media\/14439\/navod-k-obsluze-priloha-1?&amp;key=ZGpmIyQwNUZfMTQ0Mzk=\" class=\"\">01_CS_wilo_f_02000031000079a100010092.pdf<\/a><a href=\"\/media\/14440\/katalogovy-list-priloha-2?&amp;key=ZGpmIyQwNUZfMTQ0NDA=\" class=\"\">03_CS_katalog.pdf<\/a><\/div>\n<p><bs-empty><\/bs-empty><\/div>\n<div id=\"PdProductGpsr\" class=\"ProductGpsrView v1a v1 bs-view dcon dc217 PdProductGpsr\" >\n<div class=\"subject\"><dc-root class=\"dcon dc219\"><span class=\"title\">Zodpov\u011bdn&#253; subjekt:<\/span><dc-con><dc-con><span class=\"company\">WILO CS, s.r.o.<\/span><span class=\"name\">Wilo<\/span><\/dc-con><dc-con><span class=\"street\">Obchodn&#237; 125<\/span><span class=\"city\">\u010cestlice<\/span><span class=\"zip\">251 01<\/span><span class=\"country\">\u010cesko<\/span><\/dc-con><span class=\"email\">info.cz@wilo.com<\/span><span class=\"phone\">234 098 711<\/span><bs-empty><\/bs-empty><a href=\"https:\/\/wilo.com\/cz\/cs\/Kontakty.html\" class=\"link\" target=\"_blank\">https:\/\/wilo.com\/cz\/cs\/Kontakty.html<\/a><\/dc-con><bs-empty><\/bs-empty><\/dc-root><\/div>\n<p><bs-empty><\/bs-empty><\/div>\n<\/div>\n<div id=\"e5589774\" class=\"tabs\">\n","protected":false},"excerpt":{"rendered":"<p>Elektronick\u00e9 cirkula\u010dn\u00ed \u010derpadlo Wilo STAR-Z NOVA A. Integrovan\u00fd kulov\u00fd ventil a zp\u011btn\u00e1 klapka. \u00a0 Cirkula\u010dn\u00ed \u010derpadlo Wilo Star-Z NOVA A\u00a0je ide\u00e1ln\u00ed pro \u010derp\u00e1n\u00ed tepl\u00e9 u\u017eitkov\u00e9 vody v jedno a dvougenera\u010dn\u00edch domech. \u010cerpadlo Star-Z je ur\u010deno pro provoz s tvrdost\u00ed vody a\u017e do 20 \u00b0dH a je tedy vhodn\u00e9 i do region\u016f s obvzl\u00e1\u0161t\u011b tvrdou vodou. [&hellip;]<\/p>\n","protected":false},"featured_media":70810,"comment_status":"open","ping_status":"open","template":"","meta":[],"product_brand":[],"product_cat":[106],"product_tag":[],"class_list":{"0":"post-70710","1":"product","2":"type-product","3":"status-publish","4":"has-post-thumbnail","6":"product_cat-cerpadla-vod-225-rny","8":"first","9":"instock","10":"sale","11":"shipping-taxable","12":"purchasable","13":"product-type-simple"},"yoast_head":"<!-- This site is optimized with the Yoast SEO plugin v26.8 - https:\/\/yoast.com\/product\/yoast-seo-wordpress\/ -->\n<title>Sleva WILO Elektronick\u00e9 cirkula\u010dn\u00ed \u010derpadlo STAR-Z NOVA A -<\/title>\n<meta name=\"robots\" content=\"index, follow, max-snippet:-1, max-image-preview:large, max-video-preview:-1\" \/>\n<link rel=\"canonical\" href=\"https:\/\/www.koupeltech.com\/index.php\/produkt\/sleva-wilo-elektronicke-cirkulacni-cerpadlo-star-z-nova-a-70710\/\" \/>\n<meta property=\"og:locale\" content=\"cs_CZ\" \/>\n<meta property=\"og:type\" content=\"article\" \/>\n<meta property=\"og:title\" content=\"Sleva WILO Elektronick\u00e9 cirkula\u010dn\u00ed \u010derpadlo STAR-Z NOVA A -\" \/>\n<meta property=\"og:description\" content=\"Elektronick\u00e9 cirkula\u010dn\u00ed \u010derpadlo Wilo STAR-Z NOVA A. Integrovan\u00fd kulov\u00fd ventil a zp\u011btn\u00e1 klapka. \u00a0 Cirkula\u010dn\u00ed \u010derpadlo Wilo Star-Z NOVA A\u00a0je ide\u00e1ln\u00ed pro \u010derp\u00e1n\u00ed tepl\u00e9 u\u017eitkov\u00e9 vody v jedno a dvougenera\u010dn\u00edch domech. \u010cerpadlo Star-Z je ur\u010deno pro provoz s tvrdost\u00ed vody a\u017e do 20 \u00b0dH a je tedy vhodn\u00e9 i do region\u016f s obvzl\u00e1\u0161t\u011b tvrdou vodou. [&hellip;]\" \/>\n<meta property=\"og:url\" content=\"https:\/\/www.koupeltech.com\/index.php\/produkt\/sleva-wilo-elektronicke-cirkulacni-cerpadlo-star-z-nova-a-70710\/\" \/>\n<meta property=\"og:image\" content=\"https:\/\/www.koupeltech.com\/wp-content\/uploads\/2026\/SK0022760-CZ20260425-093449-0-1777080896-wilo-elektronicke-cirkulacni-cerpadlo-star-z-nova-a.webp\" \/>\n\t<meta property=\"og:image:width\" content=\"1000\" \/>\n\t<meta property=\"og:image:height\" content=\"525\" \/>\n\t<meta property=\"og:image:type\" content=\"image\/webp\" \/>\n<meta name=\"twitter:card\" content=\"summary_large_image\" \/>\n<meta name=\"twitter:label1\" content=\"Odhadovan\u00e1 doba \u010dten\u00ed\" \/>\n\t<meta name=\"twitter:data1\" content=\"1 minuta\" \/>\n<script type=\"application\/ld+json\" class=\"yoast-schema-graph\">{\"@context\":\"https:\/\/schema.org\",\"@graph\":[{\"@type\":\"WebPage\",\"@id\":\"https:\/\/www.koupeltech.com\/index.php\/produkt\/sleva-wilo-elektronicke-cirkulacni-cerpadlo-star-z-nova-a-70710\/\",\"url\":\"https:\/\/www.koupeltech.com\/index.php\/produkt\/sleva-wilo-elektronicke-cirkulacni-cerpadlo-star-z-nova-a-70710\/\",\"name\":\"Sleva WILO Elektronick\u00e9 cirkula\u010dn\u00ed \u010derpadlo STAR-Z NOVA A -\",\"isPartOf\":{\"@id\":\"https:\/\/www.koupeltech.com\/#website\"},\"primaryImageOfPage\":{\"@id\":\"https:\/\/www.koupeltech.com\/index.php\/produkt\/sleva-wilo-elektronicke-cirkulacni-cerpadlo-star-z-nova-a-70710\/#primaryimage\"},\"image\":{\"@id\":\"https:\/\/www.koupeltech.com\/index.php\/produkt\/sleva-wilo-elektronicke-cirkulacni-cerpadlo-star-z-nova-a-70710\/#primaryimage\"},\"thumbnailUrl\":\"https:\/\/www.koupeltech.com\/wp-content\/uploads\/2026\/SK0022760-CZ20260425-093449-0-1777080896-wilo-elektronicke-cirkulacni-cerpadlo-star-z-nova-a.webp\",\"datePublished\":\"2026-04-27T14:06:45+00:00\",\"breadcrumb\":{\"@id\":\"https:\/\/www.koupeltech.com\/index.php\/produkt\/sleva-wilo-elektronicke-cirkulacni-cerpadlo-star-z-nova-a-70710\/#breadcrumb\"},\"inLanguage\":\"cs\",\"potentialAction\":[{\"@type\":\"ReadAction\",\"target\":[\"https:\/\/www.koupeltech.com\/index.php\/produkt\/sleva-wilo-elektronicke-cirkulacni-cerpadlo-star-z-nova-a-70710\/\"]}]},{\"@type\":\"ImageObject\",\"inLanguage\":\"cs\",\"@id\":\"https:\/\/www.koupeltech.com\/index.php\/produkt\/sleva-wilo-elektronicke-cirkulacni-cerpadlo-star-z-nova-a-70710\/#primaryimage\",\"url\":\"https:\/\/www.koupeltech.com\/wp-content\/uploads\/2026\/SK0022760-CZ20260425-093449-0-1777080896-wilo-elektronicke-cirkulacni-cerpadlo-star-z-nova-a.webp\",\"contentUrl\":\"https:\/\/www.koupeltech.com\/wp-content\/uploads\/2026\/SK0022760-CZ20260425-093449-0-1777080896-wilo-elektronicke-cirkulacni-cerpadlo-star-z-nova-a.webp\",\"width\":1000,\"height\":525},{\"@type\":\"BreadcrumbList\",\"@id\":\"https:\/\/www.koupeltech.com\/index.php\/produkt\/sleva-wilo-elektronicke-cirkulacni-cerpadlo-star-z-nova-a-70710\/#breadcrumb\",\"itemListElement\":[{\"@type\":\"ListItem\",\"position\":1,\"name\":\"Home\",\"item\":\"https:\/\/www.koupeltech.com\/\"},{\"@type\":\"ListItem\",\"position\":2,\"name\":\"Products\",\"item\":\"https:\/\/www.koupeltech.com\/index.php\/products\/\"},{\"@type\":\"ListItem\",\"position\":3,\"name\":\"Sleva WILO Elektronick\u00e9 cirkula\u010dn\u00ed \u010derpadlo STAR-Z NOVA A\"}]},{\"@type\":\"WebSite\",\"@id\":\"https:\/\/www.koupeltech.com\/#website\",\"url\":\"https:\/\/www.koupeltech.com\/\",\"name\":\"\",\"description\":\"\",\"potentialAction\":[{\"@type\":\"SearchAction\",\"target\":{\"@type\":\"EntryPoint\",\"urlTemplate\":\"https:\/\/www.koupeltech.com\/?s={search_term_string}\"},\"query-input\":{\"@type\":\"PropertyValueSpecification\",\"valueRequired\":true,\"valueName\":\"search_term_string\"}}],\"inLanguage\":\"cs\"}]}<\/script>\n<!-- \/ Yoast SEO plugin. -->","yoast_head_json":{"title":"Sleva WILO Elektronick\u00e9 cirkula\u010dn\u00ed \u010derpadlo STAR-Z NOVA A -","robots":{"index":"index","follow":"follow","max-snippet":"max-snippet:-1","max-image-preview":"max-image-preview:large","max-video-preview":"max-video-preview:-1"},"canonical":"https:\/\/www.koupeltech.com\/index.php\/produkt\/sleva-wilo-elektronicke-cirkulacni-cerpadlo-star-z-nova-a-70710\/","og_locale":"cs_CZ","og_type":"article","og_title":"Sleva WILO Elektronick\u00e9 cirkula\u010dn\u00ed \u010derpadlo STAR-Z NOVA A -","og_description":"Elektronick\u00e9 cirkula\u010dn\u00ed \u010derpadlo Wilo STAR-Z NOVA A. Integrovan\u00fd kulov\u00fd ventil a zp\u011btn\u00e1 klapka. \u00a0 Cirkula\u010dn\u00ed \u010derpadlo Wilo Star-Z NOVA A\u00a0je ide\u00e1ln\u00ed pro \u010derp\u00e1n\u00ed tepl\u00e9 u\u017eitkov\u00e9 vody v jedno a dvougenera\u010dn\u00edch domech. \u010cerpadlo Star-Z je ur\u010deno pro provoz s tvrdost\u00ed vody a\u017e do 20 \u00b0dH a je tedy vhodn\u00e9 i do region\u016f s obvzl\u00e1\u0161t\u011b tvrdou vodou. [&hellip;]","og_url":"https:\/\/www.koupeltech.com\/index.php\/produkt\/sleva-wilo-elektronicke-cirkulacni-cerpadlo-star-z-nova-a-70710\/","og_image":[{"width":1000,"height":525,"url":"https:\/\/www.koupeltech.com\/wp-content\/uploads\/2026\/SK0022760-CZ20260425-093449-0-1777080896-wilo-elektronicke-cirkulacni-cerpadlo-star-z-nova-a.webp","type":"image\/webp"}],"twitter_card":"summary_large_image","twitter_misc":{"Odhadovan\u00e1 doba \u010dten\u00ed":"1 minuta"},"schema":{"@context":"https:\/\/schema.org","@graph":[{"@type":"WebPage","@id":"https:\/\/www.koupeltech.com\/index.php\/produkt\/sleva-wilo-elektronicke-cirkulacni-cerpadlo-star-z-nova-a-70710\/","url":"https:\/\/www.koupeltech.com\/index.php\/produkt\/sleva-wilo-elektronicke-cirkulacni-cerpadlo-star-z-nova-a-70710\/","name":"Sleva WILO Elektronick\u00e9 cirkula\u010dn\u00ed \u010derpadlo STAR-Z NOVA A -","isPartOf":{"@id":"https:\/\/www.koupeltech.com\/#website"},"primaryImageOfPage":{"@id":"https:\/\/www.koupeltech.com\/index.php\/produkt\/sleva-wilo-elektronicke-cirkulacni-cerpadlo-star-z-nova-a-70710\/#primaryimage"},"image":{"@id":"https:\/\/www.koupeltech.com\/index.php\/produkt\/sleva-wilo-elektronicke-cirkulacni-cerpadlo-star-z-nova-a-70710\/#primaryimage"},"thumbnailUrl":"https:\/\/www.koupeltech.com\/wp-content\/uploads\/2026\/SK0022760-CZ20260425-093449-0-1777080896-wilo-elektronicke-cirkulacni-cerpadlo-star-z-nova-a.webp","datePublished":"2026-04-27T14:06:45+00:00","breadcrumb":{"@id":"https:\/\/www.koupeltech.com\/index.php\/produkt\/sleva-wilo-elektronicke-cirkulacni-cerpadlo-star-z-nova-a-70710\/#breadcrumb"},"inLanguage":"cs","potentialAction":[{"@type":"ReadAction","target":["https:\/\/www.koupeltech.com\/index.php\/produkt\/sleva-wilo-elektronicke-cirkulacni-cerpadlo-star-z-nova-a-70710\/"]}]},{"@type":"ImageObject","inLanguage":"cs","@id":"https:\/\/www.koupeltech.com\/index.php\/produkt\/sleva-wilo-elektronicke-cirkulacni-cerpadlo-star-z-nova-a-70710\/#primaryimage","url":"https:\/\/www.koupeltech.com\/wp-content\/uploads\/2026\/SK0022760-CZ20260425-093449-0-1777080896-wilo-elektronicke-cirkulacni-cerpadlo-star-z-nova-a.webp","contentUrl":"https:\/\/www.koupeltech.com\/wp-content\/uploads\/2026\/SK0022760-CZ20260425-093449-0-1777080896-wilo-elektronicke-cirkulacni-cerpadlo-star-z-nova-a.webp","width":1000,"height":525},{"@type":"BreadcrumbList","@id":"https:\/\/www.koupeltech.com\/index.php\/produkt\/sleva-wilo-elektronicke-cirkulacni-cerpadlo-star-z-nova-a-70710\/#breadcrumb","itemListElement":[{"@type":"ListItem","position":1,"name":"Home","item":"https:\/\/www.koupeltech.com\/"},{"@type":"ListItem","position":2,"name":"Products","item":"https:\/\/www.koupeltech.com\/index.php\/products\/"},{"@type":"ListItem","position":3,"name":"Sleva WILO Elektronick\u00e9 cirkula\u010dn\u00ed \u010derpadlo STAR-Z NOVA A"}]},{"@type":"WebSite","@id":"https:\/\/www.koupeltech.com\/#website","url":"https:\/\/www.koupeltech.com\/","name":"","description":"","potentialAction":[{"@type":"SearchAction","target":{"@type":"EntryPoint","urlTemplate":"https:\/\/www.koupeltech.com\/?s={search_term_string}"},"query-input":{"@type":"PropertyValueSpecification","valueRequired":true,"valueName":"search_term_string"}}],"inLanguage":"cs"}]}},"_links":{"self":[{"href":"https:\/\/www.koupeltech.com\/index.php\/wp-json\/wp\/v2\/product\/70710","targetHints":{"allow":["GET"]}}],"collection":[{"href":"https:\/\/www.koupeltech.com\/index.php\/wp-json\/wp\/v2\/product"}],"about":[{"href":"https:\/\/www.koupeltech.com\/index.php\/wp-json\/wp\/v2\/types\/product"}],"replies":[{"embeddable":true,"href":"https:\/\/www.koupeltech.com\/index.php\/wp-json\/wp\/v2\/comments?post=70710"}],"wp:featuredmedia":[{"embeddable":true,"href":"https:\/\/www.koupeltech.com\/index.php\/wp-json\/wp\/v2\/media\/70810"}],"wp:attachment":[{"href":"https:\/\/www.koupeltech.com\/index.php\/wp-json\/wp\/v2\/media?parent=70710"}],"wp:term":[{"taxonomy":"product_brand","embeddable":true,"href":"https:\/\/www.koupeltech.com\/index.php\/wp-json\/wp\/v2\/product_brand?post=70710"},{"taxonomy":"product_cat","embeddable":true,"href":"https:\/\/www.koupeltech.com\/index.php\/wp-json\/wp\/v2\/product_cat?post=70710"},{"taxonomy":"product_tag","embeddable":true,"href":"https:\/\/www.koupeltech.com\/index.php\/wp-json\/wp\/v2\/product_tag?post=70710"}],"curies":[{"name":"wp","href":"https:\/\/api.w.org\/{rel}","templated":true}]}}