{"id":70714,"date":"2026-04-27T14:06:45","date_gmt":"2026-04-27T14:06:45","guid":{"rendered":""},"modified":"2026-04-27T14:06:45","modified_gmt":"2026-04-27T14:06:45","slug":"wilo-elektronicke-cirkulacni-cerpadlo-star-z20-5-3-150mm-cenovy-hit-70714","status":"publish","type":"product","link":"https:\/\/www.koupeltech.com\/index.php\/produkt\/wilo-elektronicke-cirkulacni-cerpadlo-star-z20-5-3-150mm-cenovy-hit-70714\/","title":{"rendered":"WILO Elektronick\u00e9 cirkula\u010dn\u00ed \u010derpadlo STAR-Z20\/5-3 (150mm) Cenov\u00fd Hit"},"content":{"rendered":"<div id=\"e5081319\" class=\"pages\">\n<div>\n<div id=\"PDDescription\" class=\"UserContentView userContent v1a v1 bs-view dcon dc164 PDDescription\" ><dc-con><dc-con><bs-empty><\/bs-empty><\/dc-con><dc-con>        <\/p>\n<div class=\"customDescription\">                    <\/div>\n<p><\/dc-con><dc-con><\/p>\n<p style=\"margin: 0px 0px 10px; color: #1e1313; text-transform: none; text-indent: 0px; letter-spacing: normal; font-family: 'Source Sans Pro', sans-serif; font-size: 15px; font-style: normal; font-weight: 400; word-spacing: 0px; white-space: normal; box-sizing: border-box; orphans: 2; widows: 2; background-color: #ffffff; font-variant-ligatures: normal; font-variant-caps: normal; -webkit-text-stroke-width: 0px; text-decoration-style: initial; text-decoration-color: initial;\">Cirkula\u010dn\u00ed \u010derpadlo\u00a0<strong style=\"font-weight: bold; box-sizing: border-box;\">Wilo Star-Z 20\/5-3<\/strong>\u00a0je ur\u010deno v\u00fdhradn\u011b\u00a0pro\u00a0<strong style=\"font-weight: bold; box-sizing: border-box;\">\u010derp\u00e1n\u00ed pitn\u00e9 vody<\/strong>\u00a0v pr\u016fmyslu a technick\u00e9m vybaven\u00ed objekt\u016f. \u010cerpadlo\u00a0<strong style=\"font-weight: bold; box-sizing: border-box;\">je vybaveno t\u0159\u00edrychlostn\u00edm p\u0159ep\u00edna\u010dem<\/strong>\u00a0v\u00fdkonu.<\/p>\n<p style=\"margin: 0px 0px 10px; color: #1e1313; text-transform: none; text-indent: 0px; letter-spacing: normal; font-family: 'Source Sans Pro', sans-serif; font-size: 15px; font-style: normal; font-weight: 400; word-spacing: 0px; white-space: normal; box-sizing: border-box; orphans: 2; widows: 2; background-color: #ffffff; font-variant-ligatures: normal; font-variant-caps: normal; -webkit-text-stroke-width: 0px; text-decoration-style: initial; text-decoration-color: initial;\">Sk\u0159\u00ed\u0148 \u010derpadla je z \u010derven\u00e9ho bronzu, kola jsou vyroben\u00e1 z plastu vyztu\u017een\u00e9ho skeln\u00fdmi vl\u00e1kny.\u00a0 Ve\u0161ker\u00e9 sou\u010d\u00e1sti p\u0159ich\u00e1zej\u00edc\u00ed do styku s pitnou vodou jsou vybaveny atestem KTW.<\/p>\n<h3 style=\"color: #ce2027; text-transform: none; line-height: 1.2em; text-indent: 0px; letter-spacing: normal; font-family: 'Source Sans Pro', sans-serif; font-size: 1.6rem; font-style: normal; font-weight: bold; margin-top: 20px; margin-bottom: 1em; word-spacing: 0px; white-space: normal; position: relative; box-sizing: border-box; orphans: 2; widows: 2; background-color: #ffffff; font-variant-ligatures: normal; font-variant-caps: normal; -webkit-text-stroke-width: 0px; text-decoration-style: initial; text-decoration-color: initial;\">Charakteristika<\/h3>\n<p style=\"margin: 0px 0px 10px; color: #1e1313; text-transform: none; text-indent: 0px; letter-spacing: normal; font-family: 'Source Sans Pro', sans-serif; font-size: 15px; font-style: normal; font-weight: 400; word-spacing: 0px; white-space: normal; box-sizing: border-box; orphans: 2; widows: 2; background-color: #ffffff; font-variant-ligatures: normal; font-variant-caps: normal; -webkit-text-stroke-width: 0px; text-decoration-style: initial; text-decoration-color: initial;\"><img decoding=\"async\" style=\"border: 0px currentColor; width: 580px; vertical-align: middle; max-width: 580px; box-sizing: border-box;\" alt=\"\" src=\"https:\/\/www.bola.cz\/admin\/files\/ck\/images\/STAR-Z_20-5-3.png\"><\/p>\n<h3 style=\"color: #ce2027; text-transform: none; line-height: 1.2em; text-indent: 0px; letter-spacing: normal; font-family: 'Source Sans Pro', sans-serif; font-size: 1.6rem; font-style: normal; font-weight: bold; margin-top: 20px; margin-bottom: 1em; word-spacing: 0px; white-space: normal; position: relative; box-sizing: border-box; orphans: 2; widows: 2; background-color: #ffffff; font-variant-ligatures: normal; font-variant-caps: normal; -webkit-text-stroke-width: 0px; text-decoration-style: initial; text-decoration-color: initial;\">Vlastnosti<\/h3>\n<ul style=\"color: #1e1313; text-transform: none; text-indent: 0px; letter-spacing: normal; overflow: hidden; font-family: 'Source Sans Pro', sans-serif; font-size: 15px; font-style: normal; font-weight: 400; margin-top: 0px; margin-bottom: 10px; word-spacing: 0px; white-space: normal; box-sizing: border-box; orphans: 2; widows: 2; background-color: #ffffff; font-variant-ligatures: normal; font-variant-caps: normal; -webkit-text-stroke-width: 0px; text-decoration-style: initial; text-decoration-color: initial;\">\n<li style=\"box-sizing: border-box;\">P\u0159ipojen\u00ed G 1 1\/4&#8243;<\/li>\n<li style=\"box-sizing: border-box;\">Stavebn\u00ed d\u00e9lka 150 mm<\/li>\n<li style=\"box-sizing: border-box;\">Pr\u016ftok 3,3 m3\/h<\/li>\n<li style=\"box-sizing: border-box;\">Nap\u00e1jen\u00ed 230 VAC<\/li>\n<li style=\"box-sizing: border-box;\">Teplota vody a\u017e do +65 \u00b0C (kr\u00e1tkodob\u011b do 2h a\u017e +75 \u00b0C)<\/li>\n<li style=\"box-sizing: border-box;\"><strong style=\"font-weight: bold; box-sizing: border-box;\">Do tvrdosti vody\u00a018\u00a0\u00b0dH<\/strong><\/li>\n<li style=\"box-sizing: border-box;\">Kryt\u00ed IP 44<\/li>\n<\/ul>\n<p><\/dc-con><\/dc-con><\/div>\n<div id=\"PDDescription2\" class=\"UserContentView userContent v1a v1 bs-view dcon dc165 PDDescription2\" >\n<table>\n<tbody>\n<tr>\n<td>Dopravn\u00ed v\u00fd\u0161ka \u010derpadla<\/td>\n<td>4,6 m<\/td>\n<\/tr>\n<tr>\n<td>Nap\u00e1jen\u00ed \u010derpadla<\/td>\n<td>230 VAC<\/td>\n<\/tr>\n<tr>\n<td>Pr\u016ftok \u010derpadla<\/td>\n<td>4,2 m3\/h<\/td>\n<\/tr>\n<tr>\n<td>Stavebn\u00ed d\u00e9lka<\/td>\n<td>150 mm<\/td>\n<\/tr>\n<tr>\n<td>Sv\u011btlost \u010derpadla<\/td>\n<td>DN 20<\/td>\n<\/tr>\n<tr>\n<td>Teplota kapaliny<\/td>\n<td>2&#8230;65 \u00b0C<\/td>\n<\/tr>\n<tr>\n<td>Tlak<\/td>\n<td>PN 10<\/td>\n<\/tr>\n<tr>\n<td>Typ p\u0159ipojen\u00ed \u010derpadla<\/td>\n<td>Vn\u011bj\u0161\u00ed z\u00e1vit<\/td>\n<\/tr>\n<tr>\n<td>Velikost p\u0159ipojen\u00ed \u010derpadla<\/td>\n<td>1 1\/4&#8243;<\/td>\n<\/tr>\n<tr>\n<td>Hmotnost<\/td>\n<td>2.50 kg<\/td>\n<\/tr>\n<\/tbody>\n<\/table>\n<\/div><\/div>\n<div id=\"PDTable3\" class=\"ProductDetailTableView v3a v3 bs-view dcon dc185 PDTable3\" >\n<table>\n<thead><\/thead>\n<tbody>\n<tr class=\"attribute attr_bsshop_maker\">\n<td class=\"caption\">V\u00fdrobce<\/td>\n<td class=\"value\">Wilo<\/td>\n<\/tr>\n<tr class=\"weight\">\n<td class=\"caption\"><span>Hmotnost<\/span><\/td>\n<td class=\"value\"><span>2,50 kg<\/span><\/td>\n<\/tr>\n<\/tbody>\n<\/table>\n<\/div>\n<div id=\"ProductMedia\" class=\"ProductMediaView MediaViewBase v1a v1 bs-view dcon dc409 ProductMedia\" ><bs-empty><\/bs-empty><\/p>\n<div class=\"files\">\n<div class=\"title sub\">Soubory<\/div>\n<p><a href=\"\/media\/14409\/katalogovy-list-priloha-2?&amp;key=ZGpmIyQwNUZfMTQ0MDk=\" class=\"\">03_CS_wilo-star-z.pdf<\/a><a href=\"\/media\/14410\/navod-k-obsluze-priloha-1?&amp;key=ZGpmIyQwNUZfMTQ0MTA=\" class=\"\">01_CS_wilo252558.pdf<\/a><\/div>\n<p><bs-empty><\/bs-empty><\/div>\n<div id=\"PdProductGpsr\" class=\"ProductGpsrView v1a v1 bs-view dcon dc217 PdProductGpsr\" >\n<div class=\"subject\"><dc-root class=\"dcon dc219\"><span class=\"title\">Zodpov\u011bdn&#253; subjekt:<\/span><dc-con><dc-con><span class=\"company\">WILO CS, s.r.o.<\/span><span class=\"name\">Wilo<\/span><\/dc-con><dc-con><span class=\"street\">Obchodn&#237; 125<\/span><span class=\"city\">\u010cestlice<\/span><span class=\"zip\">251 01<\/span><span class=\"country\">\u010cesko<\/span><\/dc-con><span class=\"email\">info.cz@wilo.com<\/span><span class=\"phone\">234 098 711<\/span><bs-empty><\/bs-empty><a href=\"https:\/\/wilo.com\/cz\/cs\/Kontakty.html\" class=\"link\" target=\"_blank\">https:\/\/wilo.com\/cz\/cs\/Kontakty.html<\/a><\/dc-con><bs-empty><\/bs-empty><\/dc-root><\/div>\n<p><bs-empty><\/bs-empty><\/div>\n<\/div>\n<div id=\"e5081320\" class=\"tabs\">\n","protected":false},"excerpt":{"rendered":"<p>Cirkula\u010dn\u00ed \u010derpadlo\u00a0Wilo Star-Z 20\/5-3\u00a0je ur\u010deno v\u00fdhradn\u011b\u00a0pro\u00a0\u010derp\u00e1n\u00ed pitn\u00e9 vody\u00a0v pr\u016fmyslu a technick\u00e9m vybaven\u00ed objekt\u016f. \u010cerpadlo\u00a0je vybaveno t\u0159\u00edrychlostn\u00edm p\u0159ep\u00edna\u010dem\u00a0v\u00fdkonu. Sk\u0159\u00ed\u0148 \u010derpadla je z \u010derven\u00e9ho bronzu, kola jsou vyroben\u00e1 z plastu vyztu\u017een\u00e9ho skeln\u00fdmi vl\u00e1kny.\u00a0 Ve\u0161ker\u00e9 sou\u010d\u00e1sti p\u0159ich\u00e1zej\u00edc\u00ed do styku s pitnou vodou jsou vybaveny atestem KTW. Charakteristika Vlastnosti P\u0159ipojen\u00ed G 1 1\/4&#8243; Stavebn\u00ed d\u00e9lka 150 mm Pr\u016ftok 3,3 [&hellip;]<\/p>\n","protected":false},"featured_media":70814,"comment_status":"open","ping_status":"open","template":"","meta":[],"product_brand":[],"product_cat":[106],"product_tag":[],"class_list":{"0":"post-70714","1":"product","2":"type-product","3":"status-publish","4":"has-post-thumbnail","6":"product_cat-cerpadla-vod-225-rny","8":"first","9":"instock","10":"sale","11":"shipping-taxable","12":"purchasable","13":"product-type-simple"},"yoast_head":"<!-- This site is optimized with the Yoast SEO plugin v26.8 - https:\/\/yoast.com\/product\/yoast-seo-wordpress\/ -->\n<title>WILO Elektronick\u00e9 cirkula\u010dn\u00ed \u010derpadlo STAR-Z20\/5-3 (150mm) Cenov\u00fd Hit -<\/title>\n<meta name=\"robots\" content=\"index, follow, max-snippet:-1, max-image-preview:large, max-video-preview:-1\" \/>\n<link rel=\"canonical\" href=\"https:\/\/www.koupeltech.com\/index.php\/produkt\/wilo-elektronicke-cirkulacni-cerpadlo-star-z20-5-3-150mm-cenovy-hit-70714\/\" \/>\n<meta property=\"og:locale\" content=\"cs_CZ\" \/>\n<meta property=\"og:type\" content=\"article\" \/>\n<meta property=\"og:title\" content=\"WILO Elektronick\u00e9 cirkula\u010dn\u00ed \u010derpadlo STAR-Z20\/5-3 (150mm) Cenov\u00fd Hit -\" \/>\n<meta property=\"og:description\" content=\"Cirkula\u010dn\u00ed \u010derpadlo\u00a0Wilo Star-Z 20\/5-3\u00a0je ur\u010deno v\u00fdhradn\u011b\u00a0pro\u00a0\u010derp\u00e1n\u00ed pitn\u00e9 vody\u00a0v pr\u016fmyslu a technick\u00e9m vybaven\u00ed objekt\u016f. \u010cerpadlo\u00a0je vybaveno t\u0159\u00edrychlostn\u00edm p\u0159ep\u00edna\u010dem\u00a0v\u00fdkonu. Sk\u0159\u00ed\u0148 \u010derpadla je z \u010derven\u00e9ho bronzu, kola jsou vyroben\u00e1 z plastu vyztu\u017een\u00e9ho skeln\u00fdmi vl\u00e1kny.\u00a0 Ve\u0161ker\u00e9 sou\u010d\u00e1sti p\u0159ich\u00e1zej\u00edc\u00ed do styku s pitnou vodou jsou vybaveny atestem KTW. Charakteristika Vlastnosti P\u0159ipojen\u00ed G 1 1\/4&#8243; Stavebn\u00ed d\u00e9lka 150 mm Pr\u016ftok 3,3 [&hellip;]\" \/>\n<meta property=\"og:url\" content=\"https:\/\/www.koupeltech.com\/index.php\/produkt\/wilo-elektronicke-cirkulacni-cerpadlo-star-z20-5-3-150mm-cenovy-hit-70714\/\" \/>\n<meta property=\"og:image\" content=\"https:\/\/www.koupeltech.com\/wp-content\/uploads\/2026\/SK0022764-CZ20260425-093449-0-1777080896-wilo-elektronicke-cirkulacni-cerpadlo-star-z20-5-3-150mm.pn.webp\" \/>\n\t<meta property=\"og:image:width\" content=\"1000\" \/>\n\t<meta property=\"og:image:height\" content=\"525\" \/>\n\t<meta property=\"og:image:type\" content=\"image\/webp\" \/>\n<meta name=\"twitter:card\" content=\"summary_large_image\" \/>\n<meta name=\"twitter:label1\" content=\"Odhadovan\u00e1 doba \u010dten\u00ed\" \/>\n\t<meta name=\"twitter:data1\" content=\"1 minuta\" \/>\n<script type=\"application\/ld+json\" class=\"yoast-schema-graph\">{\"@context\":\"https:\/\/schema.org\",\"@graph\":[{\"@type\":\"WebPage\",\"@id\":\"https:\/\/www.koupeltech.com\/index.php\/produkt\/wilo-elektronicke-cirkulacni-cerpadlo-star-z20-5-3-150mm-cenovy-hit-70714\/\",\"url\":\"https:\/\/www.koupeltech.com\/index.php\/produkt\/wilo-elektronicke-cirkulacni-cerpadlo-star-z20-5-3-150mm-cenovy-hit-70714\/\",\"name\":\"WILO Elektronick\u00e9 cirkula\u010dn\u00ed \u010derpadlo STAR-Z20\/5-3 (150mm) Cenov\u00fd Hit -\",\"isPartOf\":{\"@id\":\"https:\/\/www.koupeltech.com\/#website\"},\"primaryImageOfPage\":{\"@id\":\"https:\/\/www.koupeltech.com\/index.php\/produkt\/wilo-elektronicke-cirkulacni-cerpadlo-star-z20-5-3-150mm-cenovy-hit-70714\/#primaryimage\"},\"image\":{\"@id\":\"https:\/\/www.koupeltech.com\/index.php\/produkt\/wilo-elektronicke-cirkulacni-cerpadlo-star-z20-5-3-150mm-cenovy-hit-70714\/#primaryimage\"},\"thumbnailUrl\":\"https:\/\/www.koupeltech.com\/wp-content\/uploads\/2026\/SK0022764-CZ20260425-093449-0-1777080896-wilo-elektronicke-cirkulacni-cerpadlo-star-z20-5-3-150mm.pn.webp\",\"datePublished\":\"2026-04-27T14:06:45+00:00\",\"breadcrumb\":{\"@id\":\"https:\/\/www.koupeltech.com\/index.php\/produkt\/wilo-elektronicke-cirkulacni-cerpadlo-star-z20-5-3-150mm-cenovy-hit-70714\/#breadcrumb\"},\"inLanguage\":\"cs\",\"potentialAction\":[{\"@type\":\"ReadAction\",\"target\":[\"https:\/\/www.koupeltech.com\/index.php\/produkt\/wilo-elektronicke-cirkulacni-cerpadlo-star-z20-5-3-150mm-cenovy-hit-70714\/\"]}]},{\"@type\":\"ImageObject\",\"inLanguage\":\"cs\",\"@id\":\"https:\/\/www.koupeltech.com\/index.php\/produkt\/wilo-elektronicke-cirkulacni-cerpadlo-star-z20-5-3-150mm-cenovy-hit-70714\/#primaryimage\",\"url\":\"https:\/\/www.koupeltech.com\/wp-content\/uploads\/2026\/SK0022764-CZ20260425-093449-0-1777080896-wilo-elektronicke-cirkulacni-cerpadlo-star-z20-5-3-150mm.pn.webp\",\"contentUrl\":\"https:\/\/www.koupeltech.com\/wp-content\/uploads\/2026\/SK0022764-CZ20260425-093449-0-1777080896-wilo-elektronicke-cirkulacni-cerpadlo-star-z20-5-3-150mm.pn.webp\",\"width\":1000,\"height\":525},{\"@type\":\"BreadcrumbList\",\"@id\":\"https:\/\/www.koupeltech.com\/index.php\/produkt\/wilo-elektronicke-cirkulacni-cerpadlo-star-z20-5-3-150mm-cenovy-hit-70714\/#breadcrumb\",\"itemListElement\":[{\"@type\":\"ListItem\",\"position\":1,\"name\":\"Home\",\"item\":\"https:\/\/www.koupeltech.com\/\"},{\"@type\":\"ListItem\",\"position\":2,\"name\":\"Products\",\"item\":\"https:\/\/www.koupeltech.com\/index.php\/products\/\"},{\"@type\":\"ListItem\",\"position\":3,\"name\":\"WILO Elektronick\u00e9 cirkula\u010dn\u00ed \u010derpadlo STAR-Z20\/5-3 (150mm) Cenov\u00fd Hit\"}]},{\"@type\":\"WebSite\",\"@id\":\"https:\/\/www.koupeltech.com\/#website\",\"url\":\"https:\/\/www.koupeltech.com\/\",\"name\":\"\",\"description\":\"\",\"potentialAction\":[{\"@type\":\"SearchAction\",\"target\":{\"@type\":\"EntryPoint\",\"urlTemplate\":\"https:\/\/www.koupeltech.com\/?s={search_term_string}\"},\"query-input\":{\"@type\":\"PropertyValueSpecification\",\"valueRequired\":true,\"valueName\":\"search_term_string\"}}],\"inLanguage\":\"cs\"}]}<\/script>\n<!-- \/ Yoast SEO plugin. -->","yoast_head_json":{"title":"WILO Elektronick\u00e9 cirkula\u010dn\u00ed \u010derpadlo STAR-Z20\/5-3 (150mm) Cenov\u00fd Hit -","robots":{"index":"index","follow":"follow","max-snippet":"max-snippet:-1","max-image-preview":"max-image-preview:large","max-video-preview":"max-video-preview:-1"},"canonical":"https:\/\/www.koupeltech.com\/index.php\/produkt\/wilo-elektronicke-cirkulacni-cerpadlo-star-z20-5-3-150mm-cenovy-hit-70714\/","og_locale":"cs_CZ","og_type":"article","og_title":"WILO Elektronick\u00e9 cirkula\u010dn\u00ed \u010derpadlo STAR-Z20\/5-3 (150mm) Cenov\u00fd Hit -","og_description":"Cirkula\u010dn\u00ed \u010derpadlo\u00a0Wilo Star-Z 20\/5-3\u00a0je ur\u010deno v\u00fdhradn\u011b\u00a0pro\u00a0\u010derp\u00e1n\u00ed pitn\u00e9 vody\u00a0v pr\u016fmyslu a technick\u00e9m vybaven\u00ed objekt\u016f. \u010cerpadlo\u00a0je vybaveno t\u0159\u00edrychlostn\u00edm p\u0159ep\u00edna\u010dem\u00a0v\u00fdkonu. Sk\u0159\u00ed\u0148 \u010derpadla je z \u010derven\u00e9ho bronzu, kola jsou vyroben\u00e1 z plastu vyztu\u017een\u00e9ho skeln\u00fdmi vl\u00e1kny.\u00a0 Ve\u0161ker\u00e9 sou\u010d\u00e1sti p\u0159ich\u00e1zej\u00edc\u00ed do styku s pitnou vodou jsou vybaveny atestem KTW. Charakteristika Vlastnosti P\u0159ipojen\u00ed G 1 1\/4&#8243; Stavebn\u00ed d\u00e9lka 150 mm Pr\u016ftok 3,3 [&hellip;]","og_url":"https:\/\/www.koupeltech.com\/index.php\/produkt\/wilo-elektronicke-cirkulacni-cerpadlo-star-z20-5-3-150mm-cenovy-hit-70714\/","og_image":[{"width":1000,"height":525,"url":"https:\/\/www.koupeltech.com\/wp-content\/uploads\/2026\/SK0022764-CZ20260425-093449-0-1777080896-wilo-elektronicke-cirkulacni-cerpadlo-star-z20-5-3-150mm.pn.webp","type":"image\/webp"}],"twitter_card":"summary_large_image","twitter_misc":{"Odhadovan\u00e1 doba \u010dten\u00ed":"1 minuta"},"schema":{"@context":"https:\/\/schema.org","@graph":[{"@type":"WebPage","@id":"https:\/\/www.koupeltech.com\/index.php\/produkt\/wilo-elektronicke-cirkulacni-cerpadlo-star-z20-5-3-150mm-cenovy-hit-70714\/","url":"https:\/\/www.koupeltech.com\/index.php\/produkt\/wilo-elektronicke-cirkulacni-cerpadlo-star-z20-5-3-150mm-cenovy-hit-70714\/","name":"WILO Elektronick\u00e9 cirkula\u010dn\u00ed \u010derpadlo STAR-Z20\/5-3 (150mm) Cenov\u00fd Hit -","isPartOf":{"@id":"https:\/\/www.koupeltech.com\/#website"},"primaryImageOfPage":{"@id":"https:\/\/www.koupeltech.com\/index.php\/produkt\/wilo-elektronicke-cirkulacni-cerpadlo-star-z20-5-3-150mm-cenovy-hit-70714\/#primaryimage"},"image":{"@id":"https:\/\/www.koupeltech.com\/index.php\/produkt\/wilo-elektronicke-cirkulacni-cerpadlo-star-z20-5-3-150mm-cenovy-hit-70714\/#primaryimage"},"thumbnailUrl":"https:\/\/www.koupeltech.com\/wp-content\/uploads\/2026\/SK0022764-CZ20260425-093449-0-1777080896-wilo-elektronicke-cirkulacni-cerpadlo-star-z20-5-3-150mm.pn.webp","datePublished":"2026-04-27T14:06:45+00:00","breadcrumb":{"@id":"https:\/\/www.koupeltech.com\/index.php\/produkt\/wilo-elektronicke-cirkulacni-cerpadlo-star-z20-5-3-150mm-cenovy-hit-70714\/#breadcrumb"},"inLanguage":"cs","potentialAction":[{"@type":"ReadAction","target":["https:\/\/www.koupeltech.com\/index.php\/produkt\/wilo-elektronicke-cirkulacni-cerpadlo-star-z20-5-3-150mm-cenovy-hit-70714\/"]}]},{"@type":"ImageObject","inLanguage":"cs","@id":"https:\/\/www.koupeltech.com\/index.php\/produkt\/wilo-elektronicke-cirkulacni-cerpadlo-star-z20-5-3-150mm-cenovy-hit-70714\/#primaryimage","url":"https:\/\/www.koupeltech.com\/wp-content\/uploads\/2026\/SK0022764-CZ20260425-093449-0-1777080896-wilo-elektronicke-cirkulacni-cerpadlo-star-z20-5-3-150mm.pn.webp","contentUrl":"https:\/\/www.koupeltech.com\/wp-content\/uploads\/2026\/SK0022764-CZ20260425-093449-0-1777080896-wilo-elektronicke-cirkulacni-cerpadlo-star-z20-5-3-150mm.pn.webp","width":1000,"height":525},{"@type":"BreadcrumbList","@id":"https:\/\/www.koupeltech.com\/index.php\/produkt\/wilo-elektronicke-cirkulacni-cerpadlo-star-z20-5-3-150mm-cenovy-hit-70714\/#breadcrumb","itemListElement":[{"@type":"ListItem","position":1,"name":"Home","item":"https:\/\/www.koupeltech.com\/"},{"@type":"ListItem","position":2,"name":"Products","item":"https:\/\/www.koupeltech.com\/index.php\/products\/"},{"@type":"ListItem","position":3,"name":"WILO Elektronick\u00e9 cirkula\u010dn\u00ed \u010derpadlo STAR-Z20\/5-3 (150mm) Cenov\u00fd Hit"}]},{"@type":"WebSite","@id":"https:\/\/www.koupeltech.com\/#website","url":"https:\/\/www.koupeltech.com\/","name":"","description":"","potentialAction":[{"@type":"SearchAction","target":{"@type":"EntryPoint","urlTemplate":"https:\/\/www.koupeltech.com\/?s={search_term_string}"},"query-input":{"@type":"PropertyValueSpecification","valueRequired":true,"valueName":"search_term_string"}}],"inLanguage":"cs"}]}},"_links":{"self":[{"href":"https:\/\/www.koupeltech.com\/index.php\/wp-json\/wp\/v2\/product\/70714","targetHints":{"allow":["GET"]}}],"collection":[{"href":"https:\/\/www.koupeltech.com\/index.php\/wp-json\/wp\/v2\/product"}],"about":[{"href":"https:\/\/www.koupeltech.com\/index.php\/wp-json\/wp\/v2\/types\/product"}],"replies":[{"embeddable":true,"href":"https:\/\/www.koupeltech.com\/index.php\/wp-json\/wp\/v2\/comments?post=70714"}],"wp:featuredmedia":[{"embeddable":true,"href":"https:\/\/www.koupeltech.com\/index.php\/wp-json\/wp\/v2\/media\/70814"}],"wp:attachment":[{"href":"https:\/\/www.koupeltech.com\/index.php\/wp-json\/wp\/v2\/media?parent=70714"}],"wp:term":[{"taxonomy":"product_brand","embeddable":true,"href":"https:\/\/www.koupeltech.com\/index.php\/wp-json\/wp\/v2\/product_brand?post=70714"},{"taxonomy":"product_cat","embeddable":true,"href":"https:\/\/www.koupeltech.com\/index.php\/wp-json\/wp\/v2\/product_cat?post=70714"},{"taxonomy":"product_tag","embeddable":true,"href":"https:\/\/www.koupeltech.com\/index.php\/wp-json\/wp\/v2\/product_tag?post=70714"}],"curies":[{"name":"wp","href":"https:\/\/api.w.org\/{rel}","templated":true}]}}