{"id":70723,"date":"2026-04-27T14:06:45","date_gmt":"2026-04-27T14:06:45","guid":{"rendered":""},"modified":"2026-04-27T14:06:45","modified_gmt":"2026-04-27T14:06:45","slug":"znackovy-wilo-elektronicke-obehove-cerpadlo-yonos-maxo-40-0-5-4-pn6-10-70723","status":"publish","type":"product","link":"https:\/\/www.koupeltech.com\/index.php\/produkt\/znackovy-wilo-elektronicke-obehove-cerpadlo-yonos-maxo-40-0-5-4-pn6-10-70723\/","title":{"rendered":"Zna\u010dkov\u00fd WILO Elektronick\u00e9 ob\u011bhov\u00e9 \u010derpadlo Yonos MAXO 40\/0,5-4 PN6\/10"},"content":{"rendered":"<div id=\"e5595092\" class=\"pages\">\n<div>\n<div id=\"PDDescription\" class=\"UserContentView userContent v1a v1 bs-view dcon dc164 PDDescription\" ><dc-con><dc-con><bs-empty><\/bs-empty><\/dc-con><dc-con>        <\/p>\n<div class=\"customDescription\">                    <\/div>\n<p><\/dc-con><dc-con><\/p>\n<p style=\"margin: 0px 0px 10px; color: #1e1313; text-transform: none; text-indent: 0px; letter-spacing: normal; font-family: 'Source Sans Pro', sans-serif; font-size: 15px; font-style: normal; font-weight: 400; word-spacing: 0px; white-space: normal; box-sizing: border-box; orphans: 2; widows: 2; background-color: #ffffff; font-variant-ligatures: normal; font-variant-caps: normal; -webkit-text-stroke-width: 0px; text-decoration-style: initial; text-decoration-color: initial;\"><strong>WILO Elektronick\u00e9 ob\u011bhov\u00e9 \u010derpadlo Yonos MAXO 40\/0,5-4 PN6\/10<\/strong><\/p>\n<p style=\"margin: 0px 0px 10px; color: #1e1313; text-transform: none; text-indent: 0px; letter-spacing: normal; font-family: 'Source Sans Pro', sans-serif; font-size: 15px; font-style: normal; font-weight: 400; word-spacing: 0px; white-space: normal; box-sizing: border-box; orphans: 2; widows: 2; background-color: #ffffff; font-variant-ligatures: normal; font-variant-caps: normal; -webkit-text-stroke-width: 0px; text-decoration-style: initial; text-decoration-color: initial;\">Elektronicky \u0159\u00edzen\u00e9\u00a0<strong style=\"font-weight: bold; box-sizing: border-box;\">\u010derpadlo Wilo Yonos MAXO<\/strong>\u00a0je sou\u010d\u00e1st\u00ed \u0159ady vysoce \u00fasporn\u00fdch a \u00fa\u010dinn\u00fdch \u010derpadel. Pou\u017eit\u00ed \u010derpadla je ve v\u0161ech b\u011b\u017en\u00fdch syst\u00e9mech vyt\u00e1p\u011bn\u00ed, klimatiza\u010dn\u00edch za\u0159\u00edzen\u00edch, uzav\u0159en\u00fdch chlad\u00edc\u00edch okruz\u00edch a v pr\u016fmyslov\u00fdch cirkula\u010dn\u00edch za\u0159\u00edzen\u00edch. \u010cerpadlo umo\u017e\u0148uje jak\u00a0<strong style=\"font-weight: bold; box-sizing: border-box;\">manu\u00e1ln\u00ed<\/strong>\u00a0tak i\u00a0<strong style=\"font-weight: bold; box-sizing: border-box;\">automatick\u00fd provoz<\/strong>\u00a0(viz. n\u00ed\u017ee).\u00a0<\/p>\n<p style=\"margin: 0px 0px 10px; color: #1e1313; text-transform: none; text-indent: 0px; letter-spacing: normal; font-family: 'Source Sans Pro', sans-serif; font-size: 15px; font-style: normal; font-weight: 400; word-spacing: 0px; white-space: normal; box-sizing: border-box; orphans: 2; widows: 2; background-color: #ffffff; font-variant-ligatures: normal; font-variant-caps: normal; -webkit-text-stroke-width: 0px; text-decoration-style: initial; text-decoration-color: initial;\">\u010cerpadlo spl\u0148uje podm\u00ednky sm\u011brnice ErP.<\/p>\n<h3 style=\"color: #ce2027; text-transform: none; line-height: 1.2em; text-indent: 0px; letter-spacing: normal; font-family: 'Source Sans Pro', sans-serif; font-size: 1.6rem; font-style: normal; font-weight: bold; margin-top: 20px; margin-bottom: 1em; word-spacing: 0px; white-space: normal; position: relative; box-sizing: border-box; orphans: 2; widows: 2; background-color: #ffffff; font-variant-ligatures: normal; font-variant-caps: normal; -webkit-text-stroke-width: 0px; text-decoration-style: initial; text-decoration-color: initial;\">Charakteristika<\/h3>\n<p style=\"margin: 0px 0px 10px; color: #1e1313; text-transform: none; text-indent: 0px; letter-spacing: normal; font-family: 'Source Sans Pro', sans-serif; font-size: 15px; font-style: normal; font-weight: 400; word-spacing: 0px; white-space: normal; box-sizing: border-box; orphans: 2; widows: 2; background-color: #ffffff; font-variant-ligatures: normal; font-variant-caps: normal; -webkit-text-stroke-width: 0px; text-decoration-style: initial; text-decoration-color: initial;\"><a style=\"color: #008600; text-decoration: underline; box-sizing: border-box; background-color: transparent;\" target=\"_self\" href=\"https:\/\/www.bola.cz\/upload\/images\/Yonos_maxo_charakteristika.png\" data-target=\"prettyPhoto&lt;div id=&#039;gallery-1&#039; class=&#039;gallery galleryid-70723 gallery-columns-3 gallery-size-thumbnail&#039;&gt;&lt;figure class=&#039;gallery-item&#039;&gt;\n\t\t\t&lt;div class=&#039;gallery-icon landscape&#039;&gt;\n\t\t\t\t&lt;a href=&#039;https:\/\/www.koupeltech.com\/?attachment_id=70823&#039;&gt;&lt;img width=&quot;150&quot; height=&quot;79&quot; src=&quot;https:\/\/www.koupeltech.com\/wp-content\/uploads\/2026\/SK0022773-CZ20260425-093449-0-1777080896-wilo-elektronicke-obehove-cerpadlo-yonos-maxo-40-0-5-4-pn6-.webp&quot; class=&quot;attachment-thumbnail size-thumbnail&quot; alt=&quot;&quot; \/&gt;&lt;\/a&gt;\n\t\t\t&lt;\/div&gt;&lt;\/figure&gt;\n\t\t&lt;\/div&gt;\n\"><img decoding=\"async\" style=\"border: 0px currentColor; width: 450px; height: 278px; vertical-align: middle; max-width: 100%; box-sizing: border-box;\" alt=\"\" src=\"https:\/\/www.bola.cz\/upload\/images\/Yonos_maxo_charakteristika.png\"><\/a><\/p>\n<h3 style=\"color: #ce2027; text-transform: none; line-height: 1.2em; text-indent: 0px; letter-spacing: normal; font-family: 'Source Sans Pro', sans-serif; font-size: 1.6rem; font-style: normal; font-weight: bold; margin-top: 20px; margin-bottom: 1em; word-spacing: 0px; white-space: normal; position: relative; box-sizing: border-box; orphans: 2; widows: 2; background-color: #ffffff; font-variant-ligatures: normal; font-variant-caps: normal; -webkit-text-stroke-width: 0px; text-decoration-style: initial; text-decoration-color: initial;\">Automatick\u00e9 funkce<\/h3>\n<ul style=\"color: #1e1313; text-transform: none; text-indent: 0px; letter-spacing: normal; overflow: hidden; font-family: 'Source Sans Pro', sans-serif; font-size: 15px; font-style: normal; font-weight: 400; margin-top: 0px; margin-bottom: 10px; word-spacing: 0px; white-space: normal; box-sizing: border-box; orphans: 2; widows: 2; background-color: #ffffff; font-variant-ligatures: normal; font-variant-caps: normal; -webkit-text-stroke-width: 0px; text-decoration-style: initial; text-decoration-color: initial;\">\n<li style=\"box-sizing: border-box;\">Plynul\u00e9\u00a0<strong style=\"font-weight: bold; box-sizing: border-box;\">p\u0159izp\u016fsobov\u00e1n\u00ed v\u00fdkonu<\/strong>\u00a0v z\u00e1vislosti na provozn\u00edm re\u017eimu.<\/li>\n<li style=\"box-sizing: border-box;\">Automatick\u00e9 odblokov\u00e1n\u00ed.<\/li>\n<li style=\"box-sizing: border-box;\">M\u011bkk\u00fd start.<\/li>\n<\/ul>\n<h3 style=\"color: #ce2027; text-transform: none; line-height: 1.2em; text-indent: 0px; letter-spacing: normal; font-family: 'Source Sans Pro', sans-serif; font-size: 1.6rem; font-style: normal; font-weight: bold; margin-top: 20px; margin-bottom: 1em; word-spacing: 0px; white-space: normal; position: relative; box-sizing: border-box; orphans: 2; widows: 2; background-color: #ffffff; font-variant-ligatures: normal; font-variant-caps: normal; -webkit-text-stroke-width: 0px; text-decoration-style: initial; text-decoration-color: initial;\">Manu\u00e1ln\u00ed funkce<\/h3>\n<ul style=\"color: #1e1313; text-transform: none; text-indent: 0px; letter-spacing: normal; overflow: hidden; font-family: 'Source Sans Pro', sans-serif; font-size: 15px; font-style: normal; font-weight: 400; margin-top: 0px; margin-bottom: 10px; word-spacing: 0px; white-space: normal; box-sizing: border-box; orphans: 2; widows: 2; background-color: #ffffff; font-variant-ligatures: normal; font-variant-caps: normal; -webkit-text-stroke-width: 0px; text-decoration-style: initial; text-decoration-color: initial;\">\n<li style=\"box-sizing: border-box;\">Nastaven\u00ed provozn\u00edho re\u017eimu.<\/li>\n<li style=\"box-sizing: border-box;\">Nastaven\u00ed v\u00fdkonu \u010derpadla (dopravn\u00ed v\u00fd\u0161ky).<\/li>\n<\/ul>\n<h3 style=\"color: #ce2027; text-transform: none; line-height: 1.2em; text-indent: 0px; letter-spacing: normal; font-family: 'Source Sans Pro', sans-serif; font-size: 1.6rem; font-style: normal; font-weight: bold; margin-top: 20px; margin-bottom: 1em; word-spacing: 0px; white-space: normal; position: relative; box-sizing: border-box; orphans: 2; widows: 2; background-color: #ffffff; font-variant-ligatures: normal; font-variant-caps: normal; -webkit-text-stroke-width: 0px; text-decoration-style: initial; text-decoration-color: initial;\">Vlastnosti \u010derpadla<\/h3>\n<ul style=\"color: #1e1313; text-transform: none; text-indent: 0px; letter-spacing: normal; overflow: hidden; font-family: 'Source Sans Pro', sans-serif; font-size: 15px; font-style: normal; font-weight: 400; margin-top: 0px; margin-bottom: 10px; word-spacing: 0px; white-space: normal; box-sizing: border-box; orphans: 2; widows: 2; background-color: #ffffff; font-variant-ligatures: normal; font-variant-caps: normal; -webkit-text-stroke-width: 0px; text-decoration-style: initial; text-decoration-color: initial;\">\n<li style=\"box-sizing: border-box;\"><strong style=\"font-weight: bold; box-sizing: border-box;\">Rychl\u00e9 el. p\u0159ipojen\u00ed<\/strong>\u00a0d\u00edky konektoru WILO.<\/li>\n<li style=\"box-sizing: border-box;\">Automatick\u00e9 odvzdu\u0161n\u011bn\u00ed.<\/li>\n<li style=\"box-sizing: border-box;\">LED signalizace dopravn\u00ed v\u00fd\u0161ky a p\u0159\u00edpadn\u00e9ho chybov\u00e9ho k\u00f3du.<\/li>\n<li style=\"box-sizing: border-box;\"><strong style=\"font-weight: bold; box-sizing: border-box;\">P\u0159\u00edrubov\u00e9 proveden\u00ed<\/strong>.<\/li>\n<\/ul>\n<h3 style=\"color: #ce2027; text-transform: none; line-height: 1.2em; text-indent: 0px; letter-spacing: normal; font-family: 'Source Sans Pro', sans-serif; font-size: 1.6rem; font-style: normal; font-weight: bold; margin-top: 20px; margin-bottom: 1em; word-spacing: 0px; white-space: normal; position: relative; box-sizing: border-box; orphans: 2; widows: 2; background-color: #ffffff; font-variant-ligatures: normal; font-variant-caps: normal; -webkit-text-stroke-width: 0px; text-decoration-style: initial; text-decoration-color: initial;\">Obsah dod\u00e1vky<\/h3>\n<ul style=\"color: #1e1313; text-transform: none; text-indent: 0px; letter-spacing: normal; overflow: hidden; font-family: 'Source Sans Pro', sans-serif; font-size: 15px; font-style: normal; font-weight: 400; margin-top: 0px; margin-bottom: 10px; word-spacing: 0px; white-space: normal; box-sizing: border-box; orphans: 2; widows: 2; background-color: #ffffff; font-variant-ligatures: normal; font-variant-caps: normal; -webkit-text-stroke-width: 0px; text-decoration-style: initial; text-decoration-color: initial;\">\n<li style=\"box-sizing: border-box;\">\u010cerpadlo.<\/li>\n<li style=\"box-sizing: border-box;\">Konektor WILO<\/li>\n<li style=\"box-sizing: border-box;\">T\u011bsn\u011bn\u00ed<\/li>\n<li style=\"box-sizing: border-box;\"><a style=\"color: #008600; text-decoration: underline; box-sizing: border-box; background-color: transparent;\" target=\"_self\" href=\"https:\/\/www.bola.cz\/upload\/files\/00515354_0.pdf\">N\u00e1vod k mont\u00e1\u017ei a obsluze<\/a>.<\/li>\n<\/ul>\n<p><\/dc-con><\/dc-con><\/div>\n<div id=\"PDDescription2\" class=\"UserContentView userContent v1a v1 bs-view dcon dc165 PDDescription2\" >\n<table>\n<tbody>\n<tr>\n<td>Dopravn\u00ed v\u00fd\u0161ka \u010derpadla<\/td>\n<td>4 m<\/td>\n<\/tr>\n<tr>\n<td>Nap\u00e1jen\u00ed \u010derpadla<\/td>\n<td>230 VAC<\/td>\n<\/tr>\n<tr>\n<td>Pr\u016ftok \u010derpadla<\/td>\n<td>10 m3\/h<\/td>\n<\/tr>\n<tr>\n<td>Stavebn\u00ed d\u00e9lka<\/td>\n<td>220 mm<\/td>\n<\/tr>\n<tr>\n<td>Sv\u011btlost \u010derpadla<\/td>\n<td>DN 40<\/td>\n<\/tr>\n<tr>\n<td>Teplota kapaliny<\/td>\n<td>110 \u00b0C<\/td>\n<\/tr>\n<tr>\n<td>Tlak<\/td>\n<td>10 bar<\/td>\n<\/tr>\n<tr>\n<td>Typ p\u0159ipojen\u00ed \u010derpadla<\/td>\n<td>P\u0159\u00edruba<\/td>\n<\/tr>\n<tr>\n<td>Velikost p\u0159ipojen\u00ed \u010derpadla<\/td>\n<td>DN 40<\/td>\n<\/tr>\n<tr>\n<td>Hmotnost<\/td>\n<td>8.00 kg<\/td>\n<\/tr>\n<\/tbody>\n<\/table>\n<\/div><\/div>\n<div id=\"PDTable3\" class=\"ProductDetailTableView v3a v3 bs-view dcon dc185 PDTable3\" >\n<table>\n<thead><\/thead>\n<tbody>\n<tr class=\"attribute attr_bsshop_maker\">\n<td class=\"caption\">V\u00fdrobce<\/td>\n<td class=\"value\">Wilo<\/td>\n<\/tr>\n<tr class=\"weight\">\n<td class=\"caption\"><span>Hmotnost<\/span><\/td>\n<td class=\"value\"><span>10,20 kg<\/span><\/td>\n<\/tr>\n<\/tbody>\n<\/table>\n<\/div>\n<div id=\"ProductMedia\" class=\"ProductMediaView MediaViewBase v1a v1 bs-view dcon dc409 ProductMedia\" ><bs-empty><\/bs-empty><\/p>\n<div class=\"files\">\n<div class=\"title sub\">Soubory<\/div>\n<p><a href=\"\/media\/14397\/navod-k-obsluze-priloha-1?&amp;key=ZGpmIyQwNUZfMTQzOTc=\" class=\"\">01_CS_navod.pdf<\/a><a href=\"\/media\/14398\/katalogovy-list-priloha-2?&amp;key=ZGpmIyQwNUZfMTQzOTg=\" class=\"\">03_CS_Yonos-MAXO-connect-module-Pumpa.pdf<\/a><\/div>\n<p><bs-empty><\/bs-empty><\/div>\n<div id=\"PdProductGpsr\" class=\"ProductGpsrView v1a v1 bs-view dcon dc217 PdProductGpsr\" >\n<div class=\"subject\"><dc-root class=\"dcon dc219\"><span class=\"title\">Zodpov\u011bdn&#253; subjekt:<\/span><dc-con><dc-con><span class=\"company\">WILO CS, s.r.o.<\/span><span class=\"name\">Wilo<\/span><\/dc-con><dc-con><span class=\"street\">Obchodn&#237; 125<\/span><span class=\"city\">\u010cestlice<\/span><span class=\"zip\">251 01<\/span><span class=\"country\">\u010cesko<\/span><\/dc-con><span class=\"email\">info.cz@wilo.com<\/span><span class=\"phone\">234 098 711<\/span><bs-empty><\/bs-empty><a href=\"https:\/\/wilo.com\/cz\/cs\/Kontakty.html\" class=\"link\" target=\"_blank\">https:\/\/wilo.com\/cz\/cs\/Kontakty.html<\/a><\/dc-con><bs-empty><\/bs-empty><\/dc-root><\/div>\n<p><bs-empty><\/bs-empty><\/div>\n<\/div>\n<div id=\"e5595093\" class=\"tabs\">\n","protected":false},"excerpt":{"rendered":"<p>WILO Elektronick\u00e9 ob\u011bhov\u00e9 \u010derpadlo Yonos MAXO 40\/0,5-4 PN6\/10 Elektronicky \u0159\u00edzen\u00e9\u00a0\u010derpadlo Wilo Yonos MAXO\u00a0je sou\u010d\u00e1st\u00ed \u0159ady vysoce \u00fasporn\u00fdch a \u00fa\u010dinn\u00fdch \u010derpadel. Pou\u017eit\u00ed \u010derpadla je ve v\u0161ech b\u011b\u017en\u00fdch syst\u00e9mech vyt\u00e1p\u011bn\u00ed, klimatiza\u010dn\u00edch za\u0159\u00edzen\u00edch, uzav\u0159en\u00fdch chlad\u00edc\u00edch okruz\u00edch a v pr\u016fmyslov\u00fdch cirkula\u010dn\u00edch za\u0159\u00edzen\u00edch. \u010cerpadlo umo\u017e\u0148uje jak\u00a0manu\u00e1ln\u00ed\u00a0tak i\u00a0automatick\u00fd provoz\u00a0(viz. n\u00ed\u017ee).\u00a0 \u010cerpadlo spl\u0148uje podm\u00ednky sm\u011brnice ErP. Charakteristika Automatick\u00e9 funkce Plynul\u00e9\u00a0p\u0159izp\u016fsobov\u00e1n\u00ed v\u00fdkonu\u00a0v z\u00e1vislosti [&hellip;]<\/p>\n","protected":false},"featured_media":70823,"comment_status":"open","ping_status":"open","template":"","meta":[],"product_brand":[],"product_cat":[106],"product_tag":[],"class_list":{"0":"post-70723","1":"product","2":"type-product","3":"status-publish","4":"has-post-thumbnail","6":"product_cat-cerpadla-vod-225-rny","8":"first","9":"instock","10":"sale","11":"shipping-taxable","12":"purchasable","13":"product-type-simple"},"yoast_head":"<!-- This site is optimized with the Yoast SEO plugin v26.8 - https:\/\/yoast.com\/product\/yoast-seo-wordpress\/ -->\n<title>Zna\u010dkov\u00fd WILO Elektronick\u00e9 ob\u011bhov\u00e9 \u010derpadlo Yonos MAXO 40\/0,5-4 PN6\/10 -<\/title>\n<meta name=\"robots\" content=\"index, follow, max-snippet:-1, max-image-preview:large, max-video-preview:-1\" \/>\n<link rel=\"canonical\" href=\"https:\/\/www.koupeltech.com\/index.php\/produkt\/znackovy-wilo-elektronicke-obehove-cerpadlo-yonos-maxo-40-0-5-4-pn6-10-70723\/\" \/>\n<meta property=\"og:locale\" content=\"cs_CZ\" \/>\n<meta property=\"og:type\" content=\"article\" \/>\n<meta property=\"og:title\" content=\"Zna\u010dkov\u00fd WILO Elektronick\u00e9 ob\u011bhov\u00e9 \u010derpadlo Yonos MAXO 40\/0,5-4 PN6\/10 -\" \/>\n<meta property=\"og:description\" content=\"WILO Elektronick\u00e9 ob\u011bhov\u00e9 \u010derpadlo Yonos MAXO 40\/0,5-4 PN6\/10 Elektronicky \u0159\u00edzen\u00e9\u00a0\u010derpadlo Wilo Yonos MAXO\u00a0je sou\u010d\u00e1st\u00ed \u0159ady vysoce \u00fasporn\u00fdch a \u00fa\u010dinn\u00fdch \u010derpadel. Pou\u017eit\u00ed \u010derpadla je ve v\u0161ech b\u011b\u017en\u00fdch syst\u00e9mech vyt\u00e1p\u011bn\u00ed, klimatiza\u010dn\u00edch za\u0159\u00edzen\u00edch, uzav\u0159en\u00fdch chlad\u00edc\u00edch okruz\u00edch a v pr\u016fmyslov\u00fdch cirkula\u010dn\u00edch za\u0159\u00edzen\u00edch. \u010cerpadlo umo\u017e\u0148uje jak\u00a0manu\u00e1ln\u00ed\u00a0tak i\u00a0automatick\u00fd provoz\u00a0(viz. n\u00ed\u017ee).\u00a0 \u010cerpadlo spl\u0148uje podm\u00ednky sm\u011brnice ErP. Charakteristika Automatick\u00e9 funkce Plynul\u00e9\u00a0p\u0159izp\u016fsobov\u00e1n\u00ed v\u00fdkonu\u00a0v z\u00e1vislosti [&hellip;]\" \/>\n<meta property=\"og:url\" content=\"https:\/\/www.koupeltech.com\/index.php\/produkt\/znackovy-wilo-elektronicke-obehove-cerpadlo-yonos-maxo-40-0-5-4-pn6-10-70723\/\" \/>\n<meta property=\"og:image\" content=\"https:\/\/www.koupeltech.com\/wp-content\/uploads\/2026\/SK0022773-CZ20260425-093449-0-1777080896-wilo-elektronicke-obehove-cerpadlo-yonos-maxo-40-0-5-4-pn6-.webp\" \/>\n\t<meta property=\"og:image:width\" content=\"1000\" \/>\n\t<meta property=\"og:image:height\" content=\"525\" \/>\n\t<meta property=\"og:image:type\" content=\"image\/webp\" \/>\n<meta name=\"twitter:card\" content=\"summary_large_image\" \/>\n<meta name=\"twitter:label1\" content=\"Odhadovan\u00e1 doba \u010dten\u00ed\" \/>\n\t<meta name=\"twitter:data1\" content=\"1 minuta\" \/>\n<script type=\"application\/ld+json\" class=\"yoast-schema-graph\">{\"@context\":\"https:\/\/schema.org\",\"@graph\":[{\"@type\":\"WebPage\",\"@id\":\"https:\/\/www.koupeltech.com\/index.php\/produkt\/znackovy-wilo-elektronicke-obehove-cerpadlo-yonos-maxo-40-0-5-4-pn6-10-70723\/\",\"url\":\"https:\/\/www.koupeltech.com\/index.php\/produkt\/znackovy-wilo-elektronicke-obehove-cerpadlo-yonos-maxo-40-0-5-4-pn6-10-70723\/\",\"name\":\"Zna\u010dkov\u00fd WILO Elektronick\u00e9 ob\u011bhov\u00e9 \u010derpadlo Yonos MAXO 40\/0,5-4 PN6\/10 -\",\"isPartOf\":{\"@id\":\"https:\/\/www.koupeltech.com\/#website\"},\"primaryImageOfPage\":{\"@id\":\"https:\/\/www.koupeltech.com\/index.php\/produkt\/znackovy-wilo-elektronicke-obehove-cerpadlo-yonos-maxo-40-0-5-4-pn6-10-70723\/#primaryimage\"},\"image\":{\"@id\":\"https:\/\/www.koupeltech.com\/index.php\/produkt\/znackovy-wilo-elektronicke-obehove-cerpadlo-yonos-maxo-40-0-5-4-pn6-10-70723\/#primaryimage\"},\"thumbnailUrl\":\"https:\/\/www.koupeltech.com\/wp-content\/uploads\/2026\/SK0022773-CZ20260425-093449-0-1777080896-wilo-elektronicke-obehove-cerpadlo-yonos-maxo-40-0-5-4-pn6-.webp\",\"datePublished\":\"2026-04-27T14:06:45+00:00\",\"breadcrumb\":{\"@id\":\"https:\/\/www.koupeltech.com\/index.php\/produkt\/znackovy-wilo-elektronicke-obehove-cerpadlo-yonos-maxo-40-0-5-4-pn6-10-70723\/#breadcrumb\"},\"inLanguage\":\"cs\",\"potentialAction\":[{\"@type\":\"ReadAction\",\"target\":[\"https:\/\/www.koupeltech.com\/index.php\/produkt\/znackovy-wilo-elektronicke-obehove-cerpadlo-yonos-maxo-40-0-5-4-pn6-10-70723\/\"]}]},{\"@type\":\"ImageObject\",\"inLanguage\":\"cs\",\"@id\":\"https:\/\/www.koupeltech.com\/index.php\/produkt\/znackovy-wilo-elektronicke-obehove-cerpadlo-yonos-maxo-40-0-5-4-pn6-10-70723\/#primaryimage\",\"url\":\"https:\/\/www.koupeltech.com\/wp-content\/uploads\/2026\/SK0022773-CZ20260425-093449-0-1777080896-wilo-elektronicke-obehove-cerpadlo-yonos-maxo-40-0-5-4-pn6-.webp\",\"contentUrl\":\"https:\/\/www.koupeltech.com\/wp-content\/uploads\/2026\/SK0022773-CZ20260425-093449-0-1777080896-wilo-elektronicke-obehove-cerpadlo-yonos-maxo-40-0-5-4-pn6-.webp\",\"width\":1000,\"height\":525},{\"@type\":\"BreadcrumbList\",\"@id\":\"https:\/\/www.koupeltech.com\/index.php\/produkt\/znackovy-wilo-elektronicke-obehove-cerpadlo-yonos-maxo-40-0-5-4-pn6-10-70723\/#breadcrumb\",\"itemListElement\":[{\"@type\":\"ListItem\",\"position\":1,\"name\":\"Home\",\"item\":\"https:\/\/www.koupeltech.com\/\"},{\"@type\":\"ListItem\",\"position\":2,\"name\":\"Products\",\"item\":\"https:\/\/www.koupeltech.com\/index.php\/products\/\"},{\"@type\":\"ListItem\",\"position\":3,\"name\":\"Zna\u010dkov\u00fd WILO Elektronick\u00e9 ob\u011bhov\u00e9 \u010derpadlo Yonos MAXO 40\/0,5-4 PN6\/10\"}]},{\"@type\":\"WebSite\",\"@id\":\"https:\/\/www.koupeltech.com\/#website\",\"url\":\"https:\/\/www.koupeltech.com\/\",\"name\":\"\",\"description\":\"\",\"potentialAction\":[{\"@type\":\"SearchAction\",\"target\":{\"@type\":\"EntryPoint\",\"urlTemplate\":\"https:\/\/www.koupeltech.com\/?s={search_term_string}\"},\"query-input\":{\"@type\":\"PropertyValueSpecification\",\"valueRequired\":true,\"valueName\":\"search_term_string\"}}],\"inLanguage\":\"cs\"}]}<\/script>\n<!-- \/ Yoast SEO plugin. -->","yoast_head_json":{"title":"Zna\u010dkov\u00fd WILO Elektronick\u00e9 ob\u011bhov\u00e9 \u010derpadlo Yonos MAXO 40\/0,5-4 PN6\/10 -","robots":{"index":"index","follow":"follow","max-snippet":"max-snippet:-1","max-image-preview":"max-image-preview:large","max-video-preview":"max-video-preview:-1"},"canonical":"https:\/\/www.koupeltech.com\/index.php\/produkt\/znackovy-wilo-elektronicke-obehove-cerpadlo-yonos-maxo-40-0-5-4-pn6-10-70723\/","og_locale":"cs_CZ","og_type":"article","og_title":"Zna\u010dkov\u00fd WILO Elektronick\u00e9 ob\u011bhov\u00e9 \u010derpadlo Yonos MAXO 40\/0,5-4 PN6\/10 -","og_description":"WILO Elektronick\u00e9 ob\u011bhov\u00e9 \u010derpadlo Yonos MAXO 40\/0,5-4 PN6\/10 Elektronicky \u0159\u00edzen\u00e9\u00a0\u010derpadlo Wilo Yonos MAXO\u00a0je sou\u010d\u00e1st\u00ed \u0159ady vysoce \u00fasporn\u00fdch a \u00fa\u010dinn\u00fdch \u010derpadel. Pou\u017eit\u00ed \u010derpadla je ve v\u0161ech b\u011b\u017en\u00fdch syst\u00e9mech vyt\u00e1p\u011bn\u00ed, klimatiza\u010dn\u00edch za\u0159\u00edzen\u00edch, uzav\u0159en\u00fdch chlad\u00edc\u00edch okruz\u00edch a v pr\u016fmyslov\u00fdch cirkula\u010dn\u00edch za\u0159\u00edzen\u00edch. \u010cerpadlo umo\u017e\u0148uje jak\u00a0manu\u00e1ln\u00ed\u00a0tak i\u00a0automatick\u00fd provoz\u00a0(viz. n\u00ed\u017ee).\u00a0 \u010cerpadlo spl\u0148uje podm\u00ednky sm\u011brnice ErP. Charakteristika Automatick\u00e9 funkce Plynul\u00e9\u00a0p\u0159izp\u016fsobov\u00e1n\u00ed v\u00fdkonu\u00a0v z\u00e1vislosti [&hellip;]","og_url":"https:\/\/www.koupeltech.com\/index.php\/produkt\/znackovy-wilo-elektronicke-obehove-cerpadlo-yonos-maxo-40-0-5-4-pn6-10-70723\/","og_image":[{"width":1000,"height":525,"url":"https:\/\/www.koupeltech.com\/wp-content\/uploads\/2026\/SK0022773-CZ20260425-093449-0-1777080896-wilo-elektronicke-obehove-cerpadlo-yonos-maxo-40-0-5-4-pn6-.webp","type":"image\/webp"}],"twitter_card":"summary_large_image","twitter_misc":{"Odhadovan\u00e1 doba \u010dten\u00ed":"1 minuta"},"schema":{"@context":"https:\/\/schema.org","@graph":[{"@type":"WebPage","@id":"https:\/\/www.koupeltech.com\/index.php\/produkt\/znackovy-wilo-elektronicke-obehove-cerpadlo-yonos-maxo-40-0-5-4-pn6-10-70723\/","url":"https:\/\/www.koupeltech.com\/index.php\/produkt\/znackovy-wilo-elektronicke-obehove-cerpadlo-yonos-maxo-40-0-5-4-pn6-10-70723\/","name":"Zna\u010dkov\u00fd WILO Elektronick\u00e9 ob\u011bhov\u00e9 \u010derpadlo Yonos MAXO 40\/0,5-4 PN6\/10 -","isPartOf":{"@id":"https:\/\/www.koupeltech.com\/#website"},"primaryImageOfPage":{"@id":"https:\/\/www.koupeltech.com\/index.php\/produkt\/znackovy-wilo-elektronicke-obehove-cerpadlo-yonos-maxo-40-0-5-4-pn6-10-70723\/#primaryimage"},"image":{"@id":"https:\/\/www.koupeltech.com\/index.php\/produkt\/znackovy-wilo-elektronicke-obehove-cerpadlo-yonos-maxo-40-0-5-4-pn6-10-70723\/#primaryimage"},"thumbnailUrl":"https:\/\/www.koupeltech.com\/wp-content\/uploads\/2026\/SK0022773-CZ20260425-093449-0-1777080896-wilo-elektronicke-obehove-cerpadlo-yonos-maxo-40-0-5-4-pn6-.webp","datePublished":"2026-04-27T14:06:45+00:00","breadcrumb":{"@id":"https:\/\/www.koupeltech.com\/index.php\/produkt\/znackovy-wilo-elektronicke-obehove-cerpadlo-yonos-maxo-40-0-5-4-pn6-10-70723\/#breadcrumb"},"inLanguage":"cs","potentialAction":[{"@type":"ReadAction","target":["https:\/\/www.koupeltech.com\/index.php\/produkt\/znackovy-wilo-elektronicke-obehove-cerpadlo-yonos-maxo-40-0-5-4-pn6-10-70723\/"]}]},{"@type":"ImageObject","inLanguage":"cs","@id":"https:\/\/www.koupeltech.com\/index.php\/produkt\/znackovy-wilo-elektronicke-obehove-cerpadlo-yonos-maxo-40-0-5-4-pn6-10-70723\/#primaryimage","url":"https:\/\/www.koupeltech.com\/wp-content\/uploads\/2026\/SK0022773-CZ20260425-093449-0-1777080896-wilo-elektronicke-obehove-cerpadlo-yonos-maxo-40-0-5-4-pn6-.webp","contentUrl":"https:\/\/www.koupeltech.com\/wp-content\/uploads\/2026\/SK0022773-CZ20260425-093449-0-1777080896-wilo-elektronicke-obehove-cerpadlo-yonos-maxo-40-0-5-4-pn6-.webp","width":1000,"height":525},{"@type":"BreadcrumbList","@id":"https:\/\/www.koupeltech.com\/index.php\/produkt\/znackovy-wilo-elektronicke-obehove-cerpadlo-yonos-maxo-40-0-5-4-pn6-10-70723\/#breadcrumb","itemListElement":[{"@type":"ListItem","position":1,"name":"Home","item":"https:\/\/www.koupeltech.com\/"},{"@type":"ListItem","position":2,"name":"Products","item":"https:\/\/www.koupeltech.com\/index.php\/products\/"},{"@type":"ListItem","position":3,"name":"Zna\u010dkov\u00fd WILO Elektronick\u00e9 ob\u011bhov\u00e9 \u010derpadlo Yonos MAXO 40\/0,5-4 PN6\/10"}]},{"@type":"WebSite","@id":"https:\/\/www.koupeltech.com\/#website","url":"https:\/\/www.koupeltech.com\/","name":"","description":"","potentialAction":[{"@type":"SearchAction","target":{"@type":"EntryPoint","urlTemplate":"https:\/\/www.koupeltech.com\/?s={search_term_string}"},"query-input":{"@type":"PropertyValueSpecification","valueRequired":true,"valueName":"search_term_string"}}],"inLanguage":"cs"}]}},"_links":{"self":[{"href":"https:\/\/www.koupeltech.com\/index.php\/wp-json\/wp\/v2\/product\/70723","targetHints":{"allow":["GET"]}}],"collection":[{"href":"https:\/\/www.koupeltech.com\/index.php\/wp-json\/wp\/v2\/product"}],"about":[{"href":"https:\/\/www.koupeltech.com\/index.php\/wp-json\/wp\/v2\/types\/product"}],"replies":[{"embeddable":true,"href":"https:\/\/www.koupeltech.com\/index.php\/wp-json\/wp\/v2\/comments?post=70723"}],"wp:featuredmedia":[{"embeddable":true,"href":"https:\/\/www.koupeltech.com\/index.php\/wp-json\/wp\/v2\/media\/70823"}],"wp:attachment":[{"href":"https:\/\/www.koupeltech.com\/index.php\/wp-json\/wp\/v2\/media?parent=70723"}],"wp:term":[{"taxonomy":"product_brand","embeddable":true,"href":"https:\/\/www.koupeltech.com\/index.php\/wp-json\/wp\/v2\/product_brand?post=70723"},{"taxonomy":"product_cat","embeddable":true,"href":"https:\/\/www.koupeltech.com\/index.php\/wp-json\/wp\/v2\/product_cat?post=70723"},{"taxonomy":"product_tag","embeddable":true,"href":"https:\/\/www.koupeltech.com\/index.php\/wp-json\/wp\/v2\/product_tag?post=70723"}],"curies":[{"name":"wp","href":"https:\/\/api.w.org\/{rel}","templated":true}]}}