{"id":70781,"date":"2026-04-27T14:06:45","date_gmt":"2026-04-27T14:06:45","guid":{"rendered":""},"modified":"2026-04-27T14:06:45","modified_gmt":"2026-04-27T14:06:45","slug":"znackovy-bgs-sada-pro-centrovani-spojky-pro-nakladni-vozidla-6dilna-70781","status":"publish","type":"product","link":"https:\/\/www.koupeltech.com\/index.php\/produkt\/znackovy-bgs-sada-pro-centrovani-spojky-pro-nakladni-vozidla-6dilna-70781\/","title":{"rendered":"Zna\u010dkov\u00fd BGS Sada pro centrov\u00e1n\u00ed spojky, pro n\u00e1kladn\u00ed vozidla, 6d\u00edln\u00e1"},"content":{"rendered":"<div id=\"e5640794\" class=\"pages\">\n<div>\n<div id=\"PDDescription\" class=\"UserContentView userContent v1a v1 bs-view dcon dc164 PDDescription\" ><dc-con><dc-con><bs-empty><\/bs-empty><\/dc-con><dc-con>        <\/p>\n<div class=\"customDescription\">                    <\/div>\n<p><\/dc-con><dc-con><\/p>\n<ul>\n<li>pro vyst\u0159ed\u011bn\u00ed spojkov\u00e9 lamely<\/li>\n<li>nutn\u00e9 p\u0159i v\u00fdm\u011bn\u011b jednospojkov\u00fdch a dvouspojkov\u00fdch lamel n\u00e1kladn\u00edch vozidel<\/li>\n<\/ul>\n<p><strong>rozsah dod\u00e1vky:<\/strong> <\/p>\n<ul>\n<li>st\u0159ed\u00edc\u00ed trn (pro spojkovou lamelu), 42 &#8211; 52 mm<\/li>\n<li>centrovac\u00ed trn (pro spojkovou lamelu), 36 &#8211; 45 mm<\/li>\n<li>centrovac\u00ed obj\u00edmka (pro vodic\u00ed lo\u017eisko), 30 mm<\/li>\n<li>centrovac\u00ed pouzdro (pro vodic\u00ed lo\u017eisko), 27 mm<\/li>\n<li>centrovac\u00ed pouzdro (pro vodic\u00ed lo\u017eisko), 25 mm<\/li>\n<li>centrov\u00e1n\u00ed pouzdro (pro vodic\u00ed lo\u017eisko), 20 mm<\/li>\n<li>n\u00e1hradn\u00ed O-krou\u017eky<\/li>\n<\/ul>\n<h2>Technick\u00e9 informace<\/h2>\n<p>Hrub\u00e1 hmotnost: 2950 g<\/p>\n<h2>Vyu\u017eit\u00ed<\/h2>\n<ul>\n<li>organizace n\u00e1\u0159ad\u00ed v z\u00e1suvk\u00e1ch mont\u00e1\u017en\u00edch voz\u00edk\u016f<\/li>\n<li>ochrana n\u00e1stroj\u016f proti po\u0161kozen\u00ed a od\u011bru<\/li>\n<li>rychl\u00e1 kontrola \u00faplnosti sady<\/li>\n<\/ul>\n<h2>V\u00fdhody<\/h2>\n<ul>\n<li>p\u0159ehledn\u00e9 rozlo\u017een\u00ed \u2013 rychlej\u0161\u00ed pr\u00e1ce<\/li>\n<li>m\u00e9n\u011b ztr\u00e1t d\u00edky jasn\u00fdm pozic\u00edm<\/li>\n<li>odoln\u00fd materi\u00e1l vhodn\u00fd do d\u00edlny<\/li>\n<\/ul>\n<h2>Tip<\/h2>\n<p>Pokud skl\u00e1d\u00e1\u0161 voz\u00edk do \u201esyst\u00e9mu\u201c, kombinuj moduly podle nej\u010dast\u011bj\u0161\u00edch \u00fakon\u016f. U\u0161et\u0159\u00ed\u0161 \u010das p\u0159i ka\u017ed\u00e9 zak\u00e1zce a bude\u0161 m\u00edt po\u0159\u00e1dek i pod tlakem.<\/p>\n<h2>Technick\u00e9 informace<\/h2>\n<p>P\u011bnov\u00e1 vlo\u017eka (modul) Sada pro centrov\u00e1n\u00ed spojky, pro n\u00e1kladn\u00ed vozidla, 6d\u00edln\u00e1 \u2013 BGS 6667 zna\u010dky BGS je praktick\u00e1 p\u011bnov\u00e1 vlo\u017eka do mont\u00e1\u017en\u00edho voz\u00edku pro p\u0159ehledn\u00e9 ulo\u017een\u00ed n\u00e1\u0159ad\u00ed. Zrychl\u00ed pr\u00e1ci d\u00edky jasn\u00e9mu rozlo\u017een\u00ed, chr\u00e1n\u00ed n\u00e1stroje a pom\u016f\u017ee hned poznat, kdy\u017e n\u011bco chyb\u00ed. Skv\u011bl\u00e9 \u0159e\u0161en\u00ed pro autoservis i d\u00edlnu, kde se po\u010d\u00edt\u00e1 po\u0159\u00e1dek a efektivita.<\/p>\n<h2>Vyu\u017eit\u00ed v autoservisu<\/h2>\n<ul>\n<li>organizace n\u00e1\u0159ad\u00ed v d\u00edlensk\u00e9m voz\u00edku<\/li>\n<li>vytvo\u0159en\u00ed vlastn\u00ed sestavy n\u00e1\u0159ad\u00ed podle typu pr\u00e1ce<\/li>\n<li>odd\u011blen\u00ed gola sad, kl\u00ed\u010d\u016f, r\u00e1\u010den a speci\u00e1ln\u00edch p\u0159\u00edpravk\u016f<\/li>\n<\/ul>\n<h2>Pro\u010d pou\u017e\u00edvat p\u011bnov\u00fd modul<\/h2>\n<ul>\n<li>rychl\u00e1 orientace v n\u00e1\u0159ad\u00ed p\u0159i servisn\u00edm z\u00e1sahu<\/li>\n<li>ochrana n\u00e1\u0159ad\u00ed p\u0159ed po\u0161kozen\u00edm a pohybem v \u0161upl\u00edku<\/li>\n<li>profesion\u00e1ln\u00ed a p\u0159ehledn\u00e9 uspo\u0159\u00e1d\u00e1n\u00ed d\u00edlny<\/li>\n<\/ul>\n<h2>Tip z praxe<\/h2>\n<p>Rozd\u011bl si voz\u00edk podle typu pr\u00e1ce \u2013 samostatn\u00fd modul pro motor, podvozek nebo brzdy v\u00fdrazn\u011b zrychl\u00ed servis. Pr\u00e1zdn\u00fd modul ti d\u00e1v\u00e1 volnost sestavit si vlastn\u00ed profi v\u00fdbavu p\u0159esn\u011b podle toho, co v d\u00edln\u011b skute\u010dn\u011b pou\u017e\u00edv\u00e1\u0161.<\/p>\n<p><\/dc-con><\/dc-con><\/div>\n<div id=\"PDDescription2\" class=\"UserContentView userContent v1a v1 bs-view dcon dc165 PDDescription2\" >V\u00dd\u0160KA BALEN\u00cd<\/div>\n<\/p><\/div>\n<div id=\"PDTable3\" class=\"ProductDetailTableView v3a v3 bs-view dcon dc185 PDTable3\" >\n<table>\n<thead><\/thead>\n<tbody>\n<tr class=\"attribute attr_bsshop_maker\">\n<td class=\"caption\">V\u00fdrobce<\/td>\n<td class=\"value\">BGS Technic<\/td>\n<\/tr>\n<\/tbody>\n<\/table>\n<\/div>\n<div id=\"PdProductGpsr\" class=\"ProductGpsrView v1a v1 bs-view dcon dc217 PdProductGpsr\" >\n<div class=\"subject\"><dc-root class=\"dcon dc219\"><span class=\"title\">Zodpov\u011bdn&#253; subjekt:<\/span><dc-con><dc-con><span class=\"company\">BGS technik KG<\/span><span class=\"name\">BGS Technic<\/span><\/dc-con><dc-con><span class=\"street\">Bandwirkerstr. 3<\/span><span class=\"city\">Wermelskirchen<\/span><span class=\"zip\">429 29<\/span><span class=\"country\">N\u011bmecko<\/span><\/dc-con><span class=\"email\">mail@bgs-technic.de<\/span><span class=\"phone\">+49 2196-720480<\/span><bs-empty><\/bs-empty><a href=\"https:\/\/www.bgstechnic.com\/\" class=\"link\" target=\"_blank\">https:\/\/www.bgstechnic.com\/<\/a><\/dc-con><bs-empty><\/bs-empty><\/dc-root><\/div>\n<p><bs-empty><\/bs-empty><\/div>\n<\/div>\n<div id=\"e5640795\" class=\"tabs\">\n","protected":false},"excerpt":{"rendered":"<p>pro vyst\u0159ed\u011bn\u00ed spojkov\u00e9 lamely nutn\u00e9 p\u0159i v\u00fdm\u011bn\u011b jednospojkov\u00fdch a dvouspojkov\u00fdch lamel n\u00e1kladn\u00edch vozidel rozsah dod\u00e1vky: st\u0159ed\u00edc\u00ed trn (pro spojkovou lamelu), 42 &#8211; 52 mm centrovac\u00ed trn (pro spojkovou lamelu), 36 &#8211; 45 mm centrovac\u00ed obj\u00edmka (pro vodic\u00ed lo\u017eisko), 30 mm centrovac\u00ed pouzdro (pro vodic\u00ed lo\u017eisko), 27 mm centrovac\u00ed pouzdro (pro vodic\u00ed lo\u017eisko), 25 mm centrov\u00e1n\u00ed [&hellip;]<\/p>\n","protected":false},"featured_media":70881,"comment_status":"open","ping_status":"open","template":"","meta":[],"product_brand":[],"product_cat":[85],"product_tag":[],"class_list":{"0":"post-70781","1":"product","2":"type-product","3":"status-publish","4":"has-post-thumbnail","6":"product_cat-rucn-237-n-225-rad-237-a-d-237-lna","8":"first","9":"instock","10":"sale","11":"shipping-taxable","12":"purchasable","13":"product-type-simple"},"yoast_head":"<!-- This site is optimized with the Yoast SEO plugin v26.8 - https:\/\/yoast.com\/product\/yoast-seo-wordpress\/ -->\n<title>Zna\u010dkov\u00fd BGS Sada pro centrov\u00e1n\u00ed spojky, pro n\u00e1kladn\u00ed vozidla, 6d\u00edln\u00e1 -<\/title>\n<meta name=\"robots\" content=\"index, follow, max-snippet:-1, max-image-preview:large, max-video-preview:-1\" \/>\n<link rel=\"canonical\" href=\"https:\/\/www.koupeltech.com\/index.php\/produkt\/znackovy-bgs-sada-pro-centrovani-spojky-pro-nakladni-vozidla-6dilna-70781\/\" \/>\n<meta property=\"og:locale\" content=\"cs_CZ\" \/>\n<meta property=\"og:type\" content=\"article\" \/>\n<meta property=\"og:title\" content=\"Zna\u010dkov\u00fd BGS Sada pro centrov\u00e1n\u00ed spojky, pro n\u00e1kladn\u00ed vozidla, 6d\u00edln\u00e1 -\" \/>\n<meta property=\"og:description\" content=\"pro vyst\u0159ed\u011bn\u00ed spojkov\u00e9 lamely nutn\u00e9 p\u0159i v\u00fdm\u011bn\u011b jednospojkov\u00fdch a dvouspojkov\u00fdch lamel n\u00e1kladn\u00edch vozidel rozsah dod\u00e1vky: st\u0159ed\u00edc\u00ed trn (pro spojkovou lamelu), 42 &#8211; 52 mm centrovac\u00ed trn (pro spojkovou lamelu), 36 &#8211; 45 mm centrovac\u00ed obj\u00edmka (pro vodic\u00ed lo\u017eisko), 30 mm centrovac\u00ed pouzdro (pro vodic\u00ed lo\u017eisko), 27 mm centrovac\u00ed pouzdro (pro vodic\u00ed lo\u017eisko), 25 mm centrov\u00e1n\u00ed [&hellip;]\" \/>\n<meta property=\"og:url\" content=\"https:\/\/www.koupeltech.com\/index.php\/produkt\/znackovy-bgs-sada-pro-centrovani-spojky-pro-nakladni-vozidla-6dilna-70781\/\" \/>\n<meta property=\"og:image\" content=\"https:\/\/www.koupeltech.com\/wp-content\/uploads\/2026\/SK0022857-CZ20260425-093449-0-1777080896-bgs-sada-pro-centrovani-spojky-pro-nakladni-vozidla-6dilna..webp\" \/>\n\t<meta property=\"og:image:width\" content=\"1000\" \/>\n\t<meta property=\"og:image:height\" content=\"525\" \/>\n\t<meta property=\"og:image:type\" content=\"image\/webp\" \/>\n<meta name=\"twitter:card\" content=\"summary_large_image\" \/>\n<meta name=\"twitter:label1\" content=\"Odhadovan\u00e1 doba \u010dten\u00ed\" \/>\n\t<meta name=\"twitter:data1\" content=\"2 minuty\" \/>\n<script type=\"application\/ld+json\" class=\"yoast-schema-graph\">{\"@context\":\"https:\/\/schema.org\",\"@graph\":[{\"@type\":\"WebPage\",\"@id\":\"https:\/\/www.koupeltech.com\/index.php\/produkt\/znackovy-bgs-sada-pro-centrovani-spojky-pro-nakladni-vozidla-6dilna-70781\/\",\"url\":\"https:\/\/www.koupeltech.com\/index.php\/produkt\/znackovy-bgs-sada-pro-centrovani-spojky-pro-nakladni-vozidla-6dilna-70781\/\",\"name\":\"Zna\u010dkov\u00fd BGS Sada pro centrov\u00e1n\u00ed spojky, pro n\u00e1kladn\u00ed vozidla, 6d\u00edln\u00e1 -\",\"isPartOf\":{\"@id\":\"https:\/\/www.koupeltech.com\/#website\"},\"primaryImageOfPage\":{\"@id\":\"https:\/\/www.koupeltech.com\/index.php\/produkt\/znackovy-bgs-sada-pro-centrovani-spojky-pro-nakladni-vozidla-6dilna-70781\/#primaryimage\"},\"image\":{\"@id\":\"https:\/\/www.koupeltech.com\/index.php\/produkt\/znackovy-bgs-sada-pro-centrovani-spojky-pro-nakladni-vozidla-6dilna-70781\/#primaryimage\"},\"thumbnailUrl\":\"https:\/\/www.koupeltech.com\/wp-content\/uploads\/2026\/SK0022857-CZ20260425-093449-0-1777080896-bgs-sada-pro-centrovani-spojky-pro-nakladni-vozidla-6dilna..webp\",\"datePublished\":\"2026-04-27T14:06:45+00:00\",\"breadcrumb\":{\"@id\":\"https:\/\/www.koupeltech.com\/index.php\/produkt\/znackovy-bgs-sada-pro-centrovani-spojky-pro-nakladni-vozidla-6dilna-70781\/#breadcrumb\"},\"inLanguage\":\"cs\",\"potentialAction\":[{\"@type\":\"ReadAction\",\"target\":[\"https:\/\/www.koupeltech.com\/index.php\/produkt\/znackovy-bgs-sada-pro-centrovani-spojky-pro-nakladni-vozidla-6dilna-70781\/\"]}]},{\"@type\":\"ImageObject\",\"inLanguage\":\"cs\",\"@id\":\"https:\/\/www.koupeltech.com\/index.php\/produkt\/znackovy-bgs-sada-pro-centrovani-spojky-pro-nakladni-vozidla-6dilna-70781\/#primaryimage\",\"url\":\"https:\/\/www.koupeltech.com\/wp-content\/uploads\/2026\/SK0022857-CZ20260425-093449-0-1777080896-bgs-sada-pro-centrovani-spojky-pro-nakladni-vozidla-6dilna..webp\",\"contentUrl\":\"https:\/\/www.koupeltech.com\/wp-content\/uploads\/2026\/SK0022857-CZ20260425-093449-0-1777080896-bgs-sada-pro-centrovani-spojky-pro-nakladni-vozidla-6dilna..webp\",\"width\":1000,\"height\":525},{\"@type\":\"BreadcrumbList\",\"@id\":\"https:\/\/www.koupeltech.com\/index.php\/produkt\/znackovy-bgs-sada-pro-centrovani-spojky-pro-nakladni-vozidla-6dilna-70781\/#breadcrumb\",\"itemListElement\":[{\"@type\":\"ListItem\",\"position\":1,\"name\":\"Home\",\"item\":\"https:\/\/www.koupeltech.com\/\"},{\"@type\":\"ListItem\",\"position\":2,\"name\":\"Products\",\"item\":\"https:\/\/www.koupeltech.com\/index.php\/products\/\"},{\"@type\":\"ListItem\",\"position\":3,\"name\":\"Zna\u010dkov\u00fd BGS Sada pro centrov\u00e1n\u00ed spojky, pro n\u00e1kladn\u00ed vozidla, 6d\u00edln\u00e1\"}]},{\"@type\":\"WebSite\",\"@id\":\"https:\/\/www.koupeltech.com\/#website\",\"url\":\"https:\/\/www.koupeltech.com\/\",\"name\":\"\",\"description\":\"\",\"potentialAction\":[{\"@type\":\"SearchAction\",\"target\":{\"@type\":\"EntryPoint\",\"urlTemplate\":\"https:\/\/www.koupeltech.com\/?s={search_term_string}\"},\"query-input\":{\"@type\":\"PropertyValueSpecification\",\"valueRequired\":true,\"valueName\":\"search_term_string\"}}],\"inLanguage\":\"cs\"}]}<\/script>\n<!-- \/ Yoast SEO plugin. -->","yoast_head_json":{"title":"Zna\u010dkov\u00fd BGS Sada pro centrov\u00e1n\u00ed spojky, pro n\u00e1kladn\u00ed vozidla, 6d\u00edln\u00e1 -","robots":{"index":"index","follow":"follow","max-snippet":"max-snippet:-1","max-image-preview":"max-image-preview:large","max-video-preview":"max-video-preview:-1"},"canonical":"https:\/\/www.koupeltech.com\/index.php\/produkt\/znackovy-bgs-sada-pro-centrovani-spojky-pro-nakladni-vozidla-6dilna-70781\/","og_locale":"cs_CZ","og_type":"article","og_title":"Zna\u010dkov\u00fd BGS Sada pro centrov\u00e1n\u00ed spojky, pro n\u00e1kladn\u00ed vozidla, 6d\u00edln\u00e1 -","og_description":"pro vyst\u0159ed\u011bn\u00ed spojkov\u00e9 lamely nutn\u00e9 p\u0159i v\u00fdm\u011bn\u011b jednospojkov\u00fdch a dvouspojkov\u00fdch lamel n\u00e1kladn\u00edch vozidel rozsah dod\u00e1vky: st\u0159ed\u00edc\u00ed trn (pro spojkovou lamelu), 42 &#8211; 52 mm centrovac\u00ed trn (pro spojkovou lamelu), 36 &#8211; 45 mm centrovac\u00ed obj\u00edmka (pro vodic\u00ed lo\u017eisko), 30 mm centrovac\u00ed pouzdro (pro vodic\u00ed lo\u017eisko), 27 mm centrovac\u00ed pouzdro (pro vodic\u00ed lo\u017eisko), 25 mm centrov\u00e1n\u00ed [&hellip;]","og_url":"https:\/\/www.koupeltech.com\/index.php\/produkt\/znackovy-bgs-sada-pro-centrovani-spojky-pro-nakladni-vozidla-6dilna-70781\/","og_image":[{"width":1000,"height":525,"url":"https:\/\/www.koupeltech.com\/wp-content\/uploads\/2026\/SK0022857-CZ20260425-093449-0-1777080896-bgs-sada-pro-centrovani-spojky-pro-nakladni-vozidla-6dilna..webp","type":"image\/webp"}],"twitter_card":"summary_large_image","twitter_misc":{"Odhadovan\u00e1 doba \u010dten\u00ed":"2 minuty"},"schema":{"@context":"https:\/\/schema.org","@graph":[{"@type":"WebPage","@id":"https:\/\/www.koupeltech.com\/index.php\/produkt\/znackovy-bgs-sada-pro-centrovani-spojky-pro-nakladni-vozidla-6dilna-70781\/","url":"https:\/\/www.koupeltech.com\/index.php\/produkt\/znackovy-bgs-sada-pro-centrovani-spojky-pro-nakladni-vozidla-6dilna-70781\/","name":"Zna\u010dkov\u00fd BGS Sada pro centrov\u00e1n\u00ed spojky, pro n\u00e1kladn\u00ed vozidla, 6d\u00edln\u00e1 -","isPartOf":{"@id":"https:\/\/www.koupeltech.com\/#website"},"primaryImageOfPage":{"@id":"https:\/\/www.koupeltech.com\/index.php\/produkt\/znackovy-bgs-sada-pro-centrovani-spojky-pro-nakladni-vozidla-6dilna-70781\/#primaryimage"},"image":{"@id":"https:\/\/www.koupeltech.com\/index.php\/produkt\/znackovy-bgs-sada-pro-centrovani-spojky-pro-nakladni-vozidla-6dilna-70781\/#primaryimage"},"thumbnailUrl":"https:\/\/www.koupeltech.com\/wp-content\/uploads\/2026\/SK0022857-CZ20260425-093449-0-1777080896-bgs-sada-pro-centrovani-spojky-pro-nakladni-vozidla-6dilna..webp","datePublished":"2026-04-27T14:06:45+00:00","breadcrumb":{"@id":"https:\/\/www.koupeltech.com\/index.php\/produkt\/znackovy-bgs-sada-pro-centrovani-spojky-pro-nakladni-vozidla-6dilna-70781\/#breadcrumb"},"inLanguage":"cs","potentialAction":[{"@type":"ReadAction","target":["https:\/\/www.koupeltech.com\/index.php\/produkt\/znackovy-bgs-sada-pro-centrovani-spojky-pro-nakladni-vozidla-6dilna-70781\/"]}]},{"@type":"ImageObject","inLanguage":"cs","@id":"https:\/\/www.koupeltech.com\/index.php\/produkt\/znackovy-bgs-sada-pro-centrovani-spojky-pro-nakladni-vozidla-6dilna-70781\/#primaryimage","url":"https:\/\/www.koupeltech.com\/wp-content\/uploads\/2026\/SK0022857-CZ20260425-093449-0-1777080896-bgs-sada-pro-centrovani-spojky-pro-nakladni-vozidla-6dilna..webp","contentUrl":"https:\/\/www.koupeltech.com\/wp-content\/uploads\/2026\/SK0022857-CZ20260425-093449-0-1777080896-bgs-sada-pro-centrovani-spojky-pro-nakladni-vozidla-6dilna..webp","width":1000,"height":525},{"@type":"BreadcrumbList","@id":"https:\/\/www.koupeltech.com\/index.php\/produkt\/znackovy-bgs-sada-pro-centrovani-spojky-pro-nakladni-vozidla-6dilna-70781\/#breadcrumb","itemListElement":[{"@type":"ListItem","position":1,"name":"Home","item":"https:\/\/www.koupeltech.com\/"},{"@type":"ListItem","position":2,"name":"Products","item":"https:\/\/www.koupeltech.com\/index.php\/products\/"},{"@type":"ListItem","position":3,"name":"Zna\u010dkov\u00fd BGS Sada pro centrov\u00e1n\u00ed spojky, pro n\u00e1kladn\u00ed vozidla, 6d\u00edln\u00e1"}]},{"@type":"WebSite","@id":"https:\/\/www.koupeltech.com\/#website","url":"https:\/\/www.koupeltech.com\/","name":"","description":"","potentialAction":[{"@type":"SearchAction","target":{"@type":"EntryPoint","urlTemplate":"https:\/\/www.koupeltech.com\/?s={search_term_string}"},"query-input":{"@type":"PropertyValueSpecification","valueRequired":true,"valueName":"search_term_string"}}],"inLanguage":"cs"}]}},"_links":{"self":[{"href":"https:\/\/www.koupeltech.com\/index.php\/wp-json\/wp\/v2\/product\/70781","targetHints":{"allow":["GET"]}}],"collection":[{"href":"https:\/\/www.koupeltech.com\/index.php\/wp-json\/wp\/v2\/product"}],"about":[{"href":"https:\/\/www.koupeltech.com\/index.php\/wp-json\/wp\/v2\/types\/product"}],"replies":[{"embeddable":true,"href":"https:\/\/www.koupeltech.com\/index.php\/wp-json\/wp\/v2\/comments?post=70781"}],"wp:featuredmedia":[{"embeddable":true,"href":"https:\/\/www.koupeltech.com\/index.php\/wp-json\/wp\/v2\/media\/70881"}],"wp:attachment":[{"href":"https:\/\/www.koupeltech.com\/index.php\/wp-json\/wp\/v2\/media?parent=70781"}],"wp:term":[{"taxonomy":"product_brand","embeddable":true,"href":"https:\/\/www.koupeltech.com\/index.php\/wp-json\/wp\/v2\/product_brand?post=70781"},{"taxonomy":"product_cat","embeddable":true,"href":"https:\/\/www.koupeltech.com\/index.php\/wp-json\/wp\/v2\/product_cat?post=70781"},{"taxonomy":"product_tag","embeddable":true,"href":"https:\/\/www.koupeltech.com\/index.php\/wp-json\/wp\/v2\/product_tag?post=70781"}],"curies":[{"name":"wp","href":"https:\/\/api.w.org\/{rel}","templated":true}]}}