{"id":71495,"date":"2026-04-27T14:06:54","date_gmt":"2026-04-27T14:06:54","guid":{"rendered":""},"modified":"2026-04-27T14:06:54","modified_gmt":"2026-04-27T14:06:54","slug":"znackovy-pe-kulovy-kohout-o-o-40x40-pro-vodu-71495","status":"publish","type":"product","link":"https:\/\/www.koupeltech.com\/index.php\/produkt\/znackovy-pe-kulovy-kohout-o-o-40x40-pro-vodu-71495\/","title":{"rendered":"Zna\u010dkov\u00fd PE Kulov\u00fd kohout O-O 40&#215;40 &#8211; pro vodu"},"content":{"rendered":"<div id=\"e5327194\" class=\"pages\">\n<div>\n<div id=\"PDDescription\" class=\"UserContentView userContent v1a v1 bs-view dcon dc164 PDDescription\" ><dc-con><dc-con><bs-empty><\/bs-empty><\/dc-con><dc-con>        <\/p>\n<div class=\"customDescription\">                    <\/div>\n<p><\/dc-con><dc-con><\/p>\n<p><strong>\u00a0<\/strong><\/p>\n<h2 style=\"color: rgba(43, 48, 51, 0.9); text-transform: none; text-indent: 0px; letter-spacing: normal; font-family: LatoLatinWeb, LatoWeb, sans-serif, Arial; font-style: normal; word-spacing: 0px; white-space: normal; orphans: 2; widows: 2; background-repeat: no-repeat; background-color: #ffffff; font-variant-ligatures: normal; font-variant-caps: normal; -webkit-text-stroke-width: 0px; text-decoration-style: initial; text-decoration-color: initial;\">PE KULOV\u00dd KOHOUT<\/h2>\n<p style=\"color: rgba(43, 48, 51, 0.9); text-transform: none; text-indent: 0px; letter-spacing: normal; font-family: LatoLatinWeb, LatoWeb, sans-serif, Arial; font-size: 14px; font-style: normal; font-weight: 400; word-spacing: 0px; white-space: normal; orphans: 2; widows: 2; background-repeat: no-repeat; background-color: #ffffff; font-variant-ligatures: normal; font-variant-caps: normal; -webkit-text-stroke-width: 0px; text-decoration-style: initial; text-decoration-color: initial;\"><strong style=\"background-repeat: no-repeat;\">Sv\u011brn\u00fd spoj 40<br style=\"background-repeat: no-repeat;\"><\/strong><\/p>\n<h3 style=\"color: rgba(43, 48, 51, 0.9); text-transform: none; text-indent: 0px; letter-spacing: normal; font-family: LatoLatinWeb, LatoWeb, sans-serif, Arial; font-style: normal; word-spacing: 0px; white-space: normal; orphans: 2; widows: 2; background-repeat: no-repeat; background-color: #ffffff; font-variant-ligatures: normal; font-variant-caps: normal; -webkit-text-stroke-width: 0px; text-decoration-style: initial; text-decoration-color: initial;\">MATERI\u00c1LY<\/h3>\n<ul style=\"color: rgba(43, 48, 51, 0.9); text-transform: none; text-indent: 0px; letter-spacing: normal; font-family: LatoLatinWeb, LatoWeb, sans-serif, Arial; font-size: 14px; font-style: normal; font-weight: 400; word-spacing: 0px; white-space: normal; orphans: 2; widows: 2; background-repeat: no-repeat; background-color: #ffffff; font-variant-ligatures: normal; font-variant-caps: normal; -webkit-text-stroke-width: 0px; text-decoration-style: initial; text-decoration-color: initial;\">\n<li style=\"background-repeat: no-repeat;\">T\u011bleso: Kopolymer (PP-B), odoln\u00fd proti UV z\u00e1\u0159en\u00ed<\/li>\n<li style=\"background-repeat: no-repeat;\">Stahovac\u00ed krou\u017eek:\u00a0polypropylen<\/li>\n<li style=\"background-repeat: no-repeat;\">Ku\u017eelov\u00e1 matice: polypropylen, odoln\u00fd proti UV z\u00e1\u0159en\u00ed<\/li>\n<li style=\"background-repeat: no-repeat;\">Sv\u011brn\u00fd krou\u017eek:\u00a0polyacetal resin (POM)<\/li>\n<li style=\"background-repeat: no-repeat;\">O-krou\u017eek:\u00a0NBR pro r\u016fzn\u00e9 druhy pou\u017eit\u00ed<\/li>\n<li style=\"background-repeat: no-repeat;\">Zesilovac\u00ed krou\u017eek:\u00a0u\u0161lechtil\u00e1 ocel, AISI 430, pro vnit\u0159rn\u00ed z\u00e1vit 1 1\/4&#8243; &#8211; 4&#8243;<\/li>\n<\/ul>\n<h3 style=\"color: rgba(43, 48, 51, 0.9); text-transform: none; text-indent: 0px; letter-spacing: normal; font-family: LatoLatinWeb, LatoWeb, sans-serif, Arial; font-style: normal; word-spacing: 0px; white-space: normal; orphans: 2; widows: 2; background-repeat: no-repeat; background-color: #ffffff; font-variant-ligatures: normal; font-variant-caps: normal; -webkit-text-stroke-width: 0px; text-decoration-style: initial; text-decoration-color: initial;\">M\u00c9DUIM<\/h3>\n<p style=\"color: rgba(43, 48, 51, 0.9); text-transform: none; text-indent: 0px; letter-spacing: normal; font-family: LatoLatinWeb, LatoWeb, sans-serif, Arial; font-size: 14px; font-style: normal; font-weight: 400; word-spacing: 0px; white-space: normal; orphans: 2; widows: 2; background-repeat: no-repeat; background-color: #ffffff; font-variant-ligatures: normal; font-variant-caps: normal; -webkit-text-stroke-width: 0px; text-decoration-style: initial; text-decoration-color: initial;\">pitn\u00e1 voda<\/p>\n<h3 style=\"color: rgba(43, 48, 51, 0.9); text-transform: none; text-indent: 0px; letter-spacing: normal; font-family: LatoLatinWeb, LatoWeb, sans-serif, Arial; font-style: normal; word-spacing: 0px; white-space: normal; orphans: 2; widows: 2; background-repeat: no-repeat; background-color: #ffffff; font-variant-ligatures: normal; font-variant-caps: normal; -webkit-text-stroke-width: 0px; text-decoration-style: initial; text-decoration-color: initial;\">N\u00c1VOD PRO MONT\u00c1\u017d 16-63 mm<\/h3>\n<p style=\"color: rgba(43, 48, 51, 0.9); text-transform: none; text-indent: 0px; letter-spacing: normal; font-family: LatoLatinWeb, LatoWeb, sans-serif, Arial; font-size: 14px; font-style: normal; font-weight: 400; word-spacing: 0px; white-space: normal; orphans: 2; widows: 2; background-repeat: no-repeat; background-color: #ffffff; font-variant-ligatures: normal; font-variant-caps: normal; -webkit-text-stroke-width: 0px; text-decoration-style: initial; text-decoration-color: initial;\">1) Se\u0159\u00edzn\u011bte trubku v prav\u00e9m \u00fahlu a p\u0159ilo\u017ete k sob\u011b (obr. 1)<br style=\"background-repeat: no-repeat;\">2) O-krou\u017eek je o\u0161et\u0159en tukem pro snadn\u011bj\u0161\u00ed mont\u00e1\u017e.<br style=\"background-repeat: no-repeat;\"><span style=\"color: #ffffff; background-repeat: no-repeat;\">2)<\/span>\u00a0Pro maz\u00e1n\u00ed potrub\u00ed nepou\u017eijte tuky obsahuj\u00edc\u00ed olej, ale vhodn\u00fd lubrikant pro pitnou vodu.<br style=\"background-repeat: no-repeat;\">3) Uvoln\u011bte ku\u017eelovou matici 3-4 ot\u00e1\u010dkami \u0161roubu (obr. 2).<br style=\"background-repeat: no-repeat;\"><span style=\"color: #ffffff; background-repeat: no-repeat;\">3)<\/span>\u00a0<strong style=\"background-repeat: no-repeat;\">Nevy\u0161roubujte ku\u017eelovou matici \u00fapln\u011b!<\/strong><br style=\"background-repeat: no-repeat;\">4) Vyzna\u010dte hloubku zasunut\u00ed na trubce (obr. 3)<br style=\"background-repeat: no-repeat;\">5) Zasu\u0148te trubku na doraz \u0161rouben\u00ed.<br style=\"background-repeat: no-repeat;\"><span style=\"color: #ffffff; background-repeat: no-repeat;\">5)<\/span>\u00a0Ujist\u011bte se, \u017ee trubka je vlo\u017eena za t\u011bsn\u00edc\u00ed element (obr. 4).<br style=\"background-repeat: no-repeat;\">6) Ku\u017eelovou matici dot\u00e1hnout rukou (obr. 5)<br style=\"background-repeat: no-repeat;\">7) Pro optim\u00e1ln\u00ed pevnost pros\u00edm ut\u00e1hn\u011bte ku\u017eelovou matici mont\u00e1\u017en\u00edm \u0159emenem<br style=\"background-repeat: no-repeat;\"><span style=\"color: #ffffff; background-repeat: no-repeat;\">7)\u00a0<\/span>(nebo jin\u00fdm na plastov\u00e9 \u0161rouben\u00ed vhodn\u00fdm n\u00e1strojem) (obr. 6)<\/p>\n<p style=\"color: rgba(43, 48, 51, 0.9); text-transform: none; text-indent: 0px; letter-spacing: normal; font-family: LatoLatinWeb, LatoWeb, sans-serif, Arial; font-size: 14px; font-style: normal; font-weight: 400; word-spacing: 0px; white-space: normal; orphans: 2; widows: 2; background-repeat: no-repeat; background-color: #ffffff; font-variant-ligatures: normal; font-variant-caps: normal; -webkit-text-stroke-width: 0px; text-decoration-style: initial; text-decoration-color: initial;\"><a style=\"background-repeat: no-repeat;\" rel=\"lightbox\" title=\"N\u00e1vod pro mont\u00e1\u017e\" href=\"https:\/\/cdn.akoupelnyatopeni.cz\/data\/user-content\/produkty\/gebo-pe-postup.jpg\"><img fetchpriority=\"high\" decoding=\"async\" width=\"490\" height=\"251\" style=\"transition: opacity 0.3s; min-height: 1px; min-width: 1px; max-width: 100%; background-repeat: no-repeat;\" alt=\"N\u00e1vod pro mont\u00e1\u017e\" src=\"https:\/\/cdn.akoupelnyatopeni.cz\/data\/user-content\/produkty\/thumb_gebo-pe-postup.jpg\"><\/a><\/p>\n<p><\/dc-con><\/dc-con><\/div>\n<\/p><\/div>\n<div id=\"PDTable3\" class=\"ProductDetailTableView v3a v3 bs-view dcon dc185 PDTable3\" >\n<table>\n<thead><\/thead>\n<tbody>\n<tr class=\"attribute attr_typ\">\n<td class=\"caption\">Typ<\/td>\n<td class=\"value\">T-kusy redukovan\u00e9<\/td>\n<\/tr>\n<tr class=\"attribute attr_material\">\n<td class=\"caption\">Materi\u00e1l<\/td>\n<td class=\"value\">Fitinky PE &#8211; plastov\u00e9<\/td>\n<\/tr>\n<tr class=\"attribute attr_pouziti\">\n<td class=\"caption\">Pou\u017eit\u00ed<\/td>\n<td class=\"value\">Voda<\/td>\n<\/tr>\n<tr class=\"attribute attr_bsshop_maker\">\n<td class=\"caption\">V\u00fdrobce<\/td>\n<td class=\"value\">EU<\/td>\n<\/tr>\n<tr class=\"attribute attr_rozmerpe\">\n<td class=\"caption\">Rozm\u011br PE tvarovek<\/td>\n<td class=\"value\">40 mm<\/td>\n<\/tr>\n<\/tbody>\n<\/table>\n<\/div>\n<\/div>\n<div id=\"e5327195\" class=\"tabs\">\n","protected":false},"excerpt":{"rendered":"<p>\u00a0 PE KULOV\u00dd KOHOUT Sv\u011brn\u00fd spoj 40 MATERI\u00c1LY T\u011bleso: Kopolymer (PP-B), odoln\u00fd proti UV z\u00e1\u0159en\u00ed Stahovac\u00ed krou\u017eek:\u00a0polypropylen Ku\u017eelov\u00e1 matice: polypropylen, odoln\u00fd proti UV z\u00e1\u0159en\u00ed Sv\u011brn\u00fd krou\u017eek:\u00a0polyacetal resin (POM) O-krou\u017eek:\u00a0NBR pro r\u016fzn\u00e9 druhy pou\u017eit\u00ed Zesilovac\u00ed krou\u017eek:\u00a0u\u0161lechtil\u00e1 ocel, AISI 430, pro vnit\u0159rn\u00ed z\u00e1vit 1 1\/4&#8243; &#8211; 4&#8243; M\u00c9DUIM pitn\u00e1 voda N\u00c1VOD PRO MONT\u00c1\u017d 16-63 mm 1) Se\u0159\u00edzn\u011bte [&hellip;]<\/p>\n","protected":false},"featured_media":71595,"comment_status":"open","ping_status":"open","template":"","meta":[],"product_brand":[],"product_cat":[104],"product_tag":[],"class_list":{"0":"post-71495","1":"product","2":"type-product","3":"status-publish","4":"has-post-thumbnail","6":"product_cat-tvarovky-fitinky","8":"first","9":"instock","10":"sale","11":"shipping-taxable","12":"purchasable","13":"product-type-simple"},"yoast_head":"<!-- This site is optimized with the Yoast SEO plugin v26.8 - https:\/\/yoast.com\/product\/yoast-seo-wordpress\/ -->\n<title>Zna\u010dkov\u00fd PE Kulov\u00fd kohout O-O 40x40 - pro vodu -<\/title>\n<meta name=\"robots\" content=\"index, follow, max-snippet:-1, max-image-preview:large, max-video-preview:-1\" \/>\n<link rel=\"canonical\" href=\"https:\/\/www.koupeltech.com\/index.php\/produkt\/znackovy-pe-kulovy-kohout-o-o-40x40-pro-vodu-71495\/\" \/>\n<meta property=\"og:locale\" content=\"cs_CZ\" \/>\n<meta property=\"og:type\" content=\"article\" \/>\n<meta property=\"og:title\" content=\"Zna\u010dkov\u00fd PE Kulov\u00fd kohout O-O 40x40 - pro vodu -\" \/>\n<meta property=\"og:description\" content=\"\u00a0 PE KULOV\u00dd KOHOUT Sv\u011brn\u00fd spoj 40 MATERI\u00c1LY T\u011bleso: Kopolymer (PP-B), odoln\u00fd proti UV z\u00e1\u0159en\u00ed Stahovac\u00ed krou\u017eek:\u00a0polypropylen Ku\u017eelov\u00e1 matice: polypropylen, odoln\u00fd proti UV z\u00e1\u0159en\u00ed Sv\u011brn\u00fd krou\u017eek:\u00a0polyacetal resin (POM) O-krou\u017eek:\u00a0NBR pro r\u016fzn\u00e9 druhy pou\u017eit\u00ed Zesilovac\u00ed krou\u017eek:\u00a0u\u0161lechtil\u00e1 ocel, AISI 430, pro vnit\u0159rn\u00ed z\u00e1vit 1 1\/4&#8243; &#8211; 4&#8243; M\u00c9DUIM pitn\u00e1 voda N\u00c1VOD PRO MONT\u00c1\u017d 16-63 mm 1) Se\u0159\u00edzn\u011bte [&hellip;]\" \/>\n<meta property=\"og:url\" content=\"https:\/\/www.koupeltech.com\/index.php\/produkt\/znackovy-pe-kulovy-kohout-o-o-40x40-pro-vodu-71495\/\" \/>\n<meta property=\"og:image\" content=\"https:\/\/www.koupeltech.com\/wp-content\/uploads\/2026\/SK0023172-CZ20260425-093449-0-1777080896-pe-kulovy-kohout-o-o-40x40-pro-vodu.webp\" \/>\n\t<meta property=\"og:image:width\" content=\"1000\" \/>\n\t<meta property=\"og:image:height\" content=\"525\" \/>\n\t<meta property=\"og:image:type\" content=\"image\/webp\" \/>\n<meta name=\"twitter:card\" content=\"summary_large_image\" \/>\n<meta name=\"twitter:label1\" content=\"Odhadovan\u00e1 doba \u010dten\u00ed\" \/>\n\t<meta name=\"twitter:data1\" content=\"1 minuta\" \/>\n<script type=\"application\/ld+json\" class=\"yoast-schema-graph\">{\"@context\":\"https:\/\/schema.org\",\"@graph\":[{\"@type\":\"WebPage\",\"@id\":\"https:\/\/www.koupeltech.com\/index.php\/produkt\/znackovy-pe-kulovy-kohout-o-o-40x40-pro-vodu-71495\/\",\"url\":\"https:\/\/www.koupeltech.com\/index.php\/produkt\/znackovy-pe-kulovy-kohout-o-o-40x40-pro-vodu-71495\/\",\"name\":\"Zna\u010dkov\u00fd PE Kulov\u00fd kohout O-O 40x40 - pro vodu -\",\"isPartOf\":{\"@id\":\"https:\/\/www.koupeltech.com\/#website\"},\"primaryImageOfPage\":{\"@id\":\"https:\/\/www.koupeltech.com\/index.php\/produkt\/znackovy-pe-kulovy-kohout-o-o-40x40-pro-vodu-71495\/#primaryimage\"},\"image\":{\"@id\":\"https:\/\/www.koupeltech.com\/index.php\/produkt\/znackovy-pe-kulovy-kohout-o-o-40x40-pro-vodu-71495\/#primaryimage\"},\"thumbnailUrl\":\"https:\/\/www.koupeltech.com\/wp-content\/uploads\/2026\/SK0023172-CZ20260425-093449-0-1777080896-pe-kulovy-kohout-o-o-40x40-pro-vodu.webp\",\"datePublished\":\"2026-04-27T14:06:54+00:00\",\"breadcrumb\":{\"@id\":\"https:\/\/www.koupeltech.com\/index.php\/produkt\/znackovy-pe-kulovy-kohout-o-o-40x40-pro-vodu-71495\/#breadcrumb\"},\"inLanguage\":\"cs\",\"potentialAction\":[{\"@type\":\"ReadAction\",\"target\":[\"https:\/\/www.koupeltech.com\/index.php\/produkt\/znackovy-pe-kulovy-kohout-o-o-40x40-pro-vodu-71495\/\"]}]},{\"@type\":\"ImageObject\",\"inLanguage\":\"cs\",\"@id\":\"https:\/\/www.koupeltech.com\/index.php\/produkt\/znackovy-pe-kulovy-kohout-o-o-40x40-pro-vodu-71495\/#primaryimage\",\"url\":\"https:\/\/www.koupeltech.com\/wp-content\/uploads\/2026\/SK0023172-CZ20260425-093449-0-1777080896-pe-kulovy-kohout-o-o-40x40-pro-vodu.webp\",\"contentUrl\":\"https:\/\/www.koupeltech.com\/wp-content\/uploads\/2026\/SK0023172-CZ20260425-093449-0-1777080896-pe-kulovy-kohout-o-o-40x40-pro-vodu.webp\",\"width\":1000,\"height\":525},{\"@type\":\"BreadcrumbList\",\"@id\":\"https:\/\/www.koupeltech.com\/index.php\/produkt\/znackovy-pe-kulovy-kohout-o-o-40x40-pro-vodu-71495\/#breadcrumb\",\"itemListElement\":[{\"@type\":\"ListItem\",\"position\":1,\"name\":\"Home\",\"item\":\"https:\/\/www.koupeltech.com\/\"},{\"@type\":\"ListItem\",\"position\":2,\"name\":\"Products\",\"item\":\"https:\/\/www.koupeltech.com\/index.php\/products\/\"},{\"@type\":\"ListItem\",\"position\":3,\"name\":\"Zna\u010dkov\u00fd PE Kulov\u00fd kohout O-O 40&#215;40 &#8211; pro vodu\"}]},{\"@type\":\"WebSite\",\"@id\":\"https:\/\/www.koupeltech.com\/#website\",\"url\":\"https:\/\/www.koupeltech.com\/\",\"name\":\"\",\"description\":\"\",\"potentialAction\":[{\"@type\":\"SearchAction\",\"target\":{\"@type\":\"EntryPoint\",\"urlTemplate\":\"https:\/\/www.koupeltech.com\/?s={search_term_string}\"},\"query-input\":{\"@type\":\"PropertyValueSpecification\",\"valueRequired\":true,\"valueName\":\"search_term_string\"}}],\"inLanguage\":\"cs\"}]}<\/script>\n<!-- \/ Yoast SEO plugin. -->","yoast_head_json":{"title":"Zna\u010dkov\u00fd PE Kulov\u00fd kohout O-O 40x40 - pro vodu -","robots":{"index":"index","follow":"follow","max-snippet":"max-snippet:-1","max-image-preview":"max-image-preview:large","max-video-preview":"max-video-preview:-1"},"canonical":"https:\/\/www.koupeltech.com\/index.php\/produkt\/znackovy-pe-kulovy-kohout-o-o-40x40-pro-vodu-71495\/","og_locale":"cs_CZ","og_type":"article","og_title":"Zna\u010dkov\u00fd PE Kulov\u00fd kohout O-O 40x40 - pro vodu -","og_description":"\u00a0 PE KULOV\u00dd KOHOUT Sv\u011brn\u00fd spoj 40 MATERI\u00c1LY T\u011bleso: Kopolymer (PP-B), odoln\u00fd proti UV z\u00e1\u0159en\u00ed Stahovac\u00ed krou\u017eek:\u00a0polypropylen Ku\u017eelov\u00e1 matice: polypropylen, odoln\u00fd proti UV z\u00e1\u0159en\u00ed Sv\u011brn\u00fd krou\u017eek:\u00a0polyacetal resin (POM) O-krou\u017eek:\u00a0NBR pro r\u016fzn\u00e9 druhy pou\u017eit\u00ed Zesilovac\u00ed krou\u017eek:\u00a0u\u0161lechtil\u00e1 ocel, AISI 430, pro vnit\u0159rn\u00ed z\u00e1vit 1 1\/4&#8243; &#8211; 4&#8243; M\u00c9DUIM pitn\u00e1 voda N\u00c1VOD PRO MONT\u00c1\u017d 16-63 mm 1) Se\u0159\u00edzn\u011bte [&hellip;]","og_url":"https:\/\/www.koupeltech.com\/index.php\/produkt\/znackovy-pe-kulovy-kohout-o-o-40x40-pro-vodu-71495\/","og_image":[{"width":1000,"height":525,"url":"https:\/\/www.koupeltech.com\/wp-content\/uploads\/2026\/SK0023172-CZ20260425-093449-0-1777080896-pe-kulovy-kohout-o-o-40x40-pro-vodu.webp","type":"image\/webp"}],"twitter_card":"summary_large_image","twitter_misc":{"Odhadovan\u00e1 doba \u010dten\u00ed":"1 minuta"},"schema":{"@context":"https:\/\/schema.org","@graph":[{"@type":"WebPage","@id":"https:\/\/www.koupeltech.com\/index.php\/produkt\/znackovy-pe-kulovy-kohout-o-o-40x40-pro-vodu-71495\/","url":"https:\/\/www.koupeltech.com\/index.php\/produkt\/znackovy-pe-kulovy-kohout-o-o-40x40-pro-vodu-71495\/","name":"Zna\u010dkov\u00fd PE Kulov\u00fd kohout O-O 40x40 - pro vodu -","isPartOf":{"@id":"https:\/\/www.koupeltech.com\/#website"},"primaryImageOfPage":{"@id":"https:\/\/www.koupeltech.com\/index.php\/produkt\/znackovy-pe-kulovy-kohout-o-o-40x40-pro-vodu-71495\/#primaryimage"},"image":{"@id":"https:\/\/www.koupeltech.com\/index.php\/produkt\/znackovy-pe-kulovy-kohout-o-o-40x40-pro-vodu-71495\/#primaryimage"},"thumbnailUrl":"https:\/\/www.koupeltech.com\/wp-content\/uploads\/2026\/SK0023172-CZ20260425-093449-0-1777080896-pe-kulovy-kohout-o-o-40x40-pro-vodu.webp","datePublished":"2026-04-27T14:06:54+00:00","breadcrumb":{"@id":"https:\/\/www.koupeltech.com\/index.php\/produkt\/znackovy-pe-kulovy-kohout-o-o-40x40-pro-vodu-71495\/#breadcrumb"},"inLanguage":"cs","potentialAction":[{"@type":"ReadAction","target":["https:\/\/www.koupeltech.com\/index.php\/produkt\/znackovy-pe-kulovy-kohout-o-o-40x40-pro-vodu-71495\/"]}]},{"@type":"ImageObject","inLanguage":"cs","@id":"https:\/\/www.koupeltech.com\/index.php\/produkt\/znackovy-pe-kulovy-kohout-o-o-40x40-pro-vodu-71495\/#primaryimage","url":"https:\/\/www.koupeltech.com\/wp-content\/uploads\/2026\/SK0023172-CZ20260425-093449-0-1777080896-pe-kulovy-kohout-o-o-40x40-pro-vodu.webp","contentUrl":"https:\/\/www.koupeltech.com\/wp-content\/uploads\/2026\/SK0023172-CZ20260425-093449-0-1777080896-pe-kulovy-kohout-o-o-40x40-pro-vodu.webp","width":1000,"height":525},{"@type":"BreadcrumbList","@id":"https:\/\/www.koupeltech.com\/index.php\/produkt\/znackovy-pe-kulovy-kohout-o-o-40x40-pro-vodu-71495\/#breadcrumb","itemListElement":[{"@type":"ListItem","position":1,"name":"Home","item":"https:\/\/www.koupeltech.com\/"},{"@type":"ListItem","position":2,"name":"Products","item":"https:\/\/www.koupeltech.com\/index.php\/products\/"},{"@type":"ListItem","position":3,"name":"Zna\u010dkov\u00fd PE Kulov\u00fd kohout O-O 40&#215;40 &#8211; pro vodu"}]},{"@type":"WebSite","@id":"https:\/\/www.koupeltech.com\/#website","url":"https:\/\/www.koupeltech.com\/","name":"","description":"","potentialAction":[{"@type":"SearchAction","target":{"@type":"EntryPoint","urlTemplate":"https:\/\/www.koupeltech.com\/?s={search_term_string}"},"query-input":{"@type":"PropertyValueSpecification","valueRequired":true,"valueName":"search_term_string"}}],"inLanguage":"cs"}]}},"_links":{"self":[{"href":"https:\/\/www.koupeltech.com\/index.php\/wp-json\/wp\/v2\/product\/71495","targetHints":{"allow":["GET"]}}],"collection":[{"href":"https:\/\/www.koupeltech.com\/index.php\/wp-json\/wp\/v2\/product"}],"about":[{"href":"https:\/\/www.koupeltech.com\/index.php\/wp-json\/wp\/v2\/types\/product"}],"replies":[{"embeddable":true,"href":"https:\/\/www.koupeltech.com\/index.php\/wp-json\/wp\/v2\/comments?post=71495"}],"wp:featuredmedia":[{"embeddable":true,"href":"https:\/\/www.koupeltech.com\/index.php\/wp-json\/wp\/v2\/media\/71595"}],"wp:attachment":[{"href":"https:\/\/www.koupeltech.com\/index.php\/wp-json\/wp\/v2\/media?parent=71495"}],"wp:term":[{"taxonomy":"product_brand","embeddable":true,"href":"https:\/\/www.koupeltech.com\/index.php\/wp-json\/wp\/v2\/product_brand?post=71495"},{"taxonomy":"product_cat","embeddable":true,"href":"https:\/\/www.koupeltech.com\/index.php\/wp-json\/wp\/v2\/product_cat?post=71495"},{"taxonomy":"product_tag","embeddable":true,"href":"https:\/\/www.koupeltech.com\/index.php\/wp-json\/wp\/v2\/product_tag?post=71495"}],"curies":[{"name":"wp","href":"https:\/\/api.w.org\/{rel}","templated":true}]}}