{"id":7150,"date":"2026-04-27T13:56:54","date_gmt":"2026-04-27T13:56:54","guid":{"rendered":""},"modified":"2026-04-27T13:56:54","modified_gmt":"2026-04-27T13:56:54","slug":"gude-vysousec-zdiva-gbt-50-1-ihned-k-objednani-7150","status":"publish","type":"product","link":"https:\/\/www.koupeltech.com\/index.php\/produkt\/gude-vysousec-zdiva-gbt-50-1-ihned-k-objednani-7150\/","title":{"rendered":"G\u00dcDE Vysou\u0161e\u010d zdiva GBT 50.1 Ihned K Objedn\u00e1n\u00ed"},"content":{"rendered":"<table>\n<div class=\"tab-pane active product-description\" id=\"popis\" role=\"tabpanel\">\n<div class=\"short-description\" itemprop=\"description\"><\/div>\n<div class=\"description\">\n<p>Kondenza\u010dn\u00ed odvlh\u010dova\u010d vzduchu<span class=\"bullet-line\">, ur\u010den\u00fd k vysou\u0161en\u00ed obytn\u00fdch prostor i komer\u010dn\u00edch objekt\u016f s podlahovou plochou do 120 m2.<\/span><\/p>\n<p>Vysu\u0161ov\u00e1n\u00ed staveb p\u0159i rekonstruk\u010dn\u00edch nebo dokon\u010dovac\u00edch prac\u00edch \u2022 odstran\u011bn\u00ed vlhkosti v novostavb\u00e1ch \u2022 likvidace n\u00e1sledk\u016f vodovodn\u00edch hav\u00e1ri\u00ed \u2022 ochrana budov p\u0159ed vznikem (\u0161\u00ed\u0159en\u00edm) pl\u00edsn\u00ed ad.<\/p>\n<p>Nov\u00e1 konstruk\u010dn\u00ed \u0159ada vysou\u0161ec\u00edch za\u0159\u00edzen\u00ed GBT, vyu\u017e\u00edvaj\u00edc\u00ed p\u0159\u00edrodn\u00ed (ekologick\u00e1) chladiva bez obsahu freon\u016f.<\/p>\n<p>P\u0159esn\u00e9 nastaven\u00ed d\u00e9lky chodu vysou\u0161e\u010de (\u010dasova\u010d) a c\u00edlov\u00e9 vlhkosti vzduchu (v rozsahu RH 10 &#8211; 95%) \u2022 funkce AUTO-STOP (automatick\u00e9 vypnut\u00ed po napln\u011bn\u00ed n\u00e1dr\u017ee kondenz\u00e1tem) \u2022 vypou\u0161t\u011bc\u00ed hadice pro nep\u0159etr\u017eit\u00fd provoz.<\/p>\n<p>Konstrukce: pl\u00e1\u0161\u0165 z ocelov\u00e9ho plechu, elektronick\u00fd hygrostat, kompresor chlazen\u00ed, ventil\u00e1tor, 7 l n\u00e1doba na kondenz\u00e1t, p\u0159epravn\u00ed dr\u017eadlo, velk\u00e1 pojezdov\u00e1 kola.<\/p>\n<p>Celkov\u00e9 rozm\u011bry (d x \u0161 x v): 480 x 450 x 655 mm, pracovn\u00ed teplota: 5 &#8211; 35 \u00b0C, stupe\u0148 kryt\u00ed: IP 22, hladina akustick\u00e9ho v\u00fdkonu LWA: 56 dB (A).<span class=\"bullet-line\">Zchlazen\u00ed nas\u00e1van\u00e9ho (vlhk\u00e9ho) vzduchu pod rosn\u00fd bod \u02c3 sveden\u00ed zkapaln\u011bn\u00e9 vodn\u00ed p\u00e1ry do zachycovac\u00ed n\u00e1dr\u017eky \u02c3 opakovan\u00e1 cirkulace vysou\u0161en\u00e9ho vzduchu odvlh\u010dova\u010dem pro rychl\u00e9 sn\u00ed\u017een\u00ed relativn\u00ed vlhkosti RH.<\/span><br \/>&nbsp;<\/p>\n<\/div>\n<div class=\"parameters\">\n<tr>\n<td>P\u0159\u00edpojka   230 V~50 Hz<\/td>\n<td><\/td>\n<\/tr>\n<tr>\n<td>Pr\u016ftok vzduchu    300 m3\/hod<\/td>\n<td><\/td>\n<\/tr>\n<tr>\n<td>Objem n\u00e1doby   7 l<\/td>\n<td><\/td>\n<\/tr>\n<tr>\n<td>V\u00fdkon motoru   900 W\/P1<\/td>\n<td><\/td>\n<\/tr>\n<tr>\n<td>Odvlh\u010den\u00ed (RT 30 \u00b0C, RH 80%)   50 l\/24 hod<\/td>\n<td><\/td>\n<\/tr>\n<tr>\n<td>Hmotnost (brutto)   30 kg<\/td>\n<td><\/td>\n<\/tr><\/div>\n<\/table>\n","protected":false},"excerpt":{"rendered":"<p>Kondenza\u010dn\u00ed odvlh\u010dova\u010d vzduchu, ur\u010den\u00fd k vysou\u0161en\u00ed obytn\u00fdch prostor i komer\u010dn\u00edch objekt\u016f s podlahovou plochou do 120 m2. Vysu\u0161ov\u00e1n\u00ed staveb p\u0159i rekonstruk\u010dn\u00edch nebo dokon\u010dovac\u00edch prac\u00edch \u2022 odstran\u011bn\u00ed vlhkosti v novostavb\u00e1ch \u2022 likvidace n\u00e1sledk\u016f vodovodn\u00edch hav\u00e1ri\u00ed \u2022 ochrana budov p\u0159ed vznikem (\u0161\u00ed\u0159en\u00edm) pl\u00edsn\u00ed ad. Nov\u00e1 konstruk\u010dn\u00ed \u0159ada vysou\u0161ec\u00edch za\u0159\u00edzen\u00ed GBT, vyu\u017e\u00edvaj\u00edc\u00ed p\u0159\u00edrodn\u00ed (ekologick\u00e1) chladiva bez obsahu freon\u016f. [&hellip;]<\/p>\n","protected":false},"featured_media":7250,"comment_status":"open","ping_status":"open","template":"","meta":[],"product_brand":[],"product_cat":[50],"product_tag":[],"class_list":{"0":"post-7150","1":"product","2":"type-product","3":"status-publish","4":"has-post-thumbnail","6":"product_cat-stavebni-technika","8":"first","9":"instock","10":"sale","11":"shipping-taxable","12":"purchasable","13":"product-type-simple"},"yoast_head":"<!-- This site is optimized with the Yoast SEO plugin v26.8 - https:\/\/yoast.com\/product\/yoast-seo-wordpress\/ -->\n<title>G\u00dcDE Vysou\u0161e\u010d zdiva GBT 50.1 Ihned K Objedn\u00e1n\u00ed -<\/title>\n<meta name=\"robots\" content=\"index, follow, max-snippet:-1, max-image-preview:large, max-video-preview:-1\" \/>\n<link rel=\"canonical\" href=\"https:\/\/www.koupeltech.com\/index.php\/produkt\/gude-vysousec-zdiva-gbt-50-1-ihned-k-objednani-7150\/\" \/>\n<meta property=\"og:locale\" content=\"cs_CZ\" \/>\n<meta property=\"og:type\" content=\"article\" \/>\n<meta property=\"og:title\" content=\"G\u00dcDE Vysou\u0161e\u010d zdiva GBT 50.1 Ihned K Objedn\u00e1n\u00ed -\" \/>\n<meta property=\"og:description\" content=\"Kondenza\u010dn\u00ed odvlh\u010dova\u010d vzduchu, ur\u010den\u00fd k vysou\u0161en\u00ed obytn\u00fdch prostor i komer\u010dn\u00edch objekt\u016f s podlahovou plochou do 120 m2. Vysu\u0161ov\u00e1n\u00ed staveb p\u0159i rekonstruk\u010dn\u00edch nebo dokon\u010dovac\u00edch prac\u00edch \u2022 odstran\u011bn\u00ed vlhkosti v novostavb\u00e1ch \u2022 likvidace n\u00e1sledk\u016f vodovodn\u00edch hav\u00e1ri\u00ed \u2022 ochrana budov p\u0159ed vznikem (\u0161\u00ed\u0159en\u00edm) pl\u00edsn\u00ed ad. Nov\u00e1 konstruk\u010dn\u00ed \u0159ada vysou\u0161ec\u00edch za\u0159\u00edzen\u00ed GBT, vyu\u017e\u00edvaj\u00edc\u00ed p\u0159\u00edrodn\u00ed (ekologick\u00e1) chladiva bez obsahu freon\u016f. [&hellip;]\" \/>\n<meta property=\"og:url\" content=\"https:\/\/www.koupeltech.com\/index.php\/produkt\/gude-vysousec-zdiva-gbt-50-1-ihned-k-objednani-7150\/\" \/>\n<meta property=\"og:image\" content=\"https:\/\/www.koupeltech.com\/wp-content\/uploads\/2026\/SK0022712-CZ20260425-092328-0-1777080210-zuckzvx4qbm76t.webp\" \/>\n\t<meta property=\"og:image:width\" content=\"700\" \/>\n\t<meta property=\"og:image:height\" content=\"700\" \/>\n\t<meta property=\"og:image:type\" content=\"image\/webp\" \/>\n<meta name=\"twitter:card\" content=\"summary_large_image\" \/>\n<meta name=\"twitter:label1\" content=\"Odhadovan\u00e1 doba \u010dten\u00ed\" \/>\n\t<meta name=\"twitter:data1\" content=\"1 minuta\" \/>\n<script type=\"application\/ld+json\" class=\"yoast-schema-graph\">{\"@context\":\"https:\/\/schema.org\",\"@graph\":[{\"@type\":\"WebPage\",\"@id\":\"https:\/\/www.koupeltech.com\/index.php\/produkt\/gude-vysousec-zdiva-gbt-50-1-ihned-k-objednani-7150\/\",\"url\":\"https:\/\/www.koupeltech.com\/index.php\/produkt\/gude-vysousec-zdiva-gbt-50-1-ihned-k-objednani-7150\/\",\"name\":\"G\u00dcDE Vysou\u0161e\u010d zdiva GBT 50.1 Ihned K Objedn\u00e1n\u00ed -\",\"isPartOf\":{\"@id\":\"https:\/\/www.koupeltech.com\/#website\"},\"primaryImageOfPage\":{\"@id\":\"https:\/\/www.koupeltech.com\/index.php\/produkt\/gude-vysousec-zdiva-gbt-50-1-ihned-k-objednani-7150\/#primaryimage\"},\"image\":{\"@id\":\"https:\/\/www.koupeltech.com\/index.php\/produkt\/gude-vysousec-zdiva-gbt-50-1-ihned-k-objednani-7150\/#primaryimage\"},\"thumbnailUrl\":\"https:\/\/www.koupeltech.com\/wp-content\/uploads\/2026\/SK0022712-CZ20260425-092328-0-1777080210-zuckzvx4qbm76t.webp\",\"datePublished\":\"2026-04-27T13:56:54+00:00\",\"breadcrumb\":{\"@id\":\"https:\/\/www.koupeltech.com\/index.php\/produkt\/gude-vysousec-zdiva-gbt-50-1-ihned-k-objednani-7150\/#breadcrumb\"},\"inLanguage\":\"cs\",\"potentialAction\":[{\"@type\":\"ReadAction\",\"target\":[\"https:\/\/www.koupeltech.com\/index.php\/produkt\/gude-vysousec-zdiva-gbt-50-1-ihned-k-objednani-7150\/\"]}]},{\"@type\":\"ImageObject\",\"inLanguage\":\"cs\",\"@id\":\"https:\/\/www.koupeltech.com\/index.php\/produkt\/gude-vysousec-zdiva-gbt-50-1-ihned-k-objednani-7150\/#primaryimage\",\"url\":\"https:\/\/www.koupeltech.com\/wp-content\/uploads\/2026\/SK0022712-CZ20260425-092328-0-1777080210-zuckzvx4qbm76t.webp\",\"contentUrl\":\"https:\/\/www.koupeltech.com\/wp-content\/uploads\/2026\/SK0022712-CZ20260425-092328-0-1777080210-zuckzvx4qbm76t.webp\",\"width\":700,\"height\":700},{\"@type\":\"BreadcrumbList\",\"@id\":\"https:\/\/www.koupeltech.com\/index.php\/produkt\/gude-vysousec-zdiva-gbt-50-1-ihned-k-objednani-7150\/#breadcrumb\",\"itemListElement\":[{\"@type\":\"ListItem\",\"position\":1,\"name\":\"Home\",\"item\":\"https:\/\/www.koupeltech.com\/\"},{\"@type\":\"ListItem\",\"position\":2,\"name\":\"Products\",\"item\":\"https:\/\/www.koupeltech.com\/index.php\/products\/\"},{\"@type\":\"ListItem\",\"position\":3,\"name\":\"G\u00dcDE Vysou\u0161e\u010d zdiva GBT 50.1 Ihned K Objedn\u00e1n\u00ed\"}]},{\"@type\":\"WebSite\",\"@id\":\"https:\/\/www.koupeltech.com\/#website\",\"url\":\"https:\/\/www.koupeltech.com\/\",\"name\":\"\",\"description\":\"\",\"potentialAction\":[{\"@type\":\"SearchAction\",\"target\":{\"@type\":\"EntryPoint\",\"urlTemplate\":\"https:\/\/www.koupeltech.com\/?s={search_term_string}\"},\"query-input\":{\"@type\":\"PropertyValueSpecification\",\"valueRequired\":true,\"valueName\":\"search_term_string\"}}],\"inLanguage\":\"cs\"}]}<\/script>\n<!-- \/ Yoast SEO plugin. -->","yoast_head_json":{"title":"G\u00dcDE Vysou\u0161e\u010d zdiva GBT 50.1 Ihned K Objedn\u00e1n\u00ed -","robots":{"index":"index","follow":"follow","max-snippet":"max-snippet:-1","max-image-preview":"max-image-preview:large","max-video-preview":"max-video-preview:-1"},"canonical":"https:\/\/www.koupeltech.com\/index.php\/produkt\/gude-vysousec-zdiva-gbt-50-1-ihned-k-objednani-7150\/","og_locale":"cs_CZ","og_type":"article","og_title":"G\u00dcDE Vysou\u0161e\u010d zdiva GBT 50.1 Ihned K Objedn\u00e1n\u00ed -","og_description":"Kondenza\u010dn\u00ed odvlh\u010dova\u010d vzduchu, ur\u010den\u00fd k vysou\u0161en\u00ed obytn\u00fdch prostor i komer\u010dn\u00edch objekt\u016f s podlahovou plochou do 120 m2. Vysu\u0161ov\u00e1n\u00ed staveb p\u0159i rekonstruk\u010dn\u00edch nebo dokon\u010dovac\u00edch prac\u00edch \u2022 odstran\u011bn\u00ed vlhkosti v novostavb\u00e1ch \u2022 likvidace n\u00e1sledk\u016f vodovodn\u00edch hav\u00e1ri\u00ed \u2022 ochrana budov p\u0159ed vznikem (\u0161\u00ed\u0159en\u00edm) pl\u00edsn\u00ed ad. Nov\u00e1 konstruk\u010dn\u00ed \u0159ada vysou\u0161ec\u00edch za\u0159\u00edzen\u00ed GBT, vyu\u017e\u00edvaj\u00edc\u00ed p\u0159\u00edrodn\u00ed (ekologick\u00e1) chladiva bez obsahu freon\u016f. [&hellip;]","og_url":"https:\/\/www.koupeltech.com\/index.php\/produkt\/gude-vysousec-zdiva-gbt-50-1-ihned-k-objednani-7150\/","og_image":[{"width":700,"height":700,"url":"https:\/\/www.koupeltech.com\/wp-content\/uploads\/2026\/SK0022712-CZ20260425-092328-0-1777080210-zuckzvx4qbm76t.webp","type":"image\/webp"}],"twitter_card":"summary_large_image","twitter_misc":{"Odhadovan\u00e1 doba \u010dten\u00ed":"1 minuta"},"schema":{"@context":"https:\/\/schema.org","@graph":[{"@type":"WebPage","@id":"https:\/\/www.koupeltech.com\/index.php\/produkt\/gude-vysousec-zdiva-gbt-50-1-ihned-k-objednani-7150\/","url":"https:\/\/www.koupeltech.com\/index.php\/produkt\/gude-vysousec-zdiva-gbt-50-1-ihned-k-objednani-7150\/","name":"G\u00dcDE Vysou\u0161e\u010d zdiva GBT 50.1 Ihned K Objedn\u00e1n\u00ed -","isPartOf":{"@id":"https:\/\/www.koupeltech.com\/#website"},"primaryImageOfPage":{"@id":"https:\/\/www.koupeltech.com\/index.php\/produkt\/gude-vysousec-zdiva-gbt-50-1-ihned-k-objednani-7150\/#primaryimage"},"image":{"@id":"https:\/\/www.koupeltech.com\/index.php\/produkt\/gude-vysousec-zdiva-gbt-50-1-ihned-k-objednani-7150\/#primaryimage"},"thumbnailUrl":"https:\/\/www.koupeltech.com\/wp-content\/uploads\/2026\/SK0022712-CZ20260425-092328-0-1777080210-zuckzvx4qbm76t.webp","datePublished":"2026-04-27T13:56:54+00:00","breadcrumb":{"@id":"https:\/\/www.koupeltech.com\/index.php\/produkt\/gude-vysousec-zdiva-gbt-50-1-ihned-k-objednani-7150\/#breadcrumb"},"inLanguage":"cs","potentialAction":[{"@type":"ReadAction","target":["https:\/\/www.koupeltech.com\/index.php\/produkt\/gude-vysousec-zdiva-gbt-50-1-ihned-k-objednani-7150\/"]}]},{"@type":"ImageObject","inLanguage":"cs","@id":"https:\/\/www.koupeltech.com\/index.php\/produkt\/gude-vysousec-zdiva-gbt-50-1-ihned-k-objednani-7150\/#primaryimage","url":"https:\/\/www.koupeltech.com\/wp-content\/uploads\/2026\/SK0022712-CZ20260425-092328-0-1777080210-zuckzvx4qbm76t.webp","contentUrl":"https:\/\/www.koupeltech.com\/wp-content\/uploads\/2026\/SK0022712-CZ20260425-092328-0-1777080210-zuckzvx4qbm76t.webp","width":700,"height":700},{"@type":"BreadcrumbList","@id":"https:\/\/www.koupeltech.com\/index.php\/produkt\/gude-vysousec-zdiva-gbt-50-1-ihned-k-objednani-7150\/#breadcrumb","itemListElement":[{"@type":"ListItem","position":1,"name":"Home","item":"https:\/\/www.koupeltech.com\/"},{"@type":"ListItem","position":2,"name":"Products","item":"https:\/\/www.koupeltech.com\/index.php\/products\/"},{"@type":"ListItem","position":3,"name":"G\u00dcDE Vysou\u0161e\u010d zdiva GBT 50.1 Ihned K Objedn\u00e1n\u00ed"}]},{"@type":"WebSite","@id":"https:\/\/www.koupeltech.com\/#website","url":"https:\/\/www.koupeltech.com\/","name":"","description":"","potentialAction":[{"@type":"SearchAction","target":{"@type":"EntryPoint","urlTemplate":"https:\/\/www.koupeltech.com\/?s={search_term_string}"},"query-input":{"@type":"PropertyValueSpecification","valueRequired":true,"valueName":"search_term_string"}}],"inLanguage":"cs"}]}},"_links":{"self":[{"href":"https:\/\/www.koupeltech.com\/index.php\/wp-json\/wp\/v2\/product\/7150","targetHints":{"allow":["GET"]}}],"collection":[{"href":"https:\/\/www.koupeltech.com\/index.php\/wp-json\/wp\/v2\/product"}],"about":[{"href":"https:\/\/www.koupeltech.com\/index.php\/wp-json\/wp\/v2\/types\/product"}],"replies":[{"embeddable":true,"href":"https:\/\/www.koupeltech.com\/index.php\/wp-json\/wp\/v2\/comments?post=7150"}],"wp:featuredmedia":[{"embeddable":true,"href":"https:\/\/www.koupeltech.com\/index.php\/wp-json\/wp\/v2\/media\/7250"}],"wp:attachment":[{"href":"https:\/\/www.koupeltech.com\/index.php\/wp-json\/wp\/v2\/media?parent=7150"}],"wp:term":[{"taxonomy":"product_brand","embeddable":true,"href":"https:\/\/www.koupeltech.com\/index.php\/wp-json\/wp\/v2\/product_brand?post=7150"},{"taxonomy":"product_cat","embeddable":true,"href":"https:\/\/www.koupeltech.com\/index.php\/wp-json\/wp\/v2\/product_cat?post=7150"},{"taxonomy":"product_tag","embeddable":true,"href":"https:\/\/www.koupeltech.com\/index.php\/wp-json\/wp\/v2\/product_tag?post=7150"}],"curies":[{"name":"wp","href":"https:\/\/api.w.org\/{rel}","templated":true}]}}