{"id":71561,"date":"2026-04-27T14:06:54","date_gmt":"2026-04-27T14:06:54","guid":{"rendered":""},"modified":"2026-04-27T14:06:54","modified_gmt":"2026-04-27T14:06:54","slug":"vyhodna-nabidka-romotop-akumulacni-sada-horni-mammoth-pro-krbove-vlozky-s-prumerem-odkoureni-200-mm-71561","status":"publish","type":"product","link":"https:\/\/www.koupeltech.com\/index.php\/produkt\/vyhodna-nabidka-romotop-akumulacni-sada-horni-mammoth-pro-krbove-vlozky-s-prumerem-odkoureni-200-mm-71561\/","title":{"rendered":"V\u00fdhodn\u00e1 Nab\u00eddka ROMOTOP Akumula\u010dn\u00ed sada horn\u00ed MAMMOTH pro krbov\u00e9 vlo\u017eky s pr\u016fm\u011brem odkou\u0159en\u00ed 200 mm"},"content":{"rendered":"<div id=\"e5843569\" class=\"pages\">\n<div>\n<div id=\"PDDescription\" class=\"UserContentView userContent v1a v1 bs-view dcon dc164 PDDescription\" ><dc-con><dc-con><bs-empty><\/bs-empty><\/dc-con><dc-con>        <\/p>\n<div class=\"customDescription\">                    <\/div>\n<p><\/dc-con><dc-con><![CDATA[<p]]>\n<p>\u2022\u00a0 vysok\u00e1 m\u011brn\u00e1 tepeln\u00e1 kapacita akumula\u010dn\u00ed sady Romotop MAMMOTH <img decoding=\"async\" width=\"100\" height=\"100\" align=\"right\" alt=\"\" src=\"https:\/\/www.romotop.cz\/userfiles\/image\/Loga_symboly_obrazky\/Logo_PATENTED_300.jpg\" vspace=\"5\" hspace=\"5\"><br \/>\u2022\u00a0 maxim\u00e1ln\u00ed p\u0159enos tepla spalin do akumula\u010dn\u00edch tvarovek<br \/>\u2022\u00a0 akumulace tepla \u2013 vyt\u00e1p\u011bn\u00ed i po ukon\u010den\u00ed ho\u0159en\u00ed v topeni\u0161ti<br \/>\u2022\u00a0 dopln\u011bn\u00ed nebo zv\u00fd\u0161en\u00ed akumula\u010dn\u00ed schopnosti stavby<br \/>\u2022\u00a0 snadn\u00e1 mont\u00e1\u017e<br \/>\u2022\u00a0 speci\u00e1ln\u00ed vysoce tepeln\u011b vodiv\u00e9 lamely mezi akumula\u010dn\u00edmi tvarovkami \u2013 vysok\u00e1 rychlost naakumulov\u00e1n\u00ed tepla<br \/>\u2022\u00a0 hmotnost horn\u00ed sady 70 kg]]><\/p>\n<ul>\n<li>Toto p\u0159\u00edslu\u0161enstv\u00ed je ur\u010deno pro<\/li>\n<\/ul>\n<ul>\n<li>HEAT 3G L 110.50.04(06) &#8211; teplovzdu\u0161n\u00e1 krbov\u00e1 vlo\u017eka s v\u00fdsuvn\u00fdmi dv\u00ed\u0159ky<\/li>\n<li>HEAT 3G L 66.50.04(06) &#8211; teplovzdu\u0161n\u00e1 krbov\u00e1 vlo\u017eka s v\u00fdsuvn\u00fdmi dv\u00ed\u0159ky<\/li>\n<li>HEAT 3G L 88.50.04(06) &#8211; teplovzdu\u0161n\u00e1 krbov\u00e1 vlo\u017eka s v\u00fdsuvn\u00fdmi dv\u00ed\u0159ky<\/li>\n<li>HEAT 3G L 88.66.04(06) &#8211; teplovzdu\u0161n\u00e1 krbov\u00e1 vlo\u017eka s v\u00fdsuvn\u00fdmi dv\u00ed\u0159ky<\/li>\n<li>HEAT 4G 80.50.04(06) &#8211; krbov\u00e1 vlo\u017eka<\/li>\n<li>HEAT C 3G L 65.52.31.24(26) &#8211; teplovzdu\u0161n\u00e1 t\u0159\u00edstrann\u00e1 krbov\u00e1 vlo\u017eka s v\u00fdsuvn\u00fdmi dv\u00ed\u0159ky a d\u011blen\u00fdm sklem<\/li>\n<li>HEAT C 3G L 80.52.31.24(26) &#8211; teplovzdu\u0161n\u00e1 t\u0159\u00edstrann\u00e1 krbov\u00e1 vlo\u017eka s v\u00fdsuvn\u00fdmi dv\u00ed\u0159ky a d\u011blen\u00fdm sklem<\/li>\n<li>HEAT R 4G S 65.51.40.24(26) &#8211; rohov\u00e1 krbov\u00e1 vlo\u017eka<\/li>\n<li>HEAT R\/L 2g S 65.51.40.01(21) &#8211; teplovzdu\u0161n\u00e1 rohov\u00e1 krbov\u00e1 vlo\u017eka s oh\u00fdban\u00fdm (d\u011blen\u00fdm) sklem<\/li>\n<li>HEAT R\/L 3G L 65.51.40.24(26) &#8211; teplovzdu\u0161n\u00e1 rohov\u00e1 krbov\u00e1 vlo\u017eka s v\u00fdsuvn\u00fdmi dv\u00ed\u0159ky a d\u011blen\u00fdm sklem<\/li>\n<li>HEAT R\/L 3G L 81.51.40.24(26) &#8211; teplovzdu\u0161n\u00e1 rohov\u00e1 krbov\u00e1 vlo\u017eka s v\u00fdsuvn\u00fdmi dv\u00ed\u0159ky a d\u011blen\u00fdm sklem<\/li>\n<li>HEAT T 3G L 88.50.04(06) &#8211; krbov\u00e1 vlo\u017eka pr\u016fhledov\u00e1 s v\u00fdsuvn\u00fdmi dv\u00ed\u0159ky<\/li>\n<li>IMPRESSION 2g 80.60.01 &#8211; krbov\u00e1 vlo\u017eka s dvojit\u00fdm prosklen\u00edm<\/li>\n<li>IMPRESSION 2G L 118.60.01 &#8211; krbov\u00e1 vlo\u017eka s v\u00fdsuvn\u00fdmi dv\u00ed\u0159ky a dvojit\u00fdm prosklen\u00edm<\/li>\n<li>IMPRESSION 2g L 93.60.01 &#8211; krbov\u00e1 vlo\u017eka s v\u00fdsuvn\u00fdmi dv\u00ed\u0159ky a dvojit\u00fdm prosklen\u00edm<\/li>\n<li>IMPRESSION C 2G L 80.61.34.21 &#8211; t\u0159\u00edstrann\u00e1 krbov\u00e1 vlo\u017eka s v\u00fdsuvn\u00fdmi dv\u00ed\u0159ky a d\u011blen\u00fdm sklem<\/li>\n<li>IMPRESSION R\/L 2g L 71.60.34.21 &#8211; rohov\u00e1 krbov\u00e1 vlo\u017eka s v\u00fdsuvn\u00fdmi dv\u00ed\u0159ky a d\u011blen\u00fdm sklem<\/li>\n<li>IMPRESSION R\/L 2g L 83.60.34.21 &#8211; rohov\u00e1 krbov\u00e1 vlo\u017eka s v\u00fdsuvn\u00fdmi dv\u00ed\u0159ky a d\u011blen\u00fdm sklem<\/li>\n<li>IMPRESSION R\/L 2g S 71.60.34.21 &#8211; rohov\u00e1 krbov\u00e1 vlo\u017eka s d\u011blen\u00fdm sklem<\/li>\n<\/ul>\n<p><\/dc-con><\/dc-con><\/div>\n<div id=\"PDDescription2\" class=\"UserContentView userContent v1a v1 bs-view dcon dc165 PDDescription2\" >\n<table class='techparam_table'>\n<tr>\n<td>V\u00fd\u0161ka<\/td>\n<td>312 mm<\/td>\n<\/tr>\n<tr>\n<td>\u0160\u00ed\u0159ka<\/td>\n<td>331 mm<\/td>\n<\/tr>\n<tr>\n<td>Hloubka<\/td>\n<td>301 mm<\/td>\n<\/tr>\n<tr>\n<td>Hmotnost<\/td>\n<td>72.4 kg<\/td>\n<\/tr>\n<\/table>\n<\/div><\/div>\n<div id=\"PDTable3\" class=\"ProductDetailTableView v3a v3 bs-view dcon dc185 PDTable3\" >\n<table>\n<thead><\/thead>\n<tbody>\n<tr class=\"attribute attr_typ\">\n<td class=\"caption\">Typ<\/td>\n<td class=\"value\">Akumula\u010dn\u00ed sada<\/td>\n<\/tr>\n<tr class=\"attribute attr_bsshop_maker\">\n<td class=\"caption\">V\u00fdrobce<\/td>\n<td class=\"value\">Romotop<\/td>\n<\/tr>\n<tr class=\"attribute attr_hloubka\">\n<td class=\"caption\">Hloubka v mm<\/td>\n<td class=\"value\">301 mm<\/td>\n<\/tr>\n<tr class=\"attribute attr_sirka\">\n<td class=\"caption\">\u0160\u00ed\u0159ka v mm<\/td>\n<td class=\"value\">331<\/td>\n<\/tr>\n<tr class=\"attribute attr_Vyska\">\n<td class=\"caption\">V\u00fd\u0161ka v mm<\/td>\n<td class=\"value\">312<\/td>\n<\/tr>\n<tr class=\"weight\">\n<td class=\"caption\"><span>Hmotnost<\/span><\/td>\n<td class=\"value\"><span>72,40 kg<\/span><\/td>\n<\/tr>\n<\/tbody>\n<\/table>\n<\/div>\n<div id=\"PdProductGpsr\" class=\"ProductGpsrView v1a v1 bs-view dcon dc217 PdProductGpsr\" >\n<div class=\"subject\"><dc-root class=\"dcon dc219\"><span class=\"title\">Zodpov\u011bdn&#253; subjekt:<\/span><dc-con><dc-con><span class=\"company\">ROMOTOP spol. s r. o.<\/span><span class=\"name\">Romotop<\/span><\/dc-con><dc-con><span class=\"street\">Komensk&#233;ho 325<\/span><span class=\"city\">Suchdol nad Odrou<\/span><span class=\"zip\">742 01<\/span><span class=\"country\">\u010cesko<\/span><\/dc-con><span class=\"email\">info@romotop.cz<\/span><span class=\"phone\">606 203 331<\/span><bs-empty><\/bs-empty><a href=\"https:\/\/www.romotop.cz\/\" class=\"link\" target=\"_blank\">https:\/\/www.romotop.cz\/<\/a><\/dc-con><bs-empty><\/bs-empty><\/dc-root><\/div>\n<p><bs-empty><\/bs-empty><\/div>\n<\/div>\n<div id=\"e5843570\" class=\"tabs\">\n","protected":false},"excerpt":{"rendered":"<p>\u2022\u00a0 vysok\u00e1 m\u011brn\u00e1 tepeln\u00e1 kapacita akumula\u010dn\u00ed sady Romotop MAMMOTH \u2022\u00a0 maxim\u00e1ln\u00ed p\u0159enos tepla spalin do akumula\u010dn\u00edch tvarovek\u2022\u00a0 akumulace tepla \u2013 vyt\u00e1p\u011bn\u00ed i po ukon\u010den\u00ed ho\u0159en\u00ed v topeni\u0161ti\u2022\u00a0 dopln\u011bn\u00ed nebo zv\u00fd\u0161en\u00ed akumula\u010dn\u00ed schopnosti stavby\u2022\u00a0 snadn\u00e1 mont\u00e1\u017e\u2022\u00a0 speci\u00e1ln\u00ed vysoce tepeln\u011b vodiv\u00e9 lamely mezi akumula\u010dn\u00edmi tvarovkami \u2013 vysok\u00e1 rychlost naakumulov\u00e1n\u00ed tepla\u2022\u00a0 hmotnost horn\u00ed sady 70 kg]]&gt; Toto p\u0159\u00edslu\u0161enstv\u00ed [&hellip;]<\/p>\n","protected":false},"featured_media":71661,"comment_status":"open","ping_status":"open","template":"","meta":[],"product_brand":[],"product_cat":[103],"product_tag":[],"class_list":{"0":"post-71561","1":"product","2":"type-product","3":"status-publish","4":"has-post-thumbnail","6":"product_cat-krby-a-kamna","8":"first","9":"instock","10":"sale","11":"shipping-taxable","12":"purchasable","13":"product-type-simple"},"yoast_head":"<!-- This site is optimized with the Yoast SEO plugin v26.8 - https:\/\/yoast.com\/product\/yoast-seo-wordpress\/ -->\n<title>V\u00fdhodn\u00e1 Nab\u00eddka ROMOTOP Akumula\u010dn\u00ed sada horn\u00ed MAMMOTH pro krbov\u00e9 vlo\u017eky s pr\u016fm\u011brem odkou\u0159en\u00ed 200 mm -<\/title>\n<meta name=\"robots\" content=\"index, follow, max-snippet:-1, max-image-preview:large, max-video-preview:-1\" \/>\n<link rel=\"canonical\" href=\"https:\/\/www.koupeltech.com\/index.php\/produkt\/vyhodna-nabidka-romotop-akumulacni-sada-horni-mammoth-pro-krbove-vlozky-s-prumerem-odkoureni-200-mm-71561\/\" \/>\n<meta property=\"og:locale\" content=\"cs_CZ\" \/>\n<meta property=\"og:type\" content=\"article\" \/>\n<meta property=\"og:title\" content=\"V\u00fdhodn\u00e1 Nab\u00eddka ROMOTOP Akumula\u010dn\u00ed sada horn\u00ed MAMMOTH pro krbov\u00e9 vlo\u017eky s pr\u016fm\u011brem odkou\u0159en\u00ed 200 mm -\" \/>\n<meta property=\"og:description\" content=\"\u2022\u00a0 vysok\u00e1 m\u011brn\u00e1 tepeln\u00e1 kapacita akumula\u010dn\u00ed sady Romotop MAMMOTH \u2022\u00a0 maxim\u00e1ln\u00ed p\u0159enos tepla spalin do akumula\u010dn\u00edch tvarovek\u2022\u00a0 akumulace tepla \u2013 vyt\u00e1p\u011bn\u00ed i po ukon\u010den\u00ed ho\u0159en\u00ed v topeni\u0161ti\u2022\u00a0 dopln\u011bn\u00ed nebo zv\u00fd\u0161en\u00ed akumula\u010dn\u00ed schopnosti stavby\u2022\u00a0 snadn\u00e1 mont\u00e1\u017e\u2022\u00a0 speci\u00e1ln\u00ed vysoce tepeln\u011b vodiv\u00e9 lamely mezi akumula\u010dn\u00edmi tvarovkami \u2013 vysok\u00e1 rychlost naakumulov\u00e1n\u00ed tepla\u2022\u00a0 hmotnost horn\u00ed sady 70 kg]]&gt; Toto p\u0159\u00edslu\u0161enstv\u00ed [&hellip;]\" \/>\n<meta property=\"og:url\" content=\"https:\/\/www.koupeltech.com\/index.php\/produkt\/vyhodna-nabidka-romotop-akumulacni-sada-horni-mammoth-pro-krbove-vlozky-s-prumerem-odkoureni-200-mm-71561\/\" \/>\n<meta property=\"og:image\" content=\"https:\/\/www.koupeltech.com\/wp-content\/uploads\/2026\/SK0023247-CZ20260425-093449-0-1777080896-romotop-akumulacni-sada-horni-mammoth-pro-krbove-vlozky-s-p.webp\" \/>\n\t<meta property=\"og:image:width\" content=\"1000\" \/>\n\t<meta property=\"og:image:height\" content=\"525\" \/>\n\t<meta property=\"og:image:type\" content=\"image\/webp\" \/>\n<meta name=\"twitter:card\" content=\"summary_large_image\" \/>\n<meta name=\"twitter:label1\" content=\"Odhadovan\u00e1 doba \u010dten\u00ed\" \/>\n\t<meta name=\"twitter:data1\" content=\"2 minuty\" \/>\n<script type=\"application\/ld+json\" class=\"yoast-schema-graph\">{\"@context\":\"https:\/\/schema.org\",\"@graph\":[{\"@type\":\"WebPage\",\"@id\":\"https:\/\/www.koupeltech.com\/index.php\/produkt\/vyhodna-nabidka-romotop-akumulacni-sada-horni-mammoth-pro-krbove-vlozky-s-prumerem-odkoureni-200-mm-71561\/\",\"url\":\"https:\/\/www.koupeltech.com\/index.php\/produkt\/vyhodna-nabidka-romotop-akumulacni-sada-horni-mammoth-pro-krbove-vlozky-s-prumerem-odkoureni-200-mm-71561\/\",\"name\":\"V\u00fdhodn\u00e1 Nab\u00eddka ROMOTOP Akumula\u010dn\u00ed sada horn\u00ed MAMMOTH pro krbov\u00e9 vlo\u017eky s pr\u016fm\u011brem odkou\u0159en\u00ed 200 mm -\",\"isPartOf\":{\"@id\":\"https:\/\/www.koupeltech.com\/#website\"},\"primaryImageOfPage\":{\"@id\":\"https:\/\/www.koupeltech.com\/index.php\/produkt\/vyhodna-nabidka-romotop-akumulacni-sada-horni-mammoth-pro-krbove-vlozky-s-prumerem-odkoureni-200-mm-71561\/#primaryimage\"},\"image\":{\"@id\":\"https:\/\/www.koupeltech.com\/index.php\/produkt\/vyhodna-nabidka-romotop-akumulacni-sada-horni-mammoth-pro-krbove-vlozky-s-prumerem-odkoureni-200-mm-71561\/#primaryimage\"},\"thumbnailUrl\":\"https:\/\/www.koupeltech.com\/wp-content\/uploads\/2026\/SK0023247-CZ20260425-093449-0-1777080896-romotop-akumulacni-sada-horni-mammoth-pro-krbove-vlozky-s-p.webp\",\"datePublished\":\"2026-04-27T14:06:54+00:00\",\"breadcrumb\":{\"@id\":\"https:\/\/www.koupeltech.com\/index.php\/produkt\/vyhodna-nabidka-romotop-akumulacni-sada-horni-mammoth-pro-krbove-vlozky-s-prumerem-odkoureni-200-mm-71561\/#breadcrumb\"},\"inLanguage\":\"cs\",\"potentialAction\":[{\"@type\":\"ReadAction\",\"target\":[\"https:\/\/www.koupeltech.com\/index.php\/produkt\/vyhodna-nabidka-romotop-akumulacni-sada-horni-mammoth-pro-krbove-vlozky-s-prumerem-odkoureni-200-mm-71561\/\"]}]},{\"@type\":\"ImageObject\",\"inLanguage\":\"cs\",\"@id\":\"https:\/\/www.koupeltech.com\/index.php\/produkt\/vyhodna-nabidka-romotop-akumulacni-sada-horni-mammoth-pro-krbove-vlozky-s-prumerem-odkoureni-200-mm-71561\/#primaryimage\",\"url\":\"https:\/\/www.koupeltech.com\/wp-content\/uploads\/2026\/SK0023247-CZ20260425-093449-0-1777080896-romotop-akumulacni-sada-horni-mammoth-pro-krbove-vlozky-s-p.webp\",\"contentUrl\":\"https:\/\/www.koupeltech.com\/wp-content\/uploads\/2026\/SK0023247-CZ20260425-093449-0-1777080896-romotop-akumulacni-sada-horni-mammoth-pro-krbove-vlozky-s-p.webp\",\"width\":1000,\"height\":525},{\"@type\":\"BreadcrumbList\",\"@id\":\"https:\/\/www.koupeltech.com\/index.php\/produkt\/vyhodna-nabidka-romotop-akumulacni-sada-horni-mammoth-pro-krbove-vlozky-s-prumerem-odkoureni-200-mm-71561\/#breadcrumb\",\"itemListElement\":[{\"@type\":\"ListItem\",\"position\":1,\"name\":\"Home\",\"item\":\"https:\/\/www.koupeltech.com\/\"},{\"@type\":\"ListItem\",\"position\":2,\"name\":\"Products\",\"item\":\"https:\/\/www.koupeltech.com\/index.php\/products\/\"},{\"@type\":\"ListItem\",\"position\":3,\"name\":\"V\u00fdhodn\u00e1 Nab\u00eddka ROMOTOP Akumula\u010dn\u00ed sada horn\u00ed MAMMOTH pro krbov\u00e9 vlo\u017eky s pr\u016fm\u011brem odkou\u0159en\u00ed 200 mm\"}]},{\"@type\":\"WebSite\",\"@id\":\"https:\/\/www.koupeltech.com\/#website\",\"url\":\"https:\/\/www.koupeltech.com\/\",\"name\":\"\",\"description\":\"\",\"potentialAction\":[{\"@type\":\"SearchAction\",\"target\":{\"@type\":\"EntryPoint\",\"urlTemplate\":\"https:\/\/www.koupeltech.com\/?s={search_term_string}\"},\"query-input\":{\"@type\":\"PropertyValueSpecification\",\"valueRequired\":true,\"valueName\":\"search_term_string\"}}],\"inLanguage\":\"cs\"}]}<\/script>\n<!-- \/ Yoast SEO plugin. -->","yoast_head_json":{"title":"V\u00fdhodn\u00e1 Nab\u00eddka ROMOTOP Akumula\u010dn\u00ed sada horn\u00ed MAMMOTH pro krbov\u00e9 vlo\u017eky s pr\u016fm\u011brem odkou\u0159en\u00ed 200 mm -","robots":{"index":"index","follow":"follow","max-snippet":"max-snippet:-1","max-image-preview":"max-image-preview:large","max-video-preview":"max-video-preview:-1"},"canonical":"https:\/\/www.koupeltech.com\/index.php\/produkt\/vyhodna-nabidka-romotop-akumulacni-sada-horni-mammoth-pro-krbove-vlozky-s-prumerem-odkoureni-200-mm-71561\/","og_locale":"cs_CZ","og_type":"article","og_title":"V\u00fdhodn\u00e1 Nab\u00eddka ROMOTOP Akumula\u010dn\u00ed sada horn\u00ed MAMMOTH pro krbov\u00e9 vlo\u017eky s pr\u016fm\u011brem odkou\u0159en\u00ed 200 mm -","og_description":"\u2022\u00a0 vysok\u00e1 m\u011brn\u00e1 tepeln\u00e1 kapacita akumula\u010dn\u00ed sady Romotop MAMMOTH \u2022\u00a0 maxim\u00e1ln\u00ed p\u0159enos tepla spalin do akumula\u010dn\u00edch tvarovek\u2022\u00a0 akumulace tepla \u2013 vyt\u00e1p\u011bn\u00ed i po ukon\u010den\u00ed ho\u0159en\u00ed v topeni\u0161ti\u2022\u00a0 dopln\u011bn\u00ed nebo zv\u00fd\u0161en\u00ed akumula\u010dn\u00ed schopnosti stavby\u2022\u00a0 snadn\u00e1 mont\u00e1\u017e\u2022\u00a0 speci\u00e1ln\u00ed vysoce tepeln\u011b vodiv\u00e9 lamely mezi akumula\u010dn\u00edmi tvarovkami \u2013 vysok\u00e1 rychlost naakumulov\u00e1n\u00ed tepla\u2022\u00a0 hmotnost horn\u00ed sady 70 kg]]&gt; Toto p\u0159\u00edslu\u0161enstv\u00ed [&hellip;]","og_url":"https:\/\/www.koupeltech.com\/index.php\/produkt\/vyhodna-nabidka-romotop-akumulacni-sada-horni-mammoth-pro-krbove-vlozky-s-prumerem-odkoureni-200-mm-71561\/","og_image":[{"width":1000,"height":525,"url":"https:\/\/www.koupeltech.com\/wp-content\/uploads\/2026\/SK0023247-CZ20260425-093449-0-1777080896-romotop-akumulacni-sada-horni-mammoth-pro-krbove-vlozky-s-p.webp","type":"image\/webp"}],"twitter_card":"summary_large_image","twitter_misc":{"Odhadovan\u00e1 doba \u010dten\u00ed":"2 minuty"},"schema":{"@context":"https:\/\/schema.org","@graph":[{"@type":"WebPage","@id":"https:\/\/www.koupeltech.com\/index.php\/produkt\/vyhodna-nabidka-romotop-akumulacni-sada-horni-mammoth-pro-krbove-vlozky-s-prumerem-odkoureni-200-mm-71561\/","url":"https:\/\/www.koupeltech.com\/index.php\/produkt\/vyhodna-nabidka-romotop-akumulacni-sada-horni-mammoth-pro-krbove-vlozky-s-prumerem-odkoureni-200-mm-71561\/","name":"V\u00fdhodn\u00e1 Nab\u00eddka ROMOTOP Akumula\u010dn\u00ed sada horn\u00ed MAMMOTH pro krbov\u00e9 vlo\u017eky s pr\u016fm\u011brem odkou\u0159en\u00ed 200 mm -","isPartOf":{"@id":"https:\/\/www.koupeltech.com\/#website"},"primaryImageOfPage":{"@id":"https:\/\/www.koupeltech.com\/index.php\/produkt\/vyhodna-nabidka-romotop-akumulacni-sada-horni-mammoth-pro-krbove-vlozky-s-prumerem-odkoureni-200-mm-71561\/#primaryimage"},"image":{"@id":"https:\/\/www.koupeltech.com\/index.php\/produkt\/vyhodna-nabidka-romotop-akumulacni-sada-horni-mammoth-pro-krbove-vlozky-s-prumerem-odkoureni-200-mm-71561\/#primaryimage"},"thumbnailUrl":"https:\/\/www.koupeltech.com\/wp-content\/uploads\/2026\/SK0023247-CZ20260425-093449-0-1777080896-romotop-akumulacni-sada-horni-mammoth-pro-krbove-vlozky-s-p.webp","datePublished":"2026-04-27T14:06:54+00:00","breadcrumb":{"@id":"https:\/\/www.koupeltech.com\/index.php\/produkt\/vyhodna-nabidka-romotop-akumulacni-sada-horni-mammoth-pro-krbove-vlozky-s-prumerem-odkoureni-200-mm-71561\/#breadcrumb"},"inLanguage":"cs","potentialAction":[{"@type":"ReadAction","target":["https:\/\/www.koupeltech.com\/index.php\/produkt\/vyhodna-nabidka-romotop-akumulacni-sada-horni-mammoth-pro-krbove-vlozky-s-prumerem-odkoureni-200-mm-71561\/"]}]},{"@type":"ImageObject","inLanguage":"cs","@id":"https:\/\/www.koupeltech.com\/index.php\/produkt\/vyhodna-nabidka-romotop-akumulacni-sada-horni-mammoth-pro-krbove-vlozky-s-prumerem-odkoureni-200-mm-71561\/#primaryimage","url":"https:\/\/www.koupeltech.com\/wp-content\/uploads\/2026\/SK0023247-CZ20260425-093449-0-1777080896-romotop-akumulacni-sada-horni-mammoth-pro-krbove-vlozky-s-p.webp","contentUrl":"https:\/\/www.koupeltech.com\/wp-content\/uploads\/2026\/SK0023247-CZ20260425-093449-0-1777080896-romotop-akumulacni-sada-horni-mammoth-pro-krbove-vlozky-s-p.webp","width":1000,"height":525},{"@type":"BreadcrumbList","@id":"https:\/\/www.koupeltech.com\/index.php\/produkt\/vyhodna-nabidka-romotop-akumulacni-sada-horni-mammoth-pro-krbove-vlozky-s-prumerem-odkoureni-200-mm-71561\/#breadcrumb","itemListElement":[{"@type":"ListItem","position":1,"name":"Home","item":"https:\/\/www.koupeltech.com\/"},{"@type":"ListItem","position":2,"name":"Products","item":"https:\/\/www.koupeltech.com\/index.php\/products\/"},{"@type":"ListItem","position":3,"name":"V\u00fdhodn\u00e1 Nab\u00eddka ROMOTOP Akumula\u010dn\u00ed sada horn\u00ed MAMMOTH pro krbov\u00e9 vlo\u017eky s pr\u016fm\u011brem odkou\u0159en\u00ed 200 mm"}]},{"@type":"WebSite","@id":"https:\/\/www.koupeltech.com\/#website","url":"https:\/\/www.koupeltech.com\/","name":"","description":"","potentialAction":[{"@type":"SearchAction","target":{"@type":"EntryPoint","urlTemplate":"https:\/\/www.koupeltech.com\/?s={search_term_string}"},"query-input":{"@type":"PropertyValueSpecification","valueRequired":true,"valueName":"search_term_string"}}],"inLanguage":"cs"}]}},"_links":{"self":[{"href":"https:\/\/www.koupeltech.com\/index.php\/wp-json\/wp\/v2\/product\/71561","targetHints":{"allow":["GET"]}}],"collection":[{"href":"https:\/\/www.koupeltech.com\/index.php\/wp-json\/wp\/v2\/product"}],"about":[{"href":"https:\/\/www.koupeltech.com\/index.php\/wp-json\/wp\/v2\/types\/product"}],"replies":[{"embeddable":true,"href":"https:\/\/www.koupeltech.com\/index.php\/wp-json\/wp\/v2\/comments?post=71561"}],"wp:featuredmedia":[{"embeddable":true,"href":"https:\/\/www.koupeltech.com\/index.php\/wp-json\/wp\/v2\/media\/71661"}],"wp:attachment":[{"href":"https:\/\/www.koupeltech.com\/index.php\/wp-json\/wp\/v2\/media?parent=71561"}],"wp:term":[{"taxonomy":"product_brand","embeddable":true,"href":"https:\/\/www.koupeltech.com\/index.php\/wp-json\/wp\/v2\/product_brand?post=71561"},{"taxonomy":"product_cat","embeddable":true,"href":"https:\/\/www.koupeltech.com\/index.php\/wp-json\/wp\/v2\/product_cat?post=71561"},{"taxonomy":"product_tag","embeddable":true,"href":"https:\/\/www.koupeltech.com\/index.php\/wp-json\/wp\/v2\/product_tag?post=71561"}],"curies":[{"name":"wp","href":"https:\/\/api.w.org\/{rel}","templated":true}]}}