{"id":71565,"date":"2026-04-27T14:06:54","date_gmt":"2026-04-27T14:06:54","guid":{"rendered":""},"modified":"2026-04-27T14:06:54","modified_gmt":"2026-04-27T14:06:54","slug":"romotop-akumulacni-sada-pro-krbova-kamna-luanco-akkum-02-zlevneny-71565","status":"publish","type":"product","link":"https:\/\/www.koupeltech.com\/index.php\/produkt\/romotop-akumulacni-sada-pro-krbova-kamna-luanco-akkum-02-zlevneny-71565\/","title":{"rendered":"ROMOTOP Akumula\u010dn\u00ed sada pro krbov\u00e1 kamna LUANCO (AKKUM 02) Zlevn\u011bn\u00fd"},"content":{"rendered":"<div id=\"e5364957\" class=\"pages\">\n<div>\n<div id=\"PDDescription\" class=\"UserContentView userContent v1a v1 bs-view dcon dc164 PDDescription\" ><dc-con><dc-con><bs-empty><\/bs-empty><\/dc-con><dc-con>        <\/p>\n<div class=\"customDescription\">                    <\/div>\n<p><\/dc-con><dc-con><![CDATA[\n\n<p><span style=\"text-align: justify;\">Krbov\u00e1 akumula\u010dn\u00ed kamna<\/span><span style=\"text-align: justify;\">\u00a0mohou b\u00fdt dopln\u011bna speci\u00e1ln\u00edmi akumula\u010dn\u00edmi tvarovkami ROMOTOP v prostoru nad spalovac\u00ed komorou. Touto &#8222;masou&#8220; akumula\u010dn\u00edch prvk\u016f lze prodlou\u017eit vyza\u0159ov\u00e1n\u00ed tepla z kamen a\u017e na 4 hodiny. Hmotnost akumula\u010dn\u00ed sady je 30 kg.<\/span><\/p>\n\n]]><\/dc-con><\/dc-con><\/div>\n<div id=\"PDDescription2\" class=\"UserContentView userContent v1a v1 bs-view dcon dc165 PDDescription2\" >\n<table class='techparam_table'>\n<tr>\n<td>Hmotnost<\/td>\n<td>30 kg<\/td>\n<\/tr>\n<\/table>\n<\/div><\/div>\n<div id=\"PDTable3\" class=\"ProductDetailTableView v3a v3 bs-view dcon dc185 PDTable3\" >\n<table>\n<thead><\/thead>\n<tbody>\n<tr class=\"attribute attr_typ\">\n<td class=\"caption\">Typ<\/td>\n<td class=\"value\">Akumula\u010dn\u00ed sada<\/td>\n<\/tr>\n<tr class=\"attribute attr_bsshop_maker\">\n<td class=\"caption\">V\u00fdrobce<\/td>\n<td class=\"value\">Romotop<\/td>\n<\/tr>\n<tr class=\"weight\">\n<td class=\"caption\"><span>Hmotnost<\/span><\/td>\n<td class=\"value\"><span>55,00 kg<\/span><\/td>\n<\/tr>\n<\/tbody>\n<\/table>\n<\/div>\n<div id=\"ProductMedia\" class=\"ProductMediaView MediaViewBase v1a v1 bs-view dcon dc409 ProductMedia\" ><bs-empty><\/bs-empty><\/p>\n<div class=\"files\">\n<div class=\"title sub\">Soubory<\/div>\n<p><a href=\"\/media\/12382\/akkum-02-technicka-dokumentace.pdf?&amp;key=ZGpmIyQwNUZfMTIzODI=\" class=\"pdf\">AKKUM 02_Technicka dokumentace<\/a><\/div>\n<p><bs-empty><\/bs-empty><\/div>\n<div id=\"PdProductGpsr\" class=\"ProductGpsrView v1a v1 bs-view dcon dc217 PdProductGpsr\" >\n<div class=\"subject\"><dc-root class=\"dcon dc219\"><span class=\"title\">Zodpov\u011bdn&#253; subjekt:<\/span><dc-con><dc-con><span class=\"company\">ROMOTOP spol. s r. o.<\/span><span class=\"name\">Romotop<\/span><\/dc-con><dc-con><span class=\"street\">Komensk&#233;ho 325<\/span><span class=\"city\">Suchdol nad Odrou<\/span><span class=\"zip\">742 01<\/span><span class=\"country\">\u010cesko<\/span><\/dc-con><span class=\"email\">info@romotop.cz<\/span><span class=\"phone\">606 203 331<\/span><bs-empty><\/bs-empty><a href=\"https:\/\/www.romotop.cz\/\" class=\"link\" target=\"_blank\">https:\/\/www.romotop.cz\/<\/a><\/dc-con><bs-empty><\/bs-empty><\/dc-root><\/div>\n<p><bs-empty><\/bs-empty><\/div>\n<\/div>\n<div id=\"e5364958\" class=\"tabs\">\n","protected":false},"excerpt":{"rendered":"<p>Krbov\u00e1 akumula\u010dn\u00ed kamna\u00a0mohou b\u00fdt dopln\u011bna speci\u00e1ln\u00edmi akumula\u010dn\u00edmi tvarovkami ROMOTOP v prostoru nad spalovac\u00ed komorou. Touto &#8222;masou&#8220; akumula\u010dn\u00edch prvk\u016f lze prodlou\u017eit vyza\u0159ov\u00e1n\u00ed tepla z kamen a\u017e na 4 hodiny. Hmotnost akumula\u010dn\u00ed sady je 30 kg. ]]&gt; Hmotnost 30 kg Typ Akumula\u010dn\u00ed sada V\u00fdrobce Romotop Hmotnost 55,00 kg Soubory AKKUM 02_Technicka dokumentace Zodpov\u011bdn&#253; subjekt:ROMOTOP spol. s r. [&hellip;]<\/p>\n","protected":false},"featured_media":71665,"comment_status":"open","ping_status":"open","template":"","meta":[],"product_brand":[],"product_cat":[103],"product_tag":[],"class_list":{"0":"post-71565","1":"product","2":"type-product","3":"status-publish","4":"has-post-thumbnail","6":"product_cat-krby-a-kamna","8":"first","9":"instock","10":"sale","11":"shipping-taxable","12":"purchasable","13":"product-type-simple"},"yoast_head":"<!-- This site is optimized with the Yoast SEO plugin v26.8 - https:\/\/yoast.com\/product\/yoast-seo-wordpress\/ -->\n<title>ROMOTOP Akumula\u010dn\u00ed sada pro krbov\u00e1 kamna LUANCO (AKKUM 02) Zlevn\u011bn\u00fd -<\/title>\n<meta name=\"robots\" content=\"index, follow, max-snippet:-1, max-image-preview:large, max-video-preview:-1\" \/>\n<link rel=\"canonical\" href=\"https:\/\/www.koupeltech.com\/index.php\/produkt\/romotop-akumulacni-sada-pro-krbova-kamna-luanco-akkum-02-zlevneny-71565\/\" \/>\n<meta property=\"og:locale\" content=\"cs_CZ\" \/>\n<meta property=\"og:type\" content=\"article\" \/>\n<meta property=\"og:title\" content=\"ROMOTOP Akumula\u010dn\u00ed sada pro krbov\u00e1 kamna LUANCO (AKKUM 02) Zlevn\u011bn\u00fd -\" \/>\n<meta property=\"og:description\" content=\"Krbov\u00e1 akumula\u010dn\u00ed kamna\u00a0mohou b\u00fdt dopln\u011bna speci\u00e1ln\u00edmi akumula\u010dn\u00edmi tvarovkami ROMOTOP v prostoru nad spalovac\u00ed komorou. Touto &#8222;masou&#8220; akumula\u010dn\u00edch prvk\u016f lze prodlou\u017eit vyza\u0159ov\u00e1n\u00ed tepla z kamen a\u017e na 4 hodiny. Hmotnost akumula\u010dn\u00ed sady je 30 kg. ]]&gt; Hmotnost 30 kg Typ Akumula\u010dn\u00ed sada V\u00fdrobce Romotop Hmotnost 55,00 kg Soubory AKKUM 02_Technicka dokumentace Zodpov\u011bdn&#253; subjekt:ROMOTOP spol. s r. [&hellip;]\" \/>\n<meta property=\"og:url\" content=\"https:\/\/www.koupeltech.com\/index.php\/produkt\/romotop-akumulacni-sada-pro-krbova-kamna-luanco-akkum-02-zlevneny-71565\/\" \/>\n<meta property=\"og:image\" content=\"https:\/\/www.koupeltech.com\/wp-content\/uploads\/2026\/SK0023251-CZ20260425-093449-0-1777080896-romotop-akumulacni-sada-pro-krbova-kamna-luanco-akkum-02.jp.webp\" \/>\n\t<meta property=\"og:image:width\" content=\"1000\" \/>\n\t<meta property=\"og:image:height\" content=\"525\" \/>\n\t<meta property=\"og:image:type\" content=\"image\/webp\" \/>\n<meta name=\"twitter:card\" content=\"summary_large_image\" \/>\n<script type=\"application\/ld+json\" class=\"yoast-schema-graph\">{\"@context\":\"https:\/\/schema.org\",\"@graph\":[{\"@type\":\"WebPage\",\"@id\":\"https:\/\/www.koupeltech.com\/index.php\/produkt\/romotop-akumulacni-sada-pro-krbova-kamna-luanco-akkum-02-zlevneny-71565\/\",\"url\":\"https:\/\/www.koupeltech.com\/index.php\/produkt\/romotop-akumulacni-sada-pro-krbova-kamna-luanco-akkum-02-zlevneny-71565\/\",\"name\":\"ROMOTOP Akumula\u010dn\u00ed sada pro krbov\u00e1 kamna LUANCO (AKKUM 02) Zlevn\u011bn\u00fd -\",\"isPartOf\":{\"@id\":\"https:\/\/www.koupeltech.com\/#website\"},\"primaryImageOfPage\":{\"@id\":\"https:\/\/www.koupeltech.com\/index.php\/produkt\/romotop-akumulacni-sada-pro-krbova-kamna-luanco-akkum-02-zlevneny-71565\/#primaryimage\"},\"image\":{\"@id\":\"https:\/\/www.koupeltech.com\/index.php\/produkt\/romotop-akumulacni-sada-pro-krbova-kamna-luanco-akkum-02-zlevneny-71565\/#primaryimage\"},\"thumbnailUrl\":\"https:\/\/www.koupeltech.com\/wp-content\/uploads\/2026\/SK0023251-CZ20260425-093449-0-1777080896-romotop-akumulacni-sada-pro-krbova-kamna-luanco-akkum-02.jp.webp\",\"datePublished\":\"2026-04-27T14:06:54+00:00\",\"breadcrumb\":{\"@id\":\"https:\/\/www.koupeltech.com\/index.php\/produkt\/romotop-akumulacni-sada-pro-krbova-kamna-luanco-akkum-02-zlevneny-71565\/#breadcrumb\"},\"inLanguage\":\"cs\",\"potentialAction\":[{\"@type\":\"ReadAction\",\"target\":[\"https:\/\/www.koupeltech.com\/index.php\/produkt\/romotop-akumulacni-sada-pro-krbova-kamna-luanco-akkum-02-zlevneny-71565\/\"]}]},{\"@type\":\"ImageObject\",\"inLanguage\":\"cs\",\"@id\":\"https:\/\/www.koupeltech.com\/index.php\/produkt\/romotop-akumulacni-sada-pro-krbova-kamna-luanco-akkum-02-zlevneny-71565\/#primaryimage\",\"url\":\"https:\/\/www.koupeltech.com\/wp-content\/uploads\/2026\/SK0023251-CZ20260425-093449-0-1777080896-romotop-akumulacni-sada-pro-krbova-kamna-luanco-akkum-02.jp.webp\",\"contentUrl\":\"https:\/\/www.koupeltech.com\/wp-content\/uploads\/2026\/SK0023251-CZ20260425-093449-0-1777080896-romotop-akumulacni-sada-pro-krbova-kamna-luanco-akkum-02.jp.webp\",\"width\":1000,\"height\":525},{\"@type\":\"BreadcrumbList\",\"@id\":\"https:\/\/www.koupeltech.com\/index.php\/produkt\/romotop-akumulacni-sada-pro-krbova-kamna-luanco-akkum-02-zlevneny-71565\/#breadcrumb\",\"itemListElement\":[{\"@type\":\"ListItem\",\"position\":1,\"name\":\"Home\",\"item\":\"https:\/\/www.koupeltech.com\/\"},{\"@type\":\"ListItem\",\"position\":2,\"name\":\"Products\",\"item\":\"https:\/\/www.koupeltech.com\/index.php\/products\/\"},{\"@type\":\"ListItem\",\"position\":3,\"name\":\"ROMOTOP Akumula\u010dn\u00ed sada pro krbov\u00e1 kamna LUANCO (AKKUM 02) Zlevn\u011bn\u00fd\"}]},{\"@type\":\"WebSite\",\"@id\":\"https:\/\/www.koupeltech.com\/#website\",\"url\":\"https:\/\/www.koupeltech.com\/\",\"name\":\"\",\"description\":\"\",\"potentialAction\":[{\"@type\":\"SearchAction\",\"target\":{\"@type\":\"EntryPoint\",\"urlTemplate\":\"https:\/\/www.koupeltech.com\/?s={search_term_string}\"},\"query-input\":{\"@type\":\"PropertyValueSpecification\",\"valueRequired\":true,\"valueName\":\"search_term_string\"}}],\"inLanguage\":\"cs\"}]}<\/script>\n<!-- \/ Yoast SEO plugin. -->","yoast_head_json":{"title":"ROMOTOP Akumula\u010dn\u00ed sada pro krbov\u00e1 kamna LUANCO (AKKUM 02) Zlevn\u011bn\u00fd -","robots":{"index":"index","follow":"follow","max-snippet":"max-snippet:-1","max-image-preview":"max-image-preview:large","max-video-preview":"max-video-preview:-1"},"canonical":"https:\/\/www.koupeltech.com\/index.php\/produkt\/romotop-akumulacni-sada-pro-krbova-kamna-luanco-akkum-02-zlevneny-71565\/","og_locale":"cs_CZ","og_type":"article","og_title":"ROMOTOP Akumula\u010dn\u00ed sada pro krbov\u00e1 kamna LUANCO (AKKUM 02) Zlevn\u011bn\u00fd -","og_description":"Krbov\u00e1 akumula\u010dn\u00ed kamna\u00a0mohou b\u00fdt dopln\u011bna speci\u00e1ln\u00edmi akumula\u010dn\u00edmi tvarovkami ROMOTOP v prostoru nad spalovac\u00ed komorou. Touto &#8222;masou&#8220; akumula\u010dn\u00edch prvk\u016f lze prodlou\u017eit vyza\u0159ov\u00e1n\u00ed tepla z kamen a\u017e na 4 hodiny. Hmotnost akumula\u010dn\u00ed sady je 30 kg. ]]&gt; Hmotnost 30 kg Typ Akumula\u010dn\u00ed sada V\u00fdrobce Romotop Hmotnost 55,00 kg Soubory AKKUM 02_Technicka dokumentace Zodpov\u011bdn&#253; subjekt:ROMOTOP spol. s r. [&hellip;]","og_url":"https:\/\/www.koupeltech.com\/index.php\/produkt\/romotop-akumulacni-sada-pro-krbova-kamna-luanco-akkum-02-zlevneny-71565\/","og_image":[{"width":1000,"height":525,"url":"https:\/\/www.koupeltech.com\/wp-content\/uploads\/2026\/SK0023251-CZ20260425-093449-0-1777080896-romotop-akumulacni-sada-pro-krbova-kamna-luanco-akkum-02.jp.webp","type":"image\/webp"}],"twitter_card":"summary_large_image","schema":{"@context":"https:\/\/schema.org","@graph":[{"@type":"WebPage","@id":"https:\/\/www.koupeltech.com\/index.php\/produkt\/romotop-akumulacni-sada-pro-krbova-kamna-luanco-akkum-02-zlevneny-71565\/","url":"https:\/\/www.koupeltech.com\/index.php\/produkt\/romotop-akumulacni-sada-pro-krbova-kamna-luanco-akkum-02-zlevneny-71565\/","name":"ROMOTOP Akumula\u010dn\u00ed sada pro krbov\u00e1 kamna LUANCO (AKKUM 02) Zlevn\u011bn\u00fd -","isPartOf":{"@id":"https:\/\/www.koupeltech.com\/#website"},"primaryImageOfPage":{"@id":"https:\/\/www.koupeltech.com\/index.php\/produkt\/romotop-akumulacni-sada-pro-krbova-kamna-luanco-akkum-02-zlevneny-71565\/#primaryimage"},"image":{"@id":"https:\/\/www.koupeltech.com\/index.php\/produkt\/romotop-akumulacni-sada-pro-krbova-kamna-luanco-akkum-02-zlevneny-71565\/#primaryimage"},"thumbnailUrl":"https:\/\/www.koupeltech.com\/wp-content\/uploads\/2026\/SK0023251-CZ20260425-093449-0-1777080896-romotop-akumulacni-sada-pro-krbova-kamna-luanco-akkum-02.jp.webp","datePublished":"2026-04-27T14:06:54+00:00","breadcrumb":{"@id":"https:\/\/www.koupeltech.com\/index.php\/produkt\/romotop-akumulacni-sada-pro-krbova-kamna-luanco-akkum-02-zlevneny-71565\/#breadcrumb"},"inLanguage":"cs","potentialAction":[{"@type":"ReadAction","target":["https:\/\/www.koupeltech.com\/index.php\/produkt\/romotop-akumulacni-sada-pro-krbova-kamna-luanco-akkum-02-zlevneny-71565\/"]}]},{"@type":"ImageObject","inLanguage":"cs","@id":"https:\/\/www.koupeltech.com\/index.php\/produkt\/romotop-akumulacni-sada-pro-krbova-kamna-luanco-akkum-02-zlevneny-71565\/#primaryimage","url":"https:\/\/www.koupeltech.com\/wp-content\/uploads\/2026\/SK0023251-CZ20260425-093449-0-1777080896-romotop-akumulacni-sada-pro-krbova-kamna-luanco-akkum-02.jp.webp","contentUrl":"https:\/\/www.koupeltech.com\/wp-content\/uploads\/2026\/SK0023251-CZ20260425-093449-0-1777080896-romotop-akumulacni-sada-pro-krbova-kamna-luanco-akkum-02.jp.webp","width":1000,"height":525},{"@type":"BreadcrumbList","@id":"https:\/\/www.koupeltech.com\/index.php\/produkt\/romotop-akumulacni-sada-pro-krbova-kamna-luanco-akkum-02-zlevneny-71565\/#breadcrumb","itemListElement":[{"@type":"ListItem","position":1,"name":"Home","item":"https:\/\/www.koupeltech.com\/"},{"@type":"ListItem","position":2,"name":"Products","item":"https:\/\/www.koupeltech.com\/index.php\/products\/"},{"@type":"ListItem","position":3,"name":"ROMOTOP Akumula\u010dn\u00ed sada pro krbov\u00e1 kamna LUANCO (AKKUM 02) Zlevn\u011bn\u00fd"}]},{"@type":"WebSite","@id":"https:\/\/www.koupeltech.com\/#website","url":"https:\/\/www.koupeltech.com\/","name":"","description":"","potentialAction":[{"@type":"SearchAction","target":{"@type":"EntryPoint","urlTemplate":"https:\/\/www.koupeltech.com\/?s={search_term_string}"},"query-input":{"@type":"PropertyValueSpecification","valueRequired":true,"valueName":"search_term_string"}}],"inLanguage":"cs"}]}},"_links":{"self":[{"href":"https:\/\/www.koupeltech.com\/index.php\/wp-json\/wp\/v2\/product\/71565","targetHints":{"allow":["GET"]}}],"collection":[{"href":"https:\/\/www.koupeltech.com\/index.php\/wp-json\/wp\/v2\/product"}],"about":[{"href":"https:\/\/www.koupeltech.com\/index.php\/wp-json\/wp\/v2\/types\/product"}],"replies":[{"embeddable":true,"href":"https:\/\/www.koupeltech.com\/index.php\/wp-json\/wp\/v2\/comments?post=71565"}],"wp:featuredmedia":[{"embeddable":true,"href":"https:\/\/www.koupeltech.com\/index.php\/wp-json\/wp\/v2\/media\/71665"}],"wp:attachment":[{"href":"https:\/\/www.koupeltech.com\/index.php\/wp-json\/wp\/v2\/media?parent=71565"}],"wp:term":[{"taxonomy":"product_brand","embeddable":true,"href":"https:\/\/www.koupeltech.com\/index.php\/wp-json\/wp\/v2\/product_brand?post=71565"},{"taxonomy":"product_cat","embeddable":true,"href":"https:\/\/www.koupeltech.com\/index.php\/wp-json\/wp\/v2\/product_cat?post=71565"},{"taxonomy":"product_tag","embeddable":true,"href":"https:\/\/www.koupeltech.com\/index.php\/wp-json\/wp\/v2\/product_tag?post=71565"}],"curies":[{"name":"wp","href":"https:\/\/api.w.org\/{rel}","templated":true}]}}