{"id":71572,"date":"2026-04-27T14:06:54","date_gmt":"2026-04-27T14:06:54","guid":{"rendered":""},"modified":"2026-04-27T14:06:54","modified_gmt":"2026-04-27T14:06:54","slug":"nova-kolekce-romotop-koleno-dvoudilne-150-135-2-mm-71572","status":"publish","type":"product","link":"https:\/\/www.koupeltech.com\/index.php\/produkt\/nova-kolekce-romotop-koleno-dvoudilne-150-135-2-mm-71572\/","title":{"rendered":"Nov\u00e1 Kolekce ROMOTOP Koleno dvoud\u00edln\u00e9 150\/135\/2 mm"},"content":{"rendered":"<div id=\"e5858108\" class=\"pages\">\n<div>\n<div id=\"PDDescription\" class=\"UserContentView userContent v1a v1 bs-view dcon dc164 PDDescription\" ><dc-con><dc-con><bs-empty><\/bs-empty><\/dc-con><dc-con>        <\/p>\n<div class=\"customDescription\">                    <\/div>\n<p><\/dc-con><dc-con><![CDATA[\n\n<p>\u00a0<\/p>\n\n]]><\/dc-con><\/dc-con><\/div>\n<div id=\"PDDescription2\" class=\"UserContentView userContent v1a v1 bs-view dcon dc165 PDDescription2\" >\n<table class='techparam_table'>\n<tr>\n<td>Hmotnost<\/td>\n<td>1.9 kg<\/td>\n<\/tr>\n<\/table>\n<\/div><\/div>\n<div id=\"PDTable3\" class=\"ProductDetailTableView v3a v3 bs-view dcon dc185 PDTable3\" >\n<table>\n<thead><\/thead>\n<tbody>\n<tr class=\"attribute attr_bsshop_maker\">\n<td class=\"caption\">V\u00fdrobce<\/td>\n<td class=\"value\">Romotop<\/td>\n<\/tr>\n<tr class=\"weight\">\n<td class=\"caption\"><span>Hmotnost<\/span><\/td>\n<td class=\"value\"><span>1,90 kg<\/span><\/td>\n<\/tr>\n<\/tbody>\n<\/table>\n<\/div>\n<div id=\"PdProductGpsr\" class=\"ProductGpsrView v1a v1 bs-view dcon dc217 PdProductGpsr\" >\n<div class=\"subject\"><dc-root class=\"dcon dc219\"><span class=\"title\">Zodpov\u011bdn&#253; subjekt:<\/span><dc-con><dc-con><span class=\"company\">ROMOTOP spol. s r. o.<\/span><span class=\"name\">Romotop<\/span><\/dc-con><dc-con><span class=\"street\">Komensk&#233;ho 325<\/span><span class=\"city\">Suchdol nad Odrou<\/span><span class=\"zip\">742 01<\/span><span class=\"country\">\u010cesko<\/span><\/dc-con><span class=\"email\">info@romotop.cz<\/span><span class=\"phone\">606 203 331<\/span><bs-empty><\/bs-empty><a href=\"https:\/\/www.romotop.cz\/\" class=\"link\" target=\"_blank\">https:\/\/www.romotop.cz\/<\/a><\/dc-con><bs-empty><\/bs-empty><\/dc-root><\/div>\n<p><bs-empty><\/bs-empty><\/div>\n<\/div>\n<div id=\"e5858109\" class=\"tabs\">\n","protected":false},"excerpt":{"rendered":"<p>\u00a0 ]]&gt; Hmotnost 1.9 kg V\u00fdrobce Romotop Hmotnost 1,90 kg Zodpov\u011bdn&#253; subjekt:ROMOTOP spol. s r. o.RomotopKomensk&#233;ho 325Suchdol nad Odrou742 01\u010ceskoinfo@romotop.cz606 203 331https:\/\/www.romotop.cz\/<\/p>\n","protected":false},"featured_media":71672,"comment_status":"open","ping_status":"open","template":"","meta":[],"product_brand":[],"product_cat":[98],"product_tag":[],"class_list":{"0":"post-71572","1":"product","2":"type-product","3":"status-publish","4":"has-post-thumbnail","6":"product_cat-kotle","8":"first","9":"instock","10":"sale","11":"shipping-taxable","12":"purchasable","13":"product-type-simple"},"yoast_head":"<!-- This site is optimized with the Yoast SEO plugin v26.8 - https:\/\/yoast.com\/product\/yoast-seo-wordpress\/ -->\n<title>Nov\u00e1 Kolekce ROMOTOP Koleno dvoud\u00edln\u00e9 150\/135\/2 mm -<\/title>\n<meta name=\"robots\" content=\"index, follow, max-snippet:-1, max-image-preview:large, max-video-preview:-1\" \/>\n<link rel=\"canonical\" href=\"https:\/\/www.koupeltech.com\/index.php\/produkt\/nova-kolekce-romotop-koleno-dvoudilne-150-135-2-mm-71572\/\" \/>\n<meta property=\"og:locale\" content=\"cs_CZ\" \/>\n<meta property=\"og:type\" content=\"article\" \/>\n<meta property=\"og:title\" content=\"Nov\u00e1 Kolekce ROMOTOP Koleno dvoud\u00edln\u00e9 150\/135\/2 mm -\" \/>\n<meta property=\"og:description\" content=\"\u00a0 ]]&gt; Hmotnost 1.9 kg V\u00fdrobce Romotop Hmotnost 1,90 kg Zodpov\u011bdn&#253; subjekt:ROMOTOP spol. s r. o.RomotopKomensk&#233;ho 325Suchdol nad Odrou742 01\u010ceskoinfo@romotop.cz606 203 331https:\/\/www.romotop.cz\/\" \/>\n<meta property=\"og:url\" content=\"https:\/\/www.koupeltech.com\/index.php\/produkt\/nova-kolekce-romotop-koleno-dvoudilne-150-135-2-mm-71572\/\" \/>\n<meta property=\"og:image\" content=\"https:\/\/www.koupeltech.com\/wp-content\/uploads\/2026\/SK0023268-CZ20260425-093449-0-1777080896-romotop-koleno-dvoudilne-150-135-2-mm.webp\" \/>\n\t<meta property=\"og:image:width\" content=\"1000\" \/>\n\t<meta property=\"og:image:height\" content=\"525\" \/>\n\t<meta property=\"og:image:type\" content=\"image\/webp\" \/>\n<meta name=\"twitter:card\" content=\"summary_large_image\" \/>\n<script type=\"application\/ld+json\" class=\"yoast-schema-graph\">{\"@context\":\"https:\/\/schema.org\",\"@graph\":[{\"@type\":\"WebPage\",\"@id\":\"https:\/\/www.koupeltech.com\/index.php\/produkt\/nova-kolekce-romotop-koleno-dvoudilne-150-135-2-mm-71572\/\",\"url\":\"https:\/\/www.koupeltech.com\/index.php\/produkt\/nova-kolekce-romotop-koleno-dvoudilne-150-135-2-mm-71572\/\",\"name\":\"Nov\u00e1 Kolekce ROMOTOP Koleno dvoud\u00edln\u00e9 150\/135\/2 mm -\",\"isPartOf\":{\"@id\":\"https:\/\/www.koupeltech.com\/#website\"},\"primaryImageOfPage\":{\"@id\":\"https:\/\/www.koupeltech.com\/index.php\/produkt\/nova-kolekce-romotop-koleno-dvoudilne-150-135-2-mm-71572\/#primaryimage\"},\"image\":{\"@id\":\"https:\/\/www.koupeltech.com\/index.php\/produkt\/nova-kolekce-romotop-koleno-dvoudilne-150-135-2-mm-71572\/#primaryimage\"},\"thumbnailUrl\":\"https:\/\/www.koupeltech.com\/wp-content\/uploads\/2026\/SK0023268-CZ20260425-093449-0-1777080896-romotop-koleno-dvoudilne-150-135-2-mm.webp\",\"datePublished\":\"2026-04-27T14:06:54+00:00\",\"breadcrumb\":{\"@id\":\"https:\/\/www.koupeltech.com\/index.php\/produkt\/nova-kolekce-romotop-koleno-dvoudilne-150-135-2-mm-71572\/#breadcrumb\"},\"inLanguage\":\"cs\",\"potentialAction\":[{\"@type\":\"ReadAction\",\"target\":[\"https:\/\/www.koupeltech.com\/index.php\/produkt\/nova-kolekce-romotop-koleno-dvoudilne-150-135-2-mm-71572\/\"]}]},{\"@type\":\"ImageObject\",\"inLanguage\":\"cs\",\"@id\":\"https:\/\/www.koupeltech.com\/index.php\/produkt\/nova-kolekce-romotop-koleno-dvoudilne-150-135-2-mm-71572\/#primaryimage\",\"url\":\"https:\/\/www.koupeltech.com\/wp-content\/uploads\/2026\/SK0023268-CZ20260425-093449-0-1777080896-romotop-koleno-dvoudilne-150-135-2-mm.webp\",\"contentUrl\":\"https:\/\/www.koupeltech.com\/wp-content\/uploads\/2026\/SK0023268-CZ20260425-093449-0-1777080896-romotop-koleno-dvoudilne-150-135-2-mm.webp\",\"width\":1000,\"height\":525},{\"@type\":\"BreadcrumbList\",\"@id\":\"https:\/\/www.koupeltech.com\/index.php\/produkt\/nova-kolekce-romotop-koleno-dvoudilne-150-135-2-mm-71572\/#breadcrumb\",\"itemListElement\":[{\"@type\":\"ListItem\",\"position\":1,\"name\":\"Home\",\"item\":\"https:\/\/www.koupeltech.com\/\"},{\"@type\":\"ListItem\",\"position\":2,\"name\":\"Products\",\"item\":\"https:\/\/www.koupeltech.com\/index.php\/products\/\"},{\"@type\":\"ListItem\",\"position\":3,\"name\":\"Nov\u00e1 Kolekce ROMOTOP Koleno dvoud\u00edln\u00e9 150\/135\/2 mm\"}]},{\"@type\":\"WebSite\",\"@id\":\"https:\/\/www.koupeltech.com\/#website\",\"url\":\"https:\/\/www.koupeltech.com\/\",\"name\":\"\",\"description\":\"\",\"potentialAction\":[{\"@type\":\"SearchAction\",\"target\":{\"@type\":\"EntryPoint\",\"urlTemplate\":\"https:\/\/www.koupeltech.com\/?s={search_term_string}\"},\"query-input\":{\"@type\":\"PropertyValueSpecification\",\"valueRequired\":true,\"valueName\":\"search_term_string\"}}],\"inLanguage\":\"cs\"}]}<\/script>\n<!-- \/ Yoast SEO plugin. -->","yoast_head_json":{"title":"Nov\u00e1 Kolekce ROMOTOP Koleno dvoud\u00edln\u00e9 150\/135\/2 mm -","robots":{"index":"index","follow":"follow","max-snippet":"max-snippet:-1","max-image-preview":"max-image-preview:large","max-video-preview":"max-video-preview:-1"},"canonical":"https:\/\/www.koupeltech.com\/index.php\/produkt\/nova-kolekce-romotop-koleno-dvoudilne-150-135-2-mm-71572\/","og_locale":"cs_CZ","og_type":"article","og_title":"Nov\u00e1 Kolekce ROMOTOP Koleno dvoud\u00edln\u00e9 150\/135\/2 mm -","og_description":"\u00a0 ]]&gt; Hmotnost 1.9 kg V\u00fdrobce Romotop Hmotnost 1,90 kg Zodpov\u011bdn&#253; subjekt:ROMOTOP spol. s r. o.RomotopKomensk&#233;ho 325Suchdol nad Odrou742 01\u010ceskoinfo@romotop.cz606 203 331https:\/\/www.romotop.cz\/","og_url":"https:\/\/www.koupeltech.com\/index.php\/produkt\/nova-kolekce-romotop-koleno-dvoudilne-150-135-2-mm-71572\/","og_image":[{"width":1000,"height":525,"url":"https:\/\/www.koupeltech.com\/wp-content\/uploads\/2026\/SK0023268-CZ20260425-093449-0-1777080896-romotop-koleno-dvoudilne-150-135-2-mm.webp","type":"image\/webp"}],"twitter_card":"summary_large_image","schema":{"@context":"https:\/\/schema.org","@graph":[{"@type":"WebPage","@id":"https:\/\/www.koupeltech.com\/index.php\/produkt\/nova-kolekce-romotop-koleno-dvoudilne-150-135-2-mm-71572\/","url":"https:\/\/www.koupeltech.com\/index.php\/produkt\/nova-kolekce-romotop-koleno-dvoudilne-150-135-2-mm-71572\/","name":"Nov\u00e1 Kolekce ROMOTOP Koleno dvoud\u00edln\u00e9 150\/135\/2 mm -","isPartOf":{"@id":"https:\/\/www.koupeltech.com\/#website"},"primaryImageOfPage":{"@id":"https:\/\/www.koupeltech.com\/index.php\/produkt\/nova-kolekce-romotop-koleno-dvoudilne-150-135-2-mm-71572\/#primaryimage"},"image":{"@id":"https:\/\/www.koupeltech.com\/index.php\/produkt\/nova-kolekce-romotop-koleno-dvoudilne-150-135-2-mm-71572\/#primaryimage"},"thumbnailUrl":"https:\/\/www.koupeltech.com\/wp-content\/uploads\/2026\/SK0023268-CZ20260425-093449-0-1777080896-romotop-koleno-dvoudilne-150-135-2-mm.webp","datePublished":"2026-04-27T14:06:54+00:00","breadcrumb":{"@id":"https:\/\/www.koupeltech.com\/index.php\/produkt\/nova-kolekce-romotop-koleno-dvoudilne-150-135-2-mm-71572\/#breadcrumb"},"inLanguage":"cs","potentialAction":[{"@type":"ReadAction","target":["https:\/\/www.koupeltech.com\/index.php\/produkt\/nova-kolekce-romotop-koleno-dvoudilne-150-135-2-mm-71572\/"]}]},{"@type":"ImageObject","inLanguage":"cs","@id":"https:\/\/www.koupeltech.com\/index.php\/produkt\/nova-kolekce-romotop-koleno-dvoudilne-150-135-2-mm-71572\/#primaryimage","url":"https:\/\/www.koupeltech.com\/wp-content\/uploads\/2026\/SK0023268-CZ20260425-093449-0-1777080896-romotop-koleno-dvoudilne-150-135-2-mm.webp","contentUrl":"https:\/\/www.koupeltech.com\/wp-content\/uploads\/2026\/SK0023268-CZ20260425-093449-0-1777080896-romotop-koleno-dvoudilne-150-135-2-mm.webp","width":1000,"height":525},{"@type":"BreadcrumbList","@id":"https:\/\/www.koupeltech.com\/index.php\/produkt\/nova-kolekce-romotop-koleno-dvoudilne-150-135-2-mm-71572\/#breadcrumb","itemListElement":[{"@type":"ListItem","position":1,"name":"Home","item":"https:\/\/www.koupeltech.com\/"},{"@type":"ListItem","position":2,"name":"Products","item":"https:\/\/www.koupeltech.com\/index.php\/products\/"},{"@type":"ListItem","position":3,"name":"Nov\u00e1 Kolekce ROMOTOP Koleno dvoud\u00edln\u00e9 150\/135\/2 mm"}]},{"@type":"WebSite","@id":"https:\/\/www.koupeltech.com\/#website","url":"https:\/\/www.koupeltech.com\/","name":"","description":"","potentialAction":[{"@type":"SearchAction","target":{"@type":"EntryPoint","urlTemplate":"https:\/\/www.koupeltech.com\/?s={search_term_string}"},"query-input":{"@type":"PropertyValueSpecification","valueRequired":true,"valueName":"search_term_string"}}],"inLanguage":"cs"}]}},"_links":{"self":[{"href":"https:\/\/www.koupeltech.com\/index.php\/wp-json\/wp\/v2\/product\/71572","targetHints":{"allow":["GET"]}}],"collection":[{"href":"https:\/\/www.koupeltech.com\/index.php\/wp-json\/wp\/v2\/product"}],"about":[{"href":"https:\/\/www.koupeltech.com\/index.php\/wp-json\/wp\/v2\/types\/product"}],"replies":[{"embeddable":true,"href":"https:\/\/www.koupeltech.com\/index.php\/wp-json\/wp\/v2\/comments?post=71572"}],"wp:featuredmedia":[{"embeddable":true,"href":"https:\/\/www.koupeltech.com\/index.php\/wp-json\/wp\/v2\/media\/71672"}],"wp:attachment":[{"href":"https:\/\/www.koupeltech.com\/index.php\/wp-json\/wp\/v2\/media?parent=71572"}],"wp:term":[{"taxonomy":"product_brand","embeddable":true,"href":"https:\/\/www.koupeltech.com\/index.php\/wp-json\/wp\/v2\/product_brand?post=71572"},{"taxonomy":"product_cat","embeddable":true,"href":"https:\/\/www.koupeltech.com\/index.php\/wp-json\/wp\/v2\/product_cat?post=71572"},{"taxonomy":"product_tag","embeddable":true,"href":"https:\/\/www.koupeltech.com\/index.php\/wp-json\/wp\/v2\/product_tag?post=71572"}],"curies":[{"name":"wp","href":"https:\/\/api.w.org\/{rel}","templated":true}]}}