{"id":71975,"date":"2026-04-27T14:06:57","date_gmt":"2026-04-27T14:06:57","guid":{"rendered":""},"modified":"2026-04-27T14:06:57","modified_gmt":"2026-04-27T14:06:57","slug":"akce-santech-akrylatova-vana-gemini-170-x-75-cm-leva-71975","status":"publish","type":"product","link":"https:\/\/www.koupeltech.com\/index.php\/produkt\/akce-santech-akrylatova-vana-gemini-170-x-75-cm-leva-71975\/","title":{"rendered":"Akce SANTECH Akryl\u00e1tov\u00e1 vana GEMINI 170 x 75 cm, lev\u00e1"},"content":{"rendered":"<div id=\"e5963614\" class=\"pages\">\n<div>\n<div id=\"PDDescription\" class=\"UserContentView userContent v1a v1 bs-view dcon dc164 PDDescription\" ><dc-con><dc-con><bs-empty><\/bs-empty><\/dc-con><dc-con>        <\/p>\n<div class=\"customDescription\">                    <\/div>\n<p><\/dc-con><dc-con>Klasick\u00e1 obd\u00e9ln\u00edkov\u00e1 vana je st\u00e1le obl\u00edben\u011bj\u0161\u00ed volbou v modern\u00edch koupeln\u00e1ch, proto jsme uvedli na trh novinku roku 2011, akryl\u00e1tovou vanu Gemini. Hranat\u00fd vn\u011bj\u0161\u00ed tvar zjem\u0148uje zaoblen\u00fd vnit\u0159n\u00ed prostor, \u010d\u00edm\u017e van\u011b dod\u00e1vaj\u00ed velmi jemn\u00fd a elegantn\u00ed vzhled. Tato vana m\u00e1 oboustrann\u00e9 le\u017een\u00ed, kdy si m\u016f\u017eete vybrat nejen stranu le\u017een\u00ed, ale je vhodn\u00e1 i pro koupel dvou osob, co\u017e je podpo\u0159eno i um\u00edst\u011bn\u00edm odpadn\u00edho otvoru uprost\u0159ed vany.<\/dc-con><\/dc-con><\/div>\n<\/p><\/div>\n<div id=\"PDTable3\" class=\"ProductDetailTableView v3a v3 bs-view dcon dc185 PDTable3\" >\n<table>\n<thead><\/thead>\n<tbody>\n<tr class=\"attribute attr_typ\">\n<td class=\"caption\">Typ<\/td>\n<td class=\"value\">Asymetrick\u00e9 vany<\/td>\n<\/tr>\n<tr class=\"attribute attr_delka\">\n<td class=\"caption\">D\u00e9lka v mm<\/td>\n<td class=\"value\">1700 mm<\/td>\n<\/tr>\n<tr class=\"attribute attr_pouziti\">\n<td class=\"caption\">Pou\u017eit\u00ed<\/td>\n<td class=\"value\">Lev\u00e1<\/td>\n<\/tr>\n<tr class=\"attribute attr_bsshop_maker\">\n<td class=\"caption\">V\u00fdrobce<\/td>\n<td class=\"value\">Santech<\/td>\n<\/tr>\n<\/tbody>\n<\/table>\n<\/div>\n<\/div>\n<div id=\"e5963615\" class=\"tabs\">\n","protected":false},"excerpt":{"rendered":"<p>Klasick\u00e1 obd\u00e9ln\u00edkov\u00e1 vana je st\u00e1le obl\u00edben\u011bj\u0161\u00ed volbou v modern\u00edch koupeln\u00e1ch, proto jsme uvedli na trh novinku roku 2011, akryl\u00e1tovou vanu Gemini. Hranat\u00fd vn\u011bj\u0161\u00ed tvar zjem\u0148uje zaoblen\u00fd vnit\u0159n\u00ed prostor, \u010d\u00edm\u017e van\u011b dod\u00e1vaj\u00ed velmi jemn\u00fd a elegantn\u00ed vzhled. Tato vana m\u00e1 oboustrann\u00e9 le\u017een\u00ed, kdy si m\u016f\u017eete vybrat nejen stranu le\u017een\u00ed, ale je vhodn\u00e1 i pro koupel dvou [&hellip;]<\/p>\n","protected":false},"featured_media":72075,"comment_status":"open","ping_status":"open","template":"","meta":[],"product_brand":[],"product_cat":[94],"product_tag":[],"class_list":{"0":"post-71975","1":"product","2":"type-product","3":"status-publish","4":"has-post-thumbnail","6":"product_cat-vybaven-237-koupelny","8":"first","9":"instock","10":"sale","11":"shipping-taxable","12":"purchasable","13":"product-type-simple"},"yoast_head":"<!-- This site is optimized with the Yoast SEO plugin v26.8 - https:\/\/yoast.com\/product\/yoast-seo-wordpress\/ -->\n<title>Akce SANTECH Akryl\u00e1tov\u00e1 vana GEMINI 170 x 75 cm, lev\u00e1 -<\/title>\n<meta name=\"robots\" content=\"index, follow, max-snippet:-1, max-image-preview:large, max-video-preview:-1\" \/>\n<link rel=\"canonical\" href=\"https:\/\/www.koupeltech.com\/index.php\/produkt\/akce-santech-akrylatova-vana-gemini-170-x-75-cm-leva-71975\/\" \/>\n<meta property=\"og:locale\" content=\"cs_CZ\" \/>\n<meta property=\"og:type\" content=\"article\" \/>\n<meta property=\"og:title\" content=\"Akce SANTECH Akryl\u00e1tov\u00e1 vana GEMINI 170 x 75 cm, lev\u00e1 -\" \/>\n<meta property=\"og:description\" content=\"Klasick\u00e1 obd\u00e9ln\u00edkov\u00e1 vana je st\u00e1le obl\u00edben\u011bj\u0161\u00ed volbou v modern\u00edch koupeln\u00e1ch, proto jsme uvedli na trh novinku roku 2011, akryl\u00e1tovou vanu Gemini. Hranat\u00fd vn\u011bj\u0161\u00ed tvar zjem\u0148uje zaoblen\u00fd vnit\u0159n\u00ed prostor, \u010d\u00edm\u017e van\u011b dod\u00e1vaj\u00ed velmi jemn\u00fd a elegantn\u00ed vzhled. Tato vana m\u00e1 oboustrann\u00e9 le\u017een\u00ed, kdy si m\u016f\u017eete vybrat nejen stranu le\u017een\u00ed, ale je vhodn\u00e1 i pro koupel dvou [&hellip;]\" \/>\n<meta property=\"og:url\" content=\"https:\/\/www.koupeltech.com\/index.php\/produkt\/akce-santech-akrylatova-vana-gemini-170-x-75-cm-leva-71975\/\" \/>\n<meta property=\"og:image\" content=\"https:\/\/www.koupeltech.com\/wp-content\/uploads\/2026\/SK0023471-CZ20260425-093449-0-1777080896-santech-akrylatova-vana-gemini-170-x-75-cm-leva.webp\" \/>\n\t<meta property=\"og:image:width\" content=\"1000\" \/>\n\t<meta property=\"og:image:height\" content=\"525\" \/>\n\t<meta property=\"og:image:type\" content=\"image\/webp\" \/>\n<meta name=\"twitter:card\" content=\"summary_large_image\" \/>\n<script type=\"application\/ld+json\" class=\"yoast-schema-graph\">{\"@context\":\"https:\/\/schema.org\",\"@graph\":[{\"@type\":\"WebPage\",\"@id\":\"https:\/\/www.koupeltech.com\/index.php\/produkt\/akce-santech-akrylatova-vana-gemini-170-x-75-cm-leva-71975\/\",\"url\":\"https:\/\/www.koupeltech.com\/index.php\/produkt\/akce-santech-akrylatova-vana-gemini-170-x-75-cm-leva-71975\/\",\"name\":\"Akce SANTECH Akryl\u00e1tov\u00e1 vana GEMINI 170 x 75 cm, lev\u00e1 -\",\"isPartOf\":{\"@id\":\"https:\/\/www.koupeltech.com\/#website\"},\"primaryImageOfPage\":{\"@id\":\"https:\/\/www.koupeltech.com\/index.php\/produkt\/akce-santech-akrylatova-vana-gemini-170-x-75-cm-leva-71975\/#primaryimage\"},\"image\":{\"@id\":\"https:\/\/www.koupeltech.com\/index.php\/produkt\/akce-santech-akrylatova-vana-gemini-170-x-75-cm-leva-71975\/#primaryimage\"},\"thumbnailUrl\":\"https:\/\/www.koupeltech.com\/wp-content\/uploads\/2026\/SK0023471-CZ20260425-093449-0-1777080896-santech-akrylatova-vana-gemini-170-x-75-cm-leva.webp\",\"datePublished\":\"2026-04-27T14:06:57+00:00\",\"breadcrumb\":{\"@id\":\"https:\/\/www.koupeltech.com\/index.php\/produkt\/akce-santech-akrylatova-vana-gemini-170-x-75-cm-leva-71975\/#breadcrumb\"},\"inLanguage\":\"cs\",\"potentialAction\":[{\"@type\":\"ReadAction\",\"target\":[\"https:\/\/www.koupeltech.com\/index.php\/produkt\/akce-santech-akrylatova-vana-gemini-170-x-75-cm-leva-71975\/\"]}]},{\"@type\":\"ImageObject\",\"inLanguage\":\"cs\",\"@id\":\"https:\/\/www.koupeltech.com\/index.php\/produkt\/akce-santech-akrylatova-vana-gemini-170-x-75-cm-leva-71975\/#primaryimage\",\"url\":\"https:\/\/www.koupeltech.com\/wp-content\/uploads\/2026\/SK0023471-CZ20260425-093449-0-1777080896-santech-akrylatova-vana-gemini-170-x-75-cm-leva.webp\",\"contentUrl\":\"https:\/\/www.koupeltech.com\/wp-content\/uploads\/2026\/SK0023471-CZ20260425-093449-0-1777080896-santech-akrylatova-vana-gemini-170-x-75-cm-leva.webp\",\"width\":1000,\"height\":525},{\"@type\":\"BreadcrumbList\",\"@id\":\"https:\/\/www.koupeltech.com\/index.php\/produkt\/akce-santech-akrylatova-vana-gemini-170-x-75-cm-leva-71975\/#breadcrumb\",\"itemListElement\":[{\"@type\":\"ListItem\",\"position\":1,\"name\":\"Home\",\"item\":\"https:\/\/www.koupeltech.com\/\"},{\"@type\":\"ListItem\",\"position\":2,\"name\":\"Products\",\"item\":\"https:\/\/www.koupeltech.com\/index.php\/products\/\"},{\"@type\":\"ListItem\",\"position\":3,\"name\":\"Akce SANTECH Akryl\u00e1tov\u00e1 vana GEMINI 170 x 75 cm, lev\u00e1\"}]},{\"@type\":\"WebSite\",\"@id\":\"https:\/\/www.koupeltech.com\/#website\",\"url\":\"https:\/\/www.koupeltech.com\/\",\"name\":\"\",\"description\":\"\",\"potentialAction\":[{\"@type\":\"SearchAction\",\"target\":{\"@type\":\"EntryPoint\",\"urlTemplate\":\"https:\/\/www.koupeltech.com\/?s={search_term_string}\"},\"query-input\":{\"@type\":\"PropertyValueSpecification\",\"valueRequired\":true,\"valueName\":\"search_term_string\"}}],\"inLanguage\":\"cs\"}]}<\/script>\n<!-- \/ Yoast SEO plugin. -->","yoast_head_json":{"title":"Akce SANTECH Akryl\u00e1tov\u00e1 vana GEMINI 170 x 75 cm, lev\u00e1 -","robots":{"index":"index","follow":"follow","max-snippet":"max-snippet:-1","max-image-preview":"max-image-preview:large","max-video-preview":"max-video-preview:-1"},"canonical":"https:\/\/www.koupeltech.com\/index.php\/produkt\/akce-santech-akrylatova-vana-gemini-170-x-75-cm-leva-71975\/","og_locale":"cs_CZ","og_type":"article","og_title":"Akce SANTECH Akryl\u00e1tov\u00e1 vana GEMINI 170 x 75 cm, lev\u00e1 -","og_description":"Klasick\u00e1 obd\u00e9ln\u00edkov\u00e1 vana je st\u00e1le obl\u00edben\u011bj\u0161\u00ed volbou v modern\u00edch koupeln\u00e1ch, proto jsme uvedli na trh novinku roku 2011, akryl\u00e1tovou vanu Gemini. Hranat\u00fd vn\u011bj\u0161\u00ed tvar zjem\u0148uje zaoblen\u00fd vnit\u0159n\u00ed prostor, \u010d\u00edm\u017e van\u011b dod\u00e1vaj\u00ed velmi jemn\u00fd a elegantn\u00ed vzhled. Tato vana m\u00e1 oboustrann\u00e9 le\u017een\u00ed, kdy si m\u016f\u017eete vybrat nejen stranu le\u017een\u00ed, ale je vhodn\u00e1 i pro koupel dvou [&hellip;]","og_url":"https:\/\/www.koupeltech.com\/index.php\/produkt\/akce-santech-akrylatova-vana-gemini-170-x-75-cm-leva-71975\/","og_image":[{"width":1000,"height":525,"url":"https:\/\/www.koupeltech.com\/wp-content\/uploads\/2026\/SK0023471-CZ20260425-093449-0-1777080896-santech-akrylatova-vana-gemini-170-x-75-cm-leva.webp","type":"image\/webp"}],"twitter_card":"summary_large_image","schema":{"@context":"https:\/\/schema.org","@graph":[{"@type":"WebPage","@id":"https:\/\/www.koupeltech.com\/index.php\/produkt\/akce-santech-akrylatova-vana-gemini-170-x-75-cm-leva-71975\/","url":"https:\/\/www.koupeltech.com\/index.php\/produkt\/akce-santech-akrylatova-vana-gemini-170-x-75-cm-leva-71975\/","name":"Akce SANTECH Akryl\u00e1tov\u00e1 vana GEMINI 170 x 75 cm, lev\u00e1 -","isPartOf":{"@id":"https:\/\/www.koupeltech.com\/#website"},"primaryImageOfPage":{"@id":"https:\/\/www.koupeltech.com\/index.php\/produkt\/akce-santech-akrylatova-vana-gemini-170-x-75-cm-leva-71975\/#primaryimage"},"image":{"@id":"https:\/\/www.koupeltech.com\/index.php\/produkt\/akce-santech-akrylatova-vana-gemini-170-x-75-cm-leva-71975\/#primaryimage"},"thumbnailUrl":"https:\/\/www.koupeltech.com\/wp-content\/uploads\/2026\/SK0023471-CZ20260425-093449-0-1777080896-santech-akrylatova-vana-gemini-170-x-75-cm-leva.webp","datePublished":"2026-04-27T14:06:57+00:00","breadcrumb":{"@id":"https:\/\/www.koupeltech.com\/index.php\/produkt\/akce-santech-akrylatova-vana-gemini-170-x-75-cm-leva-71975\/#breadcrumb"},"inLanguage":"cs","potentialAction":[{"@type":"ReadAction","target":["https:\/\/www.koupeltech.com\/index.php\/produkt\/akce-santech-akrylatova-vana-gemini-170-x-75-cm-leva-71975\/"]}]},{"@type":"ImageObject","inLanguage":"cs","@id":"https:\/\/www.koupeltech.com\/index.php\/produkt\/akce-santech-akrylatova-vana-gemini-170-x-75-cm-leva-71975\/#primaryimage","url":"https:\/\/www.koupeltech.com\/wp-content\/uploads\/2026\/SK0023471-CZ20260425-093449-0-1777080896-santech-akrylatova-vana-gemini-170-x-75-cm-leva.webp","contentUrl":"https:\/\/www.koupeltech.com\/wp-content\/uploads\/2026\/SK0023471-CZ20260425-093449-0-1777080896-santech-akrylatova-vana-gemini-170-x-75-cm-leva.webp","width":1000,"height":525},{"@type":"BreadcrumbList","@id":"https:\/\/www.koupeltech.com\/index.php\/produkt\/akce-santech-akrylatova-vana-gemini-170-x-75-cm-leva-71975\/#breadcrumb","itemListElement":[{"@type":"ListItem","position":1,"name":"Home","item":"https:\/\/www.koupeltech.com\/"},{"@type":"ListItem","position":2,"name":"Products","item":"https:\/\/www.koupeltech.com\/index.php\/products\/"},{"@type":"ListItem","position":3,"name":"Akce SANTECH Akryl\u00e1tov\u00e1 vana GEMINI 170 x 75 cm, lev\u00e1"}]},{"@type":"WebSite","@id":"https:\/\/www.koupeltech.com\/#website","url":"https:\/\/www.koupeltech.com\/","name":"","description":"","potentialAction":[{"@type":"SearchAction","target":{"@type":"EntryPoint","urlTemplate":"https:\/\/www.koupeltech.com\/?s={search_term_string}"},"query-input":{"@type":"PropertyValueSpecification","valueRequired":true,"valueName":"search_term_string"}}],"inLanguage":"cs"}]}},"_links":{"self":[{"href":"https:\/\/www.koupeltech.com\/index.php\/wp-json\/wp\/v2\/product\/71975","targetHints":{"allow":["GET"]}}],"collection":[{"href":"https:\/\/www.koupeltech.com\/index.php\/wp-json\/wp\/v2\/product"}],"about":[{"href":"https:\/\/www.koupeltech.com\/index.php\/wp-json\/wp\/v2\/types\/product"}],"replies":[{"embeddable":true,"href":"https:\/\/www.koupeltech.com\/index.php\/wp-json\/wp\/v2\/comments?post=71975"}],"wp:featuredmedia":[{"embeddable":true,"href":"https:\/\/www.koupeltech.com\/index.php\/wp-json\/wp\/v2\/media\/72075"}],"wp:attachment":[{"href":"https:\/\/www.koupeltech.com\/index.php\/wp-json\/wp\/v2\/media?parent=71975"}],"wp:term":[{"taxonomy":"product_brand","embeddable":true,"href":"https:\/\/www.koupeltech.com\/index.php\/wp-json\/wp\/v2\/product_brand?post=71975"},{"taxonomy":"product_cat","embeddable":true,"href":"https:\/\/www.koupeltech.com\/index.php\/wp-json\/wp\/v2\/product_cat?post=71975"},{"taxonomy":"product_tag","embeddable":true,"href":"https:\/\/www.koupeltech.com\/index.php\/wp-json\/wp\/v2\/product_tag?post=71975"}],"curies":[{"name":"wp","href":"https:\/\/api.w.org\/{rel}","templated":true}]}}