{"id":72176,"date":"2026-04-27T14:06:59","date_gmt":"2026-04-27T14:06:59","guid":{"rendered":""},"modified":"2026-04-27T14:06:59","modified_gmt":"2026-04-27T14:06:59","slug":"znackovy-axis-tramontana-860-0e-night-glow-72176","status":"publish","type":"product","link":"https:\/\/www.koupeltech.com\/index.php\/produkt\/znackovy-axis-tramontana-860-0e-night-glow-72176\/","title":{"rendered":"Zna\u010dkov\u00fd Axis Tramontana 860.0E Night glow"},"content":{"rendered":"<div id=\"e5519636\" class=\"pages\">\n<div>\n<div id=\"PDDescription\" class=\"UserContentView userContent v1a v1 bs-view dcon dc164 PDDescription\" ><dc-con><dc-con><bs-empty><\/bs-empty><\/dc-con><dc-con>        <\/p>\n<div class=\"customDescription\">                    <\/div>\n<p><\/dc-con><dc-con><\/p>\n<div class=\"rowNewText\">\n<p><b>Axis Kitchen<\/b>&nbsp;je evropsk\u00e1 zna\u010dka kuchy\u0148sk\u00e9ho vybaven\u00ed, kter\u00e1 se specifikuje na v\u00fdrobu a prodej kvalitn\u00edch \u017eulov\u00fdch d\u0159ez\u016f. Spole\u010dnost pat\u0159\u00ed mezi \u0161pi\u010dky na trhu v segmentu d\u0159ez\u016f a kuchy\u0148sk\u00fdch bateri\u00ed. Produkty se vyzna\u010duj\u00ed atraktivn\u00edm designem a vysokou kvalitou zpracov\u00e1n\u00ed.&nbsp;&nbsp;<\/p>\n<\/div>\n<div class=\"rowNewText\">\n<p>Granitov\u00fd d\u0159ez s&nbsp;odkapem&nbsp;<b>Axis Tramontana 860.0E<\/b>&nbsp;v&nbsp;nad\u010dasov\u00e9m designu je velmi obl\u00edben\u00fd model u z\u00e1kazn\u00edk\u016f. Svou oblibu si z\u00edskal sv\u00fdmi skv\u011bl\u00fdmi rozm\u011bry a jednoduch\u00fdm vzhledem. D\u0159ez se zaru\u010den\u011b hod\u00ed do jak\u00e9koli kuchyn\u011b, snadno k n\u011bmu dolad\u00edte chromovou nebo granitovou kuchy\u0148skou baterii. U tohoto d\u0159ezu ocen\u00edte jeho hladk\u00fd povrch a vysp\u00e1dovanou pracovn\u00ed plochu, kter\u00e1 je m\u00edrn\u011b zapu\u0161t\u011bna a t\u00edm odli\u0161uje d\u0159ez od ostatn\u00edch model\u016f.<\/p>\n<\/div>\n<div class=\"rowNewText\">\n<p>Ide\u00e1ln\u00ed velk\u00e1 vani\u010dka i dostate\u010dn\u011b velk\u00e1 odkl\u00e1dac\u00ed prostor.&nbsp;Komora d\u0159ezu o hloubce 20 cm je dostate\u010dn\u00e1 pro <b>pohodln\u00e9 myt\u00ed n\u00e1dob\u00ed<\/b>. Praktick\u00fd odkap vyu\u017eijete pro odkl\u00e1d\u00e1n\u00ed n\u00e1dob\u00ed, zeleniny nebo p\u0159i rozmrazov\u00e1n\u00ed potravin. D\u0159ez m\u00e1 ji\u017e vytvo\u0159en\u00e9 otvory pro baterii i excentrick\u00e9 ovl\u00e1d\u00e1n\u00ed. <\/p>\n<\/div>\n<div class=\"rowNewText\">\n<p>Kuchy\u0148sk\u00fd d\u0159ez Axis Tramontana 860.0E je ur\u010den pro&nbsp;<b>horn\u00ed mont\u00e1\u017e<\/b>, minim\u00e1ln\u00ed \u0161\u00ed\u0159ka sk\u0159\u00ed\u0148ky je 60 cm.&nbsp;Sou\u010d\u00e1sti vybaven\u00ed d\u0159ezu je i excentrick\u00e9 ovl\u00e1d\u00e1n\u00ed. Automatick\u00e9 uzav\u0159en\u00ed odtoku je syst\u00e9m, kter\u00fd umo\u017e\u0148uje zav\u0159\u00edt a otev\u0159\u00edt odtok vody pomoc\u00ed knofl\u00edku. D\u016fle\u017eitou v\u00fdhodou tohoto \u0159e\u0161en\u00ed je skute\u010dnost, \u017ee jeden pohyb sta\u010d\u00ed k okam\u017eit\u00e9mu odemknut\u00ed vody, ani\u017e byste museli pono\u0159it ruce.&nbsp;&nbsp;<\/p>\n<\/div>\n<div class=\"rowNewText\">\n<p>Mezi hlavn\u00ed <b>v\u00fdhody <\/b>granitov\u00fdch d\u0159ez\u016f pat\u0159\u00ed jejich odolnost v\u016f\u010di \u0161kr\u00e1banc\u016fm, teplotn\u00edm \u0161ok\u016fm, vysok\u00fdm teplot\u00e1m a n\u00e1raz\u016fm.&nbsp;<\/p>\n<\/div>\n<div class=\"rowNewText\">\n<p><b>Kl\u00ed\u010dov\u00e9 vlastnosti kuchy\u0148sk\u00e9ho d\u0159ezu AXIS TRAMONTANA 860.0E<\/b><\/p>\n<\/div>\n<div class=\"rowNewText\">\n<ul>\n<li>granitov\u00fd d\u0159ez s praktick\u00fdm odkap\u00e1va\u010dem a s excentrick\u00fdm ovl\u00e1d\u00e1n\u00edm<\/li>\n<li>v barv\u011b b\u00edl\u00e9, \u010dern\u00e9, \u0161ed\u00e9 a k\u00e1vov\u00e9<\/li>\n<li>Tramontana 860.0E m\u00e1 prodlou\u017eenou 10-ti letou z\u00e1ruku<\/li>\n<li>pat\u0159\u00ed mezi nejobl\u00edben\u011bj\u0161\u00ed d\u0159ezy na\u0161ich z\u00e1kazn\u00edk\u016f<\/li>\n<li>dostate\u010dn\u011b hlubok\u00e1 (20 cm) vani\u010dka d\u0159ezu pro pohodln\u00e9 myt\u00ed n\u00e1dob\u00ed<\/li>\n<li>praktick\u00fd odkap pro odkl\u00e1d\u00e1n\u00ed n\u00e1dob\u00ed<\/li>\n<li>automatick\u00e9 uzav\u0159en\u00ed odtoku &#8211; excentr je sou\u010d\u00e1sti vybaven\u00ed d\u0159ezu<\/li>\n<li>granitov\u00fd d\u0159ez odoln\u00fd proti po\u0161kr\u00e1ban\u00ed i vysok\u00fdm teplot\u00e1m<\/li>\n<li>d\u0159ez je vhodn\u00fd do sk\u0159\u00ed\u0148ky od 60 cm<\/li>\n<li>horn\u00ed mont\u00e1\u017e d\u0159ezu<\/li>\n<\/ul>\n<\/div>\n<div class=\"rowNewText\">\n<p><i>Mal\u00fd trik: jednou za t\u00fdden doporu\u010dujeme d\u0159ez naimpregnovat jedl\u00fdm kuchy\u0148sk\u00fdm olejem. Such\u00fd a \u010dist\u00fd d\u0159ez pot\u0159ete pomoc\u00ed ut\u011brky olejem. Nech\u00e1te n\u011bkolik minut p\u016fsobit a set\u0159ete \u010distou ut\u011brkou. Takto vytvo\u0159\u00edte ochranou vrstvu a dod\u00e1te d\u0159ezu kr\u00e1sn\u00fd vzhled.&nbsp;D\u0159ez bude op\u011bt jako nov\u00fd.&nbsp;&nbsp;<\/i><\/p>\n<\/div>\n<p><\/dc-con><\/dc-con><\/div>\n<div id=\"PDDescription2\" class=\"UserContentView userContent v1a v1 bs-view dcon dc165 PDDescription2\" >\n<table class='techparam_table'>\n<tr>\n<td>Mo\u017enost odvrtat dal\u0161\u00ed otvor<\/td>\n<td>Ano<\/td>\n<\/tr>\n<tr>\n<td>Materi\u00e1l d\u0159ezu<\/td>\n<td>Granit<\/td>\n<\/tr>\n<tr>\n<td>Typ d\u0159ezu<\/td>\n<td>D\u0159ez s odkapem<\/td>\n<\/tr>\n<tr>\n<td>\u0160\u00ed\u0159ka obalu<\/td>\n<td>51,5<\/td>\n<\/tr>\n<tr>\n<td>V\u00fd\u0161ka obalu<\/td>\n<td>22,4<\/td>\n<\/tr>\n<tr>\n<td>Hloubka obalu<\/td>\n<td>87,5<\/td>\n<\/tr>\n<tr>\n<td>V\u00e1ha v\u010d. obalu (kg)<\/td>\n<td>11<\/td>\n<\/tr>\n<tr>\n<td>\u0160\u00ed\u0159ka d\u0159ezu<\/td>\n<td>50<\/td>\n<\/tr>\n<tr>\n<td>D\u00e9lka d\u0159ezu<\/td>\n<td>86<\/td>\n<\/tr>\n<tr>\n<td>Hloubka d\u0159ezu<\/td>\n<td>21,6<\/td>\n<\/tr>\n<tr>\n<td>Hmotnost d\u0159ezu (kg)<\/td>\n<td>10<\/td>\n<\/tr>\n<tr>\n<td>D\u00e9lka vani\u010dky<\/td>\n<td>36,7<\/td>\n<\/tr>\n<tr>\n<td>\u0160\u00ed\u0159ka vani\u010dky<\/td>\n<td>42<\/td>\n<\/tr>\n<tr>\n<td>Hloubka vani\u010dky<\/td>\n<td>20<\/td>\n<\/tr>\n<tr>\n<td>Minim\u00e1ln\u00ed \u0161\u00ed\u0159ka sk\u0159\u00ednky<\/td>\n<td>60<\/td>\n<\/tr>\n<tr>\n<td>Excentrick\u00e9 ovl\u00e1d\u00e1n\u00ed v\u00fdpust\u011b<\/td>\n<td>Ano<\/td>\n<\/tr>\n<tr>\n<td>P\u0159edvrtan\u00fd otvor <\/td>\n<td>Baterie + dal\u0161\u00ed otvor<\/td>\n<\/tr>\n<tr>\n<td>Barva<\/td>\n<td>Night glow<\/td>\n<\/tr>\n<tr>\n<td>Barva<\/td>\n<td>Night glow<\/td>\n<\/tr>\n<tr>\n<td>Barva<\/td>\n<td>Night glow<\/td>\n<\/tr>\n<tr>\n<td>Barva<\/td>\n<td>Night glow<\/td>\n<\/tr>\n<tr>\n<td>Barva<\/td>\n<td>Night glow<\/td>\n<\/tr>\n<tr>\n<td>\u0160\u00ed\u0159ka kuchy\u0148sk\u00e9 sk\u0159\u00ed\u0148ky<\/td>\n<td>60 cm<\/td>\n<\/tr>\n<tr>\n<td>Typ mont\u00e1\u017ee d\u0159ezu<\/td>\n<td>Horn\u00ed<\/td>\n<\/tr>\n<tr>\n<td>Orientace<\/td>\n<td>Oboustrann\u00e1 orientace<\/td>\n<\/tr>\n<tr>\n<td>Styl d\u0159ezu<\/td>\n<td>Klasick\u00e9 d\u0159ezy<\/td>\n<\/tr>\n<tr>\n<td>V\u00fdpus\u0165 d\u0159ezu<\/td>\n<td>9 cm<\/td>\n<\/tr>\n<tr>\n<td>Z\u00e1ruka<\/td>\n<td>10 let<\/td>\n<\/tr>\n<tr>\n<td>Pr\u016fm\u011br vani\u010dky<\/td>\n<td>ne<\/td>\n<\/tr>\n<tr>\n<td>Kulat\u00fd d\u0159ez<\/td>\n<td>Ne<\/td>\n<\/tr>\n<tr>\n<td>K\u00f3d zbo\u017e\u00ed TARIC<\/td>\n<td>68029390<\/td>\n<\/tr>\n<tr>\n<td>Tvar d\u0159ezu<\/td>\n<td>Obd\u00e9ln\u00edkov\u00fd <\/td>\n<\/tr>\n<\/table>\n<\/div><\/div>\n<div id=\"PDTable3\" class=\"ProductDetailTableView v3a v3 bs-view dcon dc185 PDTable3\" >\n<table>\n<thead><\/thead>\n<tbody>\n<tr class=\"attribute attr_material\">\n<td class=\"caption\">Materi\u00e1l<\/td>\n<td class=\"value\">Granit<\/td>\n<\/tr>\n<tr class=\"attribute attr_typ\">\n<td class=\"caption\">Typ<\/td>\n<td class=\"value\">S odkap\u00e1vac\u00ed plochou<\/td>\n<\/tr>\n<tr class=\"attribute attr_bsshop_maker\">\n<td class=\"caption\">V\u00fdrobce<\/td>\n<td class=\"value\">Axis<\/td>\n<\/tr>\n<\/tbody>\n<\/table>\n<\/div>\n<div id=\"ProductMedia\" class=\"ProductMediaView MediaViewBase v1a v1 bs-view dcon dc409 ProductMedia\" ><bs-empty><\/bs-empty><\/p>\n<div class=\"files\">\n<div class=\"title sub\">Soubory<\/div>\n<p><a href=\"\/media\/2023\/navod-k-instalaci-a-udrzbe-kuchynskeho-drezu.pdf?&amp;key=ZGpmIyQwNUZfMjAyMw==\" class=\"pdf\">Navod-k-instalaci-a-udrzbe-kuchynskeho-drezu<\/a><a href=\"\/media\/8869\/axis-horni-montaz-3.pdf?&amp;key=ZGpmIyQwNUZfODg2OQ==\" class=\"pdf\">AXIS-horni-montaz-3-.pdf<\/a><\/div>\n<p><bs-empty><\/bs-empty><\/div>\n<\/div>\n<div id=\"e5519637\" class=\"tabs\">\n","protected":false},"excerpt":{"rendered":"<p>Axis Kitchen&nbsp;je evropsk\u00e1 zna\u010dka kuchy\u0148sk\u00e9ho vybaven\u00ed, kter\u00e1 se specifikuje na v\u00fdrobu a prodej kvalitn\u00edch \u017eulov\u00fdch d\u0159ez\u016f. Spole\u010dnost pat\u0159\u00ed mezi \u0161pi\u010dky na trhu v segmentu d\u0159ez\u016f a kuchy\u0148sk\u00fdch bateri\u00ed. Produkty se vyzna\u010duj\u00ed atraktivn\u00edm designem a vysokou kvalitou zpracov\u00e1n\u00ed.&nbsp;&nbsp; Granitov\u00fd d\u0159ez s&nbsp;odkapem&nbsp;Axis Tramontana 860.0E&nbsp;v&nbsp;nad\u010dasov\u00e9m designu je velmi obl\u00edben\u00fd model u z\u00e1kazn\u00edk\u016f. Svou oblibu si z\u00edskal sv\u00fdmi skv\u011bl\u00fdmi [&hellip;]<\/p>\n","protected":false},"featured_media":72276,"comment_status":"open","ping_status":"open","template":"","meta":[],"product_brand":[],"product_cat":[95],"product_tag":[],"class_list":{"0":"post-72176","1":"product","2":"type-product","3":"status-publish","4":"has-post-thumbnail","6":"product_cat-pochutiny-dum-a-zahrada","8":"first","9":"instock","10":"sale","11":"shipping-taxable","12":"purchasable","13":"product-type-simple"},"yoast_head":"<!-- This site is optimized with the Yoast SEO plugin v26.8 - https:\/\/yoast.com\/product\/yoast-seo-wordpress\/ -->\n<title>Zna\u010dkov\u00fd Axis Tramontana 860.0E Night glow -<\/title>\n<meta name=\"robots\" content=\"index, follow, max-snippet:-1, max-image-preview:large, max-video-preview:-1\" \/>\n<link rel=\"canonical\" href=\"https:\/\/www.koupeltech.com\/index.php\/produkt\/znackovy-axis-tramontana-860-0e-night-glow-72176\/\" \/>\n<meta property=\"og:locale\" content=\"cs_CZ\" \/>\n<meta property=\"og:type\" content=\"article\" \/>\n<meta property=\"og:title\" content=\"Zna\u010dkov\u00fd Axis Tramontana 860.0E Night glow -\" \/>\n<meta property=\"og:description\" content=\"Axis Kitchen&nbsp;je evropsk\u00e1 zna\u010dka kuchy\u0148sk\u00e9ho vybaven\u00ed, kter\u00e1 se specifikuje na v\u00fdrobu a prodej kvalitn\u00edch \u017eulov\u00fdch d\u0159ez\u016f. Spole\u010dnost pat\u0159\u00ed mezi \u0161pi\u010dky na trhu v segmentu d\u0159ez\u016f a kuchy\u0148sk\u00fdch bateri\u00ed. Produkty se vyzna\u010duj\u00ed atraktivn\u00edm designem a vysokou kvalitou zpracov\u00e1n\u00ed.&nbsp;&nbsp; Granitov\u00fd d\u0159ez s&nbsp;odkapem&nbsp;Axis Tramontana 860.0E&nbsp;v&nbsp;nad\u010dasov\u00e9m designu je velmi obl\u00edben\u00fd model u z\u00e1kazn\u00edk\u016f. Svou oblibu si z\u00edskal sv\u00fdmi skv\u011bl\u00fdmi [&hellip;]\" \/>\n<meta property=\"og:url\" content=\"https:\/\/www.koupeltech.com\/index.php\/produkt\/znackovy-axis-tramontana-860-0e-night-glow-72176\/\" \/>\n<meta property=\"og:image\" content=\"https:\/\/www.koupeltech.com\/wp-content\/uploads\/2026\/SK0023573-CZ20260425-093449-0-1777080896-axis-tramontana-860-0e-night-glow.webp\" \/>\n\t<meta property=\"og:image:width\" content=\"1000\" \/>\n\t<meta property=\"og:image:height\" content=\"525\" \/>\n\t<meta property=\"og:image:type\" content=\"image\/webp\" \/>\n<meta name=\"twitter:card\" content=\"summary_large_image\" \/>\n<meta name=\"twitter:label1\" content=\"Odhadovan\u00e1 doba \u010dten\u00ed\" \/>\n\t<meta name=\"twitter:data1\" content=\"3 minuty\" \/>\n<script type=\"application\/ld+json\" class=\"yoast-schema-graph\">{\"@context\":\"https:\/\/schema.org\",\"@graph\":[{\"@type\":\"WebPage\",\"@id\":\"https:\/\/www.koupeltech.com\/index.php\/produkt\/znackovy-axis-tramontana-860-0e-night-glow-72176\/\",\"url\":\"https:\/\/www.koupeltech.com\/index.php\/produkt\/znackovy-axis-tramontana-860-0e-night-glow-72176\/\",\"name\":\"Zna\u010dkov\u00fd Axis Tramontana 860.0E Night glow -\",\"isPartOf\":{\"@id\":\"https:\/\/www.koupeltech.com\/#website\"},\"primaryImageOfPage\":{\"@id\":\"https:\/\/www.koupeltech.com\/index.php\/produkt\/znackovy-axis-tramontana-860-0e-night-glow-72176\/#primaryimage\"},\"image\":{\"@id\":\"https:\/\/www.koupeltech.com\/index.php\/produkt\/znackovy-axis-tramontana-860-0e-night-glow-72176\/#primaryimage\"},\"thumbnailUrl\":\"https:\/\/www.koupeltech.com\/wp-content\/uploads\/2026\/SK0023573-CZ20260425-093449-0-1777080896-axis-tramontana-860-0e-night-glow.webp\",\"datePublished\":\"2026-04-27T14:06:59+00:00\",\"breadcrumb\":{\"@id\":\"https:\/\/www.koupeltech.com\/index.php\/produkt\/znackovy-axis-tramontana-860-0e-night-glow-72176\/#breadcrumb\"},\"inLanguage\":\"cs\",\"potentialAction\":[{\"@type\":\"ReadAction\",\"target\":[\"https:\/\/www.koupeltech.com\/index.php\/produkt\/znackovy-axis-tramontana-860-0e-night-glow-72176\/\"]}]},{\"@type\":\"ImageObject\",\"inLanguage\":\"cs\",\"@id\":\"https:\/\/www.koupeltech.com\/index.php\/produkt\/znackovy-axis-tramontana-860-0e-night-glow-72176\/#primaryimage\",\"url\":\"https:\/\/www.koupeltech.com\/wp-content\/uploads\/2026\/SK0023573-CZ20260425-093449-0-1777080896-axis-tramontana-860-0e-night-glow.webp\",\"contentUrl\":\"https:\/\/www.koupeltech.com\/wp-content\/uploads\/2026\/SK0023573-CZ20260425-093449-0-1777080896-axis-tramontana-860-0e-night-glow.webp\",\"width\":1000,\"height\":525},{\"@type\":\"BreadcrumbList\",\"@id\":\"https:\/\/www.koupeltech.com\/index.php\/produkt\/znackovy-axis-tramontana-860-0e-night-glow-72176\/#breadcrumb\",\"itemListElement\":[{\"@type\":\"ListItem\",\"position\":1,\"name\":\"Home\",\"item\":\"https:\/\/www.koupeltech.com\/\"},{\"@type\":\"ListItem\",\"position\":2,\"name\":\"Products\",\"item\":\"https:\/\/www.koupeltech.com\/index.php\/products\/\"},{\"@type\":\"ListItem\",\"position\":3,\"name\":\"Zna\u010dkov\u00fd Axis Tramontana 860.0E Night glow\"}]},{\"@type\":\"WebSite\",\"@id\":\"https:\/\/www.koupeltech.com\/#website\",\"url\":\"https:\/\/www.koupeltech.com\/\",\"name\":\"\",\"description\":\"\",\"potentialAction\":[{\"@type\":\"SearchAction\",\"target\":{\"@type\":\"EntryPoint\",\"urlTemplate\":\"https:\/\/www.koupeltech.com\/?s={search_term_string}\"},\"query-input\":{\"@type\":\"PropertyValueSpecification\",\"valueRequired\":true,\"valueName\":\"search_term_string\"}}],\"inLanguage\":\"cs\"}]}<\/script>\n<!-- \/ Yoast SEO plugin. -->","yoast_head_json":{"title":"Zna\u010dkov\u00fd Axis Tramontana 860.0E Night glow -","robots":{"index":"index","follow":"follow","max-snippet":"max-snippet:-1","max-image-preview":"max-image-preview:large","max-video-preview":"max-video-preview:-1"},"canonical":"https:\/\/www.koupeltech.com\/index.php\/produkt\/znackovy-axis-tramontana-860-0e-night-glow-72176\/","og_locale":"cs_CZ","og_type":"article","og_title":"Zna\u010dkov\u00fd Axis Tramontana 860.0E Night glow -","og_description":"Axis Kitchen&nbsp;je evropsk\u00e1 zna\u010dka kuchy\u0148sk\u00e9ho vybaven\u00ed, kter\u00e1 se specifikuje na v\u00fdrobu a prodej kvalitn\u00edch \u017eulov\u00fdch d\u0159ez\u016f. Spole\u010dnost pat\u0159\u00ed mezi \u0161pi\u010dky na trhu v segmentu d\u0159ez\u016f a kuchy\u0148sk\u00fdch bateri\u00ed. Produkty se vyzna\u010duj\u00ed atraktivn\u00edm designem a vysokou kvalitou zpracov\u00e1n\u00ed.&nbsp;&nbsp; Granitov\u00fd d\u0159ez s&nbsp;odkapem&nbsp;Axis Tramontana 860.0E&nbsp;v&nbsp;nad\u010dasov\u00e9m designu je velmi obl\u00edben\u00fd model u z\u00e1kazn\u00edk\u016f. Svou oblibu si z\u00edskal sv\u00fdmi skv\u011bl\u00fdmi [&hellip;]","og_url":"https:\/\/www.koupeltech.com\/index.php\/produkt\/znackovy-axis-tramontana-860-0e-night-glow-72176\/","og_image":[{"width":1000,"height":525,"url":"https:\/\/www.koupeltech.com\/wp-content\/uploads\/2026\/SK0023573-CZ20260425-093449-0-1777080896-axis-tramontana-860-0e-night-glow.webp","type":"image\/webp"}],"twitter_card":"summary_large_image","twitter_misc":{"Odhadovan\u00e1 doba \u010dten\u00ed":"3 minuty"},"schema":{"@context":"https:\/\/schema.org","@graph":[{"@type":"WebPage","@id":"https:\/\/www.koupeltech.com\/index.php\/produkt\/znackovy-axis-tramontana-860-0e-night-glow-72176\/","url":"https:\/\/www.koupeltech.com\/index.php\/produkt\/znackovy-axis-tramontana-860-0e-night-glow-72176\/","name":"Zna\u010dkov\u00fd Axis Tramontana 860.0E Night glow -","isPartOf":{"@id":"https:\/\/www.koupeltech.com\/#website"},"primaryImageOfPage":{"@id":"https:\/\/www.koupeltech.com\/index.php\/produkt\/znackovy-axis-tramontana-860-0e-night-glow-72176\/#primaryimage"},"image":{"@id":"https:\/\/www.koupeltech.com\/index.php\/produkt\/znackovy-axis-tramontana-860-0e-night-glow-72176\/#primaryimage"},"thumbnailUrl":"https:\/\/www.koupeltech.com\/wp-content\/uploads\/2026\/SK0023573-CZ20260425-093449-0-1777080896-axis-tramontana-860-0e-night-glow.webp","datePublished":"2026-04-27T14:06:59+00:00","breadcrumb":{"@id":"https:\/\/www.koupeltech.com\/index.php\/produkt\/znackovy-axis-tramontana-860-0e-night-glow-72176\/#breadcrumb"},"inLanguage":"cs","potentialAction":[{"@type":"ReadAction","target":["https:\/\/www.koupeltech.com\/index.php\/produkt\/znackovy-axis-tramontana-860-0e-night-glow-72176\/"]}]},{"@type":"ImageObject","inLanguage":"cs","@id":"https:\/\/www.koupeltech.com\/index.php\/produkt\/znackovy-axis-tramontana-860-0e-night-glow-72176\/#primaryimage","url":"https:\/\/www.koupeltech.com\/wp-content\/uploads\/2026\/SK0023573-CZ20260425-093449-0-1777080896-axis-tramontana-860-0e-night-glow.webp","contentUrl":"https:\/\/www.koupeltech.com\/wp-content\/uploads\/2026\/SK0023573-CZ20260425-093449-0-1777080896-axis-tramontana-860-0e-night-glow.webp","width":1000,"height":525},{"@type":"BreadcrumbList","@id":"https:\/\/www.koupeltech.com\/index.php\/produkt\/znackovy-axis-tramontana-860-0e-night-glow-72176\/#breadcrumb","itemListElement":[{"@type":"ListItem","position":1,"name":"Home","item":"https:\/\/www.koupeltech.com\/"},{"@type":"ListItem","position":2,"name":"Products","item":"https:\/\/www.koupeltech.com\/index.php\/products\/"},{"@type":"ListItem","position":3,"name":"Zna\u010dkov\u00fd Axis Tramontana 860.0E Night glow"}]},{"@type":"WebSite","@id":"https:\/\/www.koupeltech.com\/#website","url":"https:\/\/www.koupeltech.com\/","name":"","description":"","potentialAction":[{"@type":"SearchAction","target":{"@type":"EntryPoint","urlTemplate":"https:\/\/www.koupeltech.com\/?s={search_term_string}"},"query-input":{"@type":"PropertyValueSpecification","valueRequired":true,"valueName":"search_term_string"}}],"inLanguage":"cs"}]}},"_links":{"self":[{"href":"https:\/\/www.koupeltech.com\/index.php\/wp-json\/wp\/v2\/product\/72176","targetHints":{"allow":["GET"]}}],"collection":[{"href":"https:\/\/www.koupeltech.com\/index.php\/wp-json\/wp\/v2\/product"}],"about":[{"href":"https:\/\/www.koupeltech.com\/index.php\/wp-json\/wp\/v2\/types\/product"}],"replies":[{"embeddable":true,"href":"https:\/\/www.koupeltech.com\/index.php\/wp-json\/wp\/v2\/comments?post=72176"}],"wp:featuredmedia":[{"embeddable":true,"href":"https:\/\/www.koupeltech.com\/index.php\/wp-json\/wp\/v2\/media\/72276"}],"wp:attachment":[{"href":"https:\/\/www.koupeltech.com\/index.php\/wp-json\/wp\/v2\/media?parent=72176"}],"wp:term":[{"taxonomy":"product_brand","embeddable":true,"href":"https:\/\/www.koupeltech.com\/index.php\/wp-json\/wp\/v2\/product_brand?post=72176"},{"taxonomy":"product_cat","embeddable":true,"href":"https:\/\/www.koupeltech.com\/index.php\/wp-json\/wp\/v2\/product_cat?post=72176"},{"taxonomy":"product_tag","embeddable":true,"href":"https:\/\/www.koupeltech.com\/index.php\/wp-json\/wp\/v2\/product_tag?post=72176"}],"curies":[{"name":"wp","href":"https:\/\/api.w.org\/{rel}","templated":true}]}}