{"id":72330,"date":"2026-04-27T14:07:01","date_gmt":"2026-04-27T14:07:01","guid":{"rendered":""},"modified":"2026-04-27T14:07:01","modified_gmt":"2026-04-27T14:07:01","slug":"akce-zelvo-maximus-610-grey-72330","status":"publish","type":"product","link":"https:\/\/www.koupeltech.com\/index.php\/produkt\/akce-zelvo-maximus-610-grey-72330\/","title":{"rendered":"Akce Zelvo Maximus 610 Grey"},"content":{"rendered":"<div id=\"e5552967\" class=\"pages\">\n<div>\n<div id=\"PDDescription\" class=\"UserContentView userContent v1a v1 bs-view dcon dc164 PDDescription\" ><dc-con><dc-con><bs-empty><\/bs-empty><\/dc-con><dc-con>        <\/p>\n<div class=\"customDescription\">                    <\/div>\n<p><\/dc-con><dc-con><\/p>\n<div class=\"rowNewText\">\n<p>Presti\u017en\u00ed polsk\u00e1 spole\u010dnost <b>Zelvo<\/b> se specializuje na v\u00fdrobu technick\u00fdch d\u0159ez\u016f a v\u00fdlevek pro \u0161irok\u00e9 pr\u016fmyslov\u00e9 pou\u017eit\u00ed. Jedn\u00e1 se velmi kvalitn\u00ed d\u0159ezy za p\u0159ijatelnou cenu. <\/p>\n<\/div>\n<div class=\"rowNewText\">\n<p>Technick\u00fd d\u0159ez <b>Maximus 610 zna\u010dky Zelvo<\/b>&nbsp;je vyroben z Polypropylenu (termoplastick\u00fd polymer) neboli&nbsp;tvrzen\u00fd plast. D\u0159ezy z tohoto materi\u00e1lu jsou vhodn\u00e9 zejm\u00e9na&nbsp;vedle pra\u010dky, ve sklep\u011b, v gar\u00e1\u017e\u00edch, do zahradn\u00edch domk\u016f a do ve\u0161ker\u00fdch technick\u00fdch, \u00faklidov\u00fdch m\u00edstnost\u00ed a v\u00fdrobn\u00edch hal&nbsp;i jako v\u00fdlevka, kde nen\u00ed zapot\u0159eb\u00ed kuchy\u0148sk\u00fdch d\u0159ez\u016f.&nbsp; <\/p>\n<\/div>\n<div class=\"rowNewText\">\n<p>D\u0159ez&nbsp;Maximus 610&nbsp;m\u016f\u017ee b\u00fdt&nbsp;<b>montov\u00e1n ke zdi<\/b>, tud\u00ed\u017e nen\u00ed pot\u0159eba pracovn\u00ed desky. D\u0159ez lze um\u00edstit i do kuchy\u0148sk\u00e9 linky (horn\u00ed mont\u00e1\u017e). Je mo\u017eno tak\u00e9&nbsp;odvrt\u00e1n\u00ed otvor\u016f&nbsp;pro baterii a d\u00e1vkova\u010d sapon\u00e1tu \u010di m\u00fddla o pr\u016fm\u011bru 35 mm. Sou\u010d\u00e1st\u00ed balen\u00ed jsou mont\u00e1\u017en\u00ed \u0161rouby, sifon, p\u0159epad, v\u00fdpust, z\u00e1tka a odbo\u010dka na my\u010dku. <\/p>\n<\/div>\n<div class=\"rowNewText\">\n<p>D\u0159ez se stal&nbsp;velmi <b>obl\u00edben\u00fdm a vyhled\u00e1van\u00fdm<\/b> typem. Pokud hled\u00e1te odoln\u00fd, vzhledn\u00fd, plastov\u00fd d\u0159ez, s mont\u00e1\u017e\u00ed na ze\u010f,&nbsp;vhodn\u00fd na zahradu nebo jak\u00fdkoliv technick\u00fd \u00fa\u010del&nbsp;je&nbsp;Maximus 610&nbsp;za p\u0159\u00edznivou cenu a ve dvou barevn\u00fdch variant\u00e1ch&nbsp;to prav\u00e9 pro V\u00e1s.&nbsp;<\/p>\n<\/div>\n<div class=\"rowNewText\">\n<p>Mezi <b>hlavn\u00ed v\u00fdhody<\/b> pou\u017eit\u00e9ho materi\u00e1lu pro v\u00fdrobu Polypropylen pat\u0159\u00ed odolnost v\u016f\u010di extr\u00e9mn\u011b vysok\u00fdm teplot\u00e1m, n\u00edzk\u00fdm teplot\u00e1m. Povrch zabra\u0148uje reziv\u011bn\u00ed, poprask\u00e1n\u00ed. Odolnost proti n\u00e1raz\u016fm \u010di mechanick\u00e9mu po\u0161kozen\u00ed.&nbsp;<\/p>\n<\/div>\n<div class=\"rowNewText\">\n<p><b>Kl\u00ed\u010dov\u00e9 vlastnosti technick\u00e9ho d\u0159ezu ZELVO MAXIMUS 610<\/b><\/p>\n<\/div>\n<div class=\"rowNewText\">\n<ul>\n<li>d\u0159ez nab\u00edz\u00edme v barv\u011b b\u00edl\u00e9 a \u0161ed\u00e9<\/li>\n<li>Maximus 610 m\u00e1 prodlou\u017eenou 5 letou z\u00e1ruku<\/li>\n<li>vyroben z Polypropylenu neboli z tvrzen\u00e9ho plastu<\/li>\n<li>optim\u00e1ln\u00ed volba do technick\u00fdch m\u00edstnost\u00ed, gar\u00e1\u017e\u00ed, zahradn\u00edch domk\u016f, v\u00fdrobn\u00edch hal<\/li>\n<li>technick\u00fd d\u0159ez je odoln\u00fd v\u016f\u010di extr\u00e9mn\u011b vysok\u00fdm i n\u00edzk\u00fdm teplot\u00e1m<\/li>\n<li>povrch zabra\u0148uje reziv\u011bn\u00ed, prask\u00e1n\u00ed<\/li>\n<li>odolnost proti n\u00e1raz\u016fm\/mechanick\u00e9mu po\u0161kozen\u00ed<\/li>\n<li>ide\u00e1ln\u00ed hloubka vani\u010dky 22,5 cm<\/li>\n<li>Easy-clean technologie<\/li>\n<li>robustnost<\/li>\n<li>prostor pro odvrt\u00e1n\u00ed otvoru pro d\u00e1vkova\u010d i pro d\u0159ezovou baterii<\/li>\n<\/ul>\n<\/div>\n<p><\/dc-con><\/dc-con><\/div>\n<div id=\"PDDescription2\" class=\"UserContentView userContent v1a v1 bs-view dcon dc165 PDDescription2\" >\n<table class='techparam_table'>\n<tr>\n<td>Mo\u017enost odvrtat dal\u0161\u00ed otvor<\/td>\n<td>Ano<\/td>\n<\/tr>\n<tr>\n<td>Materi\u00e1l d\u0159ezu<\/td>\n<td>Polypropylen<\/td>\n<\/tr>\n<tr>\n<td>Typ d\u0159ezu<\/td>\n<td>Jednod\u0159ez<\/td>\n<\/tr>\n<tr>\n<td>\u0160\u00ed\u0159ka obalu<\/td>\n<td>45,5<\/td>\n<\/tr>\n<tr>\n<td>V\u00fd\u0161ka obalu<\/td>\n<td>23,8<\/td>\n<\/tr>\n<tr>\n<td>Hloubka obalu<\/td>\n<td>62,5<\/td>\n<\/tr>\n<tr>\n<td>V\u00e1ha v\u010d. obalu (kg)<\/td>\n<td>5.7<\/td>\n<\/tr>\n<tr>\n<td>\u0160\u00ed\u0159ka d\u0159ezu<\/td>\n<td>44<\/td>\n<\/tr>\n<tr>\n<td>D\u00e9lka d\u0159ezu<\/td>\n<td>61<\/td>\n<\/tr>\n<tr>\n<td>Hloubka d\u0159ezu<\/td>\n<td>23<\/td>\n<\/tr>\n<tr>\n<td>Hmotnost d\u0159ezu (kg)<\/td>\n<td>4,7<\/td>\n<\/tr>\n<tr>\n<td>D\u00e9lka vani\u010dky<\/td>\n<td>56,5<\/td>\n<\/tr>\n<tr>\n<td>\u0160\u00ed\u0159ka vani\u010dky<\/td>\n<td>38<\/td>\n<\/tr>\n<tr>\n<td>Hloubka vani\u010dky<\/td>\n<td>22,5<\/td>\n<\/tr>\n<tr>\n<td>Minim\u00e1ln\u00ed \u0161\u00ed\u0159ka sk\u0159\u00ednky<\/td>\n<td>60<\/td>\n<\/tr>\n<tr>\n<td>Barva<\/td>\n<td>Grey<\/td>\n<\/tr>\n<tr>\n<td>Barva<\/td>\n<td>Grey<\/td>\n<\/tr>\n<tr>\n<td>Barva<\/td>\n<td>Grey<\/td>\n<\/tr>\n<tr>\n<td>\u0160\u00ed\u0159ka kuchy\u0148sk\u00e9 sk\u0159\u00ed\u0148ky<\/td>\n<td>60 cm<\/td>\n<\/tr>\n<tr>\n<td>Orientace<\/td>\n<td>Bez orientace<\/td>\n<\/tr>\n<tr>\n<td>Typ mont\u00e1\u017ee d\u0159ezu<\/td>\n<td>Na ze\u010f<\/td>\n<\/tr>\n<tr>\n<td>Styl d\u0159ezu<\/td>\n<td>Technick\u00e9 d\u0159ezy<\/td>\n<\/tr>\n<tr>\n<td>V\u00fdpus\u0165 d\u0159ezu<\/td>\n<td>5 cm<\/td>\n<\/tr>\n<tr>\n<td>Excentrick\u00e9 ovl\u00e1d\u00e1n\u00ed v\u00fdpust\u011b<\/td>\n<td>Ne<\/td>\n<\/tr>\n<tr>\n<td>P\u0159edvrtan\u00fd otvor <\/td>\n<td>Ne<\/td>\n<\/tr>\n<tr>\n<td>Z\u00e1ruka<\/td>\n<td>5 let<\/td>\n<\/tr>\n<tr>\n<td>Pr\u016fm\u011br vani\u010dky<\/td>\n<td>ne<\/td>\n<\/tr>\n<tr>\n<td>Kulat\u00fd d\u0159ez<\/td>\n<td>Ne<\/td>\n<\/tr>\n<tr>\n<td>K\u00f3d zbo\u017e\u00ed TARIC<\/td>\n<td>39221000<\/td>\n<\/tr>\n<tr>\n<td>Tvar d\u0159ezu<\/td>\n<td>Obd\u00e9ln\u00edkov\u00fd <\/td>\n<\/tr>\n<\/table>\n<\/div><\/div>\n<div id=\"PDTable3\" class=\"ProductDetailTableView v3a v3 bs-view dcon dc185 PDTable3\" >\n<table>\n<thead><\/thead>\n<tbody>\n<tr class=\"attribute attr_material\">\n<td class=\"caption\">Materi\u00e1l<\/td>\n<td class=\"value\">Kompozit<\/td>\n<\/tr>\n<tr class=\"attribute attr_typ\">\n<td class=\"caption\">Typ<\/td>\n<td class=\"value\">Bez odkap\u00e1vac\u00ed plochy<\/td>\n<\/tr>\n<tr class=\"attribute attr_bsshop_maker\">\n<td class=\"caption\">V\u00fdrobce<\/td>\n<td class=\"value\">Zelvo<\/td>\n<\/tr>\n<\/tbody>\n<\/table>\n<\/div>\n<div id=\"ProductMedia\" class=\"ProductMediaView MediaViewBase v1a v1 bs-view dcon dc409 ProductMedia\" ><bs-empty><\/bs-empty><\/p>\n<div class=\"files\">\n<div class=\"title sub\">Soubory<\/div>\n<p><a href=\"\/media\/2110\/navod-k-instalaci-a-udrzbe-kuchynskeho-drezu.pdf?&amp;key=ZGpmIyQwNUZfMjExMA==\" class=\"pdf\">Navod-k-instalaci-a-udrzbe-kuchynskeho-drezu<\/a><a href=\"\/media\/8813\/instrukcja-montazu-zlew-zelvo-maximus.pdf?&amp;key=ZGpmIyQwNUZfODgxMw==\" class=\"pdf\">Instrukcja-montazu-zlew-Zelvo-Maximus.pdf<\/a><\/div>\n<p><bs-empty><\/bs-empty><\/div>\n<\/div>\n<div id=\"e5552968\" class=\"tabs\">\n","protected":false},"excerpt":{"rendered":"<p>Presti\u017en\u00ed polsk\u00e1 spole\u010dnost Zelvo se specializuje na v\u00fdrobu technick\u00fdch d\u0159ez\u016f a v\u00fdlevek pro \u0161irok\u00e9 pr\u016fmyslov\u00e9 pou\u017eit\u00ed. Jedn\u00e1 se velmi kvalitn\u00ed d\u0159ezy za p\u0159ijatelnou cenu. Technick\u00fd d\u0159ez Maximus 610 zna\u010dky Zelvo&nbsp;je vyroben z Polypropylenu (termoplastick\u00fd polymer) neboli&nbsp;tvrzen\u00fd plast. D\u0159ezy z tohoto materi\u00e1lu jsou vhodn\u00e9 zejm\u00e9na&nbsp;vedle pra\u010dky, ve sklep\u011b, v gar\u00e1\u017e\u00edch, do zahradn\u00edch domk\u016f a do ve\u0161ker\u00fdch [&hellip;]<\/p>\n","protected":false},"featured_media":72430,"comment_status":"open","ping_status":"open","template":"","meta":[],"product_brand":[],"product_cat":[95],"product_tag":[],"class_list":{"0":"post-72330","1":"product","2":"type-product","3":"status-publish","4":"has-post-thumbnail","6":"product_cat-pochutiny-dum-a-zahrada","8":"first","9":"instock","10":"sale","11":"shipping-taxable","12":"purchasable","13":"product-type-simple"},"yoast_head":"<!-- This site is optimized with the Yoast SEO plugin v26.8 - https:\/\/yoast.com\/product\/yoast-seo-wordpress\/ -->\n<title>Akce Zelvo Maximus 610 Grey -<\/title>\n<meta name=\"robots\" content=\"index, follow, max-snippet:-1, max-image-preview:large, max-video-preview:-1\" \/>\n<link rel=\"canonical\" href=\"https:\/\/www.koupeltech.com\/index.php\/produkt\/akce-zelvo-maximus-610-grey-72330\/\" \/>\n<meta property=\"og:locale\" content=\"cs_CZ\" \/>\n<meta property=\"og:type\" content=\"article\" \/>\n<meta property=\"og:title\" content=\"Akce Zelvo Maximus 610 Grey -\" \/>\n<meta property=\"og:description\" content=\"Presti\u017en\u00ed polsk\u00e1 spole\u010dnost Zelvo se specializuje na v\u00fdrobu technick\u00fdch d\u0159ez\u016f a v\u00fdlevek pro \u0161irok\u00e9 pr\u016fmyslov\u00e9 pou\u017eit\u00ed. Jedn\u00e1 se velmi kvalitn\u00ed d\u0159ezy za p\u0159ijatelnou cenu. Technick\u00fd d\u0159ez Maximus 610 zna\u010dky Zelvo&nbsp;je vyroben z Polypropylenu (termoplastick\u00fd polymer) neboli&nbsp;tvrzen\u00fd plast. D\u0159ezy z tohoto materi\u00e1lu jsou vhodn\u00e9 zejm\u00e9na&nbsp;vedle pra\u010dky, ve sklep\u011b, v gar\u00e1\u017e\u00edch, do zahradn\u00edch domk\u016f a do ve\u0161ker\u00fdch [&hellip;]\" \/>\n<meta property=\"og:url\" content=\"https:\/\/www.koupeltech.com\/index.php\/produkt\/akce-zelvo-maximus-610-grey-72330\/\" \/>\n<meta property=\"og:image\" content=\"https:\/\/www.koupeltech.com\/wp-content\/uploads\/2026\/SK0023627-CZ20260425-093449-0-1777080896-zelvo-maximus-610-grey.webp\" \/>\n\t<meta property=\"og:image:width\" content=\"1000\" \/>\n\t<meta property=\"og:image:height\" content=\"525\" \/>\n\t<meta property=\"og:image:type\" content=\"image\/webp\" \/>\n<meta name=\"twitter:card\" content=\"summary_large_image\" \/>\n<meta name=\"twitter:label1\" content=\"Odhadovan\u00e1 doba \u010dten\u00ed\" \/>\n\t<meta name=\"twitter:data1\" content=\"2 minuty\" \/>\n<script type=\"application\/ld+json\" class=\"yoast-schema-graph\">{\"@context\":\"https:\/\/schema.org\",\"@graph\":[{\"@type\":\"WebPage\",\"@id\":\"https:\/\/www.koupeltech.com\/index.php\/produkt\/akce-zelvo-maximus-610-grey-72330\/\",\"url\":\"https:\/\/www.koupeltech.com\/index.php\/produkt\/akce-zelvo-maximus-610-grey-72330\/\",\"name\":\"Akce Zelvo Maximus 610 Grey -\",\"isPartOf\":{\"@id\":\"https:\/\/www.koupeltech.com\/#website\"},\"primaryImageOfPage\":{\"@id\":\"https:\/\/www.koupeltech.com\/index.php\/produkt\/akce-zelvo-maximus-610-grey-72330\/#primaryimage\"},\"image\":{\"@id\":\"https:\/\/www.koupeltech.com\/index.php\/produkt\/akce-zelvo-maximus-610-grey-72330\/#primaryimage\"},\"thumbnailUrl\":\"https:\/\/www.koupeltech.com\/wp-content\/uploads\/2026\/SK0023627-CZ20260425-093449-0-1777080896-zelvo-maximus-610-grey.webp\",\"datePublished\":\"2026-04-27T14:07:01+00:00\",\"breadcrumb\":{\"@id\":\"https:\/\/www.koupeltech.com\/index.php\/produkt\/akce-zelvo-maximus-610-grey-72330\/#breadcrumb\"},\"inLanguage\":\"cs\",\"potentialAction\":[{\"@type\":\"ReadAction\",\"target\":[\"https:\/\/www.koupeltech.com\/index.php\/produkt\/akce-zelvo-maximus-610-grey-72330\/\"]}]},{\"@type\":\"ImageObject\",\"inLanguage\":\"cs\",\"@id\":\"https:\/\/www.koupeltech.com\/index.php\/produkt\/akce-zelvo-maximus-610-grey-72330\/#primaryimage\",\"url\":\"https:\/\/www.koupeltech.com\/wp-content\/uploads\/2026\/SK0023627-CZ20260425-093449-0-1777080896-zelvo-maximus-610-grey.webp\",\"contentUrl\":\"https:\/\/www.koupeltech.com\/wp-content\/uploads\/2026\/SK0023627-CZ20260425-093449-0-1777080896-zelvo-maximus-610-grey.webp\",\"width\":1000,\"height\":525},{\"@type\":\"BreadcrumbList\",\"@id\":\"https:\/\/www.koupeltech.com\/index.php\/produkt\/akce-zelvo-maximus-610-grey-72330\/#breadcrumb\",\"itemListElement\":[{\"@type\":\"ListItem\",\"position\":1,\"name\":\"Home\",\"item\":\"https:\/\/www.koupeltech.com\/\"},{\"@type\":\"ListItem\",\"position\":2,\"name\":\"Products\",\"item\":\"https:\/\/www.koupeltech.com\/index.php\/products\/\"},{\"@type\":\"ListItem\",\"position\":3,\"name\":\"Akce Zelvo Maximus 610 Grey\"}]},{\"@type\":\"WebSite\",\"@id\":\"https:\/\/www.koupeltech.com\/#website\",\"url\":\"https:\/\/www.koupeltech.com\/\",\"name\":\"\",\"description\":\"\",\"potentialAction\":[{\"@type\":\"SearchAction\",\"target\":{\"@type\":\"EntryPoint\",\"urlTemplate\":\"https:\/\/www.koupeltech.com\/?s={search_term_string}\"},\"query-input\":{\"@type\":\"PropertyValueSpecification\",\"valueRequired\":true,\"valueName\":\"search_term_string\"}}],\"inLanguage\":\"cs\"}]}<\/script>\n<!-- \/ Yoast SEO plugin. -->","yoast_head_json":{"title":"Akce Zelvo Maximus 610 Grey -","robots":{"index":"index","follow":"follow","max-snippet":"max-snippet:-1","max-image-preview":"max-image-preview:large","max-video-preview":"max-video-preview:-1"},"canonical":"https:\/\/www.koupeltech.com\/index.php\/produkt\/akce-zelvo-maximus-610-grey-72330\/","og_locale":"cs_CZ","og_type":"article","og_title":"Akce Zelvo Maximus 610 Grey -","og_description":"Presti\u017en\u00ed polsk\u00e1 spole\u010dnost Zelvo se specializuje na v\u00fdrobu technick\u00fdch d\u0159ez\u016f a v\u00fdlevek pro \u0161irok\u00e9 pr\u016fmyslov\u00e9 pou\u017eit\u00ed. Jedn\u00e1 se velmi kvalitn\u00ed d\u0159ezy za p\u0159ijatelnou cenu. Technick\u00fd d\u0159ez Maximus 610 zna\u010dky Zelvo&nbsp;je vyroben z Polypropylenu (termoplastick\u00fd polymer) neboli&nbsp;tvrzen\u00fd plast. D\u0159ezy z tohoto materi\u00e1lu jsou vhodn\u00e9 zejm\u00e9na&nbsp;vedle pra\u010dky, ve sklep\u011b, v gar\u00e1\u017e\u00edch, do zahradn\u00edch domk\u016f a do ve\u0161ker\u00fdch [&hellip;]","og_url":"https:\/\/www.koupeltech.com\/index.php\/produkt\/akce-zelvo-maximus-610-grey-72330\/","og_image":[{"width":1000,"height":525,"url":"https:\/\/www.koupeltech.com\/wp-content\/uploads\/2026\/SK0023627-CZ20260425-093449-0-1777080896-zelvo-maximus-610-grey.webp","type":"image\/webp"}],"twitter_card":"summary_large_image","twitter_misc":{"Odhadovan\u00e1 doba \u010dten\u00ed":"2 minuty"},"schema":{"@context":"https:\/\/schema.org","@graph":[{"@type":"WebPage","@id":"https:\/\/www.koupeltech.com\/index.php\/produkt\/akce-zelvo-maximus-610-grey-72330\/","url":"https:\/\/www.koupeltech.com\/index.php\/produkt\/akce-zelvo-maximus-610-grey-72330\/","name":"Akce Zelvo Maximus 610 Grey -","isPartOf":{"@id":"https:\/\/www.koupeltech.com\/#website"},"primaryImageOfPage":{"@id":"https:\/\/www.koupeltech.com\/index.php\/produkt\/akce-zelvo-maximus-610-grey-72330\/#primaryimage"},"image":{"@id":"https:\/\/www.koupeltech.com\/index.php\/produkt\/akce-zelvo-maximus-610-grey-72330\/#primaryimage"},"thumbnailUrl":"https:\/\/www.koupeltech.com\/wp-content\/uploads\/2026\/SK0023627-CZ20260425-093449-0-1777080896-zelvo-maximus-610-grey.webp","datePublished":"2026-04-27T14:07:01+00:00","breadcrumb":{"@id":"https:\/\/www.koupeltech.com\/index.php\/produkt\/akce-zelvo-maximus-610-grey-72330\/#breadcrumb"},"inLanguage":"cs","potentialAction":[{"@type":"ReadAction","target":["https:\/\/www.koupeltech.com\/index.php\/produkt\/akce-zelvo-maximus-610-grey-72330\/"]}]},{"@type":"ImageObject","inLanguage":"cs","@id":"https:\/\/www.koupeltech.com\/index.php\/produkt\/akce-zelvo-maximus-610-grey-72330\/#primaryimage","url":"https:\/\/www.koupeltech.com\/wp-content\/uploads\/2026\/SK0023627-CZ20260425-093449-0-1777080896-zelvo-maximus-610-grey.webp","contentUrl":"https:\/\/www.koupeltech.com\/wp-content\/uploads\/2026\/SK0023627-CZ20260425-093449-0-1777080896-zelvo-maximus-610-grey.webp","width":1000,"height":525},{"@type":"BreadcrumbList","@id":"https:\/\/www.koupeltech.com\/index.php\/produkt\/akce-zelvo-maximus-610-grey-72330\/#breadcrumb","itemListElement":[{"@type":"ListItem","position":1,"name":"Home","item":"https:\/\/www.koupeltech.com\/"},{"@type":"ListItem","position":2,"name":"Products","item":"https:\/\/www.koupeltech.com\/index.php\/products\/"},{"@type":"ListItem","position":3,"name":"Akce Zelvo Maximus 610 Grey"}]},{"@type":"WebSite","@id":"https:\/\/www.koupeltech.com\/#website","url":"https:\/\/www.koupeltech.com\/","name":"","description":"","potentialAction":[{"@type":"SearchAction","target":{"@type":"EntryPoint","urlTemplate":"https:\/\/www.koupeltech.com\/?s={search_term_string}"},"query-input":{"@type":"PropertyValueSpecification","valueRequired":true,"valueName":"search_term_string"}}],"inLanguage":"cs"}]}},"_links":{"self":[{"href":"https:\/\/www.koupeltech.com\/index.php\/wp-json\/wp\/v2\/product\/72330","targetHints":{"allow":["GET"]}}],"collection":[{"href":"https:\/\/www.koupeltech.com\/index.php\/wp-json\/wp\/v2\/product"}],"about":[{"href":"https:\/\/www.koupeltech.com\/index.php\/wp-json\/wp\/v2\/types\/product"}],"replies":[{"embeddable":true,"href":"https:\/\/www.koupeltech.com\/index.php\/wp-json\/wp\/v2\/comments?post=72330"}],"wp:featuredmedia":[{"embeddable":true,"href":"https:\/\/www.koupeltech.com\/index.php\/wp-json\/wp\/v2\/media\/72430"}],"wp:attachment":[{"href":"https:\/\/www.koupeltech.com\/index.php\/wp-json\/wp\/v2\/media?parent=72330"}],"wp:term":[{"taxonomy":"product_brand","embeddable":true,"href":"https:\/\/www.koupeltech.com\/index.php\/wp-json\/wp\/v2\/product_brand?post=72330"},{"taxonomy":"product_cat","embeddable":true,"href":"https:\/\/www.koupeltech.com\/index.php\/wp-json\/wp\/v2\/product_cat?post=72330"},{"taxonomy":"product_tag","embeddable":true,"href":"https:\/\/www.koupeltech.com\/index.php\/wp-json\/wp\/v2\/product_tag?post=72330"}],"curies":[{"name":"wp","href":"https:\/\/api.w.org\/{rel}","templated":true}]}}